{"id":119,"date":"2025-09-09T13:37:46","date_gmt":"2025-09-09T13:37:46","guid":{"rendered":"https:\/\/taxne.com\/about-us\/"},"modified":"2025-09-10T04:37:41","modified_gmt":"2025-09-10T04:37:41","slug":"about-us","status":"publish","type":"page","link":"https:\/\/taxne.com\/de\/uber-uns\/","title":{"rendered":"\u00dcber uns"},"content":{"rendered":"<div class=\"wp-block-uagb-container uagb-block-c83c7f3f alignfull uagb-is-root-container\"><div class=\"uagb-container-inner-blocks-wrap\">\n<div class=\"wp-block-uagb-advanced-heading uagb-block-7ce29fef\"><h1 class=\"uagb-heading-text\">\u00dcber uns<\/h1><\/div>\n<\/div><\/div>\n\n\n\n<div class=\"wp-block-uagb-container uagb-layout-grid uagb-block-f9b6823f alignfull uagb-is-root-container\"><div class=\"uagb-container-inner-blocks-wrap\">\n<div class=\"wp-block-uagb-advanced-heading uagb-block-f14391ff\"><h3 class=\"uagb-heading-text\"><strong>Markengeschichte<\/strong> :                                    <strong>Die Inspiration hinter Taxne: Wo Wissenschaft auf die Weisheit der Natur trifft<\/strong><\/h3><\/div>\n\n\n\n<div class=\"wp-block-uagb-info-box uagb-block-56808190 uagb-infobox__content-wrap  uagb-infobox-icon-above-title uagb-infobox-image-valign-top wp-block-uagb-info-box--has-margin\"><div class=\"uagb-infobox-margin-wrapper\"><div class=\"uagb-ifb-content\"><div class=\"uagb-ifb-title-wrap\"><\/div><p class=\"uagb-ifb-desc\">Unsere Geschichte beginnt mit einem der gr\u00f6\u00dften Wunder der Natur:&nbsp;<strong>Paclitaxel (\u7d2b\u6749\u9187)<\/strong>. Diese bahnbrechende Verbindung, die aus der alten pazifischen Eibe (Taxus) gewonnen wird, revolutionierte die moderne Medizin. Sie ist ein eindrucksvolles Zeugnis f\u00fcr die Idee, dass&nbsp;<strong>Die Natur ist der Schl\u00fcssel zu unserem Wohlbefinden<\/strong>.<br>Die Entdeckung von Paclitaxel hat uns inspiriert. Sie warf eine einfache, aber wichtige Frage auf: Wenn die Natur so tiefgreifende L\u00f6sungen f\u00fcr die Gesundheit bieten kann, welche zeitlosen Geheimnisse birgt sie dann f\u00fcr Sch\u00f6nheit und Pflege?<br>Diese Frage f\u00fchrte uns zum Kern der&nbsp;<strong>Traditionelle Chinesische Medizin (TCM)<\/strong>&nbsp;\u2013 ein jahrtausendealter Schatz an Kr\u00e4uterwissen. Bei&nbsp;<strong>Taxne<\/strong>Wir sehen uns als moderne Forscher. Wir ehren den Geist der wissenschaftlichen Entdeckungen, die zur Entdeckung von Paclitaxel gef\u00fchrt haben, indem wir diesem alten botanischen Wissen den gleichen Respekt entgegenbringen.<br>Unser Name,&nbsp;<strong>Taxne<\/strong>ist eine Hommage an diese Reise. Es spiegelt das wissenschaftliche Erbe des Taxus-Baumes wider und repr\u00e4sentiert gleichzeitig unsere Mission: die Nutzung&nbsp;<strong>Neue Energie aus Pflanzen<\/strong>&nbsp;f\u00fcr moderne Haarpflege.<br>Wir w\u00e4hlen sorgf\u00e4ltig wirksame chinesische Kr\u00e4uter aus, verwenden moderne Extraktionsmethoden, um ihre aktiven Essenzen zu gewinnen, und verarbeiten sie zu luxuri\u00f6sen, wirksamen Shampoo-Riegeln. Jeder Taxne-Riegel ist eine Fusion aus der Gro\u00dfz\u00fcgigkeit der Natur und wissenschaftlicher Hingabe.<br>Taxne ist mehr als nur sauberes Haar. Es ist ein&nbsp;<strong>wissenschaftliches Ritual f\u00fcr das Wohlbefinden der Kopfhaut<\/strong>, inspiriert von der raffiniertesten Apotheke der Natur.<\/p><div class=\"uagb-ifb-button-wrapper wp-block-button\"><a href=\"https:\/\/taxne.com\/de\/product-category\/herbs-soap\/\" class=\"uagb-infobox-cta-link wp-block-button__link\" target=\"_self\" rel=\"noopener noreferrer\" onclick=\"return true;\"><span class=\"uagb-inline-editing\">Mehr lesen<\/span><\/a><\/div><\/div><\/div><\/div>\n<\/div><\/div>\n\n\n\n<div class=\"wp-block-uagb-container uagb-block-9838c905 alignfull uagb-is-root-container\"><div class=\"uagb-container-inner-blocks-wrap\">\n<div class=\"wp-block-uagb-advanced-heading uagb-block-899619b6\"><h2 class=\"uagb-heading-text\"><strong>Taxne | Haarrituale mit Pflanzenkraft<\/strong><\/h2><p class=\"uagb-desc-text\"><strong>Unsere Philosophie<\/strong><br>Wir bei Taxne glauben an die intelligente Kraft der Pflanzen. Unsere Philosophie basiert auf drei S\u00e4ulen:<br><strong>Inspiriert von der Wissenschaft, verwurzelt in der Natur.<\/strong><br>Bahnbrechende wissenschaftliche Entdeckungen wie Paclitaxel lenken unseren Respekt vor dem Potenzial der Natur. Wir sind keine Wissenschaftler im Labor, sondern engagierte Kuratoren der besten Angebote der Natur f\u00fcr die Haarpflege.<br><strong>Die Reinheit der Wirksamkeit.<\/strong><br>Wir lehnen unn\u00f6tige F\u00fcllstoffe und aggressive Chemikalien ab. Jede Zutat in unseren Shampoo-Riegeln erf\u00fcllt einen Zweck und wirkt harmonisch zusammen, um Ihre Kopfhaut und Ihr Haar zu reinigen, zu pflegen und das Gleichgewicht wiederherzustellen.<br><strong>Moderne Rituale f\u00fcr alte Weisheit.<\/strong><br>Wir \u00fcbersetzen die tiefe Weisheit der TCM in einfache, luxuri\u00f6se und t\u00e4gliche Selbstpflegerituale, die sich nahtlos in das moderne Leben einf\u00fcgen.<br><strong>Unser Versprechen<\/strong><br>Wir versprechen, zu liefern\u00a0<strong>ehrlich, transparent und wirkungsvoll<\/strong>\u00a0Haarpflege auf pflanzlicher Basis. Wir setzen uns f\u00fcr nachhaltige Praktiken ein, von der Beschaffung bis zur Verpackung, denn der Respekt vor der Natur ist unser Kerngesch\u00e4ft.<br><strong>Wichtiger Haftungsausschluss:<\/strong><br>Taxne-Produkte stehen in keiner Verbindung zum pharmazeutischen Wirkstoff Paclitaxel und enthalten diesen auch nicht. Unsere Markengeschichte ist von der wissenschaftlichen Entdeckung von Paclitaxel und seiner nat\u00fcrlichen Herkunft inspiriert. Unsere Produkte sind kosmetischer Natur und dienen nicht der Diagnose, Behandlung, Heilung oder Vorbeugung von Krankheiten.<\/p><\/div>\n\n\n\n<div class=\"wp-block-uagb-image aligncenter uagb-block-f49f13f1 wp-block-uagb-image--layout-default wp-block-uagb-image--effect-static wp-block-uagb-image--align-center\"><figure class=\"wp-block-uagb-image__figure\"><img decoding=\"async\" srcset=\"https:\/\/taxne.com\/wp-content\/uploads\/2025\/09\/1-1024x768.jpg ,https:\/\/taxne.com\/wp-content\/uploads\/2025\/09\/1-scaled.jpg 780w, https:\/\/taxne.com\/wp-content\/uploads\/2025\/09\/1-scaled.jpg 360w\" sizes=\"auto, (max-width: 480px) 150px\" src=\"https:\/\/taxne.com\/wp-content\/uploads\/2025\/09\/1-1024x768.jpg\" alt=\"1\" class=\"uag-image-8261\" width=\"1024\" height=\"768\" title=\"1\" loading=\"lazy\" role=\"img\"\/><\/figure><\/div>\n\n\n\n<div class=\"wp-block-uagb-container uagb-layout-grid uagb-block-719d324d\">\n<div class=\"wp-block-uagb-advanced-heading uagb-block-49080780\"><p class=\"uagb-heading-text\"><strong>Inspiriert von der Wissenschaft, verwurzelt in der Natur.<\/strong><br>Bahnbrechende wissenschaftliche Entdeckungen wie Paclitaxel lenken unseren Respekt vor dem Potenzial der Natur. Wir sind keine Wissenschaftler im Labor, sondern engagierte Kuratoren der besten Angebote der Natur f\u00fcr die Haarpflege.<br><strong>Die Reinheit der Wirksamkeit.<\/strong><br>Wir lehnen unn\u00f6tige F\u00fcllstoffe und aggressive Chemikalien ab. Jede Zutat in unseren Shampoo-Riegeln erf\u00fcllt einen Zweck und wirkt harmonisch zusammen, um Ihre Kopfhaut und Ihr Haar zu reinigen, zu pflegen und das Gleichgewicht wiederherzustellen.<br><strong>Moderne Rituale f\u00fcr alte Weisheit.<\/strong><br>Wir \u00fcbersetzen die tiefe Weisheit der TCM in einfache, luxuri\u00f6se und t\u00e4gliche Selbstpflegerituale, die sich nahtlos in das moderne Leben einf\u00fcgen.<\/p><\/div>\n\n\n\n<div class=\"wp-block-uagb-advanced-heading uagb-block-67da4369\"><p class=\"uagb-heading-text\"><strong>Unser Versprechen<\/strong><br>Wir versprechen, zu liefern\u00a0<strong>ehrlich, transparent und wirkungsvoll<\/strong>\u00a0Haarpflege auf pflanzlicher Basis. Wir setzen uns f\u00fcr nachhaltige Praktiken ein, von der Beschaffung bis zur Verpackung, denn der Respekt vor der Natur ist unser Kerngesch\u00e4ft.<br><strong>Wichtiger Haftungsausschluss:<\/strong><br>Taxne-Produkte stehen in keiner Verbindung zum pharmazeutischen Wirkstoff Paclitaxel und enthalten diesen auch nicht. Unsere Markengeschichte ist von der wissenschaftlichen Entdeckung von Paclitaxel und seiner nat\u00fcrlichen Herkunft inspiriert. Unsere Produkte sind kosmetischer Natur und dienen nicht der Diagnose, Behandlung, Heilung oder Vorbeugung von Krankheiten.<\/p><\/div>\n<\/div>\n<\/div><\/div>\n\n\n\n<div class=\"wp-block-uagb-container uagb-block-b6050628 alignfull uagb-is-root-container\"><div class=\"uagb-container-inner-blocks-wrap\">\n<div class=\"wp-block-uagb-info-box uagb-block-ea68267b uagb-infobox__content-wrap  uagb-infobox-icon-above-title uagb-infobox-image-valign-top\"><div class=\"uagb-ifb-content\"><div class=\"uagb-ifb-title-wrap\"><h2 class=\"uagb-ifb-title\">Haben Sie genug von Haarausfall?&nbsp;<strong>Taxne | Haarrituale mit Pflanzenkraft<\/strong>!<\/h2><\/div><p class=\"uagb-ifb-desc\">Taxne ist mehr als nur sauberes Haar. Es ist ein&nbsp;<strong>wissenschaftliches Ritual f\u00fcr das Wohlbefinden der Kopfhaut<\/strong>, inspiriert von der raffiniertesten Apotheke der Natur.<\/p><div class=\"uagb-ifb-button-wrapper wp-block-button\"><a href=\"https:\/\/taxne.com\/de\/product-category\/herbs-soap\/\" class=\"uagb-infobox-cta-link wp-block-button__link\" target=\"_self\" rel=\"noopener noreferrer\" onclick=\"return true;\"><span class=\"uagb-inline-editing\">Zum Shop<\/span><\/a><\/div><\/div><\/div>\n<\/div><\/div>","protected":false},"excerpt":{"rendered":"<p>About Us Brand Story : The Inspiration Behind Taxne: Where Science Meets Nature&#8217;s Wisdom Taxne | Plant-Powered Hair Rituals Our PhilosophyAt Taxne, we believe in the intelligent power of plants. Our philosophy is built on three pillars:Inspired by Science, Rooted in Nature.We look to groundbreaking scientific discoveries, like Paclitaxel, to guide our respect for nature&#8217;s [&hellip;]<\/p>\n","protected":false},"author":1,"featured_media":0,"parent":0,"menu_order":0,"comment_status":"closed","ping_status":"closed","template":"","meta":{"_uag_custom_page_level_css":"","site-sidebar-layout":"default","site-content-layout":"plain-container","ast-site-content-layout":"full-width-container","site-content-style":"unboxed","site-sidebar-style":"unboxed","ast-global-header-display":"","ast-banner-title-visibility":"","ast-main-header-display":"","ast-hfb-above-header-display":"","ast-hfb-below-header-display":"","ast-hfb-mobile-header-display":"","site-post-title":"disabled","ast-breadcrumbs-content":"","ast-featured-img":"disabled","footer-sml-layout":"","ast-disable-related-posts":"","theme-transparent-header-meta":"enabled","adv-header-id-meta":"","stick-header-meta":"","header-above-stick-meta":"","header-main-stick-meta":"","header-below-stick-meta":"","astra-migrate-meta-layouts":"set","ast-page-background-enabled":"default","ast-page-background-meta":{"desktop":{"background-color":"","background-image":"","background-repeat":"repeat","background-position":"center center","background-size":"auto","background-attachment":"scroll","background-type":"","background-media":"","overlay-type":"","overlay-color":"","overlay-opacity":"","overlay-gradient":""},"tablet":{"background-color":"","background-image":"","background-repeat":"repeat","background-position":"center center","background-size":"auto","background-attachment":"scroll","background-type":"","background-media":"","overlay-type":"","overlay-color":"","overlay-opacity":"","overlay-gradient":""},"mobile":{"background-color":"","background-image":"","background-repeat":"repeat","background-position":"center center","background-size":"auto","background-attachment":"scroll","background-type":"","background-media":"","overlay-type":"","overlay-color":"","overlay-opacity":"","overlay-gradient":""}},"ast-content-background-meta":{"desktop":{"background-color":"var(--ast-global-color-5)","background-image":"","background-repeat":"repeat","background-position":"center center","background-size":"auto","background-attachment":"scroll","background-type":"","background-media":"","overlay-type":"","overlay-color":"","overlay-opacity":"","overlay-gradient":""},"tablet":{"background-color":"var(--ast-global-color-5)","background-image":"","background-repeat":"repeat","background-position":"center center","background-size":"auto","background-attachment":"scroll","background-type":"","background-media":"","overlay-type":"","overlay-color":"","overlay-opacity":"","overlay-gradient":""},"mobile":{"background-color":"var(--ast-global-color-5)","background-image":"","background-repeat":"repeat","background-position":"center center","background-size":"auto","background-attachment":"scroll","background-type":"","background-media":"","overlay-type":"","overlay-color":"","overlay-opacity":"","overlay-gradient":""}},"footnotes":""},"class_list":["post-119","page","type-page","status-publish","hentry"],"yoast_head":"<!-- This site is optimized with the Yoast SEO plugin v27.3 - https:\/\/yoast.com\/product\/yoast-seo-wordpress\/ -->\n<title>Taxne | Plant-Powered Hair &amp; Skin Care Inspired by Nature&#039;s Intelligence<\/title>\n<meta name=\"description\" content=\"At Taxne, we blend ancient botanical wisdom with modern science to create effective, sustainable care for hair &amp; skin. Discover our story, our natural ingredients, and our eco-conscious mission.\" \/>\n<meta name=\"robots\" content=\"index, follow, max-snippet:-1, max-image-preview:large, max-video-preview:-1\" \/>\n<link rel=\"canonical\" href=\"https:\/\/taxne.com\/de\/uber-uns\/\" \/>\n<meta property=\"og:locale\" content=\"de_DE\" \/>\n<meta property=\"og:type\" content=\"article\" \/>\n<meta property=\"og:title\" content=\"Taxne | Plant-Powered Hair &amp; Skin Care Inspired by Nature&#039;s Intelligence\" \/>\n<meta property=\"og:description\" content=\"At Taxne, we blend ancient botanical wisdom with modern science to create effective, sustainable care for hair &amp; skin. Discover our story, our natural ingredients, and our eco-conscious mission.\" \/>\n<meta property=\"og:url\" content=\"https:\/\/taxne.com\/de\/uber-uns\/\" \/>\n<meta property=\"article:modified_time\" content=\"2025-09-10T04:37:41+00:00\" \/>\n<meta property=\"og:image\" content=\"https:\/\/taxne.com\/wp-content\/uploads\/2025\/09\/1-1024x768.jpg\" \/>\n<meta name=\"twitter:card\" content=\"summary_large_image\" \/>\n<meta name=\"twitter:label1\" content=\"Gesch\u00e4tzte Lesezeit\" \/>\n\t<meta name=\"twitter:data1\" content=\"4\u00a0Minuten\" \/>\n<script type=\"application\/ld+json\" class=\"yoast-schema-graph\">{\"@context\":\"https:\\\/\\\/schema.org\",\"@graph\":[{\"@type\":\"WebPage\",\"@id\":\"https:\\\/\\\/taxne.com\\\/about-us\\\/\",\"url\":\"https:\\\/\\\/taxne.com\\\/about-us\\\/\",\"name\":\"Taxne | Plant-Powered Hair & Skin Care Inspired by Nature's Intelligence\",\"isPartOf\":{\"@id\":\"https:\\\/\\\/taxne.com\\\/#website\"},\"primaryImageOfPage\":{\"@id\":\"https:\\\/\\\/taxne.com\\\/about-us\\\/#primaryimage\"},\"image\":{\"@id\":\"https:\\\/\\\/taxne.com\\\/about-us\\\/#primaryimage\"},\"thumbnailUrl\":\"https:\\\/\\\/taxne.com\\\/wp-content\\\/uploads\\\/2025\\\/09\\\/1-1024x768.jpg\",\"datePublished\":\"2025-09-09T13:37:46+00:00\",\"dateModified\":\"2025-09-10T04:37:41+00:00\",\"description\":\"At Taxne, we blend ancient botanical wisdom with modern science to create effective, sustainable care for hair & skin. Discover our story, our natural ingredients, and our eco-conscious mission.\",\"breadcrumb\":{\"@id\":\"https:\\\/\\\/taxne.com\\\/about-us\\\/#breadcrumb\"},\"inLanguage\":\"de\",\"potentialAction\":[{\"@type\":\"ReadAction\",\"target\":[\"https:\\\/\\\/taxne.com\\\/about-us\\\/\"]}]},{\"@type\":\"ImageObject\",\"inLanguage\":\"de\",\"@id\":\"https:\\\/\\\/taxne.com\\\/about-us\\\/#primaryimage\",\"url\":\"https:\\\/\\\/taxne.com\\\/wp-content\\\/uploads\\\/2025\\\/09\\\/1-1024x768.jpg\",\"contentUrl\":\"https:\\\/\\\/taxne.com\\\/wp-content\\\/uploads\\\/2025\\\/09\\\/1-1024x768.jpg\"},{\"@type\":\"BreadcrumbList\",\"@id\":\"https:\\\/\\\/taxne.com\\\/about-us\\\/#breadcrumb\",\"itemListElement\":[{\"@type\":\"ListItem\",\"position\":1,\"name\":\"\u9996\u9875\",\"item\":\"https:\\\/\\\/taxne.com\\\/\"},{\"@type\":\"ListItem\",\"position\":2,\"name\":\"About Us\"}]},{\"@type\":\"WebSite\",\"@id\":\"https:\\\/\\\/taxne.com\\\/#website\",\"url\":\"https:\\\/\\\/taxne.com\\\/\",\"name\":\"taxne.com\",\"description\":\"\",\"publisher\":{\"@id\":\"https:\\\/\\\/taxne.com\\\/#organization\"},\"potentialAction\":[{\"@type\":\"SearchAction\",\"target\":{\"@type\":\"EntryPoint\",\"urlTemplate\":\"https:\\\/\\\/taxne.com\\\/?s={search_term_string}\"},\"query-input\":{\"@type\":\"PropertyValueSpecification\",\"valueRequired\":true,\"valueName\":\"search_term_string\"}}],\"inLanguage\":\"de\"},{\"@type\":\"Organization\",\"@id\":\"https:\\\/\\\/taxne.com\\\/#organization\",\"name\":\"taxne.com\",\"url\":\"https:\\\/\\\/taxne.com\\\/\",\"logo\":{\"@type\":\"ImageObject\",\"inLanguage\":\"de\",\"@id\":\"https:\\\/\\\/taxne.com\\\/#\\\/schema\\\/logo\\\/image\\\/\",\"url\":\"https:\\\/\\\/taxne.com\\\/wp-content\\\/uploads\\\/2025\\\/09\\\/cropped-logo.png\",\"contentUrl\":\"https:\\\/\\\/taxne.com\\\/wp-content\\\/uploads\\\/2025\\\/09\\\/cropped-logo.png\",\"width\":1027,\"height\":270,\"caption\":\"taxne.com\"},\"image\":{\"@id\":\"https:\\\/\\\/taxne.com\\\/#\\\/schema\\\/logo\\\/image\\\/\"}}]}<\/script>\n<!-- \/ Yoast SEO plugin. -->","yoast_head_json":{"title":"Taxne | Haar- und Hautpflege auf Pflanzenbasis, inspiriert von der Intelligenz der Natur","description":"Bei Taxne verbinden wir altes botanisches Wissen mit moderner Wissenschaft, um wirksame und nachhaltige Pflege f\u00fcr Haut und Haar zu entwickeln. Entdecken Sie unsere Geschichte, unsere nat\u00fcrlichen Inhaltsstoffe und unsere umweltbewusste Mission.","robots":{"index":"index","follow":"follow","max-snippet":"max-snippet:-1","max-image-preview":"max-image-preview:large","max-video-preview":"max-video-preview:-1"},"canonical":"https:\/\/taxne.com\/de\/uber-uns\/","og_locale":"de_DE","og_type":"article","og_title":"Taxne | Plant-Powered Hair & Skin Care Inspired by Nature's Intelligence","og_description":"At Taxne, we blend ancient botanical wisdom with modern science to create effective, sustainable care for hair & skin. Discover our story, our natural ingredients, and our eco-conscious mission.","og_url":"https:\/\/taxne.com\/de\/uber-uns\/","article_modified_time":"2025-09-10T04:37:41+00:00","og_image":[{"url":"https:\/\/taxne.com\/wp-content\/uploads\/2025\/09\/1-1024x768.jpg","type":"","width":"","height":""}],"twitter_card":"summary_large_image","twitter_misc":{"Gesch\u00e4tzte Lesezeit":"4\u00a0Minuten"},"schema":{"@context":"https:\/\/schema.org","@graph":[{"@type":"WebPage","@id":"https:\/\/taxne.com\/about-us\/","url":"https:\/\/taxne.com\/about-us\/","name":"Taxne | Haar- und Hautpflege auf Pflanzenbasis, inspiriert von der Intelligenz der Natur","isPartOf":{"@id":"https:\/\/taxne.com\/#website"},"primaryImageOfPage":{"@id":"https:\/\/taxne.com\/about-us\/#primaryimage"},"image":{"@id":"https:\/\/taxne.com\/about-us\/#primaryimage"},"thumbnailUrl":"https:\/\/taxne.com\/wp-content\/uploads\/2025\/09\/1-1024x768.jpg","datePublished":"2025-09-09T13:37:46+00:00","dateModified":"2025-09-10T04:37:41+00:00","description":"Bei Taxne verbinden wir altes botanisches Wissen mit moderner Wissenschaft, um wirksame und nachhaltige Pflege f\u00fcr Haut und Haar zu entwickeln. Entdecken Sie unsere Geschichte, unsere nat\u00fcrlichen Inhaltsstoffe und unsere umweltbewusste Mission.","breadcrumb":{"@id":"https:\/\/taxne.com\/about-us\/#breadcrumb"},"inLanguage":"de","potentialAction":[{"@type":"ReadAction","target":["https:\/\/taxne.com\/about-us\/"]}]},{"@type":"ImageObject","inLanguage":"de","@id":"https:\/\/taxne.com\/about-us\/#primaryimage","url":"https:\/\/taxne.com\/wp-content\/uploads\/2025\/09\/1-1024x768.jpg","contentUrl":"https:\/\/taxne.com\/wp-content\/uploads\/2025\/09\/1-1024x768.jpg"},{"@type":"BreadcrumbList","@id":"https:\/\/taxne.com\/about-us\/#breadcrumb","itemListElement":[{"@type":"ListItem","position":1,"name":"\u9996\u9875","item":"https:\/\/taxne.com\/"},{"@type":"ListItem","position":2,"name":"About Us"}]},{"@type":"WebSite","@id":"https:\/\/taxne.com\/#website","url":"https:\/\/taxne.com\/","name":"taxne.com","description":"","publisher":{"@id":"https:\/\/taxne.com\/#organization"},"potentialAction":[{"@type":"SearchAction","target":{"@type":"EntryPoint","urlTemplate":"https:\/\/taxne.com\/?s={search_term_string}"},"query-input":{"@type":"PropertyValueSpecification","valueRequired":true,"valueName":"search_term_string"}}],"inLanguage":"de"},{"@type":"Organization","@id":"https:\/\/taxne.com\/#organization","name":"taxne.com","url":"https:\/\/taxne.com\/","logo":{"@type":"ImageObject","inLanguage":"de","@id":"https:\/\/taxne.com\/#\/schema\/logo\/image\/","url":"https:\/\/taxne.com\/wp-content\/uploads\/2025\/09\/cropped-logo.png","contentUrl":"https:\/\/taxne.com\/wp-content\/uploads\/2025\/09\/cropped-logo.png","width":1027,"height":270,"caption":"taxne.com"},"image":{"@id":"https:\/\/taxne.com\/#\/schema\/logo\/image\/"}}]}},"uagb_featured_image_src":{"full":false,"thumbnail":false,"medium":false,"medium_large":false,"large":false,"1536x1536":false,"2048x2048":false,"trp-custom-language-flag":false,"woocommerce_thumbnail":false,"woocommerce_single":false,"woocommerce_gallery_thumbnail":false},"uagb_author_info":{"display_name":"tianke1223@gmail.com","author_link":"https:\/\/taxne.com\/de\/author\/tianke1223gmail-com\/"},"uagb_comment_info":0,"uagb_excerpt":"About Us Brand Story : The Inspiration Behind Taxne: Where Science Meets Nature&#8217;s Wisdom Taxne | Plant-Powered Hair Rituals Our PhilosophyAt Taxne, we believe in the intelligent power of plants. Our philosophy is built on three pillars:Inspired by Science, Rooted in Nature.We look to groundbreaking scientific discoveries, like Paclitaxel, to guide our respect for nature&#8217;s&hellip;","jetpack_sharing_enabled":true,"_links":{"self":[{"href":"https:\/\/taxne.com\/de\/wp-json\/wp\/v2\/pages\/119","targetHints":{"allow":["GET"]}}],"collection":[{"href":"https:\/\/taxne.com\/de\/wp-json\/wp\/v2\/pages"}],"about":[{"href":"https:\/\/taxne.com\/de\/wp-json\/wp\/v2\/types\/page"}],"author":[{"embeddable":true,"href":"https:\/\/taxne.com\/de\/wp-json\/wp\/v2\/users\/1"}],"replies":[{"embeddable":true,"href":"https:\/\/taxne.com\/de\/wp-json\/wp\/v2\/comments?post=119"}],"version-history":[{"count":8,"href":"https:\/\/taxne.com\/de\/wp-json\/wp\/v2\/pages\/119\/revisions"}],"predecessor-version":[{"id":8279,"href":"https:\/\/taxne.com\/de\/wp-json\/wp\/v2\/pages\/119\/revisions\/8279"}],"wp:attachment":[{"href":"https:\/\/taxne.com\/de\/wp-json\/wp\/v2\/media?parent=119"}],"curies":[{"name":"wp","href":"https:\/\/api.w.org\/{rel}","templated":true}]}}