{"id":2120,"date":"2024-07-15T03:49:45","date_gmt":"2024-07-15T03:49:45","guid":{"rendered":"https:\/\/taxne.com\/?page_id=2120"},"modified":"2025-09-10T09:19:23","modified_gmt":"2025-09-10T09:19:23","slug":"terms-and-conditions","status":"publish","type":"page","link":"https:\/\/taxne.com\/de\/geschaftsbedingungen\/","title":{"rendered":"Gesch\u00e4ftsbedingungen"},"content":{"rendered":"<h3 class=\"wp-block-heading\">Gesch\u00e4ftsbedingungen<\/h3>\n\n\n\n<p>Willkommen bei Taxne.com!<\/p>\n\n\n\n<p>Diese Allgemeinen Gesch\u00e4ftsbedingungen legen die Regeln und Vorschriften f\u00fcr die Nutzung der Taxne-Website fest, die sich unter <a target=\"_blank\" href=\"https:\/\/snow-horse-669139.builder-preview.com\/\" rel=\"noreferrer noopener\">https:\/\/taxne.com<\/a>.<\/p>\n\n\n\n<p>Mit dem Zugriff auf diese Website akzeptieren Sie diese Allgemeinen Gesch\u00e4ftsbedingungen. Nutzen Sie Taxne.com nicht weiter, wenn Sie nicht mit allen auf dieser Seite aufgef\u00fchrten Bedingungen einverstanden sind.<\/p>\n\n\n\n<h6 class=\"wp-block-heading\">Kekse:<\/h6>\n\n\n\n<p>Die Website verwendet Cookies, um Ihr Online-Erlebnis zu personalisieren. Durch den Zugriff auf Taxne.com haben Sie der Verwendung der erforderlichen Cookies zugestimmt.<\/p>\n\n\n\n<p>Ein Cookie ist eine Textdatei, die von einem Webseitenserver auf Ihrer Festplatte abgelegt wird. Cookies k\u00f6nnen nicht zum Ausf\u00fchren von Programmen oder zum \u00dcbertragen von Viren auf Ihren Computer verwendet werden. Cookies sind Ihnen eindeutig zugeordnet und k\u00f6nnen nur von einem Webserver in der Dom\u00e4ne gelesen werden, die das Cookie an Sie ausgegeben hat.<\/p>\n\n\n\n<p>Wir k\u00f6nnen Cookies verwenden, um Informationen f\u00fcr statistische oder Marketingzwecke zum Betrieb unserer Website zu sammeln, zu speichern und zu verfolgen. Sie haben die M\u00f6glichkeit, optionale Cookies zu akzeptieren oder abzulehnen. Einige erforderliche Cookies sind f\u00fcr den Betrieb unserer Website erforderlich. Diese Cookies erfordern nicht Ihre Zustimmung, da sie immer funktionieren. Bitte beachten Sie, dass Sie mit der Annahme der erforderlichen Cookies auch Cookies von Drittanbietern akzeptieren, die m\u00f6glicherweise \u00fcber Dienste von Drittanbietern verwendet werden, wenn Sie solche Dienste auf unserer Website nutzen, z. B. ein von Drittanbietern bereitgestelltes und in unsere Website integriertes Videoanzeigefenster.<\/p>\n\n\n\n<h6 class=\"wp-block-heading\">Lizenz:<\/h6>\n\n\n\n<p>Sofern nicht anders angegeben, besitzen Taxne und\/oder seine Lizenzgeber die geistigen Eigentumsrechte f\u00fcr alle Materialien auf Taxne.com. Alle geistigen Eigentumsrechte sind vorbehalten. Sie k\u00f6nnen von Taxne.com aus f\u00fcr Ihren pers\u00f6nlichen Gebrauch auf diese Inhalte zugreifen, vorbehaltlich der in diesen Allgemeinen Gesch\u00e4ftsbedingungen festgelegten Einschr\u00e4nkungen.<\/p>\n\n\n\n<p>Sie d\u00fcrfen nicht:<\/p>\n\n\n\n<ul class=\"wp-block-list\">\n<li>Kopieren oder erneut ver\u00f6ffentlichen Sie Material von Taxne.com<\/li>\n\n\n\n<li>Verkaufen, vermieten oder unterlizenzieren Sie Material von Taxne.com<\/li>\n\n\n\n<li>Reproduzieren, duplizieren oder kopieren Sie Material von Taxne.com<\/li>\n\n\n\n<li>Inhalte von Taxne.com weiterverbreiten<\/li>\n<\/ul>\n\n\n\n<p>Diese Vereinbarung tritt mit dem heutigen Datum in Kraft.<\/p>\n\n\n\n<p>Teile dieser Website bieten Benutzern die M\u00f6glichkeit, in bestimmten Bereichen der Website Meinungen und Informationen zu ver\u00f6ffentlichen und auszutauschen. Taxne filtert, bearbeitet, ver\u00f6ffentlicht oder \u00fcberpr\u00fcft Kommentare nicht, bevor sie auf der Website erscheinen. Kommentare spiegeln nicht die Ansichten und Meinungen von Taxne, seinen Vertretern und\/oder verbundenen Unternehmen wider. Kommentare spiegeln die Ansichten und Meinungen der Person wider, die ihre Ansichten und Meinungen ver\u00f6ffentlicht. Soweit nach geltendem Recht zul\u00e4ssig, haftet Taxne nicht f\u00fcr die Kommentare oder jegliche Haftung, Sch\u00e4den oder Kosten, die durch die Nutzung und\/oder Ver\u00f6ffentlichung und\/oder das Erscheinen der Kommentare auf dieser Website verursacht und\/oder erlitten werden.<\/p>\n\n\n\n<p>Taxne beh\u00e4lt sich das Recht vor, alle Kommentare zu \u00fcberwachen und alle Kommentare zu entfernen, die als unangemessen oder beleidigend angesehen werden k\u00f6nnen oder einen Versto\u00df gegen diese Allgemeinen Gesch\u00e4ftsbedingungen darstellen.<\/p>\n\n\n\n<p>Sie garantieren und vertreten, dass:<\/p>\n\n\n\n<ul class=\"wp-block-list\">\n<li>Sie sind berechtigt, die Kommentare auf unserer Website zu ver\u00f6ffentlichen und verf\u00fcgen \u00fcber alle erforderlichen Lizenzen und Zustimmungen dazu.<\/li>\n\n\n\n<li>Die Kommentare verletzen keine geistigen Eigentumsrechte, einschlie\u00dflich, aber nicht beschr\u00e4nkt auf Urheberrechte, Patente oder Markenrechte Dritter;<\/li>\n\n\n\n<li>Die Kommentare enthalten kein diffamierendes, verleumderisches, beleidigendes, unanst\u00e4ndiges oder anderweitig rechtswidriges Material, das einen Eingriff in die Privatsph\u00e4re darstellt.<\/li>\n\n\n\n<li>Die Kommentare werden nicht verwendet, um Gesch\u00e4fte oder Br\u00e4uche anzuwerben oder zu f\u00f6rdern oder kommerzielle Aktivit\u00e4ten oder rechtswidrige Aktivit\u00e4ten darzustellen.<\/li>\n<\/ul>\n\n\n\n<p>Sie gew\u00e4hren Taxne hiermit eine nicht exklusive Lizenz zur Nutzung, Vervielf\u00e4ltigung und Bearbeitung Ihrer Kommentare und zur Erm\u00e4chtigung anderer zur Nutzung, Vervielf\u00e4ltigung und Bearbeitung in allen Formen, Formaten und Medien.<\/p>\n\n\n\n<h6 class=\"wp-block-heading\">Hyperlinks zu unseren Inhalten:<\/h6>\n\n\n\n<p>Die folgenden Organisationen d\u00fcrfen ohne vorherige schriftliche Genehmigung auf unsere Website verlinken:<\/p>\n\n\n\n<ul class=\"wp-block-list\">\n<li>Regierungsbeh\u00f6rden;<\/li>\n\n\n\n<li>Suchmaschinen;<\/li>\n\n\n\n<li>Nachrichtenorganisationen;<\/li>\n\n\n\n<li>Online-Verzeichnisverteiler k\u00f6nnen auf unsere Website auf dieselbe Weise verlinken, wie sie Hyperlinks zu den Websites anderer gelisteter Unternehmen erstellen.<\/li>\n\n\n\n<li>Systemweit akkreditierte Unternehmen, ausgenommen werbende gemeinn\u00fctzige Organisationen, Charity-Einkaufszentren und Wohlt\u00e4tigkeits-Spendengruppen, die keine Hyperlinks zu unserer Website setzen d\u00fcrfen.<\/li>\n<\/ul>\n\n\n\n<p>Diese Organisationen d\u00fcrfen auf unsere Homepage, auf Ver\u00f6ffentlichungen oder auf andere Informationen auf der Website verlinken, solange der Link: (a) in keiner Weise irref\u00fchrend ist; (b) nicht f\u00e4lschlicherweise eine F\u00f6rderung, Unterst\u00fctzung oder Billigung der verweisenden Partei und ihrer Produkte und\/oder Dienstleistungen impliziert; und (c) in den Kontext der Website der verweisenden Partei passt.<\/p>\n\n\n\n<p>Wir k\u00f6nnen andere Linkanfragen von den folgenden Arten von Organisationen pr\u00fcfen und genehmigen:<\/p>\n\n\n\n<ul class=\"wp-block-list\">\n<li>Allgemein bekannte Verbraucher- und\/oder Gesch\u00e4ftsinformationsquellen;<\/li>\n\n\n\n<li><a href=\"http:\/\/dot.com\/\" target=\"_blank\" rel=\"noreferrer noopener\">Dot.com<\/a> Community-Sites;<\/li>\n\n\n\n<li>Verb\u00e4nde oder andere Gruppen, die Wohlt\u00e4tigkeitsorganisationen vertreten;<\/li>\n\n\n\n<li>Online-Verzeichnisverteiler;<\/li>\n\n\n\n<li>Internetportale;<\/li>\n\n\n\n<li>Wirtschaftspr\u00fcfungs-, Rechts- und Beratungsunternehmen; und<\/li>\n\n\n\n<li>Bildungseinrichtungen und Berufsverb\u00e4nde.<\/li>\n<\/ul>\n\n\n\n<p>Wir werden Linkanfragen dieser Organisationen genehmigen, wenn wir entscheiden, dass: (a) der Link kein schlechtes Licht auf uns oder unsere akkreditierten Unternehmen werfen w\u00fcrde; (b) die Organisation keine negativen Aufzeichnungen bei uns hat; (c) der Nutzen, den wir aus der Sichtbarkeit des Hyperlinks ziehen, das Fehlen von Taxne ausgleicht; und (d) der Link im Kontext allgemeiner Ressourceninformationen steht.<\/p>\n\n\n\n<p>Diese Organisationen d\u00fcrfen auf unsere Homepage verlinken, solange der Link: (a) in keiner Weise irref\u00fchrend ist; (b) nicht f\u00e4lschlicherweise eine F\u00f6rderung, Unterst\u00fctzung oder Billigung der verweisenden Partei und ihrer Produkte oder Dienstleistungen impliziert; und (c) in den Kontext der Site der verweisenden Partei passt.<\/p>\n\n\n\n<p>Wenn Sie eine der in Absatz 2 genannten Organisationen sind und an einer Verlinkung zu unserer Website interessiert sind, teilen Sie uns dies bitte per E-Mail an Taxne mit. Bitte geben Sie Ihren Namen, den Namen Ihrer Organisation, Ihre Kontaktdaten sowie die URL Ihrer Website, eine Liste aller URLs, von denen Sie auf unsere Website verlinken m\u00f6chten, und eine Liste der URLs auf unserer Website an, auf die Sie verlinken m\u00f6chten. Sie erhalten innerhalb von 2-3 Wochen eine Antwort.<\/p>\n\n\n\n<p>Zugelassene Organisationen k\u00f6nnen wie folgt auf unsere Website verlinken:<\/p>\n\n\n\n<ul class=\"wp-block-list\">\n<li>Durch die Verwendung unseres Firmennamens; oder<\/li>\n\n\n\n<li>Durch Verwendung des Uniform Resource Locators, auf den verwiesen wird; oder<\/li>\n\n\n\n<li>Verwenden Sie eine andere Beschreibung unserer Website, auf die verlinkt wird, die im Kontext und Format des Inhalts auf der Website der verweisenden Partei sinnvoll ist.<\/li>\n<\/ul>\n\n\n\n<p>Die Verwendung des Logos oder anderer Grafiken von Taxne zum Verlinken ist ohne eine Markenlizenzvereinbarung nicht gestattet.<\/p>\n\n\n\n<h6 class=\"wp-block-heading\">Haftung f\u00fcr Inhalte:<\/h6>\n\n\n\n<p>Wir \u00fcbernehmen keine Verantwortung f\u00fcr Inhalte auf Ihrer Website. Sie verpflichten sich, uns vor allen Anspr\u00fcchen zu sch\u00fctzen, die auf Ihrer Website geltend gemacht werden. Auf keiner Website d\u00fcrfen Links erscheinen, die als verleumderisch, obsz\u00f6n oder kriminell ausgelegt werden k\u00f6nnen oder die Rechte Dritter verletzen, anderweitig verletzen oder deren Verletzung oder sonstige Verletzung bef\u00fcrworten.<\/p>\n\n\n\n<h6 class=\"wp-block-heading\">Vorbehalt von Rechten:<\/h6>\n\n\n\n<p>Wir behalten uns das Recht vor, Sie aufzufordern, alle Links oder einzelne Links zu unserer Website zu entfernen. Sie erkl\u00e4ren sich damit einverstanden, alle Links zu unserer Website auf Anfrage umgehend zu entfernen. Wir behalten uns au\u00dferdem das Recht vor, diese Allgemeinen Gesch\u00e4ftsbedingungen und die Verlinkungsrichtlinien jederzeit zu \u00e4ndern. Indem Sie weiterhin auf unsere Website verlinken, erkl\u00e4ren Sie sich mit diesen Verlinkungsbedingungen einverstanden und verpflichten sich, diese einzuhalten.<\/p>\n\n\n\n<h6 class=\"wp-block-heading\">Entfernung von Links von unserer Website:<\/h6>\n\n\n\n<p>Sollten Sie auf unserer Website einen Link finden, der Ihnen aus irgendeinem Grund anst\u00f6\u00dfig erscheint, k\u00f6nnen Sie uns jederzeit kontaktieren und informieren. Wir pr\u00fcfen Anfragen zur Entfernung von Links, sind jedoch nicht dazu verpflichtet oder m\u00fcssen Ihnen direkt antworten.<\/p>\n\n\n\n<p>Wir \u00fcbernehmen keine Gew\u00e4hr f\u00fcr die Richtigkeit der Informationen auf dieser Website. Wir \u00fcbernehmen keine Garantie f\u00fcr deren Vollst\u00e4ndigkeit oder Richtigkeit und versprechen auch nicht, dass die Website verf\u00fcgbar bleibt oder das Material auf der Website auf dem neuesten Stand gehalten wird.<\/p>\n\n\n\n<h6 class=\"wp-block-heading\">Haftungsausschluss:<\/h6>\n\n\n\n<p>Soweit nach geltendem Recht zul\u00e4ssig, schlie\u00dfen wir alle Zusicherungen, Gew\u00e4hrleistungen und Bedingungen in Bezug auf unsere Website und deren Nutzung aus. Dieser Haftungsausschluss hat keine Auswirkungen auf:<\/p>\n\n\n\n<ul class=\"wp-block-list\">\n<li>Beschr\u00e4nken oder schlie\u00dfen Sie unsere oder Ihre Haftung f\u00fcr Tod oder Personensch\u00e4den aus;<\/li>\n\n\n\n<li>Begrenzen oder schlie\u00dfen Sie unsere oder Ihre Haftung f\u00fcr Betrug oder betr\u00fcgerische Falschdarstellung aus;<\/li>\n\n\n\n<li>Beschr\u00e4nken Sie unsere oder Ihre Haftung in einer Weise, die nach geltendem Recht nicht zul\u00e4ssig ist; oder<\/li>\n\n\n\n<li>Schlie\u00dfen Sie jegliche unserer oder Ihrer Haftungen aus, die nach geltendem Recht nicht ausgeschlossen werden k\u00f6nnen.<\/li>\n<\/ul>\n\n\n\n<p>Die in diesem Abschnitt und an anderer Stelle in diesem Haftungsausschluss festgelegten Haftungsbeschr\u00e4nkungen und -verbote: (a) unterliegen dem vorhergehenden Absatz; und (b) regeln alle Haftungen, die sich aus dem Haftungsausschluss ergeben, einschlie\u00dflich der Haftung aus Vertrag, unerlaubter Handlung und Verletzung gesetzlicher Pflichten.<\/p>\n\n\n\n<p>Solange die Website und die Informationen und Dienste auf der Website kostenlos zur Verf\u00fcgung gestellt werden, haften wir nicht f\u00fcr Verluste oder Sch\u00e4den jeglicher Art.<\/p>","protected":false},"excerpt":{"rendered":"<p>Terms and Conditions Welcome to Taxne.com! These terms and conditions outline the rules and regulations for the use of Taxne&#8217;s Website, located at https:\/\/taxne.com. By accessing this website, we assume you accept these terms and conditions. Do not continue to use Taxne.com if you do not agree to take all of the terms and conditions [&hellip;]<\/p>\n","protected":false},"author":1,"featured_media":0,"parent":0,"menu_order":0,"comment_status":"closed","ping_status":"closed","template":"","meta":{"_uag_custom_page_level_css":"","site-sidebar-layout":"default","site-content-layout":"","ast-site-content-layout":"default","site-content-style":"default","site-sidebar-style":"default","ast-global-header-display":"","ast-banner-title-visibility":"","ast-main-header-display":"","ast-hfb-above-header-display":"","ast-hfb-below-header-display":"","ast-hfb-mobile-header-display":"","site-post-title":"","ast-breadcrumbs-content":"","ast-featured-img":"","footer-sml-layout":"","ast-disable-related-posts":"","theme-transparent-header-meta":"","adv-header-id-meta":"","stick-header-meta":"","header-above-stick-meta":"","header-main-stick-meta":"","header-below-stick-meta":"","astra-migrate-meta-layouts":"set","ast-page-background-enabled":"default","ast-page-background-meta":{"desktop":{"background-color":"","background-image":"","background-repeat":"repeat","background-position":"center center","background-size":"auto","background-attachment":"scroll","background-type":"","background-media":"","overlay-type":"","overlay-color":"","overlay-opacity":"","overlay-gradient":""},"tablet":{"background-color":"","background-image":"","background-repeat":"repeat","background-position":"center center","background-size":"auto","background-attachment":"scroll","background-type":"","background-media":"","overlay-type":"","overlay-color":"","overlay-opacity":"","overlay-gradient":""},"mobile":{"background-color":"","background-image":"","background-repeat":"repeat","background-position":"center center","background-size":"auto","background-attachment":"scroll","background-type":"","background-media":"","overlay-type":"","overlay-color":"","overlay-opacity":"","overlay-gradient":""}},"ast-content-background-meta":{"desktop":{"background-color":"var(--ast-global-color-5)","background-image":"","background-repeat":"repeat","background-position":"center center","background-size":"auto","background-attachment":"scroll","background-type":"","background-media":"","overlay-type":"","overlay-color":"","overlay-opacity":"","overlay-gradient":""},"tablet":{"background-color":"var(--ast-global-color-5)","background-image":"","background-repeat":"repeat","background-position":"center center","background-size":"auto","background-attachment":"scroll","background-type":"","background-media":"","overlay-type":"","overlay-color":"","overlay-opacity":"","overlay-gradient":""},"mobile":{"background-color":"var(--ast-global-color-5)","background-image":"","background-repeat":"repeat","background-position":"center center","background-size":"auto","background-attachment":"scroll","background-type":"","background-media":"","overlay-type":"","overlay-color":"","overlay-opacity":"","overlay-gradient":""}},"footnotes":""},"class_list":["post-2120","page","type-page","status-publish","hentry"],"yoast_head":"<!-- This site is optimized with the Yoast SEO plugin v27.4 - https:\/\/yoast.com\/product\/yoast-seo-wordpress\/ -->\n<title>Terms and Conditions | Governing Use of Taxne Website &amp; Services<\/title>\n<meta name=\"description\" content=\"Review Taxne&#039;s Terms and Conditions outlining user rights, responsibilities, and policies for website use, purchases, and intellectual property. Stay informed about our legal guidelines.\" \/>\n<meta name=\"robots\" content=\"index, follow, max-snippet:-1, max-image-preview:large, max-video-preview:-1\" \/>\n<link rel=\"canonical\" href=\"https:\/\/taxne.com\/de\/geschaftsbedingungen\/\" \/>\n<meta property=\"og:locale\" content=\"de_DE\" \/>\n<meta property=\"og:type\" content=\"article\" \/>\n<meta property=\"og:title\" content=\"Terms and Conditions | Governing Use of Taxne Website &amp; Services\" \/>\n<meta property=\"og:description\" content=\"Review Taxne&#039;s Terms and Conditions outlining user rights, responsibilities, and policies for website use, purchases, and intellectual property. Stay informed about our legal guidelines.\" \/>\n<meta property=\"og:url\" content=\"https:\/\/taxne.com\/de\/geschaftsbedingungen\/\" \/>\n<meta property=\"article:modified_time\" content=\"2025-09-10T09:19:23+00:00\" \/>\n<meta name=\"twitter:card\" content=\"summary_large_image\" \/>\n<meta name=\"twitter:label1\" content=\"Gesch\u00e4tzte Lesezeit\" \/>\n\t<meta name=\"twitter:data1\" content=\"8\u00a0Minuten\" \/>\n<script type=\"application\/ld+json\" class=\"yoast-schema-graph\">{\"@context\":\"https:\\\/\\\/schema.org\",\"@graph\":[{\"@type\":\"WebPage\",\"@id\":\"https:\\\/\\\/taxne.com\\\/terms-and-conditions\\\/\",\"url\":\"https:\\\/\\\/taxne.com\\\/terms-and-conditions\\\/\",\"name\":\"Terms and Conditions | Governing Use of Taxne Website & Services\",\"isPartOf\":{\"@id\":\"https:\\\/\\\/taxne.com\\\/#website\"},\"datePublished\":\"2024-07-15T03:49:45+00:00\",\"dateModified\":\"2025-09-10T09:19:23+00:00\",\"description\":\"Review Taxne's Terms and Conditions outlining user rights, responsibilities, and policies for website use, purchases, and intellectual property. Stay informed about our legal guidelines.\",\"breadcrumb\":{\"@id\":\"https:\\\/\\\/taxne.com\\\/terms-and-conditions\\\/#breadcrumb\"},\"inLanguage\":\"de\",\"potentialAction\":[{\"@type\":\"ReadAction\",\"target\":[\"https:\\\/\\\/taxne.com\\\/terms-and-conditions\\\/\"]}]},{\"@type\":\"BreadcrumbList\",\"@id\":\"https:\\\/\\\/taxne.com\\\/terms-and-conditions\\\/#breadcrumb\",\"itemListElement\":[{\"@type\":\"ListItem\",\"position\":1,\"name\":\"\u9996\u9875\",\"item\":\"https:\\\/\\\/taxne.com\\\/\"},{\"@type\":\"ListItem\",\"position\":2,\"name\":\"Terms and Conditions\"}]},{\"@type\":\"WebSite\",\"@id\":\"https:\\\/\\\/taxne.com\\\/#website\",\"url\":\"https:\\\/\\\/taxne.com\\\/\",\"name\":\"taxne.com\",\"description\":\"\",\"publisher\":{\"@id\":\"https:\\\/\\\/taxne.com\\\/#organization\"},\"potentialAction\":[{\"@type\":\"SearchAction\",\"target\":{\"@type\":\"EntryPoint\",\"urlTemplate\":\"https:\\\/\\\/taxne.com\\\/?s={search_term_string}\"},\"query-input\":{\"@type\":\"PropertyValueSpecification\",\"valueRequired\":true,\"valueName\":\"search_term_string\"}}],\"inLanguage\":\"de\"},{\"@type\":\"Organization\",\"@id\":\"https:\\\/\\\/taxne.com\\\/#organization\",\"name\":\"taxne.com\",\"url\":\"https:\\\/\\\/taxne.com\\\/\",\"logo\":{\"@type\":\"ImageObject\",\"inLanguage\":\"de\",\"@id\":\"https:\\\/\\\/taxne.com\\\/#\\\/schema\\\/logo\\\/image\\\/\",\"url\":\"https:\\\/\\\/taxne.com\\\/wp-content\\\/uploads\\\/2025\\\/09\\\/cropped-logo.png\",\"contentUrl\":\"https:\\\/\\\/taxne.com\\\/wp-content\\\/uploads\\\/2025\\\/09\\\/cropped-logo.png\",\"width\":1027,\"height\":270,\"caption\":\"taxne.com\"},\"image\":{\"@id\":\"https:\\\/\\\/taxne.com\\\/#\\\/schema\\\/logo\\\/image\\\/\"}}]}<\/script>\n<!-- \/ Yoast SEO plugin. -->","yoast_head_json":{"title":"Allgemeine Gesch\u00e4ftsbedingungen | Nutzung der Taxne-Website und -Dienste","description":"Lesen Sie die Allgemeinen Gesch\u00e4ftsbedingungen von Taxne, in denen die Rechte, Pflichten und Richtlinien der Benutzer zur Website-Nutzung, zu K\u00e4ufen und zum geistigen Eigentum aufgef\u00fchrt sind. Bleiben Sie \u00fcber unsere rechtlichen Richtlinien informiert.","robots":{"index":"index","follow":"follow","max-snippet":"max-snippet:-1","max-image-preview":"max-image-preview:large","max-video-preview":"max-video-preview:-1"},"canonical":"https:\/\/taxne.com\/de\/geschaftsbedingungen\/","og_locale":"de_DE","og_type":"article","og_title":"Terms and Conditions | Governing Use of Taxne Website & Services","og_description":"Review Taxne's Terms and Conditions outlining user rights, responsibilities, and policies for website use, purchases, and intellectual property. Stay informed about our legal guidelines.","og_url":"https:\/\/taxne.com\/de\/geschaftsbedingungen\/","article_modified_time":"2025-09-10T09:19:23+00:00","twitter_card":"summary_large_image","twitter_misc":{"Gesch\u00e4tzte Lesezeit":"8\u00a0Minuten"},"schema":{"@context":"https:\/\/schema.org","@graph":[{"@type":"WebPage","@id":"https:\/\/taxne.com\/terms-and-conditions\/","url":"https:\/\/taxne.com\/terms-and-conditions\/","name":"Allgemeine Gesch\u00e4ftsbedingungen | Nutzung der Taxne-Website und -Dienste","isPartOf":{"@id":"https:\/\/taxne.com\/#website"},"datePublished":"2024-07-15T03:49:45+00:00","dateModified":"2025-09-10T09:19:23+00:00","description":"Lesen Sie die Allgemeinen Gesch\u00e4ftsbedingungen von Taxne, in denen die Rechte, Pflichten und Richtlinien der Benutzer zur Website-Nutzung, zu K\u00e4ufen und zum geistigen Eigentum aufgef\u00fchrt sind. Bleiben Sie \u00fcber unsere rechtlichen Richtlinien informiert.","breadcrumb":{"@id":"https:\/\/taxne.com\/terms-and-conditions\/#breadcrumb"},"inLanguage":"de","potentialAction":[{"@type":"ReadAction","target":["https:\/\/taxne.com\/terms-and-conditions\/"]}]},{"@type":"BreadcrumbList","@id":"https:\/\/taxne.com\/terms-and-conditions\/#breadcrumb","itemListElement":[{"@type":"ListItem","position":1,"name":"\u9996\u9875","item":"https:\/\/taxne.com\/"},{"@type":"ListItem","position":2,"name":"Terms and Conditions"}]},{"@type":"WebSite","@id":"https:\/\/taxne.com\/#website","url":"https:\/\/taxne.com\/","name":"taxne.com","description":"","publisher":{"@id":"https:\/\/taxne.com\/#organization"},"potentialAction":[{"@type":"SearchAction","target":{"@type":"EntryPoint","urlTemplate":"https:\/\/taxne.com\/?s={search_term_string}"},"query-input":{"@type":"PropertyValueSpecification","valueRequired":true,"valueName":"search_term_string"}}],"inLanguage":"de"},{"@type":"Organization","@id":"https:\/\/taxne.com\/#organization","name":"taxne.com","url":"https:\/\/taxne.com\/","logo":{"@type":"ImageObject","inLanguage":"de","@id":"https:\/\/taxne.com\/#\/schema\/logo\/image\/","url":"https:\/\/taxne.com\/wp-content\/uploads\/2025\/09\/cropped-logo.png","contentUrl":"https:\/\/taxne.com\/wp-content\/uploads\/2025\/09\/cropped-logo.png","width":1027,"height":270,"caption":"taxne.com"},"image":{"@id":"https:\/\/taxne.com\/#\/schema\/logo\/image\/"}}]}},"uagb_featured_image_src":{"full":false,"thumbnail":false,"medium":false,"medium_large":false,"large":false,"1536x1536":false,"2048x2048":false,"trp-custom-language-flag":false,"woocommerce_thumbnail":false,"woocommerce_single":false,"woocommerce_gallery_thumbnail":false},"uagb_author_info":{"display_name":"tianke1223@gmail.com","author_link":"https:\/\/taxne.com\/de\/author\/tianke1223gmail-com\/"},"uagb_comment_info":0,"uagb_excerpt":"Terms and Conditions Welcome to Taxne.com! These terms and conditions outline the rules and regulations for the use of Taxne&#8217;s Website, located at https:\/\/taxne.com. By accessing this website, we assume you accept these terms and conditions. Do not continue to use Taxne.com if you do not agree to take all of the terms and conditions&hellip;","jetpack_sharing_enabled":true,"_links":{"self":[{"href":"https:\/\/taxne.com\/de\/wp-json\/wp\/v2\/pages\/2120","targetHints":{"allow":["GET"]}}],"collection":[{"href":"https:\/\/taxne.com\/de\/wp-json\/wp\/v2\/pages"}],"about":[{"href":"https:\/\/taxne.com\/de\/wp-json\/wp\/v2\/types\/page"}],"author":[{"embeddable":true,"href":"https:\/\/taxne.com\/de\/wp-json\/wp\/v2\/users\/1"}],"replies":[{"embeddable":true,"href":"https:\/\/taxne.com\/de\/wp-json\/wp\/v2\/comments?post=2120"}],"version-history":[{"count":2,"href":"https:\/\/taxne.com\/de\/wp-json\/wp\/v2\/pages\/2120\/revisions"}],"predecessor-version":[{"id":2122,"href":"https:\/\/taxne.com\/de\/wp-json\/wp\/v2\/pages\/2120\/revisions\/2122"}],"wp:attachment":[{"href":"https:\/\/taxne.com\/de\/wp-json\/wp\/v2\/media?parent=2120"}],"curies":[{"name":"wp","href":"https:\/\/api.w.org\/{rel}","templated":true}]}}