{"id":2123,"date":"2024-07-15T03:51:33","date_gmt":"2024-07-15T03:51:33","guid":{"rendered":"https:\/\/taxne.com\/?page_id=2123"},"modified":"2025-09-10T09:07:15","modified_gmt":"2025-09-10T09:07:15","slug":"payment-policy","status":"publish","type":"page","link":"https:\/\/taxne.com\/de\/zahlungspolitik\/","title":{"rendered":"Zahlungspolitik"},"content":{"rendered":"<p>BEZAHLVERFAHREN<\/p>\n\n\n\n<p>Wir akzeptieren Visa, MasterCard und American Express.<\/p>\n\n\n\n<p>Sie k\u00f6nnen auch mit PayPal bezahlen. Wenn Sie diese Option beim Bezahlvorgang ausw\u00e4hlen, werden Sie zur PayPal-Website weitergeleitet, um Ihren Einkauf abzuschlie\u00dfen, bevor Sie zur\u00fcckkehren zu <a target=\"_blank\" href=\"https:\/\/taxne.com\/de\/\" rel=\"noreferrer noopener\">Taxne.com<\/a><a target=\"_blank\" href=\"http:\/\/diabeticbuy.com\/\" rel=\"noreferrer noopener\">.<\/a><\/p>\n\n\n\n<p><a target=\"_blank\" href=\"http:\/\/diabetesbuy.com\/\" rel=\"noreferrer noopener\">Wenn die Kartentransaktion<\/a>Bei Genehmigung wird der Betrag reserviert<a target=\"_blank\" href=\"https:\/\/taxne.com\/de\/\" rel=\"noreferrer noopener\">sofort Taxne.com<\/a> und Sie erhalten eine Bestellbest\u00e4tigung per E-Mail. Wenn die Kreditkartentransaktion nicht genehmigt wird, wird Ihre Bestellung storniert. Bitte wenden Sie sich an Ihre Bank oder<a target=\"_blank\" href=\"http:\/\/diabetesbuy.com\/\" rel=\"noreferrer noopener\"> Kartenanbieter, wenn<\/a> Sie haben Fragen hierzu.<\/p>\n\n\n\n<p>ZAHLUNGSSICHERHEIT<\/p>\n\n\n\n<p><a target=\"_blank\" href=\"https:\/\/taxne.com\/de\/\" rel=\"noreferrer noopener\">Taxne.com<\/a> verwendet die Secure Socket Layer (SSL)-Technologie, um die Daten, die Sie uns \u00fcber das Internet senden, zu verschl\u00fcsseln und zu sch\u00fctzen. Wenn SSL aktiviert ist, sehen Sie oben in Ihrem Browser ein Vorh\u00e4ngeschloss. Klicken Sie darauf, um herauszufinden, <a target=\"_blank\" href=\"http:\/\/diabetesbuy.com\/\" rel=\"noreferrer noopener\">Mehr Informationen <\/a>\u00fcber<a target=\"_blank\" href=\"http:\/\/diabetesbuy.com\/\" rel=\"noreferrer noopener\">aber die SSL-Digitalisierung<\/a> Zertifikatsregistrierung.<\/p>\n\n\n\n<p>Wenn Sie sich die URL oben im Browser ansehen, werden Sie feststellen, dass sie mit \u201ehttps\u201c statt mit \u201ehttp\u201c beginnt. Das bedeutet, dass Sie sich im sicheren Modus befinden.<\/p>\n\n\n\n<p><a target=\"_blank\" href=\"https:\/\/taxne.com\/de\/\" rel=\"noreferrer noopener\">Taxne.com <\/a>ist bei Cybertrust als authentische Site registriert. <a target=\"_blank\" href=\"http:\/\/diabetesbuy.com\/\" rel=\"noreferrer noopener\">Dadurch wird sichergestellt, dass <\/a>Ihre Informationen bleiben zwischen Ihrem Webbrowser und unserem Webserver vertraulich.<\/p>\n\n\n\n<p>Wenn Ihr Kartenaussteller seinen Sitz in der EU hat, werden Sie m\u00f6glicherweise aufgefordert, Ihre Zahlung zu verifizieren.<a target=\"_blank\" href=\"http:\/\/diabetesbuy.com\/\" rel=\"noreferrer noopener\">aufgrund einer neuen Anforderung<\/a>ment im Rahmen der zweiten Zahlungsdiensterichtlinie (PSD2). Sie werden auf eine spezielle Seite weitergeleitet, auf der Sie weitere Informationen eingeben oder aufgefordert werden, <a target=\"_blank\" href=\"http:\/\/diabetesbuy.com\/\" rel=\"noreferrer noopener\">die Zahlung mit <\/a>Ihr Mobiltelefon. Sobald Sie fertig sind, kehren Sie zur\u00fcck zu <a target=\"_blank\" href=\"https:\/\/taxne.com\/de\/\" rel=\"noreferrer noopener\">Taxne.com<\/a><a target=\"_blank\" href=\"http:\/\/diabeticbuy.com\/\" rel=\"noreferrer noopener\">.<\/a><\/p>","protected":false},"excerpt":{"rendered":"<p>PAYMENT METHOD We accept Visa, MasterCard and American Express cards. You can also choose to pay with PayPal. When selecting this option at checkout, you will be directed to the PayPal site to complete your purchase before returning to Taxne.com. If the card transaction is approved, the amount will be reserved immediately Taxne.com and you [&hellip;]<\/p>\n","protected":false},"author":1,"featured_media":0,"parent":0,"menu_order":0,"comment_status":"closed","ping_status":"closed","template":"","meta":{"_uag_custom_page_level_css":"","site-sidebar-layout":"default","site-content-layout":"","ast-site-content-layout":"default","site-content-style":"default","site-sidebar-style":"default","ast-global-header-display":"","ast-banner-title-visibility":"","ast-main-header-display":"","ast-hfb-above-header-display":"","ast-hfb-below-header-display":"","ast-hfb-mobile-header-display":"","site-post-title":"","ast-breadcrumbs-content":"","ast-featured-img":"","footer-sml-layout":"","ast-disable-related-posts":"","theme-transparent-header-meta":"","adv-header-id-meta":"","stick-header-meta":"","header-above-stick-meta":"","header-main-stick-meta":"","header-below-stick-meta":"","astra-migrate-meta-layouts":"set","ast-page-background-enabled":"default","ast-page-background-meta":{"desktop":{"background-color":"","background-image":"","background-repeat":"repeat","background-position":"center center","background-size":"auto","background-attachment":"scroll","background-type":"","background-media":"","overlay-type":"","overlay-color":"","overlay-opacity":"","overlay-gradient":""},"tablet":{"background-color":"","background-image":"","background-repeat":"repeat","background-position":"center center","background-size":"auto","background-attachment":"scroll","background-type":"","background-media":"","overlay-type":"","overlay-color":"","overlay-opacity":"","overlay-gradient":""},"mobile":{"background-color":"","background-image":"","background-repeat":"repeat","background-position":"center center","background-size":"auto","background-attachment":"scroll","background-type":"","background-media":"","overlay-type":"","overlay-color":"","overlay-opacity":"","overlay-gradient":""}},"ast-content-background-meta":{"desktop":{"background-color":"var(--ast-global-color-5)","background-image":"","background-repeat":"repeat","background-position":"center center","background-size":"auto","background-attachment":"scroll","background-type":"","background-media":"","overlay-type":"","overlay-color":"","overlay-opacity":"","overlay-gradient":""},"tablet":{"background-color":"var(--ast-global-color-5)","background-image":"","background-repeat":"repeat","background-position":"center center","background-size":"auto","background-attachment":"scroll","background-type":"","background-media":"","overlay-type":"","overlay-color":"","overlay-opacity":"","overlay-gradient":""},"mobile":{"background-color":"var(--ast-global-color-5)","background-image":"","background-repeat":"repeat","background-position":"center center","background-size":"auto","background-attachment":"scroll","background-type":"","background-media":"","overlay-type":"","overlay-color":"","overlay-opacity":"","overlay-gradient":""}},"footnotes":""},"class_list":["post-2123","page","type-page","status-publish","hentry"],"yoast_head":"<!-- This site is optimized with the Yoast SEO plugin v27.4 - https:\/\/yoast.com\/product\/yoast-seo-wordpress\/ -->\n<title>Secure Payment Options &amp; Policy | Accepted Methods &amp; Info | Taxne<\/title>\n<meta name=\"description\" content=\"View Taxne&#039;s secure payment policy. We accept all major credit cards, PayPal, and more. Your transactions are encrypted and protected. Questions about refunds or payment methods? Find answers here.\" \/>\n<meta name=\"robots\" content=\"index, follow, max-snippet:-1, max-image-preview:large, max-video-preview:-1\" \/>\n<link rel=\"canonical\" href=\"https:\/\/taxne.com\/de\/zahlungspolitik\/\" \/>\n<meta property=\"og:locale\" content=\"de_DE\" \/>\n<meta property=\"og:type\" content=\"article\" \/>\n<meta property=\"og:title\" content=\"Secure Payment Options &amp; Policy | Accepted Methods &amp; Info | Taxne\" \/>\n<meta property=\"og:description\" content=\"View Taxne&#039;s secure payment policy. We accept all major credit cards, PayPal, and more. Your transactions are encrypted and protected. Questions about refunds or payment methods? Find answers here.\" \/>\n<meta property=\"og:url\" content=\"https:\/\/taxne.com\/de\/zahlungspolitik\/\" \/>\n<meta property=\"article:modified_time\" content=\"2025-09-10T09:07:15+00:00\" \/>\n<meta name=\"twitter:card\" content=\"summary_large_image\" \/>\n<meta name=\"twitter:label1\" content=\"Gesch\u00e4tzte Lesezeit\" \/>\n\t<meta name=\"twitter:data1\" content=\"2\u00a0Minuten\" \/>\n<script type=\"application\/ld+json\" class=\"yoast-schema-graph\">{\"@context\":\"https:\\\/\\\/schema.org\",\"@graph\":[{\"@type\":\"WebPage\",\"@id\":\"https:\\\/\\\/taxne.com\\\/payment-policy\\\/\",\"url\":\"https:\\\/\\\/taxne.com\\\/payment-policy\\\/\",\"name\":\"Secure Payment Options & Policy | Accepted Methods & Info | Taxne\",\"isPartOf\":{\"@id\":\"https:\\\/\\\/taxne.com\\\/#website\"},\"datePublished\":\"2024-07-15T03:51:33+00:00\",\"dateModified\":\"2025-09-10T09:07:15+00:00\",\"description\":\"View Taxne's secure payment policy. We accept all major credit cards, PayPal, and more. Your transactions are encrypted and protected. Questions about refunds or payment methods? Find answers here.\",\"breadcrumb\":{\"@id\":\"https:\\\/\\\/taxne.com\\\/payment-policy\\\/#breadcrumb\"},\"inLanguage\":\"de\",\"potentialAction\":[{\"@type\":\"ReadAction\",\"target\":[\"https:\\\/\\\/taxne.com\\\/payment-policy\\\/\"]}]},{\"@type\":\"BreadcrumbList\",\"@id\":\"https:\\\/\\\/taxne.com\\\/payment-policy\\\/#breadcrumb\",\"itemListElement\":[{\"@type\":\"ListItem\",\"position\":1,\"name\":\"\u9996\u9875\",\"item\":\"https:\\\/\\\/taxne.com\\\/\"},{\"@type\":\"ListItem\",\"position\":2,\"name\":\"Payment Policy\"}]},{\"@type\":\"WebSite\",\"@id\":\"https:\\\/\\\/taxne.com\\\/#website\",\"url\":\"https:\\\/\\\/taxne.com\\\/\",\"name\":\"taxne.com\",\"description\":\"\",\"publisher\":{\"@id\":\"https:\\\/\\\/taxne.com\\\/#organization\"},\"potentialAction\":[{\"@type\":\"SearchAction\",\"target\":{\"@type\":\"EntryPoint\",\"urlTemplate\":\"https:\\\/\\\/taxne.com\\\/?s={search_term_string}\"},\"query-input\":{\"@type\":\"PropertyValueSpecification\",\"valueRequired\":true,\"valueName\":\"search_term_string\"}}],\"inLanguage\":\"de\"},{\"@type\":\"Organization\",\"@id\":\"https:\\\/\\\/taxne.com\\\/#organization\",\"name\":\"taxne.com\",\"url\":\"https:\\\/\\\/taxne.com\\\/\",\"logo\":{\"@type\":\"ImageObject\",\"inLanguage\":\"de\",\"@id\":\"https:\\\/\\\/taxne.com\\\/#\\\/schema\\\/logo\\\/image\\\/\",\"url\":\"https:\\\/\\\/taxne.com\\\/wp-content\\\/uploads\\\/2025\\\/09\\\/cropped-logo.png\",\"contentUrl\":\"https:\\\/\\\/taxne.com\\\/wp-content\\\/uploads\\\/2025\\\/09\\\/cropped-logo.png\",\"width\":1027,\"height\":270,\"caption\":\"taxne.com\"},\"image\":{\"@id\":\"https:\\\/\\\/taxne.com\\\/#\\\/schema\\\/logo\\\/image\\\/\"}}]}<\/script>\n<!-- \/ Yoast SEO plugin. -->","yoast_head_json":{"title":"Sichere Zahlungsoptionen und -richtlinien | Akzeptierte Methoden und Informationen | Taxne","description":"Sehen Sie sich die sicheren Zahlungsbedingungen von Taxne an. Wir akzeptieren alle g\u00e4ngigen Kreditkarten, PayPal und mehr. Ihre Transaktionen sind verschl\u00fcsselt und gesch\u00fctzt. Fragen zu R\u00fcckerstattungen oder Zahlungsmethoden? Hier finden Sie Antworten.","robots":{"index":"index","follow":"follow","max-snippet":"max-snippet:-1","max-image-preview":"max-image-preview:large","max-video-preview":"max-video-preview:-1"},"canonical":"https:\/\/taxne.com\/de\/zahlungspolitik\/","og_locale":"de_DE","og_type":"article","og_title":"Secure Payment Options & Policy | Accepted Methods & Info | Taxne","og_description":"View Taxne's secure payment policy. We accept all major credit cards, PayPal, and more. Your transactions are encrypted and protected. Questions about refunds or payment methods? Find answers here.","og_url":"https:\/\/taxne.com\/de\/zahlungspolitik\/","article_modified_time":"2025-09-10T09:07:15+00:00","twitter_card":"summary_large_image","twitter_misc":{"Gesch\u00e4tzte Lesezeit":"2\u00a0Minuten"},"schema":{"@context":"https:\/\/schema.org","@graph":[{"@type":"WebPage","@id":"https:\/\/taxne.com\/payment-policy\/","url":"https:\/\/taxne.com\/payment-policy\/","name":"Sichere Zahlungsoptionen und -richtlinien | Akzeptierte Methoden und Informationen | Taxne","isPartOf":{"@id":"https:\/\/taxne.com\/#website"},"datePublished":"2024-07-15T03:51:33+00:00","dateModified":"2025-09-10T09:07:15+00:00","description":"Sehen Sie sich die sicheren Zahlungsbedingungen von Taxne an. Wir akzeptieren alle g\u00e4ngigen Kreditkarten, PayPal und mehr. Ihre Transaktionen sind verschl\u00fcsselt und gesch\u00fctzt. Fragen zu R\u00fcckerstattungen oder Zahlungsmethoden? Hier finden Sie Antworten.","breadcrumb":{"@id":"https:\/\/taxne.com\/payment-policy\/#breadcrumb"},"inLanguage":"de","potentialAction":[{"@type":"ReadAction","target":["https:\/\/taxne.com\/payment-policy\/"]}]},{"@type":"BreadcrumbList","@id":"https:\/\/taxne.com\/payment-policy\/#breadcrumb","itemListElement":[{"@type":"ListItem","position":1,"name":"\u9996\u9875","item":"https:\/\/taxne.com\/"},{"@type":"ListItem","position":2,"name":"Payment Policy"}]},{"@type":"WebSite","@id":"https:\/\/taxne.com\/#website","url":"https:\/\/taxne.com\/","name":"taxne.com","description":"","publisher":{"@id":"https:\/\/taxne.com\/#organization"},"potentialAction":[{"@type":"SearchAction","target":{"@type":"EntryPoint","urlTemplate":"https:\/\/taxne.com\/?s={search_term_string}"},"query-input":{"@type":"PropertyValueSpecification","valueRequired":true,"valueName":"search_term_string"}}],"inLanguage":"de"},{"@type":"Organization","@id":"https:\/\/taxne.com\/#organization","name":"taxne.com","url":"https:\/\/taxne.com\/","logo":{"@type":"ImageObject","inLanguage":"de","@id":"https:\/\/taxne.com\/#\/schema\/logo\/image\/","url":"https:\/\/taxne.com\/wp-content\/uploads\/2025\/09\/cropped-logo.png","contentUrl":"https:\/\/taxne.com\/wp-content\/uploads\/2025\/09\/cropped-logo.png","width":1027,"height":270,"caption":"taxne.com"},"image":{"@id":"https:\/\/taxne.com\/#\/schema\/logo\/image\/"}}]}},"uagb_featured_image_src":{"full":false,"thumbnail":false,"medium":false,"medium_large":false,"large":false,"1536x1536":false,"2048x2048":false,"trp-custom-language-flag":false,"woocommerce_thumbnail":false,"woocommerce_single":false,"woocommerce_gallery_thumbnail":false},"uagb_author_info":{"display_name":"tianke1223@gmail.com","author_link":"https:\/\/taxne.com\/de\/author\/tianke1223gmail-com\/"},"uagb_comment_info":0,"uagb_excerpt":"PAYMENT METHOD We accept Visa, MasterCard and American Express cards. You can also choose to pay with PayPal. When selecting this option at checkout, you will be directed to the PayPal site to complete your purchase before returning to Taxne.com. If the card transaction is approved, the amount will be reserved immediately Taxne.com and you&hellip;","jetpack_sharing_enabled":true,"_links":{"self":[{"href":"https:\/\/taxne.com\/de\/wp-json\/wp\/v2\/pages\/2123","targetHints":{"allow":["GET"]}}],"collection":[{"href":"https:\/\/taxne.com\/de\/wp-json\/wp\/v2\/pages"}],"about":[{"href":"https:\/\/taxne.com\/de\/wp-json\/wp\/v2\/types\/page"}],"author":[{"embeddable":true,"href":"https:\/\/taxne.com\/de\/wp-json\/wp\/v2\/users\/1"}],"replies":[{"embeddable":true,"href":"https:\/\/taxne.com\/de\/wp-json\/wp\/v2\/comments?post=2123"}],"version-history":[{"count":2,"href":"https:\/\/taxne.com\/de\/wp-json\/wp\/v2\/pages\/2123\/revisions"}],"predecessor-version":[{"id":2125,"href":"https:\/\/taxne.com\/de\/wp-json\/wp\/v2\/pages\/2123\/revisions\/2125"}],"wp:attachment":[{"href":"https:\/\/taxne.com\/de\/wp-json\/wp\/v2\/media?parent=2123"}],"curies":[{"name":"wp","href":"https:\/\/api.w.org\/{rel}","templated":true}]}}