{"id":3,"date":"2024-07-11T14:22:53","date_gmt":"2024-07-11T14:22:53","guid":{"rendered":"https:\/\/taxne.com\/?page_id=3"},"modified":"2025-09-10T09:10:18","modified_gmt":"2025-09-10T09:10:18","slug":"privacy-policy","status":"publish","type":"page","link":"https:\/\/taxne.com\/de\/datenschutzrichtlinie\/","title":{"rendered":"Datenschutzrichtlinie"},"content":{"rendered":"<h3 class=\"wp-block-heading\">Datenschutzrichtlinie<\/h3>\n\n\n\n<p>Die Website Taxne.com ist Eigentum von Taxne, das f\u00fcr die Verarbeitung Ihrer personenbezogenen Daten verantwortlich ist.<\/p>\n\n\n\n<p>Wir haben diese Datenschutzrichtlinie \u00fcbernommen, die festlegt, wie wir die von Taxne.com gesammelten Informationen verarbeiten, und die auch die Gr\u00fcnde angibt, warum wir bestimmte personenbezogene Daten \u00fcber Sie sammeln m\u00fcssen. Daher m\u00fcssen Sie diese Datenschutzrichtlinie lesen, bevor Sie die Taxne.com-Website nutzen.<\/p>\n\n\n\n<p>Wir gehen mit Ihren pers\u00f6nlichen Daten sorgf\u00e4ltig um und verpflichten uns, deren Vertraulichkeit und Sicherheit zu gew\u00e4hrleisten.<\/p>\n\n\n\n<h6 class=\"wp-block-heading\">Von uns erfasste personenbezogene Daten:<\/h6>\n\n\n\n<p>Wenn Sie Taxne.com besuchen, erfassen wir automatisch bestimmte Informationen \u00fcber Ihr Ger\u00e4t, darunter Informationen \u00fcber Ihren Webbrowser, Ihre IP-Adresse, Ihre Zeitzone und einige der auf Ihrem Ger\u00e4t installierten Cookies. Dar\u00fcber hinaus erfassen wir beim Durchsuchen der Website Informationen \u00fcber die einzelnen Webseiten oder Produkte, die Sie anzeigen, welche Websites oder Suchbegriffe Sie auf die Website verwiesen haben und wie Sie mit der Website interagieren. Wir bezeichnen diese automatisch erfassten Informationen als \u201eGer\u00e4teinformationen\u201c. Dar\u00fcber hinaus erfassen wir m\u00f6glicherweise die personenbezogenen Daten, die Sie uns bei der Registrierung zur Verf\u00fcgung stellen (einschlie\u00dflich, aber nicht beschr\u00e4nkt auf Vor- und Nachnamen, Adresse, Zahlungsinformationen usw.), um den Vertrag erf\u00fcllen zu k\u00f6nnen.<\/p>\n\n\n\n<h6 class=\"wp-block-heading\">Warum verarbeiten wir Ihre Daten?<\/h6>\n\n\n\n<p>Die Sicherheit der Kundendaten hat f\u00fcr uns oberste Priorit\u00e4t. Daher verarbeiten wir nur minimale Benutzerdaten, und zwar nur so viele, wie unbedingt n\u00f6tig, um die Website zu betreiben. Automatisch erfasste Informationen werden nur verwendet, um m\u00f6gliche Missbrauchsf\u00e4lle zu identifizieren und statistische Informationen zur Website-Nutzung zu erstellen. Diese statistischen Informationen werden ansonsten nicht so aggregiert, dass sie einen bestimmten Benutzer des Systems identifizieren w\u00fcrden.<\/p>\n\n\n\n<p>Sie k\u00f6nnen die Website besuchen, ohne uns mitzuteilen, wer Sie sind, oder Informationen preiszugeben, anhand derer jemand Sie als eine bestimmte, identifizierbare Person identifizieren k\u00f6nnte. Wenn Sie jedoch einige der Funktionen der Website nutzen m\u00f6chten, unseren Newsletter erhalten m\u00f6chten oder andere Angaben durch Ausf\u00fcllen eines Formulars machen m\u00f6chten, k\u00f6nnen Sie uns personenbezogene Daten wie Ihre E-Mail-Adresse, Ihren Vor- und Nachnamen, Ihren Wohnort, Ihre Organisation und Ihre Telefonnummer mitteilen. Sie k\u00f6nnen sich daf\u00fcr entscheiden, uns Ihre personenbezogenen Daten nicht mitzuteilen, aber dann k\u00f6nnen Sie m\u00f6glicherweise einige der Funktionen der Website nicht nutzen. Beispielsweise k\u00f6nnen Sie unseren Newsletter nicht erhalten oder uns nicht direkt \u00fcber die Website kontaktieren. Benutzer, die sich nicht sicher sind, welche Informationen obligatorisch sind, k\u00f6nnen uns gerne \u00fcber kontaktieren. <a target=\"_blank\" href=\"mailto:tianke1223@gmail.com\" rel=\"noreferrer noopener\">tianke1223@gmail.com<\/a>.<\/p>\n\n\n\n<h6 class=\"wp-block-heading\">Deine Rechte:<\/h6>\n\n\n\n<p>Wenn Sie in Europa ans\u00e4ssig sind, haben Sie in Bezug auf Ihre personenbezogenen Daten folgende Rechte:<\/p>\n\n\n\n<ul class=\"wp-block-list\">\n<li>Das Recht auf Information.<\/li>\n\n\n\n<li>Das Recht auf Zugang.<\/li>\n\n\n\n<li>Das Recht auf Berichtigung.<\/li>\n\n\n\n<li>Das Recht auf L\u00f6schung.<\/li>\n\n\n\n<li>Das Recht auf Einschr\u00e4nkung der Verarbeitung.<\/li>\n\n\n\n<li>Das Recht auf Daten\u00fcbertragbarkeit.<\/li>\n\n\n\n<li>Das Widerspruchsrecht.<\/li>\n\n\n\n<li>Rechte in Bezug auf automatisierte Entscheidungsfindung und Profilerstellung.<\/li>\n<\/ul>\n\n\n\n<p>Wenn Sie dieses Recht aus\u00fcben m\u00f6chten, kontaktieren Sie uns bitte \u00fcber die unten aufgef\u00fchrten Kontaktinformationen.<\/p>\n\n\n\n<p>Wenn Sie in Europa wohnen, weisen wir Sie au\u00dferdem darauf hin, dass wir Ihre Daten verarbeiten, um Vertr\u00e4ge mit Ihnen zu erf\u00fcllen (z. B. wenn Sie eine Bestellung \u00fcber die Website aufgeben) oder um unsere oben aufgef\u00fchrten legitimen Gesch\u00e4ftsinteressen zu verfolgen. Bitte beachten Sie au\u00dferdem, dass Ihre Daten au\u00dferhalb Europas, einschlie\u00dflich Kanada und den Vereinigten Staaten, \u00fcbertragen werden k\u00f6nnen.<\/p>\n\n\n\n<h6 class=\"wp-block-heading\">Links zu anderen Websites:<\/h6>\n\n\n\n<p>Unsere Website kann Links zu anderen Websites enthalten, die nicht unser Eigentum sind oder von uns kontrolliert werden. Bitte beachten Sie, dass wir f\u00fcr die Datenschutzpraktiken dieser anderen Websites oder Dritter nicht verantwortlich sind. Wir empfehlen Ihnen, darauf zu achten, wenn Sie unsere Website verlassen, und die Datenschutzbestimmungen jeder Website zu lesen, die m\u00f6glicherweise pers\u00f6nliche Informationen sammelt.<\/p>\n\n\n\n<h6 class=\"wp-block-heading\">Informationssicherheit:<\/h6>\n\n\n\n<p>Wir sichern die von Ihnen auf Computerservern bereitgestellten Informationen in einer kontrollierten, sicheren Umgebung und sch\u00fctzen sie vor unbefugtem Zugriff, Nutzung oder Offenlegung. Wir ergreifen angemessene administrative, technische und physische Sicherheitsvorkehrungen, um die in unserer Kontrolle und Obhut befindlichen personenbezogenen Daten vor unbefugtem Zugriff, Nutzung, \u00c4nderung und Offenlegung zu sch\u00fctzen. Eine Daten\u00fcbertragung \u00fcber das Internet oder ein drahtloses Netzwerk kann jedoch nicht garantiert werden.<\/p>\n\n\n\n<h6 class=\"wp-block-heading\">Impressum:<\/h6>\n\n\n\n<p>Wir geben alle von uns erhobenen, verwendeten oder erhaltenen Daten weiter, wenn dies gesetzlich vorgeschrieben oder zul\u00e4ssig ist, beispielsweise um einer Vorladung oder einem \u00e4hnlichen Rechtsverfahren nachzukommen, und wenn wir in gutem Glauben davon ausgehen, dass die Weitergabe zum Schutz unserer Rechte, zum Schutz Ihrer Sicherheit oder der Sicherheit anderer, zur Untersuchung von Betrugsf\u00e4llen oder zur Beantwortung einer beh\u00f6rdlichen Anfrage erforderlich ist.<\/p>\n\n\n\n<h6 class=\"wp-block-heading\">Kontaktinformationen:<\/h6>\n\n\n\n<p>Wenn Sie uns kontaktieren m\u00f6chten, um mehr \u00fcber diese Richtlinie zu erfahren, oder wenn Sie uns bez\u00fcglich einer Angelegenheit im Zusammenhang mit individuellen Rechten und Ihren pers\u00f6nlichen Daten kontaktieren m\u00f6chten, k\u00f6nnen Sie eine E-Mail an senden <a target=\"_blank\" href=\"mailto:tianke1223@gmail.com\" rel=\"noreferrer noopener\">tianke1223@gmail.com<\/a>.<\/p>","protected":false},"excerpt":{"rendered":"<p>Privacy Policy Taxne.com website is owned by Taxne, which is a data controller of your personal data. We have adopted this Privacy Policy, which determines how we are processing the information collected by Taxne.com, which also provides the reasons why we must collect certain personal data about you. Therefore, you must read this Privacy Policy [&hellip;]<\/p>\n","protected":false},"author":1,"featured_media":0,"parent":0,"menu_order":0,"comment_status":"closed","ping_status":"closed","template":"","meta":{"_uag_custom_page_level_css":"","site-sidebar-layout":"default","site-content-layout":"","ast-site-content-layout":"default","site-content-style":"default","site-sidebar-style":"default","ast-global-header-display":"","ast-banner-title-visibility":"","ast-main-header-display":"","ast-hfb-above-header-display":"","ast-hfb-below-header-display":"","ast-hfb-mobile-header-display":"","site-post-title":"","ast-breadcrumbs-content":"","ast-featured-img":"","footer-sml-layout":"","ast-disable-related-posts":"","theme-transparent-header-meta":"","adv-header-id-meta":"","stick-header-meta":"","header-above-stick-meta":"","header-main-stick-meta":"","header-below-stick-meta":"","astra-migrate-meta-layouts":"set","ast-page-background-enabled":"default","ast-page-background-meta":{"desktop":{"background-color":"","background-image":"","background-repeat":"repeat","background-position":"center center","background-size":"auto","background-attachment":"scroll","background-type":"","background-media":"","overlay-type":"","overlay-color":"","overlay-opacity":"","overlay-gradient":""},"tablet":{"background-color":"","background-image":"","background-repeat":"repeat","background-position":"center center","background-size":"auto","background-attachment":"scroll","background-type":"","background-media":"","overlay-type":"","overlay-color":"","overlay-opacity":"","overlay-gradient":""},"mobile":{"background-color":"","background-image":"","background-repeat":"repeat","background-position":"center center","background-size":"auto","background-attachment":"scroll","background-type":"","background-media":"","overlay-type":"","overlay-color":"","overlay-opacity":"","overlay-gradient":""}},"ast-content-background-meta":{"desktop":{"background-color":"var(--ast-global-color-5)","background-image":"","background-repeat":"repeat","background-position":"center center","background-size":"auto","background-attachment":"scroll","background-type":"","background-media":"","overlay-type":"","overlay-color":"","overlay-opacity":"","overlay-gradient":""},"tablet":{"background-color":"var(--ast-global-color-5)","background-image":"","background-repeat":"repeat","background-position":"center center","background-size":"auto","background-attachment":"scroll","background-type":"","background-media":"","overlay-type":"","overlay-color":"","overlay-opacity":"","overlay-gradient":""},"mobile":{"background-color":"var(--ast-global-color-5)","background-image":"","background-repeat":"repeat","background-position":"center center","background-size":"auto","background-attachment":"scroll","background-type":"","background-media":"","overlay-type":"","overlay-color":"","overlay-opacity":"","overlay-gradient":""}},"footnotes":""},"class_list":["post-3","page","type-page","status-publish","hentry"],"yoast_head":"<!-- This site is optimized with the Yoast SEO plugin v27.3 - https:\/\/yoast.com\/product\/yoast-seo-wordpress\/ -->\n<title>Privacy Policy | Your Data Security &amp; Protection | Taxne<\/title>\n<meta name=\"description\" content=\"Read Taxne&#039;s Privacy Policy to understand how we collect, use, and protect your personal information. We are committed to transparency and GDPR compliance. Your privacy is our priority.\" \/>\n<meta name=\"robots\" content=\"index, follow, max-snippet:-1, max-image-preview:large, max-video-preview:-1\" \/>\n<link rel=\"canonical\" href=\"https:\/\/taxne.com\/de\/datenschutzrichtlinie\/\" \/>\n<meta property=\"og:locale\" content=\"de_DE\" \/>\n<meta property=\"og:type\" content=\"article\" \/>\n<meta property=\"og:title\" content=\"Privacy Policy | Your Data Security &amp; Protection | Taxne\" \/>\n<meta property=\"og:description\" content=\"Read Taxne&#039;s Privacy Policy to understand how we collect, use, and protect your personal information. We are committed to transparency and GDPR compliance. Your privacy is our priority.\" \/>\n<meta property=\"og:url\" content=\"https:\/\/taxne.com\/de\/datenschutzrichtlinie\/\" \/>\n<meta property=\"article:modified_time\" content=\"2025-09-10T09:10:18+00:00\" \/>\n<meta name=\"twitter:card\" content=\"summary_large_image\" \/>\n<meta name=\"twitter:label1\" content=\"Gesch\u00e4tzte Lesezeit\" \/>\n\t<meta name=\"twitter:data1\" content=\"5\u00a0Minuten\" \/>\n<script type=\"application\/ld+json\" class=\"yoast-schema-graph\">{\"@context\":\"https:\\\/\\\/schema.org\",\"@graph\":[{\"@type\":\"WebPage\",\"@id\":\"https:\\\/\\\/taxne.com\\\/privacy-policy\\\/\",\"url\":\"https:\\\/\\\/taxne.com\\\/privacy-policy\\\/\",\"name\":\"Privacy Policy | Your Data Security & Protection | Taxne\",\"isPartOf\":{\"@id\":\"https:\\\/\\\/taxne.com\\\/#website\"},\"datePublished\":\"2024-07-11T14:22:53+00:00\",\"dateModified\":\"2025-09-10T09:10:18+00:00\",\"description\":\"Read Taxne's Privacy Policy to understand how we collect, use, and protect your personal information. We are committed to transparency and GDPR compliance. Your privacy is our priority.\",\"breadcrumb\":{\"@id\":\"https:\\\/\\\/taxne.com\\\/privacy-policy\\\/#breadcrumb\"},\"inLanguage\":\"de\",\"potentialAction\":[{\"@type\":\"ReadAction\",\"target\":[\"https:\\\/\\\/taxne.com\\\/privacy-policy\\\/\"]}]},{\"@type\":\"BreadcrumbList\",\"@id\":\"https:\\\/\\\/taxne.com\\\/privacy-policy\\\/#breadcrumb\",\"itemListElement\":[{\"@type\":\"ListItem\",\"position\":1,\"name\":\"\u9996\u9875\",\"item\":\"https:\\\/\\\/taxne.com\\\/\"},{\"@type\":\"ListItem\",\"position\":2,\"name\":\"Privacy Policy\"}]},{\"@type\":\"WebSite\",\"@id\":\"https:\\\/\\\/taxne.com\\\/#website\",\"url\":\"https:\\\/\\\/taxne.com\\\/\",\"name\":\"taxne.com\",\"description\":\"\",\"publisher\":{\"@id\":\"https:\\\/\\\/taxne.com\\\/#organization\"},\"potentialAction\":[{\"@type\":\"SearchAction\",\"target\":{\"@type\":\"EntryPoint\",\"urlTemplate\":\"https:\\\/\\\/taxne.com\\\/?s={search_term_string}\"},\"query-input\":{\"@type\":\"PropertyValueSpecification\",\"valueRequired\":true,\"valueName\":\"search_term_string\"}}],\"inLanguage\":\"de\"},{\"@type\":\"Organization\",\"@id\":\"https:\\\/\\\/taxne.com\\\/#organization\",\"name\":\"taxne.com\",\"url\":\"https:\\\/\\\/taxne.com\\\/\",\"logo\":{\"@type\":\"ImageObject\",\"inLanguage\":\"de\",\"@id\":\"https:\\\/\\\/taxne.com\\\/#\\\/schema\\\/logo\\\/image\\\/\",\"url\":\"https:\\\/\\\/taxne.com\\\/wp-content\\\/uploads\\\/2025\\\/09\\\/cropped-logo.png\",\"contentUrl\":\"https:\\\/\\\/taxne.com\\\/wp-content\\\/uploads\\\/2025\\\/09\\\/cropped-logo.png\",\"width\":1027,\"height\":270,\"caption\":\"taxne.com\"},\"image\":{\"@id\":\"https:\\\/\\\/taxne.com\\\/#\\\/schema\\\/logo\\\/image\\\/\"}}]}<\/script>\n<!-- \/ Yoast SEO plugin. -->","yoast_head_json":{"title":"Privacy Policy | Your Data Security & Protection | Taxne","description":"Read Taxne's Privacy Policy to understand how we collect, use, and protect your personal information. We are committed to transparency and GDPR compliance. Your privacy is our priority.","robots":{"index":"index","follow":"follow","max-snippet":"max-snippet:-1","max-image-preview":"max-image-preview:large","max-video-preview":"max-video-preview:-1"},"canonical":"https:\/\/taxne.com\/de\/datenschutzrichtlinie\/","og_locale":"de_DE","og_type":"article","og_title":"Privacy Policy | Your Data Security & Protection | Taxne","og_description":"Read Taxne's Privacy Policy to understand how we collect, use, and protect your personal information. We are committed to transparency and GDPR compliance. Your privacy is our priority.","og_url":"https:\/\/taxne.com\/de\/datenschutzrichtlinie\/","article_modified_time":"2025-09-10T09:10:18+00:00","twitter_card":"summary_large_image","twitter_misc":{"Gesch\u00e4tzte Lesezeit":"5\u00a0Minuten"},"schema":{"@context":"https:\/\/schema.org","@graph":[{"@type":"WebPage","@id":"https:\/\/taxne.com\/privacy-policy\/","url":"https:\/\/taxne.com\/privacy-policy\/","name":"Privacy Policy | Your Data Security & Protection | Taxne","isPartOf":{"@id":"https:\/\/taxne.com\/#website"},"datePublished":"2024-07-11T14:22:53+00:00","dateModified":"2025-09-10T09:10:18+00:00","description":"Read Taxne's Privacy Policy to understand how we collect, use, and protect your personal information. We are committed to transparency and GDPR compliance. Your privacy is our priority.","breadcrumb":{"@id":"https:\/\/taxne.com\/privacy-policy\/#breadcrumb"},"inLanguage":"de","potentialAction":[{"@type":"ReadAction","target":["https:\/\/taxne.com\/privacy-policy\/"]}]},{"@type":"BreadcrumbList","@id":"https:\/\/taxne.com\/privacy-policy\/#breadcrumb","itemListElement":[{"@type":"ListItem","position":1,"name":"\u9996\u9875","item":"https:\/\/taxne.com\/"},{"@type":"ListItem","position":2,"name":"Privacy Policy"}]},{"@type":"WebSite","@id":"https:\/\/taxne.com\/#website","url":"https:\/\/taxne.com\/","name":"taxne.com","description":"","publisher":{"@id":"https:\/\/taxne.com\/#organization"},"potentialAction":[{"@type":"SearchAction","target":{"@type":"EntryPoint","urlTemplate":"https:\/\/taxne.com\/?s={search_term_string}"},"query-input":{"@type":"PropertyValueSpecification","valueRequired":true,"valueName":"search_term_string"}}],"inLanguage":"de"},{"@type":"Organization","@id":"https:\/\/taxne.com\/#organization","name":"taxne.com","url":"https:\/\/taxne.com\/","logo":{"@type":"ImageObject","inLanguage":"de","@id":"https:\/\/taxne.com\/#\/schema\/logo\/image\/","url":"https:\/\/taxne.com\/wp-content\/uploads\/2025\/09\/cropped-logo.png","contentUrl":"https:\/\/taxne.com\/wp-content\/uploads\/2025\/09\/cropped-logo.png","width":1027,"height":270,"caption":"taxne.com"},"image":{"@id":"https:\/\/taxne.com\/#\/schema\/logo\/image\/"}}]}},"uagb_featured_image_src":{"full":false,"thumbnail":false,"medium":false,"medium_large":false,"large":false,"1536x1536":false,"2048x2048":false,"trp-custom-language-flag":false,"woocommerce_thumbnail":false,"woocommerce_single":false,"woocommerce_gallery_thumbnail":false},"uagb_author_info":{"display_name":"tianke1223@gmail.com","author_link":"https:\/\/taxne.com\/de\/author\/tianke1223gmail-com\/"},"uagb_comment_info":0,"uagb_excerpt":"Privacy Policy Taxne.com website is owned by Taxne, which is a data controller of your personal data. We have adopted this Privacy Policy, which determines how we are processing the information collected by Taxne.com, which also provides the reasons why we must collect certain personal data about you. Therefore, you must read this Privacy Policy&hellip;","jetpack_sharing_enabled":true,"_links":{"self":[{"href":"https:\/\/taxne.com\/de\/wp-json\/wp\/v2\/pages\/3","targetHints":{"allow":["GET"]}}],"collection":[{"href":"https:\/\/taxne.com\/de\/wp-json\/wp\/v2\/pages"}],"about":[{"href":"https:\/\/taxne.com\/de\/wp-json\/wp\/v2\/types\/page"}],"author":[{"embeddable":true,"href":"https:\/\/taxne.com\/de\/wp-json\/wp\/v2\/users\/1"}],"replies":[{"embeddable":true,"href":"https:\/\/taxne.com\/de\/wp-json\/wp\/v2\/comments?post=3"}],"version-history":[{"count":1,"href":"https:\/\/taxne.com\/de\/wp-json\/wp\/v2\/pages\/3\/revisions"}],"predecessor-version":[{"id":2118,"href":"https:\/\/taxne.com\/de\/wp-json\/wp\/v2\/pages\/3\/revisions\/2118"}],"wp:attachment":[{"href":"https:\/\/taxne.com\/de\/wp-json\/wp\/v2\/media?parent=3"}],"curies":[{"name":"wp","href":"https:\/\/api.w.org\/{rel}","templated":true}]}}