{"id":7999,"date":"2025-09-09T06:16:59","date_gmt":"2025-09-09T06:16:59","guid":{"rendered":"https:\/\/taxne.com\/?post_type=product&#038;p=7999"},"modified":"2026-03-04T02:24:52","modified_gmt":"2026-03-04T02:24:52","slug":"silk-infusion-coconut-hair-shampoo-bar","status":"publish","type":"product","link":"https:\/\/taxne.com\/de\/produkt\/seidenaufguss-kokosnuss-haarshampoo-riegel\/","title":{"rendered":"Silk Infusion Kokosnuss-Haarshampoo"},"content":{"rendered":"<p class=\"ds-markdown-paragraph\"><strong>Haben Sie genug von br\u00fcchigem, krausem und leblosem Haar?<\/strong><\/p>\n<p class=\"ds-markdown-paragraph\">Hitzestyling, F\u00e4rben und Umweltbelastungen k\u00f6nnen Ihr Haar schwach und stumpf machen. Es braucht keine weitere harte Reinigung \u2013 es braucht eine\u00a0<strong>n\u00e4hrstoffreiche Behandlung<\/strong>\u00a0das von innen repariert und an der Oberfl\u00e4che sch\u00fctzt.<\/p>\n<p class=\"ds-markdown-paragraph\"><strong>Eine luxuri\u00f6se Fusion aus Seide und Kokosnuss f\u00fcr widerstandsf\u00e4higes Haar<\/strong><\/p>\n<p class=\"ds-markdown-paragraph\">Wir haben diese Bar nicht nur zum Reinigen entwickelt, sondern auch zum\u00a0<strong>verwandeln<\/strong>. Es ist eine konzentrierte Dosis luxuri\u00f6ser Inhaltsstoffe, die zusammenwirken, um Ihr Haar wieder aufzubauen und zum Leuchten zu bringen.<\/p>\n<ul>\n<li>\n<p class=\"ds-markdown-paragraph\"><strong>Seidenprotein: Der unsichtbare Schutzschild Ihres Haares.<\/strong>\u00a0Stellen Sie sich einen schwerelosen, sch\u00fctzenden Schleier vor, der jede Str\u00e4hne umh\u00fcllt. Seidenprotein tut genau das \u2013 es\u00a0<strong>gl\u00e4ttet die Haarkutikula<\/strong>, schlie\u00dft Feuchtigkeit ein und verleiht unglaubliche\u00a0<strong>Glanz und Weichheit<\/strong>\u00a0ohne Ablagerungen. Es hilft,\u00a0<strong>widerstehen t\u00e4glichen Sch\u00e4den<\/strong>,<\/p>\n<\/li>\n<li>\n<p class=\"ds-markdown-paragraph\"><strong>Kokos\u00f6l und Kakaobutter: Das Duo f\u00fcr die Tiefenpflege.<\/strong>\u00a0Diese reichhaltigen Weichmacher\u00a0<strong>den Haarschaft durchdringen<\/strong>\u00a0um intensive Feuchtigkeit von innen heraus zu liefern. Sie arbeiten\u00a0<strong>reduzieren den Proteinverlust<\/strong>, verhindern Haarbruch und b\u00e4ndigen widerspenstiges Frizz, sodass sich Ihr Haar wie\u00a0<strong>st\u00e4rker, widerstandsf\u00e4higer und beherrschbarer<\/strong>.<\/p>\n<\/li>\n<li>\n<p class=\"ds-markdown-paragraph\"><strong>Botanische Mischung (Oliven-, Sesam-, Rosmarin\u00f6l):<\/strong> Diese unterst\u00fctzende Mischung nat\u00fcrlicher \u00d6le st\u00e4rkt das Haar, f\u00f6rdert ein gesundes Kopfhautklima und verleiht Ihrer Dusche ein aromatisches Spa-Erlebnis.<\/p>\n<\/li>\n<\/ul>\n<p class=\"ds-markdown-paragraph\"><strong>Eine sensorische Flucht, die echte Ergebnisse liefert<\/strong><\/p>\n<p class=\"ds-markdown-paragraph\">Sch\u00e4umen Sie diesen reichhaltigen, cremigen Riegel auf und erleben Sie eine sanfte Reinigung und einen zarten, nat\u00fcrlichen Duft. Er ist frei von aggressiven Sulfaten, die Ihrem Haar die nat\u00fcrlichen \u00d6le entziehen und es zu einem\u00a0<strong>sanfte und dennoch wirksame Wahl<\/strong>\u00a0f\u00fcr alle Haartypen, insbesondere\u00a0<strong>gesch\u00e4digtes, trockenes oder coloriertes Haar<\/strong>.<\/p>\n<p class=\"ds-markdown-paragraph\"><strong>Sauber, bewusst und auf Leistung ausgelegt.<\/strong><\/p>\n<ul>\n<li>\n<p class=\"ds-markdown-paragraph\"><strong>Vegan und tierversuchsfrei:<\/strong>\u00a0Stets.<\/p>\n<\/li>\n<li>\n<p class=\"ds-markdown-paragraph\"><strong>Nat\u00fcrlich gewonnene Inhaltsstoffe:<\/strong>\u00a0Angetrieben durch pflanzliche Stoffe.<\/p>\n<\/li>\n<li>\n<p class=\"ds-markdown-paragraph\">**Zero Waste:** Keine Plastikflasche.<\/p>\n<\/li>\n<li>\n<p class=\"ds-markdown-paragraph\">**frei von:** Sulfaten, Parabenen, Silikonen, synthetischen Farbstoffen.<\/p>\n<\/li>\n<\/ul>\n<p class=\"ds-markdown-paragraph\"><strong>Sind Sie bereit, Ihr ges\u00fcndestes, strahlendstes Haar zu enth\u00fcllen?<\/strong><br \/>\n<strong>In den Warenkorb legen und den Unterschied ab der ersten W\u00e4sche sp\u00fcren.<\/strong><\/p>\n<p class=\"ds-markdown-paragraph\"><strong>Bei Taxne lassen wir uns von den raffiniertesten L\u00f6sungen der Natur inspirieren.<\/strong>\u00a0Die Entdeckung von Paclitaxel (Taxol) aus der Pazifischen Eibe ist ein eindrucksvoller Beweis f\u00fcr die unglaubliche Intelligenz der Natur. Sie hat uns gezeigt, dass die L\u00f6sungen f\u00fcr unsere komplexesten Herausforderungen in der botanischen Welt zu finden sind.<\/p>\n<p class=\"ds-markdown-paragraph\">Dieser Grundglaube bestimmt alles, was wir schaffen \u2013 einschlie\u00dflich dieser\u00a0<strong>Silk Infusion Kokosnuss-Haarshampoo<\/strong>.<\/p>","protected":false},"excerpt":{"rendered":"<p><strong>Von der Wissenschaft inspiriert, von der Natur gen\u00e4hrt: Der Shampoo-Riegel f\u00fcr widerstandsf\u00e4higes Haar<\/strong><\/p>\n<p><strong>Seidenprotein: Der unsichtbare Schutzschild Ihres Haares.<\/strong>\u00a0Stellen Sie sich einen schwerelosen, sch\u00fctzenden Schleier vor, der jede Str\u00e4hne umh\u00fcllt. Seidenprotein tut genau das \u2013 es\u00a0<strong>gl\u00e4ttet die Haarkutikula<\/strong>, schlie\u00dft Feuchtigkeit ein und verleiht unglaubliche\u00a0<strong>Glanz und Weichheit<\/strong>\u00a0ohne Ablagerungen. Es hilft,\u00a0<strong>widerstehen t\u00e4glichen Sch\u00e4den<\/strong><\/p>\n<p class=\"ds-markdown-paragraph\"><strong>Das Taxne-Versprechen: Bewusst f\u00fcr H\u00f6chstleistungen entwickelt.<\/strong><\/p>\n<ul>\n<li>\n<p class=\"ds-markdown-paragraph\"><strong>Inspiriert von der Wissenschaft, verwurzelt in der Natur:<\/strong>\u00a0Unsere Kernphilosophie.<\/p>\n<\/li>\n<li>\n<p class=\"ds-markdown-paragraph\"><strong>Vegan und tierversuchsfrei:<\/strong>\u00a0F\u00fcr immer und ewig.<\/p>\n<\/li>\n<li>\n<p class=\"ds-markdown-paragraph\"><strong>Nachhaltig bezogen:<\/strong>\u00a0Wir sind Verwalter der Erde.<\/p>\n<\/li>\n<li>\n<p class=\"ds-markdown-paragraph\">**frei von:** Sulfaten, Parabenen, Silikonen, synthetischen Farbstoffen.<\/p>\n<\/li>\n<\/ul>","protected":false},"featured_media":8007,"comment_status":"open","ping_status":"closed","template":"","meta":{"_uag_custom_page_level_css":"","site-sidebar-layout":"default","site-content-layout":"","ast-site-content-layout":"default","site-content-style":"default","site-sidebar-style":"default","ast-global-header-display":"","ast-banner-title-visibility":"","ast-main-header-display":"","ast-hfb-above-header-display":"","ast-hfb-below-header-display":"","ast-hfb-mobile-header-display":"","site-post-title":"","ast-breadcrumbs-content":"","ast-featured-img":"","footer-sml-layout":"","ast-disable-related-posts":"","theme-transparent-header-meta":"default","adv-header-id-meta":"","stick-header-meta":"","header-above-stick-meta":"","header-main-stick-meta":"","header-below-stick-meta":"","astra-migrate-meta-layouts":"set","ast-page-background-enabled":"default","ast-page-background-meta":{"desktop":{"background-color":"","background-image":"","background-repeat":"repeat","background-position":"center center","background-size":"auto","background-attachment":"scroll","background-type":"","background-media":"","overlay-type":"","overlay-color":"","overlay-opacity":"","overlay-gradient":""},"tablet":{"background-color":"","background-image":"","background-repeat":"repeat","background-position":"center center","background-size":"auto","background-attachment":"scroll","background-type":"","background-media":"","overlay-type":"","overlay-color":"","overlay-opacity":"","overlay-gradient":""},"mobile":{"background-color":"","background-image":"","background-repeat":"repeat","background-position":"center center","background-size":"auto","background-attachment":"scroll","background-type":"","background-media":"","overlay-type":"","overlay-color":"","overlay-opacity":"","overlay-gradient":""}},"ast-content-background-meta":{"desktop":{"background-color":"var(--ast-global-color-5)","background-image":"","background-repeat":"repeat","background-position":"center center","background-size":"auto","background-attachment":"scroll","background-type":"","background-media":"","overlay-type":"","overlay-color":"","overlay-opacity":"","overlay-gradient":""},"tablet":{"background-color":"var(--ast-global-color-5)","background-image":"","background-repeat":"repeat","background-position":"center center","background-size":"auto","background-attachment":"scroll","background-type":"","background-media":"","overlay-type":"","overlay-color":"","overlay-opacity":"","overlay-gradient":""},"mobile":{"background-color":"var(--ast-global-color-5)","background-image":"","background-repeat":"repeat","background-position":"center center","background-size":"auto","background-attachment":"scroll","background-type":"","background-media":"","overlay-type":"","overlay-color":"","overlay-opacity":"","overlay-gradient":""}}},"product_brand":[],"product_cat":[15],"product_tag":[48,58,50,57,53,59,56,47,49,55,52,51],"class_list":{"0":"post-7999","1":"product","2":"type-product","3":"status-publish","4":"has-post-thumbnail","6":"product_cat-herbs-soap","7":"product_tag-coconut-oil-shampoo-bar","8":"product_tag-color-safe-shampoo-bar","9":"product_tag-hair-treatment-bar","10":"product_tag-natural-shampoo-for-frizzy-hair","11":"product_tag-reducing-breakage","12":"product_tag-rosemary-oil-shampoo","13":"product_tag-shine-hair-bar","14":"product_tag-silk-protein-shampoo-bar","15":"product_tag-solid-shampoo-for-damaged-hair","16":"product_tag-split-ends-repair","17":"product_tag-vegan-hair-care","18":"product_tag-zero-waste-shampoo","19":"desktop-align-left","20":"tablet-align-left","21":"mobile-align-left","23":"first","24":"instock","25":"sale","26":"featured","27":"shipping-taxable","28":"purchasable","29":"product-type-simple"},"yoast_head":"<!-- This site is optimized with the Yoast SEO plugin v27.3 - https:\/\/yoast.com\/product\/yoast-seo-wordpress\/ -->\n<title>Silk Infusion Coconut Shampoo Bar for Shiny, Strong Hair | Taxne<\/title>\n<meta name=\"description\" content=\"Transform dry, damaged hair with our luxury shampoo bar. Infused with Silk Protein &amp; Coconut Oil, it deeply nourishes to reduce breakage, boost shine, and repair split ends. Vegan.\" \/>\n<meta name=\"robots\" content=\"index, follow, max-snippet:-1, max-image-preview:large, max-video-preview:-1\" \/>\n<link rel=\"canonical\" href=\"https:\/\/taxne.com\/de\/produkt\/seidenaufguss-kokosnuss-haarshampoo-riegel\/\" \/>\n<meta property=\"og:locale\" content=\"de_DE\" \/>\n<meta property=\"og:type\" content=\"article\" \/>\n<meta property=\"og:title\" content=\"Silk Infusion Coconut Shampoo Bar for Shiny, Strong Hair | Taxne\" \/>\n<meta property=\"og:description\" content=\"Transform dry, damaged hair with our luxury shampoo bar. Infused with Silk Protein &amp; Coconut Oil, it deeply nourishes to reduce breakage, boost shine, and repair split ends. Vegan.\" \/>\n<meta property=\"og:url\" content=\"https:\/\/taxne.com\/de\/produkt\/seidenaufguss-kokosnuss-haarshampoo-riegel\/\" \/>\n<meta property=\"article:modified_time\" content=\"2026-03-04T02:24:52+00:00\" \/>\n<meta property=\"og:image\" content=\"https:\/\/taxne.com\/wp-content\/uploads\/2025\/09\/\u89c4\u683c.jpg\" \/>\n\t<meta property=\"og:image:width\" content=\"800\" \/>\n\t<meta property=\"og:image:height\" content=\"800\" \/>\n\t<meta property=\"og:image:type\" content=\"image\/jpeg\" \/>\n<meta name=\"twitter:card\" content=\"summary_large_image\" \/>\n<meta name=\"twitter:label1\" content=\"Gesch\u00e4tzte Lesezeit\" \/>\n\t<meta name=\"twitter:data1\" content=\"3\u00a0Minuten\" \/>\n<script type=\"application\/ld+json\" class=\"yoast-schema-graph\">{\"@context\":\"https:\\\/\\\/schema.org\",\"@graph\":[{\"@type\":\"WebPage\",\"@id\":\"https:\\\/\\\/taxne.com\\\/product\\\/silk-infusion-coconut-hair-shampoo-bar\\\/\",\"url\":\"https:\\\/\\\/taxne.com\\\/product\\\/silk-infusion-coconut-hair-shampoo-bar\\\/\",\"name\":\"Silk Infusion Coconut Shampoo Bar for Shiny, Strong Hair | Taxne\",\"isPartOf\":{\"@id\":\"https:\\\/\\\/taxne.com\\\/#website\"},\"primaryImageOfPage\":{\"@id\":\"https:\\\/\\\/taxne.com\\\/product\\\/silk-infusion-coconut-hair-shampoo-bar\\\/#primaryimage\"},\"image\":{\"@id\":\"https:\\\/\\\/taxne.com\\\/product\\\/silk-infusion-coconut-hair-shampoo-bar\\\/#primaryimage\"},\"thumbnailUrl\":\"https:\\\/\\\/taxne.com\\\/wp-content\\\/uploads\\\/2025\\\/09\\\/\u89c4\u683c.jpg\",\"datePublished\":\"2025-09-09T06:16:59+00:00\",\"dateModified\":\"2026-03-04T02:24:52+00:00\",\"description\":\"Transform dry, damaged hair with our luxury shampoo bar. Infused with Silk Protein & Coconut Oil, it deeply nourishes to reduce breakage, boost shine, and repair split ends. Vegan.\",\"breadcrumb\":{\"@id\":\"https:\\\/\\\/taxne.com\\\/product\\\/silk-infusion-coconut-hair-shampoo-bar\\\/#breadcrumb\"},\"inLanguage\":\"de\",\"potentialAction\":[{\"@type\":\"ReadAction\",\"target\":[\"https:\\\/\\\/taxne.com\\\/product\\\/silk-infusion-coconut-hair-shampoo-bar\\\/\"]}]},{\"@type\":\"ImageObject\",\"inLanguage\":\"de\",\"@id\":\"https:\\\/\\\/taxne.com\\\/product\\\/silk-infusion-coconut-hair-shampoo-bar\\\/#primaryimage\",\"url\":\"https:\\\/\\\/taxne.com\\\/wp-content\\\/uploads\\\/2025\\\/09\\\/\u89c4\u683c.jpg\",\"contentUrl\":\"https:\\\/\\\/taxne.com\\\/wp-content\\\/uploads\\\/2025\\\/09\\\/\u89c4\u683c.jpg\",\"width\":800,\"height\":800,\"caption\":\"From Damaged to Dazzling: The Silk Protein Bar for Less Breakage & More Shine 95g\"},{\"@type\":\"BreadcrumbList\",\"@id\":\"https:\\\/\\\/taxne.com\\\/product\\\/silk-infusion-coconut-hair-shampoo-bar\\\/#breadcrumb\",\"itemListElement\":[{\"@type\":\"ListItem\",\"position\":1,\"name\":\"\u9996\u9875\",\"item\":\"https:\\\/\\\/taxne.com\\\/\"},{\"@type\":\"ListItem\",\"position\":2,\"name\":\"Shop\",\"item\":\"https:\\\/\\\/taxne.com\\\/shop-2\\\/\"},{\"@type\":\"ListItem\",\"position\":3,\"name\":\"Silk Infusion Coconut Hair Shampoo Bar\"}]},{\"@type\":\"WebSite\",\"@id\":\"https:\\\/\\\/taxne.com\\\/#website\",\"url\":\"https:\\\/\\\/taxne.com\\\/\",\"name\":\"taxne.com\",\"description\":\"\",\"publisher\":{\"@id\":\"https:\\\/\\\/taxne.com\\\/#organization\"},\"potentialAction\":[{\"@type\":\"SearchAction\",\"target\":{\"@type\":\"EntryPoint\",\"urlTemplate\":\"https:\\\/\\\/taxne.com\\\/?s={search_term_string}\"},\"query-input\":{\"@type\":\"PropertyValueSpecification\",\"valueRequired\":true,\"valueName\":\"search_term_string\"}}],\"inLanguage\":\"de\"},{\"@type\":\"Organization\",\"@id\":\"https:\\\/\\\/taxne.com\\\/#organization\",\"name\":\"taxne.com\",\"url\":\"https:\\\/\\\/taxne.com\\\/\",\"logo\":{\"@type\":\"ImageObject\",\"inLanguage\":\"de\",\"@id\":\"https:\\\/\\\/taxne.com\\\/#\\\/schema\\\/logo\\\/image\\\/\",\"url\":\"https:\\\/\\\/taxne.com\\\/wp-content\\\/uploads\\\/2025\\\/09\\\/cropped-logo.png\",\"contentUrl\":\"https:\\\/\\\/taxne.com\\\/wp-content\\\/uploads\\\/2025\\\/09\\\/cropped-logo.png\",\"width\":1027,\"height\":270,\"caption\":\"taxne.com\"},\"image\":{\"@id\":\"https:\\\/\\\/taxne.com\\\/#\\\/schema\\\/logo\\\/image\\\/\"}}]}<\/script>\n<!-- \/ Yoast SEO plugin. -->","yoast_head_json":{"title":"Silk Infusion Coconut Shampoo Bar f\u00fcr gl\u00e4nzendes, kr\u00e4ftiges Haar | Taxne","description":"Verwandeln Sie trockenes, strapaziertes Haar mit unserem luxuri\u00f6sen Shampoo-Riegel. Angereichert mit Seidenprotein und Kokos\u00f6l n\u00e4hrt es tiefenwirksam, reduziert Haarbruch, verleiht mehr Glanz und repariert Spliss. Vegan.","robots":{"index":"index","follow":"follow","max-snippet":"max-snippet:-1","max-image-preview":"max-image-preview:large","max-video-preview":"max-video-preview:-1"},"canonical":"https:\/\/taxne.com\/de\/produkt\/seidenaufguss-kokosnuss-haarshampoo-riegel\/","og_locale":"de_DE","og_type":"article","og_title":"Silk Infusion Coconut Shampoo Bar for Shiny, Strong Hair | Taxne","og_description":"Transform dry, damaged hair with our luxury shampoo bar. Infused with Silk Protein & Coconut Oil, it deeply nourishes to reduce breakage, boost shine, and repair split ends. Vegan.","og_url":"https:\/\/taxne.com\/de\/produkt\/seidenaufguss-kokosnuss-haarshampoo-riegel\/","article_modified_time":"2026-03-04T02:24:52+00:00","og_image":[{"width":800,"height":800,"url":"https:\/\/taxne.com\/wp-content\/uploads\/2025\/09\/\u89c4\u683c.jpg","type":"image\/jpeg"}],"twitter_card":"summary_large_image","twitter_misc":{"Gesch\u00e4tzte Lesezeit":"3\u00a0Minuten"},"schema":{"@context":"https:\/\/schema.org","@graph":[{"@type":"WebPage","@id":"https:\/\/taxne.com\/product\/silk-infusion-coconut-hair-shampoo-bar\/","url":"https:\/\/taxne.com\/product\/silk-infusion-coconut-hair-shampoo-bar\/","name":"Silk Infusion Coconut Shampoo Bar f\u00fcr gl\u00e4nzendes, kr\u00e4ftiges Haar | Taxne","isPartOf":{"@id":"https:\/\/taxne.com\/#website"},"primaryImageOfPage":{"@id":"https:\/\/taxne.com\/product\/silk-infusion-coconut-hair-shampoo-bar\/#primaryimage"},"image":{"@id":"https:\/\/taxne.com\/product\/silk-infusion-coconut-hair-shampoo-bar\/#primaryimage"},"thumbnailUrl":"https:\/\/taxne.com\/wp-content\/uploads\/2025\/09\/\u89c4\u683c.jpg","datePublished":"2025-09-09T06:16:59+00:00","dateModified":"2026-03-04T02:24:52+00:00","description":"Verwandeln Sie trockenes, strapaziertes Haar mit unserem luxuri\u00f6sen Shampoo-Riegel. Angereichert mit Seidenprotein und Kokos\u00f6l n\u00e4hrt es tiefenwirksam, reduziert Haarbruch, verleiht mehr Glanz und repariert Spliss. Vegan.","breadcrumb":{"@id":"https:\/\/taxne.com\/product\/silk-infusion-coconut-hair-shampoo-bar\/#breadcrumb"},"inLanguage":"de","potentialAction":[{"@type":"ReadAction","target":["https:\/\/taxne.com\/product\/silk-infusion-coconut-hair-shampoo-bar\/"]}]},{"@type":"ImageObject","inLanguage":"de","@id":"https:\/\/taxne.com\/product\/silk-infusion-coconut-hair-shampoo-bar\/#primaryimage","url":"https:\/\/taxne.com\/wp-content\/uploads\/2025\/09\/\u89c4\u683c.jpg","contentUrl":"https:\/\/taxne.com\/wp-content\/uploads\/2025\/09\/\u89c4\u683c.jpg","width":800,"height":800,"caption":"From Damaged to Dazzling: The Silk Protein Bar for Less Breakage & More Shine 95g"},{"@type":"BreadcrumbList","@id":"https:\/\/taxne.com\/product\/silk-infusion-coconut-hair-shampoo-bar\/#breadcrumb","itemListElement":[{"@type":"ListItem","position":1,"name":"\u9996\u9875","item":"https:\/\/taxne.com\/"},{"@type":"ListItem","position":2,"name":"Shop","item":"https:\/\/taxne.com\/shop-2\/"},{"@type":"ListItem","position":3,"name":"Silk Infusion Coconut Hair Shampoo Bar"}]},{"@type":"WebSite","@id":"https:\/\/taxne.com\/#website","url":"https:\/\/taxne.com\/","name":"taxne.com","description":"","publisher":{"@id":"https:\/\/taxne.com\/#organization"},"potentialAction":[{"@type":"SearchAction","target":{"@type":"EntryPoint","urlTemplate":"https:\/\/taxne.com\/?s={search_term_string}"},"query-input":{"@type":"PropertyValueSpecification","valueRequired":true,"valueName":"search_term_string"}}],"inLanguage":"de"},{"@type":"Organization","@id":"https:\/\/taxne.com\/#organization","name":"taxne.com","url":"https:\/\/taxne.com\/","logo":{"@type":"ImageObject","inLanguage":"de","@id":"https:\/\/taxne.com\/#\/schema\/logo\/image\/","url":"https:\/\/taxne.com\/wp-content\/uploads\/2025\/09\/cropped-logo.png","contentUrl":"https:\/\/taxne.com\/wp-content\/uploads\/2025\/09\/cropped-logo.png","width":1027,"height":270,"caption":"taxne.com"},"image":{"@id":"https:\/\/taxne.com\/#\/schema\/logo\/image\/"}}]}},"uagb_featured_image_src":{"full":["https:\/\/taxne.com\/wp-content\/uploads\/2025\/09\/\u89c4\u683c.jpg",800,800,false],"thumbnail":["https:\/\/taxne.com\/wp-content\/uploads\/2025\/09\/\u89c4\u683c-150x150.jpg",150,150,true],"medium":["https:\/\/taxne.com\/wp-content\/uploads\/2025\/09\/\u89c4\u683c-300x300.jpg",300,300,true],"medium_large":["https:\/\/taxne.com\/wp-content\/uploads\/2025\/09\/\u89c4\u683c-768x768.jpg",768,768,true],"large":["https:\/\/taxne.com\/wp-content\/uploads\/2025\/09\/\u89c4\u683c.jpg",800,800,false],"1536x1536":["https:\/\/taxne.com\/wp-content\/uploads\/2025\/09\/\u89c4\u683c.jpg",800,800,false],"2048x2048":["https:\/\/taxne.com\/wp-content\/uploads\/2025\/09\/\u89c4\u683c.jpg",800,800,false],"trp-custom-language-flag":["https:\/\/taxne.com\/wp-content\/uploads\/2025\/09\/\u89c4\u683c-12x12.jpg",12,12,true],"woocommerce_thumbnail":["https:\/\/taxne.com\/wp-content\/uploads\/2025\/09\/\u89c4\u683c-300x300.jpg",300,300,true],"woocommerce_single":["https:\/\/taxne.com\/wp-content\/uploads\/2025\/09\/\u89c4\u683c-600x600.jpg",600,600,true],"woocommerce_gallery_thumbnail":["https:\/\/taxne.com\/wp-content\/uploads\/2025\/09\/\u89c4\u683c-100x100.jpg",100,100,true]},"uagb_author_info":{"display_name":"tianke1223@gmail.com","author_link":"https:\/\/taxne.com\/de\/author\/"},"uagb_comment_info":0,"uagb_excerpt":"Inspired by Science, Nourished by Nature: The Shampoo Bar for Resilient Hair Silk Protein: Your Hair's Invisible Shield.\u00a0Imagine a weightless, protective veil wrapping each strand. Silk protein does exactly that\u2014it\u00a0smooths the hair cuticle, locking in moisture and adding incredible\u00a0shine and softness\u00a0without any buildup. It helps to\u00a0resist daily damage The Taxne Promise: Consciously Crafted for High&hellip;","jetpack_sharing_enabled":true,"_links":{"self":[{"href":"https:\/\/taxne.com\/de\/wp-json\/wp\/v2\/product\/7999","targetHints":{"allow":["GET"]}}],"collection":[{"href":"https:\/\/taxne.com\/de\/wp-json\/wp\/v2\/product"}],"about":[{"href":"https:\/\/taxne.com\/de\/wp-json\/wp\/v2\/types\/product"}],"replies":[{"embeddable":true,"href":"https:\/\/taxne.com\/de\/wp-json\/wp\/v2\/comments?post=7999"}],"wp:featuredmedia":[{"embeddable":true,"href":"https:\/\/taxne.com\/de\/wp-json\/wp\/v2\/media\/8007"}],"wp:attachment":[{"href":"https:\/\/taxne.com\/de\/wp-json\/wp\/v2\/media?parent=7999"}],"wp:term":[{"taxonomy":"product_brand","embeddable":true,"href":"https:\/\/taxne.com\/de\/wp-json\/wp\/v2\/product_brand?post=7999"},{"taxonomy":"product_cat","embeddable":true,"href":"https:\/\/taxne.com\/de\/wp-json\/wp\/v2\/product_cat?post=7999"},{"taxonomy":"product_tag","embeddable":true,"href":"https:\/\/taxne.com\/de\/wp-json\/wp\/v2\/product_tag?post=7999"}],"curies":[{"name":"wp","href":"https:\/\/api.w.org\/{rel}","templated":true}]}}