{"id":119,"date":"2025-09-09T13:37:46","date_gmt":"2025-09-09T13:37:46","guid":{"rendered":"https:\/\/taxne.com\/about-us\/"},"modified":"2025-09-10T04:37:41","modified_gmt":"2025-09-10T04:37:41","slug":"about-us","status":"publish","type":"page","link":"https:\/\/taxne.com\/es\/sobre-nosotros\/","title":{"rendered":"Sobre nosotros"},"content":{"rendered":"<div class=\"wp-block-uagb-container uagb-block-c83c7f3f alignfull uagb-is-root-container\"><div class=\"uagb-container-inner-blocks-wrap\">\n<div class=\"wp-block-uagb-advanced-heading uagb-block-7ce29fef\"><h1 class=\"uagb-heading-text\">Sobre nosotros<\/h1><\/div>\n<\/div><\/div>\n\n\n\n<div class=\"wp-block-uagb-container uagb-layout-grid uagb-block-f9b6823f alignfull uagb-is-root-container\"><div class=\"uagb-container-inner-blocks-wrap\">\n<div class=\"wp-block-uagb-advanced-heading uagb-block-f14391ff\"><h3 class=\"uagb-heading-text\"><strong>Historia de la marca<\/strong> :                                    <strong>La inspiraci\u00f3n detr\u00e1s de Taxne: donde la ciencia se encuentra con la sabidur\u00eda de la naturaleza<\/strong><\/h3><\/div>\n\n\n\n<div class=\"wp-block-uagb-info-box uagb-block-56808190 uagb-infobox__content-wrap  uagb-infobox-icon-above-title uagb-infobox-image-valign-top wp-block-uagb-info-box--has-margin\"><div class=\"uagb-infobox-margin-wrapper\"><div class=\"uagb-ifb-content\"><div class=\"uagb-ifb-title-wrap\"><\/div><p class=\"uagb-ifb-desc\">Nuestra historia comienza con uno de los milagros m\u00e1s profundos de la naturaleza:&nbsp;<strong>Paclitaxel (\u7d2b\u6749\u9187)<\/strong>Este compuesto innovador, derivado del antiguo tejo del Pac\u00edfico (Taxus), revolucion\u00f3 la medicina moderna. Es un poderoso testimonio de la idea de que...&nbsp;<strong>La naturaleza tiene la clave de nuestro bienestar<\/strong>.<br>El descubrimiento del paclitaxel nos inspir\u00f3. Suscit\u00f3 una pregunta simple pero poderosa: si la naturaleza puede brindar soluciones tan profundas para la salud, \u00bfqu\u00e9 otros secretos atemporales guarda para la belleza y el cuidado?<br>Esta pregunta nos llev\u00f3 al coraz\u00f3n de&nbsp;<strong>Medicina Tradicional China (MTC)<\/strong>&nbsp;\u2013 un dep\u00f3sito milenario de conocimiento herbario. En&nbsp;<strong>taxne<\/strong>Nos consideramos exploradores modernos. Honramos el esp\u00edritu de descubrimiento cient\u00edfico que desvel\u00f3 el paclitaxel aplicando el mismo riguroso respeto a esta antigua sabidur\u00eda bot\u00e1nica.<br>Nuestro nombre,&nbsp;<strong>taxne<\/strong>Es un homenaje a este viaje. Refleja el legado cient\u00edfico del Taxus y representa nuestra misi\u00f3n: aprovechar&nbsp;<strong>Nueva energ\u00eda derivada de plantas<\/strong>&nbsp;Para el cuidado moderno del cabello.<br>Seleccionamos meticulosamente potentes hierbas chinas, empleamos modernos m\u00e9todos de extracci\u00f3n para capturar sus esencias activas y las elaboramos en lujosas y eficaces pastillas de champ\u00fa. Cada pastilla Taxne es una fusi\u00f3n de la generosidad de la naturaleza y la dedicaci\u00f3n cient\u00edfica.<br>Taxne es m\u00e1s que un cabello limpio. Es un&nbsp;<strong>Ritual cient\u00edfico para el bienestar del cuero cabelludo<\/strong>, inspirada en la farmacia m\u00e1s sofisticada de la naturaleza.<\/p><div class=\"uagb-ifb-button-wrapper wp-block-button\"><a href=\"https:\/\/taxne.com\/es\/product-category\/herbs-soap\/\" class=\"uagb-infobox-cta-link wp-block-button__link\" target=\"_self\" rel=\"noopener noreferrer\" onclick=\"return true;\"><span class=\"uagb-inline-editing\">Leer m\u00e1s<\/span><\/a><\/div><\/div><\/div><\/div>\n<\/div><\/div>\n\n\n\n<div class=\"wp-block-uagb-container uagb-block-9838c905 alignfull uagb-is-root-container\"><div class=\"uagb-container-inner-blocks-wrap\">\n<div class=\"wp-block-uagb-advanced-heading uagb-block-899619b6\"><h2 class=\"uagb-heading-text\"><strong>Taxne | Rituales capilares con ingredientes vegetales<\/strong><\/h2><p class=\"uagb-desc-text\"><strong>Nuestra filosof\u00eda<\/strong><br>En Taxne, creemos en el poder inteligente de las plantas. Nuestra filosof\u00eda se basa en tres pilares:<br><strong>Inspirado en la ciencia, arraigado en la naturaleza.<\/strong><br>Nos basamos en descubrimientos cient\u00edficos innovadores, como el paclitaxel, para guiar nuestro respeto por el potencial de la naturaleza. No somos cient\u00edficos en un laboratorio, sino guardianes dedicados de lo mejor que la naturaleza nos ofrece para el cuidado del cabello.<br><strong>La pureza de la eficacia.<\/strong><br>Rechazamos los rellenos innecesarios y los qu\u00edmicos agresivos. Cada ingrediente de nuestras pastillas de champ\u00fa cumple una funci\u00f3n: trabaja en armon\u00eda para limpiar, nutrir y restaurar el equilibrio del cuero cabelludo y el cabello.<br><strong>Rituales modernos para sabidur\u00eda antigua.<\/strong><br>Traducimos la profunda sabidur\u00eda de la medicina tradicional china en rituales de cuidado personal simples, lujosos y diarios que se adaptan perfectamente a la vida moderna.<br><strong>Nuestra promesa<\/strong><br>Prometemos entregar\u00a0<strong>honesto, transparente y potente<\/strong>\u00a0Cuidado capilar a base de plantas. Nos comprometemos con pr\u00e1cticas sostenibles, desde el abastecimiento hasta el envasado, porque el respeto por la naturaleza es fundamental para nosotros.<br><strong>Aviso importante:<\/strong><br>Los productos Taxne no est\u00e1n afiliados ni contienen el compuesto farmac\u00e9utico Paclitaxel. La historia de nuestra marca se inspira en el descubrimiento cient\u00edfico del Paclitaxel y sus or\u00edgenes naturales. Nuestros productos son cosm\u00e9ticos y no est\u00e1n destinados a diagnosticar, tratar, curar ni prevenir ninguna enfermedad.<\/p><\/div>\n\n\n\n<div class=\"wp-block-uagb-image aligncenter uagb-block-f49f13f1 wp-block-uagb-image--layout-default wp-block-uagb-image--effect-static wp-block-uagb-image--align-center\"><figure class=\"wp-block-uagb-image__figure\"><img decoding=\"async\" srcset=\"https:\/\/taxne.com\/wp-content\/uploads\/2025\/09\/1-1024x768.jpg ,https:\/\/taxne.com\/wp-content\/uploads\/2025\/09\/1-scaled.jpg 780w, https:\/\/taxne.com\/wp-content\/uploads\/2025\/09\/1-scaled.jpg 360w\" sizes=\"auto, (max-width: 480px) 150px\" src=\"https:\/\/taxne.com\/wp-content\/uploads\/2025\/09\/1-1024x768.jpg\" alt=\"1\" class=\"uag-image-8261\" width=\"1024\" height=\"768\" title=\"1\" loading=\"lazy\" role=\"img\"\/><\/figure><\/div>\n\n\n\n<div class=\"wp-block-uagb-container uagb-layout-grid uagb-block-719d324d\">\n<div class=\"wp-block-uagb-advanced-heading uagb-block-49080780\"><p class=\"uagb-heading-text\"><strong>Inspirado en la ciencia, arraigado en la naturaleza.<\/strong><br>Nos basamos en descubrimientos cient\u00edficos innovadores, como el paclitaxel, para guiar nuestro respeto por el potencial de la naturaleza. No somos cient\u00edficos en un laboratorio, sino guardianes dedicados de lo mejor que la naturaleza nos ofrece para el cuidado del cabello.<br><strong>La pureza de la eficacia.<\/strong><br>Rechazamos los rellenos innecesarios y los qu\u00edmicos agresivos. Cada ingrediente de nuestras pastillas de champ\u00fa cumple una funci\u00f3n: trabaja en armon\u00eda para limpiar, nutrir y restaurar el equilibrio del cuero cabelludo y el cabello.<br><strong>Rituales modernos para sabidur\u00eda antigua.<\/strong><br>Traducimos la profunda sabidur\u00eda de la medicina tradicional china en rituales de cuidado personal simples, lujosos y diarios que se adaptan perfectamente a la vida moderna.<\/p><\/div>\n\n\n\n<div class=\"wp-block-uagb-advanced-heading uagb-block-67da4369\"><p class=\"uagb-heading-text\"><strong>Nuestra promesa<\/strong><br>Prometemos entregar\u00a0<strong>honesto, transparente y potente<\/strong>\u00a0Cuidado capilar a base de plantas. Nos comprometemos con pr\u00e1cticas sostenibles, desde el abastecimiento hasta el envasado, porque el respeto por la naturaleza es fundamental para nosotros.<br><strong>Aviso importante:<\/strong><br>Los productos Taxne no est\u00e1n afiliados ni contienen el compuesto farmac\u00e9utico Paclitaxel. La historia de nuestra marca se inspira en el descubrimiento cient\u00edfico del Paclitaxel y sus or\u00edgenes naturales. Nuestros productos son cosm\u00e9ticos y no est\u00e1n destinados a diagnosticar, tratar, curar ni prevenir ninguna enfermedad.<\/p><\/div>\n<\/div>\n<\/div><\/div>\n\n\n\n<div class=\"wp-block-uagb-container uagb-block-b6050628 alignfull uagb-is-root-container\"><div class=\"uagb-container-inner-blocks-wrap\">\n<div class=\"wp-block-uagb-info-box uagb-block-ea68267b uagb-infobox__content-wrap  uagb-infobox-icon-above-title uagb-infobox-image-valign-top\"><div class=\"uagb-ifb-content\"><div class=\"uagb-ifb-title-wrap\"><h2 class=\"uagb-ifb-title\">\u00bfCansado de la ca\u00edda del cabello?&nbsp;<strong>Taxne | Rituales capilares con ingredientes vegetales<\/strong>!<\/h2><\/div><p class=\"uagb-ifb-desc\">Taxne es m\u00e1s que un cabello limpio. Es un&nbsp;<strong>Ritual cient\u00edfico para el bienestar del cuero cabelludo<\/strong>, inspirada en la farmacia m\u00e1s sofisticada de la naturaleza.<\/p><div class=\"uagb-ifb-button-wrapper wp-block-button\"><a href=\"https:\/\/taxne.com\/es\/product-category\/herbs-soap\/\" class=\"uagb-infobox-cta-link wp-block-button__link\" target=\"_self\" rel=\"noopener noreferrer\" onclick=\"return true;\"><span class=\"uagb-inline-editing\">Ir a la tienda<\/span><\/a><\/div><\/div><\/div>\n<\/div><\/div>","protected":false},"excerpt":{"rendered":"<p>About Us Brand Story : The Inspiration Behind Taxne: Where Science Meets Nature&#8217;s Wisdom Taxne | Plant-Powered Hair Rituals Our PhilosophyAt Taxne, we believe in the intelligent power of plants. Our philosophy is built on three pillars:Inspired by Science, Rooted in Nature.We look to groundbreaking scientific discoveries, like Paclitaxel, to guide our respect for nature&#8217;s [&hellip;]<\/p>\n","protected":false},"author":1,"featured_media":0,"parent":0,"menu_order":0,"comment_status":"closed","ping_status":"closed","template":"","meta":{"_uag_custom_page_level_css":"","site-sidebar-layout":"default","site-content-layout":"plain-container","ast-site-content-layout":"full-width-container","site-content-style":"unboxed","site-sidebar-style":"unboxed","ast-global-header-display":"","ast-banner-title-visibility":"","ast-main-header-display":"","ast-hfb-above-header-display":"","ast-hfb-below-header-display":"","ast-hfb-mobile-header-display":"","site-post-title":"disabled","ast-breadcrumbs-content":"","ast-featured-img":"disabled","footer-sml-layout":"","ast-disable-related-posts":"","theme-transparent-header-meta":"enabled","adv-header-id-meta":"","stick-header-meta":"","header-above-stick-meta":"","header-main-stick-meta":"","header-below-stick-meta":"","astra-migrate-meta-layouts":"set","ast-page-background-enabled":"default","ast-page-background-meta":{"desktop":{"background-color":"","background-image":"","background-repeat":"repeat","background-position":"center center","background-size":"auto","background-attachment":"scroll","background-type":"","background-media":"","overlay-type":"","overlay-color":"","overlay-opacity":"","overlay-gradient":""},"tablet":{"background-color":"","background-image":"","background-repeat":"repeat","background-position":"center center","background-size":"auto","background-attachment":"scroll","background-type":"","background-media":"","overlay-type":"","overlay-color":"","overlay-opacity":"","overlay-gradient":""},"mobile":{"background-color":"","background-image":"","background-repeat":"repeat","background-position":"center center","background-size":"auto","background-attachment":"scroll","background-type":"","background-media":"","overlay-type":"","overlay-color":"","overlay-opacity":"","overlay-gradient":""}},"ast-content-background-meta":{"desktop":{"background-color":"var(--ast-global-color-5)","background-image":"","background-repeat":"repeat","background-position":"center center","background-size":"auto","background-attachment":"scroll","background-type":"","background-media":"","overlay-type":"","overlay-color":"","overlay-opacity":"","overlay-gradient":""},"tablet":{"background-color":"var(--ast-global-color-5)","background-image":"","background-repeat":"repeat","background-position":"center center","background-size":"auto","background-attachment":"scroll","background-type":"","background-media":"","overlay-type":"","overlay-color":"","overlay-opacity":"","overlay-gradient":""},"mobile":{"background-color":"var(--ast-global-color-5)","background-image":"","background-repeat":"repeat","background-position":"center center","background-size":"auto","background-attachment":"scroll","background-type":"","background-media":"","overlay-type":"","overlay-color":"","overlay-opacity":"","overlay-gradient":""}},"footnotes":""},"class_list":["post-119","page","type-page","status-publish","hentry"],"yoast_head":"<!-- This site is optimized with the Yoast SEO plugin v27.4 - https:\/\/yoast.com\/product\/yoast-seo-wordpress\/ -->\n<title>Taxne | Plant-Powered Hair &amp; Skin Care Inspired by Nature&#039;s Intelligence<\/title>\n<meta name=\"description\" content=\"At Taxne, we blend ancient botanical wisdom with modern science to create effective, sustainable care for hair &amp; skin. Discover our story, our natural ingredients, and our eco-conscious mission.\" \/>\n<meta name=\"robots\" content=\"index, follow, max-snippet:-1, max-image-preview:large, max-video-preview:-1\" \/>\n<link rel=\"canonical\" href=\"https:\/\/taxne.com\/es\/sobre-nosotros\/\" \/>\n<meta property=\"og:locale\" content=\"es_ES\" \/>\n<meta property=\"og:type\" content=\"article\" \/>\n<meta property=\"og:title\" content=\"Taxne | Plant-Powered Hair &amp; Skin Care Inspired by Nature&#039;s Intelligence\" \/>\n<meta property=\"og:description\" content=\"At Taxne, we blend ancient botanical wisdom with modern science to create effective, sustainable care for hair &amp; skin. Discover our story, our natural ingredients, and our eco-conscious mission.\" \/>\n<meta property=\"og:url\" content=\"https:\/\/taxne.com\/es\/sobre-nosotros\/\" \/>\n<meta property=\"article:modified_time\" content=\"2025-09-10T04:37:41+00:00\" \/>\n<meta property=\"og:image\" content=\"https:\/\/taxne.com\/wp-content\/uploads\/2025\/09\/1-1024x768.jpg\" \/>\n<meta name=\"twitter:card\" content=\"summary_large_image\" \/>\n<meta name=\"twitter:label1\" content=\"Tiempo de lectura\" \/>\n\t<meta name=\"twitter:data1\" content=\"4 minutos\" \/>\n<script type=\"application\/ld+json\" class=\"yoast-schema-graph\">{\"@context\":\"https:\\\/\\\/schema.org\",\"@graph\":[{\"@type\":\"WebPage\",\"@id\":\"https:\\\/\\\/taxne.com\\\/about-us\\\/\",\"url\":\"https:\\\/\\\/taxne.com\\\/about-us\\\/\",\"name\":\"Taxne | Plant-Powered Hair & Skin Care Inspired by Nature's Intelligence\",\"isPartOf\":{\"@id\":\"https:\\\/\\\/taxne.com\\\/#website\"},\"primaryImageOfPage\":{\"@id\":\"https:\\\/\\\/taxne.com\\\/about-us\\\/#primaryimage\"},\"image\":{\"@id\":\"https:\\\/\\\/taxne.com\\\/about-us\\\/#primaryimage\"},\"thumbnailUrl\":\"https:\\\/\\\/taxne.com\\\/wp-content\\\/uploads\\\/2025\\\/09\\\/1-1024x768.jpg\",\"datePublished\":\"2025-09-09T13:37:46+00:00\",\"dateModified\":\"2025-09-10T04:37:41+00:00\",\"description\":\"At Taxne, we blend ancient botanical wisdom with modern science to create effective, sustainable care for hair & skin. Discover our story, our natural ingredients, and our eco-conscious mission.\",\"breadcrumb\":{\"@id\":\"https:\\\/\\\/taxne.com\\\/about-us\\\/#breadcrumb\"},\"inLanguage\":\"es\",\"potentialAction\":[{\"@type\":\"ReadAction\",\"target\":[\"https:\\\/\\\/taxne.com\\\/about-us\\\/\"]}]},{\"@type\":\"ImageObject\",\"inLanguage\":\"es\",\"@id\":\"https:\\\/\\\/taxne.com\\\/about-us\\\/#primaryimage\",\"url\":\"https:\\\/\\\/taxne.com\\\/wp-content\\\/uploads\\\/2025\\\/09\\\/1-1024x768.jpg\",\"contentUrl\":\"https:\\\/\\\/taxne.com\\\/wp-content\\\/uploads\\\/2025\\\/09\\\/1-1024x768.jpg\"},{\"@type\":\"BreadcrumbList\",\"@id\":\"https:\\\/\\\/taxne.com\\\/about-us\\\/#breadcrumb\",\"itemListElement\":[{\"@type\":\"ListItem\",\"position\":1,\"name\":\"\u9996\u9875\",\"item\":\"https:\\\/\\\/taxne.com\\\/\"},{\"@type\":\"ListItem\",\"position\":2,\"name\":\"About Us\"}]},{\"@type\":\"WebSite\",\"@id\":\"https:\\\/\\\/taxne.com\\\/#website\",\"url\":\"https:\\\/\\\/taxne.com\\\/\",\"name\":\"taxne.com\",\"description\":\"\",\"publisher\":{\"@id\":\"https:\\\/\\\/taxne.com\\\/#organization\"},\"potentialAction\":[{\"@type\":\"SearchAction\",\"target\":{\"@type\":\"EntryPoint\",\"urlTemplate\":\"https:\\\/\\\/taxne.com\\\/?s={search_term_string}\"},\"query-input\":{\"@type\":\"PropertyValueSpecification\",\"valueRequired\":true,\"valueName\":\"search_term_string\"}}],\"inLanguage\":\"es\"},{\"@type\":\"Organization\",\"@id\":\"https:\\\/\\\/taxne.com\\\/#organization\",\"name\":\"taxne.com\",\"url\":\"https:\\\/\\\/taxne.com\\\/\",\"logo\":{\"@type\":\"ImageObject\",\"inLanguage\":\"es\",\"@id\":\"https:\\\/\\\/taxne.com\\\/#\\\/schema\\\/logo\\\/image\\\/\",\"url\":\"https:\\\/\\\/taxne.com\\\/wp-content\\\/uploads\\\/2025\\\/09\\\/cropped-logo.png\",\"contentUrl\":\"https:\\\/\\\/taxne.com\\\/wp-content\\\/uploads\\\/2025\\\/09\\\/cropped-logo.png\",\"width\":1027,\"height\":270,\"caption\":\"taxne.com\"},\"image\":{\"@id\":\"https:\\\/\\\/taxne.com\\\/#\\\/schema\\\/logo\\\/image\\\/\"}}]}<\/script>\n<!-- \/ Yoast SEO plugin. -->","yoast_head_json":{"title":"Taxne | Cuidado del cabello y la piel a base de plantas, inspirado en la inteligencia de la naturaleza","description":"En Taxne, combinamos la sabidur\u00eda bot\u00e1nica ancestral con la ciencia moderna para crear un cuidado eficaz y sostenible para el cabello y la piel. Descubre nuestra historia, nuestros ingredientes naturales y nuestra misi\u00f3n ecoconsciente.","robots":{"index":"index","follow":"follow","max-snippet":"max-snippet:-1","max-image-preview":"max-image-preview:large","max-video-preview":"max-video-preview:-1"},"canonical":"https:\/\/taxne.com\/es\/sobre-nosotros\/","og_locale":"es_ES","og_type":"article","og_title":"Taxne | Plant-Powered Hair & Skin Care Inspired by Nature's Intelligence","og_description":"At Taxne, we blend ancient botanical wisdom with modern science to create effective, sustainable care for hair & skin. Discover our story, our natural ingredients, and our eco-conscious mission.","og_url":"https:\/\/taxne.com\/es\/sobre-nosotros\/","article_modified_time":"2025-09-10T04:37:41+00:00","og_image":[{"url":"https:\/\/taxne.com\/wp-content\/uploads\/2025\/09\/1-1024x768.jpg","type":"","width":"","height":""}],"twitter_card":"summary_large_image","twitter_misc":{"Tiempo de lectura":"4 minutos"},"schema":{"@context":"https:\/\/schema.org","@graph":[{"@type":"WebPage","@id":"https:\/\/taxne.com\/about-us\/","url":"https:\/\/taxne.com\/about-us\/","name":"Taxne | Cuidado del cabello y la piel a base de plantas, inspirado en la inteligencia de la naturaleza","isPartOf":{"@id":"https:\/\/taxne.com\/#website"},"primaryImageOfPage":{"@id":"https:\/\/taxne.com\/about-us\/#primaryimage"},"image":{"@id":"https:\/\/taxne.com\/about-us\/#primaryimage"},"thumbnailUrl":"https:\/\/taxne.com\/wp-content\/uploads\/2025\/09\/1-1024x768.jpg","datePublished":"2025-09-09T13:37:46+00:00","dateModified":"2025-09-10T04:37:41+00:00","description":"En Taxne, combinamos la sabidur\u00eda bot\u00e1nica ancestral con la ciencia moderna para crear un cuidado eficaz y sostenible para el cabello y la piel. Descubre nuestra historia, nuestros ingredientes naturales y nuestra misi\u00f3n ecoconsciente.","breadcrumb":{"@id":"https:\/\/taxne.com\/about-us\/#breadcrumb"},"inLanguage":"es","potentialAction":[{"@type":"ReadAction","target":["https:\/\/taxne.com\/about-us\/"]}]},{"@type":"ImageObject","inLanguage":"es","@id":"https:\/\/taxne.com\/about-us\/#primaryimage","url":"https:\/\/taxne.com\/wp-content\/uploads\/2025\/09\/1-1024x768.jpg","contentUrl":"https:\/\/taxne.com\/wp-content\/uploads\/2025\/09\/1-1024x768.jpg"},{"@type":"BreadcrumbList","@id":"https:\/\/taxne.com\/about-us\/#breadcrumb","itemListElement":[{"@type":"ListItem","position":1,"name":"\u9996\u9875","item":"https:\/\/taxne.com\/"},{"@type":"ListItem","position":2,"name":"About Us"}]},{"@type":"WebSite","@id":"https:\/\/taxne.com\/#website","url":"https:\/\/taxne.com\/","name":"taxne.com","description":"","publisher":{"@id":"https:\/\/taxne.com\/#organization"},"potentialAction":[{"@type":"SearchAction","target":{"@type":"EntryPoint","urlTemplate":"https:\/\/taxne.com\/?s={search_term_string}"},"query-input":{"@type":"PropertyValueSpecification","valueRequired":true,"valueName":"search_term_string"}}],"inLanguage":"es"},{"@type":"Organization","@id":"https:\/\/taxne.com\/#organization","name":"taxne.com","url":"https:\/\/taxne.com\/","logo":{"@type":"ImageObject","inLanguage":"es","@id":"https:\/\/taxne.com\/#\/schema\/logo\/image\/","url":"https:\/\/taxne.com\/wp-content\/uploads\/2025\/09\/cropped-logo.png","contentUrl":"https:\/\/taxne.com\/wp-content\/uploads\/2025\/09\/cropped-logo.png","width":1027,"height":270,"caption":"taxne.com"},"image":{"@id":"https:\/\/taxne.com\/#\/schema\/logo\/image\/"}}]}},"uagb_featured_image_src":{"full":false,"thumbnail":false,"medium":false,"medium_large":false,"large":false,"1536x1536":false,"2048x2048":false,"trp-custom-language-flag":false,"woocommerce_thumbnail":false,"woocommerce_single":false,"woocommerce_gallery_thumbnail":false},"uagb_author_info":{"display_name":"tianke1223@gmail.com","author_link":"https:\/\/taxne.com\/es\/author\/tianke1223gmail-com\/"},"uagb_comment_info":0,"uagb_excerpt":"About Us Brand Story : The Inspiration Behind Taxne: Where Science Meets Nature&#8217;s Wisdom Taxne | Plant-Powered Hair Rituals Our PhilosophyAt Taxne, we believe in the intelligent power of plants. Our philosophy is built on three pillars:Inspired by Science, Rooted in Nature.We look to groundbreaking scientific discoveries, like Paclitaxel, to guide our respect for nature&#8217;s&hellip;","jetpack_sharing_enabled":true,"_links":{"self":[{"href":"https:\/\/taxne.com\/es\/wp-json\/wp\/v2\/pages\/119","targetHints":{"allow":["GET"]}}],"collection":[{"href":"https:\/\/taxne.com\/es\/wp-json\/wp\/v2\/pages"}],"about":[{"href":"https:\/\/taxne.com\/es\/wp-json\/wp\/v2\/types\/page"}],"author":[{"embeddable":true,"href":"https:\/\/taxne.com\/es\/wp-json\/wp\/v2\/users\/1"}],"replies":[{"embeddable":true,"href":"https:\/\/taxne.com\/es\/wp-json\/wp\/v2\/comments?post=119"}],"version-history":[{"count":8,"href":"https:\/\/taxne.com\/es\/wp-json\/wp\/v2\/pages\/119\/revisions"}],"predecessor-version":[{"id":8279,"href":"https:\/\/taxne.com\/es\/wp-json\/wp\/v2\/pages\/119\/revisions\/8279"}],"wp:attachment":[{"href":"https:\/\/taxne.com\/es\/wp-json\/wp\/v2\/media?parent=119"}],"curies":[{"name":"wp","href":"https:\/\/api.w.org\/{rel}","templated":true}]}}