{"id":2123,"date":"2024-07-15T03:51:33","date_gmt":"2024-07-15T03:51:33","guid":{"rendered":"https:\/\/taxne.com\/?page_id=2123"},"modified":"2025-09-10T09:07:15","modified_gmt":"2025-09-10T09:07:15","slug":"payment-policy","status":"publish","type":"page","link":"https:\/\/taxne.com\/es\/politica-de-pago\/","title":{"rendered":"Pol\u00edtica de pago"},"content":{"rendered":"<p>M\u00c9TODO DE PAGO<\/p>\n\n\n\n<p>Aceptamos tarjetas Visa, MasterCard y American Express.<\/p>\n\n\n\n<p>Tambi\u00e9n puedes optar por pagar con PayPal. Al seleccionar esta opci\u00f3n al finalizar la compra, se le dirigir\u00e1 al sitio de PayPal para completar su compra antes de regresar a <a target=\"_blank\" href=\"https:\/\/taxne.com\/es\/\" rel=\"noreferrer noopener\">Taxne.com<\/a><a target=\"_blank\" href=\"http:\/\/diabeticbuy.com\/\" rel=\"noreferrer noopener\">.<\/a><\/p>\n\n\n\n<p><a target=\"_blank\" href=\"http:\/\/diabetesbuy.com\/\" rel=\"noreferrer noopener\">Si la tarjeta transacti<\/a>Si se aprueba, el monto quedar\u00e1 en reserva.<a target=\"_blank\" href=\"https:\/\/taxne.com\/es\/\" rel=\"noreferrer noopener\">ed inmediatamente Taxne.com<\/a> y recibir\u00e1s una confirmaci\u00f3n del pedido en tu correo electr\u00f3nico. Si no se aprueba la transacci\u00f3n con tarjeta de cr\u00e9dito, su pedido ser\u00e1 cancelado. Por favor contacte a su banco o<a target=\"_blank\" href=\"http:\/\/diabetesbuy.com\/\" rel=\"noreferrer noopener\"> proveedor de tarjeta si<\/a> tienes alguna pregunta sobre esto.<\/p>\n\n\n\n<p>SEGURIDAD DE PAGO<\/p>\n\n\n\n<p><a target=\"_blank\" href=\"https:\/\/taxne.com\/es\/\" rel=\"noreferrer noopener\">Taxne.com<\/a> utiliza tecnolog\u00eda Secure Socket Layer (SSL) para cifrar y proteger los datos que nos env\u00eda a trav\u00e9s de Internet. Si SSL est\u00e1 habilitado, ver\u00e1 un candado en la parte superior de su navegador y podr\u00e1 hacer clic en \u00e9l para averiguarlo. <a target=\"_blank\" href=\"http:\/\/diabetesbuy.com\/\" rel=\"noreferrer noopener\">m\u00e1s informaci\u00f3n <\/a>encima<a target=\"_blank\" href=\"http:\/\/diabetesbuy.com\/\" rel=\"noreferrer noopener\">ut el SSL digital<\/a> registro del certificado.<\/p>\n\n\n\n<p>Tambi\u00e9n notar\u00e1s que cuando mires la URL en la parte superior del navegador ver\u00e1s que comienza con &#039;https&#039; en lugar de &#039;http&#039;. Esto significa que est\u00e1s en modo seguro.<\/p>\n\n\n\n<p><a target=\"_blank\" href=\"https:\/\/taxne.com\/es\/\" rel=\"noreferrer noopener\">Taxne.com <\/a>est\u00e1 registrado en Cybertrust como un sitio aut\u00e9ntico. <a target=\"_blank\" href=\"http:\/\/diabetesbuy.com\/\" rel=\"noreferrer noopener\">Esto asegura que <\/a>su informaci\u00f3n se mantiene privada entre su navegador web y nuestro servidor web.<\/p>\n\n\n\n<p>Si el emisor de su tarjeta tiene su sede en la UE, es posible que se le solicite que verifique su pago.<a target=\"_blank\" href=\"http:\/\/diabetesbuy.com\/\" rel=\"noreferrer noopener\">debido a un nuevo requisito<\/a>rement bajo la segunda Directiva de Servicios de Pago (PSD2). Se le dirigir\u00e1 a una p\u00e1gina dedicada para ingresar m\u00e1s informaci\u00f3n o se le pedir\u00e1 que autorice <a target=\"_blank\" href=\"http:\/\/diabetesbuy.com\/\" rel=\"noreferrer noopener\">el pago usando <\/a>tu telefono movil. Una vez completado, volver\u00e1 a <a target=\"_blank\" href=\"https:\/\/taxne.com\/es\/\" rel=\"noreferrer noopener\">Taxne.com<\/a><a target=\"_blank\" href=\"http:\/\/diabeticbuy.com\/\" rel=\"noreferrer noopener\">.<\/a><\/p>","protected":false},"excerpt":{"rendered":"<p>PAYMENT METHOD We accept Visa, MasterCard and American Express cards. You can also choose to pay with PayPal. When selecting this option at checkout, you will be directed to the PayPal site to complete your purchase before returning to Taxne.com. If the card transaction is approved, the amount will be reserved immediately Taxne.com and you [&hellip;]<\/p>\n","protected":false},"author":1,"featured_media":0,"parent":0,"menu_order":0,"comment_status":"closed","ping_status":"closed","template":"","meta":{"_uag_custom_page_level_css":"","site-sidebar-layout":"default","site-content-layout":"","ast-site-content-layout":"default","site-content-style":"default","site-sidebar-style":"default","ast-global-header-display":"","ast-banner-title-visibility":"","ast-main-header-display":"","ast-hfb-above-header-display":"","ast-hfb-below-header-display":"","ast-hfb-mobile-header-display":"","site-post-title":"","ast-breadcrumbs-content":"","ast-featured-img":"","footer-sml-layout":"","ast-disable-related-posts":"","theme-transparent-header-meta":"","adv-header-id-meta":"","stick-header-meta":"","header-above-stick-meta":"","header-main-stick-meta":"","header-below-stick-meta":"","astra-migrate-meta-layouts":"set","ast-page-background-enabled":"default","ast-page-background-meta":{"desktop":{"background-color":"","background-image":"","background-repeat":"repeat","background-position":"center center","background-size":"auto","background-attachment":"scroll","background-type":"","background-media":"","overlay-type":"","overlay-color":"","overlay-opacity":"","overlay-gradient":""},"tablet":{"background-color":"","background-image":"","background-repeat":"repeat","background-position":"center center","background-size":"auto","background-attachment":"scroll","background-type":"","background-media":"","overlay-type":"","overlay-color":"","overlay-opacity":"","overlay-gradient":""},"mobile":{"background-color":"","background-image":"","background-repeat":"repeat","background-position":"center center","background-size":"auto","background-attachment":"scroll","background-type":"","background-media":"","overlay-type":"","overlay-color":"","overlay-opacity":"","overlay-gradient":""}},"ast-content-background-meta":{"desktop":{"background-color":"var(--ast-global-color-5)","background-image":"","background-repeat":"repeat","background-position":"center center","background-size":"auto","background-attachment":"scroll","background-type":"","background-media":"","overlay-type":"","overlay-color":"","overlay-opacity":"","overlay-gradient":""},"tablet":{"background-color":"var(--ast-global-color-5)","background-image":"","background-repeat":"repeat","background-position":"center center","background-size":"auto","background-attachment":"scroll","background-type":"","background-media":"","overlay-type":"","overlay-color":"","overlay-opacity":"","overlay-gradient":""},"mobile":{"background-color":"var(--ast-global-color-5)","background-image":"","background-repeat":"repeat","background-position":"center center","background-size":"auto","background-attachment":"scroll","background-type":"","background-media":"","overlay-type":"","overlay-color":"","overlay-opacity":"","overlay-gradient":""}},"footnotes":""},"class_list":["post-2123","page","type-page","status-publish","hentry"],"yoast_head":"<!-- This site is optimized with the Yoast SEO plugin v27.3 - https:\/\/yoast.com\/product\/yoast-seo-wordpress\/ -->\n<title>Secure Payment Options &amp; Policy | Accepted Methods &amp; Info | Taxne<\/title>\n<meta name=\"description\" content=\"View Taxne&#039;s secure payment policy. We accept all major credit cards, PayPal, and more. Your transactions are encrypted and protected. Questions about refunds or payment methods? Find answers here.\" \/>\n<meta name=\"robots\" content=\"index, follow, max-snippet:-1, max-image-preview:large, max-video-preview:-1\" \/>\n<link rel=\"canonical\" href=\"https:\/\/taxne.com\/es\/politica-de-pago\/\" \/>\n<meta property=\"og:locale\" content=\"es_ES\" \/>\n<meta property=\"og:type\" content=\"article\" \/>\n<meta property=\"og:title\" content=\"Secure Payment Options &amp; Policy | Accepted Methods &amp; Info | Taxne\" \/>\n<meta property=\"og:description\" content=\"View Taxne&#039;s secure payment policy. We accept all major credit cards, PayPal, and more. Your transactions are encrypted and protected. Questions about refunds or payment methods? Find answers here.\" \/>\n<meta property=\"og:url\" content=\"https:\/\/taxne.com\/es\/politica-de-pago\/\" \/>\n<meta property=\"article:modified_time\" content=\"2025-09-10T09:07:15+00:00\" \/>\n<meta name=\"twitter:card\" content=\"summary_large_image\" \/>\n<meta name=\"twitter:label1\" content=\"Tiempo de lectura\" \/>\n\t<meta name=\"twitter:data1\" content=\"2 minutos\" \/>\n<script type=\"application\/ld+json\" class=\"yoast-schema-graph\">{\"@context\":\"https:\\\/\\\/schema.org\",\"@graph\":[{\"@type\":\"WebPage\",\"@id\":\"https:\\\/\\\/taxne.com\\\/payment-policy\\\/\",\"url\":\"https:\\\/\\\/taxne.com\\\/payment-policy\\\/\",\"name\":\"Secure Payment Options & Policy | Accepted Methods & Info | Taxne\",\"isPartOf\":{\"@id\":\"https:\\\/\\\/taxne.com\\\/#website\"},\"datePublished\":\"2024-07-15T03:51:33+00:00\",\"dateModified\":\"2025-09-10T09:07:15+00:00\",\"description\":\"View Taxne's secure payment policy. We accept all major credit cards, PayPal, and more. Your transactions are encrypted and protected. Questions about refunds or payment methods? Find answers here.\",\"breadcrumb\":{\"@id\":\"https:\\\/\\\/taxne.com\\\/payment-policy\\\/#breadcrumb\"},\"inLanguage\":\"es\",\"potentialAction\":[{\"@type\":\"ReadAction\",\"target\":[\"https:\\\/\\\/taxne.com\\\/payment-policy\\\/\"]}]},{\"@type\":\"BreadcrumbList\",\"@id\":\"https:\\\/\\\/taxne.com\\\/payment-policy\\\/#breadcrumb\",\"itemListElement\":[{\"@type\":\"ListItem\",\"position\":1,\"name\":\"\u9996\u9875\",\"item\":\"https:\\\/\\\/taxne.com\\\/\"},{\"@type\":\"ListItem\",\"position\":2,\"name\":\"Payment Policy\"}]},{\"@type\":\"WebSite\",\"@id\":\"https:\\\/\\\/taxne.com\\\/#website\",\"url\":\"https:\\\/\\\/taxne.com\\\/\",\"name\":\"taxne.com\",\"description\":\"\",\"publisher\":{\"@id\":\"https:\\\/\\\/taxne.com\\\/#organization\"},\"potentialAction\":[{\"@type\":\"SearchAction\",\"target\":{\"@type\":\"EntryPoint\",\"urlTemplate\":\"https:\\\/\\\/taxne.com\\\/?s={search_term_string}\"},\"query-input\":{\"@type\":\"PropertyValueSpecification\",\"valueRequired\":true,\"valueName\":\"search_term_string\"}}],\"inLanguage\":\"es\"},{\"@type\":\"Organization\",\"@id\":\"https:\\\/\\\/taxne.com\\\/#organization\",\"name\":\"taxne.com\",\"url\":\"https:\\\/\\\/taxne.com\\\/\",\"logo\":{\"@type\":\"ImageObject\",\"inLanguage\":\"es\",\"@id\":\"https:\\\/\\\/taxne.com\\\/#\\\/schema\\\/logo\\\/image\\\/\",\"url\":\"https:\\\/\\\/taxne.com\\\/wp-content\\\/uploads\\\/2025\\\/09\\\/cropped-logo.png\",\"contentUrl\":\"https:\\\/\\\/taxne.com\\\/wp-content\\\/uploads\\\/2025\\\/09\\\/cropped-logo.png\",\"width\":1027,\"height\":270,\"caption\":\"taxne.com\"},\"image\":{\"@id\":\"https:\\\/\\\/taxne.com\\\/#\\\/schema\\\/logo\\\/image\\\/\"}}]}<\/script>\n<!-- \/ Yoast SEO plugin. -->","yoast_head_json":{"title":"Opciones y pol\u00edtica de pago seguro | M\u00e9todos aceptados e informaci\u00f3n | Taxne","description":"Consulte la pol\u00edtica de pagos seguros de Taxne. Aceptamos todas las principales tarjetas de cr\u00e9dito, PayPal y m\u00e1s. Sus transacciones est\u00e1n encriptadas y protegidas. \u00bfTiene preguntas sobre reembolsos o m\u00e9todos de pago? Encuentre las respuestas aqu\u00ed.","robots":{"index":"index","follow":"follow","max-snippet":"max-snippet:-1","max-image-preview":"max-image-preview:large","max-video-preview":"max-video-preview:-1"},"canonical":"https:\/\/taxne.com\/es\/politica-de-pago\/","og_locale":"es_ES","og_type":"article","og_title":"Secure Payment Options & Policy | Accepted Methods & Info | Taxne","og_description":"View Taxne's secure payment policy. We accept all major credit cards, PayPal, and more. Your transactions are encrypted and protected. Questions about refunds or payment methods? Find answers here.","og_url":"https:\/\/taxne.com\/es\/politica-de-pago\/","article_modified_time":"2025-09-10T09:07:15+00:00","twitter_card":"summary_large_image","twitter_misc":{"Tiempo de lectura":"2 minutos"},"schema":{"@context":"https:\/\/schema.org","@graph":[{"@type":"WebPage","@id":"https:\/\/taxne.com\/payment-policy\/","url":"https:\/\/taxne.com\/payment-policy\/","name":"Opciones y pol\u00edtica de pago seguro | M\u00e9todos aceptados e informaci\u00f3n | Taxne","isPartOf":{"@id":"https:\/\/taxne.com\/#website"},"datePublished":"2024-07-15T03:51:33+00:00","dateModified":"2025-09-10T09:07:15+00:00","description":"Consulte la pol\u00edtica de pagos seguros de Taxne. Aceptamos todas las principales tarjetas de cr\u00e9dito, PayPal y m\u00e1s. Sus transacciones est\u00e1n encriptadas y protegidas. \u00bfTiene preguntas sobre reembolsos o m\u00e9todos de pago? Encuentre las respuestas aqu\u00ed.","breadcrumb":{"@id":"https:\/\/taxne.com\/payment-policy\/#breadcrumb"},"inLanguage":"es","potentialAction":[{"@type":"ReadAction","target":["https:\/\/taxne.com\/payment-policy\/"]}]},{"@type":"BreadcrumbList","@id":"https:\/\/taxne.com\/payment-policy\/#breadcrumb","itemListElement":[{"@type":"ListItem","position":1,"name":"\u9996\u9875","item":"https:\/\/taxne.com\/"},{"@type":"ListItem","position":2,"name":"Payment Policy"}]},{"@type":"WebSite","@id":"https:\/\/taxne.com\/#website","url":"https:\/\/taxne.com\/","name":"taxne.com","description":"","publisher":{"@id":"https:\/\/taxne.com\/#organization"},"potentialAction":[{"@type":"SearchAction","target":{"@type":"EntryPoint","urlTemplate":"https:\/\/taxne.com\/?s={search_term_string}"},"query-input":{"@type":"PropertyValueSpecification","valueRequired":true,"valueName":"search_term_string"}}],"inLanguage":"es"},{"@type":"Organization","@id":"https:\/\/taxne.com\/#organization","name":"taxne.com","url":"https:\/\/taxne.com\/","logo":{"@type":"ImageObject","inLanguage":"es","@id":"https:\/\/taxne.com\/#\/schema\/logo\/image\/","url":"https:\/\/taxne.com\/wp-content\/uploads\/2025\/09\/cropped-logo.png","contentUrl":"https:\/\/taxne.com\/wp-content\/uploads\/2025\/09\/cropped-logo.png","width":1027,"height":270,"caption":"taxne.com"},"image":{"@id":"https:\/\/taxne.com\/#\/schema\/logo\/image\/"}}]}},"uagb_featured_image_src":{"full":false,"thumbnail":false,"medium":false,"medium_large":false,"large":false,"1536x1536":false,"2048x2048":false,"trp-custom-language-flag":false,"woocommerce_thumbnail":false,"woocommerce_single":false,"woocommerce_gallery_thumbnail":false},"uagb_author_info":{"display_name":"tianke1223@gmail.com","author_link":"https:\/\/taxne.com\/es\/author\/tianke1223gmail-com\/"},"uagb_comment_info":0,"uagb_excerpt":"PAYMENT METHOD We accept Visa, MasterCard and American Express cards. You can also choose to pay with PayPal. When selecting this option at checkout, you will be directed to the PayPal site to complete your purchase before returning to Taxne.com. If the card transaction is approved, the amount will be reserved immediately Taxne.com and you&hellip;","jetpack_sharing_enabled":true,"_links":{"self":[{"href":"https:\/\/taxne.com\/es\/wp-json\/wp\/v2\/pages\/2123","targetHints":{"allow":["GET"]}}],"collection":[{"href":"https:\/\/taxne.com\/es\/wp-json\/wp\/v2\/pages"}],"about":[{"href":"https:\/\/taxne.com\/es\/wp-json\/wp\/v2\/types\/page"}],"author":[{"embeddable":true,"href":"https:\/\/taxne.com\/es\/wp-json\/wp\/v2\/users\/1"}],"replies":[{"embeddable":true,"href":"https:\/\/taxne.com\/es\/wp-json\/wp\/v2\/comments?post=2123"}],"version-history":[{"count":2,"href":"https:\/\/taxne.com\/es\/wp-json\/wp\/v2\/pages\/2123\/revisions"}],"predecessor-version":[{"id":2125,"href":"https:\/\/taxne.com\/es\/wp-json\/wp\/v2\/pages\/2123\/revisions\/2125"}],"wp:attachment":[{"href":"https:\/\/taxne.com\/es\/wp-json\/wp\/v2\/media?parent=2123"}],"curies":[{"name":"wp","href":"https:\/\/api.w.org\/{rel}","templated":true}]}}