{"id":2126,"date":"2024-07-15T03:53:07","date_gmt":"2024-07-15T03:53:07","guid":{"rendered":"https:\/\/taxne.com\/?page_id=2126"},"modified":"2025-09-23T06:24:20","modified_gmt":"2025-09-23T06:24:20","slug":"shipping-policy","status":"publish","type":"page","link":"https:\/\/taxne.com\/es\/politica-de-envios\/","title":{"rendered":"Politica de envios"},"content":{"rendered":"<h1 class=\"wp-block-heading\">POLITICA DE ENVIOS<\/h1>\n\n\n\n<p>A. Costos de env\u00edo<br><br><strong>Tiempo de procesamiento: dentro de las 48 horas<\/strong><\/p>\n\n\n\n<p><strong>Freight: $9.9<\/strong><\/p>\n\n\n\n<p><strong>Shipping fee: Free shipping on orders over $88.88<\/strong><br><br>B. Tiempo l\u00edmite de tr\u00e1nsito, manipulaci\u00f3n y pedidos<br><br>Todos los pedidos se procesan dentro de 1-2 d\u00edas h\u00e1biles.<br>Todos los precios est\u00e1n en USD<br>Tenga en cuenta que podr\u00eda haber ligeras variaciones. Durante los per\u00edodos de rebajas y d\u00edas festivos, la entrega puede demorar m\u00e1s que los plazos estimados anteriormente.<br>Una vez enviado, el pedido no se puede cancelar.<br><strong>taxne<\/strong> Estar\u00e1 sujeto a derechos de aduana en todos los pa\u00edses durante el proceso de env\u00edo, por lo que los consumidores no ser\u00e1n responsables de los costos excesivos.<br>Si no recibe el paquete dentro de los 40 d\u00edas, deseamos que se comunique con nosotros a tiempo. Le ayudaremos a rastrear el paquete o decidiremos si reenviar el producto.<br><br>C. Tiempo de env\u00edo:<br><br>EE. UU.\/CA: 10-20 d\u00edas laborables<br>Europa: 10-20 d\u00edas laborables<br>Medio Oriente: 10-25 d\u00edas laborables<br>Otros: 10-25 d\u00edas laborables<br><br>DEVOLUCIONES Y CAMBIOS<br>F\u00e1cil 30 d\u00edas<br>Ver condiciones y procedimiento en nuestra pol\u00edtica de devoluciones y reembolsos<br><br><br><br><strong>Ponemos especial cuidado en verificar cada pedido que recibimos. Este proceso es uno que nos esforzamos por lograr dentro del plazo para que su pedido se env\u00ede o se env\u00ede al fabricante que env\u00eda su pedido. En determinadas situaciones, nuestro proceso de verificaci\u00f3n de pedidos puede retrasar el env\u00edo de su pedido. Aseg\u00farese de incluir informaci\u00f3n precisa cuando realice su pedido para que, si es necesario, podamos comunicarnos con usted a la informaci\u00f3n que figura en un intento de enviar su pedido el mismo d\u00eda (si est\u00e1 en stock dentro de nuestro almac\u00e9n).<\/strong><br><br><strong>Verifique el estado del stock antes de realizar un pedido, ya que no podemos estimar con precisi\u00f3n los tiempos de tr\u00e1nsito de los art\u00edculos agotados.<\/strong><br><br><strong>Taxne no se hace responsable de la p\u00e9rdida de paquetes robados. Si cree que su paquete se entreg\u00f3 mal, puede comunicarse con nuestro equipo de servicio al cliente y podemos coordinarnos con el servicio de manejo de paquetes para iniciar una investigaci\u00f3n de paquete perdido. Si el servicio de manejo de paquetes no puede localizar el paquete o proporciona documentaci\u00f3n de que el paquete fue entregado en la direcci\u00f3n correcta, la resoluci\u00f3n queda a discreci\u00f3n exclusiva de Taxne, no podemos garantizar un reemplazo o reembolso dependiendo del resultado de la p\u00e9rdida. investigaci\u00f3n del paquete.<\/strong><\/p>","protected":false},"excerpt":{"rendered":"<p>SHIPPING POLICY A. Shipping Costs Processing time: Within 48 hours Freight: $9.9 Shipping fee: Free shipping on orders over $88.88 B. Transit, Handling &amp; Oders Cut Off Time All orders are processed within 1-2 business daysAll prices are in USDPlease note there could be slight During sale and holiday periods, delivery may take longer than [&hellip;]<\/p>\n","protected":false},"author":1,"featured_media":0,"parent":0,"menu_order":0,"comment_status":"closed","ping_status":"closed","template":"","meta":{"_uag_custom_page_level_css":"","site-sidebar-layout":"default","site-content-layout":"","ast-site-content-layout":"default","site-content-style":"default","site-sidebar-style":"default","ast-global-header-display":"","ast-banner-title-visibility":"","ast-main-header-display":"","ast-hfb-above-header-display":"","ast-hfb-below-header-display":"","ast-hfb-mobile-header-display":"","site-post-title":"","ast-breadcrumbs-content":"","ast-featured-img":"","footer-sml-layout":"","ast-disable-related-posts":"","theme-transparent-header-meta":"","adv-header-id-meta":"","stick-header-meta":"","header-above-stick-meta":"","header-main-stick-meta":"","header-below-stick-meta":"","astra-migrate-meta-layouts":"set","ast-page-background-enabled":"default","ast-page-background-meta":{"desktop":{"background-color":"","background-image":"","background-repeat":"repeat","background-position":"center center","background-size":"auto","background-attachment":"scroll","background-type":"","background-media":"","overlay-type":"","overlay-color":"","overlay-opacity":"","overlay-gradient":""},"tablet":{"background-color":"","background-image":"","background-repeat":"repeat","background-position":"center center","background-size":"auto","background-attachment":"scroll","background-type":"","background-media":"","overlay-type":"","overlay-color":"","overlay-opacity":"","overlay-gradient":""},"mobile":{"background-color":"","background-image":"","background-repeat":"repeat","background-position":"center center","background-size":"auto","background-attachment":"scroll","background-type":"","background-media":"","overlay-type":"","overlay-color":"","overlay-opacity":"","overlay-gradient":""}},"ast-content-background-meta":{"desktop":{"background-color":"var(--ast-global-color-5)","background-image":"","background-repeat":"repeat","background-position":"center center","background-size":"auto","background-attachment":"scroll","background-type":"","background-media":"","overlay-type":"","overlay-color":"","overlay-opacity":"","overlay-gradient":""},"tablet":{"background-color":"var(--ast-global-color-5)","background-image":"","background-repeat":"repeat","background-position":"center center","background-size":"auto","background-attachment":"scroll","background-type":"","background-media":"","overlay-type":"","overlay-color":"","overlay-opacity":"","overlay-gradient":""},"mobile":{"background-color":"var(--ast-global-color-5)","background-image":"","background-repeat":"repeat","background-position":"center center","background-size":"auto","background-attachment":"scroll","background-type":"","background-media":"","overlay-type":"","overlay-color":"","overlay-opacity":"","overlay-gradient":""}},"footnotes":""},"class_list":["post-2126","page","type-page","status-publish","hentry"],"yoast_head":"<!-- This site is optimized with the Yoast SEO plugin v27.3 - https:\/\/yoast.com\/product\/yoast-seo-wordpress\/ -->\n<title>Shipping Policy | Delivery Times, Costs &amp; Tracking | Taxne<\/title>\n<meta name=\"description\" content=\"Explore Taxne\u2019s shipping policy: delivery timelines, free shipping thresholds, and tracking. We ship globally with care. Questions about your order? Find all details here.\" \/>\n<meta name=\"robots\" content=\"index, follow, max-snippet:-1, max-image-preview:large, max-video-preview:-1\" \/>\n<link rel=\"canonical\" href=\"https:\/\/taxne.com\/es\/politica-de-envios\/\" \/>\n<meta property=\"og:locale\" content=\"es_ES\" \/>\n<meta property=\"og:type\" content=\"article\" \/>\n<meta property=\"og:title\" content=\"Shipping Policy | Delivery Times, Costs &amp; Tracking | Taxne\" \/>\n<meta property=\"og:description\" content=\"Explore Taxne\u2019s shipping policy: delivery timelines, free shipping thresholds, and tracking. We ship globally with care. Questions about your order? Find all details here.\" \/>\n<meta property=\"og:url\" content=\"https:\/\/taxne.com\/es\/politica-de-envios\/\" \/>\n<meta property=\"article:modified_time\" content=\"2025-09-23T06:24:20+00:00\" \/>\n<meta name=\"twitter:card\" content=\"summary_large_image\" \/>\n<meta name=\"twitter:label1\" content=\"Tiempo de lectura\" \/>\n\t<meta name=\"twitter:data1\" content=\"2 minutos\" \/>\n<script type=\"application\/ld+json\" class=\"yoast-schema-graph\">{\"@context\":\"https:\\\/\\\/schema.org\",\"@graph\":[{\"@type\":\"WebPage\",\"@id\":\"https:\\\/\\\/taxne.com\\\/shipping-policy\\\/\",\"url\":\"https:\\\/\\\/taxne.com\\\/shipping-policy\\\/\",\"name\":\"Shipping Policy | Delivery Times, Costs & Tracking | Taxne\",\"isPartOf\":{\"@id\":\"https:\\\/\\\/taxne.com\\\/#website\"},\"datePublished\":\"2024-07-15T03:53:07+00:00\",\"dateModified\":\"2025-09-23T06:24:20+00:00\",\"description\":\"Explore Taxne\u2019s shipping policy: delivery timelines, free shipping thresholds, and tracking. We ship globally with care. Questions about your order? Find all details here.\",\"breadcrumb\":{\"@id\":\"https:\\\/\\\/taxne.com\\\/shipping-policy\\\/#breadcrumb\"},\"inLanguage\":\"es\",\"potentialAction\":[{\"@type\":\"ReadAction\",\"target\":[\"https:\\\/\\\/taxne.com\\\/shipping-policy\\\/\"]}]},{\"@type\":\"BreadcrumbList\",\"@id\":\"https:\\\/\\\/taxne.com\\\/shipping-policy\\\/#breadcrumb\",\"itemListElement\":[{\"@type\":\"ListItem\",\"position\":1,\"name\":\"\u9996\u9875\",\"item\":\"https:\\\/\\\/taxne.com\\\/\"},{\"@type\":\"ListItem\",\"position\":2,\"name\":\"Shipping Policy\"}]},{\"@type\":\"WebSite\",\"@id\":\"https:\\\/\\\/taxne.com\\\/#website\",\"url\":\"https:\\\/\\\/taxne.com\\\/\",\"name\":\"taxne.com\",\"description\":\"\",\"publisher\":{\"@id\":\"https:\\\/\\\/taxne.com\\\/#organization\"},\"potentialAction\":[{\"@type\":\"SearchAction\",\"target\":{\"@type\":\"EntryPoint\",\"urlTemplate\":\"https:\\\/\\\/taxne.com\\\/?s={search_term_string}\"},\"query-input\":{\"@type\":\"PropertyValueSpecification\",\"valueRequired\":true,\"valueName\":\"search_term_string\"}}],\"inLanguage\":\"es\"},{\"@type\":\"Organization\",\"@id\":\"https:\\\/\\\/taxne.com\\\/#organization\",\"name\":\"taxne.com\",\"url\":\"https:\\\/\\\/taxne.com\\\/\",\"logo\":{\"@type\":\"ImageObject\",\"inLanguage\":\"es\",\"@id\":\"https:\\\/\\\/taxne.com\\\/#\\\/schema\\\/logo\\\/image\\\/\",\"url\":\"https:\\\/\\\/taxne.com\\\/wp-content\\\/uploads\\\/2025\\\/09\\\/cropped-logo.png\",\"contentUrl\":\"https:\\\/\\\/taxne.com\\\/wp-content\\\/uploads\\\/2025\\\/09\\\/cropped-logo.png\",\"width\":1027,\"height\":270,\"caption\":\"taxne.com\"},\"image\":{\"@id\":\"https:\\\/\\\/taxne.com\\\/#\\\/schema\\\/logo\\\/image\\\/\"}}]}<\/script>\n<!-- \/ Yoast SEO plugin. -->","yoast_head_json":{"title":"Pol\u00edtica de env\u00edos | Plazos de entrega, costes y seguimiento | Taxne","description":"Explora la pol\u00edtica de env\u00edos de Taxne: plazos de entrega, l\u00edmites de env\u00edo gratuito y seguimiento. Enviamos a todo el mundo con cuidado. \u00bfTienes alguna pregunta sobre tu pedido? Encuentra todos los detalles aqu\u00ed.","robots":{"index":"index","follow":"follow","max-snippet":"max-snippet:-1","max-image-preview":"max-image-preview:large","max-video-preview":"max-video-preview:-1"},"canonical":"https:\/\/taxne.com\/es\/politica-de-envios\/","og_locale":"es_ES","og_type":"article","og_title":"Shipping Policy | Delivery Times, Costs & Tracking | Taxne","og_description":"Explore Taxne\u2019s shipping policy: delivery timelines, free shipping thresholds, and tracking. We ship globally with care. Questions about your order? Find all details here.","og_url":"https:\/\/taxne.com\/es\/politica-de-envios\/","article_modified_time":"2025-09-23T06:24:20+00:00","twitter_card":"summary_large_image","twitter_misc":{"Tiempo de lectura":"2 minutos"},"schema":{"@context":"https:\/\/schema.org","@graph":[{"@type":"WebPage","@id":"https:\/\/taxne.com\/shipping-policy\/","url":"https:\/\/taxne.com\/shipping-policy\/","name":"Pol\u00edtica de env\u00edos | Plazos de entrega, costes y seguimiento | Taxne","isPartOf":{"@id":"https:\/\/taxne.com\/#website"},"datePublished":"2024-07-15T03:53:07+00:00","dateModified":"2025-09-23T06:24:20+00:00","description":"Explora la pol\u00edtica de env\u00edos de Taxne: plazos de entrega, l\u00edmites de env\u00edo gratuito y seguimiento. Enviamos a todo el mundo con cuidado. \u00bfTienes alguna pregunta sobre tu pedido? Encuentra todos los detalles aqu\u00ed.","breadcrumb":{"@id":"https:\/\/taxne.com\/shipping-policy\/#breadcrumb"},"inLanguage":"es","potentialAction":[{"@type":"ReadAction","target":["https:\/\/taxne.com\/shipping-policy\/"]}]},{"@type":"BreadcrumbList","@id":"https:\/\/taxne.com\/shipping-policy\/#breadcrumb","itemListElement":[{"@type":"ListItem","position":1,"name":"\u9996\u9875","item":"https:\/\/taxne.com\/"},{"@type":"ListItem","position":2,"name":"Shipping Policy"}]},{"@type":"WebSite","@id":"https:\/\/taxne.com\/#website","url":"https:\/\/taxne.com\/","name":"taxne.com","description":"","publisher":{"@id":"https:\/\/taxne.com\/#organization"},"potentialAction":[{"@type":"SearchAction","target":{"@type":"EntryPoint","urlTemplate":"https:\/\/taxne.com\/?s={search_term_string}"},"query-input":{"@type":"PropertyValueSpecification","valueRequired":true,"valueName":"search_term_string"}}],"inLanguage":"es"},{"@type":"Organization","@id":"https:\/\/taxne.com\/#organization","name":"taxne.com","url":"https:\/\/taxne.com\/","logo":{"@type":"ImageObject","inLanguage":"es","@id":"https:\/\/taxne.com\/#\/schema\/logo\/image\/","url":"https:\/\/taxne.com\/wp-content\/uploads\/2025\/09\/cropped-logo.png","contentUrl":"https:\/\/taxne.com\/wp-content\/uploads\/2025\/09\/cropped-logo.png","width":1027,"height":270,"caption":"taxne.com"},"image":{"@id":"https:\/\/taxne.com\/#\/schema\/logo\/image\/"}}]}},"uagb_featured_image_src":{"full":false,"thumbnail":false,"medium":false,"medium_large":false,"large":false,"1536x1536":false,"2048x2048":false,"trp-custom-language-flag":false,"woocommerce_thumbnail":false,"woocommerce_single":false,"woocommerce_gallery_thumbnail":false},"uagb_author_info":{"display_name":"tianke1223@gmail.com","author_link":"https:\/\/taxne.com\/es\/author\/tianke1223gmail-com\/"},"uagb_comment_info":0,"uagb_excerpt":"SHIPPING POLICY A. Shipping Costs Processing time: Within 48 hours Freight: $9.9 Shipping fee: Free shipping on orders over $88.88 B. Transit, Handling &amp; Oders Cut Off Time All orders are processed within 1-2 business daysAll prices are in USDPlease note there could be slight During sale and holiday periods, delivery may take longer than&hellip;","jetpack_sharing_enabled":true,"_links":{"self":[{"href":"https:\/\/taxne.com\/es\/wp-json\/wp\/v2\/pages\/2126","targetHints":{"allow":["GET"]}}],"collection":[{"href":"https:\/\/taxne.com\/es\/wp-json\/wp\/v2\/pages"}],"about":[{"href":"https:\/\/taxne.com\/es\/wp-json\/wp\/v2\/types\/page"}],"author":[{"embeddable":true,"href":"https:\/\/taxne.com\/es\/wp-json\/wp\/v2\/users\/1"}],"replies":[{"embeddable":true,"href":"https:\/\/taxne.com\/es\/wp-json\/wp\/v2\/comments?post=2126"}],"version-history":[{"count":3,"href":"https:\/\/taxne.com\/es\/wp-json\/wp\/v2\/pages\/2126\/revisions"}],"predecessor-version":[{"id":8379,"href":"https:\/\/taxne.com\/es\/wp-json\/wp\/v2\/pages\/2126\/revisions\/8379"}],"wp:attachment":[{"href":"https:\/\/taxne.com\/es\/wp-json\/wp\/v2\/media?parent=2126"}],"curies":[{"name":"wp","href":"https:\/\/api.w.org\/{rel}","templated":true}]}}