{"id":6727,"date":"2024-09-30T06:05:52","date_gmt":"2024-09-30T06:05:52","guid":{"rendered":"https:\/\/taxne.com\/?post_type=product&#038;p=6727"},"modified":"2025-09-11T02:31:07","modified_gmt":"2025-09-11T02:31:07","slug":"mayinglong-cream-musk-hemorrhoids-ointment-for-relief","status":"publish","type":"product","link":"https:\/\/taxne.com\/es\/producto\/unguento-para-hemorroides-con-crema-de-almizcle-mayinglong-para-aliviar\/","title":{"rendered":"Crema Mayinglong \u2013 Ung\u00fcento de almizcle para aliviar las hemorroides, 5 cajas"},"content":{"rendered":"<p>Mayinglong Musk Hemorrhoids Ointment, [ma ying long she xiang zhi chuang gao], Chinese patent medicine, alias: Mayinglong Hemorrhoids Ointment, English name: Musk Hemorrhoids Ointment<br \/>\nEffects<br \/>\nMayinglong Musk Hemorrhoids Ointment is an antifungal drug, effective against Candida albicans, Coccidioides, Cryptococcus neoformans, Histoplasma capsulatum, Blastomyces dermatitidis, and dermatophytes. The mechanism of action is to inhibit the synthesis of fungal cell membranes and affect their metabolic processes.<br \/>\nWhat diseases can Mayinglong Musk Hemorrhoids Ointment be used to treat?<br \/>\nIt clears away heat and dampness, activates blood circulation and reduces swelling, removes rot and regenerates flesh.<br \/>\nWhat symptoms can Mayinglong Musk Hemorrhoids Ointment be used to relieve?<br \/>\nThis product is used to relieve hemorrhoids and anal fissures caused by damp-heat stasis, with symptoms of bleeding in the stool, or pain and a feeling of falling; it is also used for perianal eczema.<br \/>\nWhat other uses does Mayinglong Musk Hemorrhoid Cream have?<br \/>\nHand-foot syndrome caused by chemotherapy in breast cancer patients; herpes zoster<br \/>\nWhat drugs are often used with Mayinglong Musk Hemorrhoid Cream?<br \/>\nCombined use of Mayinglong Musk Hemorrhoid Cream and Diosmin can treat mixed hemorrhoid postoperative edema.<br \/>\nPrecautions before use<br \/>\nPlease consult a doctor before taking the medicine, and do not use it at will.<br \/>\nWho is strictly prohibited from using Mayinglong Musk Hemorrhoid Cream?<br \/>\nPeople who are allergic to this product are prohibited.<br \/>\nWho needs to use Mayinglong Musk Hemorrhoid Cream with caution?<br \/>\nPeople with allergic constitution, pregnant women, and athletes should use it with caution.<br \/>\nCan special groups use Mayinglong Musk Hemorrhoid Cream?<br \/>\nPregnant and lactating women: Pregnant women should use it with caution or follow the doctor&#8217;s advice, and lactating women should use it under the guidance of a doctor. .<br \/>\n\u00b7Children: Children&#8217;s medication must be carried out under the guidance of a doctor and adult supervision.<br \/>\n\u00b7Elderly: The elderly and infirm should use it under the guidance of a doctor.<br \/>\nWhat drugs will interact with Mayinglong Musk Hemorrhoid Cream?<br \/>\nIf used with other drugs at the same time, drug interactions may occur. Please consult a doctor or pharmacist for details.<br \/>\nUsage and Dosage<br \/>\nWhen used for hemorrhoids with blood in the stool, swelling and pain, the spare injection tube should be gently inserted into the anus and squeezed into about 2 grams of ointment; when used for anal fissures, apply the ointment to the fissure. The anus should be cleaned before applying the medicine.<br \/>\nWhat is the specific usage of Mayinglong Musk Hemorrhoid Cream?<br \/>\nWhen used for hemorrhoids with blood in the stool, swelling and pain, the spare injection tube should be gently inserted into the anus and squeezed into about 2 grams of ointment; when used for anal fissures, apply the ointment to the fissure. The anus should be cleaned before applying the medicine.<br \/>\nInstructions for use<br \/>\nIt only works on external hemorrhoids. Hemorrhoids are divided into internal hemorrhoids, external hemorrhoids, and mixed hemorrhoids. Mayinglong Hemorrhoid Cream works for mild external hemorrhoids, but it can basically not achieve the purpose of curing severe internal hemorrhoids and mixed hemorrhoids.<br \/>\nHow long does it usually take for Mayinglong Musk Hemorrhoid Cream to take effect?<br \/>\n12 hours after Mayinglong Hemorrhoid Cream is applied to the affected area, you will feel that the pain and itching in the affected area will gradually decrease. For hemorrhoids and anal fissures caused by damp heat and blood stasis, if the symptoms are not very serious, the effect can be seen in 1 day, and it is advisable to use it continuously for about 7 days. Under normal circumstances, it takes 5 to 7 days for Mayinglong Hemorrhoid Cream to be effective in the treatment of hemorrhoids, and some patients even need longer.<br \/>\nWhat should I do if I use Mayinglong Musk Hemorrhoid Cream excessively? If an overdose occurs, please consult a doctor in time and take corresponding treatment measures. Please follow the doctor&#8217;s advice for details<br \/>\nWhat are the adverse reactions of Mayinglong Musk Hemorrhoid Cream? It is not clear yet. If you feel any discomfort during the medication, please consult a doctor in time.<br \/>\nUnder what circumstances do you need to stop using Mayinglong Musk Hemorrhoid Cream immediately? If you feel uncomfortable after taking the medicine, please inform the doctor in time. The doctor will judge whether to stop the medicine or take necessary measures according to the severity of the adverse reaction.<\/p>\n","protected":false},"excerpt":{"rendered":"<p>crema mayinglong \u2013 ung\u00fcento para hemorroides con almizcle, ma ying long, hemorroides mayinglong, ung\u00fcento para hemorroides ma ying long, ung\u00fcento mayinglong, crema de ung\u00fcento para hemorroides con almizcle mayinglong, almizcle mayinglong, ung\u00fcento para hemorroides con almizcle mayinglong, supositorio mayinglong, crema para hemorroides con almizcle Mayinglong<br \/>\nLa crema para hemorroides Mayinglong Musk, tambi\u00e9n conocida como crema para hemorroides Mayinglong, es un medicamento de venta libre, un ung\u00fcento de color gris amarillento claro o rosa con un olor fragante y fresco. Elimina el calor y la humedad, promueve la circulaci\u00f3n sangu\u00ednea, reduce la hinchaz\u00f3n, elimina el tejido muerto y regenera la carne nueva, y es adecuada para todo tipo de hemorroides y fisuras anales.<br \/>\nEste producto es para uso externo y est\u00e1 prohibido administrarlo por v\u00eda oral. Las mujeres embarazadas deben usarlo con precauci\u00f3n o seguir el consejo del m\u00e9dico. Las personas al\u00e9rgicas a este producto tienen prohibido usarlo y las personas con constituciones al\u00e9rgicas deben usarlo con precauci\u00f3n. Cuando las hemorroides presentan sangre en las heces, hinchaz\u00f3n y dolor, el tubo de inyecci\u00f3n de repuesto debe insertarse suavemente en el ano y deben introducirse aproximadamente 2 gramos de ung\u00fcento; cuando se usa para fisuras anales, aplicar el ung\u00fcento en la fisura. El ano debe limpiarse antes de aplicar el medicamento.<\/p>","protected":false},"featured_media":6740,"comment_status":"open","ping_status":"closed","template":"","meta":{"_uag_custom_page_level_css":"","site-sidebar-layout":"default","site-content-layout":"","ast-site-content-layout":"default","site-content-style":"default","site-sidebar-style":"default","ast-global-header-display":"","ast-banner-title-visibility":"","ast-main-header-display":"","ast-hfb-above-header-display":"","ast-hfb-below-header-display":"","ast-hfb-mobile-header-display":"","site-post-title":"","ast-breadcrumbs-content":"","ast-featured-img":"","footer-sml-layout":"","ast-disable-related-posts":"","theme-transparent-header-meta":"default","adv-header-id-meta":"","stick-header-meta":"","header-above-stick-meta":"","header-main-stick-meta":"","header-below-stick-meta":"","astra-migrate-meta-layouts":"set","ast-page-background-enabled":"default","ast-page-background-meta":{"desktop":{"background-color":"","background-image":"","background-repeat":"repeat","background-position":"center center","background-size":"auto","background-attachment":"scroll","background-type":"","background-media":"","overlay-type":"","overlay-color":"","overlay-opacity":"","overlay-gradient":""},"tablet":{"background-color":"","background-image":"","background-repeat":"repeat","background-position":"center center","background-size":"auto","background-attachment":"scroll","background-type":"","background-media":"","overlay-type":"","overlay-color":"","overlay-opacity":"","overlay-gradient":""},"mobile":{"background-color":"","background-image":"","background-repeat":"repeat","background-position":"center center","background-size":"auto","background-attachment":"scroll","background-type":"","background-media":"","overlay-type":"","overlay-color":"","overlay-opacity":"","overlay-gradient":""}},"ast-content-background-meta":{"desktop":{"background-color":"var(--ast-global-color-5)","background-image":"","background-repeat":"repeat","background-position":"center center","background-size":"auto","background-attachment":"scroll","background-type":"","background-media":"","overlay-type":"","overlay-color":"","overlay-opacity":"","overlay-gradient":""},"tablet":{"background-color":"var(--ast-global-color-5)","background-image":"","background-repeat":"repeat","background-position":"center center","background-size":"auto","background-attachment":"scroll","background-type":"","background-media":"","overlay-type":"","overlay-color":"","overlay-opacity":"","overlay-gradient":""},"mobile":{"background-color":"var(--ast-global-color-5)","background-image":"","background-repeat":"repeat","background-position":"center center","background-size":"auto","background-attachment":"scroll","background-type":"","background-media":"","overlay-type":"","overlay-color":"","overlay-opacity":"","overlay-gradient":""}}},"product_brand":[],"product_cat":[36],"product_tag":[],"class_list":{"0":"post-6727","1":"product","2":"type-product","3":"status-publish","4":"has-post-thumbnail","6":"product_cat-herbal","7":"desktop-align-left","8":"tablet-align-left","9":"mobile-align-left","11":"first","12":"instock","13":"shipping-taxable","14":"purchasable","15":"product-type-variable","16":"has-default-attributes"},"yoast_head":"<!-- This site is optimized with the Yoast SEO plugin v27.3 - https:\/\/yoast.com\/product\/yoast-seo-wordpress\/ -->\n<title>Mayinglong Cream - Musk Hemorrhoids Ointment for Relief -<\/title>\n<meta name=\"description\" content=\"Mayinglong cream - musk hemorrhoids ointment for fast relief. Explore ma ying long treatments, suppositories, and ointments for hemorrhoid care and comfort.\" \/>\n<meta name=\"robots\" content=\"index, follow, max-snippet:-1, max-image-preview:large, max-video-preview:-1\" \/>\n<link rel=\"canonical\" href=\"https:\/\/taxne.com\/es\/producto\/unguento-para-hemorroides-con-crema-de-almizcle-mayinglong-para-aliviar\/\" \/>\n<meta property=\"og:locale\" content=\"es_ES\" \/>\n<meta property=\"og:type\" content=\"article\" \/>\n<meta property=\"og:title\" content=\"Mayinglong Cream - Musk Hemorrhoids Ointment for Relief -\" \/>\n<meta property=\"og:description\" content=\"Mayinglong cream - musk hemorrhoids ointment for fast relief. Explore ma ying long treatments, suppositories, and ointments for hemorrhoid care and comfort.\" \/>\n<meta property=\"og:url\" content=\"https:\/\/taxne.com\/es\/producto\/unguento-para-hemorroides-con-crema-de-almizcle-mayinglong-para-aliviar\/\" \/>\n<meta property=\"article:modified_time\" content=\"2025-09-11T02:31:07+00:00\" \/>\n<meta property=\"og:image\" content=\"https:\/\/taxne.com\/wp-content\/uploads\/2024\/09\/O1CN01sKTR3p1w4NZ8teaKX_2204188476254.png\" \/>\n\t<meta property=\"og:image:width\" content=\"800\" \/>\n\t<meta property=\"og:image:height\" content=\"800\" \/>\n\t<meta property=\"og:image:type\" content=\"image\/png\" \/>\n<meta name=\"twitter:card\" content=\"summary_large_image\" \/>\n<meta name=\"twitter:label1\" content=\"Tiempo de lectura\" \/>\n\t<meta name=\"twitter:data1\" content=\"5 minutos\" \/>\n<script type=\"application\/ld+json\" class=\"yoast-schema-graph\">{\"@context\":\"https:\\\/\\\/schema.org\",\"@graph\":[{\"@type\":\"WebPage\",\"@id\":\"https:\\\/\\\/taxne.com\\\/product\\\/mayinglong-cream-musk-hemorrhoids-ointment-for-relief\\\/\",\"url\":\"https:\\\/\\\/taxne.com\\\/product\\\/mayinglong-cream-musk-hemorrhoids-ointment-for-relief\\\/\",\"name\":\"Mayinglong Cream - Musk Hemorrhoids Ointment for Relief -\",\"isPartOf\":{\"@id\":\"https:\\\/\\\/taxne.com\\\/#website\"},\"primaryImageOfPage\":{\"@id\":\"https:\\\/\\\/taxne.com\\\/product\\\/mayinglong-cream-musk-hemorrhoids-ointment-for-relief\\\/#primaryimage\"},\"image\":{\"@id\":\"https:\\\/\\\/taxne.com\\\/product\\\/mayinglong-cream-musk-hemorrhoids-ointment-for-relief\\\/#primaryimage\"},\"thumbnailUrl\":\"https:\\\/\\\/taxne.com\\\/wp-content\\\/uploads\\\/2024\\\/09\\\/O1CN01sKTR3p1w4NZ8teaKX_2204188476254.png\",\"datePublished\":\"2024-09-30T06:05:52+00:00\",\"dateModified\":\"2025-09-11T02:31:07+00:00\",\"description\":\"Mayinglong cream - musk hemorrhoids ointment for fast relief. Explore ma ying long treatments, suppositories, and ointments for hemorrhoid care and comfort.\",\"breadcrumb\":{\"@id\":\"https:\\\/\\\/taxne.com\\\/product\\\/mayinglong-cream-musk-hemorrhoids-ointment-for-relief\\\/#breadcrumb\"},\"inLanguage\":\"es\",\"potentialAction\":[{\"@type\":\"ReadAction\",\"target\":[\"https:\\\/\\\/taxne.com\\\/product\\\/mayinglong-cream-musk-hemorrhoids-ointment-for-relief\\\/\"]}]},{\"@type\":\"ImageObject\",\"inLanguage\":\"es\",\"@id\":\"https:\\\/\\\/taxne.com\\\/product\\\/mayinglong-cream-musk-hemorrhoids-ointment-for-relief\\\/#primaryimage\",\"url\":\"https:\\\/\\\/taxne.com\\\/wp-content\\\/uploads\\\/2024\\\/09\\\/O1CN01sKTR3p1w4NZ8teaKX_2204188476254.png\",\"contentUrl\":\"https:\\\/\\\/taxne.com\\\/wp-content\\\/uploads\\\/2024\\\/09\\\/O1CN01sKTR3p1w4NZ8teaKX_2204188476254.png\",\"width\":800,\"height\":800,\"caption\":\"Mayinglong Cream - Musk Hemorrhoids Ointment for Relief\"},{\"@type\":\"BreadcrumbList\",\"@id\":\"https:\\\/\\\/taxne.com\\\/product\\\/mayinglong-cream-musk-hemorrhoids-ointment-for-relief\\\/#breadcrumb\",\"itemListElement\":[{\"@type\":\"ListItem\",\"position\":1,\"name\":\"\u9996\u9875\",\"item\":\"https:\\\/\\\/taxne.com\\\/\"},{\"@type\":\"ListItem\",\"position\":2,\"name\":\"Shop\",\"item\":\"https:\\\/\\\/taxne.com\\\/shop-2\\\/\"},{\"@type\":\"ListItem\",\"position\":3,\"name\":\"Mayinglong Cream &#8211; Musk Hemorrhoids Ointment for Relief 5 boxes\"}]},{\"@type\":\"WebSite\",\"@id\":\"https:\\\/\\\/taxne.com\\\/#website\",\"url\":\"https:\\\/\\\/taxne.com\\\/\",\"name\":\"taxne.com\",\"description\":\"\",\"publisher\":{\"@id\":\"https:\\\/\\\/taxne.com\\\/#organization\"},\"potentialAction\":[{\"@type\":\"SearchAction\",\"target\":{\"@type\":\"EntryPoint\",\"urlTemplate\":\"https:\\\/\\\/taxne.com\\\/?s={search_term_string}\"},\"query-input\":{\"@type\":\"PropertyValueSpecification\",\"valueRequired\":true,\"valueName\":\"search_term_string\"}}],\"inLanguage\":\"es\"},{\"@type\":\"Organization\",\"@id\":\"https:\\\/\\\/taxne.com\\\/#organization\",\"name\":\"taxne.com\",\"url\":\"https:\\\/\\\/taxne.com\\\/\",\"logo\":{\"@type\":\"ImageObject\",\"inLanguage\":\"es\",\"@id\":\"https:\\\/\\\/taxne.com\\\/#\\\/schema\\\/logo\\\/image\\\/\",\"url\":\"https:\\\/\\\/taxne.com\\\/wp-content\\\/uploads\\\/2025\\\/09\\\/cropped-logo.png\",\"contentUrl\":\"https:\\\/\\\/taxne.com\\\/wp-content\\\/uploads\\\/2025\\\/09\\\/cropped-logo.png\",\"width\":1027,\"height\":270,\"caption\":\"taxne.com\"},\"image\":{\"@id\":\"https:\\\/\\\/taxne.com\\\/#\\\/schema\\\/logo\\\/image\\\/\"}}]}<\/script>\n<!-- \/ Yoast SEO plugin. -->","yoast_head_json":{"title":"Mayinglong Cream - Musk Hemorrhoids Ointment for Relief -","description":"Crema Mayinglong: ung\u00fcento de almizcle para hemorroides para un alivio r\u00e1pido. Explore los tratamientos, supositorios y ung\u00fcentos de Mayinglong para el cuidado y el alivio de las hemorroides.","robots":{"index":"index","follow":"follow","max-snippet":"max-snippet:-1","max-image-preview":"max-image-preview:large","max-video-preview":"max-video-preview:-1"},"canonical":"https:\/\/taxne.com\/es\/producto\/unguento-para-hemorroides-con-crema-de-almizcle-mayinglong-para-aliviar\/","og_locale":"es_ES","og_type":"article","og_title":"Mayinglong Cream - Musk Hemorrhoids Ointment for Relief -","og_description":"Mayinglong cream - musk hemorrhoids ointment for fast relief. Explore ma ying long treatments, suppositories, and ointments for hemorrhoid care and comfort.","og_url":"https:\/\/taxne.com\/es\/producto\/unguento-para-hemorroides-con-crema-de-almizcle-mayinglong-para-aliviar\/","article_modified_time":"2025-09-11T02:31:07+00:00","og_image":[{"width":800,"height":800,"url":"https:\/\/taxne.com\/wp-content\/uploads\/2024\/09\/O1CN01sKTR3p1w4NZ8teaKX_2204188476254.png","type":"image\/png"}],"twitter_card":"summary_large_image","twitter_misc":{"Tiempo de lectura":"5 minutos"},"schema":{"@context":"https:\/\/schema.org","@graph":[{"@type":"WebPage","@id":"https:\/\/taxne.com\/product\/mayinglong-cream-musk-hemorrhoids-ointment-for-relief\/","url":"https:\/\/taxne.com\/product\/mayinglong-cream-musk-hemorrhoids-ointment-for-relief\/","name":"Mayinglong Cream - Musk Hemorrhoids Ointment for Relief -","isPartOf":{"@id":"https:\/\/taxne.com\/#website"},"primaryImageOfPage":{"@id":"https:\/\/taxne.com\/product\/mayinglong-cream-musk-hemorrhoids-ointment-for-relief\/#primaryimage"},"image":{"@id":"https:\/\/taxne.com\/product\/mayinglong-cream-musk-hemorrhoids-ointment-for-relief\/#primaryimage"},"thumbnailUrl":"https:\/\/taxne.com\/wp-content\/uploads\/2024\/09\/O1CN01sKTR3p1w4NZ8teaKX_2204188476254.png","datePublished":"2024-09-30T06:05:52+00:00","dateModified":"2025-09-11T02:31:07+00:00","description":"Crema Mayinglong: ung\u00fcento de almizcle para hemorroides para un alivio r\u00e1pido. Explore los tratamientos, supositorios y ung\u00fcentos de Mayinglong para el cuidado y el alivio de las hemorroides.","breadcrumb":{"@id":"https:\/\/taxne.com\/product\/mayinglong-cream-musk-hemorrhoids-ointment-for-relief\/#breadcrumb"},"inLanguage":"es","potentialAction":[{"@type":"ReadAction","target":["https:\/\/taxne.com\/product\/mayinglong-cream-musk-hemorrhoids-ointment-for-relief\/"]}]},{"@type":"ImageObject","inLanguage":"es","@id":"https:\/\/taxne.com\/product\/mayinglong-cream-musk-hemorrhoids-ointment-for-relief\/#primaryimage","url":"https:\/\/taxne.com\/wp-content\/uploads\/2024\/09\/O1CN01sKTR3p1w4NZ8teaKX_2204188476254.png","contentUrl":"https:\/\/taxne.com\/wp-content\/uploads\/2024\/09\/O1CN01sKTR3p1w4NZ8teaKX_2204188476254.png","width":800,"height":800,"caption":"Mayinglong Cream - Musk Hemorrhoids Ointment for Relief"},{"@type":"BreadcrumbList","@id":"https:\/\/taxne.com\/product\/mayinglong-cream-musk-hemorrhoids-ointment-for-relief\/#breadcrumb","itemListElement":[{"@type":"ListItem","position":1,"name":"\u9996\u9875","item":"https:\/\/taxne.com\/"},{"@type":"ListItem","position":2,"name":"Shop","item":"https:\/\/taxne.com\/shop-2\/"},{"@type":"ListItem","position":3,"name":"Mayinglong Cream &#8211; Musk Hemorrhoids Ointment for Relief 5 boxes"}]},{"@type":"WebSite","@id":"https:\/\/taxne.com\/#website","url":"https:\/\/taxne.com\/","name":"taxne.com","description":"","publisher":{"@id":"https:\/\/taxne.com\/#organization"},"potentialAction":[{"@type":"SearchAction","target":{"@type":"EntryPoint","urlTemplate":"https:\/\/taxne.com\/?s={search_term_string}"},"query-input":{"@type":"PropertyValueSpecification","valueRequired":true,"valueName":"search_term_string"}}],"inLanguage":"es"},{"@type":"Organization","@id":"https:\/\/taxne.com\/#organization","name":"taxne.com","url":"https:\/\/taxne.com\/","logo":{"@type":"ImageObject","inLanguage":"es","@id":"https:\/\/taxne.com\/#\/schema\/logo\/image\/","url":"https:\/\/taxne.com\/wp-content\/uploads\/2025\/09\/cropped-logo.png","contentUrl":"https:\/\/taxne.com\/wp-content\/uploads\/2025\/09\/cropped-logo.png","width":1027,"height":270,"caption":"taxne.com"},"image":{"@id":"https:\/\/taxne.com\/#\/schema\/logo\/image\/"}}]}},"uagb_featured_image_src":{"full":["https:\/\/taxne.com\/wp-content\/uploads\/2024\/09\/O1CN01sKTR3p1w4NZ8teaKX_2204188476254.png",800,800,false],"thumbnail":["https:\/\/taxne.com\/wp-content\/uploads\/2024\/09\/O1CN01sKTR3p1w4NZ8teaKX_2204188476254-150x150.png",150,150,true],"medium":["https:\/\/taxne.com\/wp-content\/uploads\/2024\/09\/O1CN01sKTR3p1w4NZ8teaKX_2204188476254-300x300.png",300,300,true],"medium_large":["https:\/\/taxne.com\/wp-content\/uploads\/2024\/09\/O1CN01sKTR3p1w4NZ8teaKX_2204188476254-768x768.png",768,768,true],"large":["https:\/\/taxne.com\/wp-content\/uploads\/2024\/09\/O1CN01sKTR3p1w4NZ8teaKX_2204188476254.png",800,800,false],"1536x1536":["https:\/\/taxne.com\/wp-content\/uploads\/2024\/09\/O1CN01sKTR3p1w4NZ8teaKX_2204188476254.png",800,800,false],"2048x2048":["https:\/\/taxne.com\/wp-content\/uploads\/2024\/09\/O1CN01sKTR3p1w4NZ8teaKX_2204188476254.png",800,800,false],"trp-custom-language-flag":["https:\/\/taxne.com\/wp-content\/uploads\/2024\/09\/O1CN01sKTR3p1w4NZ8teaKX_2204188476254-12x12.png",12,12,true],"woocommerce_thumbnail":["https:\/\/taxne.com\/wp-content\/uploads\/2024\/09\/O1CN01sKTR3p1w4NZ8teaKX_2204188476254-300x300.png",300,300,true],"woocommerce_single":["https:\/\/taxne.com\/wp-content\/uploads\/2024\/09\/O1CN01sKTR3p1w4NZ8teaKX_2204188476254-600x600.png",600,600,true],"woocommerce_gallery_thumbnail":["https:\/\/taxne.com\/wp-content\/uploads\/2024\/09\/O1CN01sKTR3p1w4NZ8teaKX_2204188476254-100x100.png",100,100,true]},"uagb_author_info":{"display_name":"tianke1223@gmail.com","author_link":"https:\/\/taxne.com\/es\/author\/"},"uagb_comment_info":0,"uagb_excerpt":"mayinglong cream - musk hemorrhoids ointment\uff0cma ying long\uff0cmayinglong hemorrhoid\uff0cma ying long hemorrhoids ointment\uff0cmayinglong ointment\uff0cmayinglong musk hemorrhoids ointment cream\uff0cmayinglong musk\uff0cmayinglong musk hemorrhoids ointment\uff0cmayinglong suppository\uff0cMayinglong Musk Hemorrhoid Cream Mayinglong Musk Hemorrhoid Cream, also known as Mayinglong Hemorrhoid Cream, is an over-the-counter medicine, a light gray-yellow or pink ointment with a fragrant and cool smell. It clears away&hellip;","jetpack_sharing_enabled":true,"_links":{"self":[{"href":"https:\/\/taxne.com\/es\/wp-json\/wp\/v2\/product\/6727","targetHints":{"allow":["GET"]}}],"collection":[{"href":"https:\/\/taxne.com\/es\/wp-json\/wp\/v2\/product"}],"about":[{"href":"https:\/\/taxne.com\/es\/wp-json\/wp\/v2\/types\/product"}],"replies":[{"embeddable":true,"href":"https:\/\/taxne.com\/es\/wp-json\/wp\/v2\/comments?post=6727"}],"wp:featuredmedia":[{"embeddable":true,"href":"https:\/\/taxne.com\/es\/wp-json\/wp\/v2\/media\/6740"}],"wp:attachment":[{"href":"https:\/\/taxne.com\/es\/wp-json\/wp\/v2\/media?parent=6727"}],"wp:term":[{"taxonomy":"product_brand","embeddable":true,"href":"https:\/\/taxne.com\/es\/wp-json\/wp\/v2\/product_brand?post=6727"},{"taxonomy":"product_cat","embeddable":true,"href":"https:\/\/taxne.com\/es\/wp-json\/wp\/v2\/product_cat?post=6727"},{"taxonomy":"product_tag","embeddable":true,"href":"https:\/\/taxne.com\/es\/wp-json\/wp\/v2\/product_tag?post=6727"}],"curies":[{"name":"wp","href":"https:\/\/api.w.org\/{rel}","templated":true}]}}