{"id":7238,"date":"2024-10-15T07:12:07","date_gmt":"2024-10-15T07:12:07","guid":{"rendered":"https:\/\/taxne.com\/?post_type=product&#038;p=7238"},"modified":"2026-01-26T09:16:34","modified_gmt":"2026-01-26T09:16:34","slug":"999-cold-medicine-999-gan-mao-ling-chinese-cold-remedy-granules-10-boxes","status":"publish","type":"product","link":"https:\/\/taxne.com\/es\/producto\/999-medicina-para-el-resfriado-999-gan-mao-ling-remedio-chino-para-el-resfriado-granulos-10-cajas\/","title":{"rendered":"999 Medicina para el resfriado \u2013 999 Gan Mao Ling | Remedio chino para el resfriado en gr\u00e1nulos, 10 cajas"},"content":{"rendered":"<p><a href=\"https:\/\/laxne.com\/goods?text=999%E6%84%9F%E5%86%92%E7%81%B5\">999 cold medicine<\/a> &#8211; <a href=\"https:\/\/laxne.com\/goods?text=999%E6%84%9F%E5%86%92%E7%81%B5\">999 gan mao ling<\/a>,999 cold remedy granular,999 Cold Remedy,999 chinese cold medicine,<a href=\"https:\/\/laxne.com\/goods?text=999%E6%84%9F%E5%86%92%E7%81%B5\">999 Gan Mao Ling Ke Li<\/a><br \/>\nEfectos<br \/>\nGan Mao Ling Ke Li tiene efectos antipir\u00e9ticos y analg\u00e9sicos y se puede utilizar para dolores de cabeza, fiebre, congesti\u00f3n nasal, secreci\u00f3n nasal, dolor de garganta, etc. causados por resfriados.<br \/>\nPrecauciones<br \/>\nDurante la medicaci\u00f3n se debe evitar el tabaco, el alcohol y los alimentos picantes, fr\u00edos y grasosos.<br \/>\n\u00bfQui\u00e9n no deber\u00eda utilizar Gan Mao Ling Ke Li?<br \/>\n\u00b7Se proh\u00edbe su uso a personas al\u00e9rgicas a este producto.<br \/>\n\u00b7Est\u00e1 prohibido para personas con disfunci\u00f3n hep\u00e1tica y renal grave.<br \/>\n\u00bfQui\u00e9n debe utilizar Gan Mao Ling Ke Li con precauci\u00f3n?<br \/>\n\u00b7Las personas con disfunci\u00f3n hep\u00e1tica y renal deben usarlo con precauci\u00f3n.<br \/>\n\u00b7Las personas con obstrucci\u00f3n del cuello de la vejiga, hipertiroidismo, glaucoma, hipertensi\u00f3n e hipertrofia de pr\u00f3stata deben usarlo con precauci\u00f3n.<br \/>\nLas mujeres embarazadas y lactantes deben usarlo con precauci\u00f3n.<br \/>\nLas personas con deficiencia de bazo y est\u00f3mago, dolor abdominal, preferencia por el calor y diarrea deben usarlo con precauci\u00f3n.<br \/>\nLas personas con diabetes, \u00falceras p\u00e9pticas y obstrucci\u00f3n duodenal pil\u00f3rica deben usarlo con precauci\u00f3n.<br \/>\nLas personas con constituci\u00f3n al\u00e9rgica deben usarlo con precauci\u00f3n.<br \/>\n\u00bfPueden grupos especiales utilizar los gr\u00e1nulos de Ganmaoling?<br \/>\nMujeres embarazadas y lactantes: Las mujeres embarazadas y lactantes deben utilizar este producto con precauci\u00f3n. Si est\u00e1 embarazada, planea quedarse embarazada o est\u00e1 amamantando, informe a su m\u00e9dico a tiempo.<br \/>\nY consultar para elegir el mejor plan de tratamiento.<br \/>\n\u00b7Ni\u00f1os: La medicaci\u00f3n en ni\u00f1os debe realizarse bajo gu\u00eda m\u00e9dica y supervisi\u00f3n de un adulto.<br \/>\n\u00bfCon qu\u00e9 medicamentos interactuar\u00e1n los gr\u00e1nulos de Ganmaoling?<br \/>\nNo es aconsejable tomar la medicina t\u00f3nica china al mismo tiempo que se toma la medicaci\u00f3n.<br \/>\nSi este producto se utiliza con otros medicamentos al mismo tiempo, pueden producirse interacciones farmacol\u00f3gicas. Por lo tanto, si est\u00e1 tomando otros medicamentos, consulte a un m\u00e9dico antes de tomar el medicamento e inf\u00f3rmele de todas sus enfermedades confirmadas y los planes de tratamiento que est\u00e9 recibiendo.<br \/>\nUso y dosis<br \/>\nEn el caso de ni\u00f1os, ancianos y mujeres en per\u00edodo de lactancia, consulte a un m\u00e9dico sobre medicamentos espec\u00edficos. No tome medicamentos a voluntad.<br \/>\n\u00bfCu\u00e1les son las formas de dosificaci\u00f3n o especificaciones de los gr\u00e1nulos de Ganmaoling?<br \/>\nGr\u00e1nulos de Ganmaoling: cada bolsa pesa 10 g (contiene 0,2 g de acetaminofeno, 4 mg de maleato de clorfeniramina y 4 mg de cafe\u00edna).<br \/>\n\u00bfCu\u00e1l es el uso espec\u00edfico de los gr\u00e1nulos de Ganmaoling?<br \/>\nTomar con agua hervida, 1 sobre a la vez, 3 veces al d\u00eda. En ni\u00f1os, reducir la dosis o seguir el consejo del m\u00e9dico.<br \/>\nInstrucciones de uso<br \/>\nEst\u00e1 prohibido el uso de este producto si se modifican sus propiedades. Mantenga este producto fuera del alcance de los ni\u00f1os. Si los s\u00edntomas no mejoran despu\u00e9s de tomar el medicamento durante 3 d\u00edas, o incluso empeoran, o aparecen nuevos s\u00edntomas graves (como opresi\u00f3n en el pecho, palpitaciones card\u00edacas, etc.), debe suspender el medicamento inmediatamente y acudir al hospital para recibir tratamiento.<br \/>\n\u00bfQu\u00e9 debo hacer si me olvido de tomar Ganmao Ling Granules?<br \/>\nSi el tiempo que olvid\u00f3 tomar la medicaci\u00f3n es breve, recupere la dosis lo antes posible, pero si ya casi es hora de tomar la siguiente (m\u00e1s de la mitad del intervalo entre dos tomas normales), omita la dosis olvidada y tome el medicamento directamente en el siguiente horario de medicaci\u00f3n.<br \/>\nRecuerde no tomar dos dosis a la vez para evitar reacciones t\u00f3xicas.<br \/>\nSi no est\u00e1 seguro de la dosis, consulte a un m\u00e9dico o farmac\u00e9utico.<br \/>\n\u00bfQu\u00e9 debo hacer si tomo una sobredosis de gr\u00e1nulos de Ganmao Ling?<br \/>\nSi la dosis es superior a 1 vez la dosis indicada en las instrucciones del medicamento o supera la dosis prescrita por el m\u00e9dico, se trata de una sobredosis del medicamento. En caso de sobredosis del medicamento, si no se producen molestias, se recomienda seguir observando y dejar de tomar el medicamento la pr\u00f3xima vez; si se producen molestias, estas no se alivian despu\u00e9s de dejar de tomar el medicamento y se debe acudir al hospital para recibir tratamiento.<br \/>\n\u00bfCu\u00e1les son las reacciones adversas de los gr\u00e1nulos de Ganmao Ling?<br \/>\nOcasionalmente se observan erupci\u00f3n cut\u00e1nea, urticaria, fiebre medicamentosa y granulocitopenia.<br \/>\nSe pueden observar somnolencia, letargo, sed y debilidad;<br \/>\nEl uso prolongado y a gran escala del medicamento puede provocar alteraciones del funcionamiento del h\u00edgado y los ri\u00f1ones.<br \/>\nSi siente alguna molestia durante la medicaci\u00f3n, consulte a tiempo con un m\u00e9dico.<br \/>\n\u00bfEn qu\u00e9 circunstancias deber\u00eda dejar de usar Ganmao Ling Granules inmediatamente?<br \/>\nDespu\u00e9s de tomar el medicamento, si experimenta s\u00edntomas de lesi\u00f3n del Yin, como boca y lengua secas, manos y pies calientes u otras molestias f\u00edsicas, suspenda el medicamento y observe. Adem\u00e1s, puede tener otros efectos secundarios. Si se siente inc\u00f3modo despu\u00e9s de tomar el medicamento, informe al m\u00e9dico a tiempo. El m\u00e9dico juzgar\u00e1 si es necesario suspender el medicamento o tomar las medidas necesarias seg\u00fan la gravedad de la reacci\u00f3n adversa.<br \/>\n\u00bfEn qu\u00e9 circunstancias es necesario acudir al hospital lo antes posible?<br \/>\nSi los s\u00edntomas no mejoran despu\u00e9s de tomar el medicamento durante tres d\u00edas o si la afecci\u00f3n empeora, debe acudir al hospital para recibir tratamiento. Adem\u00e1s, si se producen otras reacciones adversas durante la medicaci\u00f3n, busque atenci\u00f3n m\u00e9dica a tiempo.<\/p>","protected":false},"excerpt":{"rendered":"<p><a href=\"https:\/\/laxne.com\/goods?text=999%E6%84%9F%E5%86%92%E7%81%B5\">999 Ganmao Lingke Li<\/a><br \/>\nEfectos<br \/>\nGanmao Ling Ke Li tiene efectos antipir\u00e9ticos y analg\u00e9sicos y se puede utilizar para dolores de cabeza, fiebre, congesti\u00f3n nasal, secreci\u00f3n nasal, dolor de garganta, etc. causados por resfriados.<br \/>\nPrecauciones<br \/>\nDurante la medicaci\u00f3n se debe evitar el tabaco, el alcohol y los alimentos picantes, fr\u00edos y grasosos.<br \/>\n\u00bfQui\u00e9n no deber\u00eda utilizar Ganmao Ling Ke Li?<br \/>\n\u00b7Se proh\u00edbe su uso a personas al\u00e9rgicas a este producto.<br \/>\n\u00b7Est\u00e1 prohibido para personas con disfunci\u00f3n hep\u00e1tica y renal grave.<br \/>\n\u00bfQui\u00e9n debe utilizar Ganmao Ling Ke Li con precauci\u00f3n?<br \/>\n\u00b7Las personas con disfunci\u00f3n hep\u00e1tica y renal deben usarlo con precauci\u00f3n.<br \/>\n\u00b7Las personas con obstrucci\u00f3n del cuello de la vejiga, hipertiroidismo, glaucoma, hipertensi\u00f3n e hipertrofia de pr\u00f3stata deben usarlo con precauci\u00f3n.<br \/>\nLas mujeres embarazadas y lactantes deben usarlo con precauci\u00f3n.<br \/>\nLas personas con deficiencia de bazo y est\u00f3mago, dolor abdominal, preferencia por el calor y diarrea deben usarlo con precauci\u00f3n.<br \/>\nLas personas con diabetes, \u00falceras p\u00e9pticas y obstrucci\u00f3n duodenal pil\u00f3rica deben usarlo con precauci\u00f3n.<br \/>\nLas personas con constituci\u00f3n al\u00e9rgica deben usarlo con precauci\u00f3n.<\/p>","protected":false},"featured_media":7242,"comment_status":"open","ping_status":"closed","template":"","meta":{"_uag_custom_page_level_css":"","site-sidebar-layout":"default","site-content-layout":"","ast-site-content-layout":"default","site-content-style":"default","site-sidebar-style":"default","ast-global-header-display":"","ast-banner-title-visibility":"","ast-main-header-display":"","ast-hfb-above-header-display":"","ast-hfb-below-header-display":"","ast-hfb-mobile-header-display":"","site-post-title":"","ast-breadcrumbs-content":"","ast-featured-img":"","footer-sml-layout":"","ast-disable-related-posts":"","theme-transparent-header-meta":"default","adv-header-id-meta":"","stick-header-meta":"","header-above-stick-meta":"","header-main-stick-meta":"","header-below-stick-meta":"","astra-migrate-meta-layouts":"set","ast-page-background-enabled":"default","ast-page-background-meta":{"desktop":{"background-color":"","background-image":"","background-repeat":"repeat","background-position":"center center","background-size":"auto","background-attachment":"scroll","background-type":"","background-media":"","overlay-type":"","overlay-color":"","overlay-opacity":"","overlay-gradient":""},"tablet":{"background-color":"","background-image":"","background-repeat":"repeat","background-position":"center center","background-size":"auto","background-attachment":"scroll","background-type":"","background-media":"","overlay-type":"","overlay-color":"","overlay-opacity":"","overlay-gradient":""},"mobile":{"background-color":"","background-image":"","background-repeat":"repeat","background-position":"center center","background-size":"auto","background-attachment":"scroll","background-type":"","background-media":"","overlay-type":"","overlay-color":"","overlay-opacity":"","overlay-gradient":""}},"ast-content-background-meta":{"desktop":{"background-color":"var(--ast-global-color-5)","background-image":"","background-repeat":"repeat","background-position":"center center","background-size":"auto","background-attachment":"scroll","background-type":"","background-media":"","overlay-type":"","overlay-color":"","overlay-opacity":"","overlay-gradient":""},"tablet":{"background-color":"var(--ast-global-color-5)","background-image":"","background-repeat":"repeat","background-position":"center center","background-size":"auto","background-attachment":"scroll","background-type":"","background-media":"","overlay-type":"","overlay-color":"","overlay-opacity":"","overlay-gradient":""},"mobile":{"background-color":"var(--ast-global-color-5)","background-image":"","background-repeat":"repeat","background-position":"center center","background-size":"auto","background-attachment":"scroll","background-type":"","background-media":"","overlay-type":"","overlay-color":"","overlay-opacity":"","overlay-gradient":""}}},"product_brand":[],"product_cat":[36],"product_tag":[],"class_list":{"0":"post-7238","1":"product","2":"type-product","3":"status-publish","4":"has-post-thumbnail","6":"product_cat-herbal","7":"desktop-align-left","8":"tablet-align-left","9":"mobile-align-left","11":"first","12":"instock","13":"shipping-taxable","14":"purchasable","15":"product-type-simple"},"yoast_head":"<!-- This site is optimized with the Yoast SEO plugin v27.3 - https:\/\/yoast.com\/product\/yoast-seo-wordpress\/ -->\n<title>999 Cold Medicine-Gan Mao Ling|Chinese Cold Remedy Granules -<\/title>\n<meta name=\"description\" content=\"Relieve cold symptoms with 999 Cold Medicine (999 Gan Mao Ling). Discover the trusted 999 cold remedy granules used in Chinese medicine for fast relief.\" \/>\n<meta name=\"robots\" content=\"index, follow, max-snippet:-1, max-image-preview:large, max-video-preview:-1\" \/>\n<link rel=\"canonical\" href=\"https:\/\/taxne.com\/es\/producto\/999-medicina-para-el-resfriado-999-gan-mao-ling-remedio-chino-para-el-resfriado-granulos-10-cajas\/\" \/>\n<meta property=\"og:locale\" content=\"es_ES\" \/>\n<meta property=\"og:type\" content=\"article\" \/>\n<meta property=\"og:title\" content=\"999 Cold Medicine-Gan Mao Ling|Chinese Cold Remedy Granules -\" \/>\n<meta property=\"og:description\" content=\"Relieve cold symptoms with 999 Cold Medicine (999 Gan Mao Ling). Discover the trusted 999 cold remedy granules used in Chinese medicine for fast relief.\" \/>\n<meta property=\"og:url\" content=\"https:\/\/taxne.com\/es\/producto\/999-medicina-para-el-resfriado-999-gan-mao-ling-remedio-chino-para-el-resfriado-granulos-10-cajas\/\" \/>\n<meta property=\"article:modified_time\" content=\"2026-01-26T09:16:34+00:00\" \/>\n<meta property=\"og:image\" content=\"https:\/\/taxne.com\/wp-content\/uploads\/2024\/10\/4c7ad753c9adffb2.jpg.png\" \/>\n\t<meta property=\"og:image:width\" content=\"800\" \/>\n\t<meta property=\"og:image:height\" content=\"800\" \/>\n\t<meta property=\"og:image:type\" content=\"image\/png\" \/>\n<meta name=\"twitter:card\" content=\"summary_large_image\" \/>\n<meta name=\"twitter:label1\" content=\"Tiempo de lectura\" \/>\n\t<meta name=\"twitter:data1\" content=\"5 minutos\" \/>\n<script type=\"application\/ld+json\" class=\"yoast-schema-graph\">{\"@context\":\"https:\\\/\\\/schema.org\",\"@graph\":[{\"@type\":\"WebPage\",\"@id\":\"https:\\\/\\\/taxne.com\\\/product\\\/999-cold-medicine-999-gan-mao-ling-chinese-cold-remedy-granules-10-boxes\\\/\",\"url\":\"https:\\\/\\\/taxne.com\\\/product\\\/999-cold-medicine-999-gan-mao-ling-chinese-cold-remedy-granules-10-boxes\\\/\",\"name\":\"999 Cold Medicine-Gan Mao Ling|Chinese Cold Remedy Granules -\",\"isPartOf\":{\"@id\":\"https:\\\/\\\/taxne.com\\\/#website\"},\"primaryImageOfPage\":{\"@id\":\"https:\\\/\\\/taxne.com\\\/product\\\/999-cold-medicine-999-gan-mao-ling-chinese-cold-remedy-granules-10-boxes\\\/#primaryimage\"},\"image\":{\"@id\":\"https:\\\/\\\/taxne.com\\\/product\\\/999-cold-medicine-999-gan-mao-ling-chinese-cold-remedy-granules-10-boxes\\\/#primaryimage\"},\"thumbnailUrl\":\"https:\\\/\\\/taxne.com\\\/wp-content\\\/uploads\\\/2024\\\/10\\\/4c7ad753c9adffb2.jpg.png\",\"datePublished\":\"2024-10-15T07:12:07+00:00\",\"dateModified\":\"2026-01-26T09:16:34+00:00\",\"description\":\"Relieve cold symptoms with 999 Cold Medicine (999 Gan Mao Ling). Discover the trusted 999 cold remedy granules used in Chinese medicine for fast relief.\",\"breadcrumb\":{\"@id\":\"https:\\\/\\\/taxne.com\\\/product\\\/999-cold-medicine-999-gan-mao-ling-chinese-cold-remedy-granules-10-boxes\\\/#breadcrumb\"},\"inLanguage\":\"es\",\"potentialAction\":[{\"@type\":\"ReadAction\",\"target\":[\"https:\\\/\\\/taxne.com\\\/product\\\/999-cold-medicine-999-gan-mao-ling-chinese-cold-remedy-granules-10-boxes\\\/\"]}]},{\"@type\":\"ImageObject\",\"inLanguage\":\"es\",\"@id\":\"https:\\\/\\\/taxne.com\\\/product\\\/999-cold-medicine-999-gan-mao-ling-chinese-cold-remedy-granules-10-boxes\\\/#primaryimage\",\"url\":\"https:\\\/\\\/taxne.com\\\/wp-content\\\/uploads\\\/2024\\\/10\\\/4c7ad753c9adffb2.jpg.png\",\"contentUrl\":\"https:\\\/\\\/taxne.com\\\/wp-content\\\/uploads\\\/2024\\\/10\\\/4c7ad753c9adffb2.jpg.png\",\"width\":800,\"height\":800,\"caption\":\"999 Cold Medicine - 999 Gan Mao Ling | Chinese Cold Remedy Granules\"},{\"@type\":\"BreadcrumbList\",\"@id\":\"https:\\\/\\\/taxne.com\\\/product\\\/999-cold-medicine-999-gan-mao-ling-chinese-cold-remedy-granules-10-boxes\\\/#breadcrumb\",\"itemListElement\":[{\"@type\":\"ListItem\",\"position\":1,\"name\":\"\u9996\u9875\",\"item\":\"https:\\\/\\\/taxne.com\\\/\"},{\"@type\":\"ListItem\",\"position\":2,\"name\":\"Shop\",\"item\":\"https:\\\/\\\/taxne.com\\\/shop-2\\\/\"},{\"@type\":\"ListItem\",\"position\":3,\"name\":\"999 Cold Medicine &#8211; 999 Gan Mao Ling | Chinese Cold Remedy Granules 10 boxes\"}]},{\"@type\":\"WebSite\",\"@id\":\"https:\\\/\\\/taxne.com\\\/#website\",\"url\":\"https:\\\/\\\/taxne.com\\\/\",\"name\":\"taxne.com\",\"description\":\"\",\"publisher\":{\"@id\":\"https:\\\/\\\/taxne.com\\\/#organization\"},\"potentialAction\":[{\"@type\":\"SearchAction\",\"target\":{\"@type\":\"EntryPoint\",\"urlTemplate\":\"https:\\\/\\\/taxne.com\\\/?s={search_term_string}\"},\"query-input\":{\"@type\":\"PropertyValueSpecification\",\"valueRequired\":true,\"valueName\":\"search_term_string\"}}],\"inLanguage\":\"es\"},{\"@type\":\"Organization\",\"@id\":\"https:\\\/\\\/taxne.com\\\/#organization\",\"name\":\"taxne.com\",\"url\":\"https:\\\/\\\/taxne.com\\\/\",\"logo\":{\"@type\":\"ImageObject\",\"inLanguage\":\"es\",\"@id\":\"https:\\\/\\\/taxne.com\\\/#\\\/schema\\\/logo\\\/image\\\/\",\"url\":\"https:\\\/\\\/taxne.com\\\/wp-content\\\/uploads\\\/2025\\\/09\\\/cropped-logo.png\",\"contentUrl\":\"https:\\\/\\\/taxne.com\\\/wp-content\\\/uploads\\\/2025\\\/09\\\/cropped-logo.png\",\"width\":1027,\"height\":270,\"caption\":\"taxne.com\"},\"image\":{\"@id\":\"https:\\\/\\\/taxne.com\\\/#\\\/schema\\\/logo\\\/image\\\/\"}}]}<\/script>\n<!-- \/ Yoast SEO plugin. -->","yoast_head_json":{"title":"999 Cold Medicine-Gan Mao Ling|Chinese Cold Remedy Granules -","description":"Alivie los s\u00edntomas del resfriado con el medicamento para el resfriado 999 (999 Gan Mao Ling). Descubra los gr\u00e1nulos de remedio para el resfriado 999 de confianza que se utilizan en la medicina china para un alivio r\u00e1pido.","robots":{"index":"index","follow":"follow","max-snippet":"max-snippet:-1","max-image-preview":"max-image-preview:large","max-video-preview":"max-video-preview:-1"},"canonical":"https:\/\/taxne.com\/es\/producto\/999-medicina-para-el-resfriado-999-gan-mao-ling-remedio-chino-para-el-resfriado-granulos-10-cajas\/","og_locale":"es_ES","og_type":"article","og_title":"999 Cold Medicine-Gan Mao Ling|Chinese Cold Remedy Granules -","og_description":"Relieve cold symptoms with 999 Cold Medicine (999 Gan Mao Ling). Discover the trusted 999 cold remedy granules used in Chinese medicine for fast relief.","og_url":"https:\/\/taxne.com\/es\/producto\/999-medicina-para-el-resfriado-999-gan-mao-ling-remedio-chino-para-el-resfriado-granulos-10-cajas\/","article_modified_time":"2026-01-26T09:16:34+00:00","og_image":[{"width":800,"height":800,"url":"https:\/\/taxne.com\/wp-content\/uploads\/2024\/10\/4c7ad753c9adffb2.jpg.png","type":"image\/png"}],"twitter_card":"summary_large_image","twitter_misc":{"Tiempo de lectura":"5 minutos"},"schema":{"@context":"https:\/\/schema.org","@graph":[{"@type":"WebPage","@id":"https:\/\/taxne.com\/product\/999-cold-medicine-999-gan-mao-ling-chinese-cold-remedy-granules-10-boxes\/","url":"https:\/\/taxne.com\/product\/999-cold-medicine-999-gan-mao-ling-chinese-cold-remedy-granules-10-boxes\/","name":"999 Cold Medicine-Gan Mao Ling|Chinese Cold Remedy Granules -","isPartOf":{"@id":"https:\/\/taxne.com\/#website"},"primaryImageOfPage":{"@id":"https:\/\/taxne.com\/product\/999-cold-medicine-999-gan-mao-ling-chinese-cold-remedy-granules-10-boxes\/#primaryimage"},"image":{"@id":"https:\/\/taxne.com\/product\/999-cold-medicine-999-gan-mao-ling-chinese-cold-remedy-granules-10-boxes\/#primaryimage"},"thumbnailUrl":"https:\/\/taxne.com\/wp-content\/uploads\/2024\/10\/4c7ad753c9adffb2.jpg.png","datePublished":"2024-10-15T07:12:07+00:00","dateModified":"2026-01-26T09:16:34+00:00","description":"Alivie los s\u00edntomas del resfriado con el medicamento para el resfriado 999 (999 Gan Mao Ling). Descubra los gr\u00e1nulos de remedio para el resfriado 999 de confianza que se utilizan en la medicina china para un alivio r\u00e1pido.","breadcrumb":{"@id":"https:\/\/taxne.com\/product\/999-cold-medicine-999-gan-mao-ling-chinese-cold-remedy-granules-10-boxes\/#breadcrumb"},"inLanguage":"es","potentialAction":[{"@type":"ReadAction","target":["https:\/\/taxne.com\/product\/999-cold-medicine-999-gan-mao-ling-chinese-cold-remedy-granules-10-boxes\/"]}]},{"@type":"ImageObject","inLanguage":"es","@id":"https:\/\/taxne.com\/product\/999-cold-medicine-999-gan-mao-ling-chinese-cold-remedy-granules-10-boxes\/#primaryimage","url":"https:\/\/taxne.com\/wp-content\/uploads\/2024\/10\/4c7ad753c9adffb2.jpg.png","contentUrl":"https:\/\/taxne.com\/wp-content\/uploads\/2024\/10\/4c7ad753c9adffb2.jpg.png","width":800,"height":800,"caption":"999 Cold Medicine - 999 Gan Mao Ling | Chinese Cold Remedy Granules"},{"@type":"BreadcrumbList","@id":"https:\/\/taxne.com\/product\/999-cold-medicine-999-gan-mao-ling-chinese-cold-remedy-granules-10-boxes\/#breadcrumb","itemListElement":[{"@type":"ListItem","position":1,"name":"\u9996\u9875","item":"https:\/\/taxne.com\/"},{"@type":"ListItem","position":2,"name":"Shop","item":"https:\/\/taxne.com\/shop-2\/"},{"@type":"ListItem","position":3,"name":"999 Cold Medicine &#8211; 999 Gan Mao Ling | Chinese Cold Remedy Granules 10 boxes"}]},{"@type":"WebSite","@id":"https:\/\/taxne.com\/#website","url":"https:\/\/taxne.com\/","name":"taxne.com","description":"","publisher":{"@id":"https:\/\/taxne.com\/#organization"},"potentialAction":[{"@type":"SearchAction","target":{"@type":"EntryPoint","urlTemplate":"https:\/\/taxne.com\/?s={search_term_string}"},"query-input":{"@type":"PropertyValueSpecification","valueRequired":true,"valueName":"search_term_string"}}],"inLanguage":"es"},{"@type":"Organization","@id":"https:\/\/taxne.com\/#organization","name":"taxne.com","url":"https:\/\/taxne.com\/","logo":{"@type":"ImageObject","inLanguage":"es","@id":"https:\/\/taxne.com\/#\/schema\/logo\/image\/","url":"https:\/\/taxne.com\/wp-content\/uploads\/2025\/09\/cropped-logo.png","contentUrl":"https:\/\/taxne.com\/wp-content\/uploads\/2025\/09\/cropped-logo.png","width":1027,"height":270,"caption":"taxne.com"},"image":{"@id":"https:\/\/taxne.com\/#\/schema\/logo\/image\/"}}]}},"uagb_featured_image_src":{"full":["https:\/\/taxne.com\/wp-content\/uploads\/2024\/10\/4c7ad753c9adffb2.jpg.png",800,800,false],"thumbnail":["https:\/\/taxne.com\/wp-content\/uploads\/2024\/10\/4c7ad753c9adffb2.jpg-150x150.png",150,150,true],"medium":["https:\/\/taxne.com\/wp-content\/uploads\/2024\/10\/4c7ad753c9adffb2.jpg-300x300.png",300,300,true],"medium_large":["https:\/\/taxne.com\/wp-content\/uploads\/2024\/10\/4c7ad753c9adffb2.jpg-768x768.png",768,768,true],"large":["https:\/\/taxne.com\/wp-content\/uploads\/2024\/10\/4c7ad753c9adffb2.jpg.png",800,800,false],"1536x1536":["https:\/\/taxne.com\/wp-content\/uploads\/2024\/10\/4c7ad753c9adffb2.jpg.png",800,800,false],"2048x2048":["https:\/\/taxne.com\/wp-content\/uploads\/2024\/10\/4c7ad753c9adffb2.jpg.png",800,800,false],"trp-custom-language-flag":["https:\/\/taxne.com\/wp-content\/uploads\/2024\/10\/4c7ad753c9adffb2.jpg-12x12.png",12,12,true],"woocommerce_thumbnail":["https:\/\/taxne.com\/wp-content\/uploads\/2024\/10\/4c7ad753c9adffb2.jpg-300x300.png",300,300,true],"woocommerce_single":["https:\/\/taxne.com\/wp-content\/uploads\/2024\/10\/4c7ad753c9adffb2.jpg-600x600.png",600,600,true],"woocommerce_gallery_thumbnail":["https:\/\/taxne.com\/wp-content\/uploads\/2024\/10\/4c7ad753c9adffb2.jpg-100x100.png",100,100,true]},"uagb_author_info":{"display_name":"tianke1223@gmail.com","author_link":"https:\/\/taxne.com\/es\/author\/"},"uagb_comment_info":0,"uagb_excerpt":"999 Ganmao Ling Ke Li Effects Ganmao Ling Ke Li has antipyretic and analgesic effects and can be used for headaches, fever, nasal congestion, runny nose, sore throat, etc. caused by colds Precautions During medication, tobacco, alcohol, spicy, cold, and greasy foods should be avoided. Who should not use Ganmao Ling Ke Li? \u00b7People who&hellip;","jetpack_sharing_enabled":true,"_links":{"self":[{"href":"https:\/\/taxne.com\/es\/wp-json\/wp\/v2\/product\/7238","targetHints":{"allow":["GET"]}}],"collection":[{"href":"https:\/\/taxne.com\/es\/wp-json\/wp\/v2\/product"}],"about":[{"href":"https:\/\/taxne.com\/es\/wp-json\/wp\/v2\/types\/product"}],"replies":[{"embeddable":true,"href":"https:\/\/taxne.com\/es\/wp-json\/wp\/v2\/comments?post=7238"}],"wp:featuredmedia":[{"embeddable":true,"href":"https:\/\/taxne.com\/es\/wp-json\/wp\/v2\/media\/7242"}],"wp:attachment":[{"href":"https:\/\/taxne.com\/es\/wp-json\/wp\/v2\/media?parent=7238"}],"wp:term":[{"taxonomy":"product_brand","embeddable":true,"href":"https:\/\/taxne.com\/es\/wp-json\/wp\/v2\/product_brand?post=7238"},{"taxonomy":"product_cat","embeddable":true,"href":"https:\/\/taxne.com\/es\/wp-json\/wp\/v2\/product_cat?post=7238"},{"taxonomy":"product_tag","embeddable":true,"href":"https:\/\/taxne.com\/es\/wp-json\/wp\/v2\/product_tag?post=7238"}],"curies":[{"name":"wp","href":"https:\/\/api.w.org\/{rel}","templated":true}]}}