{"id":7985,"date":"2025-09-03T09:34:45","date_gmt":"2025-09-03T09:34:45","guid":{"rendered":"https:\/\/taxne.com\/?post_type=product&#038;p=7985"},"modified":"2026-03-04T02:24:52","modified_gmt":"2026-03-04T02:24:52","slug":"soothing-artemisia-mint-bath-bar","status":"publish","type":"product","link":"https:\/\/taxne.com\/es\/producto\/barra-de-bano-calmante-de-artemisia-y-menta\/","title":{"rendered":"Barra de ba\u00f1o calmante de artemisia y menta"},"content":{"rendered":"<p class=\"ds-markdown-paragraph\"><strong>\u00bfTu piel se siente estresada despu\u00e9s de un largo d\u00eda?<\/strong><\/p>\n<p class=\"ds-markdown-paragraph\">En el ajetreo de la vida moderna, tu piel es la primera en reaccionar al estr\u00e9s, la contaminaci\u00f3n y los irritantes diarios. Anhela no solo limpieza, sino...\u00a0<em>calma<\/em>Creamos esta relajante barra de ba\u00f1o de artemisia y menta para que sea tu santuario diario: un momento de puro alivio de origen vegetal.<\/p>\n<p class=\"ds-markdown-paragraph\"><strong>Una sinfon\u00eda de sensaciones relajantes<\/strong><\/p>\n<p class=\"ds-markdown-paragraph\">Esto no es solo jab\u00f3n; es un ritual de cuidado de la piel. Aplique suavemente sobre la piel h\u00fameda para:<\/p>\n<ul>\n<li>\n<p class=\"ds-markdown-paragraph\"><strong>Alivia la irritaci\u00f3n y el enrojecimiento:<\/strong>\u00a0Nuestro ingrediente estrella,\u00a0<strong>Artemisia (artemisa)<\/strong>Es una hierba venerada, conocida en la pr\u00e1ctica tradicional por sus propiedades suaves y calmantes. Ayuda a reconfortar la piel sensible y reactiva, reduciendo la aparici\u00f3n de enrojecimiento.<\/p>\n<\/li>\n<li>\n<p class=\"ds-markdown-paragraph\"><strong>Despierta tus sentidos y purif\u00edcate:<\/strong>\u00a0Una refrescante explosi\u00f3n de\u00a0<strong>Aceite esencial de menta<\/strong> Estimula los sentidos a la vez que proporciona una limpieza ligera y refrescante. Ayuda a purificar la piel sin resecarla.<\/p>\n<\/li>\n<li>\n<p class=\"ds-markdown-paragraph\"><strong>Nutre suavemente:<\/strong>\u00a0Enriquecido con\u00a0<strong>Aceite de oliva y aceite de coco<\/strong>Crea una espuma cremosa e hidratante que limpia a la vez que mantiene la barrera de hidrataci\u00f3n natural de la piel. Sin tirantez ni sequedad, solo una piel perfectamente equilibrada y suave.<\/p>\n<\/li>\n<li>\n<p class=\"ds-markdown-paragraph\"><strong>LA MEZCLA PURIFICANTE<\/strong><\/p>\n<ul>\n<li>\n<p class=\"ds-markdown-paragraph\"><strong>Artemisia (Artemisa) y Ra\u00edz de Sophora (\u82e6\u53c2):<\/strong>\u00a0Este es el coraz\u00f3n de nuestra f\u00f3rmula. Juntas, estas dos hierbas veneradas son conocidas por su\u00a0<strong>calmante y clarificante<\/strong>\u00a0Propiedades. Ayudan a calmar la reactividad, reducir el enrojecimiento y proporcionar una limpieza profunda y consciente para la piel con problemas.<br \/>\n<strong>Menta y Aloe Vera (\u82a6\u835f):<\/strong>\u00a0Conozca al equipo de refrigerios.\u00a0<strong>Menta<\/strong>\u00a0Proporciona una sensaci\u00f3n refrescante que despierta los sentidos y ayuda a purificar los poros.\u00a0<strong>Aloe vera<\/strong> Es un calmante cl\u00e1sico que proporciona instant\u00e1neamente una oleada de hidrataci\u00f3n para reconfortar la piel despu\u00e9s de la limpieza.<\/p>\n<\/li>\n<\/ul>\n<p class=\"ds-markdown-paragraph\"><strong>LA BASE NUTRITIVA:<\/strong><\/p>\n<ul>\n<li>\n<p class=\"ds-markdown-paragraph\"><strong>Aceite de coco, aceite de palma^, glicerina y sacarosa (\u8517\u7cd6):<\/strong>\u00a0Esto es lo que nos distingue de los jabones convencionales y resecantes. Elaboramos nuestra barra con una mezcla de aceites y humectantes que cuidan la piel. Crean un...\u00a0<strong>espuma rica y cremosa<\/strong>\u00a0que limpia sin concesiones, mientras\u00a0<strong>glicerina<\/strong>\u00a0y\u00a0<strong>sacarosa<\/strong>\u00a0(un humectante natural) act\u00faa para atraer la humedad a la piel, dej\u00e1ndola con una sensaci\u00f3n\u00a0<strong>Equilibrado, suave e hidratado, nunca tirante ni desprovisto de volumen.<\/strong><\/p>\n<\/li>\n<\/ul>\n<p class=\"ds-markdown-paragraph\"><em>Utilizamos aceite de palma sostenible certificado por RSPO para proteger nuestras selvas tropicales.<\/em><\/p>\n<p class=\"ds-markdown-paragraph\"><strong>La lista corta honesta:<\/strong><\/p>\n<p class=\"ds-markdown-paragraph\"><em>Olivato de sodio^ (de aceite de oliva), cocoato de sodio (de aceite de coco), agua, glicerina (de aceites vegetales), palmato de sodio^ (de aceite de palma sostenible), extracto de hoja de Mentha arvensis (menta), extracto de hoja de Aloe barbadensis (aloe vera), extracto de Artemisia vulgaris (artemisa), extracto de Sophora flavescens (ra\u00edz de Sophora), sacarosa.<\/em><\/p>\n<p class=\"ds-markdown-paragraph\"><em>Creemos en la transparencia. Aqu\u00ed no encontrar\u00e1s sint\u00e9ticos ocultos ni detergentes agresivos.<\/em><\/p>\n<\/li>\n<\/ul>\n<p class=\"ds-markdown-paragraph\"><strong>Inspirado en la inteligencia de la naturaleza<\/strong><\/p>\n<p class=\"ds-markdown-paragraph\">En Taxne, nos inspiramos en las soluciones m\u00e1s sofisticadas de la naturaleza. As\u00ed como el descubrimiento del paclitaxel del tejo del Pac\u00edfico revolucion\u00f3 la medicina, exploramos plantas de eficacia comprobada como la artemisa para el cuidado de la piel moderno.<\/p>\n<p class=\"ds-markdown-paragraph\">Esta barra de ba\u00f1o es un testimonio de nuestra filosof\u00eda:\u00a0<strong>Inspirado en la ciencia, arraigado en la naturaleza.<\/strong><\/p>\n<p class=\"ds-markdown-paragraph\"><strong>Tu santuario nocturno, en un bar.<\/strong><\/p>\n<p class=\"ds-markdown-paragraph\">Imagina: Te metes en la ba\u00f1era despu\u00e9s de un d\u00eda agotador. El agua tibia te envuelve. El sereno aroma herbal de la artemisa y la refrescante sensaci\u00f3n de menta impregnan el aire. Al masajear la abundante espuma sobre tu piel, sientes c\u00f3mo la tensi\u00f3n del d\u00eda desaparece. Esto es m\u00e1s que una limpieza; es un rejuvenecimiento.<\/p>\n<p class=\"ds-markdown-paragraph\"><strong>Ideal para:<\/strong><\/p>\n<ul>\n<li>\n<p class=\"ds-markdown-paragraph\">Rutinas de relajaci\u00f3n por la noche<\/p>\n<\/li>\n<li>\n<p class=\"ds-markdown-paragraph\">Tipos de piel sensibles y reactivas<\/p>\n<\/li>\n<li>\n<p class=\"ds-markdown-paragraph\">Cualquiera que busque una limpieza natural y refrescante.<\/p>\n<\/li>\n<\/ul>\n<p class=\"ds-markdown-paragraph\"><strong>Limpio, consciente y elaborado con cuidado.<\/strong><\/p>\n<ul>\n<li>\n<p class=\"ds-markdown-paragraph\"><strong>Vegano y libre de crueldad animal:<\/strong>\u00a0Nunca probado en animales.<\/p>\n<\/li>\n<li>\n<p class=\"ds-markdown-paragraph\"><strong>Elaborado con ingredientes naturales:<\/strong>\u00a098% de origen natural.<\/p>\n<\/li>\n<li>\n<p class=\"ds-markdown-paragraph\"><strong>Eco-consciente:<\/strong>\u00a0Embalaje m\u00ednimo y reciclable.<\/p>\n<\/li>\n<li>\n<p class=\"ds-markdown-paragraph\">** Libre de:** Parabenos, sulfatos, fragancias sint\u00e9ticas.<\/p>\n<\/li>\n<\/ul>\n<p class=\"ds-markdown-paragraph\"><strong>\u00bfEst\u00e1s listo para transformar tu ba\u00f1o en un spa?<\/strong><br \/>\n<strong>A\u00f1adelo al carrito y experimenta la calma.<\/strong><\/p>","protected":false},"excerpt":{"rendered":"<p><strong>Bot\u00f3n de Reinicio de la Naturaleza: La Barrita Purificante para Pieles Reactivas y Grasas 100 g<\/strong><\/p>\n<ol start=\"1\">\n<li>\n<p class=\"ds-markdown-paragraph\">\u00bfCansada de la piel irritada despu\u00e9s de la ducha? Descubre tu nuevo ritual para calmarla.<\/p>\n<\/li>\n<li>\n<p class=\"ds-markdown-paragraph\"><strong>Beneficios:<\/strong><\/p>\n<ul>\n<li>\n<p class=\"ds-markdown-paragraph\"><strong>Calma y tranquiliza:<\/strong>\u00a0La artemisia es conocida por sus propiedades para calmar la piel sensible e irritada.<\/p>\n<\/li>\n<li>\n<p class=\"ds-markdown-paragraph\"><strong>Purifica profundamente:<\/strong>\u00a0Ayuda a limpiar suavemente sin eliminar los aceites naturales.<\/p>\n<\/li>\n<li>\n<p class=\"ds-markdown-paragraph\"><strong>Vigoriza los sentidos:<\/strong>\u00a0El aroma a menta proporciona una experiencia sensorial refrescante y estimulante.<\/p>\n<\/li>\n<\/ul>\n<\/li>\n<li>\n<p class=\"ds-markdown-paragraph\">Ideal para tu ba\u00f1o vespertino para eliminar el estr\u00e9s del d\u00eda y prepararse para un sue\u00f1o reparador.<\/p>\n<\/li>\n<li>\n<p class=\"ds-markdown-paragraph\">Vegano, libre de crueldad animal, elaborado con ingredientes naturales.<\/p>\n<\/li>\n<\/ol>","protected":false},"featured_media":7989,"comment_status":"open","ping_status":"closed","template":"","meta":{"_uag_custom_page_level_css":"","site-sidebar-layout":"default","site-content-layout":"","ast-site-content-layout":"default","site-content-style":"default","site-sidebar-style":"default","ast-global-header-display":"","ast-banner-title-visibility":"","ast-main-header-display":"","ast-hfb-above-header-display":"","ast-hfb-below-header-display":"","ast-hfb-mobile-header-display":"","site-post-title":"","ast-breadcrumbs-content":"","ast-featured-img":"","footer-sml-layout":"","ast-disable-related-posts":"","theme-transparent-header-meta":"default","adv-header-id-meta":"","stick-header-meta":"","header-above-stick-meta":"","header-main-stick-meta":"","header-below-stick-meta":"","astra-migrate-meta-layouts":"set","ast-page-background-enabled":"default","ast-page-background-meta":{"desktop":{"background-color":"","background-image":"","background-repeat":"repeat","background-position":"center center","background-size":"auto","background-attachment":"scroll","background-type":"","background-media":"","overlay-type":"","overlay-color":"","overlay-opacity":"","overlay-gradient":""},"tablet":{"background-color":"","background-image":"","background-repeat":"repeat","background-position":"center center","background-size":"auto","background-attachment":"scroll","background-type":"","background-media":"","overlay-type":"","overlay-color":"","overlay-opacity":"","overlay-gradient":""},"mobile":{"background-color":"","background-image":"","background-repeat":"repeat","background-position":"center center","background-size":"auto","background-attachment":"scroll","background-type":"","background-media":"","overlay-type":"","overlay-color":"","overlay-opacity":"","overlay-gradient":""}},"ast-content-background-meta":{"desktop":{"background-color":"var(--ast-global-color-5)","background-image":"","background-repeat":"repeat","background-position":"center center","background-size":"auto","background-attachment":"scroll","background-type":"","background-media":"","overlay-type":"","overlay-color":"","overlay-opacity":"","overlay-gradient":""},"tablet":{"background-color":"var(--ast-global-color-5)","background-image":"","background-repeat":"repeat","background-position":"center center","background-size":"auto","background-attachment":"scroll","background-type":"","background-media":"","overlay-type":"","overlay-color":"","overlay-opacity":"","overlay-gradient":""},"mobile":{"background-color":"var(--ast-global-color-5)","background-image":"","background-repeat":"repeat","background-position":"center center","background-size":"auto","background-attachment":"scroll","background-type":"","background-media":"","overlay-type":"","overlay-color":"","overlay-opacity":"","overlay-gradient":""}}},"product_brand":[],"product_cat":[15],"product_tag":[37,46,44,43,39,38,41,45,40,42],"class_list":{"0":"post-7985","1":"product","2":"type-product","3":"status-publish","4":"has-post-thumbnail","6":"product_cat-herbs-soap","7":"product_tag-artemisia-soap","8":"product_tag-eco-friendly-soap","9":"product_tag-gift-for-her","10":"product_tag-herbal-soap","11":"product_tag-mint-soap-bar","12":"product_tag-mugwort-soap","13":"product_tag-natural-soap-for-sensitive-skin","14":"product_tag-relaxing-bath","15":"product_tag-soothing-bath-soap","16":"product_tag-vegan-soap","17":"desktop-align-left","18":"tablet-align-left","19":"mobile-align-left","21":"first","22":"instock","23":"sale","24":"featured","25":"shipping-taxable","26":"purchasable","27":"product-type-simple"},"yoast_head":"<!-- This site is optimized with the Yoast SEO plugin v27.3 - https:\/\/yoast.com\/product\/yoast-seo-wordpress\/ -->\n<title>Soothing Artemisia &amp; Mint Bath Bar - Natural for Sensitive Skin | Taxne<\/title>\n<meta name=\"description\" content=\"Experience a calming cleanse with our natural artemisia &amp; mint soap bar. Made to soothe irritated skin, reduce redness, and provide a refreshing bath experience. Vegan &amp; Cruelty-Free.\" \/>\n<meta name=\"robots\" content=\"index, follow, max-snippet:-1, max-image-preview:large, max-video-preview:-1\" \/>\n<link rel=\"canonical\" href=\"https:\/\/taxne.com\/es\/producto\/barra-de-bano-calmante-de-artemisia-y-menta\/\" \/>\n<meta property=\"og:locale\" content=\"es_ES\" \/>\n<meta property=\"og:type\" content=\"article\" \/>\n<meta property=\"og:title\" content=\"Soothing Artemisia &amp; Mint Bath Bar - Natural for Sensitive Skin | Taxne\" \/>\n<meta property=\"og:description\" content=\"Experience a calming cleanse with our natural artemisia &amp; mint soap bar. Made to soothe irritated skin, reduce redness, and provide a refreshing bath experience. Vegan &amp; Cruelty-Free.\" \/>\n<meta property=\"og:url\" content=\"https:\/\/taxne.com\/es\/producto\/barra-de-bano-calmante-de-artemisia-y-menta\/\" \/>\n<meta property=\"article:modified_time\" content=\"2026-03-04T02:24:52+00:00\" \/>\n<meta property=\"og:image\" content=\"https:\/\/taxne.com\/wp-content\/uploads\/2025\/09\/O1CN01U4Dmoh1PVybwAbPR0_4611686018427381047-0-item_pic.png\" \/>\n\t<meta property=\"og:image:width\" content=\"800\" \/>\n\t<meta property=\"og:image:height\" content=\"800\" \/>\n\t<meta property=\"og:image:type\" content=\"image\/png\" \/>\n<meta name=\"twitter:card\" content=\"summary_large_image\" \/>\n<meta name=\"twitter:label1\" content=\"Tiempo de lectura\" \/>\n\t<meta name=\"twitter:data1\" content=\"4 minutos\" \/>\n<script type=\"application\/ld+json\" class=\"yoast-schema-graph\">{\"@context\":\"https:\\\/\\\/schema.org\",\"@graph\":[{\"@type\":\"WebPage\",\"@id\":\"https:\\\/\\\/taxne.com\\\/product\\\/soothing-artemisia-mint-bath-bar\\\/\",\"url\":\"https:\\\/\\\/taxne.com\\\/product\\\/soothing-artemisia-mint-bath-bar\\\/\",\"name\":\"Soothing Artemisia & Mint Bath Bar - Natural for Sensitive Skin | Taxne\",\"isPartOf\":{\"@id\":\"https:\\\/\\\/taxne.com\\\/#website\"},\"primaryImageOfPage\":{\"@id\":\"https:\\\/\\\/taxne.com\\\/product\\\/soothing-artemisia-mint-bath-bar\\\/#primaryimage\"},\"image\":{\"@id\":\"https:\\\/\\\/taxne.com\\\/product\\\/soothing-artemisia-mint-bath-bar\\\/#primaryimage\"},\"thumbnailUrl\":\"https:\\\/\\\/taxne.com\\\/wp-content\\\/uploads\\\/2025\\\/09\\\/O1CN01U4Dmoh1PVybwAbPR0_4611686018427381047-0-item_pic.png\",\"datePublished\":\"2025-09-03T09:34:45+00:00\",\"dateModified\":\"2026-03-04T02:24:52+00:00\",\"description\":\"Experience a calming cleanse with our natural artemisia & mint soap bar. Made to soothe irritated skin, reduce redness, and provide a refreshing bath experience. Vegan & Cruelty-Free.\",\"breadcrumb\":{\"@id\":\"https:\\\/\\\/taxne.com\\\/product\\\/soothing-artemisia-mint-bath-bar\\\/#breadcrumb\"},\"inLanguage\":\"es\",\"potentialAction\":[{\"@type\":\"ReadAction\",\"target\":[\"https:\\\/\\\/taxne.com\\\/product\\\/soothing-artemisia-mint-bath-bar\\\/\"]}]},{\"@type\":\"ImageObject\",\"inLanguage\":\"es\",\"@id\":\"https:\\\/\\\/taxne.com\\\/product\\\/soothing-artemisia-mint-bath-bar\\\/#primaryimage\",\"url\":\"https:\\\/\\\/taxne.com\\\/wp-content\\\/uploads\\\/2025\\\/09\\\/O1CN01U4Dmoh1PVybwAbPR0_4611686018427381047-0-item_pic.png\",\"contentUrl\":\"https:\\\/\\\/taxne.com\\\/wp-content\\\/uploads\\\/2025\\\/09\\\/O1CN01U4Dmoh1PVybwAbPR0_4611686018427381047-0-item_pic.png\",\"width\":800,\"height\":800,\"caption\":\"Soothing Artemisia & Mint Bath Bar\"},{\"@type\":\"BreadcrumbList\",\"@id\":\"https:\\\/\\\/taxne.com\\\/product\\\/soothing-artemisia-mint-bath-bar\\\/#breadcrumb\",\"itemListElement\":[{\"@type\":\"ListItem\",\"position\":1,\"name\":\"\u9996\u9875\",\"item\":\"https:\\\/\\\/taxne.com\\\/\"},{\"@type\":\"ListItem\",\"position\":2,\"name\":\"Shop\",\"item\":\"https:\\\/\\\/taxne.com\\\/shop-2\\\/\"},{\"@type\":\"ListItem\",\"position\":3,\"name\":\"Soothing Artemisia &#038; Mint Bath Bar\"}]},{\"@type\":\"WebSite\",\"@id\":\"https:\\\/\\\/taxne.com\\\/#website\",\"url\":\"https:\\\/\\\/taxne.com\\\/\",\"name\":\"taxne.com\",\"description\":\"\",\"publisher\":{\"@id\":\"https:\\\/\\\/taxne.com\\\/#organization\"},\"potentialAction\":[{\"@type\":\"SearchAction\",\"target\":{\"@type\":\"EntryPoint\",\"urlTemplate\":\"https:\\\/\\\/taxne.com\\\/?s={search_term_string}\"},\"query-input\":{\"@type\":\"PropertyValueSpecification\",\"valueRequired\":true,\"valueName\":\"search_term_string\"}}],\"inLanguage\":\"es\"},{\"@type\":\"Organization\",\"@id\":\"https:\\\/\\\/taxne.com\\\/#organization\",\"name\":\"taxne.com\",\"url\":\"https:\\\/\\\/taxne.com\\\/\",\"logo\":{\"@type\":\"ImageObject\",\"inLanguage\":\"es\",\"@id\":\"https:\\\/\\\/taxne.com\\\/#\\\/schema\\\/logo\\\/image\\\/\",\"url\":\"https:\\\/\\\/taxne.com\\\/wp-content\\\/uploads\\\/2025\\\/09\\\/cropped-logo.png\",\"contentUrl\":\"https:\\\/\\\/taxne.com\\\/wp-content\\\/uploads\\\/2025\\\/09\\\/cropped-logo.png\",\"width\":1027,\"height\":270,\"caption\":\"taxne.com\"},\"image\":{\"@id\":\"https:\\\/\\\/taxne.com\\\/#\\\/schema\\\/logo\\\/image\\\/\"}}]}<\/script>\n<!-- \/ Yoast SEO plugin. -->","yoast_head_json":{"title":"Jab\u00f3n de ba\u00f1o calmante de artemisia y menta - Natural para piel sensible | Taxne","description":"Experimenta una limpieza relajante con nuestra pastilla de jab\u00f3n natural de artemisa y menta. Elaborada para calmar la piel irritada, reducir el enrojecimiento y brindar una experiencia de ba\u00f1o refrescante. Vegana y sin crueldad animal.","robots":{"index":"index","follow":"follow","max-snippet":"max-snippet:-1","max-image-preview":"max-image-preview:large","max-video-preview":"max-video-preview:-1"},"canonical":"https:\/\/taxne.com\/es\/producto\/barra-de-bano-calmante-de-artemisia-y-menta\/","og_locale":"es_ES","og_type":"article","og_title":"Soothing Artemisia & Mint Bath Bar - Natural for Sensitive Skin | Taxne","og_description":"Experience a calming cleanse with our natural artemisia & mint soap bar. Made to soothe irritated skin, reduce redness, and provide a refreshing bath experience. Vegan & Cruelty-Free.","og_url":"https:\/\/taxne.com\/es\/producto\/barra-de-bano-calmante-de-artemisia-y-menta\/","article_modified_time":"2026-03-04T02:24:52+00:00","og_image":[{"width":800,"height":800,"url":"https:\/\/taxne.com\/wp-content\/uploads\/2025\/09\/O1CN01U4Dmoh1PVybwAbPR0_4611686018427381047-0-item_pic.png","type":"image\/png"}],"twitter_card":"summary_large_image","twitter_misc":{"Tiempo de lectura":"4 minutos"},"schema":{"@context":"https:\/\/schema.org","@graph":[{"@type":"WebPage","@id":"https:\/\/taxne.com\/product\/soothing-artemisia-mint-bath-bar\/","url":"https:\/\/taxne.com\/product\/soothing-artemisia-mint-bath-bar\/","name":"Jab\u00f3n de ba\u00f1o calmante de artemisia y menta - Natural para piel sensible | Taxne","isPartOf":{"@id":"https:\/\/taxne.com\/#website"},"primaryImageOfPage":{"@id":"https:\/\/taxne.com\/product\/soothing-artemisia-mint-bath-bar\/#primaryimage"},"image":{"@id":"https:\/\/taxne.com\/product\/soothing-artemisia-mint-bath-bar\/#primaryimage"},"thumbnailUrl":"https:\/\/taxne.com\/wp-content\/uploads\/2025\/09\/O1CN01U4Dmoh1PVybwAbPR0_4611686018427381047-0-item_pic.png","datePublished":"2025-09-03T09:34:45+00:00","dateModified":"2026-03-04T02:24:52+00:00","description":"Experimenta una limpieza relajante con nuestra pastilla de jab\u00f3n natural de artemisa y menta. Elaborada para calmar la piel irritada, reducir el enrojecimiento y brindar una experiencia de ba\u00f1o refrescante. Vegana y sin crueldad animal.","breadcrumb":{"@id":"https:\/\/taxne.com\/product\/soothing-artemisia-mint-bath-bar\/#breadcrumb"},"inLanguage":"es","potentialAction":[{"@type":"ReadAction","target":["https:\/\/taxne.com\/product\/soothing-artemisia-mint-bath-bar\/"]}]},{"@type":"ImageObject","inLanguage":"es","@id":"https:\/\/taxne.com\/product\/soothing-artemisia-mint-bath-bar\/#primaryimage","url":"https:\/\/taxne.com\/wp-content\/uploads\/2025\/09\/O1CN01U4Dmoh1PVybwAbPR0_4611686018427381047-0-item_pic.png","contentUrl":"https:\/\/taxne.com\/wp-content\/uploads\/2025\/09\/O1CN01U4Dmoh1PVybwAbPR0_4611686018427381047-0-item_pic.png","width":800,"height":800,"caption":"Soothing Artemisia & Mint Bath Bar"},{"@type":"BreadcrumbList","@id":"https:\/\/taxne.com\/product\/soothing-artemisia-mint-bath-bar\/#breadcrumb","itemListElement":[{"@type":"ListItem","position":1,"name":"\u9996\u9875","item":"https:\/\/taxne.com\/"},{"@type":"ListItem","position":2,"name":"Shop","item":"https:\/\/taxne.com\/shop-2\/"},{"@type":"ListItem","position":3,"name":"Soothing Artemisia &#038; Mint Bath Bar"}]},{"@type":"WebSite","@id":"https:\/\/taxne.com\/#website","url":"https:\/\/taxne.com\/","name":"taxne.com","description":"","publisher":{"@id":"https:\/\/taxne.com\/#organization"},"potentialAction":[{"@type":"SearchAction","target":{"@type":"EntryPoint","urlTemplate":"https:\/\/taxne.com\/?s={search_term_string}"},"query-input":{"@type":"PropertyValueSpecification","valueRequired":true,"valueName":"search_term_string"}}],"inLanguage":"es"},{"@type":"Organization","@id":"https:\/\/taxne.com\/#organization","name":"taxne.com","url":"https:\/\/taxne.com\/","logo":{"@type":"ImageObject","inLanguage":"es","@id":"https:\/\/taxne.com\/#\/schema\/logo\/image\/","url":"https:\/\/taxne.com\/wp-content\/uploads\/2025\/09\/cropped-logo.png","contentUrl":"https:\/\/taxne.com\/wp-content\/uploads\/2025\/09\/cropped-logo.png","width":1027,"height":270,"caption":"taxne.com"},"image":{"@id":"https:\/\/taxne.com\/#\/schema\/logo\/image\/"}}]}},"uagb_featured_image_src":{"full":["https:\/\/taxne.com\/wp-content\/uploads\/2025\/09\/O1CN01U4Dmoh1PVybwAbPR0_4611686018427381047-0-item_pic.png",800,800,false],"thumbnail":["https:\/\/taxne.com\/wp-content\/uploads\/2025\/09\/O1CN01U4Dmoh1PVybwAbPR0_4611686018427381047-0-item_pic-150x150.png",150,150,true],"medium":["https:\/\/taxne.com\/wp-content\/uploads\/2025\/09\/O1CN01U4Dmoh1PVybwAbPR0_4611686018427381047-0-item_pic-300x300.png",300,300,true],"medium_large":["https:\/\/taxne.com\/wp-content\/uploads\/2025\/09\/O1CN01U4Dmoh1PVybwAbPR0_4611686018427381047-0-item_pic-768x768.png",768,768,true],"large":["https:\/\/taxne.com\/wp-content\/uploads\/2025\/09\/O1CN01U4Dmoh1PVybwAbPR0_4611686018427381047-0-item_pic.png",800,800,false],"1536x1536":["https:\/\/taxne.com\/wp-content\/uploads\/2025\/09\/O1CN01U4Dmoh1PVybwAbPR0_4611686018427381047-0-item_pic.png",800,800,false],"2048x2048":["https:\/\/taxne.com\/wp-content\/uploads\/2025\/09\/O1CN01U4Dmoh1PVybwAbPR0_4611686018427381047-0-item_pic.png",800,800,false],"trp-custom-language-flag":["https:\/\/taxne.com\/wp-content\/uploads\/2025\/09\/O1CN01U4Dmoh1PVybwAbPR0_4611686018427381047-0-item_pic-12x12.png",12,12,true],"woocommerce_thumbnail":["https:\/\/taxne.com\/wp-content\/uploads\/2025\/09\/O1CN01U4Dmoh1PVybwAbPR0_4611686018427381047-0-item_pic-300x300.png",300,300,true],"woocommerce_single":["https:\/\/taxne.com\/wp-content\/uploads\/2025\/09\/O1CN01U4Dmoh1PVybwAbPR0_4611686018427381047-0-item_pic-600x600.png",600,600,true],"woocommerce_gallery_thumbnail":["https:\/\/taxne.com\/wp-content\/uploads\/2025\/09\/O1CN01U4Dmoh1PVybwAbPR0_4611686018427381047-0-item_pic-100x100.png",100,100,true]},"uagb_author_info":{"display_name":"tianke1223@gmail.com","author_link":"https:\/\/taxne.com\/es\/author\/"},"uagb_comment_info":0,"uagb_excerpt":"Nature's Reset Button: The Purifying Bar for Reactive &amp; Oily Skin 100g Tired of skin that feels irritated after a shower? Meet your new ritual for calm. Benefits: Soothes &amp; Calms:\u00a0Artemisia is known for its properties to soothe sensitive and irritated skin. Deeply Purifies:\u00a0Helps to gently cleanse without stripping natural oils. Invigorates Senses:\u00a0The minty aroma&hellip;","jetpack_sharing_enabled":true,"_links":{"self":[{"href":"https:\/\/taxne.com\/es\/wp-json\/wp\/v2\/product\/7985","targetHints":{"allow":["GET"]}}],"collection":[{"href":"https:\/\/taxne.com\/es\/wp-json\/wp\/v2\/product"}],"about":[{"href":"https:\/\/taxne.com\/es\/wp-json\/wp\/v2\/types\/product"}],"replies":[{"embeddable":true,"href":"https:\/\/taxne.com\/es\/wp-json\/wp\/v2\/comments?post=7985"}],"wp:featuredmedia":[{"embeddable":true,"href":"https:\/\/taxne.com\/es\/wp-json\/wp\/v2\/media\/7989"}],"wp:attachment":[{"href":"https:\/\/taxne.com\/es\/wp-json\/wp\/v2\/media?parent=7985"}],"wp:term":[{"taxonomy":"product_brand","embeddable":true,"href":"https:\/\/taxne.com\/es\/wp-json\/wp\/v2\/product_brand?post=7985"},{"taxonomy":"product_cat","embeddable":true,"href":"https:\/\/taxne.com\/es\/wp-json\/wp\/v2\/product_cat?post=7985"},{"taxonomy":"product_tag","embeddable":true,"href":"https:\/\/taxne.com\/es\/wp-json\/wp\/v2\/product_tag?post=7985"}],"curies":[{"name":"wp","href":"https:\/\/api.w.org\/{rel}","templated":true}]}}