{"id":7999,"date":"2025-09-09T06:16:59","date_gmt":"2025-09-09T06:16:59","guid":{"rendered":"https:\/\/taxne.com\/?post_type=product&#038;p=7999"},"modified":"2026-03-04T02:24:52","modified_gmt":"2026-03-04T02:24:52","slug":"silk-infusion-coconut-hair-shampoo-bar","status":"publish","type":"product","link":"https:\/\/taxne.com\/es\/producto\/champu-en-barra-con-infusion-de-seda-y-coco-para-el-cabello\/","title":{"rendered":"Champ\u00fa en barra Silk Infusion Coconut Hair"},"content":{"rendered":"<p class=\"ds-markdown-paragraph\"><strong>\u00bfEst\u00e1s cansado de un cabello que se quiebra, se encrespa y carece de vida?<\/strong><\/p>\n<p class=\"ds-markdown-paragraph\">El peinado con calor, la coloraci\u00f3n y el estr\u00e9s ambiental pueden dejar tu cabello d\u00e9bil y opaco. No necesita otra limpieza agresiva, necesita una\u00a0<strong>tratamiento rico en nutrientes<\/strong>\u00a0que repara desde dentro y protege en la superficie.<\/p>\n<p class=\"ds-markdown-paragraph\"><strong>Una lujosa fusi\u00f3n de seda y coco para un cabello resistente<\/strong><\/p>\n<p class=\"ds-markdown-paragraph\">Hemos elaborado esta barra no solo para limpiar, sino para\u00a0<strong>transformar<\/strong>Es una dosis concentrada de ingredientes de lujo que trabajan juntos para reconstruir e iluminar tu cabello.<\/p>\n<ul>\n<li>\n<p class=\"ds-markdown-paragraph\"><strong>Prote\u00edna de seda: el escudo invisible de tu cabello.<\/strong>\u00a0Imagine un velo protector y liviano que envuelve cada hebra. La prote\u00edna de seda hace exactamente eso:\u00a0<strong>suaviza la cut\u00edcula del cabello<\/strong>, reteniendo la humedad y aportando un incre\u00edble brillo.\u00a0<strong>brillo y suavidad<\/strong>\u00a0Sin ninguna acumulaci\u00f3n. Ayuda a\u00a0<strong>resistir el da\u00f1o diario<\/strong>,<\/p>\n<\/li>\n<li>\n<p class=\"ds-markdown-paragraph\"><strong>Aceite de coco y manteca de semilla de cacao: el d\u00fao de nutrici\u00f3n profunda.<\/strong>\u00a0Estos ricos emolientes\u00a0<strong>penetrar el tallo del cabello<\/strong>\u00a0para brindar una hidrataci\u00f3n intensa de adentro hacia afuera. Act\u00faan para\u00a0<strong>reducir la p\u00e9rdida de prote\u00ednas<\/strong>, previene la rotura y controla el frizz rebelde, dejando tu cabello con una sensaci\u00f3n\u00a0<strong>m\u00e1s fuerte, m\u00e1s resistente y manejable<\/strong>.<\/p>\n<\/li>\n<li>\n<p class=\"ds-markdown-paragraph\"><strong>Mezcla bot\u00e1nica (aceite de oliva, s\u00e9samo y romero):<\/strong> Este conjunto de aceites naturales mejora la fuerza, promueve un cuero cabelludo saludable y agrega una experiencia arom\u00e1tica similar a la de un spa a su ducha.<\/p>\n<\/li>\n<\/ul>\n<p class=\"ds-markdown-paragraph\"><strong>Un escape sensorial que ofrece resultados reales<\/strong><\/p>\n<p class=\"ds-markdown-paragraph\">Enjabona esta rica y cremosa barra para disfrutar de una limpieza suave y una fragancia delicada y natural. No contiene sulfatos agresivos que despojan a tu cabello de sus aceites naturales, lo que lo convierte en un...\u00a0<strong>Una elecci\u00f3n suave pero eficaz<\/strong>\u00a0para todo tipo de cabello, especialmente\u00a0<strong>cabello da\u00f1ado, seco o te\u00f1ido<\/strong>.<\/p>\n<p class=\"ds-markdown-paragraph\"><strong>Limpio, consciente y elaborado para el rendimiento.<\/strong><\/p>\n<ul>\n<li>\n<p class=\"ds-markdown-paragraph\"><strong>Vegano y libre de crueldad animal:<\/strong>\u00a0Siempre.<\/p>\n<\/li>\n<li>\n<p class=\"ds-markdown-paragraph\"><strong>Ingredientes de origen natural:<\/strong>\u00a0Desarrollado con ingredientes bot\u00e1nicos.<\/p>\n<\/li>\n<li>\n<p class=\"ds-markdown-paragraph\">**Cero residuos:** Sin botellas de pl\u00e1stico.<\/p>\n<\/li>\n<li>\n<p class=\"ds-markdown-paragraph\">** Libre de:** Sulfatos, Parabenos, Siliconas, Colorantes Sint\u00e9ticos.<\/p>\n<\/li>\n<\/ul>\n<p class=\"ds-markdown-paragraph\"><strong>\u00bfEst\u00e1s lista para revelar tu cabello m\u00e1s saludable y luminoso?<\/strong><br \/>\n<strong>A\u00f1ade al carrito y siente la diferencia desde el primer lavado.<\/strong><\/p>\n<p class=\"ds-markdown-paragraph\"><strong>En Taxne, buscamos inspiraci\u00f3n en las soluciones m\u00e1s sofisticadas de la naturaleza.<\/strong>\u00a0El descubrimiento del paclitaxel (Taxol) del tejo del Pac\u00edfico constituye un poderoso testimonio de la incre\u00edble inteligencia de la naturaleza. Nos demostr\u00f3 que las soluciones a nuestros desaf\u00edos m\u00e1s complejos se encuentran en el mundo bot\u00e1nico.<\/p>\n<p class=\"ds-markdown-paragraph\">Esta creencia fundamental impulsa todo lo que creamos, incluido esto.\u00a0<strong>Champ\u00fa en barra Silk Infusion Coconut Hair<\/strong>.<\/p>","protected":false},"excerpt":{"rendered":"<p><strong>Inspirado por la ciencia, nutrido por la naturaleza: La barra de champ\u00fa para un cabello resistente<\/strong><\/p>\n<p><strong>Prote\u00edna de seda: el escudo invisible de tu cabello.<\/strong>\u00a0Imagine un velo protector y liviano que envuelve cada hebra. La prote\u00edna de seda hace exactamente eso:\u00a0<strong>suaviza la cut\u00edcula del cabello<\/strong>, reteniendo la humedad y aportando un incre\u00edble brillo.\u00a0<strong>brillo y suavidad<\/strong>\u00a0Sin ninguna acumulaci\u00f3n. Ayuda a\u00a0<strong>resistir el da\u00f1o diario<\/strong><\/p>\n<p class=\"ds-markdown-paragraph\"><strong>La promesa de Taxne: Dise\u00f1ado conscientemente para un alto rendimiento.<\/strong><\/p>\n<ul>\n<li>\n<p class=\"ds-markdown-paragraph\"><strong>Inspirado en la ciencia, arraigado en la naturaleza:<\/strong>\u00a0Nuestra filosof\u00eda central.<\/p>\n<\/li>\n<li>\n<p class=\"ds-markdown-paragraph\"><strong>Vegano y libre de crueldad animal:<\/strong>\u00a0Siempre y para siempre.<\/p>\n<\/li>\n<li>\n<p class=\"ds-markdown-paragraph\"><strong>De origen sostenible:<\/strong>\u00a0Somos administradores de la tierra.<\/p>\n<\/li>\n<li>\n<p class=\"ds-markdown-paragraph\">** Libre de:** Sulfatos, Parabenos, Siliconas, Colorantes Sint\u00e9ticos.<\/p>\n<\/li>\n<\/ul>","protected":false},"featured_media":8007,"comment_status":"open","ping_status":"closed","template":"","meta":{"_uag_custom_page_level_css":"","site-sidebar-layout":"default","site-content-layout":"","ast-site-content-layout":"default","site-content-style":"default","site-sidebar-style":"default","ast-global-header-display":"","ast-banner-title-visibility":"","ast-main-header-display":"","ast-hfb-above-header-display":"","ast-hfb-below-header-display":"","ast-hfb-mobile-header-display":"","site-post-title":"","ast-breadcrumbs-content":"","ast-featured-img":"","footer-sml-layout":"","ast-disable-related-posts":"","theme-transparent-header-meta":"default","adv-header-id-meta":"","stick-header-meta":"","header-above-stick-meta":"","header-main-stick-meta":"","header-below-stick-meta":"","astra-migrate-meta-layouts":"set","ast-page-background-enabled":"default","ast-page-background-meta":{"desktop":{"background-color":"","background-image":"","background-repeat":"repeat","background-position":"center center","background-size":"auto","background-attachment":"scroll","background-type":"","background-media":"","overlay-type":"","overlay-color":"","overlay-opacity":"","overlay-gradient":""},"tablet":{"background-color":"","background-image":"","background-repeat":"repeat","background-position":"center center","background-size":"auto","background-attachment":"scroll","background-type":"","background-media":"","overlay-type":"","overlay-color":"","overlay-opacity":"","overlay-gradient":""},"mobile":{"background-color":"","background-image":"","background-repeat":"repeat","background-position":"center center","background-size":"auto","background-attachment":"scroll","background-type":"","background-media":"","overlay-type":"","overlay-color":"","overlay-opacity":"","overlay-gradient":""}},"ast-content-background-meta":{"desktop":{"background-color":"var(--ast-global-color-5)","background-image":"","background-repeat":"repeat","background-position":"center center","background-size":"auto","background-attachment":"scroll","background-type":"","background-media":"","overlay-type":"","overlay-color":"","overlay-opacity":"","overlay-gradient":""},"tablet":{"background-color":"var(--ast-global-color-5)","background-image":"","background-repeat":"repeat","background-position":"center center","background-size":"auto","background-attachment":"scroll","background-type":"","background-media":"","overlay-type":"","overlay-color":"","overlay-opacity":"","overlay-gradient":""},"mobile":{"background-color":"var(--ast-global-color-5)","background-image":"","background-repeat":"repeat","background-position":"center center","background-size":"auto","background-attachment":"scroll","background-type":"","background-media":"","overlay-type":"","overlay-color":"","overlay-opacity":"","overlay-gradient":""}}},"product_brand":[],"product_cat":[15],"product_tag":[48,58,50,57,53,59,56,47,49,55,52,51],"class_list":{"0":"post-7999","1":"product","2":"type-product","3":"status-publish","4":"has-post-thumbnail","6":"product_cat-herbs-soap","7":"product_tag-coconut-oil-shampoo-bar","8":"product_tag-color-safe-shampoo-bar","9":"product_tag-hair-treatment-bar","10":"product_tag-natural-shampoo-for-frizzy-hair","11":"product_tag-reducing-breakage","12":"product_tag-rosemary-oil-shampoo","13":"product_tag-shine-hair-bar","14":"product_tag-silk-protein-shampoo-bar","15":"product_tag-solid-shampoo-for-damaged-hair","16":"product_tag-split-ends-repair","17":"product_tag-vegan-hair-care","18":"product_tag-zero-waste-shampoo","19":"desktop-align-left","20":"tablet-align-left","21":"mobile-align-left","23":"first","24":"instock","25":"sale","26":"featured","27":"shipping-taxable","28":"purchasable","29":"product-type-simple"},"yoast_head":"<!-- This site is optimized with the Yoast SEO plugin v27.3 - https:\/\/yoast.com\/product\/yoast-seo-wordpress\/ -->\n<title>Silk Infusion Coconut Shampoo Bar for Shiny, Strong Hair | Taxne<\/title>\n<meta name=\"description\" content=\"Transform dry, damaged hair with our luxury shampoo bar. Infused with Silk Protein &amp; Coconut Oil, it deeply nourishes to reduce breakage, boost shine, and repair split ends. Vegan.\" \/>\n<meta name=\"robots\" content=\"index, follow, max-snippet:-1, max-image-preview:large, max-video-preview:-1\" \/>\n<link rel=\"canonical\" href=\"https:\/\/taxne.com\/es\/producto\/champu-en-barra-con-infusion-de-seda-y-coco-para-el-cabello\/\" \/>\n<meta property=\"og:locale\" content=\"es_ES\" \/>\n<meta property=\"og:type\" content=\"article\" \/>\n<meta property=\"og:title\" content=\"Silk Infusion Coconut Shampoo Bar for Shiny, Strong Hair | Taxne\" \/>\n<meta property=\"og:description\" content=\"Transform dry, damaged hair with our luxury shampoo bar. Infused with Silk Protein &amp; Coconut Oil, it deeply nourishes to reduce breakage, boost shine, and repair split ends. Vegan.\" \/>\n<meta property=\"og:url\" content=\"https:\/\/taxne.com\/es\/producto\/champu-en-barra-con-infusion-de-seda-y-coco-para-el-cabello\/\" \/>\n<meta property=\"article:modified_time\" content=\"2026-03-04T02:24:52+00:00\" \/>\n<meta property=\"og:image\" content=\"https:\/\/taxne.com\/wp-content\/uploads\/2025\/09\/\u89c4\u683c.jpg\" \/>\n\t<meta property=\"og:image:width\" content=\"800\" \/>\n\t<meta property=\"og:image:height\" content=\"800\" \/>\n\t<meta property=\"og:image:type\" content=\"image\/jpeg\" \/>\n<meta name=\"twitter:card\" content=\"summary_large_image\" \/>\n<meta name=\"twitter:label1\" content=\"Tiempo de lectura\" \/>\n\t<meta name=\"twitter:data1\" content=\"3 minutos\" \/>\n<script type=\"application\/ld+json\" class=\"yoast-schema-graph\">{\"@context\":\"https:\\\/\\\/schema.org\",\"@graph\":[{\"@type\":\"WebPage\",\"@id\":\"https:\\\/\\\/taxne.com\\\/product\\\/silk-infusion-coconut-hair-shampoo-bar\\\/\",\"url\":\"https:\\\/\\\/taxne.com\\\/product\\\/silk-infusion-coconut-hair-shampoo-bar\\\/\",\"name\":\"Silk Infusion Coconut Shampoo Bar for Shiny, Strong Hair | Taxne\",\"isPartOf\":{\"@id\":\"https:\\\/\\\/taxne.com\\\/#website\"},\"primaryImageOfPage\":{\"@id\":\"https:\\\/\\\/taxne.com\\\/product\\\/silk-infusion-coconut-hair-shampoo-bar\\\/#primaryimage\"},\"image\":{\"@id\":\"https:\\\/\\\/taxne.com\\\/product\\\/silk-infusion-coconut-hair-shampoo-bar\\\/#primaryimage\"},\"thumbnailUrl\":\"https:\\\/\\\/taxne.com\\\/wp-content\\\/uploads\\\/2025\\\/09\\\/\u89c4\u683c.jpg\",\"datePublished\":\"2025-09-09T06:16:59+00:00\",\"dateModified\":\"2026-03-04T02:24:52+00:00\",\"description\":\"Transform dry, damaged hair with our luxury shampoo bar. Infused with Silk Protein & Coconut Oil, it deeply nourishes to reduce breakage, boost shine, and repair split ends. Vegan.\",\"breadcrumb\":{\"@id\":\"https:\\\/\\\/taxne.com\\\/product\\\/silk-infusion-coconut-hair-shampoo-bar\\\/#breadcrumb\"},\"inLanguage\":\"es\",\"potentialAction\":[{\"@type\":\"ReadAction\",\"target\":[\"https:\\\/\\\/taxne.com\\\/product\\\/silk-infusion-coconut-hair-shampoo-bar\\\/\"]}]},{\"@type\":\"ImageObject\",\"inLanguage\":\"es\",\"@id\":\"https:\\\/\\\/taxne.com\\\/product\\\/silk-infusion-coconut-hair-shampoo-bar\\\/#primaryimage\",\"url\":\"https:\\\/\\\/taxne.com\\\/wp-content\\\/uploads\\\/2025\\\/09\\\/\u89c4\u683c.jpg\",\"contentUrl\":\"https:\\\/\\\/taxne.com\\\/wp-content\\\/uploads\\\/2025\\\/09\\\/\u89c4\u683c.jpg\",\"width\":800,\"height\":800,\"caption\":\"From Damaged to Dazzling: The Silk Protein Bar for Less Breakage & More Shine 95g\"},{\"@type\":\"BreadcrumbList\",\"@id\":\"https:\\\/\\\/taxne.com\\\/product\\\/silk-infusion-coconut-hair-shampoo-bar\\\/#breadcrumb\",\"itemListElement\":[{\"@type\":\"ListItem\",\"position\":1,\"name\":\"\u9996\u9875\",\"item\":\"https:\\\/\\\/taxne.com\\\/\"},{\"@type\":\"ListItem\",\"position\":2,\"name\":\"Shop\",\"item\":\"https:\\\/\\\/taxne.com\\\/shop-2\\\/\"},{\"@type\":\"ListItem\",\"position\":3,\"name\":\"Silk Infusion Coconut Hair Shampoo Bar\"}]},{\"@type\":\"WebSite\",\"@id\":\"https:\\\/\\\/taxne.com\\\/#website\",\"url\":\"https:\\\/\\\/taxne.com\\\/\",\"name\":\"taxne.com\",\"description\":\"\",\"publisher\":{\"@id\":\"https:\\\/\\\/taxne.com\\\/#organization\"},\"potentialAction\":[{\"@type\":\"SearchAction\",\"target\":{\"@type\":\"EntryPoint\",\"urlTemplate\":\"https:\\\/\\\/taxne.com\\\/?s={search_term_string}\"},\"query-input\":{\"@type\":\"PropertyValueSpecification\",\"valueRequired\":true,\"valueName\":\"search_term_string\"}}],\"inLanguage\":\"es\"},{\"@type\":\"Organization\",\"@id\":\"https:\\\/\\\/taxne.com\\\/#organization\",\"name\":\"taxne.com\",\"url\":\"https:\\\/\\\/taxne.com\\\/\",\"logo\":{\"@type\":\"ImageObject\",\"inLanguage\":\"es\",\"@id\":\"https:\\\/\\\/taxne.com\\\/#\\\/schema\\\/logo\\\/image\\\/\",\"url\":\"https:\\\/\\\/taxne.com\\\/wp-content\\\/uploads\\\/2025\\\/09\\\/cropped-logo.png\",\"contentUrl\":\"https:\\\/\\\/taxne.com\\\/wp-content\\\/uploads\\\/2025\\\/09\\\/cropped-logo.png\",\"width\":1027,\"height\":270,\"caption\":\"taxne.com\"},\"image\":{\"@id\":\"https:\\\/\\\/taxne.com\\\/#\\\/schema\\\/logo\\\/image\\\/\"}}]}<\/script>\n<!-- \/ Yoast SEO plugin. -->","yoast_head_json":{"title":"Champ\u00fa Silk Infusion Coconut para un cabello brillante y fuerte | Taxne","description":"Transforma el cabello seco y da\u00f1ado con nuestra lujosa pastilla de champ\u00fa. Enriquecida con prote\u00edna de seda y aceite de coco, nutre profundamente para reducir la rotura, potenciar el brillo y reparar las puntas abiertas. Vegana.","robots":{"index":"index","follow":"follow","max-snippet":"max-snippet:-1","max-image-preview":"max-image-preview:large","max-video-preview":"max-video-preview:-1"},"canonical":"https:\/\/taxne.com\/es\/producto\/champu-en-barra-con-infusion-de-seda-y-coco-para-el-cabello\/","og_locale":"es_ES","og_type":"article","og_title":"Silk Infusion Coconut Shampoo Bar for Shiny, Strong Hair | Taxne","og_description":"Transform dry, damaged hair with our luxury shampoo bar. Infused with Silk Protein & Coconut Oil, it deeply nourishes to reduce breakage, boost shine, and repair split ends. Vegan.","og_url":"https:\/\/taxne.com\/es\/producto\/champu-en-barra-con-infusion-de-seda-y-coco-para-el-cabello\/","article_modified_time":"2026-03-04T02:24:52+00:00","og_image":[{"width":800,"height":800,"url":"https:\/\/taxne.com\/wp-content\/uploads\/2025\/09\/\u89c4\u683c.jpg","type":"image\/jpeg"}],"twitter_card":"summary_large_image","twitter_misc":{"Tiempo de lectura":"3 minutos"},"schema":{"@context":"https:\/\/schema.org","@graph":[{"@type":"WebPage","@id":"https:\/\/taxne.com\/product\/silk-infusion-coconut-hair-shampoo-bar\/","url":"https:\/\/taxne.com\/product\/silk-infusion-coconut-hair-shampoo-bar\/","name":"Champ\u00fa Silk Infusion Coconut para un cabello brillante y fuerte | Taxne","isPartOf":{"@id":"https:\/\/taxne.com\/#website"},"primaryImageOfPage":{"@id":"https:\/\/taxne.com\/product\/silk-infusion-coconut-hair-shampoo-bar\/#primaryimage"},"image":{"@id":"https:\/\/taxne.com\/product\/silk-infusion-coconut-hair-shampoo-bar\/#primaryimage"},"thumbnailUrl":"https:\/\/taxne.com\/wp-content\/uploads\/2025\/09\/\u89c4\u683c.jpg","datePublished":"2025-09-09T06:16:59+00:00","dateModified":"2026-03-04T02:24:52+00:00","description":"Transforma el cabello seco y da\u00f1ado con nuestra lujosa pastilla de champ\u00fa. Enriquecida con prote\u00edna de seda y aceite de coco, nutre profundamente para reducir la rotura, potenciar el brillo y reparar las puntas abiertas. Vegana.","breadcrumb":{"@id":"https:\/\/taxne.com\/product\/silk-infusion-coconut-hair-shampoo-bar\/#breadcrumb"},"inLanguage":"es","potentialAction":[{"@type":"ReadAction","target":["https:\/\/taxne.com\/product\/silk-infusion-coconut-hair-shampoo-bar\/"]}]},{"@type":"ImageObject","inLanguage":"es","@id":"https:\/\/taxne.com\/product\/silk-infusion-coconut-hair-shampoo-bar\/#primaryimage","url":"https:\/\/taxne.com\/wp-content\/uploads\/2025\/09\/\u89c4\u683c.jpg","contentUrl":"https:\/\/taxne.com\/wp-content\/uploads\/2025\/09\/\u89c4\u683c.jpg","width":800,"height":800,"caption":"From Damaged to Dazzling: The Silk Protein Bar for Less Breakage & More Shine 95g"},{"@type":"BreadcrumbList","@id":"https:\/\/taxne.com\/product\/silk-infusion-coconut-hair-shampoo-bar\/#breadcrumb","itemListElement":[{"@type":"ListItem","position":1,"name":"\u9996\u9875","item":"https:\/\/taxne.com\/"},{"@type":"ListItem","position":2,"name":"Shop","item":"https:\/\/taxne.com\/shop-2\/"},{"@type":"ListItem","position":3,"name":"Silk Infusion Coconut Hair Shampoo Bar"}]},{"@type":"WebSite","@id":"https:\/\/taxne.com\/#website","url":"https:\/\/taxne.com\/","name":"taxne.com","description":"","publisher":{"@id":"https:\/\/taxne.com\/#organization"},"potentialAction":[{"@type":"SearchAction","target":{"@type":"EntryPoint","urlTemplate":"https:\/\/taxne.com\/?s={search_term_string}"},"query-input":{"@type":"PropertyValueSpecification","valueRequired":true,"valueName":"search_term_string"}}],"inLanguage":"es"},{"@type":"Organization","@id":"https:\/\/taxne.com\/#organization","name":"taxne.com","url":"https:\/\/taxne.com\/","logo":{"@type":"ImageObject","inLanguage":"es","@id":"https:\/\/taxne.com\/#\/schema\/logo\/image\/","url":"https:\/\/taxne.com\/wp-content\/uploads\/2025\/09\/cropped-logo.png","contentUrl":"https:\/\/taxne.com\/wp-content\/uploads\/2025\/09\/cropped-logo.png","width":1027,"height":270,"caption":"taxne.com"},"image":{"@id":"https:\/\/taxne.com\/#\/schema\/logo\/image\/"}}]}},"uagb_featured_image_src":{"full":["https:\/\/taxne.com\/wp-content\/uploads\/2025\/09\/\u89c4\u683c.jpg",800,800,false],"thumbnail":["https:\/\/taxne.com\/wp-content\/uploads\/2025\/09\/\u89c4\u683c-150x150.jpg",150,150,true],"medium":["https:\/\/taxne.com\/wp-content\/uploads\/2025\/09\/\u89c4\u683c-300x300.jpg",300,300,true],"medium_large":["https:\/\/taxne.com\/wp-content\/uploads\/2025\/09\/\u89c4\u683c-768x768.jpg",768,768,true],"large":["https:\/\/taxne.com\/wp-content\/uploads\/2025\/09\/\u89c4\u683c.jpg",800,800,false],"1536x1536":["https:\/\/taxne.com\/wp-content\/uploads\/2025\/09\/\u89c4\u683c.jpg",800,800,false],"2048x2048":["https:\/\/taxne.com\/wp-content\/uploads\/2025\/09\/\u89c4\u683c.jpg",800,800,false],"trp-custom-language-flag":["https:\/\/taxne.com\/wp-content\/uploads\/2025\/09\/\u89c4\u683c-12x12.jpg",12,12,true],"woocommerce_thumbnail":["https:\/\/taxne.com\/wp-content\/uploads\/2025\/09\/\u89c4\u683c-300x300.jpg",300,300,true],"woocommerce_single":["https:\/\/taxne.com\/wp-content\/uploads\/2025\/09\/\u89c4\u683c-600x600.jpg",600,600,true],"woocommerce_gallery_thumbnail":["https:\/\/taxne.com\/wp-content\/uploads\/2025\/09\/\u89c4\u683c-100x100.jpg",100,100,true]},"uagb_author_info":{"display_name":"tianke1223@gmail.com","author_link":"https:\/\/taxne.com\/es\/author\/"},"uagb_comment_info":0,"uagb_excerpt":"Inspired by Science, Nourished by Nature: The Shampoo Bar for Resilient Hair Silk Protein: Your Hair's Invisible Shield.\u00a0Imagine a weightless, protective veil wrapping each strand. Silk protein does exactly that\u2014it\u00a0smooths the hair cuticle, locking in moisture and adding incredible\u00a0shine and softness\u00a0without any buildup. It helps to\u00a0resist daily damage The Taxne Promise: Consciously Crafted for High&hellip;","jetpack_sharing_enabled":true,"_links":{"self":[{"href":"https:\/\/taxne.com\/es\/wp-json\/wp\/v2\/product\/7999","targetHints":{"allow":["GET"]}}],"collection":[{"href":"https:\/\/taxne.com\/es\/wp-json\/wp\/v2\/product"}],"about":[{"href":"https:\/\/taxne.com\/es\/wp-json\/wp\/v2\/types\/product"}],"replies":[{"embeddable":true,"href":"https:\/\/taxne.com\/es\/wp-json\/wp\/v2\/comments?post=7999"}],"wp:featuredmedia":[{"embeddable":true,"href":"https:\/\/taxne.com\/es\/wp-json\/wp\/v2\/media\/8007"}],"wp:attachment":[{"href":"https:\/\/taxne.com\/es\/wp-json\/wp\/v2\/media?parent=7999"}],"wp:term":[{"taxonomy":"product_brand","embeddable":true,"href":"https:\/\/taxne.com\/es\/wp-json\/wp\/v2\/product_brand?post=7999"},{"taxonomy":"product_cat","embeddable":true,"href":"https:\/\/taxne.com\/es\/wp-json\/wp\/v2\/product_cat?post=7999"},{"taxonomy":"product_tag","embeddable":true,"href":"https:\/\/taxne.com\/es\/wp-json\/wp\/v2\/product_tag?post=7999"}],"curies":[{"name":"wp","href":"https:\/\/api.w.org\/{rel}","templated":true}]}}