{"id":8014,"date":"2025-09-09T07:05:40","date_gmt":"2025-09-09T07:05:40","guid":{"rendered":"https:\/\/taxne.com\/?post_type=product&#038;p=8014"},"modified":"2026-03-17T02:37:55","modified_gmt":"2026-03-17T02:37:55","slug":"scalp-revival-thuja-shampoo-bar-triangle","status":"publish","type":"product","link":"https:\/\/taxne.com\/es\/producto\/barra-de-champu-triangular-thuja-revitalizante-del-cuero-cabelludo\/","title":{"rendered":"Champ\u00fa purificante de Thuja y Saponaria para cuero cabelludo graso (tri\u00e1ngulo, 100 g)"},"content":{"rendered":"<p class=\"ds-markdown-paragraph\"><strong>Champ\u00fa bot\u00e1nico revitalizante para el cuero cabelludo con tuya oriental (100 g)<\/strong><br \/>\n<strong>El fin del cuero cabelludo graso. El comienzo de un cabello sano y equilibrado.<\/strong><\/p>\n<p class=\"ds-markdown-paragraph\"><strong>En Taxne, buscamos inspiraci\u00f3n en las soluciones m\u00e1s sofisticadas de la naturaleza.<\/strong>\u00a0El descubrimiento del paclitaxel (Taxol) del tejo del Pac\u00edfico constituye un poderoso testimonio de la incre\u00edble inteligencia de la naturaleza. Nos demostr\u00f3 que las soluciones a nuestros desaf\u00edos m\u00e1s complejos se encuentran en el mundo bot\u00e1nico.<\/p>\n<p class=\"ds-markdown-paragraph\">Hemos aplicado este mismo principio al cuidado del cuero cabelludo. Durante siglos,\u00a0<strong>Thuja Oriental (Biotina Orientalis)<\/strong>\u00a0Ha sido venerado en las pr\u00e1cticas tradicionales por sus propiedades purificantes y vigorizantes. Hemos combinado este poderoso ingrediente bot\u00e1nico con otras hierbas de eficacia comprobada para crear una barra de champ\u00fa que no solo limpia, sino que...\u00a0<strong>restablece el equilibrio<\/strong>.<\/p>\n<p class=\"ds-markdown-paragraph\"><strong>\u00bfEst\u00e1s cansado de tener el cuero cabelludo grasoso al mediod\u00eda?<\/strong><\/p>\n<p class=\"ds-markdown-paragraph\">Un cuero cabelludo graso no solo se trata de la apariencia; puede sentirse pesado, inc\u00f3modo y provocar congesti\u00f3n. Tu cabello necesita un\u00a0<strong>reiniciar<\/strong>No es una depilaci\u00f3n agresiva. Nuestra barra revitalizante del cuero cabelludo es una mezcla concentrada de saponinas naturales y extractos bot\u00e1nicos que act\u00faan en armon\u00eda para:<\/p>\n<ul>\n<li>\n<p class=\"ds-markdown-paragraph\"><strong>Purifica profundamente y elimina el exceso de grasa:<\/strong>\u00a0<strong>Jaboncillo (\u65e0\u60a3\u5b50)<\/strong>\u00a0y\u00a0<strong>Vaina de jab\u00f3n (\u7682\u89d2)<\/strong>\u00a0Son limpiadores naturales, potentes pero suaves. Crean una espuma abundante que elimina eficazmente la suciedad, el sebo y la acumulaci\u00f3n de producto.\u00a0<strong>sin resecar demasiado<\/strong>.<\/p>\n<\/li>\n<li>\n<p class=\"ds-markdown-paragraph\"><strong>Equilibra la producci\u00f3n de sebo y calma:<\/strong>\u00a0El ingrediente estrella,\u00a0<strong>Thuja oriental (\u4fa7\u67cf\u53f6)<\/strong>Es conocido por sus propiedades astringentes y calmantes. Ayuda a tonificar el cuero cabelludo y a crear un ambiente equilibrado y saludable.<\/p>\n<\/li>\n<li>\n<p class=\"ds-markdown-paragraph\"><strong>Nutre los fol\u00edculos pilosos y fortalece el cabello:<\/strong>\u00a0<strong>Fo-Ti (\u4f55\u9996\u4e4c)<\/strong>\u00a0y\u00a0<strong>Hoja de morera (\u6851\u53f6)<\/strong> Proporciona nutrientes esenciales al cuero cabelludo y a las ra\u00edces del cabello, ayudando a fortalecer las hebras de adentro hacia afuera y reducir la rotura.<\/p>\n<\/li>\n<\/ul>\n<p class=\"ds-markdown-paragraph\"><strong>Una experiencia refrescante similar a un spa en un bar.<\/strong><\/p>\n<p class=\"ds-markdown-paragraph\">Siente el\u00a0<strong>espuma r\u00e1pida y lujosa<\/strong>\u00a0Limpia tu cuero cabelludo con un refrescante aroma herbal. A diferencia de los sulfatos agresivos que pueden aumentar la producci\u00f3n de grasa, nuestra f\u00f3rmula bot\u00e1nica deja tu cuero cabelludo con una sensaci\u00f3n...\u00a0<strong>Incre\u00edblemente limpio, ligero y transpirable.<\/strong>\u2014ni apretado ni despojado. Tu cabello queda\u00a0<strong>Suave, manejable y lleno de vitalidad.<\/strong>.<\/p>\n<p class=\"ds-markdown-paragraph\"><strong>La promesa de Taxne: pura, potente y consciente.<\/strong><\/p>\n<ul>\n<li>\n<p class=\"ds-markdown-paragraph\"><strong>Hecho a mano con ingredientes bot\u00e1nicos naturales<\/strong><\/p>\n<\/li>\n<li>\n<p class=\"ds-markdown-paragraph\"><strong>Vegano y libre de crueldad animal<\/strong><\/p>\n<\/li>\n<li>\n<p class=\"ds-markdown-paragraph\"><strong>Ingredientes de origen sostenible<\/strong><\/p>\n<\/li>\n<li>\n<p class=\"ds-markdown-paragraph\">** Libre de:** Sulfatos, siliconas, parabenos, fragancias sint\u00e9ticas<\/p>\n<\/li>\n<\/ul>\n<p class=\"ds-markdown-paragraph\"><strong>\u00bfEst\u00e1s listo para lograr un cuero cabelludo equilibrado y saludable?<\/strong><br \/>\n<strong>Agregue al carrito y experimente el ritual Taxne hoy.<\/strong><\/p>\n<hr \/>\n<p class=\"ds-markdown-paragraph\"><strong>Aviso importante:<\/strong><\/p>\n<ul>\n<li>\n<p class=\"ds-markdown-paragraph\"><em>Los resultados individuales pueden variar. Este producto es un cosm\u00e9tico y no est\u00e1 destinado a diagnosticar, tratar, curar ni prevenir ninguna enfermedad. Para afecciones graves del cuero cabelludo, consulte a un dermat\u00f3logo.<\/em><\/p>\n<\/li>\n<\/ul>","protected":false},"excerpt":{"rendered":"<p class=\"ds-markdown-paragraph\"><strong>Champ\u00fa bot\u00e1nico revitalizante para el cuero cabelludo con tuya oriental (100 g)<\/strong><br \/>\n<strong>El fin del cuero cabelludo graso. El comienzo de un cabello sano y equilibrado.<\/strong><\/p>\n<p class=\"ds-markdown-paragraph\"><strong>En Taxne, buscamos inspiraci\u00f3n en las soluciones m\u00e1s sofisticadas de la naturaleza.<\/strong>\u00a0El descubrimiento del paclitaxel (Taxol) del tejo del Pac\u00edfico constituye un poderoso testimonio de la incre\u00edble inteligencia de la naturaleza. Nos demostr\u00f3 que las soluciones a nuestros desaf\u00edos m\u00e1s complejos se encuentran en el mundo bot\u00e1nico.<\/p>\n<p class=\"ds-markdown-paragraph\"><strong>La promesa de Taxne: pura, potente y consciente.<\/strong><\/p>\n<ul>\n<li>\n<p class=\"ds-markdown-paragraph\"><strong>Hecho a mano con ingredientes bot\u00e1nicos naturales<\/strong><\/p>\n<\/li>\n<li>\n<p class=\"ds-markdown-paragraph\"><strong>Vegano y libre de crueldad animal<\/strong><\/p>\n<\/li>\n<li>\n<p class=\"ds-markdown-paragraph\"><strong>Ingredientes de origen sostenible<\/strong><\/p>\n<\/li>\n<li>\n<p class=\"ds-markdown-paragraph\">** Libre de:** Sulfatos, siliconas, parabenos, fragancias sint\u00e9ticas<\/p>\n<\/li>\n<\/ul>","protected":false},"featured_media":8021,"comment_status":"open","ping_status":"closed","template":"","meta":{"_uag_custom_page_level_css":"","site-sidebar-layout":"default","site-content-layout":"","ast-site-content-layout":"default","site-content-style":"default","site-sidebar-style":"default","ast-global-header-display":"","ast-banner-title-visibility":"","ast-main-header-display":"","ast-hfb-above-header-display":"","ast-hfb-below-header-display":"","ast-hfb-mobile-header-display":"","site-post-title":"","ast-breadcrumbs-content":"","ast-featured-img":"","footer-sml-layout":"","ast-disable-related-posts":"","theme-transparent-header-meta":"default","adv-header-id-meta":"","stick-header-meta":"","header-above-stick-meta":"","header-main-stick-meta":"","header-below-stick-meta":"","astra-migrate-meta-layouts":"set","ast-page-background-enabled":"default","ast-page-background-meta":{"desktop":{"background-color":"","background-image":"","background-repeat":"repeat","background-position":"center center","background-size":"auto","background-attachment":"scroll","background-type":"","background-media":"","overlay-type":"","overlay-color":"","overlay-opacity":"","overlay-gradient":""},"tablet":{"background-color":"","background-image":"","background-repeat":"repeat","background-position":"center center","background-size":"auto","background-attachment":"scroll","background-type":"","background-media":"","overlay-type":"","overlay-color":"","overlay-opacity":"","overlay-gradient":""},"mobile":{"background-color":"","background-image":"","background-repeat":"repeat","background-position":"center center","background-size":"auto","background-attachment":"scroll","background-type":"","background-media":"","overlay-type":"","overlay-color":"","overlay-opacity":"","overlay-gradient":""}},"ast-content-background-meta":{"desktop":{"background-color":"var(--ast-global-color-5)","background-image":"","background-repeat":"repeat","background-position":"center center","background-size":"auto","background-attachment":"scroll","background-type":"","background-media":"","overlay-type":"","overlay-color":"","overlay-opacity":"","overlay-gradient":""},"tablet":{"background-color":"var(--ast-global-color-5)","background-image":"","background-repeat":"repeat","background-position":"center center","background-size":"auto","background-attachment":"scroll","background-type":"","background-media":"","overlay-type":"","overlay-color":"","overlay-opacity":"","overlay-gradient":""},"mobile":{"background-color":"var(--ast-global-color-5)","background-image":"","background-repeat":"repeat","background-position":"center center","background-size":"auto","background-attachment":"scroll","background-type":"","background-media":"","overlay-type":"","overlay-color":"","overlay-opacity":"","overlay-gradient":""}}},"product_brand":[],"product_cat":[15],"product_tag":[64,68,66,63,67,60,62,61,65,51],"class_list":{"0":"post-8014","1":"product","2":"type-product","3":"status-publish","4":"has-post-thumbnail","6":"product_cat-herbs-soap","7":"product_tag-botanical-scalp-care","8":"product_tag-chinese-herbal-shampoo","9":"product_tag-hair-growth-shampoo","10":"product_tag-natural-dandruff-treatment","11":"product_tag-purifying-shampoo","12":"product_tag-shampoo-bar-for-oily-scalp","13":"product_tag-soapberry-shampoo","14":"product_tag-thuja-shampoo-bar","15":"product_tag-vegan-shampoo-bar","16":"product_tag-zero-waste-shampoo","17":"desktop-align-left","18":"tablet-align-left","19":"mobile-align-left","21":"first","22":"instock","23":"sale","24":"featured","25":"shipping-taxable","26":"purchasable","27":"product-type-simple"},"yoast_head":"<!-- This site is optimized with the Yoast SEO plugin v27.3 - https:\/\/yoast.com\/product\/yoast-seo-wordpress\/ -->\n<title>Scalp Revival Shampoo Bar with Thuja - For Oily Scalp &amp; Hair Growth | Taxne<\/title>\n<meta name=\"description\" content=\"Struggling with oily scalp? Taxne&#039;s botanical bar features Oriental Thuja &amp; Soapberry to deeply purify, balance oil production, and create an ideal environment for healthier hair. Vegan.\" \/>\n<meta name=\"robots\" content=\"index, follow, max-snippet:-1, max-image-preview:large, max-video-preview:-1\" \/>\n<link rel=\"canonical\" href=\"https:\/\/taxne.com\/es\/producto\/barra-de-champu-triangular-thuja-revitalizante-del-cuero-cabelludo\/\" \/>\n<meta property=\"og:locale\" content=\"es_ES\" \/>\n<meta property=\"og:type\" content=\"article\" \/>\n<meta property=\"og:title\" content=\"Scalp Revival Shampoo Bar with Thuja - For Oily Scalp &amp; Hair Growth | Taxne\" \/>\n<meta property=\"og:description\" content=\"Struggling with oily scalp? Taxne&#039;s botanical bar features Oriental Thuja &amp; Soapberry to deeply purify, balance oil production, and create an ideal environment for healthier hair. Vegan.\" \/>\n<meta property=\"og:url\" content=\"https:\/\/taxne.com\/es\/producto\/barra-de-champu-triangular-thuja-revitalizante-del-cuero-cabelludo\/\" \/>\n<meta property=\"article:modified_time\" content=\"2026-03-17T02:37:55+00:00\" \/>\n<meta property=\"og:image\" content=\"https:\/\/taxne.com\/wp-content\/uploads\/2025\/09\/\u767d\u5e95-\u76d2.jpg\" \/>\n\t<meta property=\"og:image:width\" content=\"800\" \/>\n\t<meta property=\"og:image:height\" content=\"800\" \/>\n\t<meta property=\"og:image:type\" content=\"image\/jpeg\" \/>\n<meta name=\"twitter:card\" content=\"summary_large_image\" \/>\n<meta name=\"twitter:label1\" content=\"Tiempo de lectura\" \/>\n\t<meta name=\"twitter:data1\" content=\"3 minutos\" \/>\n<script type=\"application\/ld+json\" class=\"yoast-schema-graph\">{\"@context\":\"https:\\\/\\\/schema.org\",\"@graph\":[{\"@type\":\"WebPage\",\"@id\":\"https:\\\/\\\/taxne.com\\\/product\\\/scalp-revival-thuja-shampoo-bar-triangle\\\/\",\"url\":\"https:\\\/\\\/taxne.com\\\/product\\\/scalp-revival-thuja-shampoo-bar-triangle\\\/\",\"name\":\"Scalp Revival Shampoo Bar with Thuja - For Oily Scalp & Hair Growth | Taxne\",\"isPartOf\":{\"@id\":\"https:\\\/\\\/taxne.com\\\/#website\"},\"primaryImageOfPage\":{\"@id\":\"https:\\\/\\\/taxne.com\\\/product\\\/scalp-revival-thuja-shampoo-bar-triangle\\\/#primaryimage\"},\"image\":{\"@id\":\"https:\\\/\\\/taxne.com\\\/product\\\/scalp-revival-thuja-shampoo-bar-triangle\\\/#primaryimage\"},\"thumbnailUrl\":\"https:\\\/\\\/taxne.com\\\/wp-content\\\/uploads\\\/2025\\\/09\\\/\u767d\u5e95-\u76d2.jpg\",\"datePublished\":\"2025-09-09T07:05:40+00:00\",\"dateModified\":\"2026-03-17T02:37:55+00:00\",\"description\":\"Struggling with oily scalp? Taxne's botanical bar features Oriental Thuja & Soapberry to deeply purify, balance oil production, and create an ideal environment for healthier hair. Vegan.\",\"breadcrumb\":{\"@id\":\"https:\\\/\\\/taxne.com\\\/product\\\/scalp-revival-thuja-shampoo-bar-triangle\\\/#breadcrumb\"},\"inLanguage\":\"es\",\"potentialAction\":[{\"@type\":\"ReadAction\",\"target\":[\"https:\\\/\\\/taxne.com\\\/product\\\/scalp-revival-thuja-shampoo-bar-triangle\\\/\"]}]},{\"@type\":\"ImageObject\",\"inLanguage\":\"es\",\"@id\":\"https:\\\/\\\/taxne.com\\\/product\\\/scalp-revival-thuja-shampoo-bar-triangle\\\/#primaryimage\",\"url\":\"https:\\\/\\\/taxne.com\\\/wp-content\\\/uploads\\\/2025\\\/09\\\/\u767d\u5e95-\u76d2.jpg\",\"contentUrl\":\"https:\\\/\\\/taxne.com\\\/wp-content\\\/uploads\\\/2025\\\/09\\\/\u767d\u5e95-\u76d2.jpg\",\"width\":800,\"height\":800,\"caption\":\"Purifying Thuja & Soapberry Shampoo Bar for Oily Scalp Triangle\"},{\"@type\":\"BreadcrumbList\",\"@id\":\"https:\\\/\\\/taxne.com\\\/product\\\/scalp-revival-thuja-shampoo-bar-triangle\\\/#breadcrumb\",\"itemListElement\":[{\"@type\":\"ListItem\",\"position\":1,\"name\":\"\u9996\u9875\",\"item\":\"https:\\\/\\\/taxne.com\\\/\"},{\"@type\":\"ListItem\",\"position\":2,\"name\":\"Shop\",\"item\":\"https:\\\/\\\/taxne.com\\\/shop-2\\\/\"},{\"@type\":\"ListItem\",\"position\":3,\"name\":\"Purifying Thuja &#038; Soapberry Shampoo Bar for Oily Scalp Triangle 100g\"}]},{\"@type\":\"WebSite\",\"@id\":\"https:\\\/\\\/taxne.com\\\/#website\",\"url\":\"https:\\\/\\\/taxne.com\\\/\",\"name\":\"taxne.com\",\"description\":\"\",\"publisher\":{\"@id\":\"https:\\\/\\\/taxne.com\\\/#organization\"},\"potentialAction\":[{\"@type\":\"SearchAction\",\"target\":{\"@type\":\"EntryPoint\",\"urlTemplate\":\"https:\\\/\\\/taxne.com\\\/?s={search_term_string}\"},\"query-input\":{\"@type\":\"PropertyValueSpecification\",\"valueRequired\":true,\"valueName\":\"search_term_string\"}}],\"inLanguage\":\"es\"},{\"@type\":\"Organization\",\"@id\":\"https:\\\/\\\/taxne.com\\\/#organization\",\"name\":\"taxne.com\",\"url\":\"https:\\\/\\\/taxne.com\\\/\",\"logo\":{\"@type\":\"ImageObject\",\"inLanguage\":\"es\",\"@id\":\"https:\\\/\\\/taxne.com\\\/#\\\/schema\\\/logo\\\/image\\\/\",\"url\":\"https:\\\/\\\/taxne.com\\\/wp-content\\\/uploads\\\/2025\\\/09\\\/cropped-logo.png\",\"contentUrl\":\"https:\\\/\\\/taxne.com\\\/wp-content\\\/uploads\\\/2025\\\/09\\\/cropped-logo.png\",\"width\":1027,\"height\":270,\"caption\":\"taxne.com\"},\"image\":{\"@id\":\"https:\\\/\\\/taxne.com\\\/#\\\/schema\\\/logo\\\/image\\\/\"}}]}<\/script>\n<!-- \/ Yoast SEO plugin. -->","yoast_head_json":{"title":"Champ\u00fa revitalizante para el cuero cabelludo con tuya - Para cuero cabelludo graso y crecimiento del cabello | Taxne","description":"\u00bfTienes problemas con el cuero cabelludo graso? La barra bot\u00e1nica de Taxne contiene tuya oriental y saponaria para purificar profundamente, equilibrar la producci\u00f3n de grasa y crear el ambiente ideal para un cabello m\u00e1s sano. Vegana.","robots":{"index":"index","follow":"follow","max-snippet":"max-snippet:-1","max-image-preview":"max-image-preview:large","max-video-preview":"max-video-preview:-1"},"canonical":"https:\/\/taxne.com\/es\/producto\/barra-de-champu-triangular-thuja-revitalizante-del-cuero-cabelludo\/","og_locale":"es_ES","og_type":"article","og_title":"Scalp Revival Shampoo Bar with Thuja - For Oily Scalp & Hair Growth | Taxne","og_description":"Struggling with oily scalp? Taxne's botanical bar features Oriental Thuja & Soapberry to deeply purify, balance oil production, and create an ideal environment for healthier hair. Vegan.","og_url":"https:\/\/taxne.com\/es\/producto\/barra-de-champu-triangular-thuja-revitalizante-del-cuero-cabelludo\/","article_modified_time":"2026-03-17T02:37:55+00:00","og_image":[{"width":800,"height":800,"url":"https:\/\/taxne.com\/wp-content\/uploads\/2025\/09\/\u767d\u5e95-\u76d2.jpg","type":"image\/jpeg"}],"twitter_card":"summary_large_image","twitter_misc":{"Tiempo de lectura":"3 minutos"},"schema":{"@context":"https:\/\/schema.org","@graph":[{"@type":"WebPage","@id":"https:\/\/taxne.com\/product\/scalp-revival-thuja-shampoo-bar-triangle\/","url":"https:\/\/taxne.com\/product\/scalp-revival-thuja-shampoo-bar-triangle\/","name":"Champ\u00fa revitalizante para el cuero cabelludo con tuya - Para cuero cabelludo graso y crecimiento del cabello | Taxne","isPartOf":{"@id":"https:\/\/taxne.com\/#website"},"primaryImageOfPage":{"@id":"https:\/\/taxne.com\/product\/scalp-revival-thuja-shampoo-bar-triangle\/#primaryimage"},"image":{"@id":"https:\/\/taxne.com\/product\/scalp-revival-thuja-shampoo-bar-triangle\/#primaryimage"},"thumbnailUrl":"https:\/\/taxne.com\/wp-content\/uploads\/2025\/09\/\u767d\u5e95-\u76d2.jpg","datePublished":"2025-09-09T07:05:40+00:00","dateModified":"2026-03-17T02:37:55+00:00","description":"\u00bfTienes problemas con el cuero cabelludo graso? La barra bot\u00e1nica de Taxne contiene tuya oriental y saponaria para purificar profundamente, equilibrar la producci\u00f3n de grasa y crear el ambiente ideal para un cabello m\u00e1s sano. Vegana.","breadcrumb":{"@id":"https:\/\/taxne.com\/product\/scalp-revival-thuja-shampoo-bar-triangle\/#breadcrumb"},"inLanguage":"es","potentialAction":[{"@type":"ReadAction","target":["https:\/\/taxne.com\/product\/scalp-revival-thuja-shampoo-bar-triangle\/"]}]},{"@type":"ImageObject","inLanguage":"es","@id":"https:\/\/taxne.com\/product\/scalp-revival-thuja-shampoo-bar-triangle\/#primaryimage","url":"https:\/\/taxne.com\/wp-content\/uploads\/2025\/09\/\u767d\u5e95-\u76d2.jpg","contentUrl":"https:\/\/taxne.com\/wp-content\/uploads\/2025\/09\/\u767d\u5e95-\u76d2.jpg","width":800,"height":800,"caption":"Purifying Thuja & Soapberry Shampoo Bar for Oily Scalp Triangle"},{"@type":"BreadcrumbList","@id":"https:\/\/taxne.com\/product\/scalp-revival-thuja-shampoo-bar-triangle\/#breadcrumb","itemListElement":[{"@type":"ListItem","position":1,"name":"\u9996\u9875","item":"https:\/\/taxne.com\/"},{"@type":"ListItem","position":2,"name":"Shop","item":"https:\/\/taxne.com\/shop-2\/"},{"@type":"ListItem","position":3,"name":"Purifying Thuja &#038; Soapberry Shampoo Bar for Oily Scalp Triangle 100g"}]},{"@type":"WebSite","@id":"https:\/\/taxne.com\/#website","url":"https:\/\/taxne.com\/","name":"taxne.com","description":"","publisher":{"@id":"https:\/\/taxne.com\/#organization"},"potentialAction":[{"@type":"SearchAction","target":{"@type":"EntryPoint","urlTemplate":"https:\/\/taxne.com\/?s={search_term_string}"},"query-input":{"@type":"PropertyValueSpecification","valueRequired":true,"valueName":"search_term_string"}}],"inLanguage":"es"},{"@type":"Organization","@id":"https:\/\/taxne.com\/#organization","name":"taxne.com","url":"https:\/\/taxne.com\/","logo":{"@type":"ImageObject","inLanguage":"es","@id":"https:\/\/taxne.com\/#\/schema\/logo\/image\/","url":"https:\/\/taxne.com\/wp-content\/uploads\/2025\/09\/cropped-logo.png","contentUrl":"https:\/\/taxne.com\/wp-content\/uploads\/2025\/09\/cropped-logo.png","width":1027,"height":270,"caption":"taxne.com"},"image":{"@id":"https:\/\/taxne.com\/#\/schema\/logo\/image\/"}}]}},"uagb_featured_image_src":{"full":["https:\/\/taxne.com\/wp-content\/uploads\/2025\/09\/\u767d\u5e95-\u76d2.jpg",800,800,false],"thumbnail":["https:\/\/taxne.com\/wp-content\/uploads\/2025\/09\/\u767d\u5e95-\u76d2-150x150.jpg",150,150,true],"medium":["https:\/\/taxne.com\/wp-content\/uploads\/2025\/09\/\u767d\u5e95-\u76d2-300x300.jpg",300,300,true],"medium_large":["https:\/\/taxne.com\/wp-content\/uploads\/2025\/09\/\u767d\u5e95-\u76d2-768x768.jpg",768,768,true],"large":["https:\/\/taxne.com\/wp-content\/uploads\/2025\/09\/\u767d\u5e95-\u76d2.jpg",800,800,false],"1536x1536":["https:\/\/taxne.com\/wp-content\/uploads\/2025\/09\/\u767d\u5e95-\u76d2.jpg",800,800,false],"2048x2048":["https:\/\/taxne.com\/wp-content\/uploads\/2025\/09\/\u767d\u5e95-\u76d2.jpg",800,800,false],"trp-custom-language-flag":["https:\/\/taxne.com\/wp-content\/uploads\/2025\/09\/\u767d\u5e95-\u76d2-12x12.jpg",12,12,true],"woocommerce_thumbnail":["https:\/\/taxne.com\/wp-content\/uploads\/2025\/09\/\u767d\u5e95-\u76d2-300x300.jpg",300,300,true],"woocommerce_single":["https:\/\/taxne.com\/wp-content\/uploads\/2025\/09\/\u767d\u5e95-\u76d2-600x600.jpg",600,600,true],"woocommerce_gallery_thumbnail":["https:\/\/taxne.com\/wp-content\/uploads\/2025\/09\/\u767d\u5e95-\u76d2-100x100.jpg",100,100,true]},"uagb_author_info":{"display_name":"tianke1223@gmail.com","author_link":"https:\/\/taxne.com\/es\/author\/"},"uagb_comment_info":0,"uagb_excerpt":"Scalp Revival Botanical Shampoo Bar with Oriental Thuja 100g The End of Oily Scalp. The Beginning of Balanced, Healthy Hair. At Taxne, we look to nature's most sophisticated solutions for inspiration.\u00a0The discovery of Paclitaxel (Taxol) from the Pacific Yew tree stands as a powerful testament to nature's incredible intelligence. It showed us that the solutions&hellip;","jetpack_sharing_enabled":true,"_links":{"self":[{"href":"https:\/\/taxne.com\/es\/wp-json\/wp\/v2\/product\/8014","targetHints":{"allow":["GET"]}}],"collection":[{"href":"https:\/\/taxne.com\/es\/wp-json\/wp\/v2\/product"}],"about":[{"href":"https:\/\/taxne.com\/es\/wp-json\/wp\/v2\/types\/product"}],"replies":[{"embeddable":true,"href":"https:\/\/taxne.com\/es\/wp-json\/wp\/v2\/comments?post=8014"}],"wp:featuredmedia":[{"embeddable":true,"href":"https:\/\/taxne.com\/es\/wp-json\/wp\/v2\/media\/8021"}],"wp:attachment":[{"href":"https:\/\/taxne.com\/es\/wp-json\/wp\/v2\/media?parent=8014"}],"wp:term":[{"taxonomy":"product_brand","embeddable":true,"href":"https:\/\/taxne.com\/es\/wp-json\/wp\/v2\/product_brand?post=8014"},{"taxonomy":"product_cat","embeddable":true,"href":"https:\/\/taxne.com\/es\/wp-json\/wp\/v2\/product_cat?post=8014"},{"taxonomy":"product_tag","embeddable":true,"href":"https:\/\/taxne.com\/es\/wp-json\/wp\/v2\/product_tag?post=8014"}],"curies":[{"name":"wp","href":"https:\/\/api.w.org\/{rel}","templated":true}]}}