{"id":119,"date":"2025-09-09T13:37:46","date_gmt":"2025-09-09T13:37:46","guid":{"rendered":"https:\/\/taxne.com\/about-us\/"},"modified":"2025-09-10T04:37:41","modified_gmt":"2025-09-10T04:37:41","slug":"about-us","status":"publish","type":"page","link":"https:\/\/taxne.com\/fr\/a-propos-de-nous\/","title":{"rendered":"\u00c0 propos de nous"},"content":{"rendered":"<div class=\"wp-block-uagb-container uagb-block-c83c7f3f alignfull uagb-is-root-container\"><div class=\"uagb-container-inner-blocks-wrap\">\n<div class=\"wp-block-uagb-advanced-heading uagb-block-7ce29fef\"><h1 class=\"uagb-heading-text\">\u00c0 propos de nous<\/h1><\/div>\n<\/div><\/div>\n\n\n\n<div class=\"wp-block-uagb-container uagb-layout-grid uagb-block-f9b6823f alignfull uagb-is-root-container\"><div class=\"uagb-container-inner-blocks-wrap\">\n<div class=\"wp-block-uagb-advanced-heading uagb-block-f14391ff\"><h3 class=\"uagb-heading-text\"><strong>Histoire de la marque<\/strong> :                                    <strong>L&#039;inspiration derri\u00e8re Taxne\u00a0: o\u00f9 la science rencontre la sagesse de la nature<\/strong><\/h3><\/div>\n\n\n\n<div class=\"wp-block-uagb-info-box uagb-block-56808190 uagb-infobox__content-wrap  uagb-infobox-icon-above-title uagb-infobox-image-valign-top wp-block-uagb-info-box--has-margin\"><div class=\"uagb-infobox-margin-wrapper\"><div class=\"uagb-ifb-content\"><div class=\"uagb-ifb-title-wrap\"><\/div><p class=\"uagb-ifb-desc\">Notre histoire commence avec l\u2019un des miracles les plus profonds de la nature :&nbsp;<strong>Paclitaxel (\u7d2b\u6749\u9187)<\/strong>Ce compos\u00e9 r\u00e9volutionnaire, d\u00e9riv\u00e9 de l&#039;if ancien du Pacifique (Taxus), a r\u00e9volutionn\u00e9 la m\u00e9decine moderne. Il constitue un puissant t\u00e9moignage de l&#039;id\u00e9e que&nbsp;<strong>la nature d\u00e9tient la cl\u00e9 de notre bien-\u00eatre<\/strong>.<br>La d\u00e9couverte du paclitaxel nous a inspir\u00e9s. Elle a suscit\u00e9 une question simple mais puissante\u00a0: si la nature peut offrir des solutions aussi profondes pour la sant\u00e9, quels autres secrets intemporels rec\u00e8le-t-elle pour la beaut\u00e9 et les soins\u00a0?<br>Cette question nous a conduit au c\u0153ur de&nbsp;<strong>M\u00e9decine traditionnelle chinoise (MTC)<\/strong>&nbsp;\u2013 un d\u00e9p\u00f4t mill\u00e9naire de connaissances en mati\u00e8re de plantes m\u00e9dicinales.&nbsp;<strong>Taxne<\/strong>Nous nous consid\u00e9rons comme des explorateurs modernes. Nous honorons l&#039;esprit de d\u00e9couverte scientifique qui a permis la d\u00e9couverte du paclitaxel en appliquant le m\u00eame respect rigoureux \u00e0 ces connaissances botaniques ancestrales.<br>Notre nom,&nbsp;<strong>Taxne<\/strong>, est un hommage \u00e0 ce voyage. Il fait \u00e9cho \u00e0 l&#039;h\u00e9ritage scientifique du Taxus tout en repr\u00e9sentant notre mission\u00a0: exploiter&nbsp;<strong>Nouvelle \u00e9nergie d&#039;origine v\u00e9g\u00e9tale<\/strong>&nbsp;pour les soins capillaires modernes.<br>Nous s\u00e9lectionnons m\u00e9ticuleusement des herbes chinoises puissantes, utilisons des m\u00e9thodes d&#039;extraction modernes pour capturer leurs essences actives et les transformons en shampoings solides luxueux et efficaces. Chaque shampoing solide Taxne est le fruit de la g\u00e9n\u00e9rosit\u00e9 de la nature et du d\u00e9vouement scientifique.<br>Taxne, c&#039;est bien plus que des cheveux propres. C&#039;est un&nbsp;<strong>rituel scientifique pour le bien-\u00eatre du cuir chevelu<\/strong>, inspir\u00e9 de la pharmacie la plus sophistiqu\u00e9e de la nature.<\/p><div class=\"uagb-ifb-button-wrapper wp-block-button\"><a href=\"https:\/\/taxne.com\/fr\/product-category\/herbs-soap\/\" class=\"uagb-infobox-cta-link wp-block-button__link\" target=\"_self\" rel=\"noopener noreferrer\" onclick=\"return true;\"><span class=\"uagb-inline-editing\">En savoir plus<\/span><\/a><\/div><\/div><\/div><\/div>\n<\/div><\/div>\n\n\n\n<div class=\"wp-block-uagb-container uagb-block-9838c905 alignfull uagb-is-root-container\"><div class=\"uagb-container-inner-blocks-wrap\">\n<div class=\"wp-block-uagb-advanced-heading uagb-block-899619b6\"><h2 class=\"uagb-heading-text\"><strong>Taxne | Rituels capillaires \u00e0 base de plantes<\/strong><\/h2><p class=\"uagb-desc-text\"><strong>Notre philosophie<\/strong><br>Chez Taxne, nous croyons au pouvoir intelligent des plantes. Notre philosophie repose sur trois piliers\u00a0:<br><strong>Inspir\u00e9 par la science, enracin\u00e9 dans la nature.<\/strong><br>Nous nous appuyons sur des d\u00e9couvertes scientifiques r\u00e9volutionnaires, comme le Paclitaxel, pour valoriser le potentiel de la nature. Nous ne sommes pas des scientifiques en laboratoire, mais des conservateurs d\u00e9vou\u00e9s des meilleurs produits naturels pour les soins capillaires.<br><strong>La puret\u00e9 de l&#039;efficacit\u00e9.<\/strong><br>Nous rejetons les additifs inutiles et les produits chimiques agressifs. Chaque ingr\u00e9dient de nos shampoings solides a une fonction\u00a0: il agit en synergie pour nettoyer, nourrir et r\u00e9\u00e9quilibrer votre cuir chevelu et vos cheveux.<br><strong>Rituels modernes pour une sagesse ancienne.<\/strong><br>Nous traduisons la profonde sagesse de la MTC en rituels de soins personnels simples, luxueux et quotidiens qui s&#039;int\u00e8grent parfaitement \u00e0 la vie moderne.<br><strong>Notre promesse<\/strong><br>Nous promettons de livrer\u00a0<strong>honn\u00eate, transparent et puissant<\/strong>\u00a0Soins capillaires \u00e0 base de plantes. Nous nous engageons \u00e0 adopter des pratiques durables, de l&#039;approvisionnement \u00e0 l&#039;emballage, car le respect de la nature est au c\u0153ur de notre identit\u00e9.<br><strong>Avis de non-responsabilit\u00e9 important :<\/strong><br>Les produits Taxne ne sont pas affili\u00e9s au compos\u00e9 pharmaceutique Paclitaxel et ne le contiennent pas. L&#039;histoire de notre marque est une inspiration philosophique tir\u00e9e de la d\u00e9couverte scientifique du Paclitaxel et de ses origines naturelles. Nos produits sont cosm\u00e9tiques et ne sont pas destin\u00e9s \u00e0 diagnostiquer, traiter, gu\u00e9rir ou pr\u00e9venir une quelconque maladie.<\/p><\/div>\n\n\n\n<div class=\"wp-block-uagb-image aligncenter uagb-block-f49f13f1 wp-block-uagb-image--layout-default wp-block-uagb-image--effect-static wp-block-uagb-image--align-center\"><figure class=\"wp-block-uagb-image__figure\"><img decoding=\"async\" srcset=\"https:\/\/taxne.com\/wp-content\/uploads\/2025\/09\/1-1024x768.jpg ,https:\/\/taxne.com\/wp-content\/uploads\/2025\/09\/1-scaled.jpg 780w, https:\/\/taxne.com\/wp-content\/uploads\/2025\/09\/1-scaled.jpg 360w\" sizes=\"auto, (max-width: 480px) 150px\" src=\"https:\/\/taxne.com\/wp-content\/uploads\/2025\/09\/1-1024x768.jpg\" alt=\"1\" class=\"uag-image-8261\" width=\"1024\" height=\"768\" title=\"1\" loading=\"lazy\" role=\"img\"\/><\/figure><\/div>\n\n\n\n<div class=\"wp-block-uagb-container uagb-layout-grid uagb-block-719d324d\">\n<div class=\"wp-block-uagb-advanced-heading uagb-block-49080780\"><p class=\"uagb-heading-text\"><strong>Inspir\u00e9 par la science, enracin\u00e9 dans la nature.<\/strong><br>Nous nous appuyons sur des d\u00e9couvertes scientifiques r\u00e9volutionnaires, comme le Paclitaxel, pour valoriser le potentiel de la nature. Nous ne sommes pas des scientifiques en laboratoire, mais des conservateurs d\u00e9vou\u00e9s des meilleurs produits naturels pour les soins capillaires.<br><strong>La puret\u00e9 de l&#039;efficacit\u00e9.<\/strong><br>Nous rejetons les additifs inutiles et les produits chimiques agressifs. Chaque ingr\u00e9dient de nos shampoings solides a une fonction\u00a0: il agit en synergie pour nettoyer, nourrir et r\u00e9\u00e9quilibrer votre cuir chevelu et vos cheveux.<br><strong>Rituels modernes pour une sagesse ancienne.<\/strong><br>Nous traduisons la profonde sagesse de la MTC en rituels de soins personnels simples, luxueux et quotidiens qui s&#039;int\u00e8grent parfaitement \u00e0 la vie moderne.<\/p><\/div>\n\n\n\n<div class=\"wp-block-uagb-advanced-heading uagb-block-67da4369\"><p class=\"uagb-heading-text\"><strong>Notre promesse<\/strong><br>Nous promettons de livrer\u00a0<strong>honn\u00eate, transparent et puissant<\/strong>\u00a0Soins capillaires \u00e0 base de plantes. Nous nous engageons \u00e0 adopter des pratiques durables, de l&#039;approvisionnement \u00e0 l&#039;emballage, car le respect de la nature est au c\u0153ur de notre identit\u00e9.<br><strong>Avis de non-responsabilit\u00e9 important :<\/strong><br>Les produits Taxne ne sont pas affili\u00e9s au compos\u00e9 pharmaceutique Paclitaxel et ne le contiennent pas. L&#039;histoire de notre marque est une inspiration philosophique tir\u00e9e de la d\u00e9couverte scientifique du Paclitaxel et de ses origines naturelles. Nos produits sont cosm\u00e9tiques et ne sont pas destin\u00e9s \u00e0 diagnostiquer, traiter, gu\u00e9rir ou pr\u00e9venir une quelconque maladie.<\/p><\/div>\n<\/div>\n<\/div><\/div>\n\n\n\n<div class=\"wp-block-uagb-container uagb-block-b6050628 alignfull uagb-is-root-container\"><div class=\"uagb-container-inner-blocks-wrap\">\n<div class=\"wp-block-uagb-info-box uagb-block-ea68267b uagb-infobox__content-wrap  uagb-infobox-icon-above-title uagb-infobox-image-valign-top\"><div class=\"uagb-ifb-content\"><div class=\"uagb-ifb-title-wrap\"><h2 class=\"uagb-ifb-title\">Fatigu\u00e9 de la perte de cheveux ?&nbsp;<strong>Taxne | Rituels capillaires \u00e0 base de plantes<\/strong>!<\/h2><\/div><p class=\"uagb-ifb-desc\">Taxne, c&#039;est bien plus que des cheveux propres. C&#039;est un&nbsp;<strong>rituel scientifique pour le bien-\u00eatre du cuir chevelu<\/strong>, inspir\u00e9 de la pharmacie la plus sophistiqu\u00e9e de la nature.<\/p><div class=\"uagb-ifb-button-wrapper wp-block-button\"><a href=\"https:\/\/taxne.com\/fr\/product-category\/herbs-soap\/\" class=\"uagb-infobox-cta-link wp-block-button__link\" target=\"_self\" rel=\"noopener noreferrer\" onclick=\"return true;\"><span class=\"uagb-inline-editing\">Aller au magasin<\/span><\/a><\/div><\/div><\/div>\n<\/div><\/div>","protected":false},"excerpt":{"rendered":"<p>About Us Brand Story : The Inspiration Behind Taxne: Where Science Meets Nature&#8217;s Wisdom Taxne | Plant-Powered Hair Rituals Our PhilosophyAt Taxne, we believe in the intelligent power of plants. Our philosophy is built on three pillars:Inspired by Science, Rooted in Nature.We look to groundbreaking scientific discoveries, like Paclitaxel, to guide our respect for nature&#8217;s [&hellip;]<\/p>\n","protected":false},"author":1,"featured_media":0,"parent":0,"menu_order":0,"comment_status":"closed","ping_status":"closed","template":"","meta":{"_uag_custom_page_level_css":"","site-sidebar-layout":"default","site-content-layout":"plain-container","ast-site-content-layout":"full-width-container","site-content-style":"unboxed","site-sidebar-style":"unboxed","ast-global-header-display":"","ast-banner-title-visibility":"","ast-main-header-display":"","ast-hfb-above-header-display":"","ast-hfb-below-header-display":"","ast-hfb-mobile-header-display":"","site-post-title":"disabled","ast-breadcrumbs-content":"","ast-featured-img":"disabled","footer-sml-layout":"","ast-disable-related-posts":"","theme-transparent-header-meta":"enabled","adv-header-id-meta":"","stick-header-meta":"","header-above-stick-meta":"","header-main-stick-meta":"","header-below-stick-meta":"","astra-migrate-meta-layouts":"set","ast-page-background-enabled":"default","ast-page-background-meta":{"desktop":{"background-color":"","background-image":"","background-repeat":"repeat","background-position":"center center","background-size":"auto","background-attachment":"scroll","background-type":"","background-media":"","overlay-type":"","overlay-color":"","overlay-opacity":"","overlay-gradient":""},"tablet":{"background-color":"","background-image":"","background-repeat":"repeat","background-position":"center center","background-size":"auto","background-attachment":"scroll","background-type":"","background-media":"","overlay-type":"","overlay-color":"","overlay-opacity":"","overlay-gradient":""},"mobile":{"background-color":"","background-image":"","background-repeat":"repeat","background-position":"center center","background-size":"auto","background-attachment":"scroll","background-type":"","background-media":"","overlay-type":"","overlay-color":"","overlay-opacity":"","overlay-gradient":""}},"ast-content-background-meta":{"desktop":{"background-color":"var(--ast-global-color-5)","background-image":"","background-repeat":"repeat","background-position":"center center","background-size":"auto","background-attachment":"scroll","background-type":"","background-media":"","overlay-type":"","overlay-color":"","overlay-opacity":"","overlay-gradient":""},"tablet":{"background-color":"var(--ast-global-color-5)","background-image":"","background-repeat":"repeat","background-position":"center center","background-size":"auto","background-attachment":"scroll","background-type":"","background-media":"","overlay-type":"","overlay-color":"","overlay-opacity":"","overlay-gradient":""},"mobile":{"background-color":"var(--ast-global-color-5)","background-image":"","background-repeat":"repeat","background-position":"center center","background-size":"auto","background-attachment":"scroll","background-type":"","background-media":"","overlay-type":"","overlay-color":"","overlay-opacity":"","overlay-gradient":""}},"footnotes":""},"class_list":["post-119","page","type-page","status-publish","hentry"],"yoast_head":"<!-- This site is optimized with the Yoast SEO plugin v27.3 - https:\/\/yoast.com\/product\/yoast-seo-wordpress\/ -->\n<title>Taxne | Plant-Powered Hair &amp; Skin Care Inspired by Nature&#039;s Intelligence<\/title>\n<meta name=\"description\" content=\"At Taxne, we blend ancient botanical wisdom with modern science to create effective, sustainable care for hair &amp; skin. Discover our story, our natural ingredients, and our eco-conscious mission.\" \/>\n<meta name=\"robots\" content=\"index, follow, max-snippet:-1, max-image-preview:large, max-video-preview:-1\" \/>\n<link rel=\"canonical\" href=\"https:\/\/taxne.com\/fr\/a-propos-de-nous\/\" \/>\n<meta property=\"og:locale\" content=\"fr_FR\" \/>\n<meta property=\"og:type\" content=\"article\" \/>\n<meta property=\"og:title\" content=\"Taxne | Plant-Powered Hair &amp; Skin Care Inspired by Nature&#039;s Intelligence\" \/>\n<meta property=\"og:description\" content=\"At Taxne, we blend ancient botanical wisdom with modern science to create effective, sustainable care for hair &amp; skin. Discover our story, our natural ingredients, and our eco-conscious mission.\" \/>\n<meta property=\"og:url\" content=\"https:\/\/taxne.com\/fr\/a-propos-de-nous\/\" \/>\n<meta property=\"article:modified_time\" content=\"2025-09-10T04:37:41+00:00\" \/>\n<meta property=\"og:image\" content=\"https:\/\/taxne.com\/wp-content\/uploads\/2025\/09\/1-1024x768.jpg\" \/>\n<meta name=\"twitter:card\" content=\"summary_large_image\" \/>\n<meta name=\"twitter:label1\" content=\"Dur\u00e9e de lecture estim\u00e9e\" \/>\n\t<meta name=\"twitter:data1\" content=\"4 minutes\" \/>\n<script type=\"application\/ld+json\" class=\"yoast-schema-graph\">{\"@context\":\"https:\\\/\\\/schema.org\",\"@graph\":[{\"@type\":\"WebPage\",\"@id\":\"https:\\\/\\\/taxne.com\\\/about-us\\\/\",\"url\":\"https:\\\/\\\/taxne.com\\\/about-us\\\/\",\"name\":\"Taxne | Plant-Powered Hair & Skin Care Inspired by Nature's Intelligence\",\"isPartOf\":{\"@id\":\"https:\\\/\\\/taxne.com\\\/#website\"},\"primaryImageOfPage\":{\"@id\":\"https:\\\/\\\/taxne.com\\\/about-us\\\/#primaryimage\"},\"image\":{\"@id\":\"https:\\\/\\\/taxne.com\\\/about-us\\\/#primaryimage\"},\"thumbnailUrl\":\"https:\\\/\\\/taxne.com\\\/wp-content\\\/uploads\\\/2025\\\/09\\\/1-1024x768.jpg\",\"datePublished\":\"2025-09-09T13:37:46+00:00\",\"dateModified\":\"2025-09-10T04:37:41+00:00\",\"description\":\"At Taxne, we blend ancient botanical wisdom with modern science to create effective, sustainable care for hair & skin. Discover our story, our natural ingredients, and our eco-conscious mission.\",\"breadcrumb\":{\"@id\":\"https:\\\/\\\/taxne.com\\\/about-us\\\/#breadcrumb\"},\"inLanguage\":\"fr-FR\",\"potentialAction\":[{\"@type\":\"ReadAction\",\"target\":[\"https:\\\/\\\/taxne.com\\\/about-us\\\/\"]}]},{\"@type\":\"ImageObject\",\"inLanguage\":\"fr-FR\",\"@id\":\"https:\\\/\\\/taxne.com\\\/about-us\\\/#primaryimage\",\"url\":\"https:\\\/\\\/taxne.com\\\/wp-content\\\/uploads\\\/2025\\\/09\\\/1-1024x768.jpg\",\"contentUrl\":\"https:\\\/\\\/taxne.com\\\/wp-content\\\/uploads\\\/2025\\\/09\\\/1-1024x768.jpg\"},{\"@type\":\"BreadcrumbList\",\"@id\":\"https:\\\/\\\/taxne.com\\\/about-us\\\/#breadcrumb\",\"itemListElement\":[{\"@type\":\"ListItem\",\"position\":1,\"name\":\"\u9996\u9875\",\"item\":\"https:\\\/\\\/taxne.com\\\/\"},{\"@type\":\"ListItem\",\"position\":2,\"name\":\"About Us\"}]},{\"@type\":\"WebSite\",\"@id\":\"https:\\\/\\\/taxne.com\\\/#website\",\"url\":\"https:\\\/\\\/taxne.com\\\/\",\"name\":\"taxne.com\",\"description\":\"\",\"publisher\":{\"@id\":\"https:\\\/\\\/taxne.com\\\/#organization\"},\"potentialAction\":[{\"@type\":\"SearchAction\",\"target\":{\"@type\":\"EntryPoint\",\"urlTemplate\":\"https:\\\/\\\/taxne.com\\\/?s={search_term_string}\"},\"query-input\":{\"@type\":\"PropertyValueSpecification\",\"valueRequired\":true,\"valueName\":\"search_term_string\"}}],\"inLanguage\":\"fr-FR\"},{\"@type\":\"Organization\",\"@id\":\"https:\\\/\\\/taxne.com\\\/#organization\",\"name\":\"taxne.com\",\"url\":\"https:\\\/\\\/taxne.com\\\/\",\"logo\":{\"@type\":\"ImageObject\",\"inLanguage\":\"fr-FR\",\"@id\":\"https:\\\/\\\/taxne.com\\\/#\\\/schema\\\/logo\\\/image\\\/\",\"url\":\"https:\\\/\\\/taxne.com\\\/wp-content\\\/uploads\\\/2025\\\/09\\\/cropped-logo.png\",\"contentUrl\":\"https:\\\/\\\/taxne.com\\\/wp-content\\\/uploads\\\/2025\\\/09\\\/cropped-logo.png\",\"width\":1027,\"height\":270,\"caption\":\"taxne.com\"},\"image\":{\"@id\":\"https:\\\/\\\/taxne.com\\\/#\\\/schema\\\/logo\\\/image\\\/\"}}]}<\/script>\n<!-- \/ Yoast SEO plugin. -->","yoast_head_json":{"title":"Taxne | Soins capillaires et cutan\u00e9s \u00e0 base de plantes, inspir\u00e9s par l&#039;intelligence de la nature","description":"Chez Taxne, nous allions la sagesse botanique ancestrale \u00e0 la science moderne pour cr\u00e9er des soins efficaces et durables pour les cheveux et la peau. D\u00e9couvrez notre histoire, nos ingr\u00e9dients naturels et notre mission \u00e9co-responsable.","robots":{"index":"index","follow":"follow","max-snippet":"max-snippet:-1","max-image-preview":"max-image-preview:large","max-video-preview":"max-video-preview:-1"},"canonical":"https:\/\/taxne.com\/fr\/a-propos-de-nous\/","og_locale":"fr_FR","og_type":"article","og_title":"Taxne | Plant-Powered Hair & Skin Care Inspired by Nature's Intelligence","og_description":"At Taxne, we blend ancient botanical wisdom with modern science to create effective, sustainable care for hair & skin. Discover our story, our natural ingredients, and our eco-conscious mission.","og_url":"https:\/\/taxne.com\/fr\/a-propos-de-nous\/","article_modified_time":"2025-09-10T04:37:41+00:00","og_image":[{"url":"https:\/\/taxne.com\/wp-content\/uploads\/2025\/09\/1-1024x768.jpg","type":"","width":"","height":""}],"twitter_card":"summary_large_image","twitter_misc":{"Dur\u00e9e de lecture estim\u00e9e":"4 minutes"},"schema":{"@context":"https:\/\/schema.org","@graph":[{"@type":"WebPage","@id":"https:\/\/taxne.com\/about-us\/","url":"https:\/\/taxne.com\/about-us\/","name":"Taxne | Soins capillaires et cutan\u00e9s \u00e0 base de plantes, inspir\u00e9s par l&#039;intelligence de la nature","isPartOf":{"@id":"https:\/\/taxne.com\/#website"},"primaryImageOfPage":{"@id":"https:\/\/taxne.com\/about-us\/#primaryimage"},"image":{"@id":"https:\/\/taxne.com\/about-us\/#primaryimage"},"thumbnailUrl":"https:\/\/taxne.com\/wp-content\/uploads\/2025\/09\/1-1024x768.jpg","datePublished":"2025-09-09T13:37:46+00:00","dateModified":"2025-09-10T04:37:41+00:00","description":"Chez Taxne, nous allions la sagesse botanique ancestrale \u00e0 la science moderne pour cr\u00e9er des soins efficaces et durables pour les cheveux et la peau. D\u00e9couvrez notre histoire, nos ingr\u00e9dients naturels et notre mission \u00e9co-responsable.","breadcrumb":{"@id":"https:\/\/taxne.com\/about-us\/#breadcrumb"},"inLanguage":"fr-FR","potentialAction":[{"@type":"ReadAction","target":["https:\/\/taxne.com\/about-us\/"]}]},{"@type":"ImageObject","inLanguage":"fr-FR","@id":"https:\/\/taxne.com\/about-us\/#primaryimage","url":"https:\/\/taxne.com\/wp-content\/uploads\/2025\/09\/1-1024x768.jpg","contentUrl":"https:\/\/taxne.com\/wp-content\/uploads\/2025\/09\/1-1024x768.jpg"},{"@type":"BreadcrumbList","@id":"https:\/\/taxne.com\/about-us\/#breadcrumb","itemListElement":[{"@type":"ListItem","position":1,"name":"\u9996\u9875","item":"https:\/\/taxne.com\/"},{"@type":"ListItem","position":2,"name":"About Us"}]},{"@type":"WebSite","@id":"https:\/\/taxne.com\/#website","url":"https:\/\/taxne.com\/","name":"taxne.com","description":"","publisher":{"@id":"https:\/\/taxne.com\/#organization"},"potentialAction":[{"@type":"SearchAction","target":{"@type":"EntryPoint","urlTemplate":"https:\/\/taxne.com\/?s={search_term_string}"},"query-input":{"@type":"PropertyValueSpecification","valueRequired":true,"valueName":"search_term_string"}}],"inLanguage":"fr-FR"},{"@type":"Organization","@id":"https:\/\/taxne.com\/#organization","name":"taxne.com","url":"https:\/\/taxne.com\/","logo":{"@type":"ImageObject","inLanguage":"fr-FR","@id":"https:\/\/taxne.com\/#\/schema\/logo\/image\/","url":"https:\/\/taxne.com\/wp-content\/uploads\/2025\/09\/cropped-logo.png","contentUrl":"https:\/\/taxne.com\/wp-content\/uploads\/2025\/09\/cropped-logo.png","width":1027,"height":270,"caption":"taxne.com"},"image":{"@id":"https:\/\/taxne.com\/#\/schema\/logo\/image\/"}}]}},"uagb_featured_image_src":{"full":false,"thumbnail":false,"medium":false,"medium_large":false,"large":false,"1536x1536":false,"2048x2048":false,"trp-custom-language-flag":false,"woocommerce_thumbnail":false,"woocommerce_single":false,"woocommerce_gallery_thumbnail":false},"uagb_author_info":{"display_name":"tianke1223@gmail.com","author_link":"https:\/\/taxne.com\/fr\/author\/tianke1223gmail-com\/"},"uagb_comment_info":0,"uagb_excerpt":"About Us Brand Story : The Inspiration Behind Taxne: Where Science Meets Nature&#8217;s Wisdom Taxne | Plant-Powered Hair Rituals Our PhilosophyAt Taxne, we believe in the intelligent power of plants. Our philosophy is built on three pillars:Inspired by Science, Rooted in Nature.We look to groundbreaking scientific discoveries, like Paclitaxel, to guide our respect for nature&#8217;s\u2026","jetpack_sharing_enabled":true,"_links":{"self":[{"href":"https:\/\/taxne.com\/fr\/wp-json\/wp\/v2\/pages\/119","targetHints":{"allow":["GET"]}}],"collection":[{"href":"https:\/\/taxne.com\/fr\/wp-json\/wp\/v2\/pages"}],"about":[{"href":"https:\/\/taxne.com\/fr\/wp-json\/wp\/v2\/types\/page"}],"author":[{"embeddable":true,"href":"https:\/\/taxne.com\/fr\/wp-json\/wp\/v2\/users\/1"}],"replies":[{"embeddable":true,"href":"https:\/\/taxne.com\/fr\/wp-json\/wp\/v2\/comments?post=119"}],"version-history":[{"count":8,"href":"https:\/\/taxne.com\/fr\/wp-json\/wp\/v2\/pages\/119\/revisions"}],"predecessor-version":[{"id":8279,"href":"https:\/\/taxne.com\/fr\/wp-json\/wp\/v2\/pages\/119\/revisions\/8279"}],"wp:attachment":[{"href":"https:\/\/taxne.com\/fr\/wp-json\/wp\/v2\/media?parent=119"}],"curies":[{"name":"wp","href":"https:\/\/api.w.org\/{rel}","templated":true}]}}