{"id":2120,"date":"2024-07-15T03:49:45","date_gmt":"2024-07-15T03:49:45","guid":{"rendered":"https:\/\/taxne.com\/?page_id=2120"},"modified":"2025-09-10T09:19:23","modified_gmt":"2025-09-10T09:19:23","slug":"terms-and-conditions","status":"publish","type":"page","link":"https:\/\/taxne.com\/fr\/termes-et-conditions\/","title":{"rendered":"Termes et conditions"},"content":{"rendered":"<h3 class=\"wp-block-heading\">Termes et conditions<\/h3>\n\n\n\n<p>Bienvenue sur Taxne.com !<\/p>\n\n\n\n<p>Ces termes et conditions d\u00e9crivent les r\u00e8gles et r\u00e9glementations relatives \u00e0 l&#039;utilisation du site Web de Taxne, situ\u00e9 \u00e0 l&#039;adresse <a target=\"_blank\" href=\"https:\/\/snow-horse-669139.builder-preview.com\/\" rel=\"noreferrer noopener\">https:\/\/taxne.com<\/a>.<\/p>\n\n\n\n<p>En acc\u00e9dant \u00e0 ce site web, nous consid\u00e9rons que vous acceptez les pr\u00e9sentes conditions g\u00e9n\u00e9rales. N&#039;utilisez pas Taxne.com si vous n&#039;acceptez pas l&#039;int\u00e9gralit\u00e9 des conditions g\u00e9n\u00e9rales \u00e9nonc\u00e9es sur cette page.<\/p>\n\n\n\n<h6 class=\"wp-block-heading\">Cookies:<\/h6>\n\n\n\n<p>Ce site web utilise des cookies pour personnaliser votre exp\u00e9rience en ligne. En acc\u00e9dant \u00e0 Taxne.com, vous acceptez l&#039;utilisation des cookies n\u00e9cessaires.<\/p>\n\n\n\n<p>Un cookie est un fichier texte plac\u00e9 sur votre disque dur par un serveur web. Les cookies ne peuvent pas \u00eatre utilis\u00e9s pour ex\u00e9cuter des programmes ni transmettre de virus \u00e0 votre ordinateur. Ils vous sont attribu\u00e9s de mani\u00e8re unique et ne peuvent \u00eatre lus que par un serveur web du domaine qui vous les a \u00e9mis.<\/p>\n\n\n\n<p>Nous pouvons utiliser des cookies pour collecter, stocker et suivre des informations \u00e0 des fins statistiques ou marketing pour le fonctionnement de notre site web. Vous avez la possibilit\u00e9 d&#039;accepter ou de refuser les cookies facultatifs. Certains cookies sont obligatoires et indispensables au fonctionnement de notre site web. Ces cookies ne n\u00e9cessitent pas votre consentement car ils fonctionnent toujours. Veuillez noter qu&#039;en acceptant les cookies obligatoires, vous acceptez \u00e9galement les cookies tiers, qui peuvent \u00eatre utilis\u00e9s via des services tiers si vous utilisez ces services sur notre site web, par exemple une fen\u00eatre d&#039;affichage vid\u00e9o fournie par des tiers et int\u00e9gr\u00e9e \u00e0 notre site web.<\/p>\n\n\n\n<h6 class=\"wp-block-heading\">Licence:<\/h6>\n\n\n\n<p>Sauf mention contraire, Taxne et\/ou ses conc\u00e9dants de licence d\u00e9tiennent les droits de propri\u00e9t\u00e9 intellectuelle sur l&#039;ensemble du contenu de Taxne.com. Tous droits de propri\u00e9t\u00e9 intellectuelle r\u00e9serv\u00e9s. Vous pouvez y acc\u00e9der depuis Taxne.com pour votre usage personnel, sous r\u00e9serve des restrictions d\u00e9finies dans les pr\u00e9sentes conditions g\u00e9n\u00e9rales.<\/p>\n\n\n\n<p>Vous ne devez pas :<\/p>\n\n\n\n<ul class=\"wp-block-list\">\n<li>Copier ou republier du mat\u00e9riel provenant de Taxne.com<\/li>\n\n\n\n<li>Vendre, louer ou sous-licencier du mat\u00e9riel de Taxne.com<\/li>\n\n\n\n<li>Reproduire, dupliquer ou copier du mat\u00e9riel provenant de Taxne.com<\/li>\n\n\n\n<li>Redistribuer le contenu de Taxne.com<\/li>\n<\/ul>\n\n\n\n<p>Le pr\u00e9sent Accord entrera en vigueur \u00e0 la date des pr\u00e9sentes.<\/p>\n\n\n\n<p>Certaines parties de ce site web offrent aux utilisateurs la possibilit\u00e9 de publier et d&#039;\u00e9changer des opinions et des informations. Taxne ne filtre, ne modifie, ne publie ni ne r\u00e9vise les commentaires avant leur publication sur le site web. Les commentaires ne refl\u00e8tent pas les points de vue et opinions de Taxne, de ses agents et\/ou de ses soci\u00e9t\u00e9s affili\u00e9es. Ils refl\u00e8tent les points de vue et opinions de la personne qui les publie. Dans la mesure permise par la loi applicable, Taxne ne saurait \u00eatre tenu responsable des commentaires ni des dommages ou d\u00e9penses caus\u00e9s et\/ou subis suite \u00e0 leur utilisation, leur publication et\/ou leur apparition sur ce site web.<\/p>\n\n\n\n<p>Taxne se r\u00e9serve le droit de surveiller tous les commentaires et de supprimer tout commentaire pouvant \u00eatre consid\u00e9r\u00e9 comme inappropri\u00e9, offensant ou entra\u00eenant une violation des pr\u00e9sentes conditions g\u00e9n\u00e9rales.<\/p>\n\n\n\n<p>Vous garantissez et d\u00e9clarez que :<\/p>\n\n\n\n<ul class=\"wp-block-list\">\n<li>Vous avez le droit de publier les commentaires sur notre site Web et disposez de toutes les licences et consentements n\u00e9cessaires pour le faire\u00a0;<\/li>\n\n\n\n<li>Les commentaires n&#039;enfreignent aucun droit de propri\u00e9t\u00e9 intellectuelle, y compris, sans limitation, le droit d&#039;auteur, le brevet ou la marque d\u00e9pos\u00e9e d&#039;un tiers\u00a0;<\/li>\n\n\n\n<li>Les commentaires ne contiennent aucun contenu diffamatoire, calomnieux, offensant, ind\u00e9cent ou autrement ill\u00e9gal, ce qui constitue une atteinte \u00e0 la vie priv\u00e9e.<\/li>\n\n\n\n<li>Les commentaires ne seront pas utilis\u00e9s pour solliciter ou promouvoir des affaires ou des coutumes ou pour pr\u00e9senter des activit\u00e9s commerciales ou des activit\u00e9s ill\u00e9gales.<\/li>\n<\/ul>\n\n\n\n<p>Vous accordez par la pr\u00e9sente \u00e0 Taxne une licence non exclusive pour utiliser, reproduire, \u00e9diter et autoriser d&#039;autres personnes \u00e0 utiliser, reproduire et \u00e9diter n&#039;importe lequel de vos commentaires sous toutes les formes, formats ou supports.<\/p>\n\n\n\n<h6 class=\"wp-block-heading\">Hyperliens vers notre contenu :<\/h6>\n\n\n\n<p>Les organisations suivantes peuvent cr\u00e9er un lien vers notre site Web sans autorisation \u00e9crite pr\u00e9alable\u00a0:<\/p>\n\n\n\n<ul class=\"wp-block-list\">\n<li>Organismes gouvernementaux;<\/li>\n\n\n\n<li>Moteurs de recherche;<\/li>\n\n\n\n<li>Organismes de presse;<\/li>\n\n\n\n<li>Les distributeurs d&#039;annuaires en ligne peuvent cr\u00e9er un lien vers notre site Web de la m\u00eame mani\u00e8re qu&#039;ils cr\u00e9ent un lien hypertexte vers les sites Web d&#039;autres entreprises r\u00e9pertori\u00e9es\u00a0; et<\/li>\n\n\n\n<li>Entreprises accr\u00e9dit\u00e9es \u00e0 l&#039;\u00e9chelle du syst\u00e8me, \u00e0 l&#039;exception des organisations \u00e0 but non lucratif, des centres commerciaux caritatifs et des groupes de collecte de fonds caritatifs qui ne peuvent pas cr\u00e9er de lien hypertexte vers notre site Web.<\/li>\n<\/ul>\n\n\n\n<p>Ces organisations peuvent cr\u00e9er des liens vers notre page d&#039;accueil, vers des publications ou vers d&#039;autres informations du site Web, \u00e0 condition que le lien : (a) ne soit en aucun cas trompeur ; (b) n&#039;implique pas faussement un parrainage, une approbation ou une approbation de la partie qui \u00e9tablit le lien et de ses produits et\/ou services ; et (c) s&#039;inscrive dans le contexte du site de la partie qui \u00e9tablit le lien.<\/p>\n\n\n\n<p>Nous pouvons examiner et approuver d\u2019autres demandes de liens provenant des types d\u2019organisations suivants\u00a0:<\/p>\n\n\n\n<ul class=\"wp-block-list\">\n<li>Sources d\u2019information sur les consommateurs et\/ou les entreprises commun\u00e9ment connues\u00a0;<\/li>\n\n\n\n<li><a href=\"http:\/\/dot.com\/\" target=\"_blank\" rel=\"noreferrer noopener\">Dot.com<\/a> sites communautaires;<\/li>\n\n\n\n<li>Associations ou autres groupes repr\u00e9sentant des organismes de bienfaisance ;<\/li>\n\n\n\n<li>Distributeurs d&#039;annuaires en ligne ;<\/li>\n\n\n\n<li>Portails Internet;<\/li>\n\n\n\n<li>Cabinets d&#039;expertise comptable, d&#039;avocats et de conseil; et<\/li>\n\n\n\n<li>\u00c9tablissements d&#039;enseignement et associations professionnelles.<\/li>\n<\/ul>\n\n\n\n<p>Nous approuverons les demandes de liens de ces organisations si nous d\u00e9cidons que : (a) le lien ne nous ferait pas para\u00eetre d\u00e9favorablement, ni \u00e0 nous-m\u00eames ni \u00e0 nos entreprises accr\u00e9dit\u00e9es ; (b) l&#039;organisation n&#039;a aucun dossier n\u00e9gatif avec nous ; (c) l&#039;avantage que nous tirons de la visibilit\u00e9 du lien hypertexte compense l&#039;absence de Taxne ; et (d) le lien se situe dans le contexte d&#039;informations g\u00e9n\u00e9rales sur les ressources.<\/p>\n\n\n\n<p>Ces organisations peuvent cr\u00e9er un lien vers notre page d&#039;accueil \u00e0 condition que le lien : (a) ne soit en aucun cas trompeur ; (b) n&#039;implique pas faussement un parrainage, une approbation ou une approbation de la partie qui \u00e9tablit le lien et de ses produits ou services ; et (c) s&#039;int\u00e8gre dans le contexte du site de la partie qui \u00e9tablit le lien.<\/p>\n\n\n\n<p>Si vous faites partie des organisations mentionn\u00e9es au paragraphe 2 ci-dessus et souhaitez cr\u00e9er un lien vers notre site web, veuillez nous en informer en envoyant un courriel \u00e0 Taxne. Veuillez indiquer votre nom, le nom de votre organisation, vos coordonn\u00e9es, ainsi que l&#039;URL de votre site, la liste des URL \u00e0 partir desquelles vous souhaitez cr\u00e9er un lien vers notre site web et la liste des URL de notre site vers lesquelles vous souhaitez cr\u00e9er un lien. Veuillez patienter deux \u00e0 trois semaines pour obtenir une r\u00e9ponse.<\/p>\n\n\n\n<p>Les organisations approuv\u00e9es peuvent cr\u00e9er un lien hypertexte vers notre site Web comme suit\u00a0:<\/p>\n\n\n\n<ul class=\"wp-block-list\">\n<li>En utilisant notre nom d&#039;entreprise ; ou<\/li>\n\n\n\n<li>En utilisant le localisateur de ressources uniforme auquel il est li\u00e9 ; ou<\/li>\n\n\n\n<li>Utiliser toute autre description de notre site Web li\u00e9 qui a du sens dans le contexte et le format du contenu du site de la partie li\u00e9e.<\/li>\n<\/ul>\n\n\n\n<p>Aucune utilisation du logo de Taxne ou d&#039;autres illustrations ne sera autoris\u00e9e pour la cr\u00e9ation de liens en l&#039;absence d&#039;un accord de licence de marque.<\/p>\n\n\n\n<h6 class=\"wp-block-heading\">Responsabilit\u00e9 du contenu :<\/h6>\n\n\n\n<p>Nous d\u00e9clinons toute responsabilit\u00e9 quant au contenu figurant sur votre site web. Vous acceptez de nous prot\u00e9ger et de nous d\u00e9fendre contre toute r\u00e9clamation formul\u00e9e sur votre site web. Aucun lien ne doit appara\u00eetre sur un site web susceptible d&#039;\u00eatre interpr\u00e9t\u00e9 comme diffamatoire, obsc\u00e8ne ou criminel, ou qui porte atteinte, viole ou pr\u00e9conise la violation des droits de tiers.<\/p>\n\n\n\n<h6 class=\"wp-block-heading\">R\u00e9serve de droits :<\/h6>\n\n\n\n<p>Nous nous r\u00e9servons le droit de vous demander de supprimer tout lien, ou tout lien sp\u00e9cifique, vers notre site web. Vous acceptez de supprimer imm\u00e9diatement tout lien vers notre site web sur demande. Nous nous r\u00e9servons \u00e9galement le droit de modifier les pr\u00e9sentes conditions g\u00e9n\u00e9rales et notre politique en mati\u00e8re de liens \u00e0 tout moment. En utilisant r\u00e9guli\u00e8rement des liens vers notre site web, vous acceptez d&#039;\u00eatre li\u00e9 par les pr\u00e9sentes conditions g\u00e9n\u00e9rales et de les respecter.<\/p>\n\n\n\n<h6 class=\"wp-block-heading\">Suppression des liens de notre site Web :<\/h6>\n\n\n\n<p>Si vous trouvez un lien offensant sur notre site web, quelle qu&#039;en soit la raison, n&#039;h\u00e9sitez pas \u00e0 nous contacter et \u00e0 nous en informer \u00e0 tout moment. Nous \u00e9tudierons les demandes de suppression de liens, mais nous ne sommes pas tenus de le faire ni de vous r\u00e9pondre directement.<\/p>\n\n\n\n<p>Nous ne garantissons pas l&#039;exactitude des informations pr\u00e9sent\u00e9es sur ce site web. Nous ne garantissons ni leur exhaustivit\u00e9 ni leur exactitude, et ne garantissons pas la disponibilit\u00e9 du site web ni la mise \u00e0 jour de son contenu.<\/p>\n\n\n\n<h6 class=\"wp-block-heading\">Clause de non-responsabilit\u00e9:<\/h6>\n\n\n\n<p>Dans la mesure maximale permise par la loi applicable, nous excluons toute d\u00e9claration, garantie et condition relative \u00e0 notre site web et \u00e0 son utilisation. Aucune disposition de la pr\u00e9sente clause de non-responsabilit\u00e9 ne saurait\u00a0:<\/p>\n\n\n\n<ul class=\"wp-block-list\">\n<li>Limiter ou exclure notre ou votre responsabilit\u00e9 en cas de d\u00e9c\u00e8s ou de blessure corporelle\u00a0;<\/li>\n\n\n\n<li>Limiter ou exclure notre ou votre responsabilit\u00e9 en cas de fraude ou de fausse d\u00e9claration frauduleuse\u00a0;<\/li>\n\n\n\n<li>Limiter l&#039;une de nos ou de vos responsabilit\u00e9s d&#039;une mani\u00e8re qui n&#039;est pas autoris\u00e9e par la loi applicable\u00a0; ou<\/li>\n\n\n\n<li>Exclure toute responsabilit\u00e9 de notre part ou de la v\u00f4tre qui ne peut \u00eatre exclue en vertu de la loi applicable.<\/li>\n<\/ul>\n\n\n\n<p>Les limitations et interdictions de responsabilit\u00e9 \u00e9nonc\u00e9es dans la pr\u00e9sente section et ailleurs dans la pr\u00e9sente clause de non-responsabilit\u00e9 : (a) sont soumises au paragraphe pr\u00e9c\u00e9dent ; et (b) r\u00e9gissent toutes les responsabilit\u00e9s d\u00e9coulant de la clause de non-responsabilit\u00e9, y compris les responsabilit\u00e9s contractuelles, d\u00e9lictuelles et pour manquement \u00e0 une obligation l\u00e9gale.<\/p>\n\n\n\n<p>Tant que le site Web et les informations et services sur le site Web sont fournis gratuitement, nous ne serons pas responsables de toute perte ou dommage de quelque nature que ce soit.<\/p>","protected":false},"excerpt":{"rendered":"<p>Terms and Conditions Welcome to Taxne.com! These terms and conditions outline the rules and regulations for the use of Taxne&#8217;s Website, located at https:\/\/taxne.com. By accessing this website, we assume you accept these terms and conditions. Do not continue to use Taxne.com if you do not agree to take all of the terms and conditions [&hellip;]<\/p>\n","protected":false},"author":1,"featured_media":0,"parent":0,"menu_order":0,"comment_status":"closed","ping_status":"closed","template":"","meta":{"_uag_custom_page_level_css":"","site-sidebar-layout":"default","site-content-layout":"","ast-site-content-layout":"default","site-content-style":"default","site-sidebar-style":"default","ast-global-header-display":"","ast-banner-title-visibility":"","ast-main-header-display":"","ast-hfb-above-header-display":"","ast-hfb-below-header-display":"","ast-hfb-mobile-header-display":"","site-post-title":"","ast-breadcrumbs-content":"","ast-featured-img":"","footer-sml-layout":"","ast-disable-related-posts":"","theme-transparent-header-meta":"","adv-header-id-meta":"","stick-header-meta":"","header-above-stick-meta":"","header-main-stick-meta":"","header-below-stick-meta":"","astra-migrate-meta-layouts":"set","ast-page-background-enabled":"default","ast-page-background-meta":{"desktop":{"background-color":"","background-image":"","background-repeat":"repeat","background-position":"center center","background-size":"auto","background-attachment":"scroll","background-type":"","background-media":"","overlay-type":"","overlay-color":"","overlay-opacity":"","overlay-gradient":""},"tablet":{"background-color":"","background-image":"","background-repeat":"repeat","background-position":"center center","background-size":"auto","background-attachment":"scroll","background-type":"","background-media":"","overlay-type":"","overlay-color":"","overlay-opacity":"","overlay-gradient":""},"mobile":{"background-color":"","background-image":"","background-repeat":"repeat","background-position":"center center","background-size":"auto","background-attachment":"scroll","background-type":"","background-media":"","overlay-type":"","overlay-color":"","overlay-opacity":"","overlay-gradient":""}},"ast-content-background-meta":{"desktop":{"background-color":"var(--ast-global-color-5)","background-image":"","background-repeat":"repeat","background-position":"center center","background-size":"auto","background-attachment":"scroll","background-type":"","background-media":"","overlay-type":"","overlay-color":"","overlay-opacity":"","overlay-gradient":""},"tablet":{"background-color":"var(--ast-global-color-5)","background-image":"","background-repeat":"repeat","background-position":"center center","background-size":"auto","background-attachment":"scroll","background-type":"","background-media":"","overlay-type":"","overlay-color":"","overlay-opacity":"","overlay-gradient":""},"mobile":{"background-color":"var(--ast-global-color-5)","background-image":"","background-repeat":"repeat","background-position":"center center","background-size":"auto","background-attachment":"scroll","background-type":"","background-media":"","overlay-type":"","overlay-color":"","overlay-opacity":"","overlay-gradient":""}},"footnotes":""},"class_list":["post-2120","page","type-page","status-publish","hentry"],"yoast_head":"<!-- This site is optimized with the Yoast SEO plugin v27.3 - https:\/\/yoast.com\/product\/yoast-seo-wordpress\/ -->\n<title>Terms and Conditions | Governing Use of Taxne Website &amp; Services<\/title>\n<meta name=\"description\" content=\"Review Taxne&#039;s Terms and Conditions outlining user rights, responsibilities, and policies for website use, purchases, and intellectual property. Stay informed about our legal guidelines.\" \/>\n<meta name=\"robots\" content=\"index, follow, max-snippet:-1, max-image-preview:large, max-video-preview:-1\" \/>\n<link rel=\"canonical\" href=\"https:\/\/taxne.com\/fr\/termes-et-conditions\/\" \/>\n<meta property=\"og:locale\" content=\"fr_FR\" \/>\n<meta property=\"og:type\" content=\"article\" \/>\n<meta property=\"og:title\" content=\"Terms and Conditions | Governing Use of Taxne Website &amp; Services\" \/>\n<meta property=\"og:description\" content=\"Review Taxne&#039;s Terms and Conditions outlining user rights, responsibilities, and policies for website use, purchases, and intellectual property. Stay informed about our legal guidelines.\" \/>\n<meta property=\"og:url\" content=\"https:\/\/taxne.com\/fr\/termes-et-conditions\/\" \/>\n<meta property=\"article:modified_time\" content=\"2025-09-10T09:19:23+00:00\" \/>\n<meta name=\"twitter:card\" content=\"summary_large_image\" \/>\n<meta name=\"twitter:label1\" content=\"Dur\u00e9e de lecture estim\u00e9e\" \/>\n\t<meta name=\"twitter:data1\" content=\"8 minutes\" \/>\n<script type=\"application\/ld+json\" class=\"yoast-schema-graph\">{\"@context\":\"https:\\\/\\\/schema.org\",\"@graph\":[{\"@type\":\"WebPage\",\"@id\":\"https:\\\/\\\/taxne.com\\\/terms-and-conditions\\\/\",\"url\":\"https:\\\/\\\/taxne.com\\\/terms-and-conditions\\\/\",\"name\":\"Terms and Conditions | Governing Use of Taxne Website & Services\",\"isPartOf\":{\"@id\":\"https:\\\/\\\/taxne.com\\\/#website\"},\"datePublished\":\"2024-07-15T03:49:45+00:00\",\"dateModified\":\"2025-09-10T09:19:23+00:00\",\"description\":\"Review Taxne's Terms and Conditions outlining user rights, responsibilities, and policies for website use, purchases, and intellectual property. Stay informed about our legal guidelines.\",\"breadcrumb\":{\"@id\":\"https:\\\/\\\/taxne.com\\\/terms-and-conditions\\\/#breadcrumb\"},\"inLanguage\":\"fr-FR\",\"potentialAction\":[{\"@type\":\"ReadAction\",\"target\":[\"https:\\\/\\\/taxne.com\\\/terms-and-conditions\\\/\"]}]},{\"@type\":\"BreadcrumbList\",\"@id\":\"https:\\\/\\\/taxne.com\\\/terms-and-conditions\\\/#breadcrumb\",\"itemListElement\":[{\"@type\":\"ListItem\",\"position\":1,\"name\":\"\u9996\u9875\",\"item\":\"https:\\\/\\\/taxne.com\\\/\"},{\"@type\":\"ListItem\",\"position\":2,\"name\":\"Terms and Conditions\"}]},{\"@type\":\"WebSite\",\"@id\":\"https:\\\/\\\/taxne.com\\\/#website\",\"url\":\"https:\\\/\\\/taxne.com\\\/\",\"name\":\"taxne.com\",\"description\":\"\",\"publisher\":{\"@id\":\"https:\\\/\\\/taxne.com\\\/#organization\"},\"potentialAction\":[{\"@type\":\"SearchAction\",\"target\":{\"@type\":\"EntryPoint\",\"urlTemplate\":\"https:\\\/\\\/taxne.com\\\/?s={search_term_string}\"},\"query-input\":{\"@type\":\"PropertyValueSpecification\",\"valueRequired\":true,\"valueName\":\"search_term_string\"}}],\"inLanguage\":\"fr-FR\"},{\"@type\":\"Organization\",\"@id\":\"https:\\\/\\\/taxne.com\\\/#organization\",\"name\":\"taxne.com\",\"url\":\"https:\\\/\\\/taxne.com\\\/\",\"logo\":{\"@type\":\"ImageObject\",\"inLanguage\":\"fr-FR\",\"@id\":\"https:\\\/\\\/taxne.com\\\/#\\\/schema\\\/logo\\\/image\\\/\",\"url\":\"https:\\\/\\\/taxne.com\\\/wp-content\\\/uploads\\\/2025\\\/09\\\/cropped-logo.png\",\"contentUrl\":\"https:\\\/\\\/taxne.com\\\/wp-content\\\/uploads\\\/2025\\\/09\\\/cropped-logo.png\",\"width\":1027,\"height\":270,\"caption\":\"taxne.com\"},\"image\":{\"@id\":\"https:\\\/\\\/taxne.com\\\/#\\\/schema\\\/logo\\\/image\\\/\"}}]}<\/script>\n<!-- \/ Yoast SEO plugin. -->","yoast_head_json":{"title":"Conditions g\u00e9n\u00e9rales | R\u00e9glementation de l&#039;utilisation du site web et des services Taxne","description":"Consultez les conditions g\u00e9n\u00e9rales de Taxne qui d\u00e9crivent les droits, responsabilit\u00e9s et politiques des utilisateurs en mati\u00e8re d&#039;utilisation du site web, d&#039;achats et de propri\u00e9t\u00e9 intellectuelle. Tenez-vous inform\u00e9 de nos directives l\u00e9gales.","robots":{"index":"index","follow":"follow","max-snippet":"max-snippet:-1","max-image-preview":"max-image-preview:large","max-video-preview":"max-video-preview:-1"},"canonical":"https:\/\/taxne.com\/fr\/termes-et-conditions\/","og_locale":"fr_FR","og_type":"article","og_title":"Terms and Conditions | Governing Use of Taxne Website & Services","og_description":"Review Taxne's Terms and Conditions outlining user rights, responsibilities, and policies for website use, purchases, and intellectual property. Stay informed about our legal guidelines.","og_url":"https:\/\/taxne.com\/fr\/termes-et-conditions\/","article_modified_time":"2025-09-10T09:19:23+00:00","twitter_card":"summary_large_image","twitter_misc":{"Dur\u00e9e de lecture estim\u00e9e":"8 minutes"},"schema":{"@context":"https:\/\/schema.org","@graph":[{"@type":"WebPage","@id":"https:\/\/taxne.com\/terms-and-conditions\/","url":"https:\/\/taxne.com\/terms-and-conditions\/","name":"Conditions g\u00e9n\u00e9rales | R\u00e9glementation de l&#039;utilisation du site web et des services Taxne","isPartOf":{"@id":"https:\/\/taxne.com\/#website"},"datePublished":"2024-07-15T03:49:45+00:00","dateModified":"2025-09-10T09:19:23+00:00","description":"Consultez les conditions g\u00e9n\u00e9rales de Taxne qui d\u00e9crivent les droits, responsabilit\u00e9s et politiques des utilisateurs en mati\u00e8re d&#039;utilisation du site web, d&#039;achats et de propri\u00e9t\u00e9 intellectuelle. Tenez-vous inform\u00e9 de nos directives l\u00e9gales.","breadcrumb":{"@id":"https:\/\/taxne.com\/terms-and-conditions\/#breadcrumb"},"inLanguage":"fr-FR","potentialAction":[{"@type":"ReadAction","target":["https:\/\/taxne.com\/terms-and-conditions\/"]}]},{"@type":"BreadcrumbList","@id":"https:\/\/taxne.com\/terms-and-conditions\/#breadcrumb","itemListElement":[{"@type":"ListItem","position":1,"name":"\u9996\u9875","item":"https:\/\/taxne.com\/"},{"@type":"ListItem","position":2,"name":"Terms and Conditions"}]},{"@type":"WebSite","@id":"https:\/\/taxne.com\/#website","url":"https:\/\/taxne.com\/","name":"taxne.com","description":"","publisher":{"@id":"https:\/\/taxne.com\/#organization"},"potentialAction":[{"@type":"SearchAction","target":{"@type":"EntryPoint","urlTemplate":"https:\/\/taxne.com\/?s={search_term_string}"},"query-input":{"@type":"PropertyValueSpecification","valueRequired":true,"valueName":"search_term_string"}}],"inLanguage":"fr-FR"},{"@type":"Organization","@id":"https:\/\/taxne.com\/#organization","name":"taxne.com","url":"https:\/\/taxne.com\/","logo":{"@type":"ImageObject","inLanguage":"fr-FR","@id":"https:\/\/taxne.com\/#\/schema\/logo\/image\/","url":"https:\/\/taxne.com\/wp-content\/uploads\/2025\/09\/cropped-logo.png","contentUrl":"https:\/\/taxne.com\/wp-content\/uploads\/2025\/09\/cropped-logo.png","width":1027,"height":270,"caption":"taxne.com"},"image":{"@id":"https:\/\/taxne.com\/#\/schema\/logo\/image\/"}}]}},"uagb_featured_image_src":{"full":false,"thumbnail":false,"medium":false,"medium_large":false,"large":false,"1536x1536":false,"2048x2048":false,"trp-custom-language-flag":false,"woocommerce_thumbnail":false,"woocommerce_single":false,"woocommerce_gallery_thumbnail":false},"uagb_author_info":{"display_name":"tianke1223@gmail.com","author_link":"https:\/\/taxne.com\/fr\/author\/tianke1223gmail-com\/"},"uagb_comment_info":0,"uagb_excerpt":"Terms and Conditions Welcome to Taxne.com! These terms and conditions outline the rules and regulations for the use of Taxne&#8217;s Website, located at https:\/\/taxne.com. By accessing this website, we assume you accept these terms and conditions. Do not continue to use Taxne.com if you do not agree to take all of the terms and conditions\u2026","jetpack_sharing_enabled":true,"_links":{"self":[{"href":"https:\/\/taxne.com\/fr\/wp-json\/wp\/v2\/pages\/2120","targetHints":{"allow":["GET"]}}],"collection":[{"href":"https:\/\/taxne.com\/fr\/wp-json\/wp\/v2\/pages"}],"about":[{"href":"https:\/\/taxne.com\/fr\/wp-json\/wp\/v2\/types\/page"}],"author":[{"embeddable":true,"href":"https:\/\/taxne.com\/fr\/wp-json\/wp\/v2\/users\/1"}],"replies":[{"embeddable":true,"href":"https:\/\/taxne.com\/fr\/wp-json\/wp\/v2\/comments?post=2120"}],"version-history":[{"count":2,"href":"https:\/\/taxne.com\/fr\/wp-json\/wp\/v2\/pages\/2120\/revisions"}],"predecessor-version":[{"id":2122,"href":"https:\/\/taxne.com\/fr\/wp-json\/wp\/v2\/pages\/2120\/revisions\/2122"}],"wp:attachment":[{"href":"https:\/\/taxne.com\/fr\/wp-json\/wp\/v2\/media?parent=2120"}],"curies":[{"name":"wp","href":"https:\/\/api.w.org\/{rel}","templated":true}]}}