{"id":2126,"date":"2024-07-15T03:53:07","date_gmt":"2024-07-15T03:53:07","guid":{"rendered":"https:\/\/taxne.com\/?page_id=2126"},"modified":"2025-09-23T06:24:20","modified_gmt":"2025-09-23T06:24:20","slug":"shipping-policy","status":"publish","type":"page","link":"https:\/\/taxne.com\/fr\/politique-dexpedition\/","title":{"rendered":"Politique d&#039;exp\u00e9dition"},"content":{"rendered":"<h1 class=\"wp-block-heading\">POLITIQUE D&#039;EXP\u00c9DITION<\/h1>\n\n\n\n<p>A. Frais d&#039;exp\u00e9dition<br><br><strong>D\u00e9lai de traitement : Sous 48 heures<\/strong><\/p>\n\n\n\n<p><strong>Freight: $9.9<\/strong><\/p>\n\n\n\n<p><strong>Shipping fee: Free shipping on orders over $88.88<\/strong><br><br>B. Heure limite de transit, de manutention et de commandes<br><br>Toutes les commandes sont trait\u00e9es dans un d\u00e9lai de 1 \u00e0 2 jours ouvrables<br>Tous les prix sont en USD<br>Veuillez noter qu&#039;il peut y avoir de l\u00e9g\u00e8res variations. Pendant les p\u00e9riodes de soldes et de vacances, la livraison peut prendre plus de temps que les d\u00e9lais estim\u00e9s ci-dessus.<br>Une fois exp\u00e9di\u00e9e, la commande ne peut pas \u00eatre annul\u00e9e<br><strong>Taxne<\/strong> sera soumis \u00e0 des droits de douane dans tous les pays pendant le processus d&#039;envoi, les consommateurs ne seront donc pas responsables des co\u00fbts excessifs<br>Si vous ne recevez pas le colis dans les 40 jours, nous souhaitons que vous nous contactiez \u00e0 temps. Nous vous aiderons \u00e0 suivre le colis ou d\u00e9ciderons de renvoyer ou non le produit.<br><br>C. D\u00e9lai d&#039;exp\u00e9dition\u00a0:<br><br>\u00c9tats-Unis\/CA\u00a0: 10-20 jours ouvrables<br>Europe\u00a0:\u00a010-20 jours ouvrables<br>Moyen-Orient : 10-25 jours ouvrables<br>Autres\u00a0: 10-25 jours ouvrables<br><br>RETOURS ET \u00c9CHANGES<br>Facile 30 jours<br>Voir conditions et proc\u00e9dure dans notre politique de retour et de remboursement<br><br><br><br><strong>Nous prenons un soin particulier \u00e0 v\u00e9rifier chaque commande que nous recevons. Ce processus est celui que nous nous effor\u00e7ons d&#039;accomplir dans les d\u00e9lais impartis pour que votre commande soit exp\u00e9di\u00e9e ou envoy\u00e9e au fabricant qui exp\u00e9die votre commande. Dans certaines situations, notre processus de v\u00e9rification des commandes peut retarder l\u2019exp\u00e9dition de votre commande. Assurez-vous d&#039;inclure des informations pr\u00e9cises lorsque vous passez votre commande afin que, si n\u00e9cessaire, nous puissions vous contacter aux informations indiqu\u00e9es pour tenter de sortir votre commande le jour m\u00eame (si elle est en stock dans notre entrep\u00f4t).<\/strong><br><br><strong>Veuillez v\u00e9rifier l&#039;\u00e9tat des stocks avant de passer une commande car nous ne pouvons pas estimer avec pr\u00e9cision les temps de transit pour les articles en rupture de stock.<\/strong><br><br><strong>Taxne n&#039;est pas responsable des colis perdus et vol\u00e9s. Si vous pensez que votre colis a \u00e9t\u00e9 mal livr\u00e9, vous pouvez contacter notre service client et nous pourrons nous coordonner avec le service de traitement des colis pour lancer une enqu\u00eate sur la perte de colis. Si le service de traitement des colis n&#039;est pas en mesure de localiser le colis ou de fournir des documents attestant que le colis a \u00e9t\u00e9 livr\u00e9 \u00e0 la bonne adresse, c&#039;est \u00e0 la seule discr\u00e9tion de Taxne quant \u00e0 la r\u00e9solution, nous ne pouvons pas garantir un remplacement ou un remboursement en fonction du r\u00e9sultat de la perte. enqu\u00eate sur les colis.<\/strong><\/p>","protected":false},"excerpt":{"rendered":"<p>SHIPPING POLICY A. Shipping Costs Processing time: Within 48 hours Freight: $9.9 Shipping fee: Free shipping on orders over $88.88 B. Transit, Handling &amp; Oders Cut Off Time All orders are processed within 1-2 business daysAll prices are in USDPlease note there could be slight During sale and holiday periods, delivery may take longer than [&hellip;]<\/p>\n","protected":false},"author":1,"featured_media":0,"parent":0,"menu_order":0,"comment_status":"closed","ping_status":"closed","template":"","meta":{"_uag_custom_page_level_css":"","site-sidebar-layout":"default","site-content-layout":"","ast-site-content-layout":"default","site-content-style":"default","site-sidebar-style":"default","ast-global-header-display":"","ast-banner-title-visibility":"","ast-main-header-display":"","ast-hfb-above-header-display":"","ast-hfb-below-header-display":"","ast-hfb-mobile-header-display":"","site-post-title":"","ast-breadcrumbs-content":"","ast-featured-img":"","footer-sml-layout":"","ast-disable-related-posts":"","theme-transparent-header-meta":"","adv-header-id-meta":"","stick-header-meta":"","header-above-stick-meta":"","header-main-stick-meta":"","header-below-stick-meta":"","astra-migrate-meta-layouts":"set","ast-page-background-enabled":"default","ast-page-background-meta":{"desktop":{"background-color":"","background-image":"","background-repeat":"repeat","background-position":"center center","background-size":"auto","background-attachment":"scroll","background-type":"","background-media":"","overlay-type":"","overlay-color":"","overlay-opacity":"","overlay-gradient":""},"tablet":{"background-color":"","background-image":"","background-repeat":"repeat","background-position":"center center","background-size":"auto","background-attachment":"scroll","background-type":"","background-media":"","overlay-type":"","overlay-color":"","overlay-opacity":"","overlay-gradient":""},"mobile":{"background-color":"","background-image":"","background-repeat":"repeat","background-position":"center center","background-size":"auto","background-attachment":"scroll","background-type":"","background-media":"","overlay-type":"","overlay-color":"","overlay-opacity":"","overlay-gradient":""}},"ast-content-background-meta":{"desktop":{"background-color":"var(--ast-global-color-5)","background-image":"","background-repeat":"repeat","background-position":"center center","background-size":"auto","background-attachment":"scroll","background-type":"","background-media":"","overlay-type":"","overlay-color":"","overlay-opacity":"","overlay-gradient":""},"tablet":{"background-color":"var(--ast-global-color-5)","background-image":"","background-repeat":"repeat","background-position":"center center","background-size":"auto","background-attachment":"scroll","background-type":"","background-media":"","overlay-type":"","overlay-color":"","overlay-opacity":"","overlay-gradient":""},"mobile":{"background-color":"var(--ast-global-color-5)","background-image":"","background-repeat":"repeat","background-position":"center center","background-size":"auto","background-attachment":"scroll","background-type":"","background-media":"","overlay-type":"","overlay-color":"","overlay-opacity":"","overlay-gradient":""}},"footnotes":""},"class_list":["post-2126","page","type-page","status-publish","hentry"],"yoast_head":"<!-- This site is optimized with the Yoast SEO plugin v27.4 - https:\/\/yoast.com\/product\/yoast-seo-wordpress\/ -->\n<title>Shipping Policy | Delivery Times, Costs &amp; Tracking | Taxne<\/title>\n<meta name=\"description\" content=\"Explore Taxne\u2019s shipping policy: delivery timelines, free shipping thresholds, and tracking. We ship globally with care. Questions about your order? Find all details here.\" \/>\n<meta name=\"robots\" content=\"index, follow, max-snippet:-1, max-image-preview:large, max-video-preview:-1\" \/>\n<link rel=\"canonical\" href=\"https:\/\/taxne.com\/fr\/politique-dexpedition\/\" \/>\n<meta property=\"og:locale\" content=\"fr_FR\" \/>\n<meta property=\"og:type\" content=\"article\" \/>\n<meta property=\"og:title\" content=\"Shipping Policy | Delivery Times, Costs &amp; Tracking | Taxne\" \/>\n<meta property=\"og:description\" content=\"Explore Taxne\u2019s shipping policy: delivery timelines, free shipping thresholds, and tracking. We ship globally with care. Questions about your order? Find all details here.\" \/>\n<meta property=\"og:url\" content=\"https:\/\/taxne.com\/fr\/politique-dexpedition\/\" \/>\n<meta property=\"article:modified_time\" content=\"2025-09-23T06:24:20+00:00\" \/>\n<meta name=\"twitter:card\" content=\"summary_large_image\" \/>\n<meta name=\"twitter:label1\" content=\"Dur\u00e9e de lecture estim\u00e9e\" \/>\n\t<meta name=\"twitter:data1\" content=\"2 minutes\" \/>\n<script type=\"application\/ld+json\" class=\"yoast-schema-graph\">{\"@context\":\"https:\\\/\\\/schema.org\",\"@graph\":[{\"@type\":\"WebPage\",\"@id\":\"https:\\\/\\\/taxne.com\\\/shipping-policy\\\/\",\"url\":\"https:\\\/\\\/taxne.com\\\/shipping-policy\\\/\",\"name\":\"Shipping Policy | Delivery Times, Costs & Tracking | Taxne\",\"isPartOf\":{\"@id\":\"https:\\\/\\\/taxne.com\\\/#website\"},\"datePublished\":\"2024-07-15T03:53:07+00:00\",\"dateModified\":\"2025-09-23T06:24:20+00:00\",\"description\":\"Explore Taxne\u2019s shipping policy: delivery timelines, free shipping thresholds, and tracking. We ship globally with care. Questions about your order? Find all details here.\",\"breadcrumb\":{\"@id\":\"https:\\\/\\\/taxne.com\\\/shipping-policy\\\/#breadcrumb\"},\"inLanguage\":\"fr-FR\",\"potentialAction\":[{\"@type\":\"ReadAction\",\"target\":[\"https:\\\/\\\/taxne.com\\\/shipping-policy\\\/\"]}]},{\"@type\":\"BreadcrumbList\",\"@id\":\"https:\\\/\\\/taxne.com\\\/shipping-policy\\\/#breadcrumb\",\"itemListElement\":[{\"@type\":\"ListItem\",\"position\":1,\"name\":\"\u9996\u9875\",\"item\":\"https:\\\/\\\/taxne.com\\\/\"},{\"@type\":\"ListItem\",\"position\":2,\"name\":\"Shipping Policy\"}]},{\"@type\":\"WebSite\",\"@id\":\"https:\\\/\\\/taxne.com\\\/#website\",\"url\":\"https:\\\/\\\/taxne.com\\\/\",\"name\":\"taxne.com\",\"description\":\"\",\"publisher\":{\"@id\":\"https:\\\/\\\/taxne.com\\\/#organization\"},\"potentialAction\":[{\"@type\":\"SearchAction\",\"target\":{\"@type\":\"EntryPoint\",\"urlTemplate\":\"https:\\\/\\\/taxne.com\\\/?s={search_term_string}\"},\"query-input\":{\"@type\":\"PropertyValueSpecification\",\"valueRequired\":true,\"valueName\":\"search_term_string\"}}],\"inLanguage\":\"fr-FR\"},{\"@type\":\"Organization\",\"@id\":\"https:\\\/\\\/taxne.com\\\/#organization\",\"name\":\"taxne.com\",\"url\":\"https:\\\/\\\/taxne.com\\\/\",\"logo\":{\"@type\":\"ImageObject\",\"inLanguage\":\"fr-FR\",\"@id\":\"https:\\\/\\\/taxne.com\\\/#\\\/schema\\\/logo\\\/image\\\/\",\"url\":\"https:\\\/\\\/taxne.com\\\/wp-content\\\/uploads\\\/2025\\\/09\\\/cropped-logo.png\",\"contentUrl\":\"https:\\\/\\\/taxne.com\\\/wp-content\\\/uploads\\\/2025\\\/09\\\/cropped-logo.png\",\"width\":1027,\"height\":270,\"caption\":\"taxne.com\"},\"image\":{\"@id\":\"https:\\\/\\\/taxne.com\\\/#\\\/schema\\\/logo\\\/image\\\/\"}}]}<\/script>\n<!-- \/ Yoast SEO plugin. -->","yoast_head_json":{"title":"Politique d&#039;exp\u00e9dition | D\u00e9lais de livraison, frais et suivi | Taxne","description":"D\u00e9couvrez la politique d&#039;exp\u00e9dition de Taxne\u00a0: d\u00e9lais de livraison, franchises et suivi. Nous exp\u00e9dions partout dans le monde avec le plus grand soin. Des questions sur votre commande\u00a0? Retrouvez tous les d\u00e9tails ici.","robots":{"index":"index","follow":"follow","max-snippet":"max-snippet:-1","max-image-preview":"max-image-preview:large","max-video-preview":"max-video-preview:-1"},"canonical":"https:\/\/taxne.com\/fr\/politique-dexpedition\/","og_locale":"fr_FR","og_type":"article","og_title":"Shipping Policy | Delivery Times, Costs & Tracking | Taxne","og_description":"Explore Taxne\u2019s shipping policy: delivery timelines, free shipping thresholds, and tracking. We ship globally with care. Questions about your order? Find all details here.","og_url":"https:\/\/taxne.com\/fr\/politique-dexpedition\/","article_modified_time":"2025-09-23T06:24:20+00:00","twitter_card":"summary_large_image","twitter_misc":{"Dur\u00e9e de lecture estim\u00e9e":"2 minutes"},"schema":{"@context":"https:\/\/schema.org","@graph":[{"@type":"WebPage","@id":"https:\/\/taxne.com\/shipping-policy\/","url":"https:\/\/taxne.com\/shipping-policy\/","name":"Politique d&#039;exp\u00e9dition | D\u00e9lais de livraison, frais et suivi | Taxne","isPartOf":{"@id":"https:\/\/taxne.com\/#website"},"datePublished":"2024-07-15T03:53:07+00:00","dateModified":"2025-09-23T06:24:20+00:00","description":"D\u00e9couvrez la politique d&#039;exp\u00e9dition de Taxne\u00a0: d\u00e9lais de livraison, franchises et suivi. Nous exp\u00e9dions partout dans le monde avec le plus grand soin. Des questions sur votre commande\u00a0? Retrouvez tous les d\u00e9tails ici.","breadcrumb":{"@id":"https:\/\/taxne.com\/shipping-policy\/#breadcrumb"},"inLanguage":"fr-FR","potentialAction":[{"@type":"ReadAction","target":["https:\/\/taxne.com\/shipping-policy\/"]}]},{"@type":"BreadcrumbList","@id":"https:\/\/taxne.com\/shipping-policy\/#breadcrumb","itemListElement":[{"@type":"ListItem","position":1,"name":"\u9996\u9875","item":"https:\/\/taxne.com\/"},{"@type":"ListItem","position":2,"name":"Shipping Policy"}]},{"@type":"WebSite","@id":"https:\/\/taxne.com\/#website","url":"https:\/\/taxne.com\/","name":"taxne.com","description":"","publisher":{"@id":"https:\/\/taxne.com\/#organization"},"potentialAction":[{"@type":"SearchAction","target":{"@type":"EntryPoint","urlTemplate":"https:\/\/taxne.com\/?s={search_term_string}"},"query-input":{"@type":"PropertyValueSpecification","valueRequired":true,"valueName":"search_term_string"}}],"inLanguage":"fr-FR"},{"@type":"Organization","@id":"https:\/\/taxne.com\/#organization","name":"taxne.com","url":"https:\/\/taxne.com\/","logo":{"@type":"ImageObject","inLanguage":"fr-FR","@id":"https:\/\/taxne.com\/#\/schema\/logo\/image\/","url":"https:\/\/taxne.com\/wp-content\/uploads\/2025\/09\/cropped-logo.png","contentUrl":"https:\/\/taxne.com\/wp-content\/uploads\/2025\/09\/cropped-logo.png","width":1027,"height":270,"caption":"taxne.com"},"image":{"@id":"https:\/\/taxne.com\/#\/schema\/logo\/image\/"}}]}},"uagb_featured_image_src":{"full":false,"thumbnail":false,"medium":false,"medium_large":false,"large":false,"1536x1536":false,"2048x2048":false,"trp-custom-language-flag":false,"woocommerce_thumbnail":false,"woocommerce_single":false,"woocommerce_gallery_thumbnail":false},"uagb_author_info":{"display_name":"tianke1223@gmail.com","author_link":"https:\/\/taxne.com\/fr\/author\/tianke1223gmail-com\/"},"uagb_comment_info":0,"uagb_excerpt":"SHIPPING POLICY A. Shipping Costs Processing time: Within 48 hours Freight: $9.9 Shipping fee: Free shipping on orders over $88.88 B. Transit, Handling &amp; Oders Cut Off Time All orders are processed within 1-2 business daysAll prices are in USDPlease note there could be slight During sale and holiday periods, delivery may take longer than\u2026","jetpack_sharing_enabled":true,"_links":{"self":[{"href":"https:\/\/taxne.com\/fr\/wp-json\/wp\/v2\/pages\/2126","targetHints":{"allow":["GET"]}}],"collection":[{"href":"https:\/\/taxne.com\/fr\/wp-json\/wp\/v2\/pages"}],"about":[{"href":"https:\/\/taxne.com\/fr\/wp-json\/wp\/v2\/types\/page"}],"author":[{"embeddable":true,"href":"https:\/\/taxne.com\/fr\/wp-json\/wp\/v2\/users\/1"}],"replies":[{"embeddable":true,"href":"https:\/\/taxne.com\/fr\/wp-json\/wp\/v2\/comments?post=2126"}],"version-history":[{"count":3,"href":"https:\/\/taxne.com\/fr\/wp-json\/wp\/v2\/pages\/2126\/revisions"}],"predecessor-version":[{"id":8379,"href":"https:\/\/taxne.com\/fr\/wp-json\/wp\/v2\/pages\/2126\/revisions\/8379"}],"wp:attachment":[{"href":"https:\/\/taxne.com\/fr\/wp-json\/wp\/v2\/media?parent=2126"}],"curies":[{"name":"wp","href":"https:\/\/api.w.org\/{rel}","templated":true}]}}