{"id":2129,"date":"2024-07-15T03:55:40","date_gmt":"2024-07-15T03:55:40","guid":{"rendered":"https:\/\/taxne.com\/?page_id=2129"},"modified":"2025-09-10T09:05:04","modified_gmt":"2025-09-10T09:05:04","slug":"faqs","status":"publish","type":"page","link":"https:\/\/taxne.com\/fr\/faq\/","title":{"rendered":"FAQ"},"content":{"rendered":"<h1 class=\"wp-block-heading\"><strong>EXP\u00c9DITION<\/strong><\/h1>\n\n\n\n<h3 class=\"wp-block-heading\"><strong>QUEL EST LE STATUT DE MA COMMANDE ?<\/strong><\/h3>\n\n\n\n<p>Une fois que vous avez pass\u00e9 votre commande, nous vous enverrons un e-mail de confirmation pour suivre le statut de votre commande. Une fois votre commande exp\u00e9di\u00e9e, nous vous enverrons un autre e-mail accompagn\u00e9 du lien pour suivre votre commande. Vous pouvez \u00e9galement suivre l&#039;\u00e9tat de votre commande \u00e0 partir de la section \u00ab\u00a0Historique des commandes\u00a0\u00bb sur la page de votre compte sur le site Web.<\/p>\n\n\n\n<h3 class=\"wp-block-heading\"><strong>FAITES-VOUS L&#039;EXP\u00c9DITION LE JOUR M\u00caME\u00a0?<\/strong><\/h3>\n\n\n\n<p>Nous effectuons l&#039;exp\u00e9dition le jour m\u00eame \u00e0 condition que vous passiez votre commande avant midi ce jour-l\u00e0.<\/p>\n\n\n\n<h3 class=\"wp-block-heading\"><strong>O\u00d9 EXP\u00c9DIEZ-VOUS ?<\/strong><\/h3>\n\n\n\n<p>Nous exp\u00e9dions actuellement aux \u00c9tats-Unis, au Canada, en Australie, en France, au Royaume-Uni et en Allemagne. Pour une exp\u00e9dition en dehors de ces pays, veuillez contacter notre service client via le formulaire de contact.<\/p>\n\n\n\n<h3 class=\"wp-block-heading\"><strong>MA COMMANDE A \u00c9T\u00c9 RETOURN\u00c9E \u00c0 L&#039;ORIGINE (RTO). QU&#039;EST-CE QUE CELA SIGNIFIE?<\/strong><\/h3>\n\n\n\n<p>Les exp\u00e9ditions sont consid\u00e9r\u00e9es comme RTO (retourn\u00e9es \u00e0 l&#039;origine) dans les circonstances suivantes\u00a0:<br>\u2013 La livraison a \u00e9t\u00e9 tent\u00e9e plus d\u2019une fois, mais elle n\u2019a pas pu \u00eatre livr\u00e9e en raison d\u2019une mauvaise adresse ou de l\u2019absence de personne \u00e0 l\u2019adresse indiqu\u00e9e.<br>\u2013 L&#039;adresse n&#039;a pas pu \u00eatre trouv\u00e9e car soit elle \u00e9tait incompl\u00e8te, soit le code PIN \u00e9tait erron\u00e9<br>\u2013 Vous ou quelqu\u2019un \u00e0 votre adresse de livraison avez refus\u00e9 d\u2019accepter la commande<br><br>Dans ces circonstances, notre \u00e9quipe de support client essaiera de vous contacter sur votre num\u00e9ro de t\u00e9l\u00e9phone enregistr\u00e9. S&#039;il n&#039;y a pas de r\u00e9ponse sur ce num\u00e9ro ou s&#039;il n&#039;est pas joignable, alors le colis est renvoy\u00e9 \u00e0 l&#039;origine.<\/p>\n\n\n\n<h3 class=\"wp-block-heading\"><strong>COMBIEN DE TEMPS PRENDRA-T-IL POUR EXP\u00c9DIER MA COMMANDE\u00a0?<\/strong><\/h3>\n\n\n\n<p>Les d\u00e9lais de livraison peuvent varier en fonction du lieu de livraison ainsi que du type de produit que vous commandez.<br>Normalement, une fois que vous avez pass\u00e9 votre commande, il faut g\u00e9n\u00e9ralement 24 \u00e0 36 heures pour la traiter et la marquer comme pr\u00eate \u00e0 \u00eatre livr\u00e9e.<\/p>\n\n\n\n<h2 class=\"wp-block-heading\"><strong>COMMANDE<\/strong><\/h2>\n\n\n\n<h3 class=\"wp-block-heading\"><strong>PUIS-JE MODIFIER MA COMMANDE ?<\/strong><\/h3>\n\n\n\n<p>Nous ne pouvons modifier que les commandes qui n&#039;ont pas encore \u00e9t\u00e9 trait\u00e9es pour l&#039;exp\u00e9dition.<br><br>Pour apporter des modifications \u00e0 votre commande, veuillez contacter le support en soumettant votre demande via le formulaire \u00ab Contactez-nous \u00bb.<\/p>\n\n\n\n<h3 class=\"wp-block-heading\"><strong>COMMENT PUIS-JE ANNULER MA COMMANDE ?<\/strong><\/h3>\n\n\n\n<p>Si vous souhaitez annuler votre commande, vous pouvez envoyer un e-mail ou appeler le service client.<\/p>\n\n\n\n<h3 class=\"wp-block-heading\"><strong>COMMENT PUIS-JE AJOUTER OU SUPPRIMER DES PRODUITS APR\u00c8S AVOIR PASS\u00c9 MA COMMANDE\u00a0?<\/strong><\/h3>\n\n\n\n<p>Une fois votre commande pass\u00e9e, vous ne pourrez plus apporter de modifications sur le site.<br>Veuillez contacter notre service client via le formulaire \u00ab Contactez-nous \u00bb pour toute modification de la commande.<\/p>\n\n\n\n<h3 class=\"wp-block-heading\"><strong>COMMENT SUIVRE L&#039;AVANCEMENT D&#039;UNE COMMANDE ?<\/strong><\/h3>\n\n\n\n<p>Une fois votre commande exp\u00e9di\u00e9e, vous recevrez un e-mail et une notification SMS avec les d\u00e9tails de la commande. Vous pouvez suivre l&#039;envoi en cliquant sur le lien fourni dans l&#039;e-mail.<\/p>\n\n\n\n<p>Puis-je modifier mon adresse de livraison apr\u00e8s avoir pass\u00e9 ma commande ?<\/p>\n\n\n\n<p>Si votre commande n&#039;a pas encore \u00e9t\u00e9 exp\u00e9di\u00e9e, nous pouvons la livrer \u00e0 une adresse diff\u00e9rente selon votre demande. Pour en savoir plus, vous pouvez nous contacter via le formulaire \u00ab contactez-nous \u00bb.<\/p>\n\n\n\n<h2 class=\"wp-block-heading\"><strong>PAIEMENT<\/strong><\/h2>\n\n\n\n<h3 class=\"wp-block-heading\">QUELS MODES DE PAIEMENT ACCEPTEZ-VOUS?<\/h3>\n\n\n\n<p>Vous pouvez acheter sur notre site Web en utilisant une carte de d\u00e9bit, de cr\u00e9dit, net banking ou UPI.<br><br>De plus, nous prenons en charge Paypal, Amazon Pay, Apple Pay, Google Pay, Paytm et d&#039;autres portefeuilles.<br><br>Vous pouvez choisir ces modes de paiement \u00e0 la caisse.<\/p>\n\n\n\n<h3 class=\"wp-block-heading\"><strong>COMMENT PAYER PAR CONTRE-ARGENT (COD)\u00a0?<\/strong><\/h3>\n\n\n\n<p>Le paiement par l\u2019option COD est simple. Suivez simplement ces \u00e9tapes simples\u00a0:<br>Sur le site Web, s\u00e9lectionnez les produits que vous devez acheter, ajoutez-les \u00e0 votre panier, puis sur la page Paiement et v\u00e9rification de la commande, s\u00e9lectionnez Paiement \u00e0 la livraison (COD) comme mode de paiement et cliquez sur le bouton \u00ab TERMINER L&#039;ACHAT \u00bb.<br>Une fois l\u2019approbation effectu\u00e9e, votre commande sera exp\u00e9di\u00e9e.<br>Une fois la commande livr\u00e9e par le transporteur, vous devrez lui payer le montant total de la commande en esp\u00e8ces.<\/p>\n\n\n\n<h3 class=\"wp-block-heading\"><strong>EST-IL S\u00c9CURIS\u00c9 D&#039;UTILISER MA CARTE DE CR\u00c9DIT\/D\u00c9BIT SUR CE SITE WEB\u00a0?<\/strong><\/h3>\n\n\n\n<p>Nous utilisons des services de traitement des paiements tiers pour traiter toutes les transactions de paiement par carte de cr\u00e9dit\/d\u00e9bit. Ces interm\u00e9diaires de paiement sont conformes \u00e0 la norme PCI, qui est le niveau de certification le plus strict qui garantit que les donn\u00e9es de tous les titulaires de carte sont stock\u00e9es, trait\u00e9es et transmises en toute s\u00e9curit\u00e9 \u00e0 l&#039;aide de la technologie de cryptage standard du secteur.<\/p>\n\n\n\n<h3 class=\"wp-block-heading\"><strong>DANS QUELLE DEVISE SERA-JE FACTUR\u00c9\u00a0?<\/strong><\/h3>\n\n\n\n<p>Nous ne prenons actuellement en charge que les devises suivantes pour facturer nos clients dans leur devise locale\u00a0:\u00a0USD, CAD et EUR.<br>Si votre carte de cr\u00e9dit ou de d\u00e9bit utilise une autre devise, vous serez factur\u00e9 en USD, CAD ou EUR, selon le site Web sur lequel vous vous trouvez. Votre banque peut appliquer le taux de conversion correspondant \u00e0 la devise que vous choisissez, conform\u00e9ment \u00e0 sa politique. Veuillez v\u00e9rifier aupr\u00e8s de votre banque les frais exacts.<\/p>\n\n\n\n<h3 class=\"wp-block-heading\"><strong>Y A-T-IL DES FRAIS CACH\u00c9S ?<\/strong><\/h3>\n\n\n\n<p>Il n\u2019y a pas de frais cach\u00e9s ni de frais d\u2019exp\u00e9dition suppl\u00e9mentaires. Le prix total mentionn\u00e9 sur la page produit \u00e0 c\u00f4t\u00e9 de la photographie est le prix final. Ce que vous voyez est ce que vous payez.<\/p>\n\n\n\n<h2 class=\"wp-block-heading\"><strong>RETOURS ET \u00c9CHANGES<\/strong><\/h2>\n\n\n\n<h3 class=\"wp-block-heading\"><strong>ACCEPTEZ-VOUS LES RETOURS\u00a0?<\/strong><\/h3>\n\n\n\n<p>Oui, nous acceptons les retours sous r\u00e9serve du respect des conditions suivantes :<br><br>\u2013 L\u2019article doit avoir \u00e9t\u00e9 vendu sur notre boutique en ligne<br>\u2013 L&#039;article n&#039;aurait pas d\u00fb \u00eatre utilis\u00e9 de quelque mani\u00e8re que ce soit<br>\u2013 L&#039;article doit avoir son emballage d&#039;origine avec toutes les \u00e9tiquettes, etc.<br>\u2013 La demande de retour ou d\u2019\u00e9change s\u2019effectue dans les 7 jours suivant la livraison.<br><br>Pour demander un retour, veuillez contacter le support en soumettant votre demande via le formulaire \u00ab contactez-nous \u00bb. Un membre de notre \u00e9quipe d&#039;assistance vous r\u00e9pondra dans les plus brefs d\u00e9lais.<\/p>\n\n\n\n<h3 class=\"wp-block-heading\"><strong>PUIS-JE \u00c9CHANGER UN ARTICLE ?<\/strong><\/h3>\n\n\n\n<p>Nous acceptons les \u00e9changes et ils suivent les m\u00eames conditions que les retours.<br><br>\u2013 L\u2019article doit avoir \u00e9t\u00e9 vendu sur notre boutique en ligne<br>\u2013 L&#039;article n&#039;aurait pas d\u00fb \u00eatre utilis\u00e9 de quelque mani\u00e8re que ce soit<br>\u2013 L&#039;article doit \u00eatre dans son emballage d&#039;origine avec toutes les \u00e9tiquettes, etc.<br>\u2013 La demande de retour ou d\u2019\u00e9change s\u2019effectue dans les 30 jours suivant la livraison<br><br>Pour demander un \u00e9change, veuillez soumettre votre demande via le formulaire \u00ab contactez-nous \u00bb. Un membre de notre \u00e9quipe d&#039;assistance vous r\u00e9pondra dans les plus brefs d\u00e9lais.<\/p>\n\n\n\n<h3 class=\"wp-block-heading\"><strong>COMMENT FAIRE UN RETOUR ?<\/strong><\/h3>\n\n\n\n<p>Nous proposons uniquement l&#039;\u00e9change d&#039;articles conform\u00e9ment \u00e0 notre politique d&#039;\u00e9change. Avant de passer la commande, nous vous sugg\u00e9rons de lire notre politique d&#039;exp\u00e9dition et de retour\/\u00e9change.<\/p>\n\n\n\n<h3 class=\"wp-block-heading\"><strong>QUAND ALLEZ-VOUS R\u00c9CUP\u00c9RER MA COMMANDE DE RETOUR\u00a0?<\/strong><\/h3>\n\n\n\n<p>Nous donnons la priorit\u00e9 \u00e0 nos op\u00e9rations et \u00e0 nos op\u00e9rations pour fournir les produits dont nos clients auraient besoin s&#039;ils continuent de rester chez eux. Nous vous informerons lorsque nous pourrons planifier le retour-cueillette. Nous appr\u00e9cions votre patience \u00e0 cet \u00e9gard.<\/p>\n\n\n\n<h3 class=\"wp-block-heading\"><strong>LES RETOURS SONT-ILS GRATUITS ?<\/strong><\/h3>\n\n\n\n<p>Oui, pour plus de d\u00e9tails, veuillez lire notre politique de retour et d&#039;\u00e9change. Ou N&#039;h\u00e9sitez pas \u00e0 contacter nos agents d&#039;assistance par e-mail ou par formulaire de contact pour plus de d\u00e9tails.<\/p>\n\n\n\n<h2 class=\"wp-block-heading\">G\u00c9N\u00c9RAL<\/h2>\n\n\n\n<h3 class=\"wp-block-heading\"><strong>AVEZ-VOUS DES MAGASINS PHYSIQUES ?<\/strong><\/h3>\n\n\n\n<p>Nous n&#039;avons actuellement aucun magasin physique sous notre marque. Cependant, nous avons plusieurs distributeurs en Europe, aux \u00c9tats-Unis, au Canada et en Inde.<br>La liste compl\u00e8te des magasins qui revendent nos produits se trouve sur notre carte de localisation des magasins.<\/p>\n\n\n\n<h3 class=\"wp-block-heading\"><strong>OFFREZ-VOUS UN PROGRAMME DE R\u00c9F\u00c9RENCE\u00a0? COMMENT \u00c7A MARCHE?<\/strong><\/h3>\n\n\n\n<p>Nous avons cr\u00e9\u00e9 un programme de parrainage pour remercier nos clients d&#039;avoir recommand\u00e9 leurs amis et leur famille.<br>Pour plus d\u2019informations, veuillez consulter les conditions g\u00e9n\u00e9rales de notre programme de parrainage.<\/p>\n\n\n\n<h3 class=\"wp-block-heading\"><strong>Y A-T-IL UNE GARANTIE ?<\/strong><\/h3>\n\n\n\n<p>Nous garantissons que tous nos produits fabriqu\u00e9s par nos soins et vendus via notre boutique en ligne sont exempts de d\u00e9fauts.<\/p>\n\n\n\n<h3 class=\"wp-block-heading\"><strong>COMMENT CONTACTER LE SERVICE CLIENT ?<\/strong><\/h3>\n\n\n\n<p>Notre \u00e9quipe de service client est disponible toute la semaine, tous les sept jours, de 8h \u00e0 18h. Vous pouvez nous joindre par e-mail.<\/p>\n\n\n\n<h3 class=\"wp-block-heading\"><strong>PUIS-JE UTILISER PLUSIEURS COUPONS SUR LA M\u00caME TRANSACTION\u00a0?<\/strong><\/h3>\n\n\n\n<p>Un seul coupon peut \u00eatre utilis\u00e9 sur une seule transaction ou un panier. Vous pouvez cependant ajouter plusieurs articles \u00e0 un m\u00eame panier pour utiliser un seul coupon et b\u00e9n\u00e9ficier de r\u00e9ductions.<\/p>","protected":false},"excerpt":{"rendered":"<p>SHIPPING WHAT IS THE STATUS OF MY ORDER? Once you have placed your order, we will send you a confirmation email to track the status of your order. Once your order is shipped we will send you another email along with the link to track your order. Or, you can track the status of your [&hellip;]<\/p>\n","protected":false},"author":1,"featured_media":0,"parent":0,"menu_order":0,"comment_status":"closed","ping_status":"closed","template":"","meta":{"_uag_custom_page_level_css":"","site-sidebar-layout":"default","site-content-layout":"","ast-site-content-layout":"default","site-content-style":"default","site-sidebar-style":"default","ast-global-header-display":"","ast-banner-title-visibility":"","ast-main-header-display":"","ast-hfb-above-header-display":"","ast-hfb-below-header-display":"","ast-hfb-mobile-header-display":"","site-post-title":"","ast-breadcrumbs-content":"","ast-featured-img":"","footer-sml-layout":"","ast-disable-related-posts":"","theme-transparent-header-meta":"","adv-header-id-meta":"","stick-header-meta":"","header-above-stick-meta":"","header-main-stick-meta":"","header-below-stick-meta":"","astra-migrate-meta-layouts":"set","ast-page-background-enabled":"default","ast-page-background-meta":{"desktop":{"background-color":"","background-image":"","background-repeat":"repeat","background-position":"center center","background-size":"auto","background-attachment":"scroll","background-type":"","background-media":"","overlay-type":"","overlay-color":"","overlay-opacity":"","overlay-gradient":""},"tablet":{"background-color":"","background-image":"","background-repeat":"repeat","background-position":"center center","background-size":"auto","background-attachment":"scroll","background-type":"","background-media":"","overlay-type":"","overlay-color":"","overlay-opacity":"","overlay-gradient":""},"mobile":{"background-color":"","background-image":"","background-repeat":"repeat","background-position":"center center","background-size":"auto","background-attachment":"scroll","background-type":"","background-media":"","overlay-type":"","overlay-color":"","overlay-opacity":"","overlay-gradient":""}},"ast-content-background-meta":{"desktop":{"background-color":"var(--ast-global-color-5)","background-image":"","background-repeat":"repeat","background-position":"center center","background-size":"auto","background-attachment":"scroll","background-type":"","background-media":"","overlay-type":"","overlay-color":"","overlay-opacity":"","overlay-gradient":""},"tablet":{"background-color":"var(--ast-global-color-5)","background-image":"","background-repeat":"repeat","background-position":"center center","background-size":"auto","background-attachment":"scroll","background-type":"","background-media":"","overlay-type":"","overlay-color":"","overlay-opacity":"","overlay-gradient":""},"mobile":{"background-color":"var(--ast-global-color-5)","background-image":"","background-repeat":"repeat","background-position":"center center","background-size":"auto","background-attachment":"scroll","background-type":"","background-media":"","overlay-type":"","overlay-color":"","overlay-opacity":"","overlay-gradient":""}},"footnotes":""},"class_list":["post-2129","page","type-page","status-publish","hentry"],"yoast_head":"<!-- This site is optimized with the Yoast SEO plugin v27.3 - https:\/\/yoast.com\/product\/yoast-seo-wordpress\/ -->\n<title>Herbal Soap FAQs | Shipping, Ingredients &amp; Usage Questions | Taxne<\/title>\n<meta name=\"description\" content=\"Find quick answers to your questions about Taxne herbal soaps. Learn about ingredients, shipping, returns, usage tips, and more. Can&#039;t find what you need? Our team is ready to help.\" \/>\n<meta name=\"robots\" content=\"index, follow, max-snippet:-1, max-image-preview:large, max-video-preview:-1\" \/>\n<link rel=\"canonical\" href=\"https:\/\/taxne.com\/fr\/faq\/\" \/>\n<meta property=\"og:locale\" content=\"fr_FR\" \/>\n<meta property=\"og:type\" content=\"article\" \/>\n<meta property=\"og:title\" content=\"Herbal Soap FAQs | Shipping, Ingredients &amp; Usage Questions | Taxne\" \/>\n<meta property=\"og:description\" content=\"Find quick answers to your questions about Taxne herbal soaps. Learn about ingredients, shipping, returns, usage tips, and more. Can&#039;t find what you need? Our team is ready to help.\" \/>\n<meta property=\"og:url\" content=\"https:\/\/taxne.com\/fr\/faq\/\" \/>\n<meta property=\"article:modified_time\" content=\"2025-09-10T09:05:04+00:00\" \/>\n<meta name=\"twitter:card\" content=\"summary_large_image\" \/>\n<meta name=\"twitter:label1\" content=\"Dur\u00e9e de lecture estim\u00e9e\" \/>\n\t<meta name=\"twitter:data1\" content=\"7 minutes\" \/>\n<script type=\"application\/ld+json\" class=\"yoast-schema-graph\">{\"@context\":\"https:\\\/\\\/schema.org\",\"@graph\":[{\"@type\":\"WebPage\",\"@id\":\"https:\\\/\\\/taxne.com\\\/faqs\\\/\",\"url\":\"https:\\\/\\\/taxne.com\\\/faqs\\\/\",\"name\":\"Herbal Soap FAQs | Shipping, Ingredients & Usage Questions | Taxne\",\"isPartOf\":{\"@id\":\"https:\\\/\\\/taxne.com\\\/#website\"},\"datePublished\":\"2024-07-15T03:55:40+00:00\",\"dateModified\":\"2025-09-10T09:05:04+00:00\",\"description\":\"Find quick answers to your questions about Taxne herbal soaps. Learn about ingredients, shipping, returns, usage tips, and more. Can't find what you need? Our team is ready to help.\",\"breadcrumb\":{\"@id\":\"https:\\\/\\\/taxne.com\\\/faqs\\\/#breadcrumb\"},\"inLanguage\":\"fr-FR\",\"potentialAction\":[{\"@type\":\"ReadAction\",\"target\":[\"https:\\\/\\\/taxne.com\\\/faqs\\\/\"]}]},{\"@type\":\"BreadcrumbList\",\"@id\":\"https:\\\/\\\/taxne.com\\\/faqs\\\/#breadcrumb\",\"itemListElement\":[{\"@type\":\"ListItem\",\"position\":1,\"name\":\"\u9996\u9875\",\"item\":\"https:\\\/\\\/taxne.com\\\/\"},{\"@type\":\"ListItem\",\"position\":2,\"name\":\"Faqs\"}]},{\"@type\":\"WebSite\",\"@id\":\"https:\\\/\\\/taxne.com\\\/#website\",\"url\":\"https:\\\/\\\/taxne.com\\\/\",\"name\":\"taxne.com\",\"description\":\"\",\"publisher\":{\"@id\":\"https:\\\/\\\/taxne.com\\\/#organization\"},\"potentialAction\":[{\"@type\":\"SearchAction\",\"target\":{\"@type\":\"EntryPoint\",\"urlTemplate\":\"https:\\\/\\\/taxne.com\\\/?s={search_term_string}\"},\"query-input\":{\"@type\":\"PropertyValueSpecification\",\"valueRequired\":true,\"valueName\":\"search_term_string\"}}],\"inLanguage\":\"fr-FR\"},{\"@type\":\"Organization\",\"@id\":\"https:\\\/\\\/taxne.com\\\/#organization\",\"name\":\"taxne.com\",\"url\":\"https:\\\/\\\/taxne.com\\\/\",\"logo\":{\"@type\":\"ImageObject\",\"inLanguage\":\"fr-FR\",\"@id\":\"https:\\\/\\\/taxne.com\\\/#\\\/schema\\\/logo\\\/image\\\/\",\"url\":\"https:\\\/\\\/taxne.com\\\/wp-content\\\/uploads\\\/2025\\\/09\\\/cropped-logo.png\",\"contentUrl\":\"https:\\\/\\\/taxne.com\\\/wp-content\\\/uploads\\\/2025\\\/09\\\/cropped-logo.png\",\"width\":1027,\"height\":270,\"caption\":\"taxne.com\"},\"image\":{\"@id\":\"https:\\\/\\\/taxne.com\\\/#\\\/schema\\\/logo\\\/image\\\/\"}}]}<\/script>\n<!-- \/ Yoast SEO plugin. -->","yoast_head_json":{"title":"Herbal Soap FAQs | Shipping, Ingredients & Usage Questions | Taxne","description":"Find quick answers to your questions about Taxne herbal soaps. Learn about ingredients, shipping, returns, usage tips, and more. Can't find what you need? Our team is ready to help.","robots":{"index":"index","follow":"follow","max-snippet":"max-snippet:-1","max-image-preview":"max-image-preview:large","max-video-preview":"max-video-preview:-1"},"canonical":"https:\/\/taxne.com\/fr\/faq\/","og_locale":"fr_FR","og_type":"article","og_title":"Herbal Soap FAQs | Shipping, Ingredients & Usage Questions | Taxne","og_description":"Find quick answers to your questions about Taxne herbal soaps. Learn about ingredients, shipping, returns, usage tips, and more. Can't find what you need? Our team is ready to help.","og_url":"https:\/\/taxne.com\/fr\/faq\/","article_modified_time":"2025-09-10T09:05:04+00:00","twitter_card":"summary_large_image","twitter_misc":{"Dur\u00e9e de lecture estim\u00e9e":"7 minutes"},"schema":{"@context":"https:\/\/schema.org","@graph":[{"@type":"WebPage","@id":"https:\/\/taxne.com\/faqs\/","url":"https:\/\/taxne.com\/faqs\/","name":"Herbal Soap FAQs | Shipping, Ingredients & Usage Questions | Taxne","isPartOf":{"@id":"https:\/\/taxne.com\/#website"},"datePublished":"2024-07-15T03:55:40+00:00","dateModified":"2025-09-10T09:05:04+00:00","description":"Find quick answers to your questions about Taxne herbal soaps. Learn about ingredients, shipping, returns, usage tips, and more. Can't find what you need? Our team is ready to help.","breadcrumb":{"@id":"https:\/\/taxne.com\/faqs\/#breadcrumb"},"inLanguage":"fr-FR","potentialAction":[{"@type":"ReadAction","target":["https:\/\/taxne.com\/faqs\/"]}]},{"@type":"BreadcrumbList","@id":"https:\/\/taxne.com\/faqs\/#breadcrumb","itemListElement":[{"@type":"ListItem","position":1,"name":"\u9996\u9875","item":"https:\/\/taxne.com\/"},{"@type":"ListItem","position":2,"name":"Faqs"}]},{"@type":"WebSite","@id":"https:\/\/taxne.com\/#website","url":"https:\/\/taxne.com\/","name":"taxne.com","description":"","publisher":{"@id":"https:\/\/taxne.com\/#organization"},"potentialAction":[{"@type":"SearchAction","target":{"@type":"EntryPoint","urlTemplate":"https:\/\/taxne.com\/?s={search_term_string}"},"query-input":{"@type":"PropertyValueSpecification","valueRequired":true,"valueName":"search_term_string"}}],"inLanguage":"fr-FR"},{"@type":"Organization","@id":"https:\/\/taxne.com\/#organization","name":"taxne.com","url":"https:\/\/taxne.com\/","logo":{"@type":"ImageObject","inLanguage":"fr-FR","@id":"https:\/\/taxne.com\/#\/schema\/logo\/image\/","url":"https:\/\/taxne.com\/wp-content\/uploads\/2025\/09\/cropped-logo.png","contentUrl":"https:\/\/taxne.com\/wp-content\/uploads\/2025\/09\/cropped-logo.png","width":1027,"height":270,"caption":"taxne.com"},"image":{"@id":"https:\/\/taxne.com\/#\/schema\/logo\/image\/"}}]}},"uagb_featured_image_src":{"full":false,"thumbnail":false,"medium":false,"medium_large":false,"large":false,"1536x1536":false,"2048x2048":false,"trp-custom-language-flag":false,"woocommerce_thumbnail":false,"woocommerce_single":false,"woocommerce_gallery_thumbnail":false},"uagb_author_info":{"display_name":"tianke1223@gmail.com","author_link":"https:\/\/taxne.com\/fr\/author\/tianke1223gmail-com\/"},"uagb_comment_info":0,"uagb_excerpt":"SHIPPING WHAT IS THE STATUS OF MY ORDER? Once you have placed your order, we will send you a confirmation email to track the status of your order. Once your order is shipped we will send you another email along with the link to track your order. Or, you can track the status of your\u2026","jetpack_sharing_enabled":true,"_links":{"self":[{"href":"https:\/\/taxne.com\/fr\/wp-json\/wp\/v2\/pages\/2129","targetHints":{"allow":["GET"]}}],"collection":[{"href":"https:\/\/taxne.com\/fr\/wp-json\/wp\/v2\/pages"}],"about":[{"href":"https:\/\/taxne.com\/fr\/wp-json\/wp\/v2\/types\/page"}],"author":[{"embeddable":true,"href":"https:\/\/taxne.com\/fr\/wp-json\/wp\/v2\/users\/1"}],"replies":[{"embeddable":true,"href":"https:\/\/taxne.com\/fr\/wp-json\/wp\/v2\/comments?post=2129"}],"version-history":[{"count":2,"href":"https:\/\/taxne.com\/fr\/wp-json\/wp\/v2\/pages\/2129\/revisions"}],"predecessor-version":[{"id":2131,"href":"https:\/\/taxne.com\/fr\/wp-json\/wp\/v2\/pages\/2129\/revisions\/2131"}],"wp:attachment":[{"href":"https:\/\/taxne.com\/fr\/wp-json\/wp\/v2\/media?parent=2129"}],"curies":[{"name":"wp","href":"https:\/\/api.w.org\/{rel}","templated":true}]}}