{"id":7985,"date":"2025-09-03T09:34:45","date_gmt":"2025-09-03T09:34:45","guid":{"rendered":"https:\/\/taxne.com\/?post_type=product&#038;p=7985"},"modified":"2026-03-04T02:24:52","modified_gmt":"2026-03-04T02:24:52","slug":"soothing-artemisia-mint-bath-bar","status":"publish","type":"product","link":"https:\/\/taxne.com\/fr\/produit\/pain-de-bain-apaisant-a-la-menthe-et-a-larmoise\/","title":{"rendered":"Pain de bain apaisant \u00e0 l&#039;armoise et \u00e0 la menthe"},"content":{"rendered":"<p class=\"ds-markdown-paragraph\"><strong>Votre peau est-elle stress\u00e9e apr\u00e8s une longue journ\u00e9e ?<\/strong><\/p>\n<p class=\"ds-markdown-paragraph\">Dans le tourbillon de la vie moderne, votre peau est la premi\u00e8re \u00e0 r\u00e9agir au stress, \u00e0 la pollution et aux agressions quotidiennes. Elle a besoin non seulement d&#039;\u00eatre nettoy\u00e9e, mais aussi d&#039;\u00eatre soign\u00e9e.\u00a0<em>calme<\/em>Nous avons cr\u00e9\u00e9 ce pain de bain apaisant \u00e0 l&#039;art\u00e9misia et \u00e0 la menthe pour qu&#039;il soit votre sanctuaire quotidien : un moment de soulagement pur et d\u00e9riv\u00e9 des plantes.<\/p>\n<p class=\"ds-markdown-paragraph\"><strong>Une symphonie de sensations apaisantes<\/strong><\/p>\n<p class=\"ds-markdown-paragraph\">Ce n&#039;est pas seulement un savon\u00a0; c&#039;est un rituel de soin. Appliquez d\u00e9licatement sur peau humide pour\u00a0:<\/p>\n<ul>\n<li>\n<p class=\"ds-markdown-paragraph\"><strong>Apaise les irritations et les rougeurs :<\/strong>\u00a0Notre ingr\u00e9dient vedette,\u00a0<strong>Armoise (Artemisia)<\/strong>, est une plante v\u00e9n\u00e9r\u00e9e, reconnue dans les pratiques traditionnelles pour ses propri\u00e9t\u00e9s douces et apaisantes. Elle aide \u00e0 apaiser les peaux sensibles et r\u00e9actives, r\u00e9duisant ainsi l&#039;apparence des rougeurs.<\/p>\n<\/li>\n<li>\n<p class=\"ds-markdown-paragraph\"><strong>\u00c9veillez vos sens et purifiez-vous :<\/strong>\u00a0Une bouff\u00e9e rafra\u00eechissante de\u00a0<strong>Huile essentielle de menthe poivr\u00e9e<\/strong> Il vivifie vos sens tout en procurant un nettoyage l\u00e9ger et p\u00e9tillant. Il purifie la peau sans la dess\u00e9cher.<\/p>\n<\/li>\n<li>\n<p class=\"ds-markdown-paragraph\"><strong>Nourrir en douceur :<\/strong>\u00a0Enrichi avec\u00a0<strong>Huile d&#039;olive et huile de coco<\/strong>Il cr\u00e9e une mousse onctueuse et hydratante qui nettoie tout en pr\u00e9servant la barri\u00e8re d&#039;hydratation naturelle de votre peau. Pas de tiraillements, pas de s\u00e9cheresse\u00a0: juste une peau parfaitement \u00e9quilibr\u00e9e et douce.<\/p>\n<\/li>\n<li>\n<p class=\"ds-markdown-paragraph\"><strong>LE M\u00c9LANGE PURIFIANT<\/strong><\/p>\n<ul>\n<li>\n<p class=\"ds-markdown-paragraph\"><strong>Artemisia (Armoise) et racine de Sophora (\u82e6\u53c2)\u00a0:<\/strong>\u00a0C&#039;est le c\u0153ur de notre formule. Ensemble, ces deux plantes v\u00e9n\u00e9r\u00e9es sont connues pour leurs\u00a0<strong>apaisant et clarifiant<\/strong>\u00a0Propri\u00e9t\u00e9s. Elles aident \u00e0 calmer la r\u00e9activit\u00e9, \u00e0 r\u00e9duire l&#039;apparence des rougeurs et \u00e0 nettoyer en profondeur et en douceur les peaux \u00e0 probl\u00e8mes.<br \/>\n<strong>Menthe et Aloe Vera (\u82a6\u835f)\u00a0:<\/strong>\u00a0Rencontrez l&#039;\u00e9quipe de rafra\u00eechissements.\u00a0<strong>Menthe<\/strong>\u00a0procure une sensation de fra\u00eecheur qui \u00e9veille les sens et aide \u00e0 purifier les pores.\u00a0<strong>Aloe Vera<\/strong> est un apaisant classique, procurant instantan\u00e9ment une pouss\u00e9e d&#039;hydratation pour r\u00e9conforter la peau apr\u00e8s le nettoyage.<\/p>\n<\/li>\n<\/ul>\n<p class=\"ds-markdown-paragraph\"><strong>LA BASE NOURRISSANTE :<\/strong><\/p>\n<ul>\n<li>\n<p class=\"ds-markdown-paragraph\"><strong>Huile de noix de coco, huile de palme^, glyc\u00e9rine et saccharose (\u8517\u7cd6)\u00a0:<\/strong>\u00a0C&#039;est ce qui nous distingue des savons ass\u00e9chants conventionnels. Nous fabriquons notre pain avec un m\u00e9lange d&#039;huiles et d&#039;humectants doux pour la peau. Ils cr\u00e9ent un\u00a0<strong>mousse riche et cr\u00e9meuse<\/strong>\u00a0qui nettoie sans compromis, tout en\u00a0<strong>glyc\u00e9rine<\/strong>\u00a0et\u00a0<strong>saccharose<\/strong>\u00a0(un humectant naturel) agit pour attirer l&#039;humidit\u00e9 sur la peau, lui laissant une sensation\u00a0<strong>\u00e9quilibr\u00e9, doux et hydrat\u00e9, jamais serr\u00e9 ni d\u00e9cap\u00e9.<\/strong><\/p>\n<\/li>\n<\/ul>\n<p class=\"ds-markdown-paragraph\"><em>Nous utilisons de l\u2019huile de palme durable certifi\u00e9e RSPO pour prot\u00e9ger nos for\u00eats tropicales.<\/em><\/p>\n<p class=\"ds-markdown-paragraph\"><strong>La liste restreinte honn\u00eate :<\/strong><\/p>\n<p class=\"ds-markdown-paragraph\"><em>Sodium Olivate^ (issu d&#039;huile d&#039;olive), Sodium Cocoate (issu d&#039;huile de coco), Aqua (eau), Glyc\u00e9rine (issu d&#039;huiles v\u00e9g\u00e9tales), Sodium Palmate^ (issu d&#039;huile de palme durable), Extrait de feuille de Mentha Arvensis (menthe), Extrait de feuille d&#039;Aloe Barbadensis (aloe vera), Extrait d&#039;Artemisia Vulgaris (armoise), Extrait de Sophora Flavescens (racine de sophora), Saccharose.<\/em><\/p>\n<p class=\"ds-markdown-paragraph\"><em>Nous croyons en la transparence. Vous ne trouverez ici aucun produit synth\u00e9tique cach\u00e9 ni d\u00e9tergent agressif.<\/em><\/p>\n<\/li>\n<\/ul>\n<p class=\"ds-markdown-paragraph\"><strong>Inspir\u00e9 par l&#039;intelligence de la nature<\/strong><\/p>\n<p class=\"ds-markdown-paragraph\">Chez Taxne, nous nous inspirons des solutions les plus sophistiqu\u00e9es de la nature. Tout comme la d\u00e9couverte du paclitaxel, issu de l&#039;if du Pacifique, a r\u00e9volutionn\u00e9 la m\u00e9decine, nous explorons des plantes \u00e9prouv\u00e9es comme l&#039;armoise pour les soins de la peau modernes.<\/p>\n<p class=\"ds-markdown-paragraph\">Ce pain de bain t\u00e9moigne de notre philosophie :\u00a0<strong>Inspir\u00e9 par la science, enracin\u00e9 dans la nature.<\/strong><\/p>\n<p class=\"ds-markdown-paragraph\"><strong>Votre sanctuaire du soir, dans un bar.<\/strong><\/p>\n<p class=\"ds-markdown-paragraph\">Imaginez : vous entrez dans votre bain apr\u00e8s une journ\u00e9e bien remplie. L&#039;eau chaude vous enveloppe. L&#039;ar\u00f4me apaisant et herbac\u00e9 de l&#039;armoise et le doux murmure de la menthe embaument l&#039;air. En massant la mousse onctueuse sur votre peau, vous sentez les tensions accumul\u00e9es pendant la journ\u00e9e dispara\u00eetre. Plus qu&#039;un simple nettoyage, c&#039;est une v\u00e9ritable r\u00e9initialisation.<\/p>\n<p class=\"ds-markdown-paragraph\"><strong>Id\u00e9al pour :<\/strong><\/p>\n<ul>\n<li>\n<p class=\"ds-markdown-paragraph\">Routines de d\u00e9tente en soir\u00e9e<\/p>\n<\/li>\n<li>\n<p class=\"ds-markdown-paragraph\">Peaux sensibles et r\u00e9actives<\/p>\n<\/li>\n<li>\n<p class=\"ds-markdown-paragraph\">Toute personne recherchant un nettoyage naturel et rafra\u00eechissant<\/p>\n<\/li>\n<\/ul>\n<p class=\"ds-markdown-paragraph\"><strong>Propre, conscient et fabriqu\u00e9 avec soin.<\/strong><\/p>\n<ul>\n<li>\n<p class=\"ds-markdown-paragraph\"><strong>V\u00e9g\u00e9talien et sans cruaut\u00e9 :<\/strong>\u00a0Jamais test\u00e9 sur les animaux.<\/p>\n<\/li>\n<li>\n<p class=\"ds-markdown-paragraph\"><strong>Fabriqu\u00e9 avec des ingr\u00e9dients naturels :<\/strong>\u00a098% d&#039;origine naturelle.<\/p>\n<\/li>\n<li>\n<p class=\"ds-markdown-paragraph\"><strong>\u00c9co-conscient :<\/strong>\u00a0Emballage minimal et recyclable.<\/p>\n<\/li>\n<li>\n<p class=\"ds-markdown-paragraph\">** sans :** Parab\u00e8nes, sulfates, parfums synth\u00e9tiques.<\/p>\n<\/li>\n<\/ul>\n<p class=\"ds-markdown-paragraph\"><strong>Pr\u00eat \u00e0 transformer votre bain en spa ?<\/strong><br \/>\n<strong>Ajoutez au panier et vivez le calme.<\/strong><\/p>","protected":false},"excerpt":{"rendered":"<p><strong>Bouton de r\u00e9initialisation de la nature\u00a0: le pain purifiant pour peaux r\u00e9actives et grasses 100\u00a0g<\/strong><\/p>\n<ol start=\"1\">\n<li>\n<p class=\"ds-markdown-paragraph\">Marre d&#039;avoir la peau irrit\u00e9e apr\u00e8s la douche\u00a0? D\u00e9couvrez votre nouveau rituel apaisant.<\/p>\n<\/li>\n<li>\n<p class=\"ds-markdown-paragraph\"><strong>Avantages:<\/strong><\/p>\n<ul>\n<li>\n<p class=\"ds-markdown-paragraph\"><strong>Apaise et calme :<\/strong>\u00a0L&#039;Artemisia est connue pour ses propri\u00e9t\u00e9s apaisantes pour les peaux sensibles et irrit\u00e9es.<\/p>\n<\/li>\n<li>\n<p class=\"ds-markdown-paragraph\"><strong>Purifie en profondeur :<\/strong>\u00a0Aide \u00e0 nettoyer en douceur sans \u00e9liminer les huiles naturelles.<\/p>\n<\/li>\n<li>\n<p class=\"ds-markdown-paragraph\"><strong>Revigore les sens :<\/strong>\u00a0L&#039;ar\u00f4me menthol\u00e9 offre une exp\u00e9rience sensorielle rafra\u00eechissante et exaltante.<\/p>\n<\/li>\n<\/ul>\n<\/li>\n<li>\n<p class=\"ds-markdown-paragraph\">Id\u00e9al pour votre bain du soir pour \u00e9liminer le stress de la journ\u00e9e et vous pr\u00e9parer \u00e0 un sommeil r\u00e9parateur.<\/p>\n<\/li>\n<li>\n<p class=\"ds-markdown-paragraph\">V\u00e9g\u00e9talien, sans cruaut\u00e9, fabriqu\u00e9 avec des ingr\u00e9dients naturels.<\/p>\n<\/li>\n<\/ol>","protected":false},"featured_media":7989,"comment_status":"open","ping_status":"closed","template":"","meta":{"_uag_custom_page_level_css":"","site-sidebar-layout":"default","site-content-layout":"","ast-site-content-layout":"default","site-content-style":"default","site-sidebar-style":"default","ast-global-header-display":"","ast-banner-title-visibility":"","ast-main-header-display":"","ast-hfb-above-header-display":"","ast-hfb-below-header-display":"","ast-hfb-mobile-header-display":"","site-post-title":"","ast-breadcrumbs-content":"","ast-featured-img":"","footer-sml-layout":"","ast-disable-related-posts":"","theme-transparent-header-meta":"default","adv-header-id-meta":"","stick-header-meta":"","header-above-stick-meta":"","header-main-stick-meta":"","header-below-stick-meta":"","astra-migrate-meta-layouts":"set","ast-page-background-enabled":"default","ast-page-background-meta":{"desktop":{"background-color":"","background-image":"","background-repeat":"repeat","background-position":"center center","background-size":"auto","background-attachment":"scroll","background-type":"","background-media":"","overlay-type":"","overlay-color":"","overlay-opacity":"","overlay-gradient":""},"tablet":{"background-color":"","background-image":"","background-repeat":"repeat","background-position":"center center","background-size":"auto","background-attachment":"scroll","background-type":"","background-media":"","overlay-type":"","overlay-color":"","overlay-opacity":"","overlay-gradient":""},"mobile":{"background-color":"","background-image":"","background-repeat":"repeat","background-position":"center center","background-size":"auto","background-attachment":"scroll","background-type":"","background-media":"","overlay-type":"","overlay-color":"","overlay-opacity":"","overlay-gradient":""}},"ast-content-background-meta":{"desktop":{"background-color":"var(--ast-global-color-5)","background-image":"","background-repeat":"repeat","background-position":"center center","background-size":"auto","background-attachment":"scroll","background-type":"","background-media":"","overlay-type":"","overlay-color":"","overlay-opacity":"","overlay-gradient":""},"tablet":{"background-color":"var(--ast-global-color-5)","background-image":"","background-repeat":"repeat","background-position":"center center","background-size":"auto","background-attachment":"scroll","background-type":"","background-media":"","overlay-type":"","overlay-color":"","overlay-opacity":"","overlay-gradient":""},"mobile":{"background-color":"var(--ast-global-color-5)","background-image":"","background-repeat":"repeat","background-position":"center center","background-size":"auto","background-attachment":"scroll","background-type":"","background-media":"","overlay-type":"","overlay-color":"","overlay-opacity":"","overlay-gradient":""}}},"product_brand":[],"product_cat":[15],"product_tag":[37,46,44,43,39,38,41,45,40,42],"class_list":{"0":"post-7985","1":"product","2":"type-product","3":"status-publish","4":"has-post-thumbnail","6":"product_cat-herbs-soap","7":"product_tag-artemisia-soap","8":"product_tag-eco-friendly-soap","9":"product_tag-gift-for-her","10":"product_tag-herbal-soap","11":"product_tag-mint-soap-bar","12":"product_tag-mugwort-soap","13":"product_tag-natural-soap-for-sensitive-skin","14":"product_tag-relaxing-bath","15":"product_tag-soothing-bath-soap","16":"product_tag-vegan-soap","17":"desktop-align-left","18":"tablet-align-left","19":"mobile-align-left","21":"first","22":"instock","23":"sale","24":"featured","25":"shipping-taxable","26":"purchasable","27":"product-type-simple"},"yoast_head":"<!-- This site is optimized with the Yoast SEO plugin v27.3 - https:\/\/yoast.com\/product\/yoast-seo-wordpress\/ -->\n<title>Soothing Artemisia &amp; Mint Bath Bar - Natural for Sensitive Skin | Taxne<\/title>\n<meta name=\"description\" content=\"Experience a calming cleanse with our natural artemisia &amp; mint soap bar. Made to soothe irritated skin, reduce redness, and provide a refreshing bath experience. Vegan &amp; Cruelty-Free.\" \/>\n<meta name=\"robots\" content=\"index, follow, max-snippet:-1, max-image-preview:large, max-video-preview:-1\" \/>\n<link rel=\"canonical\" href=\"https:\/\/taxne.com\/fr\/produit\/pain-de-bain-apaisant-a-la-menthe-et-a-larmoise\/\" \/>\n<meta property=\"og:locale\" content=\"fr_FR\" \/>\n<meta property=\"og:type\" content=\"article\" \/>\n<meta property=\"og:title\" content=\"Soothing Artemisia &amp; Mint Bath Bar - Natural for Sensitive Skin | Taxne\" \/>\n<meta property=\"og:description\" content=\"Experience a calming cleanse with our natural artemisia &amp; mint soap bar. Made to soothe irritated skin, reduce redness, and provide a refreshing bath experience. Vegan &amp; Cruelty-Free.\" \/>\n<meta property=\"og:url\" content=\"https:\/\/taxne.com\/fr\/produit\/pain-de-bain-apaisant-a-la-menthe-et-a-larmoise\/\" \/>\n<meta property=\"article:modified_time\" content=\"2026-03-04T02:24:52+00:00\" \/>\n<meta property=\"og:image\" content=\"https:\/\/taxne.com\/wp-content\/uploads\/2025\/09\/O1CN01U4Dmoh1PVybwAbPR0_4611686018427381047-0-item_pic.png\" \/>\n\t<meta property=\"og:image:width\" content=\"800\" \/>\n\t<meta property=\"og:image:height\" content=\"800\" \/>\n\t<meta property=\"og:image:type\" content=\"image\/png\" \/>\n<meta name=\"twitter:card\" content=\"summary_large_image\" \/>\n<meta name=\"twitter:label1\" content=\"Dur\u00e9e de lecture estim\u00e9e\" \/>\n\t<meta name=\"twitter:data1\" content=\"4 minutes\" \/>\n<script type=\"application\/ld+json\" class=\"yoast-schema-graph\">{\"@context\":\"https:\\\/\\\/schema.org\",\"@graph\":[{\"@type\":\"WebPage\",\"@id\":\"https:\\\/\\\/taxne.com\\\/product\\\/soothing-artemisia-mint-bath-bar\\\/\",\"url\":\"https:\\\/\\\/taxne.com\\\/product\\\/soothing-artemisia-mint-bath-bar\\\/\",\"name\":\"Soothing Artemisia & Mint Bath Bar - Natural for Sensitive Skin | Taxne\",\"isPartOf\":{\"@id\":\"https:\\\/\\\/taxne.com\\\/#website\"},\"primaryImageOfPage\":{\"@id\":\"https:\\\/\\\/taxne.com\\\/product\\\/soothing-artemisia-mint-bath-bar\\\/#primaryimage\"},\"image\":{\"@id\":\"https:\\\/\\\/taxne.com\\\/product\\\/soothing-artemisia-mint-bath-bar\\\/#primaryimage\"},\"thumbnailUrl\":\"https:\\\/\\\/taxne.com\\\/wp-content\\\/uploads\\\/2025\\\/09\\\/O1CN01U4Dmoh1PVybwAbPR0_4611686018427381047-0-item_pic.png\",\"datePublished\":\"2025-09-03T09:34:45+00:00\",\"dateModified\":\"2026-03-04T02:24:52+00:00\",\"description\":\"Experience a calming cleanse with our natural artemisia & mint soap bar. Made to soothe irritated skin, reduce redness, and provide a refreshing bath experience. Vegan & Cruelty-Free.\",\"breadcrumb\":{\"@id\":\"https:\\\/\\\/taxne.com\\\/product\\\/soothing-artemisia-mint-bath-bar\\\/#breadcrumb\"},\"inLanguage\":\"fr-FR\",\"potentialAction\":[{\"@type\":\"ReadAction\",\"target\":[\"https:\\\/\\\/taxne.com\\\/product\\\/soothing-artemisia-mint-bath-bar\\\/\"]}]},{\"@type\":\"ImageObject\",\"inLanguage\":\"fr-FR\",\"@id\":\"https:\\\/\\\/taxne.com\\\/product\\\/soothing-artemisia-mint-bath-bar\\\/#primaryimage\",\"url\":\"https:\\\/\\\/taxne.com\\\/wp-content\\\/uploads\\\/2025\\\/09\\\/O1CN01U4Dmoh1PVybwAbPR0_4611686018427381047-0-item_pic.png\",\"contentUrl\":\"https:\\\/\\\/taxne.com\\\/wp-content\\\/uploads\\\/2025\\\/09\\\/O1CN01U4Dmoh1PVybwAbPR0_4611686018427381047-0-item_pic.png\",\"width\":800,\"height\":800,\"caption\":\"Soothing Artemisia & Mint Bath Bar\"},{\"@type\":\"BreadcrumbList\",\"@id\":\"https:\\\/\\\/taxne.com\\\/product\\\/soothing-artemisia-mint-bath-bar\\\/#breadcrumb\",\"itemListElement\":[{\"@type\":\"ListItem\",\"position\":1,\"name\":\"\u9996\u9875\",\"item\":\"https:\\\/\\\/taxne.com\\\/\"},{\"@type\":\"ListItem\",\"position\":2,\"name\":\"Shop\",\"item\":\"https:\\\/\\\/taxne.com\\\/shop-2\\\/\"},{\"@type\":\"ListItem\",\"position\":3,\"name\":\"Soothing Artemisia &#038; Mint Bath Bar\"}]},{\"@type\":\"WebSite\",\"@id\":\"https:\\\/\\\/taxne.com\\\/#website\",\"url\":\"https:\\\/\\\/taxne.com\\\/\",\"name\":\"taxne.com\",\"description\":\"\",\"publisher\":{\"@id\":\"https:\\\/\\\/taxne.com\\\/#organization\"},\"potentialAction\":[{\"@type\":\"SearchAction\",\"target\":{\"@type\":\"EntryPoint\",\"urlTemplate\":\"https:\\\/\\\/taxne.com\\\/?s={search_term_string}\"},\"query-input\":{\"@type\":\"PropertyValueSpecification\",\"valueRequired\":true,\"valueName\":\"search_term_string\"}}],\"inLanguage\":\"fr-FR\"},{\"@type\":\"Organization\",\"@id\":\"https:\\\/\\\/taxne.com\\\/#organization\",\"name\":\"taxne.com\",\"url\":\"https:\\\/\\\/taxne.com\\\/\",\"logo\":{\"@type\":\"ImageObject\",\"inLanguage\":\"fr-FR\",\"@id\":\"https:\\\/\\\/taxne.com\\\/#\\\/schema\\\/logo\\\/image\\\/\",\"url\":\"https:\\\/\\\/taxne.com\\\/wp-content\\\/uploads\\\/2025\\\/09\\\/cropped-logo.png\",\"contentUrl\":\"https:\\\/\\\/taxne.com\\\/wp-content\\\/uploads\\\/2025\\\/09\\\/cropped-logo.png\",\"width\":1027,\"height\":270,\"caption\":\"taxne.com\"},\"image\":{\"@id\":\"https:\\\/\\\/taxne.com\\\/#\\\/schema\\\/logo\\\/image\\\/\"}}]}<\/script>\n<!-- \/ Yoast SEO plugin. -->","yoast_head_json":{"title":"Pain de bain apaisant \u00e0 l&#039;armoise et \u00e0 la menthe - Naturel pour peaux sensibles | Taxne","description":"Offrez-vous un nettoyage apaisant avec notre pain de savon naturel \u00e0 l&#039;armoise et \u00e0 la menthe. Con\u00e7u pour apaiser les peaux irrit\u00e9es, r\u00e9duire les rougeurs et offrir un bain rafra\u00eechissant. Vegan et non test\u00e9 sur les animaux.","robots":{"index":"index","follow":"follow","max-snippet":"max-snippet:-1","max-image-preview":"max-image-preview:large","max-video-preview":"max-video-preview:-1"},"canonical":"https:\/\/taxne.com\/fr\/produit\/pain-de-bain-apaisant-a-la-menthe-et-a-larmoise\/","og_locale":"fr_FR","og_type":"article","og_title":"Soothing Artemisia & Mint Bath Bar - Natural for Sensitive Skin | Taxne","og_description":"Experience a calming cleanse with our natural artemisia & mint soap bar. Made to soothe irritated skin, reduce redness, and provide a refreshing bath experience. Vegan & Cruelty-Free.","og_url":"https:\/\/taxne.com\/fr\/produit\/pain-de-bain-apaisant-a-la-menthe-et-a-larmoise\/","article_modified_time":"2026-03-04T02:24:52+00:00","og_image":[{"width":800,"height":800,"url":"https:\/\/taxne.com\/wp-content\/uploads\/2025\/09\/O1CN01U4Dmoh1PVybwAbPR0_4611686018427381047-0-item_pic.png","type":"image\/png"}],"twitter_card":"summary_large_image","twitter_misc":{"Dur\u00e9e de lecture estim\u00e9e":"4 minutes"},"schema":{"@context":"https:\/\/schema.org","@graph":[{"@type":"WebPage","@id":"https:\/\/taxne.com\/product\/soothing-artemisia-mint-bath-bar\/","url":"https:\/\/taxne.com\/product\/soothing-artemisia-mint-bath-bar\/","name":"Pain de bain apaisant \u00e0 l&#039;armoise et \u00e0 la menthe - Naturel pour peaux sensibles | Taxne","isPartOf":{"@id":"https:\/\/taxne.com\/#website"},"primaryImageOfPage":{"@id":"https:\/\/taxne.com\/product\/soothing-artemisia-mint-bath-bar\/#primaryimage"},"image":{"@id":"https:\/\/taxne.com\/product\/soothing-artemisia-mint-bath-bar\/#primaryimage"},"thumbnailUrl":"https:\/\/taxne.com\/wp-content\/uploads\/2025\/09\/O1CN01U4Dmoh1PVybwAbPR0_4611686018427381047-0-item_pic.png","datePublished":"2025-09-03T09:34:45+00:00","dateModified":"2026-03-04T02:24:52+00:00","description":"Offrez-vous un nettoyage apaisant avec notre pain de savon naturel \u00e0 l&#039;armoise et \u00e0 la menthe. Con\u00e7u pour apaiser les peaux irrit\u00e9es, r\u00e9duire les rougeurs et offrir un bain rafra\u00eechissant. Vegan et non test\u00e9 sur les animaux.","breadcrumb":{"@id":"https:\/\/taxne.com\/product\/soothing-artemisia-mint-bath-bar\/#breadcrumb"},"inLanguage":"fr-FR","potentialAction":[{"@type":"ReadAction","target":["https:\/\/taxne.com\/product\/soothing-artemisia-mint-bath-bar\/"]}]},{"@type":"ImageObject","inLanguage":"fr-FR","@id":"https:\/\/taxne.com\/product\/soothing-artemisia-mint-bath-bar\/#primaryimage","url":"https:\/\/taxne.com\/wp-content\/uploads\/2025\/09\/O1CN01U4Dmoh1PVybwAbPR0_4611686018427381047-0-item_pic.png","contentUrl":"https:\/\/taxne.com\/wp-content\/uploads\/2025\/09\/O1CN01U4Dmoh1PVybwAbPR0_4611686018427381047-0-item_pic.png","width":800,"height":800,"caption":"Soothing Artemisia & Mint Bath Bar"},{"@type":"BreadcrumbList","@id":"https:\/\/taxne.com\/product\/soothing-artemisia-mint-bath-bar\/#breadcrumb","itemListElement":[{"@type":"ListItem","position":1,"name":"\u9996\u9875","item":"https:\/\/taxne.com\/"},{"@type":"ListItem","position":2,"name":"Shop","item":"https:\/\/taxne.com\/shop-2\/"},{"@type":"ListItem","position":3,"name":"Soothing Artemisia &#038; Mint Bath Bar"}]},{"@type":"WebSite","@id":"https:\/\/taxne.com\/#website","url":"https:\/\/taxne.com\/","name":"taxne.com","description":"","publisher":{"@id":"https:\/\/taxne.com\/#organization"},"potentialAction":[{"@type":"SearchAction","target":{"@type":"EntryPoint","urlTemplate":"https:\/\/taxne.com\/?s={search_term_string}"},"query-input":{"@type":"PropertyValueSpecification","valueRequired":true,"valueName":"search_term_string"}}],"inLanguage":"fr-FR"},{"@type":"Organization","@id":"https:\/\/taxne.com\/#organization","name":"taxne.com","url":"https:\/\/taxne.com\/","logo":{"@type":"ImageObject","inLanguage":"fr-FR","@id":"https:\/\/taxne.com\/#\/schema\/logo\/image\/","url":"https:\/\/taxne.com\/wp-content\/uploads\/2025\/09\/cropped-logo.png","contentUrl":"https:\/\/taxne.com\/wp-content\/uploads\/2025\/09\/cropped-logo.png","width":1027,"height":270,"caption":"taxne.com"},"image":{"@id":"https:\/\/taxne.com\/#\/schema\/logo\/image\/"}}]}},"uagb_featured_image_src":{"full":["https:\/\/taxne.com\/wp-content\/uploads\/2025\/09\/O1CN01U4Dmoh1PVybwAbPR0_4611686018427381047-0-item_pic.png",800,800,false],"thumbnail":["https:\/\/taxne.com\/wp-content\/uploads\/2025\/09\/O1CN01U4Dmoh1PVybwAbPR0_4611686018427381047-0-item_pic-150x150.png",150,150,true],"medium":["https:\/\/taxne.com\/wp-content\/uploads\/2025\/09\/O1CN01U4Dmoh1PVybwAbPR0_4611686018427381047-0-item_pic-300x300.png",300,300,true],"medium_large":["https:\/\/taxne.com\/wp-content\/uploads\/2025\/09\/O1CN01U4Dmoh1PVybwAbPR0_4611686018427381047-0-item_pic-768x768.png",768,768,true],"large":["https:\/\/taxne.com\/wp-content\/uploads\/2025\/09\/O1CN01U4Dmoh1PVybwAbPR0_4611686018427381047-0-item_pic.png",800,800,false],"1536x1536":["https:\/\/taxne.com\/wp-content\/uploads\/2025\/09\/O1CN01U4Dmoh1PVybwAbPR0_4611686018427381047-0-item_pic.png",800,800,false],"2048x2048":["https:\/\/taxne.com\/wp-content\/uploads\/2025\/09\/O1CN01U4Dmoh1PVybwAbPR0_4611686018427381047-0-item_pic.png",800,800,false],"trp-custom-language-flag":["https:\/\/taxne.com\/wp-content\/uploads\/2025\/09\/O1CN01U4Dmoh1PVybwAbPR0_4611686018427381047-0-item_pic-12x12.png",12,12,true],"woocommerce_thumbnail":["https:\/\/taxne.com\/wp-content\/uploads\/2025\/09\/O1CN01U4Dmoh1PVybwAbPR0_4611686018427381047-0-item_pic-300x300.png",300,300,true],"woocommerce_single":["https:\/\/taxne.com\/wp-content\/uploads\/2025\/09\/O1CN01U4Dmoh1PVybwAbPR0_4611686018427381047-0-item_pic-600x600.png",600,600,true],"woocommerce_gallery_thumbnail":["https:\/\/taxne.com\/wp-content\/uploads\/2025\/09\/O1CN01U4Dmoh1PVybwAbPR0_4611686018427381047-0-item_pic-100x100.png",100,100,true]},"uagb_author_info":{"display_name":"tianke1223@gmail.com","author_link":"https:\/\/taxne.com\/fr\/author\/"},"uagb_comment_info":0,"uagb_excerpt":"Nature's Reset Button: The Purifying Bar for Reactive &amp; Oily Skin 100g Tired of skin that feels irritated after a shower? Meet your new ritual for calm. Benefits: Soothes &amp; Calms:\u00a0Artemisia is known for its properties to soothe sensitive and irritated skin. Deeply Purifies:\u00a0Helps to gently cleanse without stripping natural oils. Invigorates Senses:\u00a0The minty aroma\u2026","jetpack_sharing_enabled":true,"_links":{"self":[{"href":"https:\/\/taxne.com\/fr\/wp-json\/wp\/v2\/product\/7985","targetHints":{"allow":["GET"]}}],"collection":[{"href":"https:\/\/taxne.com\/fr\/wp-json\/wp\/v2\/product"}],"about":[{"href":"https:\/\/taxne.com\/fr\/wp-json\/wp\/v2\/types\/product"}],"replies":[{"embeddable":true,"href":"https:\/\/taxne.com\/fr\/wp-json\/wp\/v2\/comments?post=7985"}],"wp:featuredmedia":[{"embeddable":true,"href":"https:\/\/taxne.com\/fr\/wp-json\/wp\/v2\/media\/7989"}],"wp:attachment":[{"href":"https:\/\/taxne.com\/fr\/wp-json\/wp\/v2\/media?parent=7985"}],"wp:term":[{"taxonomy":"product_brand","embeddable":true,"href":"https:\/\/taxne.com\/fr\/wp-json\/wp\/v2\/product_brand?post=7985"},{"taxonomy":"product_cat","embeddable":true,"href":"https:\/\/taxne.com\/fr\/wp-json\/wp\/v2\/product_cat?post=7985"},{"taxonomy":"product_tag","embeddable":true,"href":"https:\/\/taxne.com\/fr\/wp-json\/wp\/v2\/product_tag?post=7985"}],"curies":[{"name":"wp","href":"https:\/\/api.w.org\/{rel}","templated":true}]}}