{"id":7999,"date":"2025-09-09T06:16:59","date_gmt":"2025-09-09T06:16:59","guid":{"rendered":"https:\/\/taxne.com\/?post_type=product&#038;p=7999"},"modified":"2026-03-04T02:24:52","modified_gmt":"2026-03-04T02:24:52","slug":"silk-infusion-coconut-hair-shampoo-bar","status":"publish","type":"product","link":"https:\/\/taxne.com\/fr\/produit\/barre-de-shampoing-a-la-noix-de-coco-et-a-linfusion-de-soie\/","title":{"rendered":"Shampoing solide \u00e0 la noix de coco Silk Infusion"},"content":{"rendered":"<p class=\"ds-markdown-paragraph\"><strong>Fatigu\u00e9 des cheveux qui cassent, frisent et manquent de vie ?<\/strong><\/p>\n<p class=\"ds-markdown-paragraph\">Les coiffages \u00e0 chaud, les colorations et les agressions ext\u00e9rieures peuvent fragiliser et ternir vos cheveux. Nul besoin d&#039;un nettoyage agressif suppl\u00e9mentaire\u00a0; il suffit d&#039;un\u00a0<strong>traitement riche en nutriments<\/strong>\u00a0qui r\u00e9pare de l&#039;int\u00e9rieur et prot\u00e8ge en surface.<\/p>\n<p class=\"ds-markdown-paragraph\"><strong>Une fusion luxueuse de soie et de noix de coco pour des cheveux r\u00e9sistants<\/strong><\/p>\n<p class=\"ds-markdown-paragraph\">Nous avons con\u00e7u ce bar non seulement pour nettoyer, mais aussi pour\u00a0<strong>transformer<\/strong>C&#039;est une dose concentr\u00e9e d&#039;ingr\u00e9dients de luxe qui agissent ensemble pour reconstruire et illuminer vos cheveux.<\/p>\n<ul>\n<li>\n<p class=\"ds-markdown-paragraph\"><strong>Prot\u00e9ine de soie : le bouclier invisible de vos cheveux.<\/strong>\u00a0Imaginez un voile protecteur et l\u00e9ger qui enveloppe chaque m\u00e8che. La prot\u00e9ine de soie fait exactement cela\u00a0: elle\u00a0<strong>lisse la cuticule des cheveux<\/strong>, emprisonnant l&#039;humidit\u00e9 et ajoutant une incroyable\u00a0<strong>brillance et douceur<\/strong>\u00a0sans accumulation. Cela aide \u00e0\u00a0<strong>r\u00e9sister aux dommages quotidiens<\/strong>,<\/p>\n<\/li>\n<li>\n<p class=\"ds-markdown-paragraph\"><strong>Huile de coco et beurre de graines de cacao : le duo nourrissant en profondeur.<\/strong>\u00a0Ces riches \u00e9mollients\u00a0<strong>p\u00e9n\u00e9trer la tige capillaire<\/strong>\u00a0pour une hydratation intense de l&#039;int\u00e9rieur. Ils agissent pour\u00a0<strong>r\u00e9duire la perte de prot\u00e9ines<\/strong>, pr\u00e9viennent la casse et domptent les frisottis indisciplin\u00e9s, laissant vos cheveux\u00a0<strong>plus fort, plus r\u00e9silient et plus g\u00e9rable<\/strong>.<\/p>\n<\/li>\n<li>\n<p class=\"ds-markdown-paragraph\"><strong>M\u00e9lange botanique (huile d&#039;olive, de s\u00e9same et de romarin) :<\/strong> Cette combinaison d&#039;huiles naturelles renforce la force, favorise un environnement sain pour le cuir chevelu et ajoute une exp\u00e9rience aromatique de type spa \u00e0 votre douche.<\/p>\n<\/li>\n<\/ul>\n<p class=\"ds-markdown-paragraph\"><strong>Une \u00e9vasion sensorielle qui donne de vrais r\u00e9sultats<\/strong><\/p>\n<p class=\"ds-markdown-paragraph\">Faites mousser ce pain riche et cr\u00e9meux pour un nettoyage en douceur et un parfum d\u00e9licat et naturel. Sans sulfates agressifs qui d\u00e9graissent les cheveux, il est id\u00e9al pour une utilisation quotidienne.\u00a0<strong>choix doux mais efficace<\/strong>\u00a0pour tous les types de cheveux, en particulier\u00a0<strong>cheveux ab\u00eem\u00e9s, secs ou color\u00e9s<\/strong>.<\/p>\n<p class=\"ds-markdown-paragraph\"><strong>Propre, conscient et con\u00e7u pour la performance.<\/strong><\/p>\n<ul>\n<li>\n<p class=\"ds-markdown-paragraph\"><strong>V\u00e9g\u00e9talien et sans cruaut\u00e9 :<\/strong>\u00a0Toujours.<\/p>\n<\/li>\n<li>\n<p class=\"ds-markdown-paragraph\"><strong>Ingr\u00e9dients d&#039;origine naturelle :<\/strong>\u00a0Aliment\u00e9 par des plantes.<\/p>\n<\/li>\n<li>\n<p class=\"ds-markdown-paragraph\">** z\u00e9ro d\u00e9chet :** Pas de bouteille en plastique.<\/p>\n<\/li>\n<li>\n<p class=\"ds-markdown-paragraph\">** sans :** Sulfates, Parab\u00e8nes, Silicones, Colorants synth\u00e9tiques.<\/p>\n<\/li>\n<\/ul>\n<p class=\"ds-markdown-paragraph\"><strong>Pr\u00eat \u00e0 r\u00e9v\u00e9ler vos cheveux les plus sains et les plus lumineux ?<\/strong><br \/>\n<strong>Ajoutez au panier et ressentez la diff\u00e9rence d\u00e8s le premier lavage.<\/strong><\/p>\n<p class=\"ds-markdown-paragraph\"><strong>Chez Taxne, nous nous inspirons des solutions les plus sophistiqu\u00e9es de la nature.<\/strong>\u00a0La d\u00e9couverte du paclitaxel (Taxol) issu de l&#039;if du Pacifique t\u00e9moigne avec force de l&#039;incroyable intelligence de la nature. Elle nous a montr\u00e9 que les solutions \u00e0 nos d\u00e9fis les plus complexes se trouvent dans le monde botanique.<\/p>\n<p class=\"ds-markdown-paragraph\">Cette croyance fondamentale motive tout ce que nous cr\u00e9ons, y compris ceci\u00a0<strong>Shampoing solide \u00e0 la noix de coco Silk Infusion<\/strong>.<\/p>","protected":false},"excerpt":{"rendered":"<p><strong>Inspir\u00e9 par la science, nourri par la nature : le shampoing solide pour des cheveux r\u00e9sistants<\/strong><\/p>\n<p><strong>Prot\u00e9ine de soie : le bouclier invisible de vos cheveux.<\/strong>\u00a0Imaginez un voile protecteur et l\u00e9ger qui enveloppe chaque m\u00e8che. La prot\u00e9ine de soie fait exactement cela\u00a0: elle\u00a0<strong>lisse la cuticule des cheveux<\/strong>, emprisonnant l&#039;humidit\u00e9 et ajoutant une incroyable\u00a0<strong>brillance et douceur<\/strong>\u00a0sans accumulation. Cela aide \u00e0\u00a0<strong>r\u00e9sister aux dommages quotidiens<\/strong><\/p>\n<p class=\"ds-markdown-paragraph\"><strong>La promesse Taxne : con\u00e7ue consciemment pour des performances \u00e9lev\u00e9es.<\/strong><\/p>\n<ul>\n<li>\n<p class=\"ds-markdown-paragraph\"><strong>Inspir\u00e9 par la science, enracin\u00e9 dans la nature :<\/strong>\u00a0Notre philosophie fondamentale.<\/p>\n<\/li>\n<li>\n<p class=\"ds-markdown-paragraph\"><strong>V\u00e9g\u00e9talien et sans cruaut\u00e9 :<\/strong>\u00a0Toujours et pour toujours.<\/p>\n<\/li>\n<li>\n<p class=\"ds-markdown-paragraph\"><strong>Source durable :<\/strong>\u00a0Nous sommes les intendants de la terre.<\/p>\n<\/li>\n<li>\n<p class=\"ds-markdown-paragraph\">** sans :** Sulfates, Parab\u00e8nes, Silicones, Colorants synth\u00e9tiques.<\/p>\n<\/li>\n<\/ul>","protected":false},"featured_media":8007,"comment_status":"open","ping_status":"closed","template":"","meta":{"_uag_custom_page_level_css":"","site-sidebar-layout":"default","site-content-layout":"","ast-site-content-layout":"default","site-content-style":"default","site-sidebar-style":"default","ast-global-header-display":"","ast-banner-title-visibility":"","ast-main-header-display":"","ast-hfb-above-header-display":"","ast-hfb-below-header-display":"","ast-hfb-mobile-header-display":"","site-post-title":"","ast-breadcrumbs-content":"","ast-featured-img":"","footer-sml-layout":"","ast-disable-related-posts":"","theme-transparent-header-meta":"default","adv-header-id-meta":"","stick-header-meta":"","header-above-stick-meta":"","header-main-stick-meta":"","header-below-stick-meta":"","astra-migrate-meta-layouts":"set","ast-page-background-enabled":"default","ast-page-background-meta":{"desktop":{"background-color":"","background-image":"","background-repeat":"repeat","background-position":"center center","background-size":"auto","background-attachment":"scroll","background-type":"","background-media":"","overlay-type":"","overlay-color":"","overlay-opacity":"","overlay-gradient":""},"tablet":{"background-color":"","background-image":"","background-repeat":"repeat","background-position":"center center","background-size":"auto","background-attachment":"scroll","background-type":"","background-media":"","overlay-type":"","overlay-color":"","overlay-opacity":"","overlay-gradient":""},"mobile":{"background-color":"","background-image":"","background-repeat":"repeat","background-position":"center center","background-size":"auto","background-attachment":"scroll","background-type":"","background-media":"","overlay-type":"","overlay-color":"","overlay-opacity":"","overlay-gradient":""}},"ast-content-background-meta":{"desktop":{"background-color":"var(--ast-global-color-5)","background-image":"","background-repeat":"repeat","background-position":"center center","background-size":"auto","background-attachment":"scroll","background-type":"","background-media":"","overlay-type":"","overlay-color":"","overlay-opacity":"","overlay-gradient":""},"tablet":{"background-color":"var(--ast-global-color-5)","background-image":"","background-repeat":"repeat","background-position":"center center","background-size":"auto","background-attachment":"scroll","background-type":"","background-media":"","overlay-type":"","overlay-color":"","overlay-opacity":"","overlay-gradient":""},"mobile":{"background-color":"var(--ast-global-color-5)","background-image":"","background-repeat":"repeat","background-position":"center center","background-size":"auto","background-attachment":"scroll","background-type":"","background-media":"","overlay-type":"","overlay-color":"","overlay-opacity":"","overlay-gradient":""}}},"product_brand":[],"product_cat":[15],"product_tag":[48,58,50,57,53,59,56,47,49,55,52,51],"class_list":{"0":"post-7999","1":"product","2":"type-product","3":"status-publish","4":"has-post-thumbnail","6":"product_cat-herbs-soap","7":"product_tag-coconut-oil-shampoo-bar","8":"product_tag-color-safe-shampoo-bar","9":"product_tag-hair-treatment-bar","10":"product_tag-natural-shampoo-for-frizzy-hair","11":"product_tag-reducing-breakage","12":"product_tag-rosemary-oil-shampoo","13":"product_tag-shine-hair-bar","14":"product_tag-silk-protein-shampoo-bar","15":"product_tag-solid-shampoo-for-damaged-hair","16":"product_tag-split-ends-repair","17":"product_tag-vegan-hair-care","18":"product_tag-zero-waste-shampoo","19":"desktop-align-left","20":"tablet-align-left","21":"mobile-align-left","23":"first","24":"instock","25":"sale","26":"featured","27":"shipping-taxable","28":"purchasable","29":"product-type-simple"},"yoast_head":"<!-- This site is optimized with the Yoast SEO plugin v27.3 - https:\/\/yoast.com\/product\/yoast-seo-wordpress\/ -->\n<title>Silk Infusion Coconut Shampoo Bar for Shiny, Strong Hair | Taxne<\/title>\n<meta name=\"description\" content=\"Transform dry, damaged hair with our luxury shampoo bar. Infused with Silk Protein &amp; Coconut Oil, it deeply nourishes to reduce breakage, boost shine, and repair split ends. Vegan.\" \/>\n<meta name=\"robots\" content=\"index, follow, max-snippet:-1, max-image-preview:large, max-video-preview:-1\" \/>\n<link rel=\"canonical\" href=\"https:\/\/taxne.com\/fr\/produit\/barre-de-shampoing-a-la-noix-de-coco-et-a-linfusion-de-soie\/\" \/>\n<meta property=\"og:locale\" content=\"fr_FR\" \/>\n<meta property=\"og:type\" content=\"article\" \/>\n<meta property=\"og:title\" content=\"Silk Infusion Coconut Shampoo Bar for Shiny, Strong Hair | Taxne\" \/>\n<meta property=\"og:description\" content=\"Transform dry, damaged hair with our luxury shampoo bar. Infused with Silk Protein &amp; Coconut Oil, it deeply nourishes to reduce breakage, boost shine, and repair split ends. Vegan.\" \/>\n<meta property=\"og:url\" content=\"https:\/\/taxne.com\/fr\/produit\/barre-de-shampoing-a-la-noix-de-coco-et-a-linfusion-de-soie\/\" \/>\n<meta property=\"article:modified_time\" content=\"2026-03-04T02:24:52+00:00\" \/>\n<meta property=\"og:image\" content=\"https:\/\/taxne.com\/wp-content\/uploads\/2025\/09\/\u89c4\u683c.jpg\" \/>\n\t<meta property=\"og:image:width\" content=\"800\" \/>\n\t<meta property=\"og:image:height\" content=\"800\" \/>\n\t<meta property=\"og:image:type\" content=\"image\/jpeg\" \/>\n<meta name=\"twitter:card\" content=\"summary_large_image\" \/>\n<meta name=\"twitter:label1\" content=\"Dur\u00e9e de lecture estim\u00e9e\" \/>\n\t<meta name=\"twitter:data1\" content=\"3 minutes\" \/>\n<script type=\"application\/ld+json\" class=\"yoast-schema-graph\">{\"@context\":\"https:\\\/\\\/schema.org\",\"@graph\":[{\"@type\":\"WebPage\",\"@id\":\"https:\\\/\\\/taxne.com\\\/product\\\/silk-infusion-coconut-hair-shampoo-bar\\\/\",\"url\":\"https:\\\/\\\/taxne.com\\\/product\\\/silk-infusion-coconut-hair-shampoo-bar\\\/\",\"name\":\"Silk Infusion Coconut Shampoo Bar for Shiny, Strong Hair | Taxne\",\"isPartOf\":{\"@id\":\"https:\\\/\\\/taxne.com\\\/#website\"},\"primaryImageOfPage\":{\"@id\":\"https:\\\/\\\/taxne.com\\\/product\\\/silk-infusion-coconut-hair-shampoo-bar\\\/#primaryimage\"},\"image\":{\"@id\":\"https:\\\/\\\/taxne.com\\\/product\\\/silk-infusion-coconut-hair-shampoo-bar\\\/#primaryimage\"},\"thumbnailUrl\":\"https:\\\/\\\/taxne.com\\\/wp-content\\\/uploads\\\/2025\\\/09\\\/\u89c4\u683c.jpg\",\"datePublished\":\"2025-09-09T06:16:59+00:00\",\"dateModified\":\"2026-03-04T02:24:52+00:00\",\"description\":\"Transform dry, damaged hair with our luxury shampoo bar. Infused with Silk Protein & Coconut Oil, it deeply nourishes to reduce breakage, boost shine, and repair split ends. Vegan.\",\"breadcrumb\":{\"@id\":\"https:\\\/\\\/taxne.com\\\/product\\\/silk-infusion-coconut-hair-shampoo-bar\\\/#breadcrumb\"},\"inLanguage\":\"fr-FR\",\"potentialAction\":[{\"@type\":\"ReadAction\",\"target\":[\"https:\\\/\\\/taxne.com\\\/product\\\/silk-infusion-coconut-hair-shampoo-bar\\\/\"]}]},{\"@type\":\"ImageObject\",\"inLanguage\":\"fr-FR\",\"@id\":\"https:\\\/\\\/taxne.com\\\/product\\\/silk-infusion-coconut-hair-shampoo-bar\\\/#primaryimage\",\"url\":\"https:\\\/\\\/taxne.com\\\/wp-content\\\/uploads\\\/2025\\\/09\\\/\u89c4\u683c.jpg\",\"contentUrl\":\"https:\\\/\\\/taxne.com\\\/wp-content\\\/uploads\\\/2025\\\/09\\\/\u89c4\u683c.jpg\",\"width\":800,\"height\":800,\"caption\":\"From Damaged to Dazzling: The Silk Protein Bar for Less Breakage & More Shine 95g\"},{\"@type\":\"BreadcrumbList\",\"@id\":\"https:\\\/\\\/taxne.com\\\/product\\\/silk-infusion-coconut-hair-shampoo-bar\\\/#breadcrumb\",\"itemListElement\":[{\"@type\":\"ListItem\",\"position\":1,\"name\":\"\u9996\u9875\",\"item\":\"https:\\\/\\\/taxne.com\\\/\"},{\"@type\":\"ListItem\",\"position\":2,\"name\":\"Shop\",\"item\":\"https:\\\/\\\/taxne.com\\\/shop-2\\\/\"},{\"@type\":\"ListItem\",\"position\":3,\"name\":\"Silk Infusion Coconut Hair Shampoo Bar\"}]},{\"@type\":\"WebSite\",\"@id\":\"https:\\\/\\\/taxne.com\\\/#website\",\"url\":\"https:\\\/\\\/taxne.com\\\/\",\"name\":\"taxne.com\",\"description\":\"\",\"publisher\":{\"@id\":\"https:\\\/\\\/taxne.com\\\/#organization\"},\"potentialAction\":[{\"@type\":\"SearchAction\",\"target\":{\"@type\":\"EntryPoint\",\"urlTemplate\":\"https:\\\/\\\/taxne.com\\\/?s={search_term_string}\"},\"query-input\":{\"@type\":\"PropertyValueSpecification\",\"valueRequired\":true,\"valueName\":\"search_term_string\"}}],\"inLanguage\":\"fr-FR\"},{\"@type\":\"Organization\",\"@id\":\"https:\\\/\\\/taxne.com\\\/#organization\",\"name\":\"taxne.com\",\"url\":\"https:\\\/\\\/taxne.com\\\/\",\"logo\":{\"@type\":\"ImageObject\",\"inLanguage\":\"fr-FR\",\"@id\":\"https:\\\/\\\/taxne.com\\\/#\\\/schema\\\/logo\\\/image\\\/\",\"url\":\"https:\\\/\\\/taxne.com\\\/wp-content\\\/uploads\\\/2025\\\/09\\\/cropped-logo.png\",\"contentUrl\":\"https:\\\/\\\/taxne.com\\\/wp-content\\\/uploads\\\/2025\\\/09\\\/cropped-logo.png\",\"width\":1027,\"height\":270,\"caption\":\"taxne.com\"},\"image\":{\"@id\":\"https:\\\/\\\/taxne.com\\\/#\\\/schema\\\/logo\\\/image\\\/\"}}]}<\/script>\n<!-- \/ Yoast SEO plugin. -->","yoast_head_json":{"title":"Shampoing solide \u00e0 la noix de coco et \u00e0 l&#039;infusion de soie pour des cheveux brillants et forts | Taxne","description":"Transformez vos cheveux secs et ab\u00eem\u00e9s avec notre shampoing solide de luxe. Infus\u00e9 de prot\u00e9ines de soie et d&#039;huile de coco, il nourrit en profondeur pour r\u00e9duire la casse, booster la brillance et r\u00e9parer les pointes fourchues. Vegan.","robots":{"index":"index","follow":"follow","max-snippet":"max-snippet:-1","max-image-preview":"max-image-preview:large","max-video-preview":"max-video-preview:-1"},"canonical":"https:\/\/taxne.com\/fr\/produit\/barre-de-shampoing-a-la-noix-de-coco-et-a-linfusion-de-soie\/","og_locale":"fr_FR","og_type":"article","og_title":"Silk Infusion Coconut Shampoo Bar for Shiny, Strong Hair | Taxne","og_description":"Transform dry, damaged hair with our luxury shampoo bar. Infused with Silk Protein & Coconut Oil, it deeply nourishes to reduce breakage, boost shine, and repair split ends. Vegan.","og_url":"https:\/\/taxne.com\/fr\/produit\/barre-de-shampoing-a-la-noix-de-coco-et-a-linfusion-de-soie\/","article_modified_time":"2026-03-04T02:24:52+00:00","og_image":[{"width":800,"height":800,"url":"https:\/\/taxne.com\/wp-content\/uploads\/2025\/09\/\u89c4\u683c.jpg","type":"image\/jpeg"}],"twitter_card":"summary_large_image","twitter_misc":{"Dur\u00e9e de lecture estim\u00e9e":"3 minutes"},"schema":{"@context":"https:\/\/schema.org","@graph":[{"@type":"WebPage","@id":"https:\/\/taxne.com\/product\/silk-infusion-coconut-hair-shampoo-bar\/","url":"https:\/\/taxne.com\/product\/silk-infusion-coconut-hair-shampoo-bar\/","name":"Shampoing solide \u00e0 la noix de coco et \u00e0 l&#039;infusion de soie pour des cheveux brillants et forts | Taxne","isPartOf":{"@id":"https:\/\/taxne.com\/#website"},"primaryImageOfPage":{"@id":"https:\/\/taxne.com\/product\/silk-infusion-coconut-hair-shampoo-bar\/#primaryimage"},"image":{"@id":"https:\/\/taxne.com\/product\/silk-infusion-coconut-hair-shampoo-bar\/#primaryimage"},"thumbnailUrl":"https:\/\/taxne.com\/wp-content\/uploads\/2025\/09\/\u89c4\u683c.jpg","datePublished":"2025-09-09T06:16:59+00:00","dateModified":"2026-03-04T02:24:52+00:00","description":"Transformez vos cheveux secs et ab\u00eem\u00e9s avec notre shampoing solide de luxe. Infus\u00e9 de prot\u00e9ines de soie et d&#039;huile de coco, il nourrit en profondeur pour r\u00e9duire la casse, booster la brillance et r\u00e9parer les pointes fourchues. Vegan.","breadcrumb":{"@id":"https:\/\/taxne.com\/product\/silk-infusion-coconut-hair-shampoo-bar\/#breadcrumb"},"inLanguage":"fr-FR","potentialAction":[{"@type":"ReadAction","target":["https:\/\/taxne.com\/product\/silk-infusion-coconut-hair-shampoo-bar\/"]}]},{"@type":"ImageObject","inLanguage":"fr-FR","@id":"https:\/\/taxne.com\/product\/silk-infusion-coconut-hair-shampoo-bar\/#primaryimage","url":"https:\/\/taxne.com\/wp-content\/uploads\/2025\/09\/\u89c4\u683c.jpg","contentUrl":"https:\/\/taxne.com\/wp-content\/uploads\/2025\/09\/\u89c4\u683c.jpg","width":800,"height":800,"caption":"From Damaged to Dazzling: The Silk Protein Bar for Less Breakage & More Shine 95g"},{"@type":"BreadcrumbList","@id":"https:\/\/taxne.com\/product\/silk-infusion-coconut-hair-shampoo-bar\/#breadcrumb","itemListElement":[{"@type":"ListItem","position":1,"name":"\u9996\u9875","item":"https:\/\/taxne.com\/"},{"@type":"ListItem","position":2,"name":"Shop","item":"https:\/\/taxne.com\/shop-2\/"},{"@type":"ListItem","position":3,"name":"Silk Infusion Coconut Hair Shampoo Bar"}]},{"@type":"WebSite","@id":"https:\/\/taxne.com\/#website","url":"https:\/\/taxne.com\/","name":"taxne.com","description":"","publisher":{"@id":"https:\/\/taxne.com\/#organization"},"potentialAction":[{"@type":"SearchAction","target":{"@type":"EntryPoint","urlTemplate":"https:\/\/taxne.com\/?s={search_term_string}"},"query-input":{"@type":"PropertyValueSpecification","valueRequired":true,"valueName":"search_term_string"}}],"inLanguage":"fr-FR"},{"@type":"Organization","@id":"https:\/\/taxne.com\/#organization","name":"taxne.com","url":"https:\/\/taxne.com\/","logo":{"@type":"ImageObject","inLanguage":"fr-FR","@id":"https:\/\/taxne.com\/#\/schema\/logo\/image\/","url":"https:\/\/taxne.com\/wp-content\/uploads\/2025\/09\/cropped-logo.png","contentUrl":"https:\/\/taxne.com\/wp-content\/uploads\/2025\/09\/cropped-logo.png","width":1027,"height":270,"caption":"taxne.com"},"image":{"@id":"https:\/\/taxne.com\/#\/schema\/logo\/image\/"}}]}},"uagb_featured_image_src":{"full":["https:\/\/taxne.com\/wp-content\/uploads\/2025\/09\/\u89c4\u683c.jpg",800,800,false],"thumbnail":["https:\/\/taxne.com\/wp-content\/uploads\/2025\/09\/\u89c4\u683c-150x150.jpg",150,150,true],"medium":["https:\/\/taxne.com\/wp-content\/uploads\/2025\/09\/\u89c4\u683c-300x300.jpg",300,300,true],"medium_large":["https:\/\/taxne.com\/wp-content\/uploads\/2025\/09\/\u89c4\u683c-768x768.jpg",768,768,true],"large":["https:\/\/taxne.com\/wp-content\/uploads\/2025\/09\/\u89c4\u683c.jpg",800,800,false],"1536x1536":["https:\/\/taxne.com\/wp-content\/uploads\/2025\/09\/\u89c4\u683c.jpg",800,800,false],"2048x2048":["https:\/\/taxne.com\/wp-content\/uploads\/2025\/09\/\u89c4\u683c.jpg",800,800,false],"trp-custom-language-flag":["https:\/\/taxne.com\/wp-content\/uploads\/2025\/09\/\u89c4\u683c-12x12.jpg",12,12,true],"woocommerce_thumbnail":["https:\/\/taxne.com\/wp-content\/uploads\/2025\/09\/\u89c4\u683c-300x300.jpg",300,300,true],"woocommerce_single":["https:\/\/taxne.com\/wp-content\/uploads\/2025\/09\/\u89c4\u683c-600x600.jpg",600,600,true],"woocommerce_gallery_thumbnail":["https:\/\/taxne.com\/wp-content\/uploads\/2025\/09\/\u89c4\u683c-100x100.jpg",100,100,true]},"uagb_author_info":{"display_name":"tianke1223@gmail.com","author_link":"https:\/\/taxne.com\/fr\/author\/"},"uagb_comment_info":0,"uagb_excerpt":"Inspired by Science, Nourished by Nature: The Shampoo Bar for Resilient Hair Silk Protein: Your Hair's Invisible Shield.\u00a0Imagine a weightless, protective veil wrapping each strand. Silk protein does exactly that\u2014it\u00a0smooths the hair cuticle, locking in moisture and adding incredible\u00a0shine and softness\u00a0without any buildup. It helps to\u00a0resist daily damage The Taxne Promise: Consciously Crafted for High\u2026","jetpack_sharing_enabled":true,"_links":{"self":[{"href":"https:\/\/taxne.com\/fr\/wp-json\/wp\/v2\/product\/7999","targetHints":{"allow":["GET"]}}],"collection":[{"href":"https:\/\/taxne.com\/fr\/wp-json\/wp\/v2\/product"}],"about":[{"href":"https:\/\/taxne.com\/fr\/wp-json\/wp\/v2\/types\/product"}],"replies":[{"embeddable":true,"href":"https:\/\/taxne.com\/fr\/wp-json\/wp\/v2\/comments?post=7999"}],"wp:featuredmedia":[{"embeddable":true,"href":"https:\/\/taxne.com\/fr\/wp-json\/wp\/v2\/media\/8007"}],"wp:attachment":[{"href":"https:\/\/taxne.com\/fr\/wp-json\/wp\/v2\/media?parent=7999"}],"wp:term":[{"taxonomy":"product_brand","embeddable":true,"href":"https:\/\/taxne.com\/fr\/wp-json\/wp\/v2\/product_brand?post=7999"},{"taxonomy":"product_cat","embeddable":true,"href":"https:\/\/taxne.com\/fr\/wp-json\/wp\/v2\/product_cat?post=7999"},{"taxonomy":"product_tag","embeddable":true,"href":"https:\/\/taxne.com\/fr\/wp-json\/wp\/v2\/product_tag?post=7999"}],"curies":[{"name":"wp","href":"https:\/\/api.w.org\/{rel}","templated":true}]}}