{"id":8014,"date":"2025-09-09T07:05:40","date_gmt":"2025-09-09T07:05:40","guid":{"rendered":"https:\/\/taxne.com\/?post_type=product&#038;p=8014"},"modified":"2026-03-17T02:37:55","modified_gmt":"2026-03-17T02:37:55","slug":"scalp-revival-thuja-shampoo-bar-triangle","status":"publish","type":"product","link":"https:\/\/taxne.com\/fr\/produit\/shampoing-solide-au-thuya-revitalisant-pour-le-cuir-chevelu-en-triangle\/","title":{"rendered":"Shampoing solide purifiant au thuya et \u00e0 la baie de savon pour cuir chevelu gras Triangle 100 g"},"content":{"rendered":"<p class=\"ds-markdown-paragraph\"><strong>Shampoing solide botanique Scalp Revival au thuya oriental 100 g<\/strong><br \/>\n<strong>La fin du cuir chevelu gras. Le d\u00e9but de cheveux sains et \u00e9quilibr\u00e9s.<\/strong><\/p>\n<p class=\"ds-markdown-paragraph\"><strong>Chez Taxne, nous nous inspirons des solutions les plus sophistiqu\u00e9es de la nature.<\/strong>\u00a0La d\u00e9couverte du paclitaxel (Taxol) issu de l&#039;if du Pacifique t\u00e9moigne avec force de l&#039;incroyable intelligence de la nature. Elle nous a montr\u00e9 que les solutions \u00e0 nos d\u00e9fis les plus complexes se trouvent dans le monde botanique.<\/p>\n<p class=\"ds-markdown-paragraph\">Nous appliquons ce m\u00eame principe aux soins du cuir chevelu. Depuis des si\u00e8cles,\u00a0<strong>Thuya oriental (Biotin Orientalis)<\/strong>\u00a0est v\u00e9n\u00e9r\u00e9 dans les pratiques traditionnelles pour ses propri\u00e9t\u00e9s purifiantes et tonifiantes. Nous avons associ\u00e9 cette plante puissante \u00e0 d&#039;autres plantes \u00e9prouv\u00e9es pour cr\u00e9er un shampoing solide qui ne se contente pas de nettoyer, il\u00a0<strong>r\u00e9tablit l&#039;\u00e9quilibre<\/strong>.<\/p>\n<p class=\"ds-markdown-paragraph\"><strong>Fatigu\u00e9 d&#039;avoir un cuir chevelu gras \u00e0 midi ?<\/strong><\/p>\n<p class=\"ds-markdown-paragraph\">Un cuir chevelu gras n&#039;est pas seulement une question d&#039;apparence\u00a0; il peut \u00eatre lourd, inconfortable et entra\u00eener une congestion. Vos cheveux ont besoin d&#039;un\u00a0<strong>r\u00e9initialiser<\/strong>, sans d\u00e9capage agressif. Notre pain revitalisant pour le cuir chevelu est un m\u00e9lange concentr\u00e9 de saponines naturelles et d&#039;extraits botaniques qui agissent en synergie pour\u00a0:<\/p>\n<ul>\n<li>\n<p class=\"ds-markdown-paragraph\"><strong>Purifie en profondeur et \u00e9limine l&#039;exc\u00e8s de s\u00e9bum :<\/strong>\u00a0<strong>Baie \u00e0 savon (\u65e0\u60a3\u5b50)<\/strong>\u00a0et\u00a0<strong>Dosette de savon (\u7682\u89d2)<\/strong>\u00a0sont des nettoyants naturels puissants et doux. Ils produisent une mousse onctueuse qui \u00e9limine efficacement les impuret\u00e9s, le s\u00e9bum et les r\u00e9sidus de produits.\u00a0<strong>sans trop s\u00e9cher<\/strong>.<\/p>\n<\/li>\n<li>\n<p class=\"ds-markdown-paragraph\"><strong>\u00c9quilibre la production de s\u00e9bum et apaise :<\/strong>\u00a0L&#039;ingr\u00e9dient vedette,\u00a0<strong>Thuya oriental (\u4fa7\u67cf\u53f6)<\/strong>, est connu pour ses propri\u00e9t\u00e9s astringentes et apaisantes. Il aide \u00e0 tonifier le cuir chevelu et \u00e0 cr\u00e9er un environnement sain et \u00e9quilibr\u00e9.<\/p>\n<\/li>\n<li>\n<p class=\"ds-markdown-paragraph\"><strong>Nourrit les follicules pileux et renforce les cheveux :<\/strong>\u00a0<strong>Fo-Ti (\u4f55\u9996\u4e4c)<\/strong>\u00a0et\u00a0<strong>Feuille de m\u00fbrier (\u6851\u53f6)<\/strong> fournit des nutriments essentiels au cuir chevelu et aux racines des cheveux, aidant \u00e0 fortifier les m\u00e8ches de l&#039;int\u00e9rieur et \u00e0 r\u00e9duire la casse.<\/p>\n<\/li>\n<\/ul>\n<p class=\"ds-markdown-paragraph\"><strong>Une exp\u00e9rience rafra\u00eechissante de type spa dans un bar.<\/strong><\/p>\n<p class=\"ds-markdown-paragraph\">Ressentez le\u00a0<strong>mousse rapide et luxueuse<\/strong>\u00a0Nettoyez votre cuir chevelu avec un ar\u00f4me v\u00e9g\u00e9tal rafra\u00eechissant. Contrairement aux sulfates agressifs qui peuvent stimuler la production de s\u00e9bum, notre formule botanique laisse votre cuir chevelu doux et souple.\u00a0<strong>incroyablement propre, l\u00e9ger et respirant<\/strong>\u2014ni serr\u00e9s ni d\u00e9nud\u00e9s. Vos cheveux sont laiss\u00e9s\u00a0<strong>lisse, maniable et plein de vitalit\u00e9<\/strong>.<\/p>\n<p class=\"ds-markdown-paragraph\"><strong>La promesse de Taxne : pure, puissante et consciente.<\/strong><\/p>\n<ul>\n<li>\n<p class=\"ds-markdown-paragraph\"><strong>Fabriqu\u00e9 \u00e0 la main avec des plantes naturelles<\/strong><\/p>\n<\/li>\n<li>\n<p class=\"ds-markdown-paragraph\"><strong>V\u00e9g\u00e9talien et sans cruaut\u00e9<\/strong><\/p>\n<\/li>\n<li>\n<p class=\"ds-markdown-paragraph\"><strong>Ingr\u00e9dients issus de sources durables<\/strong><\/p>\n<\/li>\n<li>\n<p class=\"ds-markdown-paragraph\">** sans :** sulfates, silicones, parab\u00e8nes, parfums synth\u00e9tiques<\/p>\n<\/li>\n<\/ul>\n<p class=\"ds-markdown-paragraph\"><strong>Pr\u00eat \u00e0 obtenir un cuir chevelu \u00e9quilibr\u00e9 et sain ?<\/strong><br \/>\n<strong>Ajoutez au panier et d\u00e9couvrez le rituel Taxne d\u00e8s aujourd&#039;hui.<\/strong><\/p>\n<hr \/>\n<p class=\"ds-markdown-paragraph\"><strong>Avis de non-responsabilit\u00e9 important :<\/strong><\/p>\n<ul>\n<li>\n<p class=\"ds-markdown-paragraph\"><em>Les r\u00e9sultats peuvent varier d&#039;un individu \u00e0 l&#039;autre. Ce produit est un cosm\u00e9tique et n&#039;est pas destin\u00e9 \u00e0 diagnostiquer, traiter, gu\u00e9rir ou pr\u00e9venir une quelconque maladie. En cas d&#039;affections s\u00e9v\u00e8res du cuir chevelu, veuillez consulter un dermatologue.<\/em><\/p>\n<\/li>\n<\/ul>","protected":false},"excerpt":{"rendered":"<p class=\"ds-markdown-paragraph\"><strong>Shampoing solide botanique Scalp Revival au thuya oriental 100 g<\/strong><br \/>\n<strong>La fin du cuir chevelu gras. Le d\u00e9but de cheveux sains et \u00e9quilibr\u00e9s.<\/strong><\/p>\n<p class=\"ds-markdown-paragraph\"><strong>Chez Taxne, nous nous inspirons des solutions les plus sophistiqu\u00e9es de la nature.<\/strong>\u00a0La d\u00e9couverte du paclitaxel (Taxol) issu de l&#039;if du Pacifique t\u00e9moigne avec force de l&#039;incroyable intelligence de la nature. Elle nous a montr\u00e9 que les solutions \u00e0 nos d\u00e9fis les plus complexes se trouvent dans le monde botanique.<\/p>\n<p class=\"ds-markdown-paragraph\"><strong>La promesse de Taxne : pure, puissante et consciente.<\/strong><\/p>\n<ul>\n<li>\n<p class=\"ds-markdown-paragraph\"><strong>Fabriqu\u00e9 \u00e0 la main avec des plantes naturelles<\/strong><\/p>\n<\/li>\n<li>\n<p class=\"ds-markdown-paragraph\"><strong>V\u00e9g\u00e9talien et sans cruaut\u00e9<\/strong><\/p>\n<\/li>\n<li>\n<p class=\"ds-markdown-paragraph\"><strong>Ingr\u00e9dients issus de sources durables<\/strong><\/p>\n<\/li>\n<li>\n<p class=\"ds-markdown-paragraph\">** sans :** sulfates, silicones, parab\u00e8nes, parfums synth\u00e9tiques<\/p>\n<\/li>\n<\/ul>","protected":false},"featured_media":8021,"comment_status":"open","ping_status":"closed","template":"","meta":{"_uag_custom_page_level_css":"","site-sidebar-layout":"default","site-content-layout":"","ast-site-content-layout":"default","site-content-style":"default","site-sidebar-style":"default","ast-global-header-display":"","ast-banner-title-visibility":"","ast-main-header-display":"","ast-hfb-above-header-display":"","ast-hfb-below-header-display":"","ast-hfb-mobile-header-display":"","site-post-title":"","ast-breadcrumbs-content":"","ast-featured-img":"","footer-sml-layout":"","ast-disable-related-posts":"","theme-transparent-header-meta":"default","adv-header-id-meta":"","stick-header-meta":"","header-above-stick-meta":"","header-main-stick-meta":"","header-below-stick-meta":"","astra-migrate-meta-layouts":"set","ast-page-background-enabled":"default","ast-page-background-meta":{"desktop":{"background-color":"","background-image":"","background-repeat":"repeat","background-position":"center center","background-size":"auto","background-attachment":"scroll","background-type":"","background-media":"","overlay-type":"","overlay-color":"","overlay-opacity":"","overlay-gradient":""},"tablet":{"background-color":"","background-image":"","background-repeat":"repeat","background-position":"center center","background-size":"auto","background-attachment":"scroll","background-type":"","background-media":"","overlay-type":"","overlay-color":"","overlay-opacity":"","overlay-gradient":""},"mobile":{"background-color":"","background-image":"","background-repeat":"repeat","background-position":"center center","background-size":"auto","background-attachment":"scroll","background-type":"","background-media":"","overlay-type":"","overlay-color":"","overlay-opacity":"","overlay-gradient":""}},"ast-content-background-meta":{"desktop":{"background-color":"var(--ast-global-color-5)","background-image":"","background-repeat":"repeat","background-position":"center center","background-size":"auto","background-attachment":"scroll","background-type":"","background-media":"","overlay-type":"","overlay-color":"","overlay-opacity":"","overlay-gradient":""},"tablet":{"background-color":"var(--ast-global-color-5)","background-image":"","background-repeat":"repeat","background-position":"center center","background-size":"auto","background-attachment":"scroll","background-type":"","background-media":"","overlay-type":"","overlay-color":"","overlay-opacity":"","overlay-gradient":""},"mobile":{"background-color":"var(--ast-global-color-5)","background-image":"","background-repeat":"repeat","background-position":"center center","background-size":"auto","background-attachment":"scroll","background-type":"","background-media":"","overlay-type":"","overlay-color":"","overlay-opacity":"","overlay-gradient":""}}},"product_brand":[],"product_cat":[15],"product_tag":[64,68,66,63,67,60,62,61,65,51],"class_list":{"0":"post-8014","1":"product","2":"type-product","3":"status-publish","4":"has-post-thumbnail","6":"product_cat-herbs-soap","7":"product_tag-botanical-scalp-care","8":"product_tag-chinese-herbal-shampoo","9":"product_tag-hair-growth-shampoo","10":"product_tag-natural-dandruff-treatment","11":"product_tag-purifying-shampoo","12":"product_tag-shampoo-bar-for-oily-scalp","13":"product_tag-soapberry-shampoo","14":"product_tag-thuja-shampoo-bar","15":"product_tag-vegan-shampoo-bar","16":"product_tag-zero-waste-shampoo","17":"desktop-align-left","18":"tablet-align-left","19":"mobile-align-left","21":"first","22":"instock","23":"sale","24":"featured","25":"shipping-taxable","26":"purchasable","27":"product-type-simple"},"yoast_head":"<!-- This site is optimized with the Yoast SEO plugin v27.3 - https:\/\/yoast.com\/product\/yoast-seo-wordpress\/ -->\n<title>Scalp Revival Shampoo Bar with Thuja - For Oily Scalp &amp; Hair Growth | Taxne<\/title>\n<meta name=\"description\" content=\"Struggling with oily scalp? Taxne&#039;s botanical bar features Oriental Thuja &amp; Soapberry to deeply purify, balance oil production, and create an ideal environment for healthier hair. Vegan.\" \/>\n<meta name=\"robots\" content=\"index, follow, max-snippet:-1, max-image-preview:large, max-video-preview:-1\" \/>\n<link rel=\"canonical\" href=\"https:\/\/taxne.com\/fr\/produit\/shampoing-solide-au-thuya-revitalisant-pour-le-cuir-chevelu-en-triangle\/\" \/>\n<meta property=\"og:locale\" content=\"fr_FR\" \/>\n<meta property=\"og:type\" content=\"article\" \/>\n<meta property=\"og:title\" content=\"Scalp Revival Shampoo Bar with Thuja - For Oily Scalp &amp; Hair Growth | Taxne\" \/>\n<meta property=\"og:description\" content=\"Struggling with oily scalp? Taxne&#039;s botanical bar features Oriental Thuja &amp; Soapberry to deeply purify, balance oil production, and create an ideal environment for healthier hair. Vegan.\" \/>\n<meta property=\"og:url\" content=\"https:\/\/taxne.com\/fr\/produit\/shampoing-solide-au-thuya-revitalisant-pour-le-cuir-chevelu-en-triangle\/\" \/>\n<meta property=\"article:modified_time\" content=\"2026-03-17T02:37:55+00:00\" \/>\n<meta property=\"og:image\" content=\"https:\/\/taxne.com\/wp-content\/uploads\/2025\/09\/\u767d\u5e95-\u76d2.jpg\" \/>\n\t<meta property=\"og:image:width\" content=\"800\" \/>\n\t<meta property=\"og:image:height\" content=\"800\" \/>\n\t<meta property=\"og:image:type\" content=\"image\/jpeg\" \/>\n<meta name=\"twitter:card\" content=\"summary_large_image\" \/>\n<meta name=\"twitter:label1\" content=\"Dur\u00e9e de lecture estim\u00e9e\" \/>\n\t<meta name=\"twitter:data1\" content=\"3 minutes\" \/>\n<script type=\"application\/ld+json\" class=\"yoast-schema-graph\">{\"@context\":\"https:\\\/\\\/schema.org\",\"@graph\":[{\"@type\":\"WebPage\",\"@id\":\"https:\\\/\\\/taxne.com\\\/product\\\/scalp-revival-thuja-shampoo-bar-triangle\\\/\",\"url\":\"https:\\\/\\\/taxne.com\\\/product\\\/scalp-revival-thuja-shampoo-bar-triangle\\\/\",\"name\":\"Scalp Revival Shampoo Bar with Thuja - For Oily Scalp & Hair Growth | Taxne\",\"isPartOf\":{\"@id\":\"https:\\\/\\\/taxne.com\\\/#website\"},\"primaryImageOfPage\":{\"@id\":\"https:\\\/\\\/taxne.com\\\/product\\\/scalp-revival-thuja-shampoo-bar-triangle\\\/#primaryimage\"},\"image\":{\"@id\":\"https:\\\/\\\/taxne.com\\\/product\\\/scalp-revival-thuja-shampoo-bar-triangle\\\/#primaryimage\"},\"thumbnailUrl\":\"https:\\\/\\\/taxne.com\\\/wp-content\\\/uploads\\\/2025\\\/09\\\/\u767d\u5e95-\u76d2.jpg\",\"datePublished\":\"2025-09-09T07:05:40+00:00\",\"dateModified\":\"2026-03-17T02:37:55+00:00\",\"description\":\"Struggling with oily scalp? Taxne's botanical bar features Oriental Thuja & Soapberry to deeply purify, balance oil production, and create an ideal environment for healthier hair. Vegan.\",\"breadcrumb\":{\"@id\":\"https:\\\/\\\/taxne.com\\\/product\\\/scalp-revival-thuja-shampoo-bar-triangle\\\/#breadcrumb\"},\"inLanguage\":\"fr-FR\",\"potentialAction\":[{\"@type\":\"ReadAction\",\"target\":[\"https:\\\/\\\/taxne.com\\\/product\\\/scalp-revival-thuja-shampoo-bar-triangle\\\/\"]}]},{\"@type\":\"ImageObject\",\"inLanguage\":\"fr-FR\",\"@id\":\"https:\\\/\\\/taxne.com\\\/product\\\/scalp-revival-thuja-shampoo-bar-triangle\\\/#primaryimage\",\"url\":\"https:\\\/\\\/taxne.com\\\/wp-content\\\/uploads\\\/2025\\\/09\\\/\u767d\u5e95-\u76d2.jpg\",\"contentUrl\":\"https:\\\/\\\/taxne.com\\\/wp-content\\\/uploads\\\/2025\\\/09\\\/\u767d\u5e95-\u76d2.jpg\",\"width\":800,\"height\":800,\"caption\":\"Purifying Thuja & Soapberry Shampoo Bar for Oily Scalp Triangle\"},{\"@type\":\"BreadcrumbList\",\"@id\":\"https:\\\/\\\/taxne.com\\\/product\\\/scalp-revival-thuja-shampoo-bar-triangle\\\/#breadcrumb\",\"itemListElement\":[{\"@type\":\"ListItem\",\"position\":1,\"name\":\"\u9996\u9875\",\"item\":\"https:\\\/\\\/taxne.com\\\/\"},{\"@type\":\"ListItem\",\"position\":2,\"name\":\"Shop\",\"item\":\"https:\\\/\\\/taxne.com\\\/shop-2\\\/\"},{\"@type\":\"ListItem\",\"position\":3,\"name\":\"Purifying Thuja &#038; Soapberry Shampoo Bar for Oily Scalp Triangle 100g\"}]},{\"@type\":\"WebSite\",\"@id\":\"https:\\\/\\\/taxne.com\\\/#website\",\"url\":\"https:\\\/\\\/taxne.com\\\/\",\"name\":\"taxne.com\",\"description\":\"\",\"publisher\":{\"@id\":\"https:\\\/\\\/taxne.com\\\/#organization\"},\"potentialAction\":[{\"@type\":\"SearchAction\",\"target\":{\"@type\":\"EntryPoint\",\"urlTemplate\":\"https:\\\/\\\/taxne.com\\\/?s={search_term_string}\"},\"query-input\":{\"@type\":\"PropertyValueSpecification\",\"valueRequired\":true,\"valueName\":\"search_term_string\"}}],\"inLanguage\":\"fr-FR\"},{\"@type\":\"Organization\",\"@id\":\"https:\\\/\\\/taxne.com\\\/#organization\",\"name\":\"taxne.com\",\"url\":\"https:\\\/\\\/taxne.com\\\/\",\"logo\":{\"@type\":\"ImageObject\",\"inLanguage\":\"fr-FR\",\"@id\":\"https:\\\/\\\/taxne.com\\\/#\\\/schema\\\/logo\\\/image\\\/\",\"url\":\"https:\\\/\\\/taxne.com\\\/wp-content\\\/uploads\\\/2025\\\/09\\\/cropped-logo.png\",\"contentUrl\":\"https:\\\/\\\/taxne.com\\\/wp-content\\\/uploads\\\/2025\\\/09\\\/cropped-logo.png\",\"width\":1027,\"height\":270,\"caption\":\"taxne.com\"},\"image\":{\"@id\":\"https:\\\/\\\/taxne.com\\\/#\\\/schema\\\/logo\\\/image\\\/\"}}]}<\/script>\n<!-- \/ Yoast SEO plugin. -->","yoast_head_json":{"title":"Shampoing solide revitalisant au thuya \u2013 Pour cuir chevelu gras et croissance des cheveux | Taxne","description":"Vous avez le cuir chevelu gras\u00a0? Le pain de savon botanique Taxne contient du thuya oriental et de la saponaire pour purifier en profondeur, \u00e9quilibrer la production de s\u00e9bum et cr\u00e9er un environnement id\u00e9al pour des cheveux plus sains. Vegan.","robots":{"index":"index","follow":"follow","max-snippet":"max-snippet:-1","max-image-preview":"max-image-preview:large","max-video-preview":"max-video-preview:-1"},"canonical":"https:\/\/taxne.com\/fr\/produit\/shampoing-solide-au-thuya-revitalisant-pour-le-cuir-chevelu-en-triangle\/","og_locale":"fr_FR","og_type":"article","og_title":"Scalp Revival Shampoo Bar with Thuja - For Oily Scalp & Hair Growth | Taxne","og_description":"Struggling with oily scalp? Taxne's botanical bar features Oriental Thuja & Soapberry to deeply purify, balance oil production, and create an ideal environment for healthier hair. Vegan.","og_url":"https:\/\/taxne.com\/fr\/produit\/shampoing-solide-au-thuya-revitalisant-pour-le-cuir-chevelu-en-triangle\/","article_modified_time":"2026-03-17T02:37:55+00:00","og_image":[{"width":800,"height":800,"url":"https:\/\/taxne.com\/wp-content\/uploads\/2025\/09\/\u767d\u5e95-\u76d2.jpg","type":"image\/jpeg"}],"twitter_card":"summary_large_image","twitter_misc":{"Dur\u00e9e de lecture estim\u00e9e":"3 minutes"},"schema":{"@context":"https:\/\/schema.org","@graph":[{"@type":"WebPage","@id":"https:\/\/taxne.com\/product\/scalp-revival-thuja-shampoo-bar-triangle\/","url":"https:\/\/taxne.com\/product\/scalp-revival-thuja-shampoo-bar-triangle\/","name":"Shampoing solide revitalisant au thuya \u2013 Pour cuir chevelu gras et croissance des cheveux | Taxne","isPartOf":{"@id":"https:\/\/taxne.com\/#website"},"primaryImageOfPage":{"@id":"https:\/\/taxne.com\/product\/scalp-revival-thuja-shampoo-bar-triangle\/#primaryimage"},"image":{"@id":"https:\/\/taxne.com\/product\/scalp-revival-thuja-shampoo-bar-triangle\/#primaryimage"},"thumbnailUrl":"https:\/\/taxne.com\/wp-content\/uploads\/2025\/09\/\u767d\u5e95-\u76d2.jpg","datePublished":"2025-09-09T07:05:40+00:00","dateModified":"2026-03-17T02:37:55+00:00","description":"Vous avez le cuir chevelu gras\u00a0? Le pain de savon botanique Taxne contient du thuya oriental et de la saponaire pour purifier en profondeur, \u00e9quilibrer la production de s\u00e9bum et cr\u00e9er un environnement id\u00e9al pour des cheveux plus sains. Vegan.","breadcrumb":{"@id":"https:\/\/taxne.com\/product\/scalp-revival-thuja-shampoo-bar-triangle\/#breadcrumb"},"inLanguage":"fr-FR","potentialAction":[{"@type":"ReadAction","target":["https:\/\/taxne.com\/product\/scalp-revival-thuja-shampoo-bar-triangle\/"]}]},{"@type":"ImageObject","inLanguage":"fr-FR","@id":"https:\/\/taxne.com\/product\/scalp-revival-thuja-shampoo-bar-triangle\/#primaryimage","url":"https:\/\/taxne.com\/wp-content\/uploads\/2025\/09\/\u767d\u5e95-\u76d2.jpg","contentUrl":"https:\/\/taxne.com\/wp-content\/uploads\/2025\/09\/\u767d\u5e95-\u76d2.jpg","width":800,"height":800,"caption":"Purifying Thuja & Soapberry Shampoo Bar for Oily Scalp Triangle"},{"@type":"BreadcrumbList","@id":"https:\/\/taxne.com\/product\/scalp-revival-thuja-shampoo-bar-triangle\/#breadcrumb","itemListElement":[{"@type":"ListItem","position":1,"name":"\u9996\u9875","item":"https:\/\/taxne.com\/"},{"@type":"ListItem","position":2,"name":"Shop","item":"https:\/\/taxne.com\/shop-2\/"},{"@type":"ListItem","position":3,"name":"Purifying Thuja &#038; Soapberry Shampoo Bar for Oily Scalp Triangle 100g"}]},{"@type":"WebSite","@id":"https:\/\/taxne.com\/#website","url":"https:\/\/taxne.com\/","name":"taxne.com","description":"","publisher":{"@id":"https:\/\/taxne.com\/#organization"},"potentialAction":[{"@type":"SearchAction","target":{"@type":"EntryPoint","urlTemplate":"https:\/\/taxne.com\/?s={search_term_string}"},"query-input":{"@type":"PropertyValueSpecification","valueRequired":true,"valueName":"search_term_string"}}],"inLanguage":"fr-FR"},{"@type":"Organization","@id":"https:\/\/taxne.com\/#organization","name":"taxne.com","url":"https:\/\/taxne.com\/","logo":{"@type":"ImageObject","inLanguage":"fr-FR","@id":"https:\/\/taxne.com\/#\/schema\/logo\/image\/","url":"https:\/\/taxne.com\/wp-content\/uploads\/2025\/09\/cropped-logo.png","contentUrl":"https:\/\/taxne.com\/wp-content\/uploads\/2025\/09\/cropped-logo.png","width":1027,"height":270,"caption":"taxne.com"},"image":{"@id":"https:\/\/taxne.com\/#\/schema\/logo\/image\/"}}]}},"uagb_featured_image_src":{"full":["https:\/\/taxne.com\/wp-content\/uploads\/2025\/09\/\u767d\u5e95-\u76d2.jpg",800,800,false],"thumbnail":["https:\/\/taxne.com\/wp-content\/uploads\/2025\/09\/\u767d\u5e95-\u76d2-150x150.jpg",150,150,true],"medium":["https:\/\/taxne.com\/wp-content\/uploads\/2025\/09\/\u767d\u5e95-\u76d2-300x300.jpg",300,300,true],"medium_large":["https:\/\/taxne.com\/wp-content\/uploads\/2025\/09\/\u767d\u5e95-\u76d2-768x768.jpg",768,768,true],"large":["https:\/\/taxne.com\/wp-content\/uploads\/2025\/09\/\u767d\u5e95-\u76d2.jpg",800,800,false],"1536x1536":["https:\/\/taxne.com\/wp-content\/uploads\/2025\/09\/\u767d\u5e95-\u76d2.jpg",800,800,false],"2048x2048":["https:\/\/taxne.com\/wp-content\/uploads\/2025\/09\/\u767d\u5e95-\u76d2.jpg",800,800,false],"trp-custom-language-flag":["https:\/\/taxne.com\/wp-content\/uploads\/2025\/09\/\u767d\u5e95-\u76d2-12x12.jpg",12,12,true],"woocommerce_thumbnail":["https:\/\/taxne.com\/wp-content\/uploads\/2025\/09\/\u767d\u5e95-\u76d2-300x300.jpg",300,300,true],"woocommerce_single":["https:\/\/taxne.com\/wp-content\/uploads\/2025\/09\/\u767d\u5e95-\u76d2-600x600.jpg",600,600,true],"woocommerce_gallery_thumbnail":["https:\/\/taxne.com\/wp-content\/uploads\/2025\/09\/\u767d\u5e95-\u76d2-100x100.jpg",100,100,true]},"uagb_author_info":{"display_name":"tianke1223@gmail.com","author_link":"https:\/\/taxne.com\/fr\/author\/"},"uagb_comment_info":0,"uagb_excerpt":"Scalp Revival Botanical Shampoo Bar with Oriental Thuja 100g The End of Oily Scalp. The Beginning of Balanced, Healthy Hair. At Taxne, we look to nature's most sophisticated solutions for inspiration.\u00a0The discovery of Paclitaxel (Taxol) from the Pacific Yew tree stands as a powerful testament to nature's incredible intelligence. It showed us that the solutions\u2026","jetpack_sharing_enabled":true,"_links":{"self":[{"href":"https:\/\/taxne.com\/fr\/wp-json\/wp\/v2\/product\/8014","targetHints":{"allow":["GET"]}}],"collection":[{"href":"https:\/\/taxne.com\/fr\/wp-json\/wp\/v2\/product"}],"about":[{"href":"https:\/\/taxne.com\/fr\/wp-json\/wp\/v2\/types\/product"}],"replies":[{"embeddable":true,"href":"https:\/\/taxne.com\/fr\/wp-json\/wp\/v2\/comments?post=8014"}],"wp:featuredmedia":[{"embeddable":true,"href":"https:\/\/taxne.com\/fr\/wp-json\/wp\/v2\/media\/8021"}],"wp:attachment":[{"href":"https:\/\/taxne.com\/fr\/wp-json\/wp\/v2\/media?parent=8014"}],"wp:term":[{"taxonomy":"product_brand","embeddable":true,"href":"https:\/\/taxne.com\/fr\/wp-json\/wp\/v2\/product_brand?post=8014"},{"taxonomy":"product_cat","embeddable":true,"href":"https:\/\/taxne.com\/fr\/wp-json\/wp\/v2\/product_cat?post=8014"},{"taxonomy":"product_tag","embeddable":true,"href":"https:\/\/taxne.com\/fr\/wp-json\/wp\/v2\/product_tag?post=8014"}],"curies":[{"name":"wp","href":"https:\/\/api.w.org\/{rel}","templated":true}]}}