{"id":8035,"date":"2025-09-09T07:32:26","date_gmt":"2025-09-09T07:32:26","guid":{"rendered":"https:\/\/taxne.com\/?post_type=product&#038;p=8035"},"modified":"2025-09-11T02:04:27","modified_gmt":"2025-09-11T02:04:27","slug":"tea-seed-botanical-shampoo-bar","status":"publish","type":"product","link":"https:\/\/taxne.com\/fr\/produit\/barre-de-shampoing-botanique-aux-graines-de-the\/","title":{"rendered":"Shampoing solide aux graines de th\u00e9 pour un cuir chevelu \u00e9quilibr\u00e9 100 g"},"content":{"rendered":"<p class=\"ds-markdown-paragraph\"><strong>Chez Taxne, nous honorons la sagesse de la nature<\/strong>\u00a0\u2013 tout comme les traditions anciennes ont d\u00e9couvert le pouvoir de gu\u00e9rison des plantes, nous avons exploit\u00e9 les propri\u00e9t\u00e9s nettoyantes des graines de th\u00e9 (graines de cam\u00e9lia) combin\u00e9es \u00e0 de pr\u00e9cieuses herbes chinoises pour des soins capillaires transformateurs.<\/p>\n<hr \/>\n<p class=\"ds-markdown-paragraph\"><strong>Fatigu\u00e9 du cycle sans fin de graisse et de flocons ?<\/strong><br \/>\nLorsque les shampoings commerciaux agressent votre cuir chevelu et le rendent plus gras, il est temps d&#039;adopter une solution naturelle. Notre shampoing solide artisanal agit en respectant la biologie de votre cuir chevelu, et non contre elle, en utilisant les saponines naturelles des graines de th\u00e9 traditionnelles pour nettoyer en douceur tout en pr\u00e9servant l&#039;\u00e9quilibre hydrique essentiel.<\/p>\n<p class=\"ds-markdown-paragraph\"><strong>Le pouvoir des graines de th\u00e9 r\u00e9v\u00e9l\u00e9 :<\/strong><br \/>\n\u2022\u00a0<strong>Saponines naturelles<\/strong>\u00a0\u2013 cr\u00e9e une mousse riche et douce qui nettoie sans sulfates<br \/>\n\u2022\u00a0<strong>Polyph\u00e9nols de th\u00e9 riches en antioxydants<\/strong>\u00a0\u2013 prot\u00e9ger le cuir chevelu des facteurs de stress environnementaux<br \/>\n\u2022\u00a0<strong>Acides amin\u00e9s et prot\u00e9ines<\/strong>\u00a0\u2013 nourrir les m\u00e8ches de cheveux tout en les nettoyant<br \/>\n\u2022\u00a0<strong>M\u00e9lange de 10+ herbes chinoises<\/strong>\u00a0(Fo-Ti, Biota, Gingembre) \u2013 r\u00e9pond \u00e0 de multiples probl\u00e8mes de cuir chevelu<\/p>\n<p class=\"ds-markdown-paragraph\"><strong>Une symphonie unique \u00e0 base de plantes :<\/strong><br \/>\nNous avons m\u00e9lang\u00e9 des graines de th\u00e9 avec ces tr\u00e9sors traditionnels :<\/p>\n<ul>\n<li>\n<p class=\"ds-markdown-paragraph\"><strong>Racine de Fo-Ti<\/strong>\u00a0(\u4f55\u9996\u4e4c) \u2013 traditionnellement utilis\u00e9 pour soutenir la vitalit\u00e9 des cheveux<\/p>\n<\/li>\n<li>\n<p class=\"ds-markdown-paragraph\"><strong>Feuilles de biote<\/strong>\u00a0(\u4fa7\u67cf\u53f6) \u2013 aide \u00e0 \u00e9quilibrer l\u2019environnement du cuir chevelu<\/p>\n<\/li>\n<li>\n<p class=\"ds-markdown-paragraph\"><strong>Extrait de gingembre<\/strong>\u00a0\u2013 procure des bienfaits stimulants pour la circulation<\/p>\n<\/li>\n<li>\n<p class=\"ds-markdown-paragraph\"><strong>Savonnier<\/strong>\u00a0(\u65e0\u60a3\u5b50) \u2013 am\u00e9liore l\u2019action moussante naturelle<\/p>\n<\/li>\n<li>\n<p class=\"ds-markdown-paragraph\"><strong>Huile de graines de th\u00e9 et huile d&#039;amande<\/strong>\u00a0\u2013 maintenir l\u2019hydratation pendant le nettoyage<\/p>\n<\/li>\n<\/ul>\n<p class=\"ds-markdown-paragraph\"><strong>La chronologie de la transformation :<\/strong><br \/>\n<strong>Premier lavage :<\/strong>\u00a0Faites l&#039;exp\u00e9rience de cheveux remarquablement propres sans la sensation de \u00ab grincement \u00bb des sulfates<br \/>\n<strong>Semaine 1 :<\/strong>\u00a0Remarquez une r\u00e9duction du s\u00e9bum et une sensation de confort du cuir chevelu<br \/>\n<strong>Semaine 2-3 :<\/strong>\u00a0Profitez de moins de pellicules et de moins de d\u00e9mangeaisons lorsque le cuir chevelu retrouve son \u00e9quilibre naturel<br \/>\n<strong>En cours:<\/strong>\u00a0Maintenez des cheveux d&#039;apparence plus saine avec moins de casse et une brillance naturelle<\/p>\n<p class=\"ds-markdown-paragraph\"><strong>Pourquoi les consommateurs conscients choisissent cette barre\u00a0:<\/strong><br \/>\n\u2713 Sans plastique (remplace 2 \u00e0 3 bouteilles de shampoing)<br \/>\n\u2713 Trait\u00e9 \u00e0 froid pour pr\u00e9server l&#039;int\u00e9grit\u00e9 botanique<br \/>\n\u2713 pH \u00e9quilibr\u00e9 (5,5-6,0) pour la sant\u00e9 du cuir chevelu<br \/>\n\u2713 Convient aux cheveux color\u00e9s et trait\u00e9s chimiquement<br \/>\n\u2713 100% v\u00e9g\u00e9talien et sans cruaut\u00e9<\/p>\n<p class=\"ds-markdown-paragraph\"><strong>Remarques importantes sur l&#039;utilisation\u00a0:<\/strong><br \/>\n\u2022 Pr\u00e9voyez 2 \u00e0 3 semaines pour que votre cuir chevelu s&#039;adapte au nettoyage naturel<br \/>\n\u2022 Peut produire moins de mousse que les shampooings au sulfate au d\u00e9but<br \/>\n\u2022 Conserver dans un porte-savon bien drain\u00e9 entre les utilisations<br \/>\n\u2022 Poursuivre avec un rin\u00e7age acide (vinaigre de cidre de pomme) si l&#039;eau est dure<\/p>\n<p class=\"ds-markdown-paragraph\"><strong>La diff\u00e9rence Taxne :<\/strong><br \/>\nNous n&#039;utilisons jamais :<\/p>\n<ul>\n<li>\n<p class=\"ds-markdown-paragraph\">Sulfates ou d\u00e9tergents synth\u00e9tiques<\/p>\n<\/li>\n<li>\n<p class=\"ds-markdown-paragraph\">Rev\u00eatements en silicone ou en cire<\/p>\n<\/li>\n<li>\n<p class=\"ds-markdown-paragraph\">Parfums ou conservateurs artificiels<\/p>\n<\/li>\n<li>\n<p class=\"ds-markdown-paragraph\">Tests sur les animaux ou ingr\u00e9dients<\/p>\n<\/li>\n<\/ul>\n<p class=\"ds-markdown-paragraph\"><strong>Id\u00e9al pour ceux qui recherchent :<\/strong><br \/>\n\u2192 Solution naturelle pour le cuir chevelu gras et les pellicules<br \/>\n\u2192 Alternative aux shampooings antipelliculaires commerciaux<br \/>\n\u2192 Routine de soins capillaires sans plastique<br \/>\n\u2192 Nettoyage doux pour cuir chevelu sensible<br \/>\n\u2192 La sagesse traditionnelle chinoise \u00e0 base de plantes sous une forme moderne<\/p>\n<p class=\"ds-markdown-paragraph\"><strong>Notre promesse de durabilit\u00e9 :<\/strong><br \/>\nChaque barre est fabriqu\u00e9e \u00e0 la main en petits lots \u00e0 partir d&#039;ingr\u00e9dients issus de sources durables et emball\u00e9e dans des mat\u00e9riaux 100% sans plastique et compostables \u00e0 domicile.<\/p>\n<p class=\"ds-markdown-paragraph\"><strong>D\u00e9couvrez la diff\u00e9rence des graines de th\u00e9 \u2192 Ajouter au panier<\/strong><\/p>","protected":false},"excerpt":{"rendered":"<p class=\"ds-markdown-paragraph\">Nous avons m\u00e9lang\u00e9 des graines de th\u00e9 avec ces tr\u00e9sors traditionnels :<\/p>\n<ul>\n<li>\n<p class=\"ds-markdown-paragraph\"><strong>Racine de Fo-Ti<\/strong>\u00a0(\u4f55\u9996\u4e4c) \u2013 traditionnellement utilis\u00e9 pour soutenir la vitalit\u00e9 des cheveux<\/p>\n<\/li>\n<li>\n<p class=\"ds-markdown-paragraph\"><strong>Feuilles de biote<\/strong>\u00a0(\u4fa7\u67cf\u53f6) \u2013 aide \u00e0 \u00e9quilibrer l\u2019environnement du cuir chevelu<\/p>\n<\/li>\n<li>\n<p class=\"ds-markdown-paragraph\"><strong>Extrait de gingembre<\/strong>\u00a0\u2013 procure des bienfaits stimulants pour la circulation<\/p>\n<\/li>\n<li>\n<p class=\"ds-markdown-paragraph\"><strong>Savonnier<\/strong>\u00a0(\u65e0\u60a3\u5b50) \u2013 am\u00e9liore l\u2019action moussante naturelle<\/p>\n<\/li>\n<li>\n<p class=\"ds-markdown-paragraph\"><strong>Huile de graines de th\u00e9 et huile d&#039;amande<\/strong>\u00a0\u2013 maintenir l\u2019hydratation pendant le nettoyage<\/p>\n<\/li>\n<\/ul>","protected":false},"featured_media":8039,"comment_status":"open","ping_status":"closed","template":"","meta":{"_uag_custom_page_level_css":"","site-sidebar-layout":"default","site-content-layout":"","ast-site-content-layout":"default","site-content-style":"default","site-sidebar-style":"default","ast-global-header-display":"","ast-banner-title-visibility":"","ast-main-header-display":"","ast-hfb-above-header-display":"","ast-hfb-below-header-display":"","ast-hfb-mobile-header-display":"","site-post-title":"","ast-breadcrumbs-content":"","ast-featured-img":"","footer-sml-layout":"","ast-disable-related-posts":"","theme-transparent-header-meta":"default","adv-header-id-meta":"","stick-header-meta":"","header-above-stick-meta":"","header-main-stick-meta":"","header-below-stick-meta":"","astra-migrate-meta-layouts":"set","ast-page-background-enabled":"default","ast-page-background-meta":{"desktop":{"background-color":"","background-image":"","background-repeat":"repeat","background-position":"center center","background-size":"auto","background-attachment":"scroll","background-type":"","background-media":"","overlay-type":"","overlay-color":"","overlay-opacity":"","overlay-gradient":""},"tablet":{"background-color":"","background-image":"","background-repeat":"repeat","background-position":"center center","background-size":"auto","background-attachment":"scroll","background-type":"","background-media":"","overlay-type":"","overlay-color":"","overlay-opacity":"","overlay-gradient":""},"mobile":{"background-color":"","background-image":"","background-repeat":"repeat","background-position":"center center","background-size":"auto","background-attachment":"scroll","background-type":"","background-media":"","overlay-type":"","overlay-color":"","overlay-opacity":"","overlay-gradient":""}},"ast-content-background-meta":{"desktop":{"background-color":"var(--ast-global-color-5)","background-image":"","background-repeat":"repeat","background-position":"center center","background-size":"auto","background-attachment":"scroll","background-type":"","background-media":"","overlay-type":"","overlay-color":"","overlay-opacity":"","overlay-gradient":""},"tablet":{"background-color":"var(--ast-global-color-5)","background-image":"","background-repeat":"repeat","background-position":"center center","background-size":"auto","background-attachment":"scroll","background-type":"","background-media":"","overlay-type":"","overlay-color":"","overlay-opacity":"","overlay-gradient":""},"mobile":{"background-color":"var(--ast-global-color-5)","background-image":"","background-repeat":"repeat","background-position":"center center","background-size":"auto","background-attachment":"scroll","background-type":"","background-media":"","overlay-type":"","overlay-color":"","overlay-opacity":"","overlay-gradient":""}}},"product_brand":[],"product_cat":[15],"product_tag":[81,68,82,84,63,79,80,83,78,65],"class_list":{"0":"post-8035","1":"product","2":"type-product","3":"status-publish","4":"has-post-thumbnail","6":"product_cat-herbs-soap","7":"product_tag-botanical-scalp-treatment","8":"product_tag-chinese-herbal-shampoo","9":"product_tag-handmade-shampoo","10":"product_tag-itchy-scalp-relief","11":"product_tag-natural-dandruff-treatment","12":"product_tag-oily-scalp-solution","13":"product_tag-plastic-free-hair-care","14":"product_tag-sulfate-free","15":"product_tag-tea-seed-shampoo-bar","16":"product_tag-vegan-shampoo-bar","17":"desktop-align-left","18":"tablet-align-left","19":"mobile-align-left","21":"first","22":"instock","23":"sale","24":"featured","25":"shipping-taxable","26":"purchasable","27":"product-type-simple"},"yoast_head":"<!-- This site is optimized with the Yoast SEO plugin v27.3 - https:\/\/yoast.com\/product\/yoast-seo-wordpress\/ -->\n<title>Tea Seed Botanical Shampoo Bar - Natural Oil Control &amp; Scalp Care | Taxne<\/title>\n<meta name=\"description\" content=\"Discover our handmade tea seed shampoo bar with 10+ Chinese herbs. Naturally controls oil, reduces flakes, and soothes itchy scalp without harsh chemicals. pH-balanced for all hair types. Vegan and plastic-free.\" \/>\n<meta name=\"robots\" content=\"index, follow, max-snippet:-1, max-image-preview:large, max-video-preview:-1\" \/>\n<link rel=\"canonical\" href=\"https:\/\/taxne.com\/fr\/produit\/barre-de-shampoing-botanique-aux-graines-de-the\/\" \/>\n<meta property=\"og:locale\" content=\"fr_FR\" \/>\n<meta property=\"og:type\" content=\"article\" \/>\n<meta property=\"og:title\" content=\"Tea Seed Botanical Shampoo Bar - Natural Oil Control &amp; Scalp Care | Taxne\" \/>\n<meta property=\"og:description\" content=\"Discover our handmade tea seed shampoo bar with 10+ Chinese herbs. Naturally controls oil, reduces flakes, and soothes itchy scalp without harsh chemicals. pH-balanced for all hair types. Vegan and plastic-free.\" \/>\n<meta property=\"og:url\" content=\"https:\/\/taxne.com\/fr\/produit\/barre-de-shampoing-botanique-aux-graines-de-the\/\" \/>\n<meta property=\"article:modified_time\" content=\"2025-09-11T02:04:27+00:00\" \/>\n<meta property=\"og:image\" content=\"https:\/\/taxne.com\/wp-content\/uploads\/2025\/09\/O1CN011Qtc6W1PVyc3BpblW_4611686018427381047-0-item_pic.png\" \/>\n\t<meta property=\"og:image:width\" content=\"750\" \/>\n\t<meta property=\"og:image:height\" content=\"1000\" \/>\n\t<meta property=\"og:image:type\" content=\"image\/png\" \/>\n<meta name=\"twitter:card\" content=\"summary_large_image\" \/>\n<meta name=\"twitter:label1\" content=\"Dur\u00e9e de lecture estim\u00e9e\" \/>\n\t<meta name=\"twitter:data1\" content=\"3 minutes\" \/>\n<script type=\"application\/ld+json\" class=\"yoast-schema-graph\">{\"@context\":\"https:\\\/\\\/schema.org\",\"@graph\":[{\"@type\":\"WebPage\",\"@id\":\"https:\\\/\\\/taxne.com\\\/product\\\/tea-seed-botanical-shampoo-bar\\\/\",\"url\":\"https:\\\/\\\/taxne.com\\\/product\\\/tea-seed-botanical-shampoo-bar\\\/\",\"name\":\"Tea Seed Botanical Shampoo Bar - Natural Oil Control & Scalp Care | Taxne\",\"isPartOf\":{\"@id\":\"https:\\\/\\\/taxne.com\\\/#website\"},\"primaryImageOfPage\":{\"@id\":\"https:\\\/\\\/taxne.com\\\/product\\\/tea-seed-botanical-shampoo-bar\\\/#primaryimage\"},\"image\":{\"@id\":\"https:\\\/\\\/taxne.com\\\/product\\\/tea-seed-botanical-shampoo-bar\\\/#primaryimage\"},\"thumbnailUrl\":\"https:\\\/\\\/taxne.com\\\/wp-content\\\/uploads\\\/2025\\\/09\\\/O1CN011Qtc6W1PVyc3BpblW_4611686018427381047-0-item_pic.png\",\"datePublished\":\"2025-09-09T07:32:26+00:00\",\"dateModified\":\"2025-09-11T02:04:27+00:00\",\"description\":\"Discover our handmade tea seed shampoo bar with 10+ Chinese herbs. Naturally controls oil, reduces flakes, and soothes itchy scalp without harsh chemicals. pH-balanced for all hair types. Vegan and plastic-free.\",\"breadcrumb\":{\"@id\":\"https:\\\/\\\/taxne.com\\\/product\\\/tea-seed-botanical-shampoo-bar\\\/#breadcrumb\"},\"inLanguage\":\"fr-FR\",\"potentialAction\":[{\"@type\":\"ReadAction\",\"target\":[\"https:\\\/\\\/taxne.com\\\/product\\\/tea-seed-botanical-shampoo-bar\\\/\"]}]},{\"@type\":\"ImageObject\",\"inLanguage\":\"fr-FR\",\"@id\":\"https:\\\/\\\/taxne.com\\\/product\\\/tea-seed-botanical-shampoo-bar\\\/#primaryimage\",\"url\":\"https:\\\/\\\/taxne.com\\\/wp-content\\\/uploads\\\/2025\\\/09\\\/O1CN011Qtc6W1PVyc3BpblW_4611686018427381047-0-item_pic.png\",\"contentUrl\":\"https:\\\/\\\/taxne.com\\\/wp-content\\\/uploads\\\/2025\\\/09\\\/O1CN011Qtc6W1PVyc3BpblW_4611686018427381047-0-item_pic.png\",\"width\":750,\"height\":1000,\"caption\":\"Tea Seed Botanical Shampoo Bar for Scalp Balance\"},{\"@type\":\"BreadcrumbList\",\"@id\":\"https:\\\/\\\/taxne.com\\\/product\\\/tea-seed-botanical-shampoo-bar\\\/#breadcrumb\",\"itemListElement\":[{\"@type\":\"ListItem\",\"position\":1,\"name\":\"\u9996\u9875\",\"item\":\"https:\\\/\\\/taxne.com\\\/\"},{\"@type\":\"ListItem\",\"position\":2,\"name\":\"Shop\",\"item\":\"https:\\\/\\\/taxne.com\\\/shop-2\\\/\"},{\"@type\":\"ListItem\",\"position\":3,\"name\":\"Tea Seed Botanical Shampoo Bar for Scalp Balance 100g\"}]},{\"@type\":\"WebSite\",\"@id\":\"https:\\\/\\\/taxne.com\\\/#website\",\"url\":\"https:\\\/\\\/taxne.com\\\/\",\"name\":\"taxne.com\",\"description\":\"\",\"publisher\":{\"@id\":\"https:\\\/\\\/taxne.com\\\/#organization\"},\"potentialAction\":[{\"@type\":\"SearchAction\",\"target\":{\"@type\":\"EntryPoint\",\"urlTemplate\":\"https:\\\/\\\/taxne.com\\\/?s={search_term_string}\"},\"query-input\":{\"@type\":\"PropertyValueSpecification\",\"valueRequired\":true,\"valueName\":\"search_term_string\"}}],\"inLanguage\":\"fr-FR\"},{\"@type\":\"Organization\",\"@id\":\"https:\\\/\\\/taxne.com\\\/#organization\",\"name\":\"taxne.com\",\"url\":\"https:\\\/\\\/taxne.com\\\/\",\"logo\":{\"@type\":\"ImageObject\",\"inLanguage\":\"fr-FR\",\"@id\":\"https:\\\/\\\/taxne.com\\\/#\\\/schema\\\/logo\\\/image\\\/\",\"url\":\"https:\\\/\\\/taxne.com\\\/wp-content\\\/uploads\\\/2025\\\/09\\\/cropped-logo.png\",\"contentUrl\":\"https:\\\/\\\/taxne.com\\\/wp-content\\\/uploads\\\/2025\\\/09\\\/cropped-logo.png\",\"width\":1027,\"height\":270,\"caption\":\"taxne.com\"},\"image\":{\"@id\":\"https:\\\/\\\/taxne.com\\\/#\\\/schema\\\/logo\\\/image\\\/\"}}]}<\/script>\n<!-- \/ Yoast SEO plugin. -->","yoast_head_json":{"title":"Shampoing solide aux graines de th\u00e9 \u2013 Contr\u00f4le naturel du s\u00e9bum et soin du cuir chevelu | Taxne","description":"D\u00e9couvrez notre shampoing solide artisanal aux graines de th\u00e9, enrichi en plus de 10 plantes chinoises. Il r\u00e9gule naturellement le s\u00e9bum, r\u00e9duit les squames et apaise les d\u00e9mangeaisons du cuir chevelu sans produits chimiques agressifs. Son pH \u00e9quilibr\u00e9 convient \u00e0 tous les types de cheveux. Vegan et sans plastique.","robots":{"index":"index","follow":"follow","max-snippet":"max-snippet:-1","max-image-preview":"max-image-preview:large","max-video-preview":"max-video-preview:-1"},"canonical":"https:\/\/taxne.com\/fr\/produit\/barre-de-shampoing-botanique-aux-graines-de-the\/","og_locale":"fr_FR","og_type":"article","og_title":"Tea Seed Botanical Shampoo Bar - Natural Oil Control & Scalp Care | Taxne","og_description":"Discover our handmade tea seed shampoo bar with 10+ Chinese herbs. Naturally controls oil, reduces flakes, and soothes itchy scalp without harsh chemicals. pH-balanced for all hair types. Vegan and plastic-free.","og_url":"https:\/\/taxne.com\/fr\/produit\/barre-de-shampoing-botanique-aux-graines-de-the\/","article_modified_time":"2025-09-11T02:04:27+00:00","og_image":[{"width":750,"height":1000,"url":"https:\/\/taxne.com\/wp-content\/uploads\/2025\/09\/O1CN011Qtc6W1PVyc3BpblW_4611686018427381047-0-item_pic.png","type":"image\/png"}],"twitter_card":"summary_large_image","twitter_misc":{"Dur\u00e9e de lecture estim\u00e9e":"3 minutes"},"schema":{"@context":"https:\/\/schema.org","@graph":[{"@type":"WebPage","@id":"https:\/\/taxne.com\/product\/tea-seed-botanical-shampoo-bar\/","url":"https:\/\/taxne.com\/product\/tea-seed-botanical-shampoo-bar\/","name":"Shampoing solide aux graines de th\u00e9 \u2013 Contr\u00f4le naturel du s\u00e9bum et soin du cuir chevelu | Taxne","isPartOf":{"@id":"https:\/\/taxne.com\/#website"},"primaryImageOfPage":{"@id":"https:\/\/taxne.com\/product\/tea-seed-botanical-shampoo-bar\/#primaryimage"},"image":{"@id":"https:\/\/taxne.com\/product\/tea-seed-botanical-shampoo-bar\/#primaryimage"},"thumbnailUrl":"https:\/\/taxne.com\/wp-content\/uploads\/2025\/09\/O1CN011Qtc6W1PVyc3BpblW_4611686018427381047-0-item_pic.png","datePublished":"2025-09-09T07:32:26+00:00","dateModified":"2025-09-11T02:04:27+00:00","description":"D\u00e9couvrez notre shampoing solide artisanal aux graines de th\u00e9, enrichi en plus de 10 plantes chinoises. Il r\u00e9gule naturellement le s\u00e9bum, r\u00e9duit les squames et apaise les d\u00e9mangeaisons du cuir chevelu sans produits chimiques agressifs. Son pH \u00e9quilibr\u00e9 convient \u00e0 tous les types de cheveux. Vegan et sans plastique.","breadcrumb":{"@id":"https:\/\/taxne.com\/product\/tea-seed-botanical-shampoo-bar\/#breadcrumb"},"inLanguage":"fr-FR","potentialAction":[{"@type":"ReadAction","target":["https:\/\/taxne.com\/product\/tea-seed-botanical-shampoo-bar\/"]}]},{"@type":"ImageObject","inLanguage":"fr-FR","@id":"https:\/\/taxne.com\/product\/tea-seed-botanical-shampoo-bar\/#primaryimage","url":"https:\/\/taxne.com\/wp-content\/uploads\/2025\/09\/O1CN011Qtc6W1PVyc3BpblW_4611686018427381047-0-item_pic.png","contentUrl":"https:\/\/taxne.com\/wp-content\/uploads\/2025\/09\/O1CN011Qtc6W1PVyc3BpblW_4611686018427381047-0-item_pic.png","width":750,"height":1000,"caption":"Tea Seed Botanical Shampoo Bar for Scalp Balance"},{"@type":"BreadcrumbList","@id":"https:\/\/taxne.com\/product\/tea-seed-botanical-shampoo-bar\/#breadcrumb","itemListElement":[{"@type":"ListItem","position":1,"name":"\u9996\u9875","item":"https:\/\/taxne.com\/"},{"@type":"ListItem","position":2,"name":"Shop","item":"https:\/\/taxne.com\/shop-2\/"},{"@type":"ListItem","position":3,"name":"Tea Seed Botanical Shampoo Bar for Scalp Balance 100g"}]},{"@type":"WebSite","@id":"https:\/\/taxne.com\/#website","url":"https:\/\/taxne.com\/","name":"taxne.com","description":"","publisher":{"@id":"https:\/\/taxne.com\/#organization"},"potentialAction":[{"@type":"SearchAction","target":{"@type":"EntryPoint","urlTemplate":"https:\/\/taxne.com\/?s={search_term_string}"},"query-input":{"@type":"PropertyValueSpecification","valueRequired":true,"valueName":"search_term_string"}}],"inLanguage":"fr-FR"},{"@type":"Organization","@id":"https:\/\/taxne.com\/#organization","name":"taxne.com","url":"https:\/\/taxne.com\/","logo":{"@type":"ImageObject","inLanguage":"fr-FR","@id":"https:\/\/taxne.com\/#\/schema\/logo\/image\/","url":"https:\/\/taxne.com\/wp-content\/uploads\/2025\/09\/cropped-logo.png","contentUrl":"https:\/\/taxne.com\/wp-content\/uploads\/2025\/09\/cropped-logo.png","width":1027,"height":270,"caption":"taxne.com"},"image":{"@id":"https:\/\/taxne.com\/#\/schema\/logo\/image\/"}}]}},"uagb_featured_image_src":{"full":["https:\/\/taxne.com\/wp-content\/uploads\/2025\/09\/O1CN011Qtc6W1PVyc3BpblW_4611686018427381047-0-item_pic.png",750,1000,false],"thumbnail":["https:\/\/taxne.com\/wp-content\/uploads\/2025\/09\/O1CN011Qtc6W1PVyc3BpblW_4611686018427381047-0-item_pic-150x150.png",150,150,true],"medium":["https:\/\/taxne.com\/wp-content\/uploads\/2025\/09\/O1CN011Qtc6W1PVyc3BpblW_4611686018427381047-0-item_pic-225x300.png",225,300,true],"medium_large":["https:\/\/taxne.com\/wp-content\/uploads\/2025\/09\/O1CN011Qtc6W1PVyc3BpblW_4611686018427381047-0-item_pic.png",750,1000,false],"large":["https:\/\/taxne.com\/wp-content\/uploads\/2025\/09\/O1CN011Qtc6W1PVyc3BpblW_4611686018427381047-0-item_pic.png",750,1000,false],"1536x1536":["https:\/\/taxne.com\/wp-content\/uploads\/2025\/09\/O1CN011Qtc6W1PVyc3BpblW_4611686018427381047-0-item_pic.png",750,1000,false],"2048x2048":["https:\/\/taxne.com\/wp-content\/uploads\/2025\/09\/O1CN011Qtc6W1PVyc3BpblW_4611686018427381047-0-item_pic.png",750,1000,false],"trp-custom-language-flag":["https:\/\/taxne.com\/wp-content\/uploads\/2025\/09\/O1CN011Qtc6W1PVyc3BpblW_4611686018427381047-0-item_pic-9x12.png",9,12,true],"woocommerce_thumbnail":["https:\/\/taxne.com\/wp-content\/uploads\/2025\/09\/O1CN011Qtc6W1PVyc3BpblW_4611686018427381047-0-item_pic-300x300.png",300,300,true],"woocommerce_single":["https:\/\/taxne.com\/wp-content\/uploads\/2025\/09\/O1CN011Qtc6W1PVyc3BpblW_4611686018427381047-0-item_pic-600x800.png",600,800,true],"woocommerce_gallery_thumbnail":["https:\/\/taxne.com\/wp-content\/uploads\/2025\/09\/O1CN011Qtc6W1PVyc3BpblW_4611686018427381047-0-item_pic-100x100.png",100,100,true]},"uagb_author_info":{"display_name":"tianke1223@gmail.com","author_link":"https:\/\/taxne.com\/fr\/author\/"},"uagb_comment_info":0,"uagb_excerpt":"We've blended tea seed with these traditional treasures: Fo-Ti Root\u00a0(\u4f55\u9996\u4e4c) - traditionally used to support hair vitality Biota Leaves\u00a0(\u4fa7\u67cf\u53f6) - helps balance scalp environment Ginger Extract\u00a0- provides stimulating circulation benefits Soapberry\u00a0(\u65e0\u60a3\u5b50) - enhances natural foaming action Tea Seed Oil &amp; Almond Oil\u00a0- maintain moisture during cleansing","jetpack_sharing_enabled":true,"_links":{"self":[{"href":"https:\/\/taxne.com\/fr\/wp-json\/wp\/v2\/product\/8035","targetHints":{"allow":["GET"]}}],"collection":[{"href":"https:\/\/taxne.com\/fr\/wp-json\/wp\/v2\/product"}],"about":[{"href":"https:\/\/taxne.com\/fr\/wp-json\/wp\/v2\/types\/product"}],"replies":[{"embeddable":true,"href":"https:\/\/taxne.com\/fr\/wp-json\/wp\/v2\/comments?post=8035"}],"wp:featuredmedia":[{"embeddable":true,"href":"https:\/\/taxne.com\/fr\/wp-json\/wp\/v2\/media\/8039"}],"wp:attachment":[{"href":"https:\/\/taxne.com\/fr\/wp-json\/wp\/v2\/media?parent=8035"}],"wp:term":[{"taxonomy":"product_brand","embeddable":true,"href":"https:\/\/taxne.com\/fr\/wp-json\/wp\/v2\/product_brand?post=8035"},{"taxonomy":"product_cat","embeddable":true,"href":"https:\/\/taxne.com\/fr\/wp-json\/wp\/v2\/product_cat?post=8035"},{"taxonomy":"product_tag","embeddable":true,"href":"https:\/\/taxne.com\/fr\/wp-json\/wp\/v2\/product_tag?post=8035"}],"curies":[{"name":"wp","href":"https:\/\/api.w.org\/{rel}","templated":true}]}}