{"id":8096,"date":"2025-09-09T08:48:17","date_gmt":"2025-09-09T08:48:17","guid":{"rendered":"https:\/\/taxne.com\/?post_type=product&#038;p=8096"},"modified":"2025-09-11T02:03:32","modified_gmt":"2025-09-11T02:03:32","slug":"usma-herbal-fortifying-shampoo-bar","status":"publish","type":"product","link":"https:\/\/taxne.com\/fr\/produit\/shampooing-solide-fortifiant-aux-herbes-usma\/","title":{"rendered":"Shampoing solide fortifiant aux herbes Usma"},"content":{"rendered":"<p class=\"ds-markdown-paragraph\"><strong>O\u00f9 la sagesse ancestrale ou\u00efghoure rencontre les soins capillaires modernes<\/strong><br \/>\nChez Taxne, nous explorons les ingr\u00e9dients les plus puissants de la nature, issus du monde entier. Notre barre aux herbes Usma exploite le pouvoir de l&#039;herbe Usma, la l\u00e9gendaire herbe du Xinjiang, associ\u00e9e \u00e0 des herbes chinoises traditionnelles, pour cr\u00e9er une exp\u00e9rience capillaire v\u00e9ritablement transformatrice et fortifiante.<\/p>\n<hr \/>\n<p class=\"ds-markdown-paragraph\"><strong>Fatigu\u00e9 de voir vos cheveux s&#039;\u00e9claircir de jour en jour ?<\/strong><br \/>\nQuand chaque lavage laisse des cheveux dans le drain et que votre brosse se remplit de m\u00e8ches ab\u00eem\u00e9es, il est temps d&#039;adopter une solution efficace. Notre formule \u00e0 base d&#039;Usma ne se contente pas de nettoyer, elle renforce et nourrit activement les cheveux de la racine \u00e0 la pointe.<\/p>\n<p class=\"ds-markdown-paragraph\"><strong>Le pouvoir de l&#039;herbe l\u00e9gendaire du Xinjiang :<\/strong><br \/>\n\u2022\u00a0<strong>Herbe Usma<\/strong>Depuis des si\u00e8cles, les femmes ou\u00efghoures utilisent cette herbe rare pour pr\u00e9server l&#039;\u00e9paisseur et la force l\u00e9gendaires de leurs cheveux. Riche en compos\u00e9s b\u00e9n\u00e9fiques pour les cheveux, elle contribue \u00e0 r\u00e9duire leur chute et leur casse.<br \/>\n\u2022\u00a0<strong>Champignon Reishi (\u9ed1\u7075\u829d)<\/strong>:Connu sous le nom de \u00ab champignon de l&#039;immortalit\u00e9 \u00bb, il nourrit en profondeur les follicules pileux<br \/>\n\u2022\u00a0<strong>Racine Fo-Ti (\u4f55\u9996\u4e4c)<\/strong>:Traditionnellement utilis\u00e9 pour soutenir la r\u00e9silience et l&#039;\u00e9paisseur des cheveux<br \/>\n\u2022\u00a0<strong>Feuille de m\u00fbrier (\u6851\u53f6)<\/strong>:Riche en antioxydants qui prot\u00e8gent les cheveux des dommages environnementaux<br \/>\n\u2022\u00a0<strong>Feuilles du biote (\u4fa7\u67cf\u53f6)<\/strong>:Aide \u00e0 cr\u00e9er un environnement optimal du cuir chevelu pour une croissance saine<\/p>\n<p class=\"ds-markdown-paragraph\"><strong>Pourquoi cette formule traditionnelle fonctionne :<\/strong><br \/>\n\u2192\u00a0<strong>R\u00e9duit la perte de cheveux<\/strong>: L&#039;herbe Usma aide \u00e0 renforcer les cheveux au niveau de la racine<br \/>\n\u2192\u00a0<strong>Am\u00e9liore la densit\u00e9 des cheveux<\/strong>:Le m\u00e9lange botanique favorise des cheveux plus \u00e9pais<br \/>\n\u2192\u00a0<strong>Am\u00e9liore l&#039;\u00e9lasticit\u00e9<\/strong>:Les cheveux deviennent plus r\u00e9sistants \u00e0 la casse<br \/>\n\u2192\u00a0<strong>Nourrit le cuir chevelu<\/strong>:Cr\u00e9e un environnement id\u00e9al pour une croissance saine des cheveux<br \/>\n\u2192\u00a0<strong>Choix durable<\/strong>:Une barre remplace 3 bouteilles de shampoing en plastique<\/p>\n<p class=\"ds-markdown-paragraph\"><strong>Votre voyage vers des cheveux plus \u00e9pais\u00a0:<\/strong><br \/>\n<strong>Les 2 premi\u00e8res semaines<\/strong>:Remarquez moins de cheveux dans le drain de douche et la brosse<br \/>\n<strong>Semaines 3-4<\/strong>:Constatez une r\u00e9duction visible de la casse lors du coiffage<br \/>\n<strong>Semaines 5 \u00e0 8<\/strong>: Profitez de cheveux sensiblement plus \u00e9pais et plus forts avec une texture am\u00e9lior\u00e9e<br \/>\n<strong>En cours<\/strong>:Maintenez des cheveux r\u00e9sistants et volumineux gr\u00e2ce \u00e0 une utilisation r\u00e9guli\u00e8re<\/p>\n<p class=\"ds-markdown-paragraph\"><strong>Guide d&#039;application expert :<\/strong><\/p>\n<ol start=\"1\">\n<li>\n<p class=\"ds-markdown-paragraph\"><strong>Pr\u00e9paration<\/strong>: D\u00e9m\u00ealez d\u00e9licatement les cheveux avant de les laver<\/p>\n<\/li>\n<li>\n<p class=\"ds-markdown-paragraph\"><strong>Faire mousser<\/strong>: Cr\u00e9ez une mousse riche en utilisant de l&#039;eau chaude et une brosse \u00e0 shampoing<\/p>\n<\/li>\n<li>\n<p class=\"ds-markdown-paragraph\"><strong>Traitement<\/strong>: Masser le cuir chevelu pendant 3 \u00e0 4 minutes pour stimuler l&#039;absorption<\/p>\n<\/li>\n<li>\n<p class=\"ds-markdown-paragraph\"><strong>Rin\u00e7age<\/strong>:Assurez-vous de bien rincer des racines jusqu&#039;aux pointes<\/p>\n<\/li>\n<li>\n<p class=\"ds-markdown-paragraph\"><strong>Fr\u00e9quence<\/strong>:<\/p>\n<ul>\n<li>\n<p class=\"ds-markdown-paragraph\">Pour de meilleurs r\u00e9sultats : utiliser 3 \u00e0 4 fois par semaine<\/p>\n<\/li>\n<li>\n<p class=\"ds-markdown-paragraph\">Entretien : 2 \u00e0 3 fois par semaine apr\u00e8s les 8 premi\u00e8res semaines<\/p>\n<\/li>\n<\/ul>\n<\/li>\n<\/ol>\n<p class=\"ds-markdown-paragraph\"><strong>Remarques importantes sur l&#039;utilisation\u00a0:<\/strong><br \/>\n\u2022\u00a0<strong>Effectuez toujours un test cutan\u00e9<\/strong>\u00a0avant la premi\u00e8re utilisation en raison de son puissant contenu botanique<br \/>\n\u2022 Pr\u00e9voyez 4 \u00e0 6 semaines pour des r\u00e9sultats visibles \u00e0 mesure que le cycle de croissance des cheveux se renouvelle<br \/>\n\u2022 Conserver dans un porte-savon sec et bien a\u00e9r\u00e9 entre les utilisations<br \/>\n\u2022 Peut produire moins de mousse que les shampooings au sulfate au d\u00e9but<\/p>\n<p class=\"ds-markdown-paragraph\"><strong>Notre promesse de formulation traditionnelle :<\/strong><br \/>\nNous honorons la sagesse traditionnelle avec :<\/p>\n<ul>\n<li>\n<p class=\"ds-markdown-paragraph\">Ingr\u00e9dients v\u00e9g\u00e9taux 100%<\/p>\n<\/li>\n<li>\n<p class=\"ds-markdown-paragraph\">Fabriqu\u00e9 \u00e0 la main en petites quantit\u00e9s<\/p>\n<\/li>\n<li>\n<p class=\"ds-markdown-paragraph\">Trait\u00e9 \u00e0 froid pour pr\u00e9server l&#039;int\u00e9grit\u00e9 botanique<\/p>\n<\/li>\n<li>\n<p class=\"ds-markdown-paragraph\">Sans parfums ni colorants artificiels<\/p>\n<\/li>\n<li>\n<p class=\"ds-markdown-paragraph\">Pas de tests sur les animaux<\/p>\n<\/li>\n<li>\n<p class=\"ds-markdown-paragraph\">Emballage sans plastique<\/p>\n<\/li>\n<\/ul>\n<p class=\"ds-markdown-paragraph\"><strong>Id\u00e9al pour ceux qui recherchent :<\/strong><br \/>\n\u221a Solution naturelle contre la perte de cheveux<br \/>\n\u221a R\u00e9duction de la perte de cheveux quotidienne<br \/>\n\u221a Am\u00e9lioration de la force et de la r\u00e9silience des cheveux<br \/>\n\u221a La sagesse traditionnelle des plantes m\u00e9dicinales sous une forme moderne<br \/>\n\u221a Alternative durable aux soins capillaires<\/p>\n<p class=\"ds-markdown-paragraph\"><strong>Engagement en mati\u00e8re de d\u00e9veloppement durable :<\/strong><br \/>\nNous travaillons en partenariat avec des producteurs du Xinjiang qui pratiquent la cueillette sauvage durable de l&#039;herbe Usma, garantissant \u00e0 la fois la qualit\u00e9 des ingr\u00e9dients et la protection de l&#039;environnement.<\/p>\n<p class=\"ds-markdown-paragraph\"><strong>D\u00e9couvrez la diff\u00e9rence Usma \u2192 Ajouter au panier<\/strong><\/p>\n<hr \/>\n<p class=\"ds-markdown-paragraph\"><strong>Note:<\/strong>\u00a0Bien que l&#039;usage traditionnel confirme les bienfaits capillaires de l&#039;herbe Usma, les r\u00e9sultats peuvent varier d&#039;une personne \u00e0 l&#039;autre. Ce produit est destin\u00e9 \u00e0 un usage cosm\u00e9tique uniquement. Pour tout probl\u00e8me capillaire sp\u00e9cifique, consultez un dermatologue. Effectuez toujours un test cutan\u00e9 avant application compl\u00e8te. Pr\u00e9voyez 2 \u00e0 3 mois pour des r\u00e9sultats optimaux, le temps que les cycles de croissance capillaire se renouvellent.<\/p>","protected":false},"excerpt":{"rendered":"<p class=\"ds-markdown-paragraph\"><strong>O\u00f9 la sagesse ancestrale ou\u00efghoure rencontre les soins capillaires modernes<\/strong><br \/>\nChez Taxne, nous explorons les ingr\u00e9dients les plus puissants de la nature, issus du monde entier. Notre barre aux herbes Usma exploite le pouvoir de l&#039;herbe Usma, la l\u00e9gendaire herbe du Xinjiang, associ\u00e9e \u00e0 des herbes chinoises traditionnelles, pour cr\u00e9er une exp\u00e9rience capillaire v\u00e9ritablement transformatrice et fortifiante.<\/p>\n<p class=\"ds-markdown-paragraph\"><strong>Le pouvoir de l&#039;herbe l\u00e9gendaire du Xinjiang :<\/strong><br \/>\n\u2022\u00a0<strong>Herbe Usma<\/strong>Depuis des si\u00e8cles, les femmes ou\u00efghoures utilisent cette herbe rare pour pr\u00e9server l&#039;\u00e9paisseur et la force l\u00e9gendaires de leurs cheveux. Riche en compos\u00e9s b\u00e9n\u00e9fiques pour les cheveux, elle contribue \u00e0 r\u00e9duire leur chute et leur casse.<br \/>\n\u2022\u00a0<strong>Champignon Reishi (\u9ed1\u7075\u829d)<\/strong>:Connu sous le nom de \u00ab champignon de l&#039;immortalit\u00e9 \u00bb, il nourrit en profondeur les follicules pileux<br \/>\n\u2022\u00a0<strong>Racine Fo-Ti (\u4f55\u9996\u4e4c)<\/strong>:Traditionnellement utilis\u00e9 pour soutenir la r\u00e9silience et l&#039;\u00e9paisseur des cheveux<br \/>\n\u2022\u00a0<strong>Feuille de m\u00fbrier (\u6851\u53f6)<\/strong>:Riche en antioxydants qui prot\u00e8gent les cheveux des dommages environnementaux<br \/>\n\u2022\u00a0<strong>Feuilles du biote (\u4fa7\u67cf\u53f6)<\/strong>:Aide \u00e0 cr\u00e9er un environnement optimal du cuir chevelu pour une croissance saine<\/p>","protected":false},"featured_media":8100,"comment_status":"open","ping_status":"closed","template":"","meta":{"_uag_custom_page_level_css":"","site-sidebar-layout":"default","site-content-layout":"","ast-site-content-layout":"default","site-content-style":"default","site-sidebar-style":"default","ast-global-header-display":"","ast-banner-title-visibility":"","ast-main-header-display":"","ast-hfb-above-header-display":"","ast-hfb-below-header-display":"","ast-hfb-mobile-header-display":"","site-post-title":"","ast-breadcrumbs-content":"","ast-featured-img":"","footer-sml-layout":"","ast-disable-related-posts":"","theme-transparent-header-meta":"default","adv-header-id-meta":"","stick-header-meta":"","header-above-stick-meta":"","header-main-stick-meta":"","header-below-stick-meta":"","astra-migrate-meta-layouts":"set","ast-page-background-enabled":"default","ast-page-background-meta":{"desktop":{"background-color":"","background-image":"","background-repeat":"repeat","background-position":"center center","background-size":"auto","background-attachment":"scroll","background-type":"","background-media":"","overlay-type":"","overlay-color":"","overlay-opacity":"","overlay-gradient":""},"tablet":{"background-color":"","background-image":"","background-repeat":"repeat","background-position":"center center","background-size":"auto","background-attachment":"scroll","background-type":"","background-media":"","overlay-type":"","overlay-color":"","overlay-opacity":"","overlay-gradient":""},"mobile":{"background-color":"","background-image":"","background-repeat":"repeat","background-position":"center center","background-size":"auto","background-attachment":"scroll","background-type":"","background-media":"","overlay-type":"","overlay-color":"","overlay-opacity":"","overlay-gradient":""}},"ast-content-background-meta":{"desktop":{"background-color":"var(--ast-global-color-5)","background-image":"","background-repeat":"repeat","background-position":"center center","background-size":"auto","background-attachment":"scroll","background-type":"","background-media":"","overlay-type":"","overlay-color":"","overlay-opacity":"","overlay-gradient":""},"tablet":{"background-color":"var(--ast-global-color-5)","background-image":"","background-repeat":"repeat","background-position":"center center","background-size":"auto","background-attachment":"scroll","background-type":"","background-media":"","overlay-type":"","overlay-color":"","overlay-opacity":"","overlay-gradient":""},"mobile":{"background-color":"var(--ast-global-color-5)","background-image":"","background-repeat":"repeat","background-position":"center center","background-size":"auto","background-attachment":"scroll","background-type":"","background-media":"","overlay-type":"","overlay-color":"","overlay-opacity":"","overlay-gradient":""}}},"product_brand":[],"product_cat":[15],"product_tag":[68,117,116,82,119,121,118,120,115,52],"class_list":{"0":"post-8096","1":"product","2":"type-product","3":"status-publish","4":"has-post-thumbnail","6":"product_cat-herbs-soap","7":"product_tag-chinese-herbal-shampoo","8":"product_tag-fortifying-shampoo-bar","9":"product_tag-hair-loss-treatment","10":"product_tag-handmade-shampoo","11":"product_tag-natural-hair-growth","12":"product_tag-organic-shampoo-bar","13":"product_tag-reducing-hair-breakage","14":"product_tag-scalp-treatment","15":"product_tag-usma-grass-shampoo","16":"product_tag-vegan-hair-care","17":"desktop-align-left","18":"tablet-align-left","19":"mobile-align-left","21":"first","22":"instock","23":"sale","24":"shipping-taxable","25":"purchasable","26":"product-type-simple"},"yoast_head":"<!-- This site is optimized with the Yoast SEO plugin v27.3 - https:\/\/yoast.com\/product\/yoast-seo-wordpress\/ -->\n<title>Usma Hair Strengthening Shampoo Bar - Reduce Breakage &amp; Nourish Hair | Taxne<\/title>\n<meta name=\"description\" content=\"Discover our Usma grass shampoo bar with 6 Chinese herbs. Reduces hair loss, strengthens strands, and improves hair texture. 100% plant-based, handmade, and plastic-free. For all hair types.\" \/>\n<meta name=\"robots\" content=\"index, follow, max-snippet:-1, max-image-preview:large, max-video-preview:-1\" \/>\n<link rel=\"canonical\" href=\"https:\/\/taxne.com\/fr\/produit\/shampooing-solide-fortifiant-aux-herbes-usma\/\" \/>\n<meta property=\"og:locale\" content=\"fr_FR\" \/>\n<meta property=\"og:type\" content=\"article\" \/>\n<meta property=\"og:title\" content=\"Usma Hair Strengthening Shampoo Bar - Reduce Breakage &amp; Nourish Hair | Taxne\" \/>\n<meta property=\"og:description\" content=\"Discover our Usma grass shampoo bar with 6 Chinese herbs. Reduces hair loss, strengthens strands, and improves hair texture. 100% plant-based, handmade, and plastic-free. For all hair types.\" \/>\n<meta property=\"og:url\" content=\"https:\/\/taxne.com\/fr\/produit\/shampooing-solide-fortifiant-aux-herbes-usma\/\" \/>\n<meta property=\"article:modified_time\" content=\"2025-09-11T02:03:32+00:00\" \/>\n<meta property=\"og:image\" content=\"https:\/\/taxne.com\/wp-content\/uploads\/2025\/09\/O1CN015FdRrx1PVycVF9Kyc_4611686018427381047-2-item_pic.png\" \/>\n\t<meta property=\"og:image:width\" content=\"800\" \/>\n\t<meta property=\"og:image:height\" content=\"800\" \/>\n\t<meta property=\"og:image:type\" content=\"image\/png\" \/>\n<meta name=\"twitter:card\" content=\"summary_large_image\" \/>\n<meta name=\"twitter:label1\" content=\"Dur\u00e9e de lecture estim\u00e9e\" \/>\n\t<meta name=\"twitter:data1\" content=\"4 minutes\" \/>\n<script type=\"application\/ld+json\" class=\"yoast-schema-graph\">{\"@context\":\"https:\\\/\\\/schema.org\",\"@graph\":[{\"@type\":\"WebPage\",\"@id\":\"https:\\\/\\\/taxne.com\\\/product\\\/usma-herbal-fortifying-shampoo-bar\\\/\",\"url\":\"https:\\\/\\\/taxne.com\\\/product\\\/usma-herbal-fortifying-shampoo-bar\\\/\",\"name\":\"Usma Hair Strengthening Shampoo Bar - Reduce Breakage & Nourish Hair | Taxne\",\"isPartOf\":{\"@id\":\"https:\\\/\\\/taxne.com\\\/#website\"},\"primaryImageOfPage\":{\"@id\":\"https:\\\/\\\/taxne.com\\\/product\\\/usma-herbal-fortifying-shampoo-bar\\\/#primaryimage\"},\"image\":{\"@id\":\"https:\\\/\\\/taxne.com\\\/product\\\/usma-herbal-fortifying-shampoo-bar\\\/#primaryimage\"},\"thumbnailUrl\":\"https:\\\/\\\/taxne.com\\\/wp-content\\\/uploads\\\/2025\\\/09\\\/O1CN015FdRrx1PVycVF9Kyc_4611686018427381047-2-item_pic.png\",\"datePublished\":\"2025-09-09T08:48:17+00:00\",\"dateModified\":\"2025-09-11T02:03:32+00:00\",\"description\":\"Discover our Usma grass shampoo bar with 6 Chinese herbs. Reduces hair loss, strengthens strands, and improves hair texture. 100% plant-based, handmade, and plastic-free. For all hair types.\",\"breadcrumb\":{\"@id\":\"https:\\\/\\\/taxne.com\\\/product\\\/usma-herbal-fortifying-shampoo-bar\\\/#breadcrumb\"},\"inLanguage\":\"fr-FR\",\"potentialAction\":[{\"@type\":\"ReadAction\",\"target\":[\"https:\\\/\\\/taxne.com\\\/product\\\/usma-herbal-fortifying-shampoo-bar\\\/\"]}]},{\"@type\":\"ImageObject\",\"inLanguage\":\"fr-FR\",\"@id\":\"https:\\\/\\\/taxne.com\\\/product\\\/usma-herbal-fortifying-shampoo-bar\\\/#primaryimage\",\"url\":\"https:\\\/\\\/taxne.com\\\/wp-content\\\/uploads\\\/2025\\\/09\\\/O1CN015FdRrx1PVycVF9Kyc_4611686018427381047-2-item_pic.png\",\"contentUrl\":\"https:\\\/\\\/taxne.com\\\/wp-content\\\/uploads\\\/2025\\\/09\\\/O1CN015FdRrx1PVycVF9Kyc_4611686018427381047-2-item_pic.png\",\"width\":800,\"height\":800,\"caption\":\"Usma Herbal Fortifying Shampoo Bar 100g\"},{\"@type\":\"BreadcrumbList\",\"@id\":\"https:\\\/\\\/taxne.com\\\/product\\\/usma-herbal-fortifying-shampoo-bar\\\/#breadcrumb\",\"itemListElement\":[{\"@type\":\"ListItem\",\"position\":1,\"name\":\"\u9996\u9875\",\"item\":\"https:\\\/\\\/taxne.com\\\/\"},{\"@type\":\"ListItem\",\"position\":2,\"name\":\"Shop\",\"item\":\"https:\\\/\\\/taxne.com\\\/shop-2\\\/\"},{\"@type\":\"ListItem\",\"position\":3,\"name\":\"Usma Herbal Fortifying Shampoo Bar\"}]},{\"@type\":\"WebSite\",\"@id\":\"https:\\\/\\\/taxne.com\\\/#website\",\"url\":\"https:\\\/\\\/taxne.com\\\/\",\"name\":\"taxne.com\",\"description\":\"\",\"publisher\":{\"@id\":\"https:\\\/\\\/taxne.com\\\/#organization\"},\"potentialAction\":[{\"@type\":\"SearchAction\",\"target\":{\"@type\":\"EntryPoint\",\"urlTemplate\":\"https:\\\/\\\/taxne.com\\\/?s={search_term_string}\"},\"query-input\":{\"@type\":\"PropertyValueSpecification\",\"valueRequired\":true,\"valueName\":\"search_term_string\"}}],\"inLanguage\":\"fr-FR\"},{\"@type\":\"Organization\",\"@id\":\"https:\\\/\\\/taxne.com\\\/#organization\",\"name\":\"taxne.com\",\"url\":\"https:\\\/\\\/taxne.com\\\/\",\"logo\":{\"@type\":\"ImageObject\",\"inLanguage\":\"fr-FR\",\"@id\":\"https:\\\/\\\/taxne.com\\\/#\\\/schema\\\/logo\\\/image\\\/\",\"url\":\"https:\\\/\\\/taxne.com\\\/wp-content\\\/uploads\\\/2025\\\/09\\\/cropped-logo.png\",\"contentUrl\":\"https:\\\/\\\/taxne.com\\\/wp-content\\\/uploads\\\/2025\\\/09\\\/cropped-logo.png\",\"width\":1027,\"height\":270,\"caption\":\"taxne.com\"},\"image\":{\"@id\":\"https:\\\/\\\/taxne.com\\\/#\\\/schema\\\/logo\\\/image\\\/\"}}]}<\/script>\n<!-- \/ Yoast SEO plugin. -->","yoast_head_json":{"title":"Shampoing solide fortifiant Usma - R\u00e9duit la casse et nourrit les cheveux | Taxne","description":"D\u00e9couvrez notre shampoing solide \u00e0 l&#039;herbe Usma, compos\u00e9 de 6 herbes chinoises. Il r\u00e9duit la chute des cheveux, renforce les cheveux et am\u00e9liore leur texture. 100%, \u00e0 base de plantes, fabriqu\u00e9 \u00e0 la main et sans plastique. Convient \u00e0 tous types de cheveux.","robots":{"index":"index","follow":"follow","max-snippet":"max-snippet:-1","max-image-preview":"max-image-preview:large","max-video-preview":"max-video-preview:-1"},"canonical":"https:\/\/taxne.com\/fr\/produit\/shampooing-solide-fortifiant-aux-herbes-usma\/","og_locale":"fr_FR","og_type":"article","og_title":"Usma Hair Strengthening Shampoo Bar - Reduce Breakage & Nourish Hair | Taxne","og_description":"Discover our Usma grass shampoo bar with 6 Chinese herbs. Reduces hair loss, strengthens strands, and improves hair texture. 100% plant-based, handmade, and plastic-free. For all hair types.","og_url":"https:\/\/taxne.com\/fr\/produit\/shampooing-solide-fortifiant-aux-herbes-usma\/","article_modified_time":"2025-09-11T02:03:32+00:00","og_image":[{"width":800,"height":800,"url":"https:\/\/taxne.com\/wp-content\/uploads\/2025\/09\/O1CN015FdRrx1PVycVF9Kyc_4611686018427381047-2-item_pic.png","type":"image\/png"}],"twitter_card":"summary_large_image","twitter_misc":{"Dur\u00e9e de lecture estim\u00e9e":"4 minutes"},"schema":{"@context":"https:\/\/schema.org","@graph":[{"@type":"WebPage","@id":"https:\/\/taxne.com\/product\/usma-herbal-fortifying-shampoo-bar\/","url":"https:\/\/taxne.com\/product\/usma-herbal-fortifying-shampoo-bar\/","name":"Shampoing solide fortifiant Usma - R\u00e9duit la casse et nourrit les cheveux | Taxne","isPartOf":{"@id":"https:\/\/taxne.com\/#website"},"primaryImageOfPage":{"@id":"https:\/\/taxne.com\/product\/usma-herbal-fortifying-shampoo-bar\/#primaryimage"},"image":{"@id":"https:\/\/taxne.com\/product\/usma-herbal-fortifying-shampoo-bar\/#primaryimage"},"thumbnailUrl":"https:\/\/taxne.com\/wp-content\/uploads\/2025\/09\/O1CN015FdRrx1PVycVF9Kyc_4611686018427381047-2-item_pic.png","datePublished":"2025-09-09T08:48:17+00:00","dateModified":"2025-09-11T02:03:32+00:00","description":"D\u00e9couvrez notre shampoing solide \u00e0 l&#039;herbe Usma, compos\u00e9 de 6 herbes chinoises. Il r\u00e9duit la chute des cheveux, renforce les cheveux et am\u00e9liore leur texture. 100%, \u00e0 base de plantes, fabriqu\u00e9 \u00e0 la main et sans plastique. Convient \u00e0 tous types de cheveux.","breadcrumb":{"@id":"https:\/\/taxne.com\/product\/usma-herbal-fortifying-shampoo-bar\/#breadcrumb"},"inLanguage":"fr-FR","potentialAction":[{"@type":"ReadAction","target":["https:\/\/taxne.com\/product\/usma-herbal-fortifying-shampoo-bar\/"]}]},{"@type":"ImageObject","inLanguage":"fr-FR","@id":"https:\/\/taxne.com\/product\/usma-herbal-fortifying-shampoo-bar\/#primaryimage","url":"https:\/\/taxne.com\/wp-content\/uploads\/2025\/09\/O1CN015FdRrx1PVycVF9Kyc_4611686018427381047-2-item_pic.png","contentUrl":"https:\/\/taxne.com\/wp-content\/uploads\/2025\/09\/O1CN015FdRrx1PVycVF9Kyc_4611686018427381047-2-item_pic.png","width":800,"height":800,"caption":"Usma Herbal Fortifying Shampoo Bar 100g"},{"@type":"BreadcrumbList","@id":"https:\/\/taxne.com\/product\/usma-herbal-fortifying-shampoo-bar\/#breadcrumb","itemListElement":[{"@type":"ListItem","position":1,"name":"\u9996\u9875","item":"https:\/\/taxne.com\/"},{"@type":"ListItem","position":2,"name":"Shop","item":"https:\/\/taxne.com\/shop-2\/"},{"@type":"ListItem","position":3,"name":"Usma Herbal Fortifying Shampoo Bar"}]},{"@type":"WebSite","@id":"https:\/\/taxne.com\/#website","url":"https:\/\/taxne.com\/","name":"taxne.com","description":"","publisher":{"@id":"https:\/\/taxne.com\/#organization"},"potentialAction":[{"@type":"SearchAction","target":{"@type":"EntryPoint","urlTemplate":"https:\/\/taxne.com\/?s={search_term_string}"},"query-input":{"@type":"PropertyValueSpecification","valueRequired":true,"valueName":"search_term_string"}}],"inLanguage":"fr-FR"},{"@type":"Organization","@id":"https:\/\/taxne.com\/#organization","name":"taxne.com","url":"https:\/\/taxne.com\/","logo":{"@type":"ImageObject","inLanguage":"fr-FR","@id":"https:\/\/taxne.com\/#\/schema\/logo\/image\/","url":"https:\/\/taxne.com\/wp-content\/uploads\/2025\/09\/cropped-logo.png","contentUrl":"https:\/\/taxne.com\/wp-content\/uploads\/2025\/09\/cropped-logo.png","width":1027,"height":270,"caption":"taxne.com"},"image":{"@id":"https:\/\/taxne.com\/#\/schema\/logo\/image\/"}}]}},"uagb_featured_image_src":{"full":["https:\/\/taxne.com\/wp-content\/uploads\/2025\/09\/O1CN015FdRrx1PVycVF9Kyc_4611686018427381047-2-item_pic.png",800,800,false],"thumbnail":["https:\/\/taxne.com\/wp-content\/uploads\/2025\/09\/O1CN015FdRrx1PVycVF9Kyc_4611686018427381047-2-item_pic-150x150.png",150,150,true],"medium":["https:\/\/taxne.com\/wp-content\/uploads\/2025\/09\/O1CN015FdRrx1PVycVF9Kyc_4611686018427381047-2-item_pic-300x300.png",300,300,true],"medium_large":["https:\/\/taxne.com\/wp-content\/uploads\/2025\/09\/O1CN015FdRrx1PVycVF9Kyc_4611686018427381047-2-item_pic-768x768.png",768,768,true],"large":["https:\/\/taxne.com\/wp-content\/uploads\/2025\/09\/O1CN015FdRrx1PVycVF9Kyc_4611686018427381047-2-item_pic.png",800,800,false],"1536x1536":["https:\/\/taxne.com\/wp-content\/uploads\/2025\/09\/O1CN015FdRrx1PVycVF9Kyc_4611686018427381047-2-item_pic.png",800,800,false],"2048x2048":["https:\/\/taxne.com\/wp-content\/uploads\/2025\/09\/O1CN015FdRrx1PVycVF9Kyc_4611686018427381047-2-item_pic.png",800,800,false],"trp-custom-language-flag":["https:\/\/taxne.com\/wp-content\/uploads\/2025\/09\/O1CN015FdRrx1PVycVF9Kyc_4611686018427381047-2-item_pic-12x12.png",12,12,true],"woocommerce_thumbnail":["https:\/\/taxne.com\/wp-content\/uploads\/2025\/09\/O1CN015FdRrx1PVycVF9Kyc_4611686018427381047-2-item_pic-300x300.png",300,300,true],"woocommerce_single":["https:\/\/taxne.com\/wp-content\/uploads\/2025\/09\/O1CN015FdRrx1PVycVF9Kyc_4611686018427381047-2-item_pic-600x600.png",600,600,true],"woocommerce_gallery_thumbnail":["https:\/\/taxne.com\/wp-content\/uploads\/2025\/09\/O1CN015FdRrx1PVycVF9Kyc_4611686018427381047-2-item_pic-100x100.png",100,100,true]},"uagb_author_info":{"display_name":"tianke1223@gmail.com","author_link":"https:\/\/taxne.com\/fr\/author\/"},"uagb_comment_info":0,"uagb_excerpt":"Where Ancient Uyghur Wisdom Meets Modern Hair Care At Taxne, we explore nature's most potent ingredients from around the world. Our Usma Herbal Bar harnesses the power of Xinjiang's legendary Usma grass, combined with traditional Chinese herbs, to create a truly transformative hair strengthening experience. The Power of Xinjiang's Legendary Herb: \u2022\u00a0Usma Grass: For centuries,\u2026","jetpack_sharing_enabled":true,"_links":{"self":[{"href":"https:\/\/taxne.com\/fr\/wp-json\/wp\/v2\/product\/8096","targetHints":{"allow":["GET"]}}],"collection":[{"href":"https:\/\/taxne.com\/fr\/wp-json\/wp\/v2\/product"}],"about":[{"href":"https:\/\/taxne.com\/fr\/wp-json\/wp\/v2\/types\/product"}],"replies":[{"embeddable":true,"href":"https:\/\/taxne.com\/fr\/wp-json\/wp\/v2\/comments?post=8096"}],"wp:featuredmedia":[{"embeddable":true,"href":"https:\/\/taxne.com\/fr\/wp-json\/wp\/v2\/media\/8100"}],"wp:attachment":[{"href":"https:\/\/taxne.com\/fr\/wp-json\/wp\/v2\/media?parent=8096"}],"wp:term":[{"taxonomy":"product_brand","embeddable":true,"href":"https:\/\/taxne.com\/fr\/wp-json\/wp\/v2\/product_brand?post=8096"},{"taxonomy":"product_cat","embeddable":true,"href":"https:\/\/taxne.com\/fr\/wp-json\/wp\/v2\/product_cat?post=8096"},{"taxonomy":"product_tag","embeddable":true,"href":"https:\/\/taxne.com\/fr\/wp-json\/wp\/v2\/product_tag?post=8096"}],"curies":[{"name":"wp","href":"https:\/\/api.w.org\/{rel}","templated":true}]}}