{"id":2126,"date":"2024-07-15T03:53:07","date_gmt":"2024-07-15T03:53:07","guid":{"rendered":"https:\/\/taxne.com\/?page_id=2126"},"modified":"2025-09-23T06:24:20","modified_gmt":"2025-09-23T06:24:20","slug":"shipping-policy","status":"publish","type":"page","link":"https:\/\/taxne.com\/hu\/szallitasi-szabalyzat\/","title":{"rendered":"sz\u00e1ll\u00edt\u00e1si szab\u00e1lyzat"},"content":{"rendered":"<h1 class=\"wp-block-heading\">SZ\u00c1LL\u00cdT\u00c1SI SZAB\u00c1LYZAT<\/h1>\n\n\n\n<p>A. Sz\u00e1ll\u00edt\u00e1si k\u00f6lts\u00e9gek<br><br><strong>Feldolgoz\u00e1si id\u0151: 48 \u00f3r\u00e1n bel\u00fcl<\/strong><\/p>\n\n\n\n<p><strong>Freight: $9.9<\/strong><\/p>\n\n\n\n<p><strong>Shipping fee: Free shipping on orders over $88.88<\/strong><br><br>B. Tranzit, kezel\u00e9s \u00e9s megrendel\u00e9sek le\u00e1ll\u00e1si ideje<br><br>Minden rendel\u00e9st 1-2 munkanapon bel\u00fcl feldolgozunk<br>Minden \u00e1r USD-ben \u00e9rtend\u0151<br>K\u00e9rj\u00fck, vegye figyelembe, hogy a ki\u00e1rus\u00edt\u00e1s \u00e9s az \u00fcnnepi id\u0151szakok alatt a sz\u00e1ll\u00edt\u00e1s tov\u00e1bb tarthat, mint a fenti becs\u00fclt id\u0151keretek.<br>A kisz\u00e1ll\u00edt\u00e1st k\u00f6vet\u0151en a rendel\u00e9st nem lehet t\u00f6r\u00f6lni<br><strong>Taxne<\/strong> a post\u00e1z\u00e1si folyamat sor\u00e1n minden orsz\u00e1gban v\u00e1mot kell fizetni, \u00edgy a fogyaszt\u00f3kat nem terheli t\u00f6bbletk\u00f6lts\u00e9g<br>Ha nem kapja meg a csomagot 40 napon bel\u00fcl, k\u00e9rj\u00fck, id\u0151ben vegye fel vel\u00fcnk a kapcsolatot. Seg\u00edt\u00fcnk a csomag nyomon k\u00f6vet\u00e9s\u00e9ben, vagy eld\u00f6nthetj\u00fck, hogy \u00fajrak\u00fcldj\u00fck-e a term\u00e9ket<br><br>C. Sz\u00e1ll\u00edt\u00e1si id\u0151:<br><br>USA\/CA: 10-20 munkanap<br>Eur\u00f3pa: 10-20 munkanap<br>K\u00f6zel-Kelet: 10-25 munkanap<br>Egy\u00e9b: 10-25 munkanap<br><br>VISSZAV\u00c9R\u00c9S \u00c9S CSERE<br>K\u00f6nny\u0171 30 nap<br>Tekintse meg a felt\u00e9teleket \u00e9s az elj\u00e1r\u00e1st a visszak\u00fcld\u00e9si \u00e9s visszat\u00e9r\u00edt\u00e9si szab\u00e1lyzatunkban<br><br><br><br><strong>Fokozott gondot ford\u00edtunk minden be\u00e9rkezett rendel\u00e9s ellen\u0151rz\u00e9s\u00e9re. Ezt a folyamatot arra t\u00f6reksz\u00fcnk, hogy a megrendel\u00e9s\u00e9nek kisz\u00e1ll\u00edt\u00e1s\u00e1nak vagy a megrendel\u00e9s\u00e9t lead\u00f3 gy\u00e1rt\u00f3nak elk\u00fcldend\u0151 id\u0151kereten bel\u00fcl v\u00e9grehajtsuk. Bizonyos helyzetekben a megrendel\u00e9s-ellen\u0151rz\u00e9si folyamatunk k\u00e9sleltetheti megrendel\u00e9s\u00e9nek kisz\u00e1ll\u00edt\u00e1s\u00e1t. K\u00e9rj\u00fck, \u00fcgyeljen arra, hogy a rendel\u00e9s lead\u00e1sakor pontos adatokat adjon meg, hogy sz\u00fcks\u00e9g eset\u00e9n a megadott el\u00e9rhet\u0151s\u00e9geken felvehess\u00fck \u00d6nnel a kapcsolatot, hogy m\u00e9g aznap megpr\u00f3b\u00e1ljuk kisz\u00e1ll\u00edtani megrendel\u00e9s\u00e9t (ha van rakt\u00e1runkban).<\/strong><br><br><strong>K\u00e9rj\u00fck, rendel\u00e9s el\u0151tt ellen\u0151rizze a k\u00e9szlet \u00e1llapot\u00e1t, mivel nem tudjuk pontosan megbecs\u00fclni a k\u00e9szlethi\u00e1nyos term\u00e9kek sz\u00e1ll\u00edt\u00e1si idej\u00e9t.<\/strong><br><br><strong>A Taxne nem v\u00e1llal felel\u0151ss\u00e9get az elveszett ellopott csomagok\u00e9rt. Ha \u00fagy \u00e9rzi, hogy csomagj\u00e1t hib\u00e1san k\u00e9zbes\u00edtett\u00e9k, forduljon \u00fcgyf\u00e9lszolg\u00e1lati csapatunkhoz, \u00e9s egyeztetj\u00fck a csomagkezel\u0151vel az elveszett csomag kivizsg\u00e1l\u00e1sa \u00e9rdek\u00e9ben. Ha a csomagkezel\u0151 nem tudja megtal\u00e1lni a csomagot, vagy igazolja, hogy a csomagot a megfelel\u0151 c\u00edmre k\u00e9zbes\u00edtett\u00e9k, a megold\u00e1s a Taxne kiz\u00e1r\u00f3lagos bel\u00e1t\u00e1sa szerint t\u00f6rt\u00e9nik, az elveszt\u00e9s kimenetel\u00e9t\u0151l f\u00fcgg\u0151en nem tudjuk garant\u00e1lni a cser\u00e9t vagy a visszat\u00e9r\u00edt\u00e9st. csomag vizsg\u00e1lata.<\/strong><\/p>","protected":false},"excerpt":{"rendered":"<p>SHIPPING POLICY A. Shipping Costs Processing time: Within 48 hours Freight: $9.9 Shipping fee: Free shipping on orders over $88.88 B. Transit, Handling &amp; Oders Cut Off Time All orders are processed within 1-2 business daysAll prices are in USDPlease note there could be slight During sale and holiday periods, delivery may take longer than [&hellip;]<\/p>\n","protected":false},"author":1,"featured_media":0,"parent":0,"menu_order":0,"comment_status":"closed","ping_status":"closed","template":"","meta":{"_uag_custom_page_level_css":"","site-sidebar-layout":"default","site-content-layout":"","ast-site-content-layout":"default","site-content-style":"default","site-sidebar-style":"default","ast-global-header-display":"","ast-banner-title-visibility":"","ast-main-header-display":"","ast-hfb-above-header-display":"","ast-hfb-below-header-display":"","ast-hfb-mobile-header-display":"","site-post-title":"","ast-breadcrumbs-content":"","ast-featured-img":"","footer-sml-layout":"","ast-disable-related-posts":"","theme-transparent-header-meta":"","adv-header-id-meta":"","stick-header-meta":"","header-above-stick-meta":"","header-main-stick-meta":"","header-below-stick-meta":"","astra-migrate-meta-layouts":"set","ast-page-background-enabled":"default","ast-page-background-meta":{"desktop":{"background-color":"","background-image":"","background-repeat":"repeat","background-position":"center center","background-size":"auto","background-attachment":"scroll","background-type":"","background-media":"","overlay-type":"","overlay-color":"","overlay-opacity":"","overlay-gradient":""},"tablet":{"background-color":"","background-image":"","background-repeat":"repeat","background-position":"center center","background-size":"auto","background-attachment":"scroll","background-type":"","background-media":"","overlay-type":"","overlay-color":"","overlay-opacity":"","overlay-gradient":""},"mobile":{"background-color":"","background-image":"","background-repeat":"repeat","background-position":"center center","background-size":"auto","background-attachment":"scroll","background-type":"","background-media":"","overlay-type":"","overlay-color":"","overlay-opacity":"","overlay-gradient":""}},"ast-content-background-meta":{"desktop":{"background-color":"var(--ast-global-color-5)","background-image":"","background-repeat":"repeat","background-position":"center center","background-size":"auto","background-attachment":"scroll","background-type":"","background-media":"","overlay-type":"","overlay-color":"","overlay-opacity":"","overlay-gradient":""},"tablet":{"background-color":"var(--ast-global-color-5)","background-image":"","background-repeat":"repeat","background-position":"center center","background-size":"auto","background-attachment":"scroll","background-type":"","background-media":"","overlay-type":"","overlay-color":"","overlay-opacity":"","overlay-gradient":""},"mobile":{"background-color":"var(--ast-global-color-5)","background-image":"","background-repeat":"repeat","background-position":"center center","background-size":"auto","background-attachment":"scroll","background-type":"","background-media":"","overlay-type":"","overlay-color":"","overlay-opacity":"","overlay-gradient":""}},"footnotes":""},"class_list":["post-2126","page","type-page","status-publish","hentry"],"yoast_head":"<!-- This site is optimized with the Yoast SEO plugin v27.3 - https:\/\/yoast.com\/product\/yoast-seo-wordpress\/ -->\n<title>Shipping Policy | Delivery Times, Costs &amp; Tracking | Taxne<\/title>\n<meta name=\"description\" content=\"Explore Taxne\u2019s shipping policy: delivery timelines, free shipping thresholds, and tracking. We ship globally with care. Questions about your order? Find all details here.\" \/>\n<meta name=\"robots\" content=\"index, follow, max-snippet:-1, max-image-preview:large, max-video-preview:-1\" \/>\n<link rel=\"canonical\" href=\"https:\/\/taxne.com\/hu\/szallitasi-szabalyzat\/\" \/>\n<meta property=\"og:locale\" content=\"hu_HU\" \/>\n<meta property=\"og:type\" content=\"article\" \/>\n<meta property=\"og:title\" content=\"Shipping Policy | Delivery Times, Costs &amp; Tracking | Taxne\" \/>\n<meta property=\"og:description\" content=\"Explore Taxne\u2019s shipping policy: delivery timelines, free shipping thresholds, and tracking. We ship globally with care. Questions about your order? Find all details here.\" \/>\n<meta property=\"og:url\" content=\"https:\/\/taxne.com\/hu\/szallitasi-szabalyzat\/\" \/>\n<meta property=\"article:modified_time\" content=\"2025-09-23T06:24:20+00:00\" \/>\n<meta name=\"twitter:card\" content=\"summary_large_image\" \/>\n<meta name=\"twitter:label1\" content=\"Becs\u00fclt olvas\u00e1si id\u0151\" \/>\n\t<meta name=\"twitter:data1\" content=\"2 perc\" \/>\n<script type=\"application\/ld+json\" class=\"yoast-schema-graph\">{\"@context\":\"https:\\\/\\\/schema.org\",\"@graph\":[{\"@type\":\"WebPage\",\"@id\":\"https:\\\/\\\/taxne.com\\\/shipping-policy\\\/\",\"url\":\"https:\\\/\\\/taxne.com\\\/shipping-policy\\\/\",\"name\":\"Shipping Policy | Delivery Times, Costs & Tracking | Taxne\",\"isPartOf\":{\"@id\":\"https:\\\/\\\/taxne.com\\\/#website\"},\"datePublished\":\"2024-07-15T03:53:07+00:00\",\"dateModified\":\"2025-09-23T06:24:20+00:00\",\"description\":\"Explore Taxne\u2019s shipping policy: delivery timelines, free shipping thresholds, and tracking. We ship globally with care. Questions about your order? Find all details here.\",\"breadcrumb\":{\"@id\":\"https:\\\/\\\/taxne.com\\\/shipping-policy\\\/#breadcrumb\"},\"inLanguage\":\"hu\",\"potentialAction\":[{\"@type\":\"ReadAction\",\"target\":[\"https:\\\/\\\/taxne.com\\\/shipping-policy\\\/\"]}]},{\"@type\":\"BreadcrumbList\",\"@id\":\"https:\\\/\\\/taxne.com\\\/shipping-policy\\\/#breadcrumb\",\"itemListElement\":[{\"@type\":\"ListItem\",\"position\":1,\"name\":\"\u9996\u9875\",\"item\":\"https:\\\/\\\/taxne.com\\\/\"},{\"@type\":\"ListItem\",\"position\":2,\"name\":\"Shipping Policy\"}]},{\"@type\":\"WebSite\",\"@id\":\"https:\\\/\\\/taxne.com\\\/#website\",\"url\":\"https:\\\/\\\/taxne.com\\\/\",\"name\":\"taxne.com\",\"description\":\"\",\"publisher\":{\"@id\":\"https:\\\/\\\/taxne.com\\\/#organization\"},\"potentialAction\":[{\"@type\":\"SearchAction\",\"target\":{\"@type\":\"EntryPoint\",\"urlTemplate\":\"https:\\\/\\\/taxne.com\\\/?s={search_term_string}\"},\"query-input\":{\"@type\":\"PropertyValueSpecification\",\"valueRequired\":true,\"valueName\":\"search_term_string\"}}],\"inLanguage\":\"hu\"},{\"@type\":\"Organization\",\"@id\":\"https:\\\/\\\/taxne.com\\\/#organization\",\"name\":\"taxne.com\",\"url\":\"https:\\\/\\\/taxne.com\\\/\",\"logo\":{\"@type\":\"ImageObject\",\"inLanguage\":\"hu\",\"@id\":\"https:\\\/\\\/taxne.com\\\/#\\\/schema\\\/logo\\\/image\\\/\",\"url\":\"https:\\\/\\\/taxne.com\\\/wp-content\\\/uploads\\\/2025\\\/09\\\/cropped-logo.png\",\"contentUrl\":\"https:\\\/\\\/taxne.com\\\/wp-content\\\/uploads\\\/2025\\\/09\\\/cropped-logo.png\",\"width\":1027,\"height\":270,\"caption\":\"taxne.com\"},\"image\":{\"@id\":\"https:\\\/\\\/taxne.com\\\/#\\\/schema\\\/logo\\\/image\\\/\"}}]}<\/script>\n<!-- \/ Yoast SEO plugin. -->","yoast_head_json":{"title":"Shipping Policy | Delivery Times, Costs & Tracking | Taxne","description":"Explore Taxne\u2019s shipping policy: delivery timelines, free shipping thresholds, and tracking. We ship globally with care. Questions about your order? Find all details here.","robots":{"index":"index","follow":"follow","max-snippet":"max-snippet:-1","max-image-preview":"max-image-preview:large","max-video-preview":"max-video-preview:-1"},"canonical":"https:\/\/taxne.com\/hu\/szallitasi-szabalyzat\/","og_locale":"hu_HU","og_type":"article","og_title":"Shipping Policy | Delivery Times, Costs & Tracking | Taxne","og_description":"Explore Taxne\u2019s shipping policy: delivery timelines, free shipping thresholds, and tracking. We ship globally with care. Questions about your order? Find all details here.","og_url":"https:\/\/taxne.com\/hu\/szallitasi-szabalyzat\/","article_modified_time":"2025-09-23T06:24:20+00:00","twitter_card":"summary_large_image","twitter_misc":{"Becs\u00fclt olvas\u00e1si id\u0151":"2 perc"},"schema":{"@context":"https:\/\/schema.org","@graph":[{"@type":"WebPage","@id":"https:\/\/taxne.com\/shipping-policy\/","url":"https:\/\/taxne.com\/shipping-policy\/","name":"Shipping Policy | Delivery Times, Costs & Tracking | Taxne","isPartOf":{"@id":"https:\/\/taxne.com\/#website"},"datePublished":"2024-07-15T03:53:07+00:00","dateModified":"2025-09-23T06:24:20+00:00","description":"Explore Taxne\u2019s shipping policy: delivery timelines, free shipping thresholds, and tracking. We ship globally with care. Questions about your order? Find all details here.","breadcrumb":{"@id":"https:\/\/taxne.com\/shipping-policy\/#breadcrumb"},"inLanguage":"hu","potentialAction":[{"@type":"ReadAction","target":["https:\/\/taxne.com\/shipping-policy\/"]}]},{"@type":"BreadcrumbList","@id":"https:\/\/taxne.com\/shipping-policy\/#breadcrumb","itemListElement":[{"@type":"ListItem","position":1,"name":"\u9996\u9875","item":"https:\/\/taxne.com\/"},{"@type":"ListItem","position":2,"name":"Shipping Policy"}]},{"@type":"WebSite","@id":"https:\/\/taxne.com\/#website","url":"https:\/\/taxne.com\/","name":"taxne.com","description":"","publisher":{"@id":"https:\/\/taxne.com\/#organization"},"potentialAction":[{"@type":"SearchAction","target":{"@type":"EntryPoint","urlTemplate":"https:\/\/taxne.com\/?s={search_term_string}"},"query-input":{"@type":"PropertyValueSpecification","valueRequired":true,"valueName":"search_term_string"}}],"inLanguage":"hu"},{"@type":"Organization","@id":"https:\/\/taxne.com\/#organization","name":"taxne.com","url":"https:\/\/taxne.com\/","logo":{"@type":"ImageObject","inLanguage":"hu","@id":"https:\/\/taxne.com\/#\/schema\/logo\/image\/","url":"https:\/\/taxne.com\/wp-content\/uploads\/2025\/09\/cropped-logo.png","contentUrl":"https:\/\/taxne.com\/wp-content\/uploads\/2025\/09\/cropped-logo.png","width":1027,"height":270,"caption":"taxne.com"},"image":{"@id":"https:\/\/taxne.com\/#\/schema\/logo\/image\/"}}]}},"uagb_featured_image_src":{"full":false,"thumbnail":false,"medium":false,"medium_large":false,"large":false,"1536x1536":false,"2048x2048":false,"trp-custom-language-flag":false,"woocommerce_thumbnail":false,"woocommerce_single":false,"woocommerce_gallery_thumbnail":false},"uagb_author_info":{"display_name":"tianke1223@gmail.com","author_link":"https:\/\/taxne.com\/hu\/author\/tianke1223gmail-com\/"},"uagb_comment_info":0,"uagb_excerpt":"SHIPPING POLICY A. Shipping Costs Processing time: Within 48 hours Freight: $9.9 Shipping fee: Free shipping on orders over $88.88 B. Transit, Handling &amp; Oders Cut Off Time All orders are processed within 1-2 business daysAll prices are in USDPlease note there could be slight During sale and holiday periods, delivery may take longer than&hellip;","jetpack_sharing_enabled":true,"_links":{"self":[{"href":"https:\/\/taxne.com\/hu\/wp-json\/wp\/v2\/pages\/2126","targetHints":{"allow":["GET"]}}],"collection":[{"href":"https:\/\/taxne.com\/hu\/wp-json\/wp\/v2\/pages"}],"about":[{"href":"https:\/\/taxne.com\/hu\/wp-json\/wp\/v2\/types\/page"}],"author":[{"embeddable":true,"href":"https:\/\/taxne.com\/hu\/wp-json\/wp\/v2\/users\/1"}],"replies":[{"embeddable":true,"href":"https:\/\/taxne.com\/hu\/wp-json\/wp\/v2\/comments?post=2126"}],"version-history":[{"count":3,"href":"https:\/\/taxne.com\/hu\/wp-json\/wp\/v2\/pages\/2126\/revisions"}],"predecessor-version":[{"id":8379,"href":"https:\/\/taxne.com\/hu\/wp-json\/wp\/v2\/pages\/2126\/revisions\/8379"}],"wp:attachment":[{"href":"https:\/\/taxne.com\/hu\/wp-json\/wp\/v2\/media?parent=2126"}],"curies":[{"name":"wp","href":"https:\/\/api.w.org\/{rel}","templated":true}]}}