{"id":2129,"date":"2024-07-15T03:55:40","date_gmt":"2024-07-15T03:55:40","guid":{"rendered":"https:\/\/taxne.com\/?page_id=2129"},"modified":"2025-09-10T09:05:04","modified_gmt":"2025-09-10T09:05:04","slug":"faqs","status":"publish","type":"page","link":"https:\/\/taxne.com\/hu\/gyakori-kerdesek\/","title":{"rendered":"GYIK"},"content":{"rendered":"<h1 class=\"wp-block-heading\"><strong>SZ\u00c1LL\u00cdT\u00c1S<\/strong><\/h1>\n\n\n\n<h3 class=\"wp-block-heading\"><strong>MI A RENDEL\u00c9SEM \u00c1LLAPOTA?<\/strong><\/h3>\n\n\n\n<p>Miut\u00e1n leadta rendel\u00e9s\u00e9t, visszaigazol\u00f3 e-mailt k\u00fcld\u00fcnk \u00d6nnek, hogy nyomon k\u00f6vethess\u00fck rendel\u00e9se \u00e1llapot\u00e1t. Megrendel\u00e9s\u00e9nek kisz\u00e1ll\u00edt\u00e1s\u00e1t k\u00f6vet\u0151en egy \u00fajabb e-mailt k\u00fcld\u00fcnk \u00d6nnek a rendel\u00e9s nyomon k\u00f6vet\u00e9s\u00e9hez sz\u00fcks\u00e9ges linkkel egy\u00fctt. Vagy nyomon k\u00f6vetheti rendel\u00e9se \u00e1llapot\u00e1t a webhely fi\u00f3koldal\u00e1nak \u201erendel\u00e9si el\u0151zm\u00e9nyei\u201d szakasz\u00e1ban.<\/p>\n\n\n\n<h3 class=\"wp-block-heading\"><strong>AZONA NAPON SZ\u00c1LL\u00cdTSZ\u00c1K?<\/strong><\/h3>\n\n\n\n<p>Aznapi kisz\u00e1ll\u00edt\u00e1st v\u00e1llalunk, felt\u00e9ve, hogy aznap d\u00e9li 12 \u00f3r\u00e1ig leadja rendel\u00e9s\u00e9t.<\/p>\n\n\n\n<h3 class=\"wp-block-heading\"><strong>HOVA SZ\u00c1LL\u00cdTSZ?<\/strong><\/h3>\n\n\n\n<p>Jelenleg az Egyes\u00fclt \u00c1llamokban, Kanad\u00e1ban, Ausztr\u00e1li\u00e1ban, Franciaorsz\u00e1gban, az Egyes\u00fclt Kir\u00e1lys\u00e1gban \u00e9s N\u00e9metorsz\u00e1gban sz\u00e1ll\u00edtunk. Ha ezeken az orsz\u00e1gokon k\u00edv\u00fcl szeretne sz\u00e1ll\u00edtani, k\u00e9rj\u00fck, forduljon \u00fcgyf\u00e9lszolg\u00e1latunkhoz a kapcsolatfelv\u00e9teli \u0171rlapon kereszt\u00fcl.<\/p>\n\n\n\n<h3 class=\"wp-block-heading\"><strong>A MEGRENDEL\u00c9ST VISSZA\u00c1LL\u00cdTOTT\u00c1K AZ EREDETHEZ (RTO). AZ MIT JELENT?<\/strong><\/h3>\n\n\n\n<p>A sz\u00e1ll\u00edtm\u00e1nyok RTO-k\u00e9nt (eredeti helyre visszak\u00fcldve) jelennek meg a k\u00f6vetkez\u0151 k\u00f6r\u00fclm\u00e9nyek k\u00f6z\u00f6tt:<br>\u2013 A k\u00e9zbes\u00edt\u00e9st t\u00f6bbsz\u00f6r is megk\u00eds\u00e9relt\u00e9k, de nem siker\u00fclt k\u00e9zbes\u00edteni, mert rossz c\u00edm vagy senki nem tart\u00f3zkodott a megadott c\u00edmen<br>\u2013 A c\u00edm nem tal\u00e1lhat\u00f3, mert vagy hi\u00e1nyos volt, vagy rossz a PIN-k\u00f3d<br>\u2013 \u00d6n vagy valaki a sz\u00e1ll\u00edt\u00e1si c\u00edm\u00e9n megtagadta a rendel\u00e9s \u00e1tv\u00e9tel\u00e9t<br><br>Ilyen k\u00f6r\u00fclm\u00e9nyek k\u00f6z\u00f6tt \u00fcgyf\u00e9lszolg\u00e1lati csapatunk megpr\u00f3b\u00e1lja felvenni \u00d6nnel a kapcsolatot a regisztr\u00e1lt telefonsz\u00e1m\u00e1n. Ha az adott sz\u00e1mon nem \u00e9rkezik v\u00e1lasz, vagy nem el\u00e9rhet\u0151, akkor a csomag visszaker\u00fcl az eredeti helyre.<\/p>\n\n\n\n<h3 class=\"wp-block-heading\"><strong>MENNYI ID\u0150T TETT EL A RENDEL\u00c9SEM KISZ\u00c1LL\u00cdT\u00c1SA?<\/strong><\/h3>\n\n\n\n<p>A sz\u00e1ll\u00edt\u00e1si id\u0151 a sz\u00e1ll\u00edt\u00e1s hely\u00e9t\u0151l \u00e9s a megrendelt term\u00e9k t\u00edpus\u00e1t\u00f3l f\u00fcgg\u0151en v\u00e1ltozhat.<br>A rendel\u00e9s lead\u00e1sa ut\u00e1n \u00e1ltal\u00e1ban 24-36 \u00f3r\u00e1t vesz ig\u00e9nybe a feldolgoz\u00e1s \u00e9s a sz\u00e1ll\u00edt\u00e1sra k\u00e9sz megjel\u00f6l\u00e9s.<\/p>\n\n\n\n<h2 class=\"wp-block-heading\"><strong>RENDEL\u00c9S<\/strong><\/h2>\n\n\n\n<h3 class=\"wp-block-heading\"><strong>M\u00d3DOS\u00cdTHATOK A MEGRENDEL\u00c9ST?<\/strong><\/h3>\n\n\n\n<p>Csak azokat a megrendel\u00e9seket tudjuk m\u00f3dos\u00edtani, amelyek sz\u00e1ll\u00edt\u00e1sa m\u00e9g nem t\u00f6rt\u00e9nt meg.<br><br>Ha m\u00f3dos\u00edtani szeretn\u00e9 megrendel\u00e9s\u00e9t, k\u00e9rj\u00fck, l\u00e9pjen kapcsolatba az \u00fcgyf\u00e9lszolg\u00e1lattal a \u201eKapcsolatfelv\u00e9tel\u201d \u0171rlapon kereszt\u00fcl.<\/p>\n\n\n\n<h3 class=\"wp-block-heading\"><strong>HOGYAN LEMONDHATOM A MEGRENDEL\u00c9ST?<\/strong><\/h3>\n\n\n\n<p>Ha t\u00f6r\u00f6lni szeretn\u00e9 rendel\u00e9s\u00e9t, k\u00fcldj\u00f6n egy e-mailt, vagy h\u00edvja az \u00fcgyf\u00e9lszolg\u00e1latot.<\/p>\n\n\n\n<h3 class=\"wp-block-heading\"><strong>HOGYAN HOGYAN HOZZ\u00c1TOK HOZZ\u00c1 VAGY ELT\u00c1VOL\u00cdTHATOK A TERM\u00c9KEKET A MEGRENDEL\u00c9S ELAD\u00c1SA UT\u00c1N?<\/strong><\/h3>\n\n\n\n<p>A rendel\u00e9s lead\u00e1sa ut\u00e1n a weboldalon nem tud m\u00f3dos\u00edt\u00e1sokat v\u00e9grehajtani.<br>K\u00e9rj\u00fck, l\u00e9pjen kapcsolatba \u00fcgyf\u00e9lszolg\u00e1latunkkal a \u201eKapcsolatfelv\u00e9tel\u201d \u0171rlapon kereszt\u00fcl a megrendel\u00e9s b\u00e1rmilyen m\u00f3dos\u00edt\u00e1s\u00e1hoz.<\/p>\n\n\n\n<h3 class=\"wp-block-heading\"><strong>HOGYAN K\u00d6VETHETEM K\u00d6VET\u00c9SE A MEGRENDEL\u00c9S EL\u0150RELEM\u00c9NY\u00c9T?<\/strong><\/h3>\n\n\n\n<p>A rendel\u00e9s kisz\u00e1ll\u00edt\u00e1s\u00e1t k\u00f6vet\u0151en e-mailben \u00e9s sz\u00f6veges \u00e9rtes\u00edt\u00e9sben fogsz kapni a megrendel\u00e9s r\u00e9szleteivel. Az e-mailben tal\u00e1lhat\u00f3 linkre kattintva nyomon k\u00f6vetheti a k\u00fcldem\u00e9nyt.<\/p>\n\n\n\n<p>M\u00f3dos\u00edthatom a sz\u00e1ll\u00edt\u00e1si c\u00edmemet a rendel\u00e9s lead\u00e1sa ut\u00e1n?<\/p>\n\n\n\n<p>Ha megrendel\u00e9s\u00e9t m\u00e9g nem sz\u00e1ll\u00edtott\u00e1k ki, akkor k\u00e9r\u00e9s\u00e9nek megfelel\u0151en m\u00e1s c\u00edmre is sz\u00e1ll\u00edtjuk. Ha t\u00f6bbet szeretne megtudni, vegye fel vel\u00fcnk a kapcsolatot a \u201eKapcsolatfelv\u00e9tel\u201d \u0171rlapon kereszt\u00fcl.<\/p>\n\n\n\n<h2 class=\"wp-block-heading\"><strong>FIZET\u00c9S<\/strong><\/h2>\n\n\n\n<h3 class=\"wp-block-heading\">MILYEN FIZET\u00c9SI M\u00d3DOKAT ELFOGAD?<\/h3>\n\n\n\n<p>Weboldalunkon banki, hitelk\u00e1rtya, netbank vagy UPI haszn\u00e1lat\u00e1val v\u00e1s\u00e1rolhat.<br><br>Ezenk\u00edv\u00fcl t\u00e1mogatjuk a Paypal, Amazon Pay, Apple Pay, Google Pay, Paytm \u00e9s m\u00e1s p\u00e9nzt\u00e1rc\u00e1kat.<br><br>Ezeket a fizet\u00e9si m\u00f3dokat a p\u00e9nzt\u00e1rn\u00e1l v\u00e1laszthatja ki.<\/p>\n\n\n\n<h3 class=\"wp-block-heading\"><strong>HOGYAN FIZETEK UT\u00c1NV\u00c9TELES M\u00d3DSZERVEL?<\/strong><\/h3>\n\n\n\n<p>Az ut\u00e1nv\u00e9tes fizet\u00e9s egyszer\u0171. Csak k\u00f6vesse az al\u00e1bbi egyszer\u0171 l\u00e9p\u00e9seket:<br>A weboldalon v\u00e1lassza ki a megv\u00e1s\u00e1rolni k\u00edv\u00e1nt term\u00e9keket, helyezze a kos\u00e1rba, majd a Fizet\u00e9s \u00e9s rendel\u00e9s \u00e1ttekint\u00e9se oldalon v\u00e1lassza fizet\u00e9si m\u00f3dk\u00e9nt az Ut\u00e1nv\u00e9t (UTV) lehet\u0151s\u00e9get, majd kattintson a \u201eV\u00c1S\u00c1RL\u00c1S TELJES\u00cdT\u00c9SE\u201d gombra.<br>A j\u00f3v\u00e1hagy\u00e1s megt\u00f6rt\u00e9nt\u00e9t k\u00f6vet\u0151en a rendel\u00e9s kisz\u00e1ll\u00edt\u00e1sra ker\u00fcl.<br>Miut\u00e1n a fut\u00e1r\u00fcgyn\u00f6k k\u00e9zbes\u00edtette a rendel\u00e9st, \u00d6nnek a rendel\u00e9s teljes \u00f6sszeg\u00e9t k\u00e9szp\u00e9nzben kell kifizetnie neki.<\/p>\n\n\n\n<h3 class=\"wp-block-heading\"><strong>BIZTONS\u00c1GOS A HITEL-\/BANKT\u00c1RTY\u00c1M HASZN\u00c1LATA EZEN A WEBOLDALON?<\/strong><\/h3>\n\n\n\n<p>Harmadik f\u00e9l fizet\u00e9sfeldolgoz\u00f3 szolg\u00e1ltat\u00e1sokat vesz\u00fcnk ig\u00e9nybe az \u00f6sszes hitel-\/bet\u00e9ti k\u00e1rty\u00e1s fizet\u00e9si tranzakci\u00f3 feldolgoz\u00e1s\u00e1hoz. Ezek a fizet\u00e9si k\u00f6zvet\u00edt\u0151k PCI-kompatibilisek, ami a legszigor\u00fabb szint\u0171 tan\u00fas\u00edt\u00e1si szabv\u00e1ny, amely biztos\u00edtja a k\u00e1rtyabirtokosok adatainak biztons\u00e1gos t\u00e1rol\u00e1s\u00e1t, feldolgoz\u00e1s\u00e1t \u00e9s tov\u00e1bb\u00edt\u00e1s\u00e1t az ipar\u00e1gi szabv\u00e1nyos titkos\u00edt\u00e1si technol\u00f3gia seg\u00edts\u00e9g\u00e9vel.<\/p>\n\n\n\n<h3 class=\"wp-block-heading\"><strong>MILYEN P\u00c9NZM\u00c9NYBEN SZ\u00c1M\u00cdTJUK KI?<\/strong><\/h3>\n\n\n\n<p>Jelenleg csak a k\u00f6vetkez\u0151 p\u00e9nznemeket t\u00e1mogatjuk \u00fcgyfeleink helyi p\u00e9nznem\u00e9ben t\u00f6rt\u00e9n\u0151 felsz\u00e1m\u00edt\u00e1s\u00e1ra: USD, CAD \u00e9s EUR.<br>Ha hitel- vagy bet\u00e9ti k\u00e1rty\u00e1ja m\u00e1s p\u00e9nznemet haszn\u00e1l, akkor USD-ben, CAD-ban vagy EUR-ban kell fizetnie, att\u00f3l f\u00fcgg\u0151en, hogy melyik webhelyen tart\u00f3zkodik. Bankja az \u00d6n \u00e1ltal v\u00e1lasztott p\u00e9nznem megfelel\u0151 \u00e1tv\u00e1lt\u00e1si \u00e1rfolyam\u00e1t alkalmazhatja a szab\u00e1lyzat\u00e1nak megfelel\u0151en. A pontos d\u00edjakr\u00f3l \u00e9rdekl\u0151dj\u00f6n bankj\u00e1n\u00e1l.<\/p>\n\n\n\n<h3 class=\"wp-block-heading\"><strong>VANNAK REJTETT K\u00d6LTS\u00c9GEK?<\/strong><\/h3>\n\n\n\n<p>Nincsenek rejtett k\u00f6lts\u00e9gek vagy tov\u00e1bbi sz\u00e1ll\u00edt\u00e1si k\u00f6lts\u00e9gek. A term\u00e9koldalon a f\u00e9nyk\u00e9p mellett felt\u00fcntetett teljes \u00e1r a v\u00e9gs\u0151 \u00e1r. Amit l\u00e1tsz, azt fizeted.<\/p>\n\n\n\n<h2 class=\"wp-block-heading\"><strong>VISSZAT\u00c9R\u00c9S \u00c9S CSERE<\/strong><\/h2>\n\n\n\n<h3 class=\"wp-block-heading\"><strong>ELFOGADJA A VISSZAT\u00c9R\u00c9ST?<\/strong><\/h3>\n\n\n\n<p>Igen, a k\u00f6vetkez\u0151 felt\u00e9telek teljes\u00fcl\u00e9se eset\u00e9n fogadunk visszak\u00fcld\u00e9st:<br><br>\u2013 A t\u00e9telt biztosan eladt\u00e1k web\u00e1ruh\u00e1zunkban<br>\u2013 A t\u00e1rgyat semmilyen m\u00f3don nem lett volna szabad haszn\u00e1lni<br>\u2013 A t\u00e9telnek meg kell lennie az eredeti csomagol\u00e1sban, minden c\u00edmk\u00e9vel stb.<br>\u2013 A visszak\u00fcld\u00e9si vagy csereig\u00e9nyl\u00e9s a k\u00e9zbes\u00edt\u00e9st\u0151l sz\u00e1m\u00edtott 7 napon bel\u00fcl t\u00f6rt\u00e9nik.<br><br>Ha visszak\u00fcld\u00e9st szeretne k\u00e9rni, forduljon az \u00fcgyf\u00e9lszolg\u00e1lathoz a \u201eKapcsolatfelv\u00e9tel\u201d \u0171rlapon kereszt\u00fcl. Kiseg\u00edt\u0151 szem\u00e9lyzet\u00fcnk tagja a lehet\u0151 leghamarabb v\u00e1laszol.<\/p>\n\n\n\n<h3 class=\"wp-block-heading\"><strong>CSER\u00c9LHETEK EGY T\u00c1RGYOT?<\/strong><\/h3>\n\n\n\n<p>Cser\u00e9t elfogadunk, \u00e9s ugyanazokat a felt\u00e9teleket k\u00f6vetik, mint a visszak\u00fcld\u00e9sn\u00e9l.<br><br>\u2013 A t\u00e9telt biztosan eladt\u00e1k web\u00e1ruh\u00e1zunkban<br>\u2013 A t\u00e1rgyat semmilyen m\u00f3don nem lett volna szabad haszn\u00e1lni<br>\u2013 A t\u00e9telnek az eredeti csomagol\u00e1s\u00e1ban kell lennie, minden c\u00edmk\u00e9vel stb.<br>\u2013 A visszak\u00fcld\u00e9si vagy csereig\u00e9nyl\u00e9s a k\u00e9zbes\u00edt\u00e9st\u0151l sz\u00e1m\u00edtott 30 napon bel\u00fcl t\u00f6rt\u00e9nik<br><br>Csere k\u00e9r\u00e9s\u00e9hez k\u00e9rj\u00fck, k\u00fcldje el k\u00e9r\u00e9s\u00e9t a \u201eKapcsolatfelv\u00e9tel\u201d \u0171rlapon kereszt\u00fcl. Kiseg\u00edt\u0151 szem\u00e9lyzet\u00fcnk tagja a lehet\u0151 leghamarabb v\u00e1laszol.<\/p>\n\n\n\n<h3 class=\"wp-block-heading\"><strong>HOGYAN K\u00c9SZ\u00dcLTEM VISSZA?<\/strong><\/h3>\n\n\n\n<p>Csereszab\u00e1lyzatunk szerint csak az \u00e1ruk cser\u00e9j\u00e9t biztos\u00edtjuk. Megrendel\u00e9s el\u0151tt javasoljuk, hogy olvassa el sz\u00e1ll\u00edt\u00e1si \u00e9s visszak\u00fcld\u00e9si\/csere szab\u00e1lyzatunkat.<\/p>\n\n\n\n<h3 class=\"wp-block-heading\"><strong>MIKOR VESZI FEL VISSZAV\u00c9TELEMET?<\/strong><\/h3>\n\n\n\n<p>El\u0151nyben r\u00e9szes\u00edtj\u00fck teljes\u00edt\u00e9senket \u00e9s m\u0171veleteinket, hogy olyan term\u00e9keket sz\u00e1ll\u00edtsunk, amelyekre \u00fcgyfeleinknek sz\u00fcks\u00e9g\u00fck lenne, mik\u00f6zben tov\u00e1bbra is otthon maradnak. \u00c9rtes\u00edtj\u00fck, ha tudjuk \u00fctemezni a visszav\u00e9telt. K\u00f6sz\u00f6nj\u00fck t\u00fcrelm\u00e9t ebben a tekintetben.<\/p>\n\n\n\n<h3 class=\"wp-block-heading\"><strong>INGYENES VISSZAV\u00c9R\u00c9S?<\/strong><\/h3>\n\n\n\n<p>Igen, tov\u00e1bbi r\u00e9szletek\u00e9rt olvassa el visszak\u00fcld\u00e9si \u00e9s csereszab\u00e1lyzatunkat. Vagy B\u00e1tran forduljon \u00fcgyf\u00e9lszolg\u00e1latunkhoz e-mailben, vagy vegye fel vel\u00fcnk a kapcsolatot tov\u00e1bbi r\u00e9szletek\u00e9rt.<\/p>\n\n\n\n<h2 class=\"wp-block-heading\">T\u00c1BORNOK<\/h2>\n\n\n\n<h3 class=\"wp-block-heading\"><strong>VAN FIZIKAI \u00dcZLETEI?<\/strong><\/h3>\n\n\n\n<p>Jelenleg nincs fizikai \u00fczlet\u00fcnk a m\u00e1rkan\u00e9v alatt. Azonban sz\u00e1mos forgalmaz\u00f3val rendelkez\u00fcnk Eur\u00f3p\u00e1ban, az Egyes\u00fclt \u00c1llamokban, Kanad\u00e1ban \u00e9s Indi\u00e1ban.<br>A term\u00e9keinket viszontelad\u00f3 \u00fczletek teljes list\u00e1ja megtal\u00e1lhat\u00f3 \u00fczletkeres\u0151 t\u00e9rk\u00e9p\u00fcnk\u00f6n.<\/p>\n\n\n\n<h3 class=\"wp-block-heading\"><strong>K\u00cdN\u00c1L AJ\u00c1NL\u00d3 PROGRAMOT? HOGYAN M\u0170K\u00d6DIK?<\/strong><\/h3>\n\n\n\n<p>Aj\u00e1nl\u00f3i programot hoztunk l\u00e9tre, hogy megk\u00f6sz\u00f6nj\u00fck \u00fcgyfeleinknek, hogy aj\u00e1nlj\u00e1k bar\u00e1taikat \u00e9s csal\u00e1dtagjaikat.<br>Tov\u00e1bbi inform\u00e1ci\u00f3\u00e9rt tekintse meg aj\u00e1nl\u00f3i programunk felt\u00e9teleit.<\/p>\n\n\n\n<h3 class=\"wp-block-heading\"><strong>VAN GARANCIA?<\/strong><\/h3>\n\n\n\n<p>Garant\u00e1ljuk, hogy az \u00e1ltalunk gy\u00e1rtott \u00e9s web\u00e1ruh\u00e1zunkon kereszt\u00fcl \u00e9rt\u00e9kes\u00edtett b\u00e1rmely term\u00e9k\u00fcnk hib\u00e1tlan.<\/p>\n\n\n\n<h3 class=\"wp-block-heading\"><strong>HOGYAN KELL KAPCSOLATOT AZ \u00dcGYF\u00c9LSZOLG\u00c1LATHOZ?<\/strong><\/h3>\n\n\n\n<p>\u00dcgyf\u00e9lszolg\u00e1lati csapatunk a h\u00e9t minden napj\u00e1n, 8-18 \u00f3r\u00e1ig el\u00e9rhet\u0151. E-mailben \u00e9rhet el minket.<\/p>\n\n\n\n<h3 class=\"wp-block-heading\"><strong>HASZN\u00c1LHATOK T\u00d6BB KUPONT EGY TRANZAKCI\u00d3BAN?<\/strong><\/h3>\n\n\n\n<p>Egyetlen tranzakci\u00f3ra vagy kos\u00e1rra csak egy kupon haszn\u00e1lhat\u00f3 fel. Mindazon\u00e1ltal t\u00f6bb term\u00e9ket is hozz\u00e1adhat egy kos\u00e1rhoz, hogy egy kupon felhaszn\u00e1l\u00e1s\u00e1val \u00e9s kedvezm\u00e9nyekkel \u00e9lhessen.<\/p>","protected":false},"excerpt":{"rendered":"<p>SHIPPING WHAT IS THE STATUS OF MY ORDER? Once you have placed your order, we will send you a confirmation email to track the status of your order. Once your order is shipped we will send you another email along with the link to track your order. Or, you can track the status of your [&hellip;]<\/p>\n","protected":false},"author":1,"featured_media":0,"parent":0,"menu_order":0,"comment_status":"closed","ping_status":"closed","template":"","meta":{"_uag_custom_page_level_css":"","site-sidebar-layout":"default","site-content-layout":"","ast-site-content-layout":"default","site-content-style":"default","site-sidebar-style":"default","ast-global-header-display":"","ast-banner-title-visibility":"","ast-main-header-display":"","ast-hfb-above-header-display":"","ast-hfb-below-header-display":"","ast-hfb-mobile-header-display":"","site-post-title":"","ast-breadcrumbs-content":"","ast-featured-img":"","footer-sml-layout":"","ast-disable-related-posts":"","theme-transparent-header-meta":"","adv-header-id-meta":"","stick-header-meta":"","header-above-stick-meta":"","header-main-stick-meta":"","header-below-stick-meta":"","astra-migrate-meta-layouts":"set","ast-page-background-enabled":"default","ast-page-background-meta":{"desktop":{"background-color":"","background-image":"","background-repeat":"repeat","background-position":"center center","background-size":"auto","background-attachment":"scroll","background-type":"","background-media":"","overlay-type":"","overlay-color":"","overlay-opacity":"","overlay-gradient":""},"tablet":{"background-color":"","background-image":"","background-repeat":"repeat","background-position":"center center","background-size":"auto","background-attachment":"scroll","background-type":"","background-media":"","overlay-type":"","overlay-color":"","overlay-opacity":"","overlay-gradient":""},"mobile":{"background-color":"","background-image":"","background-repeat":"repeat","background-position":"center center","background-size":"auto","background-attachment":"scroll","background-type":"","background-media":"","overlay-type":"","overlay-color":"","overlay-opacity":"","overlay-gradient":""}},"ast-content-background-meta":{"desktop":{"background-color":"var(--ast-global-color-5)","background-image":"","background-repeat":"repeat","background-position":"center center","background-size":"auto","background-attachment":"scroll","background-type":"","background-media":"","overlay-type":"","overlay-color":"","overlay-opacity":"","overlay-gradient":""},"tablet":{"background-color":"var(--ast-global-color-5)","background-image":"","background-repeat":"repeat","background-position":"center center","background-size":"auto","background-attachment":"scroll","background-type":"","background-media":"","overlay-type":"","overlay-color":"","overlay-opacity":"","overlay-gradient":""},"mobile":{"background-color":"var(--ast-global-color-5)","background-image":"","background-repeat":"repeat","background-position":"center center","background-size":"auto","background-attachment":"scroll","background-type":"","background-media":"","overlay-type":"","overlay-color":"","overlay-opacity":"","overlay-gradient":""}},"footnotes":""},"class_list":["post-2129","page","type-page","status-publish","hentry"],"yoast_head":"<!-- This site is optimized with the Yoast SEO plugin v27.3 - https:\/\/yoast.com\/product\/yoast-seo-wordpress\/ -->\n<title>Herbal Soap FAQs | Shipping, Ingredients &amp; Usage Questions | Taxne<\/title>\n<meta name=\"description\" content=\"Find quick answers to your questions about Taxne herbal soaps. Learn about ingredients, shipping, returns, usage tips, and more. Can&#039;t find what you need? Our team is ready to help.\" \/>\n<meta name=\"robots\" content=\"index, follow, max-snippet:-1, max-image-preview:large, max-video-preview:-1\" \/>\n<link rel=\"canonical\" href=\"https:\/\/taxne.com\/hu\/gyakori-kerdesek\/\" \/>\n<meta property=\"og:locale\" content=\"hu_HU\" \/>\n<meta property=\"og:type\" content=\"article\" \/>\n<meta property=\"og:title\" content=\"Herbal Soap FAQs | Shipping, Ingredients &amp; Usage Questions | Taxne\" \/>\n<meta property=\"og:description\" content=\"Find quick answers to your questions about Taxne herbal soaps. Learn about ingredients, shipping, returns, usage tips, and more. Can&#039;t find what you need? Our team is ready to help.\" \/>\n<meta property=\"og:url\" content=\"https:\/\/taxne.com\/hu\/gyakori-kerdesek\/\" \/>\n<meta property=\"article:modified_time\" content=\"2025-09-10T09:05:04+00:00\" \/>\n<meta name=\"twitter:card\" content=\"summary_large_image\" \/>\n<meta name=\"twitter:label1\" content=\"Becs\u00fclt olvas\u00e1si id\u0151\" \/>\n\t<meta name=\"twitter:data1\" content=\"7 perc\" \/>\n<script type=\"application\/ld+json\" class=\"yoast-schema-graph\">{\"@context\":\"https:\\\/\\\/schema.org\",\"@graph\":[{\"@type\":\"WebPage\",\"@id\":\"https:\\\/\\\/taxne.com\\\/faqs\\\/\",\"url\":\"https:\\\/\\\/taxne.com\\\/faqs\\\/\",\"name\":\"Herbal Soap FAQs | Shipping, Ingredients & Usage Questions | Taxne\",\"isPartOf\":{\"@id\":\"https:\\\/\\\/taxne.com\\\/#website\"},\"datePublished\":\"2024-07-15T03:55:40+00:00\",\"dateModified\":\"2025-09-10T09:05:04+00:00\",\"description\":\"Find quick answers to your questions about Taxne herbal soaps. Learn about ingredients, shipping, returns, usage tips, and more. Can't find what you need? Our team is ready to help.\",\"breadcrumb\":{\"@id\":\"https:\\\/\\\/taxne.com\\\/faqs\\\/#breadcrumb\"},\"inLanguage\":\"hu\",\"potentialAction\":[{\"@type\":\"ReadAction\",\"target\":[\"https:\\\/\\\/taxne.com\\\/faqs\\\/\"]}]},{\"@type\":\"BreadcrumbList\",\"@id\":\"https:\\\/\\\/taxne.com\\\/faqs\\\/#breadcrumb\",\"itemListElement\":[{\"@type\":\"ListItem\",\"position\":1,\"name\":\"\u9996\u9875\",\"item\":\"https:\\\/\\\/taxne.com\\\/\"},{\"@type\":\"ListItem\",\"position\":2,\"name\":\"Faqs\"}]},{\"@type\":\"WebSite\",\"@id\":\"https:\\\/\\\/taxne.com\\\/#website\",\"url\":\"https:\\\/\\\/taxne.com\\\/\",\"name\":\"taxne.com\",\"description\":\"\",\"publisher\":{\"@id\":\"https:\\\/\\\/taxne.com\\\/#organization\"},\"potentialAction\":[{\"@type\":\"SearchAction\",\"target\":{\"@type\":\"EntryPoint\",\"urlTemplate\":\"https:\\\/\\\/taxne.com\\\/?s={search_term_string}\"},\"query-input\":{\"@type\":\"PropertyValueSpecification\",\"valueRequired\":true,\"valueName\":\"search_term_string\"}}],\"inLanguage\":\"hu\"},{\"@type\":\"Organization\",\"@id\":\"https:\\\/\\\/taxne.com\\\/#organization\",\"name\":\"taxne.com\",\"url\":\"https:\\\/\\\/taxne.com\\\/\",\"logo\":{\"@type\":\"ImageObject\",\"inLanguage\":\"hu\",\"@id\":\"https:\\\/\\\/taxne.com\\\/#\\\/schema\\\/logo\\\/image\\\/\",\"url\":\"https:\\\/\\\/taxne.com\\\/wp-content\\\/uploads\\\/2025\\\/09\\\/cropped-logo.png\",\"contentUrl\":\"https:\\\/\\\/taxne.com\\\/wp-content\\\/uploads\\\/2025\\\/09\\\/cropped-logo.png\",\"width\":1027,\"height\":270,\"caption\":\"taxne.com\"},\"image\":{\"@id\":\"https:\\\/\\\/taxne.com\\\/#\\\/schema\\\/logo\\\/image\\\/\"}}]}<\/script>\n<!-- \/ Yoast SEO plugin. -->","yoast_head_json":{"title":"Herbal Soap FAQs | Shipping, Ingredients & Usage Questions | Taxne","description":"Find quick answers to your questions about Taxne herbal soaps. Learn about ingredients, shipping, returns, usage tips, and more. Can't find what you need? Our team is ready to help.","robots":{"index":"index","follow":"follow","max-snippet":"max-snippet:-1","max-image-preview":"max-image-preview:large","max-video-preview":"max-video-preview:-1"},"canonical":"https:\/\/taxne.com\/hu\/gyakori-kerdesek\/","og_locale":"hu_HU","og_type":"article","og_title":"Herbal Soap FAQs | Shipping, Ingredients & Usage Questions | Taxne","og_description":"Find quick answers to your questions about Taxne herbal soaps. Learn about ingredients, shipping, returns, usage tips, and more. Can't find what you need? Our team is ready to help.","og_url":"https:\/\/taxne.com\/hu\/gyakori-kerdesek\/","article_modified_time":"2025-09-10T09:05:04+00:00","twitter_card":"summary_large_image","twitter_misc":{"Becs\u00fclt olvas\u00e1si id\u0151":"7 perc"},"schema":{"@context":"https:\/\/schema.org","@graph":[{"@type":"WebPage","@id":"https:\/\/taxne.com\/faqs\/","url":"https:\/\/taxne.com\/faqs\/","name":"Herbal Soap FAQs | Shipping, Ingredients & Usage Questions | Taxne","isPartOf":{"@id":"https:\/\/taxne.com\/#website"},"datePublished":"2024-07-15T03:55:40+00:00","dateModified":"2025-09-10T09:05:04+00:00","description":"Find quick answers to your questions about Taxne herbal soaps. Learn about ingredients, shipping, returns, usage tips, and more. Can't find what you need? Our team is ready to help.","breadcrumb":{"@id":"https:\/\/taxne.com\/faqs\/#breadcrumb"},"inLanguage":"hu","potentialAction":[{"@type":"ReadAction","target":["https:\/\/taxne.com\/faqs\/"]}]},{"@type":"BreadcrumbList","@id":"https:\/\/taxne.com\/faqs\/#breadcrumb","itemListElement":[{"@type":"ListItem","position":1,"name":"\u9996\u9875","item":"https:\/\/taxne.com\/"},{"@type":"ListItem","position":2,"name":"Faqs"}]},{"@type":"WebSite","@id":"https:\/\/taxne.com\/#website","url":"https:\/\/taxne.com\/","name":"taxne.com","description":"","publisher":{"@id":"https:\/\/taxne.com\/#organization"},"potentialAction":[{"@type":"SearchAction","target":{"@type":"EntryPoint","urlTemplate":"https:\/\/taxne.com\/?s={search_term_string}"},"query-input":{"@type":"PropertyValueSpecification","valueRequired":true,"valueName":"search_term_string"}}],"inLanguage":"hu"},{"@type":"Organization","@id":"https:\/\/taxne.com\/#organization","name":"taxne.com","url":"https:\/\/taxne.com\/","logo":{"@type":"ImageObject","inLanguage":"hu","@id":"https:\/\/taxne.com\/#\/schema\/logo\/image\/","url":"https:\/\/taxne.com\/wp-content\/uploads\/2025\/09\/cropped-logo.png","contentUrl":"https:\/\/taxne.com\/wp-content\/uploads\/2025\/09\/cropped-logo.png","width":1027,"height":270,"caption":"taxne.com"},"image":{"@id":"https:\/\/taxne.com\/#\/schema\/logo\/image\/"}}]}},"uagb_featured_image_src":{"full":false,"thumbnail":false,"medium":false,"medium_large":false,"large":false,"1536x1536":false,"2048x2048":false,"trp-custom-language-flag":false,"woocommerce_thumbnail":false,"woocommerce_single":false,"woocommerce_gallery_thumbnail":false},"uagb_author_info":{"display_name":"tianke1223@gmail.com","author_link":"https:\/\/taxne.com\/hu\/author\/tianke1223gmail-com\/"},"uagb_comment_info":0,"uagb_excerpt":"SHIPPING WHAT IS THE STATUS OF MY ORDER? Once you have placed your order, we will send you a confirmation email to track the status of your order. Once your order is shipped we will send you another email along with the link to track your order. Or, you can track the status of your&hellip;","jetpack_sharing_enabled":true,"_links":{"self":[{"href":"https:\/\/taxne.com\/hu\/wp-json\/wp\/v2\/pages\/2129","targetHints":{"allow":["GET"]}}],"collection":[{"href":"https:\/\/taxne.com\/hu\/wp-json\/wp\/v2\/pages"}],"about":[{"href":"https:\/\/taxne.com\/hu\/wp-json\/wp\/v2\/types\/page"}],"author":[{"embeddable":true,"href":"https:\/\/taxne.com\/hu\/wp-json\/wp\/v2\/users\/1"}],"replies":[{"embeddable":true,"href":"https:\/\/taxne.com\/hu\/wp-json\/wp\/v2\/comments?post=2129"}],"version-history":[{"count":2,"href":"https:\/\/taxne.com\/hu\/wp-json\/wp\/v2\/pages\/2129\/revisions"}],"predecessor-version":[{"id":2131,"href":"https:\/\/taxne.com\/hu\/wp-json\/wp\/v2\/pages\/2129\/revisions\/2131"}],"wp:attachment":[{"href":"https:\/\/taxne.com\/hu\/wp-json\/wp\/v2\/media?parent=2129"}],"curies":[{"name":"wp","href":"https:\/\/api.w.org\/{rel}","templated":true}]}}