{"id":3,"date":"2024-07-11T14:22:53","date_gmt":"2024-07-11T14:22:53","guid":{"rendered":"https:\/\/taxne.com\/?page_id=3"},"modified":"2025-09-10T09:10:18","modified_gmt":"2025-09-10T09:10:18","slug":"privacy-policy","status":"publish","type":"page","link":"https:\/\/taxne.com\/hu\/adatvedelmi-iranyelvek\/","title":{"rendered":"Adatv\u00e9delmi ir\u00e1nyelvek"},"content":{"rendered":"<h3 class=\"wp-block-heading\">Adatv\u00e9delmi ir\u00e1nyelvek<\/h3>\n\n\n\n<p>A Taxne.com weboldal a Taxne tulajdona, amely az \u00d6n szem\u00e9lyes adatainak adatkezel\u0151je.<\/p>\n\n\n\n<p>Elfogadtuk ezt az Adatv\u00e9delmi szab\u00e1lyzatot, amely meghat\u00e1rozza, hogy mik\u00e9nt dolgozzuk fel a Taxne.com \u00e1ltal gy\u0171jt\u00f6tt inform\u00e1ci\u00f3kat, \u00e9s amely azt is tartalmazza, hogy mi\u00e9rt kell bizonyos szem\u00e9lyes adatokat gy\u0171jten\u00fcnk \u00d6nr\u0151l. Ez\u00e9rt a Taxne.com webhely haszn\u00e1lata el\u0151tt el kell olvasnia ezt az Adatv\u00e9delmi szab\u00e1lyzatot.<\/p>\n\n\n\n<p>Gondoskodunk szem\u00e9lyes adatair\u00f3l, \u00e9s v\u00e1llaljuk, hogy garant\u00e1ljuk azok bizalmas kezel\u00e9s\u00e9t \u00e9s biztons\u00e1g\u00e1t.<\/p>\n\n\n\n<h6 class=\"wp-block-heading\">Az \u00e1ltalunk gy\u0171jt\u00f6tt szem\u00e9lyes adatok:<\/h6>\n\n\n\n<p>Amikor felkeresi a Taxne.com oldalt, automatikusan gy\u0171jt\u00fcnk bizonyos inform\u00e1ci\u00f3kat az \u00d6n k\u00e9sz\u00fcl\u00e9k\u00e9r\u0151l, bele\u00e9rtve a webb\u00f6ng\u00e9sz\u0151j\u00e9re, az IP-c\u00edm\u00e9re, az id\u0151z\u00f3n\u00e1ra \u00e9s az eszk\u00f6z\u00e9re telep\u00edtett cookie-kra vonatkoz\u00f3 inform\u00e1ci\u00f3kat. Ezenk\u00edv\u00fcl a Webhely b\u00f6ng\u00e9sz\u00e9se sor\u00e1n inform\u00e1ci\u00f3kat gy\u0171jt\u00fcnk az \u00d6n \u00e1ltal megtekintett egyes weboldalakr\u00f3l vagy term\u00e9kekr\u0151l, arr\u00f3l, hogy milyen webhelyek vagy keres\u00e9si kifejez\u00e9sek utaltak a webhelyre, \u00e9s hogyan l\u00e9p kapcsolatba a Webhellyel. Ezeket az automatikusan gy\u0171jt\u00f6tt inform\u00e1ci\u00f3kat \u201eEszk\u00f6zinform\u00e1ci\u00f3k\u00e9nt\u201d nevezz\u00fck. Ezen t\u00falmen\u0151en el\u0151fordulhat, hogy a regisztr\u00e1ci\u00f3 sor\u00e1n megadott szem\u00e9lyes adatokat (ide\u00e9rtve, de nem kiz\u00e1r\u00f3lagosan a nevet, vezet\u00e9knevet, lakc\u00edmet, fizet\u00e9si inform\u00e1ci\u00f3kat stb.) gy\u0171jtj\u00fck a szerz\u0151d\u00e9s teljes\u00edt\u00e9se \u00e9rdek\u00e9ben.<\/p>\n\n\n\n<h6 class=\"wp-block-heading\">Mi\u00e9rt dolgozzuk fel adatait?<\/h6>\n\n\n\n<p>Kiemelt priorit\u00e1sunk az \u00fcgyfelek adatainak biztons\u00e1ga, ez\u00e9rt csak minim\u00e1lis felhaszn\u00e1l\u00f3i adatot dolgozhatunk fel, csak annyit, amennyi a weboldal karbantart\u00e1s\u00e1hoz felt\u00e9tlen\u00fcl sz\u00fcks\u00e9ges. Az automatikusan gy\u0171jt\u00f6tt inform\u00e1ci\u00f3kat csak a potenci\u00e1lis vissza\u00e9l\u00e9sek azonos\u00edt\u00e1s\u00e1ra \u00e9s a webhelyhaszn\u00e1lattal kapcsolatos statisztikai adatok meg\u00e1llap\u00edt\u00e1s\u00e1ra haszn\u00e1ljuk fel. Ezeket a statisztikai inform\u00e1ci\u00f3kat egy\u00e9bk\u00e9nt nem aggreg\u00e1lj\u00e1k oly m\u00f3don, hogy az azonos\u00edthassa a rendszer b\u00e1rmely felhaszn\u00e1l\u00f3j\u00e1t.<\/p>\n\n\n\n<p>A weboldalt an\u00e9lk\u00fcl l\u00e1togathatja meg, hogy k\u00f6z\u00f6ln\u00e9 vel\u00fcnk, kicsoda, vagy olyan inform\u00e1ci\u00f3t k\u00f6z\u00f6lne, amely alapj\u00e1n valaki konkr\u00e9t, azonos\u00edthat\u00f3 szem\u00e9lyk\u00e9nt azonos\u00edthatn\u00e1 \u00d6nt. Ha azonban szeretn\u00e9 haszn\u00e1lni a weboldal egyes funkci\u00f3it, h\u00edrlevel\u00fcnket szeretn\u00e9 megkapni, vagy egy \u0171rlap kit\u00f6lt\u00e9s\u00e9vel egy\u00e9b adatokat szeretne megadni, megadhat nek\u00fcnk szem\u00e9lyes adatokat, p\u00e9ld\u00e1ul e-mail-c\u00edm\u00e9t, keresztnev\u00e9t, vezet\u00e9knev\u00e9t, v\u00e1ros\u00e1t. lak\u00f3hely, szervezet, telefonsz\u00e1m. D\u00f6nthet \u00fagy, hogy nem adja meg nek\u00fcnk szem\u00e9lyes adatait, de akkor el\u0151fordulhat, hogy nem tudja kihaszn\u00e1lni a webhely egyes funkci\u00f3it. P\u00e9ld\u00e1ul nem fogja tudni megkapni h\u00edrlevel\u00fcnket, vagy k\u00f6zvetlen\u00fcl a webhelyr\u0151l nem l\u00e9phet kapcsolatba vel\u00fcnk. Azok a felhaszn\u00e1l\u00f3k, akik bizonytalanok abban, hogy mely adatok k\u00f6telez\u0151ek, felvehetik vel\u00fcnk a kapcsolatot <a target=\"_blank\" href=\"mailto:tianke1223@gmail.com\" rel=\"noreferrer noopener\">tianke1223@gmail.com<\/a>.<\/p>\n\n\n\n<h6 class=\"wp-block-heading\">Az \u00d6n jogai:<\/h6>\n\n\n\n<p>Ha \u00d6n eur\u00f3pai lakos, szem\u00e9lyes adataival kapcsolatban a k\u00f6vetkez\u0151 jogai vannak:<\/p>\n\n\n\n<ul class=\"wp-block-list\">\n<li>A t\u00e1j\u00e9koztat\u00e1shoz val\u00f3 jog.<\/li>\n\n\n\n<li>A hozz\u00e1f\u00e9r\u00e9s joga.<\/li>\n\n\n\n<li>A helyesb\u00edt\u00e9shez val\u00f3 jog.<\/li>\n\n\n\n<li>A t\u00f6rl\u00e9shez val\u00f3 jog.<\/li>\n\n\n\n<li>Az adatkezel\u00e9s korl\u00e1toz\u00e1s\u00e1nak joga.<\/li>\n\n\n\n<li>Az adathordozhat\u00f3s\u00e1ghoz val\u00f3 jog.<\/li>\n\n\n\n<li>A tiltakoz\u00e1s joga.<\/li>\n\n\n\n<li>Az automatiz\u00e1lt d\u00f6nt\u00e9shozatalhoz \u00e9s profilalkot\u00e1shoz kapcsol\u00f3d\u00f3 jogok.<\/li>\n<\/ul>\n\n\n\n<p>Ha \u00e9lni szeretne ezzel a jog\u00e1val, vegye fel vel\u00fcnk a kapcsolatot az al\u00e1bbi el\u00e9rhet\u0151s\u00e9geken.<\/p>\n\n\n\n<p>Ezenk\u00edv\u00fcl, ha \u00d6n eur\u00f3pai lakos, tudom\u00e1sul vessz\u00fck, hogy adatait az \u00d6nnel k\u00f6t\u00f6tt szerz\u0151d\u00e9seink teljes\u00edt\u00e9se \u00e9rdek\u00e9ben dolgozzuk fel (p\u00e9ld\u00e1ul ha megrendel\u00e9st ad a Webhelyen kereszt\u00fcl), vagy egy\u00e9b m\u00f3don a felsorolt jogos \u00fczleti \u00e9rdekeink \u00e9rv\u00e9nyes\u00edt\u00e9se \u00e9rdek\u00e9ben. felett. Ezenk\u00edv\u00fcl k\u00e9rj\u00fck, vegye figyelembe, hogy az \u00d6n adatait Eur\u00f3p\u00e1n k\u00edv\u00fclre tov\u00e1bb\u00edthatj\u00e1k, bele\u00e9rtve Kanad\u00e1t \u00e9s az Egyes\u00fclt \u00c1llamokat.<\/p>\n\n\n\n<h6 class=\"wp-block-heading\">Linkek m\u00e1s weboldalakra:<\/h6>\n\n\n\n<p>Weboldalunk tartalmazhat linkeket m\u00e1s olyan weboldalakra, amelyek nem a mi tulajdonunkban vagy ellen\u0151rz\u00e9s\u00fcnkben vannak. K\u00e9rj\u00fck, vegye figyelembe, hogy nem v\u00e1llalunk felel\u0151ss\u00e9get az ilyen m\u00e1s webhelyek\u00e9rt vagy harmadik felek adatv\u00e9delmi gyakorlat\u00e1\u00e9rt. Javasoljuk, hogy legyen tudatos, amikor elhagyja webhely\u00fcnket, \u00e9s olvassa el minden olyan webhely adatv\u00e9delmi nyilatkozat\u00e1t, amely szem\u00e9lyes adatokat gy\u0171jthet.<\/p>\n\n\n\n<h6 class=\"wp-block-heading\">Inform\u00e1ci\u00f3 biztons\u00e1g:<\/h6>\n\n\n\n<p>Ellen\u0151rz\u00f6tt, biztons\u00e1gos k\u00f6rnyezetben, a jogosulatlan hozz\u00e1f\u00e9r\u00e9st\u0151l, felhaszn\u00e1l\u00e1st\u00f3l vagy nyilv\u00e1noss\u00e1gra hozatalt\u00f3l v\u00e9dve v\u00e9dj\u00fck a sz\u00e1m\u00edt\u00f3g\u00e9pes szervereken megadott inform\u00e1ci\u00f3kat. \u00c9sszer\u0171 adminisztrat\u00edv, m\u0171szaki \u00e9s fizikai biztos\u00edt\u00e9kokat tartunk fenn annak \u00e9rdek\u00e9ben, hogy megv\u00e9dj\u00fck az illet\u00e9ktelen hozz\u00e1f\u00e9r\u00e9st, felhaszn\u00e1l\u00e1st, m\u00f3dos\u00edt\u00e1st \u00e9s a szem\u00e9lyes adatok nyilv\u00e1noss\u00e1gra hozatal\u00e1t az ellen\u0151rz\u00e9se \u00e9s \u0151rz\u00e9se sor\u00e1n. Az interneten vagy vezet\u00e9k n\u00e9lk\u00fcli h\u00e1l\u00f3zaton kereszt\u00fcli adat\u00e1tvitel azonban nem garant\u00e1lhat\u00f3.<\/p>\n\n\n\n<h6 class=\"wp-block-heading\">Jogi k\u00f6zz\u00e9t\u00e9tel:<\/h6>\n\n\n\n<p>Felt\u00e1runk minden olyan inform\u00e1ci\u00f3t, amelyet gy\u0171jt\u00fcnk, haszn\u00e1lunk vagy kapunk, ha azt a t\u00f6rv\u00e9ny el\u0151\u00edrja vagy lehet\u0151v\u00e9 teszi, p\u00e9ld\u00e1ul az id\u00e9z\u00e9s vagy hasonl\u00f3 jogi elj\u00e1r\u00e1s teljes\u00edt\u00e9se \u00e9rdek\u00e9ben, \u00e9s ha j\u00f3hiszem\u0171en \u00fagy gondoljuk, hogy a nyilv\u00e1noss\u00e1gra hozatal sz\u00fcks\u00e9ges jogaink v\u00e9delme, az \u00d6n biztons\u00e1ga, vagy m\u00e1sok biztons\u00e1ga, csal\u00e1sok kivizsg\u00e1l\u00e1sa vagy korm\u00e1nyzati k\u00e9r\u00e9s megv\u00e1laszol\u00e1sa.<\/p>\n\n\n\n<h6 class=\"wp-block-heading\">El\u00e9rhet\u0151s\u00e9g:<\/h6>\n\n\n\n<p>Ha szeretne kapcsolatba l\u00e9pni vel\u00fcnk, hogy t\u00f6bbet megtudjon a jelen Szab\u00e1lyzatr\u00f3l, vagy kapcsolatba szeretne l\u00e9pni vel\u00fcnk az egy\u00e9ni jogokkal \u00e9s szem\u00e9lyes adataival kapcsolatos b\u00e1rmilyen \u00fcgyben, k\u00fcldj\u00f6n egy e-mailt a k\u00f6vetkez\u0151 c\u00edmre: <a target=\"_blank\" href=\"mailto:tianke1223@gmail.com\" rel=\"noreferrer noopener\">tianke1223@gmail.com<\/a>.<\/p>","protected":false},"excerpt":{"rendered":"<p>Privacy Policy Taxne.com website is owned by Taxne, which is a data controller of your personal data. We have adopted this Privacy Policy, which determines how we are processing the information collected by Taxne.com, which also provides the reasons why we must collect certain personal data about you. Therefore, you must read this Privacy Policy [&hellip;]<\/p>\n","protected":false},"author":1,"featured_media":0,"parent":0,"menu_order":0,"comment_status":"closed","ping_status":"closed","template":"","meta":{"_uag_custom_page_level_css":"","site-sidebar-layout":"default","site-content-layout":"","ast-site-content-layout":"default","site-content-style":"default","site-sidebar-style":"default","ast-global-header-display":"","ast-banner-title-visibility":"","ast-main-header-display":"","ast-hfb-above-header-display":"","ast-hfb-below-header-display":"","ast-hfb-mobile-header-display":"","site-post-title":"","ast-breadcrumbs-content":"","ast-featured-img":"","footer-sml-layout":"","ast-disable-related-posts":"","theme-transparent-header-meta":"","adv-header-id-meta":"","stick-header-meta":"","header-above-stick-meta":"","header-main-stick-meta":"","header-below-stick-meta":"","astra-migrate-meta-layouts":"set","ast-page-background-enabled":"default","ast-page-background-meta":{"desktop":{"background-color":"","background-image":"","background-repeat":"repeat","background-position":"center center","background-size":"auto","background-attachment":"scroll","background-type":"","background-media":"","overlay-type":"","overlay-color":"","overlay-opacity":"","overlay-gradient":""},"tablet":{"background-color":"","background-image":"","background-repeat":"repeat","background-position":"center center","background-size":"auto","background-attachment":"scroll","background-type":"","background-media":"","overlay-type":"","overlay-color":"","overlay-opacity":"","overlay-gradient":""},"mobile":{"background-color":"","background-image":"","background-repeat":"repeat","background-position":"center center","background-size":"auto","background-attachment":"scroll","background-type":"","background-media":"","overlay-type":"","overlay-color":"","overlay-opacity":"","overlay-gradient":""}},"ast-content-background-meta":{"desktop":{"background-color":"var(--ast-global-color-5)","background-image":"","background-repeat":"repeat","background-position":"center center","background-size":"auto","background-attachment":"scroll","background-type":"","background-media":"","overlay-type":"","overlay-color":"","overlay-opacity":"","overlay-gradient":""},"tablet":{"background-color":"var(--ast-global-color-5)","background-image":"","background-repeat":"repeat","background-position":"center center","background-size":"auto","background-attachment":"scroll","background-type":"","background-media":"","overlay-type":"","overlay-color":"","overlay-opacity":"","overlay-gradient":""},"mobile":{"background-color":"var(--ast-global-color-5)","background-image":"","background-repeat":"repeat","background-position":"center center","background-size":"auto","background-attachment":"scroll","background-type":"","background-media":"","overlay-type":"","overlay-color":"","overlay-opacity":"","overlay-gradient":""}},"footnotes":""},"class_list":["post-3","page","type-page","status-publish","hentry"],"yoast_head":"<!-- This site is optimized with the Yoast SEO plugin v27.3 - https:\/\/yoast.com\/product\/yoast-seo-wordpress\/ -->\n<title>Privacy Policy | Your Data Security &amp; Protection | Taxne<\/title>\n<meta name=\"description\" content=\"Read Taxne&#039;s Privacy Policy to understand how we collect, use, and protect your personal information. We are committed to transparency and GDPR compliance. Your privacy is our priority.\" \/>\n<meta name=\"robots\" content=\"index, follow, max-snippet:-1, max-image-preview:large, max-video-preview:-1\" \/>\n<link rel=\"canonical\" href=\"https:\/\/taxne.com\/hu\/adatvedelmi-iranyelvek\/\" \/>\n<meta property=\"og:locale\" content=\"hu_HU\" \/>\n<meta property=\"og:type\" content=\"article\" \/>\n<meta property=\"og:title\" content=\"Privacy Policy | Your Data Security &amp; Protection | Taxne\" \/>\n<meta property=\"og:description\" content=\"Read Taxne&#039;s Privacy Policy to understand how we collect, use, and protect your personal information. We are committed to transparency and GDPR compliance. Your privacy is our priority.\" \/>\n<meta property=\"og:url\" content=\"https:\/\/taxne.com\/hu\/adatvedelmi-iranyelvek\/\" \/>\n<meta property=\"article:modified_time\" content=\"2025-09-10T09:10:18+00:00\" \/>\n<meta name=\"twitter:card\" content=\"summary_large_image\" \/>\n<meta name=\"twitter:label1\" content=\"Becs\u00fclt olvas\u00e1si id\u0151\" \/>\n\t<meta name=\"twitter:data1\" content=\"5 perc\" \/>\n<script type=\"application\/ld+json\" class=\"yoast-schema-graph\">{\"@context\":\"https:\\\/\\\/schema.org\",\"@graph\":[{\"@type\":\"WebPage\",\"@id\":\"https:\\\/\\\/taxne.com\\\/privacy-policy\\\/\",\"url\":\"https:\\\/\\\/taxne.com\\\/privacy-policy\\\/\",\"name\":\"Privacy Policy | Your Data Security & Protection | Taxne\",\"isPartOf\":{\"@id\":\"https:\\\/\\\/taxne.com\\\/#website\"},\"datePublished\":\"2024-07-11T14:22:53+00:00\",\"dateModified\":\"2025-09-10T09:10:18+00:00\",\"description\":\"Read Taxne's Privacy Policy to understand how we collect, use, and protect your personal information. We are committed to transparency and GDPR compliance. Your privacy is our priority.\",\"breadcrumb\":{\"@id\":\"https:\\\/\\\/taxne.com\\\/privacy-policy\\\/#breadcrumb\"},\"inLanguage\":\"hu\",\"potentialAction\":[{\"@type\":\"ReadAction\",\"target\":[\"https:\\\/\\\/taxne.com\\\/privacy-policy\\\/\"]}]},{\"@type\":\"BreadcrumbList\",\"@id\":\"https:\\\/\\\/taxne.com\\\/privacy-policy\\\/#breadcrumb\",\"itemListElement\":[{\"@type\":\"ListItem\",\"position\":1,\"name\":\"\u9996\u9875\",\"item\":\"https:\\\/\\\/taxne.com\\\/\"},{\"@type\":\"ListItem\",\"position\":2,\"name\":\"Privacy Policy\"}]},{\"@type\":\"WebSite\",\"@id\":\"https:\\\/\\\/taxne.com\\\/#website\",\"url\":\"https:\\\/\\\/taxne.com\\\/\",\"name\":\"taxne.com\",\"description\":\"\",\"publisher\":{\"@id\":\"https:\\\/\\\/taxne.com\\\/#organization\"},\"potentialAction\":[{\"@type\":\"SearchAction\",\"target\":{\"@type\":\"EntryPoint\",\"urlTemplate\":\"https:\\\/\\\/taxne.com\\\/?s={search_term_string}\"},\"query-input\":{\"@type\":\"PropertyValueSpecification\",\"valueRequired\":true,\"valueName\":\"search_term_string\"}}],\"inLanguage\":\"hu\"},{\"@type\":\"Organization\",\"@id\":\"https:\\\/\\\/taxne.com\\\/#organization\",\"name\":\"taxne.com\",\"url\":\"https:\\\/\\\/taxne.com\\\/\",\"logo\":{\"@type\":\"ImageObject\",\"inLanguage\":\"hu\",\"@id\":\"https:\\\/\\\/taxne.com\\\/#\\\/schema\\\/logo\\\/image\\\/\",\"url\":\"https:\\\/\\\/taxne.com\\\/wp-content\\\/uploads\\\/2025\\\/09\\\/cropped-logo.png\",\"contentUrl\":\"https:\\\/\\\/taxne.com\\\/wp-content\\\/uploads\\\/2025\\\/09\\\/cropped-logo.png\",\"width\":1027,\"height\":270,\"caption\":\"taxne.com\"},\"image\":{\"@id\":\"https:\\\/\\\/taxne.com\\\/#\\\/schema\\\/logo\\\/image\\\/\"}}]}<\/script>\n<!-- \/ Yoast SEO plugin. -->","yoast_head_json":{"title":"Privacy Policy | Your Data Security & Protection | Taxne","description":"Read Taxne's Privacy Policy to understand how we collect, use, and protect your personal information. We are committed to transparency and GDPR compliance. Your privacy is our priority.","robots":{"index":"index","follow":"follow","max-snippet":"max-snippet:-1","max-image-preview":"max-image-preview:large","max-video-preview":"max-video-preview:-1"},"canonical":"https:\/\/taxne.com\/hu\/adatvedelmi-iranyelvek\/","og_locale":"hu_HU","og_type":"article","og_title":"Privacy Policy | Your Data Security & Protection | Taxne","og_description":"Read Taxne's Privacy Policy to understand how we collect, use, and protect your personal information. We are committed to transparency and GDPR compliance. Your privacy is our priority.","og_url":"https:\/\/taxne.com\/hu\/adatvedelmi-iranyelvek\/","article_modified_time":"2025-09-10T09:10:18+00:00","twitter_card":"summary_large_image","twitter_misc":{"Becs\u00fclt olvas\u00e1si id\u0151":"5 perc"},"schema":{"@context":"https:\/\/schema.org","@graph":[{"@type":"WebPage","@id":"https:\/\/taxne.com\/privacy-policy\/","url":"https:\/\/taxne.com\/privacy-policy\/","name":"Privacy Policy | Your Data Security & Protection | Taxne","isPartOf":{"@id":"https:\/\/taxne.com\/#website"},"datePublished":"2024-07-11T14:22:53+00:00","dateModified":"2025-09-10T09:10:18+00:00","description":"Read Taxne's Privacy Policy to understand how we collect, use, and protect your personal information. We are committed to transparency and GDPR compliance. Your privacy is our priority.","breadcrumb":{"@id":"https:\/\/taxne.com\/privacy-policy\/#breadcrumb"},"inLanguage":"hu","potentialAction":[{"@type":"ReadAction","target":["https:\/\/taxne.com\/privacy-policy\/"]}]},{"@type":"BreadcrumbList","@id":"https:\/\/taxne.com\/privacy-policy\/#breadcrumb","itemListElement":[{"@type":"ListItem","position":1,"name":"\u9996\u9875","item":"https:\/\/taxne.com\/"},{"@type":"ListItem","position":2,"name":"Privacy Policy"}]},{"@type":"WebSite","@id":"https:\/\/taxne.com\/#website","url":"https:\/\/taxne.com\/","name":"taxne.com","description":"","publisher":{"@id":"https:\/\/taxne.com\/#organization"},"potentialAction":[{"@type":"SearchAction","target":{"@type":"EntryPoint","urlTemplate":"https:\/\/taxne.com\/?s={search_term_string}"},"query-input":{"@type":"PropertyValueSpecification","valueRequired":true,"valueName":"search_term_string"}}],"inLanguage":"hu"},{"@type":"Organization","@id":"https:\/\/taxne.com\/#organization","name":"taxne.com","url":"https:\/\/taxne.com\/","logo":{"@type":"ImageObject","inLanguage":"hu","@id":"https:\/\/taxne.com\/#\/schema\/logo\/image\/","url":"https:\/\/taxne.com\/wp-content\/uploads\/2025\/09\/cropped-logo.png","contentUrl":"https:\/\/taxne.com\/wp-content\/uploads\/2025\/09\/cropped-logo.png","width":1027,"height":270,"caption":"taxne.com"},"image":{"@id":"https:\/\/taxne.com\/#\/schema\/logo\/image\/"}}]}},"uagb_featured_image_src":{"full":false,"thumbnail":false,"medium":false,"medium_large":false,"large":false,"1536x1536":false,"2048x2048":false,"trp-custom-language-flag":false,"woocommerce_thumbnail":false,"woocommerce_single":false,"woocommerce_gallery_thumbnail":false},"uagb_author_info":{"display_name":"tianke1223@gmail.com","author_link":"https:\/\/taxne.com\/hu\/author\/tianke1223gmail-com\/"},"uagb_comment_info":0,"uagb_excerpt":"Privacy Policy Taxne.com website is owned by Taxne, which is a data controller of your personal data. We have adopted this Privacy Policy, which determines how we are processing the information collected by Taxne.com, which also provides the reasons why we must collect certain personal data about you. Therefore, you must read this Privacy Policy&hellip;","jetpack_sharing_enabled":true,"_links":{"self":[{"href":"https:\/\/taxne.com\/hu\/wp-json\/wp\/v2\/pages\/3","targetHints":{"allow":["GET"]}}],"collection":[{"href":"https:\/\/taxne.com\/hu\/wp-json\/wp\/v2\/pages"}],"about":[{"href":"https:\/\/taxne.com\/hu\/wp-json\/wp\/v2\/types\/page"}],"author":[{"embeddable":true,"href":"https:\/\/taxne.com\/hu\/wp-json\/wp\/v2\/users\/1"}],"replies":[{"embeddable":true,"href":"https:\/\/taxne.com\/hu\/wp-json\/wp\/v2\/comments?post=3"}],"version-history":[{"count":1,"href":"https:\/\/taxne.com\/hu\/wp-json\/wp\/v2\/pages\/3\/revisions"}],"predecessor-version":[{"id":2118,"href":"https:\/\/taxne.com\/hu\/wp-json\/wp\/v2\/pages\/3\/revisions\/2118"}],"wp:attachment":[{"href":"https:\/\/taxne.com\/hu\/wp-json\/wp\/v2\/media?parent=3"}],"curies":[{"name":"wp","href":"https:\/\/api.w.org\/{rel}","templated":true}]}}