{"id":7238,"date":"2024-10-15T07:12:07","date_gmt":"2024-10-15T07:12:07","guid":{"rendered":"https:\/\/taxne.com\/?post_type=product&#038;p=7238"},"modified":"2026-01-26T09:16:34","modified_gmt":"2026-01-26T09:16:34","slug":"999-cold-medicine-999-gan-mao-ling-chinese-cold-remedy-granules-10-boxes","status":"publish","type":"product","link":"https:\/\/taxne.com\/hu\/termek\/999-megfazas-gyogyszer-999-gan-mao-ling-kinai-megfazas-elleni-gyogyszer-granulatum-10-doboz\/","title":{"rendered":"999 Cold Medicine \u2013 999 Gan Mao Ling | K\u00ednai Cold Remedy Granul\u00e1tum 10 doboz"},"content":{"rendered":"<p><a href=\"https:\/\/laxne.com\/goods?text=999%E6%84%9F%E5%86%92%E7%81%B5\">999 cold medicine<\/a> &#8211; <a href=\"https:\/\/laxne.com\/goods?text=999%E6%84%9F%E5%86%92%E7%81%B5\">999 gan mao ling<\/a>,999 cold remedy granular,999 Cold Remedy,999 chinese cold medicine,<a href=\"https:\/\/laxne.com\/goods?text=999%E6%84%9F%E5%86%92%E7%81%B5\">999 Gan Mao Ling Ke Li<\/a><br \/>\nHat\u00e1sok<br \/>\nA Gan Mao Ling Ke Li l\u00e1zcsillap\u00edt\u00f3 \u00e9s f\u00e1jdalomcsillap\u00edt\u00f3 hat\u00e1s\u00fa, haszn\u00e1lhat\u00f3 megf\u00e1z\u00e1s okozta fejf\u00e1j\u00e1s, l\u00e1z, orrdugul\u00e1s, orrfoly\u00e1s, torokf\u00e1j\u00e1s stb.<br \/>\n\u00d3vint\u00e9zked\u00e9sek<br \/>\nA gy\u00f3gyszeres kezel\u00e9s alatt ker\u00fclni kell a doh\u00e1nyz\u00e1st, az alkoholt, a f\u0171szeres, hideg \u00e9s zs\u00edros \u00e9teleket.<br \/>\nKi ne haszn\u00e1lja a Gan Mao Ling Ke Li-t?<br \/>\n\u00b7A term\u00e9kre allergi\u00e1s szem\u00e9lyek sz\u00e1m\u00e1ra tilos.<br \/>\n\u00b7S\u00falyos m\u00e1j- \u00e9s veseel\u00e9gtelens\u00e9gben szenved\u0151k sz\u00e1m\u00e1ra tilos.<br \/>\nKinek kell \u00f3vatosan haszn\u00e1lnia a Gan Mao Ling Ke Li-t?<br \/>\n\u00b7A m\u00e1j- \u00e9s veseel\u00e9gtelens\u00e9gben szenved\u0151knek \u00f3vatosan kell haszn\u00e1lniuk.<br \/>\n\u00b7A h\u00fagyh\u00f3lyagnyak elz\u00e1r\u00f3d\u00e1s\u00e1ban, pajzsmirigy-t\u00falm\u0171k\u00f6d\u00e9sben, z\u00f6ldh\u00e1lyogban, magas v\u00e9rnyom\u00e1sban \u00e9s prosztata hipertr\u00f3fi\u00e1ban szenved\u0151knek \u00f3vatosan kell alkalmazniuk.<br \/>\nTerhes \u00e9s szoptat\u00f3 n\u0151knek \u00f3vatosan kell alkalmazniuk.<br \/>\nL\u00e9p- \u00e9s gyomorhi\u00e1nyos, hasi f\u00e1jdalmas, meleget prefer\u00e1l\u00f3 \u00e9s hasmen\u00e9sben szenved\u0151knek \u00f3vatosan kell haszn\u00e1lniuk;.<br \/>\nCukorbetegs\u00e9gben, peptikus fek\u00e9lyben \u00e9s pylorus nyomb\u00e9lelz\u00e1r\u00f3d\u00e1sban szenved\u0151knek \u00f3vatosan kell alkalmazniuk.<br \/>\nAz allergi\u00e1s alkat\u00fa embereknek \u00f3vatosan kell haszn\u00e1lniuk.<br \/>\nHaszn\u00e1lhatj\u00e1k-e speci\u00e1lis csoportok a Ganmaoling granul\u00e1tumot?<br \/>\nTerhes \u00e9s szoptat\u00f3 n\u0151k: Terhes \u00e9s szoptat\u00f3 n\u0151knek \u00f3vatosan kell alkalmazniuk. Ha \u00d6n terhes, terhess\u00e9get tervez vagy szoptat, k\u00e9rj\u00fck, id\u0151ben \u00e9rtes\u00edtse orvos\u00e1t.<br \/>\n\u00c9s konzult\u00e1ljon a legjobb kezel\u00e9si terv kiv\u00e1laszt\u00e1s\u00e1val.<br \/>\n\u00b7Gyermekek: A gyermekek gy\u00f3gyszeres kezel\u00e9s\u00e9t orvos ir\u00e1ny\u00edt\u00e1sa \u00e9s feln\u0151tt fel\u00fcgyelete mellett kell v\u00e9gezni.<br \/>\nMilyen gy\u00f3gyszerekkel l\u00e9p k\u00f6lcs\u00f6nhat\u00e1sba a Ganmaoling Granules?<br \/>\nA gy\u00f3gyszeres kezel\u00e9s alatt nem tan\u00e1csos egyidej\u0171leg toniz\u00e1l\u00f3 k\u00ednai gy\u00f3gyszert bevenni.<br \/>\nHa ezt a term\u00e9ket m\u00e1s gy\u00f3gyszerekkel egyidej\u0171leg alkalmazz\u00e1k, gy\u00f3gyszerk\u00f6lcs\u00f6nhat\u00e1sok l\u00e9phetnek fel. Ez\u00e9rt, ha m\u00e1s gy\u00f3gyszereket is szed, k\u00e9rj\u00fck, konzult\u00e1ljon orvos\u00e1val a gy\u00f3gyszer szed\u00e9se el\u0151tt, \u00e9s t\u00e1j\u00e9koztassa orvos\u00e1t minden igazolt betegs\u00e9g\u00e9r\u0151l \u00e9s kezel\u00e9si terv\u00e9r\u0151l.<br \/>\nHaszn\u00e1lat \u00e9s adagol\u00e1s<br \/>\nGyermekek, id\u0151sek \u00e9s szoptat\u00f3 n\u0151k eset\u00e9ben k\u00e9rj\u00fck, konzult\u00e1ljon orvos\u00e1val bizonyos gy\u00f3gyszerek\u00e9rt. Ne vegyen be gy\u00f3gyszert tetsz\u00e9s szerint.<br \/>\nMelyek a Ganmaoling granul\u00e1tum adagol\u00e1si form\u00e1i vagy specifik\u00e1ci\u00f3i?<br \/>\nGanmaoling granul\u00e1tum: Minden tasak 10 g t\u00f6meg\u0171 (0,2 g acetaminofent, 4 mg kl\u00f3rfeniramin-male\u00e1tot \u00e9s 4 mg koffeint tartalmaz).<br \/>\nMi a Ganmaoling granul\u00e1tum konkr\u00e9t felhaszn\u00e1l\u00e1sa?<br \/>\nForralt v\u00edzzel fogyasszuk, naponta 3-szor 1 zacsk\u00f3t. Gyermekek eset\u00e9ben cs\u00f6kkentse az adagot, vagy k\u00f6vesse orvosa tan\u00e1cs\u00e1t.<br \/>\nHaszn\u00e1lati utas\u00edt\u00e1s<br \/>\nEzt a term\u00e9ket tilos haszn\u00e1lni, ha tulajdons\u00e1gai megv\u00e1ltoznak. K\u00e9rj\u00fck, tartsa ezt a term\u00e9ket gyermekekt\u0151l elz\u00e1rva. Ha a t\u00fcnetek a gy\u00f3gyszer szed\u00e9se ut\u00e1n 3 napig nem enyh\u00fclnek, s\u0151t s\u00falyosbodnak, vagy \u00faj s\u00falyos t\u00fcnetek jelentkeznek (pl. mellkasi szor\u00edt\u00f3 \u00e9rz\u00e9s, sz\u00edvdobog\u00e1s stb.), azonnal abba kell hagyni a gy\u00f3gyszer szed\u00e9s\u00e9t \u00e9s k\u00f3rh\u00e1zba kell menni kezel\u00e9sre.<br \/>\nMi a teend\u0151, ha kihagytam a Ganmao Ling Granules bev\u00e9tel\u00e9t?<br \/>\nHa a kihagyott gy\u00f3gyszeres kezel\u00e9s ideje r\u00f6vid, k\u00e9rj\u00fck, miel\u0151bb p\u00f3tolja, de ha m\u00e1r majdnem a k\u00f6vetkez\u0151 gy\u00f3gyszer szed\u00e9s\u00e9nek ideje van (a k\u00e9t norm\u00e1l gy\u00f3gyszer k\u00f6z\u00f6tti intervallum t\u00f6bb mint fele), k\u00e9rj\u00fck, hagyja ki a kihagyott adagot, \u00e9s vegye be a gy\u00f3gyszert k\u00f6zvetlen\u00fcl a a k\u00f6vetkez\u0151 gy\u00f3gyszeres id\u0151pontban.<br \/>\nNe feledje, hogy ne vegyen be k\u00e9t adagot egyszerre, hogy elker\u00fclje a toxikus reakci\u00f3kat.<br \/>\nHa nem biztos az adagol\u00e1st illet\u0151en, forduljon orvoshoz vagy gy\u00f3gyszer\u00e9szhez.<br \/>\nMi a teend\u0151, ha t\u00faladagoltam a Ganmao Ling granul\u00e1tumot?<br \/>\nHa az adag meghaladja a gy\u00f3gyszer haszn\u00e1lati utas\u00edt\u00e1s\u00e1ban meghat\u00e1rozott adag 1-szeres\u00e9t, vagy meghaladja az orvos \u00e1ltal el\u0151\u00edrt adagot, akkor gy\u00f3gyszert\u00faladagol\u00e1sr\u00f3l van sz\u00f3. A gy\u00f3gyszer t\u00faladagol\u00e1sa eset\u00e9n, ha nincs kellemetlen \u00e9rz\u00e9s, aj\u00e1nlott tov\u00e1bbra is megfigyelni, \u00e9s a k\u00f6vetkez\u0151 alkalommal abbahagyni a gy\u00f3gyszer szed\u00e9s\u00e9t; ha van kellemetlen \u00e9rz\u00e9s, akkor a gy\u00f3gyszer abbahagy\u00e1sa ut\u00e1n sem enyh\u00fcl, \u00e9s k\u00f3rh\u00e1zba kell menni kezel\u00e9sre.<br \/>\nMelyek a Ganmao Ling Granules mell\u00e9khat\u00e1sai?<br \/>\nAlkalmank\u00e9nt b\u0151rki\u00fct\u00e9s, csal\u00e1nki\u00fct\u00e9s, gy\u00f3gyszerl\u00e1z \u00e9s granulocitop\u00e9nia \u00e9szlelhet\u0151.<br \/>\n\u00c1lmoss\u00e1g, letargia, szomj\u00fas\u00e1g \u00e9s gyenges\u00e9g \u00e9szlelhet\u0151;<br \/>\nA gy\u00f3gyszer hossz\u00fa t\u00e1v\u00fa \u00e9s nagym\u00e9rt\u00e9k\u0171 alkalmaz\u00e1sa k\u00f3ros m\u00e1j- \u00e9s vesem\u0171k\u00f6d\u00e9shez vezethet.<br \/>\nHa a gy\u00f3gyszeres kezel\u00e9s alatt b\u00e1rmilyen kellemetlens\u00e9get \u00e9rez, id\u0151ben forduljon orvoshoz.<br \/>\nMilyen k\u00f6r\u00fclm\u00e9nyek k\u00f6z\u00f6tt kell azonnal abbahagynia a Ganmao Ling Granules haszn\u00e1lat\u00e1t?<br \/>\nHa a gy\u00f3gyszer bev\u00e9tele ut\u00e1n a Yin s\u00e9r\u00fcl\u00e9s t\u00fcneteit tapasztalja, mint p\u00e9ld\u00e1ul sz\u00e1j- \u00e9s nyelvsz\u00e1razs\u00e1g, forr\u00f3 kezek \u00e9s l\u00e1bak, vagy egy\u00e9b fizikai k\u00e9nyelmetlens\u00e9g, hagyja abba a gy\u00f3gyszert \u00e9s figyelje meg. Ezen k\u00edv\u00fcl egy\u00e9b mell\u00e9khat\u00e1sai is lehetnek. Ha a gy\u00f3gyszer bev\u00e9tele ut\u00e1n k\u00e9nyelmetlen\u00fcl \u00e9rzi mag\u00e1t, k\u00e9rj\u00fck, id\u0151ben \u00e9rtes\u00edtse orvos\u00e1t. Az orvos a mell\u00e9khat\u00e1s s\u00falyoss\u00e1g\u00e1t\u00f3l f\u00fcgg\u0151en d\u00f6nti el, hogy abba kell-e hagyni a gy\u00f3gyszer szed\u00e9s\u00e9t, vagy megteszi a sz\u00fcks\u00e9ges int\u00e9zked\u00e9seket.<br \/>\nMilyen k\u00f6r\u00fclm\u00e9nyek k\u00f6z\u00f6tt kell a lehet\u0151 leghamarabb k\u00f3rh\u00e1zba mennie?<br \/>\nHa a t\u00fcnetek a gy\u00f3gyszer szed\u00e9se ut\u00e1n h\u00e1rom napig nem enyh\u00fclnek, vagy az \u00e1llapot rosszabbodik, akkor k\u00f3rh\u00e1zba kell menni kezel\u00e9sre. Ezen t\u00falmen\u0151en, ha a gy\u00f3gyszeres kezel\u00e9s alatt egy\u00e9b mell\u00e9khat\u00e1sok jelentkeznek, k\u00e9rj\u00fck, id\u0151ben forduljon orvoshoz.<\/p>","protected":false},"excerpt":{"rendered":"<p><a href=\"https:\/\/laxne.com\/goods?text=999%E6%84%9F%E5%86%92%E7%81%B5\">999 Ganmao Ling Ke Li<\/a><br \/>\nHat\u00e1sok<br \/>\nA Ganmao Ling Ke Li l\u00e1zcsillap\u00edt\u00f3 \u00e9s f\u00e1jdalomcsillap\u00edt\u00f3 hat\u00e1s\u00fa, haszn\u00e1lhat\u00f3 megf\u00e1z\u00e1s okozta fejf\u00e1j\u00e1s, l\u00e1z, orrdugul\u00e1s, orrfoly\u00e1s, torokf\u00e1j\u00e1s stb.<br \/>\n\u00d3vint\u00e9zked\u00e9sek<br \/>\nA gy\u00f3gyszeres kezel\u00e9s alatt ker\u00fclni kell a doh\u00e1nyz\u00e1st, az alkoholt, a f\u0171szeres, hideg \u00e9s zs\u00edros \u00e9teleket.<br \/>\nKi ne haszn\u00e1lja a Ganmao Ling Ke Li-t?<br \/>\n\u00b7A term\u00e9kre allergi\u00e1s szem\u00e9lyek sz\u00e1m\u00e1ra tilos.<br \/>\n\u00b7S\u00falyos m\u00e1j- \u00e9s veseel\u00e9gtelens\u00e9gben szenved\u0151k sz\u00e1m\u00e1ra tilos.<br \/>\nKinek kell \u00f3vatosan haszn\u00e1lnia a Ganmao Ling Ke Li-t?<br \/>\n\u00b7A m\u00e1j- \u00e9s veseel\u00e9gtelens\u00e9gben szenved\u0151knek \u00f3vatosan kell haszn\u00e1lniuk.<br \/>\n\u00b7A h\u00fagyh\u00f3lyagnyak elz\u00e1r\u00f3d\u00e1s\u00e1ban, pajzsmirigy-t\u00falm\u0171k\u00f6d\u00e9sben, z\u00f6ldh\u00e1lyogban, magas v\u00e9rnyom\u00e1sban \u00e9s prosztata hipertr\u00f3fi\u00e1ban szenved\u0151knek \u00f3vatosan kell alkalmazniuk.<br \/>\nTerhes \u00e9s szoptat\u00f3 n\u0151knek \u00f3vatosan kell alkalmazniuk.<br \/>\nL\u00e9p- \u00e9s gyomorhi\u00e1nyos, hasi f\u00e1jdalmas, meleget prefer\u00e1l\u00f3 \u00e9s hasmen\u00e9sben szenved\u0151knek \u00f3vatosan kell haszn\u00e1lniuk;.<br \/>\nCukorbetegs\u00e9gben, peptikus fek\u00e9lyben \u00e9s pylorus nyomb\u00e9lelz\u00e1r\u00f3d\u00e1sban szenved\u0151knek \u00f3vatosan kell alkalmazniuk.<br \/>\nAz allergi\u00e1s alkat\u00fa embereknek \u00f3vatosan kell haszn\u00e1lniuk.<\/p>","protected":false},"featured_media":7242,"comment_status":"open","ping_status":"closed","template":"","meta":{"_uag_custom_page_level_css":"","site-sidebar-layout":"default","site-content-layout":"","ast-site-content-layout":"default","site-content-style":"default","site-sidebar-style":"default","ast-global-header-display":"","ast-banner-title-visibility":"","ast-main-header-display":"","ast-hfb-above-header-display":"","ast-hfb-below-header-display":"","ast-hfb-mobile-header-display":"","site-post-title":"","ast-breadcrumbs-content":"","ast-featured-img":"","footer-sml-layout":"","ast-disable-related-posts":"","theme-transparent-header-meta":"default","adv-header-id-meta":"","stick-header-meta":"","header-above-stick-meta":"","header-main-stick-meta":"","header-below-stick-meta":"","astra-migrate-meta-layouts":"set","ast-page-background-enabled":"default","ast-page-background-meta":{"desktop":{"background-color":"","background-image":"","background-repeat":"repeat","background-position":"center center","background-size":"auto","background-attachment":"scroll","background-type":"","background-media":"","overlay-type":"","overlay-color":"","overlay-opacity":"","overlay-gradient":""},"tablet":{"background-color":"","background-image":"","background-repeat":"repeat","background-position":"center center","background-size":"auto","background-attachment":"scroll","background-type":"","background-media":"","overlay-type":"","overlay-color":"","overlay-opacity":"","overlay-gradient":""},"mobile":{"background-color":"","background-image":"","background-repeat":"repeat","background-position":"center center","background-size":"auto","background-attachment":"scroll","background-type":"","background-media":"","overlay-type":"","overlay-color":"","overlay-opacity":"","overlay-gradient":""}},"ast-content-background-meta":{"desktop":{"background-color":"var(--ast-global-color-5)","background-image":"","background-repeat":"repeat","background-position":"center center","background-size":"auto","background-attachment":"scroll","background-type":"","background-media":"","overlay-type":"","overlay-color":"","overlay-opacity":"","overlay-gradient":""},"tablet":{"background-color":"var(--ast-global-color-5)","background-image":"","background-repeat":"repeat","background-position":"center center","background-size":"auto","background-attachment":"scroll","background-type":"","background-media":"","overlay-type":"","overlay-color":"","overlay-opacity":"","overlay-gradient":""},"mobile":{"background-color":"var(--ast-global-color-5)","background-image":"","background-repeat":"repeat","background-position":"center center","background-size":"auto","background-attachment":"scroll","background-type":"","background-media":"","overlay-type":"","overlay-color":"","overlay-opacity":"","overlay-gradient":""}}},"product_brand":[],"product_cat":[36],"product_tag":[],"class_list":{"0":"post-7238","1":"product","2":"type-product","3":"status-publish","4":"has-post-thumbnail","6":"product_cat-herbal","7":"desktop-align-left","8":"tablet-align-left","9":"mobile-align-left","11":"first","12":"instock","13":"shipping-taxable","14":"purchasable","15":"product-type-simple"},"yoast_head":"<!-- This site is optimized with the Yoast SEO plugin v27.3 - https:\/\/yoast.com\/product\/yoast-seo-wordpress\/ -->\n<title>999 Cold Medicine-Gan Mao Ling|Chinese Cold Remedy Granules -<\/title>\n<meta name=\"description\" content=\"Relieve cold symptoms with 999 Cold Medicine (999 Gan Mao Ling). Discover the trusted 999 cold remedy granules used in Chinese medicine for fast relief.\" \/>\n<meta name=\"robots\" content=\"index, follow, max-snippet:-1, max-image-preview:large, max-video-preview:-1\" \/>\n<link rel=\"canonical\" href=\"https:\/\/taxne.com\/hu\/termek\/999-megfazas-gyogyszer-999-gan-mao-ling-kinai-megfazas-elleni-gyogyszer-granulatum-10-doboz\/\" \/>\n<meta property=\"og:locale\" content=\"hu_HU\" \/>\n<meta property=\"og:type\" content=\"article\" \/>\n<meta property=\"og:title\" content=\"999 Cold Medicine-Gan Mao Ling|Chinese Cold Remedy Granules -\" \/>\n<meta property=\"og:description\" content=\"Relieve cold symptoms with 999 Cold Medicine (999 Gan Mao Ling). Discover the trusted 999 cold remedy granules used in Chinese medicine for fast relief.\" \/>\n<meta property=\"og:url\" content=\"https:\/\/taxne.com\/hu\/termek\/999-megfazas-gyogyszer-999-gan-mao-ling-kinai-megfazas-elleni-gyogyszer-granulatum-10-doboz\/\" \/>\n<meta property=\"article:modified_time\" content=\"2026-01-26T09:16:34+00:00\" \/>\n<meta property=\"og:image\" content=\"https:\/\/taxne.com\/wp-content\/uploads\/2024\/10\/4c7ad753c9adffb2.jpg.png\" \/>\n\t<meta property=\"og:image:width\" content=\"800\" \/>\n\t<meta property=\"og:image:height\" content=\"800\" \/>\n\t<meta property=\"og:image:type\" content=\"image\/png\" \/>\n<meta name=\"twitter:card\" content=\"summary_large_image\" \/>\n<meta name=\"twitter:label1\" content=\"Becs\u00fclt olvas\u00e1si id\u0151\" \/>\n\t<meta name=\"twitter:data1\" content=\"5 perc\" \/>\n<script type=\"application\/ld+json\" class=\"yoast-schema-graph\">{\"@context\":\"https:\\\/\\\/schema.org\",\"@graph\":[{\"@type\":\"WebPage\",\"@id\":\"https:\\\/\\\/taxne.com\\\/product\\\/999-cold-medicine-999-gan-mao-ling-chinese-cold-remedy-granules-10-boxes\\\/\",\"url\":\"https:\\\/\\\/taxne.com\\\/product\\\/999-cold-medicine-999-gan-mao-ling-chinese-cold-remedy-granules-10-boxes\\\/\",\"name\":\"999 Cold Medicine-Gan Mao Ling|Chinese Cold Remedy Granules -\",\"isPartOf\":{\"@id\":\"https:\\\/\\\/taxne.com\\\/#website\"},\"primaryImageOfPage\":{\"@id\":\"https:\\\/\\\/taxne.com\\\/product\\\/999-cold-medicine-999-gan-mao-ling-chinese-cold-remedy-granules-10-boxes\\\/#primaryimage\"},\"image\":{\"@id\":\"https:\\\/\\\/taxne.com\\\/product\\\/999-cold-medicine-999-gan-mao-ling-chinese-cold-remedy-granules-10-boxes\\\/#primaryimage\"},\"thumbnailUrl\":\"https:\\\/\\\/taxne.com\\\/wp-content\\\/uploads\\\/2024\\\/10\\\/4c7ad753c9adffb2.jpg.png\",\"datePublished\":\"2024-10-15T07:12:07+00:00\",\"dateModified\":\"2026-01-26T09:16:34+00:00\",\"description\":\"Relieve cold symptoms with 999 Cold Medicine (999 Gan Mao Ling). Discover the trusted 999 cold remedy granules used in Chinese medicine for fast relief.\",\"breadcrumb\":{\"@id\":\"https:\\\/\\\/taxne.com\\\/product\\\/999-cold-medicine-999-gan-mao-ling-chinese-cold-remedy-granules-10-boxes\\\/#breadcrumb\"},\"inLanguage\":\"hu\",\"potentialAction\":[{\"@type\":\"ReadAction\",\"target\":[\"https:\\\/\\\/taxne.com\\\/product\\\/999-cold-medicine-999-gan-mao-ling-chinese-cold-remedy-granules-10-boxes\\\/\"]}]},{\"@type\":\"ImageObject\",\"inLanguage\":\"hu\",\"@id\":\"https:\\\/\\\/taxne.com\\\/product\\\/999-cold-medicine-999-gan-mao-ling-chinese-cold-remedy-granules-10-boxes\\\/#primaryimage\",\"url\":\"https:\\\/\\\/taxne.com\\\/wp-content\\\/uploads\\\/2024\\\/10\\\/4c7ad753c9adffb2.jpg.png\",\"contentUrl\":\"https:\\\/\\\/taxne.com\\\/wp-content\\\/uploads\\\/2024\\\/10\\\/4c7ad753c9adffb2.jpg.png\",\"width\":800,\"height\":800,\"caption\":\"999 Cold Medicine - 999 Gan Mao Ling | Chinese Cold Remedy Granules\"},{\"@type\":\"BreadcrumbList\",\"@id\":\"https:\\\/\\\/taxne.com\\\/product\\\/999-cold-medicine-999-gan-mao-ling-chinese-cold-remedy-granules-10-boxes\\\/#breadcrumb\",\"itemListElement\":[{\"@type\":\"ListItem\",\"position\":1,\"name\":\"\u9996\u9875\",\"item\":\"https:\\\/\\\/taxne.com\\\/\"},{\"@type\":\"ListItem\",\"position\":2,\"name\":\"Shop\",\"item\":\"https:\\\/\\\/taxne.com\\\/shop-2\\\/\"},{\"@type\":\"ListItem\",\"position\":3,\"name\":\"999 Cold Medicine &#8211; 999 Gan Mao Ling | Chinese Cold Remedy Granules 10 boxes\"}]},{\"@type\":\"WebSite\",\"@id\":\"https:\\\/\\\/taxne.com\\\/#website\",\"url\":\"https:\\\/\\\/taxne.com\\\/\",\"name\":\"taxne.com\",\"description\":\"\",\"publisher\":{\"@id\":\"https:\\\/\\\/taxne.com\\\/#organization\"},\"potentialAction\":[{\"@type\":\"SearchAction\",\"target\":{\"@type\":\"EntryPoint\",\"urlTemplate\":\"https:\\\/\\\/taxne.com\\\/?s={search_term_string}\"},\"query-input\":{\"@type\":\"PropertyValueSpecification\",\"valueRequired\":true,\"valueName\":\"search_term_string\"}}],\"inLanguage\":\"hu\"},{\"@type\":\"Organization\",\"@id\":\"https:\\\/\\\/taxne.com\\\/#organization\",\"name\":\"taxne.com\",\"url\":\"https:\\\/\\\/taxne.com\\\/\",\"logo\":{\"@type\":\"ImageObject\",\"inLanguage\":\"hu\",\"@id\":\"https:\\\/\\\/taxne.com\\\/#\\\/schema\\\/logo\\\/image\\\/\",\"url\":\"https:\\\/\\\/taxne.com\\\/wp-content\\\/uploads\\\/2025\\\/09\\\/cropped-logo.png\",\"contentUrl\":\"https:\\\/\\\/taxne.com\\\/wp-content\\\/uploads\\\/2025\\\/09\\\/cropped-logo.png\",\"width\":1027,\"height\":270,\"caption\":\"taxne.com\"},\"image\":{\"@id\":\"https:\\\/\\\/taxne.com\\\/#\\\/schema\\\/logo\\\/image\\\/\"}}]}<\/script>\n<!-- \/ Yoast SEO plugin. -->","yoast_head_json":{"title":"999 Cold Medicine-Gan Mao Ling|Chinese Cold Remedy Granules -","description":"Enyh\u00edtse a megf\u00e1z\u00e1s t\u00fcneteit a 999 Cold Medicine-vel (999 Gan Mao Ling). Fedezze fel a k\u00ednai gy\u00f3gy\u00e1szatban haszn\u00e1lt megb\u00edzhat\u00f3 999-es megf\u00e1z\u00e1s elleni gy\u00f3gyszer granul\u00e1tumot a gyors enyh\u00edt\u00e9s \u00e9rdek\u00e9ben.","robots":{"index":"index","follow":"follow","max-snippet":"max-snippet:-1","max-image-preview":"max-image-preview:large","max-video-preview":"max-video-preview:-1"},"canonical":"https:\/\/taxne.com\/hu\/termek\/999-megfazas-gyogyszer-999-gan-mao-ling-kinai-megfazas-elleni-gyogyszer-granulatum-10-doboz\/","og_locale":"hu_HU","og_type":"article","og_title":"999 Cold Medicine-Gan Mao Ling|Chinese Cold Remedy Granules -","og_description":"Relieve cold symptoms with 999 Cold Medicine (999 Gan Mao Ling). Discover the trusted 999 cold remedy granules used in Chinese medicine for fast relief.","og_url":"https:\/\/taxne.com\/hu\/termek\/999-megfazas-gyogyszer-999-gan-mao-ling-kinai-megfazas-elleni-gyogyszer-granulatum-10-doboz\/","article_modified_time":"2026-01-26T09:16:34+00:00","og_image":[{"width":800,"height":800,"url":"https:\/\/taxne.com\/wp-content\/uploads\/2024\/10\/4c7ad753c9adffb2.jpg.png","type":"image\/png"}],"twitter_card":"summary_large_image","twitter_misc":{"Becs\u00fclt olvas\u00e1si id\u0151":"5 perc"},"schema":{"@context":"https:\/\/schema.org","@graph":[{"@type":"WebPage","@id":"https:\/\/taxne.com\/product\/999-cold-medicine-999-gan-mao-ling-chinese-cold-remedy-granules-10-boxes\/","url":"https:\/\/taxne.com\/product\/999-cold-medicine-999-gan-mao-ling-chinese-cold-remedy-granules-10-boxes\/","name":"999 Cold Medicine-Gan Mao Ling|Chinese Cold Remedy Granules -","isPartOf":{"@id":"https:\/\/taxne.com\/#website"},"primaryImageOfPage":{"@id":"https:\/\/taxne.com\/product\/999-cold-medicine-999-gan-mao-ling-chinese-cold-remedy-granules-10-boxes\/#primaryimage"},"image":{"@id":"https:\/\/taxne.com\/product\/999-cold-medicine-999-gan-mao-ling-chinese-cold-remedy-granules-10-boxes\/#primaryimage"},"thumbnailUrl":"https:\/\/taxne.com\/wp-content\/uploads\/2024\/10\/4c7ad753c9adffb2.jpg.png","datePublished":"2024-10-15T07:12:07+00:00","dateModified":"2026-01-26T09:16:34+00:00","description":"Enyh\u00edtse a megf\u00e1z\u00e1s t\u00fcneteit a 999 Cold Medicine-vel (999 Gan Mao Ling). Fedezze fel a k\u00ednai gy\u00f3gy\u00e1szatban haszn\u00e1lt megb\u00edzhat\u00f3 999-es megf\u00e1z\u00e1s elleni gy\u00f3gyszer granul\u00e1tumot a gyors enyh\u00edt\u00e9s \u00e9rdek\u00e9ben.","breadcrumb":{"@id":"https:\/\/taxne.com\/product\/999-cold-medicine-999-gan-mao-ling-chinese-cold-remedy-granules-10-boxes\/#breadcrumb"},"inLanguage":"hu","potentialAction":[{"@type":"ReadAction","target":["https:\/\/taxne.com\/product\/999-cold-medicine-999-gan-mao-ling-chinese-cold-remedy-granules-10-boxes\/"]}]},{"@type":"ImageObject","inLanguage":"hu","@id":"https:\/\/taxne.com\/product\/999-cold-medicine-999-gan-mao-ling-chinese-cold-remedy-granules-10-boxes\/#primaryimage","url":"https:\/\/taxne.com\/wp-content\/uploads\/2024\/10\/4c7ad753c9adffb2.jpg.png","contentUrl":"https:\/\/taxne.com\/wp-content\/uploads\/2024\/10\/4c7ad753c9adffb2.jpg.png","width":800,"height":800,"caption":"999 Cold Medicine - 999 Gan Mao Ling | Chinese Cold Remedy Granules"},{"@type":"BreadcrumbList","@id":"https:\/\/taxne.com\/product\/999-cold-medicine-999-gan-mao-ling-chinese-cold-remedy-granules-10-boxes\/#breadcrumb","itemListElement":[{"@type":"ListItem","position":1,"name":"\u9996\u9875","item":"https:\/\/taxne.com\/"},{"@type":"ListItem","position":2,"name":"Shop","item":"https:\/\/taxne.com\/shop-2\/"},{"@type":"ListItem","position":3,"name":"999 Cold Medicine &#8211; 999 Gan Mao Ling | Chinese Cold Remedy Granules 10 boxes"}]},{"@type":"WebSite","@id":"https:\/\/taxne.com\/#website","url":"https:\/\/taxne.com\/","name":"taxne.com","description":"","publisher":{"@id":"https:\/\/taxne.com\/#organization"},"potentialAction":[{"@type":"SearchAction","target":{"@type":"EntryPoint","urlTemplate":"https:\/\/taxne.com\/?s={search_term_string}"},"query-input":{"@type":"PropertyValueSpecification","valueRequired":true,"valueName":"search_term_string"}}],"inLanguage":"hu"},{"@type":"Organization","@id":"https:\/\/taxne.com\/#organization","name":"taxne.com","url":"https:\/\/taxne.com\/","logo":{"@type":"ImageObject","inLanguage":"hu","@id":"https:\/\/taxne.com\/#\/schema\/logo\/image\/","url":"https:\/\/taxne.com\/wp-content\/uploads\/2025\/09\/cropped-logo.png","contentUrl":"https:\/\/taxne.com\/wp-content\/uploads\/2025\/09\/cropped-logo.png","width":1027,"height":270,"caption":"taxne.com"},"image":{"@id":"https:\/\/taxne.com\/#\/schema\/logo\/image\/"}}]}},"uagb_featured_image_src":{"full":["https:\/\/taxne.com\/wp-content\/uploads\/2024\/10\/4c7ad753c9adffb2.jpg.png",800,800,false],"thumbnail":["https:\/\/taxne.com\/wp-content\/uploads\/2024\/10\/4c7ad753c9adffb2.jpg-150x150.png",150,150,true],"medium":["https:\/\/taxne.com\/wp-content\/uploads\/2024\/10\/4c7ad753c9adffb2.jpg-300x300.png",300,300,true],"medium_large":["https:\/\/taxne.com\/wp-content\/uploads\/2024\/10\/4c7ad753c9adffb2.jpg-768x768.png",768,768,true],"large":["https:\/\/taxne.com\/wp-content\/uploads\/2024\/10\/4c7ad753c9adffb2.jpg.png",800,800,false],"1536x1536":["https:\/\/taxne.com\/wp-content\/uploads\/2024\/10\/4c7ad753c9adffb2.jpg.png",800,800,false],"2048x2048":["https:\/\/taxne.com\/wp-content\/uploads\/2024\/10\/4c7ad753c9adffb2.jpg.png",800,800,false],"trp-custom-language-flag":["https:\/\/taxne.com\/wp-content\/uploads\/2024\/10\/4c7ad753c9adffb2.jpg-12x12.png",12,12,true],"woocommerce_thumbnail":["https:\/\/taxne.com\/wp-content\/uploads\/2024\/10\/4c7ad753c9adffb2.jpg-300x300.png",300,300,true],"woocommerce_single":["https:\/\/taxne.com\/wp-content\/uploads\/2024\/10\/4c7ad753c9adffb2.jpg-600x600.png",600,600,true],"woocommerce_gallery_thumbnail":["https:\/\/taxne.com\/wp-content\/uploads\/2024\/10\/4c7ad753c9adffb2.jpg-100x100.png",100,100,true]},"uagb_author_info":{"display_name":"tianke1223@gmail.com","author_link":"https:\/\/taxne.com\/hu\/author\/"},"uagb_comment_info":0,"uagb_excerpt":"999 Ganmao Ling Ke Li Effects Ganmao Ling Ke Li has antipyretic and analgesic effects and can be used for headaches, fever, nasal congestion, runny nose, sore throat, etc. caused by colds Precautions During medication, tobacco, alcohol, spicy, cold, and greasy foods should be avoided. Who should not use Ganmao Ling Ke Li? \u00b7People who&hellip;","jetpack_sharing_enabled":true,"_links":{"self":[{"href":"https:\/\/taxne.com\/hu\/wp-json\/wp\/v2\/product\/7238","targetHints":{"allow":["GET"]}}],"collection":[{"href":"https:\/\/taxne.com\/hu\/wp-json\/wp\/v2\/product"}],"about":[{"href":"https:\/\/taxne.com\/hu\/wp-json\/wp\/v2\/types\/product"}],"replies":[{"embeddable":true,"href":"https:\/\/taxne.com\/hu\/wp-json\/wp\/v2\/comments?post=7238"}],"wp:featuredmedia":[{"embeddable":true,"href":"https:\/\/taxne.com\/hu\/wp-json\/wp\/v2\/media\/7242"}],"wp:attachment":[{"href":"https:\/\/taxne.com\/hu\/wp-json\/wp\/v2\/media?parent=7238"}],"wp:term":[{"taxonomy":"product_brand","embeddable":true,"href":"https:\/\/taxne.com\/hu\/wp-json\/wp\/v2\/product_brand?post=7238"},{"taxonomy":"product_cat","embeddable":true,"href":"https:\/\/taxne.com\/hu\/wp-json\/wp\/v2\/product_cat?post=7238"},{"taxonomy":"product_tag","embeddable":true,"href":"https:\/\/taxne.com\/hu\/wp-json\/wp\/v2\/product_tag?post=7238"}],"curies":[{"name":"wp","href":"https:\/\/api.w.org\/{rel}","templated":true}]}}