{"id":7622,"date":"2024-10-29T03:44:05","date_gmt":"2024-10-29T03:44:05","guid":{"rendered":"https:\/\/taxne.com\/?post_type=product&#038;p=7622"},"modified":"2025-09-11T02:30:34","modified_gmt":"2025-09-11T02:30:34","slug":"jia-wei-xiao-yao-wan-%e5%8a%a0%e5%91%b3%e9%80%8d%e9%81%a5%e4%b8%b8-benefits-uses-explained-6g10-bags-10-boxes","status":"publish","type":"product","link":"https:\/\/taxne.com\/hu\/termek\/jia-wei-xiao-yao-wan-%e5%8a%a0%e5%91%b3%e9%80%8d%e9%81%a5%e4%b8%b8-benefits-uses-explained-6g10-bags-10-boxes\/","title":{"rendered":"Jia Wei Xiao Yao Wan &#8211; \u52a0\u5473\u900d\u9065\u4e38 | Benefits &#038; Uses Explained 6g*10 bags 10 boxes"},"content":{"rendered":"<p>Jia Wei Xiao Yao Wan &#8211; \u52a0\u5473\u900d\u9065\u4e38,jia wei xiao yao san,jia wei xiao yao,jia wei xiao yao pian,jiawei xiaoyao wan,jia wei xiao yao san benefits,jia wei xiao yao wan benefits,Jiawei Xiaoyao Pills<br \/>\nJiawei Xiaoyao Pills, the name of a Chinese patent medicine. It is a reconciling agent with the effects of soothing the liver and clearing heat, strengthening the spleen and nourishing blood. It is used for liver depression and blood deficiency, liver and spleen disharmony, distension and pain in the flanks, dizziness, fatigue and poor appetite, irregular menstruation, and distension and pain in the navel and abdomen.<br \/>\nMain effects: soothing the liver and clearing heat, strengthening the spleen and nourishing blood.<br \/>\nApplicable diseases<br \/>\nLiver depression and blood deficiency, liver and spleen disharmony, distension and pain in the flanks, dizziness, fatigue and poor appetite, irregular menstruation, and distension and pain in the navel and abdomen.<br \/>\nKlinikai alkalmaz\u00e1s<br \/>\nClinical studies have shown that it has a certain effect on the treatment of dysmenorrhea, retrograde menstruation, nipple discharge, bile reflux gastritis, and sudden blindness.<br \/>\nMedicinal properties analysis<br \/>\nIn the prescription, Bupleurum chinense soothes the liver and relieves depression, and is used to harmonize the liver; Angelica sinensis and white peony root nourish blood and activate blood circulation, and nourish the liver body, which are the main drugs. Gardenia jasminoides is used to clear the fire of the upper, middle, and lower three burners; Cortex moutan cools blood and disperses blood stasis, and the effect of clearing depression and heat is achieved. With white atractylodes, Poria cocos, and licorice to invigorate the spleen and eliminate dampness; use the pungent and cool nature of mint to help Bupleurum to soothe the liver and penetrate heat, and have the meaning of leading all the medicines into the liver meridian, which is an adjuvant medicine. The combination of all the medicines can play the role of soothing the liver and clearing heat, invigorating the spleen and nourishing blood.<br \/>\nJiawei Xiaoyao Wan<br \/>\nJiawei Xiaoyao Wan, the name of a Chinese patent medicine. It is composed of Bupleurum, Angelica, White Peony, Atractylodes (fried with bran), Poria cocos, Licorice, Peony Bark, Gardenia (fried with ginger), and Mint. It has the effects of soothing the liver and clearing heat, invigorating the spleen and nourishing blood. It is used for liver depression and blood deficiency, liver and spleen disharmony, distension and pain in the flanks, dizziness, fatigue and loss of appetite, irregular menstruation, and distension and pain in the navel and abdomen.<br \/>\nJiawei Xiaoyao Wan<br \/>\nA gy\u00f3gyszer t\u00edpusa<br \/>\nQi-regulating medicine<br \/>\nHozz\u00e1val\u00f3k<br \/>\nBupleurum, Angelica, White Peony, Atractylodes (fried with bran), Poria cocos, Licorice, Peony Bark, Gardenia (fried with ginger), Mint. Properties<br \/>\nThis product is a yellow-brown water pill; it tastes sweet.<br \/>\nF\u0151 hat\u00e1sok<br \/>\nIt soothes the liver and clears away heat, strengthens the spleen and nourishes blood.<br \/>\nJavallatok<br \/>\nThis product is used for liver depression and blood deficiency, liver and spleen disharmony, distension and pain in the flanks, dizziness, fatigue and loss of appetite, irregular menstruation, and distension and pain in the navel and abdomen.<br \/>\nClinical application and guidelines<br \/>\n1. Fu Zhirong conducted a clinical study on the efficacy of Jiawei Xiaoyao Pills in the treatment of functional dyspepsia of liver depression and spleen deficiency, and concluded that Jiawei Xiaoyao Pills are effective in treating functional dyspepsia of liver depression and spleen deficiency, can quickly relieve symptoms and signs, and reduce the pain of patients, and are worthy of clinical promotion. (World Latest Medical Information Abstracts, 2018, 18(92): 249-250.)<br \/>\n2. Zhang Junhe, Liu Junling and others conducted a clinical study on the treatment of chronic hepatitis B with liver depression and spleen deficiency by combining Jiawei Xiaoyao Pills with tenofovir disoproxil fumarate tablets. They concluded that Jiawei Xiaoyao Pills combined with tenofovir disoproxil fumarate tablets have good clinical efficacy in the treatment of chronic hepatitis B with liver depression and spleen deficiency, can improve the liver function of patients, increase the negative conversion rate of hepatitis B markers, and regulate immune function, and have certain clinical promotion and application value. (Modern Drugs and Clinics, 2018, 33(10): 2629-2633.)<br \/>\nM\u0171szaki adatok<br \/>\nEach 100 pills weigh 6g.<br \/>\nHaszn\u00e1lat \u00e9s adagol\u00e1s<br \/>\nOral, 6g once, twice a day.<br \/>\nMell\u00e9khat\u00e1sok<br \/>\nM\u00e9g nem vil\u00e1gos.<br \/>\nEllenjavallatok<br \/>\nM\u00e9g nem vil\u00e1gos.<br \/>\n\u00d3vint\u00e9zked\u00e9sek<br \/>\n1. Avoid eating raw, cold, greasy and difficult-to-digest foods.<br \/>\n2. Keep an optimistic mood during medication and avoid getting angry.<br \/>\n3. Patients with severe chronic diseases such as hypertension, heart disease, liver disease, diabetes, and kidney disease should take the medicine under the guidance of a physician.<br \/>\n4. Patients with normal menstruation but suddenly have excessive menstrual flow, prolonged menstruation, scanty menstruation, delayed menstruation, or irregular vaginal bleeding should go to the hospital for treatment.<br \/>\n5. Patients with severe umbilical and abdominal distension and pain should go to the hospital for treatment.<br \/>\n6. Children, the elderly and infirm, pregnant women, breastfeeding women, and those with heavy menstrual flow should take the medicine under the guidance of a physician.<br \/>\n7. If the symptoms do not improve after taking the medicine for 3 days, you should go to the hospital for treatment.<br \/>\n8. Patients who are allergic to this product are prohibited from using it, and those with allergic constitutions should use it with caution.<br \/>\n9. Patients who are allergic to this product are prohibited from using it when its properties change.<br \/>\n10. Gyermekeknek feln\u0151tt fel\u00fcgyelete mellett kell haszn\u00e1lniuk.<br \/>\n11. K\u00e9rj\u00fck, tartsa ezt a term\u00e9ket gyermekekt\u0151l elz\u00e1rva.<br \/>\n12. Ha m\u00e1s gy\u00f3gyszereket is haszn\u00e1l, k\u00e9rj\u00fck, konzult\u00e1ljon orvos\u00e1val vagy gy\u00f3gyszer\u00e9sz\u00e9vel a term\u00e9k haszn\u00e1lata el\u0151tt.<br \/>\nGy\u00f3gyszerk\u00f6lcs\u00f6nhat\u00e1sok<br \/>\nHa m\u00e1s gy\u00f3gyszerekkel egyidej\u0171leg alkalmazz\u00e1k, gy\u00f3gyszerk\u00f6lcs\u00f6nhat\u00e1sok l\u00e9phetnek fel. A r\u00e9szletek\u00e9rt forduljon orvoshoz vagy gy\u00f3gyszer\u00e9szhez.<\/p>","protected":false},"excerpt":{"rendered":"<p>Jia Wei Xiao Yao Wan &#8211; \u52a0\u5473\u900d\u9065\u4e38,jia wei xiao yao san,Jiawei Xiaoyao Pills<br \/>\nJiawei Xiaoyao Pills, a Chinese patent medicine. It is a reconciling agent with the effects of soothing the liver and clearing heat, strengthening the spleen and nourishing blood. It is used for liver depression and blood deficiency, liver and spleen disharmony, distension and pain in the flanks, dizziness, fatigue and poor appetite, irregular menstruation, and distension and pain in the navel and abdomen.<br \/>\nMain effects: soothing the liver and clearing heat, strengthening the spleen and nourishing blood.<br \/>\nApplicable diseases<br \/>\nLiver depression and blood deficiency, liver and spleen disharmony, distension and pain in the flanks, dizziness, fatigue and poor appetite, irregular menstruation, and distension and pain in the navel and abdomen.<br \/>\nKlinikai alkalmaz\u00e1s<br \/>\nClinical studies have shown that it has a certain effect in the treatment of dysmenorrhea, retrograde menstruation, nipple discharge, bile reflux gastritis, and sudden blindness.<\/p>","protected":false},"featured_media":7623,"comment_status":"open","ping_status":"closed","template":"","meta":{"_uag_custom_page_level_css":"","site-sidebar-layout":"default","site-content-layout":"","ast-site-content-layout":"default","site-content-style":"default","site-sidebar-style":"default","ast-global-header-display":"","ast-banner-title-visibility":"","ast-main-header-display":"","ast-hfb-above-header-display":"","ast-hfb-below-header-display":"","ast-hfb-mobile-header-display":"","site-post-title":"","ast-breadcrumbs-content":"","ast-featured-img":"","footer-sml-layout":"","ast-disable-related-posts":"","theme-transparent-header-meta":"default","adv-header-id-meta":"","stick-header-meta":"","header-above-stick-meta":"","header-main-stick-meta":"","header-below-stick-meta":"","astra-migrate-meta-layouts":"set","ast-page-background-enabled":"default","ast-page-background-meta":{"desktop":{"background-color":"","background-image":"","background-repeat":"repeat","background-position":"center center","background-size":"auto","background-attachment":"scroll","background-type":"","background-media":"","overlay-type":"","overlay-color":"","overlay-opacity":"","overlay-gradient":""},"tablet":{"background-color":"","background-image":"","background-repeat":"repeat","background-position":"center center","background-size":"auto","background-attachment":"scroll","background-type":"","background-media":"","overlay-type":"","overlay-color":"","overlay-opacity":"","overlay-gradient":""},"mobile":{"background-color":"","background-image":"","background-repeat":"repeat","background-position":"center center","background-size":"auto","background-attachment":"scroll","background-type":"","background-media":"","overlay-type":"","overlay-color":"","overlay-opacity":"","overlay-gradient":""}},"ast-content-background-meta":{"desktop":{"background-color":"var(--ast-global-color-5)","background-image":"","background-repeat":"repeat","background-position":"center center","background-size":"auto","background-attachment":"scroll","background-type":"","background-media":"","overlay-type":"","overlay-color":"","overlay-opacity":"","overlay-gradient":""},"tablet":{"background-color":"var(--ast-global-color-5)","background-image":"","background-repeat":"repeat","background-position":"center center","background-size":"auto","background-attachment":"scroll","background-type":"","background-media":"","overlay-type":"","overlay-color":"","overlay-opacity":"","overlay-gradient":""},"mobile":{"background-color":"var(--ast-global-color-5)","background-image":"","background-repeat":"repeat","background-position":"center center","background-size":"auto","background-attachment":"scroll","background-type":"","background-media":"","overlay-type":"","overlay-color":"","overlay-opacity":"","overlay-gradient":""}}},"product_brand":[],"product_cat":[36],"product_tag":[],"class_list":{"0":"post-7622","1":"product","2":"type-product","3":"status-publish","4":"has-post-thumbnail","6":"product_cat-herbal","7":"desktop-align-left","8":"tablet-align-left","9":"mobile-align-left","11":"first","12":"instock","13":"shipping-taxable","14":"purchasable","15":"product-type-simple"},"yoast_head":"<!-- This site is optimized with the Yoast SEO plugin v27.3 - https:\/\/yoast.com\/product\/yoast-seo-wordpress\/ -->\n<title>Jia Wei Xiao Yao Wan - \u52a0\u5473\u900d\u9065\u4e38 | Benefits &amp; Uses Explained -<\/title>\n<meta name=\"description\" content=\"Explore Jia Wei Xiao Yao Wan - \u52a0\u5473\u900d\u9065\u4e38 for stress relief and balance. Discover Jia Wei Xiao Yao San and Pian benefits for natural wellness support.\" \/>\n<meta name=\"robots\" content=\"index, follow, max-snippet:-1, max-image-preview:large, max-video-preview:-1\" \/>\n<link rel=\"canonical\" href=\"https:\/\/taxne.com\/hu\/termek\/jia-wei-xiao-yao-wan-\u52a0\u5473\u900d\u9065\u4e38-benefits-uses-explained-6g10-bags-10-boxes\/\" \/>\n<meta property=\"og:locale\" content=\"hu_HU\" \/>\n<meta property=\"og:type\" content=\"article\" \/>\n<meta property=\"og:title\" content=\"Jia Wei Xiao Yao Wan - \u52a0\u5473\u900d\u9065\u4e38 | Benefits &amp; Uses Explained -\" \/>\n<meta property=\"og:description\" content=\"Explore Jia Wei Xiao Yao Wan - \u52a0\u5473\u900d\u9065\u4e38 for stress relief and balance. Discover Jia Wei Xiao Yao San and Pian benefits for natural wellness support.\" \/>\n<meta property=\"og:url\" content=\"https:\/\/taxne.com\/hu\/termek\/jia-wei-xiao-yao-wan-\u52a0\u5473\u900d\u9065\u4e38-benefits-uses-explained-6g10-bags-10-boxes\/\" \/>\n<meta property=\"article:modified_time\" content=\"2025-09-11T02:30:34+00:00\" \/>\n<meta property=\"og:image\" content=\"https:\/\/taxne.com\/wp-content\/uploads\/2024\/10\/1c099ea155fce661.png.png\" \/>\n\t<meta property=\"og:image:width\" content=\"800\" \/>\n\t<meta property=\"og:image:height\" content=\"800\" \/>\n\t<meta property=\"og:image:type\" content=\"image\/png\" \/>\n<meta name=\"twitter:card\" content=\"summary_large_image\" \/>\n<meta name=\"twitter:label1\" content=\"Becs\u00fclt olvas\u00e1si id\u0151\" \/>\n\t<meta name=\"twitter:data1\" content=\"6 perc\" \/>\n<script type=\"application\/ld+json\" class=\"yoast-schema-graph\">{\"@context\":\"https:\\\/\\\/schema.org\",\"@graph\":[{\"@type\":\"WebPage\",\"@id\":\"https:\\\/\\\/taxne.com\\\/product\\\/jia-wei-xiao-yao-wan-%e5%8a%a0%e5%91%b3%e9%80%8d%e9%81%a5%e4%b8%b8-benefits-uses-explained-6g10-bags-10-boxes\\\/\",\"url\":\"https:\\\/\\\/taxne.com\\\/product\\\/jia-wei-xiao-yao-wan-%e5%8a%a0%e5%91%b3%e9%80%8d%e9%81%a5%e4%b8%b8-benefits-uses-explained-6g10-bags-10-boxes\\\/\",\"name\":\"Jia Wei Xiao Yao Wan - \u52a0\u5473\u900d\u9065\u4e38 | Benefits & Uses Explained -\",\"isPartOf\":{\"@id\":\"https:\\\/\\\/taxne.com\\\/#website\"},\"primaryImageOfPage\":{\"@id\":\"https:\\\/\\\/taxne.com\\\/product\\\/jia-wei-xiao-yao-wan-%e5%8a%a0%e5%91%b3%e9%80%8d%e9%81%a5%e4%b8%b8-benefits-uses-explained-6g10-bags-10-boxes\\\/#primaryimage\"},\"image\":{\"@id\":\"https:\\\/\\\/taxne.com\\\/product\\\/jia-wei-xiao-yao-wan-%e5%8a%a0%e5%91%b3%e9%80%8d%e9%81%a5%e4%b8%b8-benefits-uses-explained-6g10-bags-10-boxes\\\/#primaryimage\"},\"thumbnailUrl\":\"https:\\\/\\\/taxne.com\\\/wp-content\\\/uploads\\\/2024\\\/10\\\/1c099ea155fce661.png.png\",\"datePublished\":\"2024-10-29T03:44:05+00:00\",\"dateModified\":\"2025-09-11T02:30:34+00:00\",\"description\":\"Explore Jia Wei Xiao Yao Wan - \u52a0\u5473\u900d\u9065\u4e38 for stress relief and balance. Discover Jia Wei Xiao Yao San and Pian benefits for natural wellness support.\",\"breadcrumb\":{\"@id\":\"https:\\\/\\\/taxne.com\\\/product\\\/jia-wei-xiao-yao-wan-%e5%8a%a0%e5%91%b3%e9%80%8d%e9%81%a5%e4%b8%b8-benefits-uses-explained-6g10-bags-10-boxes\\\/#breadcrumb\"},\"inLanguage\":\"hu\",\"potentialAction\":[{\"@type\":\"ReadAction\",\"target\":[\"https:\\\/\\\/taxne.com\\\/product\\\/jia-wei-xiao-yao-wan-%e5%8a%a0%e5%91%b3%e9%80%8d%e9%81%a5%e4%b8%b8-benefits-uses-explained-6g10-bags-10-boxes\\\/\"]}]},{\"@type\":\"ImageObject\",\"inLanguage\":\"hu\",\"@id\":\"https:\\\/\\\/taxne.com\\\/product\\\/jia-wei-xiao-yao-wan-%e5%8a%a0%e5%91%b3%e9%80%8d%e9%81%a5%e4%b8%b8-benefits-uses-explained-6g10-bags-10-boxes\\\/#primaryimage\",\"url\":\"https:\\\/\\\/taxne.com\\\/wp-content\\\/uploads\\\/2024\\\/10\\\/1c099ea155fce661.png.png\",\"contentUrl\":\"https:\\\/\\\/taxne.com\\\/wp-content\\\/uploads\\\/2024\\\/10\\\/1c099ea155fce661.png.png\",\"width\":800,\"height\":800,\"caption\":\"Jia Wei Xiao Yao Wan - \u52a0\u5473\u900d\u9065\u4e38 | Benefits & Uses Explained 6g*10 bags 10 boxes\"},{\"@type\":\"BreadcrumbList\",\"@id\":\"https:\\\/\\\/taxne.com\\\/product\\\/jia-wei-xiao-yao-wan-%e5%8a%a0%e5%91%b3%e9%80%8d%e9%81%a5%e4%b8%b8-benefits-uses-explained-6g10-bags-10-boxes\\\/#breadcrumb\",\"itemListElement\":[{\"@type\":\"ListItem\",\"position\":1,\"name\":\"\u9996\u9875\",\"item\":\"https:\\\/\\\/taxne.com\\\/\"},{\"@type\":\"ListItem\",\"position\":2,\"name\":\"Shop\",\"item\":\"https:\\\/\\\/taxne.com\\\/shop-2\\\/\"},{\"@type\":\"ListItem\",\"position\":3,\"name\":\"Jia Wei Xiao Yao Wan &#8211; \u52a0\u5473\u900d\u9065\u4e38 | Benefits &#038; Uses Explained 6g*10 bags 10 boxes\"}]},{\"@type\":\"WebSite\",\"@id\":\"https:\\\/\\\/taxne.com\\\/#website\",\"url\":\"https:\\\/\\\/taxne.com\\\/\",\"name\":\"taxne.com\",\"description\":\"\",\"publisher\":{\"@id\":\"https:\\\/\\\/taxne.com\\\/#organization\"},\"potentialAction\":[{\"@type\":\"SearchAction\",\"target\":{\"@type\":\"EntryPoint\",\"urlTemplate\":\"https:\\\/\\\/taxne.com\\\/?s={search_term_string}\"},\"query-input\":{\"@type\":\"PropertyValueSpecification\",\"valueRequired\":true,\"valueName\":\"search_term_string\"}}],\"inLanguage\":\"hu\"},{\"@type\":\"Organization\",\"@id\":\"https:\\\/\\\/taxne.com\\\/#organization\",\"name\":\"taxne.com\",\"url\":\"https:\\\/\\\/taxne.com\\\/\",\"logo\":{\"@type\":\"ImageObject\",\"inLanguage\":\"hu\",\"@id\":\"https:\\\/\\\/taxne.com\\\/#\\\/schema\\\/logo\\\/image\\\/\",\"url\":\"https:\\\/\\\/taxne.com\\\/wp-content\\\/uploads\\\/2025\\\/09\\\/cropped-logo.png\",\"contentUrl\":\"https:\\\/\\\/taxne.com\\\/wp-content\\\/uploads\\\/2025\\\/09\\\/cropped-logo.png\",\"width\":1027,\"height\":270,\"caption\":\"taxne.com\"},\"image\":{\"@id\":\"https:\\\/\\\/taxne.com\\\/#\\\/schema\\\/logo\\\/image\\\/\"}}]}<\/script>\n<!-- \/ Yoast SEO plugin. -->","yoast_head_json":{"title":"Jia Wei Xiao Yao Wan - \u52a0\u5473\u900d\u9065\u4e38 | Benefits & Uses Explained -","description":"Explore Jia Wei Xiao Yao Wan - \u52a0\u5473\u900d\u9065\u4e38 for stress relief and balance. Discover Jia Wei Xiao Yao San and Pian benefits for natural wellness support.","robots":{"index":"index","follow":"follow","max-snippet":"max-snippet:-1","max-image-preview":"max-image-preview:large","max-video-preview":"max-video-preview:-1"},"canonical":"https:\/\/taxne.com\/hu\/termek\/jia-wei-xiao-yao-wan-\u52a0\u5473\u900d\u9065\u4e38-benefits-uses-explained-6g10-bags-10-boxes\/","og_locale":"hu_HU","og_type":"article","og_title":"Jia Wei Xiao Yao Wan - \u52a0\u5473\u900d\u9065\u4e38 | Benefits & Uses Explained -","og_description":"Explore Jia Wei Xiao Yao Wan - \u52a0\u5473\u900d\u9065\u4e38 for stress relief and balance. Discover Jia Wei Xiao Yao San and Pian benefits for natural wellness support.","og_url":"https:\/\/taxne.com\/hu\/termek\/jia-wei-xiao-yao-wan-\u52a0\u5473\u900d\u9065\u4e38-benefits-uses-explained-6g10-bags-10-boxes\/","article_modified_time":"2025-09-11T02:30:34+00:00","og_image":[{"width":800,"height":800,"url":"https:\/\/taxne.com\/wp-content\/uploads\/2024\/10\/1c099ea155fce661.png.png","type":"image\/png"}],"twitter_card":"summary_large_image","twitter_misc":{"Becs\u00fclt olvas\u00e1si id\u0151":"6 perc"},"schema":{"@context":"https:\/\/schema.org","@graph":[{"@type":"WebPage","@id":"https:\/\/taxne.com\/product\/jia-wei-xiao-yao-wan-%e5%8a%a0%e5%91%b3%e9%80%8d%e9%81%a5%e4%b8%b8-benefits-uses-explained-6g10-bags-10-boxes\/","url":"https:\/\/taxne.com\/product\/jia-wei-xiao-yao-wan-%e5%8a%a0%e5%91%b3%e9%80%8d%e9%81%a5%e4%b8%b8-benefits-uses-explained-6g10-bags-10-boxes\/","name":"Jia Wei Xiao Yao Wan - \u52a0\u5473\u900d\u9065\u4e38 | Benefits & Uses Explained -","isPartOf":{"@id":"https:\/\/taxne.com\/#website"},"primaryImageOfPage":{"@id":"https:\/\/taxne.com\/product\/jia-wei-xiao-yao-wan-%e5%8a%a0%e5%91%b3%e9%80%8d%e9%81%a5%e4%b8%b8-benefits-uses-explained-6g10-bags-10-boxes\/#primaryimage"},"image":{"@id":"https:\/\/taxne.com\/product\/jia-wei-xiao-yao-wan-%e5%8a%a0%e5%91%b3%e9%80%8d%e9%81%a5%e4%b8%b8-benefits-uses-explained-6g10-bags-10-boxes\/#primaryimage"},"thumbnailUrl":"https:\/\/taxne.com\/wp-content\/uploads\/2024\/10\/1c099ea155fce661.png.png","datePublished":"2024-10-29T03:44:05+00:00","dateModified":"2025-09-11T02:30:34+00:00","description":"Explore Jia Wei Xiao Yao Wan - \u52a0\u5473\u900d\u9065\u4e38 for stress relief and balance. Discover Jia Wei Xiao Yao San and Pian benefits for natural wellness support.","breadcrumb":{"@id":"https:\/\/taxne.com\/product\/jia-wei-xiao-yao-wan-%e5%8a%a0%e5%91%b3%e9%80%8d%e9%81%a5%e4%b8%b8-benefits-uses-explained-6g10-bags-10-boxes\/#breadcrumb"},"inLanguage":"hu","potentialAction":[{"@type":"ReadAction","target":["https:\/\/taxne.com\/product\/jia-wei-xiao-yao-wan-%e5%8a%a0%e5%91%b3%e9%80%8d%e9%81%a5%e4%b8%b8-benefits-uses-explained-6g10-bags-10-boxes\/"]}]},{"@type":"ImageObject","inLanguage":"hu","@id":"https:\/\/taxne.com\/product\/jia-wei-xiao-yao-wan-%e5%8a%a0%e5%91%b3%e9%80%8d%e9%81%a5%e4%b8%b8-benefits-uses-explained-6g10-bags-10-boxes\/#primaryimage","url":"https:\/\/taxne.com\/wp-content\/uploads\/2024\/10\/1c099ea155fce661.png.png","contentUrl":"https:\/\/taxne.com\/wp-content\/uploads\/2024\/10\/1c099ea155fce661.png.png","width":800,"height":800,"caption":"Jia Wei Xiao Yao Wan - \u52a0\u5473\u900d\u9065\u4e38 | Benefits & Uses Explained 6g*10 bags 10 boxes"},{"@type":"BreadcrumbList","@id":"https:\/\/taxne.com\/product\/jia-wei-xiao-yao-wan-%e5%8a%a0%e5%91%b3%e9%80%8d%e9%81%a5%e4%b8%b8-benefits-uses-explained-6g10-bags-10-boxes\/#breadcrumb","itemListElement":[{"@type":"ListItem","position":1,"name":"\u9996\u9875","item":"https:\/\/taxne.com\/"},{"@type":"ListItem","position":2,"name":"Shop","item":"https:\/\/taxne.com\/shop-2\/"},{"@type":"ListItem","position":3,"name":"Jia Wei Xiao Yao Wan &#8211; \u52a0\u5473\u900d\u9065\u4e38 | Benefits &#038; Uses Explained 6g*10 bags 10 boxes"}]},{"@type":"WebSite","@id":"https:\/\/taxne.com\/#website","url":"https:\/\/taxne.com\/","name":"taxne.com","description":"","publisher":{"@id":"https:\/\/taxne.com\/#organization"},"potentialAction":[{"@type":"SearchAction","target":{"@type":"EntryPoint","urlTemplate":"https:\/\/taxne.com\/?s={search_term_string}"},"query-input":{"@type":"PropertyValueSpecification","valueRequired":true,"valueName":"search_term_string"}}],"inLanguage":"hu"},{"@type":"Organization","@id":"https:\/\/taxne.com\/#organization","name":"taxne.com","url":"https:\/\/taxne.com\/","logo":{"@type":"ImageObject","inLanguage":"hu","@id":"https:\/\/taxne.com\/#\/schema\/logo\/image\/","url":"https:\/\/taxne.com\/wp-content\/uploads\/2025\/09\/cropped-logo.png","contentUrl":"https:\/\/taxne.com\/wp-content\/uploads\/2025\/09\/cropped-logo.png","width":1027,"height":270,"caption":"taxne.com"},"image":{"@id":"https:\/\/taxne.com\/#\/schema\/logo\/image\/"}}]}},"uagb_featured_image_src":{"full":["https:\/\/taxne.com\/wp-content\/uploads\/2024\/10\/1c099ea155fce661.png.png",800,800,false],"thumbnail":["https:\/\/taxne.com\/wp-content\/uploads\/2024\/10\/1c099ea155fce661.png-150x150.png",150,150,true],"medium":["https:\/\/taxne.com\/wp-content\/uploads\/2024\/10\/1c099ea155fce661.png-300x300.png",300,300,true],"medium_large":["https:\/\/taxne.com\/wp-content\/uploads\/2024\/10\/1c099ea155fce661.png-768x768.png",768,768,true],"large":["https:\/\/taxne.com\/wp-content\/uploads\/2024\/10\/1c099ea155fce661.png.png",800,800,false],"1536x1536":["https:\/\/taxne.com\/wp-content\/uploads\/2024\/10\/1c099ea155fce661.png.png",800,800,false],"2048x2048":["https:\/\/taxne.com\/wp-content\/uploads\/2024\/10\/1c099ea155fce661.png.png",800,800,false],"trp-custom-language-flag":["https:\/\/taxne.com\/wp-content\/uploads\/2024\/10\/1c099ea155fce661.png-12x12.png",12,12,true],"woocommerce_thumbnail":["https:\/\/taxne.com\/wp-content\/uploads\/2024\/10\/1c099ea155fce661.png-300x300.png",300,300,true],"woocommerce_single":["https:\/\/taxne.com\/wp-content\/uploads\/2024\/10\/1c099ea155fce661.png-600x600.png",600,600,true],"woocommerce_gallery_thumbnail":["https:\/\/taxne.com\/wp-content\/uploads\/2024\/10\/1c099ea155fce661.png-100x100.png",100,100,true]},"uagb_author_info":{"display_name":"tianke1223@gmail.com","author_link":"https:\/\/taxne.com\/hu\/author\/"},"uagb_comment_info":0,"uagb_excerpt":"Jia Wei Xiao Yao Wan - \u52a0\u5473\u900d\u9065\u4e38,jia wei xiao yao san,Jiawei Xiaoyao Pills Jiawei Xiaoyao Pills, a Chinese patent medicine. It is a reconciling agent with the effects of soothing the liver and clearing heat, strengthening the spleen and nourishing blood. It is used for liver depression and blood deficiency, liver and spleen disharmony, distension&hellip;","jetpack_sharing_enabled":true,"_links":{"self":[{"href":"https:\/\/taxne.com\/hu\/wp-json\/wp\/v2\/product\/7622","targetHints":{"allow":["GET"]}}],"collection":[{"href":"https:\/\/taxne.com\/hu\/wp-json\/wp\/v2\/product"}],"about":[{"href":"https:\/\/taxne.com\/hu\/wp-json\/wp\/v2\/types\/product"}],"replies":[{"embeddable":true,"href":"https:\/\/taxne.com\/hu\/wp-json\/wp\/v2\/comments?post=7622"}],"wp:featuredmedia":[{"embeddable":true,"href":"https:\/\/taxne.com\/hu\/wp-json\/wp\/v2\/media\/7623"}],"wp:attachment":[{"href":"https:\/\/taxne.com\/hu\/wp-json\/wp\/v2\/media?parent=7622"}],"wp:term":[{"taxonomy":"product_brand","embeddable":true,"href":"https:\/\/taxne.com\/hu\/wp-json\/wp\/v2\/product_brand?post=7622"},{"taxonomy":"product_cat","embeddable":true,"href":"https:\/\/taxne.com\/hu\/wp-json\/wp\/v2\/product_cat?post=7622"},{"taxonomy":"product_tag","embeddable":true,"href":"https:\/\/taxne.com\/hu\/wp-json\/wp\/v2\/product_tag?post=7622"}],"curies":[{"name":"wp","href":"https:\/\/api.w.org\/{rel}","templated":true}]}}