{"id":2120,"date":"2024-07-15T03:49:45","date_gmt":"2024-07-15T03:49:45","guid":{"rendered":"https:\/\/taxne.com\/?page_id=2120"},"modified":"2025-09-10T09:19:23","modified_gmt":"2025-09-10T09:19:23","slug":"terms-and-conditions","status":"publish","type":"page","link":"https:\/\/taxne.com\/it\/termini-e-condizioni\/","title":{"rendered":"Termini e Condizioni"},"content":{"rendered":"<h3 class=\"wp-block-heading\">Termini e Condizioni<\/h3>\n\n\n\n<p>Benvenuti su Taxne.com!<\/p>\n\n\n\n<p>Questi termini e condizioni delineano le regole e i regolamenti per l&#039;utilizzo del sito Web di Taxne, situato all&#039;indirizzo <a target=\"_blank\" href=\"https:\/\/snow-horse-669139.builder-preview.com\/\" rel=\"noreferrer noopener\">https:\/\/taxne.com<\/a>.<\/p>\n\n\n\n<p>Accedendo a questo sito web, si presume che accettiate i presenti termini e condizioni. Non continuate a utilizzare Taxne.com se non accettate tutti i termini e le condizioni indicati in questa pagina.<\/p>\n\n\n\n<h6 class=\"wp-block-heading\">Biscotti:<\/h6>\n\n\n\n<p>Il sito web utilizza i cookie per personalizzare la tua esperienza online. Accedendo a Taxne.com, accetti di utilizzare i cookie richiesti.<\/p>\n\n\n\n<p>Un cookie \u00e8 un file di testo che viene inserito sul tuo disco rigido da un server di una pagina web. I cookie non possono essere utilizzati per eseguire programmi o trasmettere virus al tuo computer. I cookie vengono assegnati in modo univoco a te e possono essere letti solo da un server web nel dominio che ti ha emesso il cookie.<\/p>\n\n\n\n<p>Potremmo utilizzare i cookie per raccogliere, archiviare e tracciare informazioni a fini statistici o di marketing per gestire il nostro sito web. Hai la possibilit\u00e0 di accettare o rifiutare i cookie opzionali. Alcuni cookie sono obbligatori e necessari per il funzionamento del nostro sito web. Questi cookie non richiedono il tuo consenso poich\u00e9 funzionano sempre. Tieni presente che accettando i cookie obbligatori, accetti anche i cookie di terze parti, che potrebbero essere utilizzati tramite servizi forniti da terze parti se utilizzi tali servizi sul nostro sito web, ad esempio una finestra di visualizzazione video fornita da terze parti e integrata nel nostro sito web.<\/p>\n\n\n\n<h6 class=\"wp-block-heading\">Licenza:<\/h6>\n\n\n\n<p>Salvo diversa indicazione, Taxne e\/o i suoi licenziatari detengono i diritti di propriet\u00e0 intellettuale per tutto il materiale presente su Taxne.com. Tutti i diritti di propriet\u00e0 intellettuale sono riservati. \u00c8 possibile accedere a tutto il materiale presente su Taxne.com per uso personale, nel rispetto delle restrizioni stabilite nei presenti termini e condizioni.<\/p>\n\n\n\n<p>Non devi:<\/p>\n\n\n\n<ul class=\"wp-block-list\">\n<li>Copiare o ripubblicare materiale da Taxne.com<\/li>\n\n\n\n<li>Vendere, noleggiare o concedere in sublicenza materiale da Taxne.com<\/li>\n\n\n\n<li>Riprodurre, duplicare o copiare materiale da Taxne.com<\/li>\n\n\n\n<li>Ridistribuire i contenuti da Taxne.com<\/li>\n<\/ul>\n\n\n\n<p>Il presente Contratto avr\u00e0 effetto a partire dalla data odierna.<\/p>\n\n\n\n<p>Alcune sezioni di questo sito web offrono agli utenti l&#039;opportunit\u00e0 di pubblicare e scambiare opinioni e informazioni. Taxne non filtra, modifica, pubblica o esamina i Commenti prima della loro pubblicazione sul sito web. I Commenti non riflettono le opinioni e i punti di vista di Taxne, dei suoi agenti e\/o affiliati. I Commenti riflettono le opinioni e i punti di vista della persona che pubblica le proprie opinioni e i propri punti di vista. Nella misura consentita dalle leggi applicabili, Taxne non sar\u00e0 responsabile per i Commenti n\u00e9 per eventuali responsabilit\u00e0, danni o spese causati e\/o subiti a seguito dell&#039;utilizzo e\/o della pubblicazione e\/o della comparsa dei Commenti su questo sito web.<\/p>\n\n\n\n<p>Taxne si riserva il diritto di monitorare tutti i Commenti e di rimuovere qualsiasi Commento che possa essere considerato inappropriato, offensivo o che arrechi violazione ai presenti Termini e Condizioni.<\/p>\n\n\n\n<p>Garantisci e dichiari che:<\/p>\n\n\n\n<ul class=\"wp-block-list\">\n<li>Hai il diritto di pubblicare i Commenti sul nostro sito web e disponi di tutte le licenze e i consensi necessari per farlo;<\/li>\n\n\n\n<li>I commenti non violano alcun diritto di propriet\u00e0 intellettuale, inclusi, a titolo esemplificativo ma non esaustivo, diritti d&#039;autore, brevetti o marchi di terze parti;<\/li>\n\n\n\n<li>I commenti non contengono alcun materiale diffamatorio, calunnioso, offensivo, indecente o altrimenti illegale, che costituisca una violazione della privacy.<\/li>\n\n\n\n<li>I commenti non saranno utilizzati per sollecitare o promuovere affari o consuetudini o presentare attivit\u00e0 commerciali o attivit\u00e0 illegali.<\/li>\n<\/ul>\n\n\n\n<p>Con la presente concedi a Taxne una licenza non esclusiva per utilizzare, riprodurre, modificare e autorizzare altri a utilizzare, riprodurre e modificare qualsiasi tuo Commento in qualsiasi forma, formato o mezzo.<\/p>\n\n\n\n<h6 class=\"wp-block-heading\">Collegamento ipertestuale ai nostri contenuti:<\/h6>\n\n\n\n<p>Le seguenti organizzazioni possono collegarsi al nostro sito Web senza previa approvazione scritta:<\/p>\n\n\n\n<ul class=\"wp-block-list\">\n<li>agenzie governative;<\/li>\n\n\n\n<li>Motori di ricerca;<\/li>\n\n\n\n<li>Organizzazioni di notizie;<\/li>\n\n\n\n<li>I distributori di directory online possono collegarsi al nostro sito Web nello stesso modo in cui creano collegamenti ipertestuali ai siti Web di altre aziende elencate; e<\/li>\n\n\n\n<li>Aziende accreditate a livello di sistema, ad eccezione di organizzazioni non profit, centri commerciali di beneficenza e gruppi di raccolta fondi di beneficenza che non possono creare collegamenti ipertestuali al nostro sito Web.<\/li>\n<\/ul>\n\n\n\n<p>Queste organizzazioni possono collegarsi alla nostra home page, a pubblicazioni o ad altre informazioni del sito Web a condizione che il collegamento: (a) non sia in alcun modo ingannevole; (b) non implichi falsamente sponsorizzazione, approvazione o approvazione della parte che crea il collegamento e dei suoi prodotti e\/o servizi; e (c) si adatti al contesto del sito della parte che crea il collegamento.<\/p>\n\n\n\n<p>Potremmo prendere in considerazione e approvare altre richieste di collegamento provenienti dai seguenti tipi di organizzazioni:<\/p>\n\n\n\n<ul class=\"wp-block-list\">\n<li>Fonti di informazione comunemente note per i consumatori e\/o le aziende;<\/li>\n\n\n\n<li><a href=\"http:\/\/dot.com\/\" target=\"_blank\" rel=\"noreferrer noopener\">Punto.com<\/a> siti della comunit\u00e0;<\/li>\n\n\n\n<li>Associazioni o altri gruppi che rappresentano enti di beneficenza;<\/li>\n\n\n\n<li>Distributori di directory online;<\/li>\n\n\n\n<li>Portali Internet;<\/li>\n\n\n\n<li>Studi contabili, legali e di consulenza; e<\/li>\n\n\n\n<li>Istituzioni educative e associazioni di categoria.<\/li>\n<\/ul>\n\n\n\n<p>Approveremo le richieste di collegamento da parte di queste organizzazioni se decidiamo che: (a) il collegamento non ci farebbe apparire sfavorevoli a noi stessi o alle nostre aziende accreditate; (b) l&#039;organizzazione non ha alcun record negativo con noi; (c) il vantaggio per noi derivante dalla visibilit\u00e0 del collegamento ipertestuale compensa l&#039;assenza di Taxne; e (d) il collegamento \u00e8 nel contesto di informazioni generali sulle risorse.<\/p>\n\n\n\n<p>Queste organizzazioni possono collegarsi alla nostra home page a condizione che il collegamento: (a) non sia in alcun modo ingannevole; (b) non implichi falsamente sponsorizzazione, approvazione o sostegno della parte che crea il collegamento e dei suoi prodotti o servizi; e (c) sia compatibile con il contesto del sito della parte che crea il collegamento.<\/p>\n\n\n\n<p>Se sei una delle organizzazioni elencate al paragrafo 2 di cui sopra e sei interessato a creare un collegamento al nostro sito web, devi informarci inviando un&#039;e-mail a Taxne. Includi il tuo nome, il nome della tua organizzazione, le informazioni di contatto e l&#039;URL del tuo sito, un elenco di tutti gli URL da cui intendi creare un collegamento al nostro sito web e un elenco degli URL del nostro sito a cui desideri creare un collegamento. Attendi 2-3 settimane per una risposta.<\/p>\n\n\n\n<p>Le organizzazioni approvate possono creare collegamenti ipertestuali al nostro sito Web come segue:<\/p>\n\n\n\n<ul class=\"wp-block-list\">\n<li>Utilizzando il nostro nome aziendale; o<\/li>\n\n\n\n<li>Utilizzando il localizzatore uniforme di risorse a cui \u00e8 collegato; o<\/li>\n\n\n\n<li>Utilizzare qualsiasi altra descrizione del nostro sito Web a cui si collega che abbia senso nel contesto e nel formato del contenuto del sito della parte che effettua il collegamento.<\/li>\n<\/ul>\n\n\n\n<p>Non sar\u00e0 consentito l&#039;uso del logo Taxne o di altre immagini per il collegamento in assenza di un contratto di licenza del marchio.<\/p>\n\n\n\n<h6 class=\"wp-block-heading\">Responsabilit\u00e0 per i contenuti:<\/h6>\n\n\n\n<p>Non saremo ritenuti responsabili per alcun contenuto presente sul tuo sito web. Accetti di proteggerci e difenderci da qualsiasi reclamo presentato sul tuo sito web. Nessun link deve apparire su alcun sito web che possa essere interpretato come diffamatorio, osceno o criminale, o che violi, infranga o promuova la violazione o altra violazione di diritti di terzi.<\/p>\n\n\n\n<h6 class=\"wp-block-heading\">Riserva di diritti:<\/h6>\n\n\n\n<p>Ci riserviamo il diritto di richiedere la rimozione di tutti i link o di qualsiasi link specifico al nostro Sito Web. L&#039;utente accetta di rimuovere immediatamente tutti i link al nostro Sito Web su richiesta. Ci riserviamo inoltre il diritto di modificare i presenti termini e condizioni e la relativa politica sui link in qualsiasi momento. Collegandosi costantemente al nostro Sito Web, l&#039;utente accetta di essere vincolato e di rispettare i presenti termini e condizioni sui link.<\/p>\n\n\n\n<h6 class=\"wp-block-heading\">Rimozione dei link dal nostro sito web:<\/h6>\n\n\n\n<p>Se trovate un link sul nostro sito web che, per qualsiasi motivo, sia offensivo, siete liberi di contattarci e segnalarcelo in qualsiasi momento. Valuteremo le richieste di rimozione dei link, ma non siamo obbligati a farlo n\u00e9 a rispondervi direttamente.<\/p>\n\n\n\n<p>Non garantiamo che le informazioni contenute in questo sito web siano corrette. Non ne garantiamo la completezza o l&#039;accuratezza, n\u00e9 promettiamo di garantire che il sito web rimanga disponibile o che il materiale in esso contenuto sia mantenuto aggiornato.<\/p>\n\n\n\n<h6 class=\"wp-block-heading\">Disclaimer:<\/h6>\n\n\n\n<p>Nella misura massima consentita dalla legge applicabile, escludiamo tutte le dichiarazioni, garanzie e condizioni relative al nostro sito web e al suo utilizzo. Nulla di quanto contenuto nella presente clausola di esclusione di responsabilit\u00e0:<\/p>\n\n\n\n<ul class=\"wp-block-list\">\n<li>Limitare o escludere la nostra o la vostra responsabilit\u00e0 per morte o lesioni personali;<\/li>\n\n\n\n<li>Limitare o escludere la nostra o la vostra responsabilit\u00e0 per frode o falsa dichiarazione;<\/li>\n\n\n\n<li>Limitare qualsiasi nostra o vostra responsabilit\u00e0 in qualsiasi modo non consentito dalla legge applicabile; o<\/li>\n\n\n\n<li>Escludere qualsiasi nostra o vostra responsabilit\u00e0 che non possa essere esclusa ai sensi della legge applicabile.<\/li>\n<\/ul>\n\n\n\n<p>Le limitazioni e i divieti di responsabilit\u00e0 stabiliti nella presente Sezione e altrove in questa clausola di esclusione di responsabilit\u00e0: (a) sono soggetti al paragrafo precedente; e (b) regolano tutte le responsabilit\u00e0 derivanti dalla clausola di esclusione di responsabilit\u00e0, comprese le responsabilit\u00e0 derivanti da contratto, illecito civile e per violazione di obblighi di legge.<\/p>\n\n\n\n<p>Finch\u00e9 il sito web, le informazioni e i servizi in esso contenuti saranno forniti gratuitamente, non saremo responsabili per eventuali perdite o danni di qualsiasi natura.<\/p>","protected":false},"excerpt":{"rendered":"<p>Terms and Conditions Welcome to Taxne.com! These terms and conditions outline the rules and regulations for the use of Taxne&#8217;s Website, located at https:\/\/taxne.com. By accessing this website, we assume you accept these terms and conditions. Do not continue to use Taxne.com if you do not agree to take all of the terms and conditions [&hellip;]<\/p>\n","protected":false},"author":1,"featured_media":0,"parent":0,"menu_order":0,"comment_status":"closed","ping_status":"closed","template":"","meta":{"_uag_custom_page_level_css":"","site-sidebar-layout":"default","site-content-layout":"","ast-site-content-layout":"default","site-content-style":"default","site-sidebar-style":"default","ast-global-header-display":"","ast-banner-title-visibility":"","ast-main-header-display":"","ast-hfb-above-header-display":"","ast-hfb-below-header-display":"","ast-hfb-mobile-header-display":"","site-post-title":"","ast-breadcrumbs-content":"","ast-featured-img":"","footer-sml-layout":"","ast-disable-related-posts":"","theme-transparent-header-meta":"","adv-header-id-meta":"","stick-header-meta":"","header-above-stick-meta":"","header-main-stick-meta":"","header-below-stick-meta":"","astra-migrate-meta-layouts":"set","ast-page-background-enabled":"default","ast-page-background-meta":{"desktop":{"background-color":"","background-image":"","background-repeat":"repeat","background-position":"center center","background-size":"auto","background-attachment":"scroll","background-type":"","background-media":"","overlay-type":"","overlay-color":"","overlay-opacity":"","overlay-gradient":""},"tablet":{"background-color":"","background-image":"","background-repeat":"repeat","background-position":"center center","background-size":"auto","background-attachment":"scroll","background-type":"","background-media":"","overlay-type":"","overlay-color":"","overlay-opacity":"","overlay-gradient":""},"mobile":{"background-color":"","background-image":"","background-repeat":"repeat","background-position":"center center","background-size":"auto","background-attachment":"scroll","background-type":"","background-media":"","overlay-type":"","overlay-color":"","overlay-opacity":"","overlay-gradient":""}},"ast-content-background-meta":{"desktop":{"background-color":"var(--ast-global-color-5)","background-image":"","background-repeat":"repeat","background-position":"center center","background-size":"auto","background-attachment":"scroll","background-type":"","background-media":"","overlay-type":"","overlay-color":"","overlay-opacity":"","overlay-gradient":""},"tablet":{"background-color":"var(--ast-global-color-5)","background-image":"","background-repeat":"repeat","background-position":"center center","background-size":"auto","background-attachment":"scroll","background-type":"","background-media":"","overlay-type":"","overlay-color":"","overlay-opacity":"","overlay-gradient":""},"mobile":{"background-color":"var(--ast-global-color-5)","background-image":"","background-repeat":"repeat","background-position":"center center","background-size":"auto","background-attachment":"scroll","background-type":"","background-media":"","overlay-type":"","overlay-color":"","overlay-opacity":"","overlay-gradient":""}},"footnotes":""},"class_list":["post-2120","page","type-page","status-publish","hentry"],"yoast_head":"<!-- This site is optimized with the Yoast SEO plugin v27.3 - https:\/\/yoast.com\/product\/yoast-seo-wordpress\/ -->\n<title>Terms and Conditions | Governing Use of Taxne Website &amp; Services<\/title>\n<meta name=\"description\" content=\"Review Taxne&#039;s Terms and Conditions outlining user rights, responsibilities, and policies for website use, purchases, and intellectual property. Stay informed about our legal guidelines.\" \/>\n<meta name=\"robots\" content=\"index, follow, max-snippet:-1, max-image-preview:large, max-video-preview:-1\" \/>\n<link rel=\"canonical\" href=\"https:\/\/taxne.com\/it\/termini-e-condizioni\/\" \/>\n<meta property=\"og:locale\" content=\"it_IT\" \/>\n<meta property=\"og:type\" content=\"article\" \/>\n<meta property=\"og:title\" content=\"Terms and Conditions | Governing Use of Taxne Website &amp; Services\" \/>\n<meta property=\"og:description\" content=\"Review Taxne&#039;s Terms and Conditions outlining user rights, responsibilities, and policies for website use, purchases, and intellectual property. Stay informed about our legal guidelines.\" \/>\n<meta property=\"og:url\" content=\"https:\/\/taxne.com\/it\/termini-e-condizioni\/\" \/>\n<meta property=\"article:modified_time\" content=\"2025-09-10T09:19:23+00:00\" \/>\n<meta name=\"twitter:card\" content=\"summary_large_image\" \/>\n<meta name=\"twitter:label1\" content=\"Tempo di lettura stimato\" \/>\n\t<meta name=\"twitter:data1\" content=\"8 minuti\" \/>\n<script type=\"application\/ld+json\" class=\"yoast-schema-graph\">{\"@context\":\"https:\\\/\\\/schema.org\",\"@graph\":[{\"@type\":\"WebPage\",\"@id\":\"https:\\\/\\\/taxne.com\\\/terms-and-conditions\\\/\",\"url\":\"https:\\\/\\\/taxne.com\\\/terms-and-conditions\\\/\",\"name\":\"Terms and Conditions | Governing Use of Taxne Website & Services\",\"isPartOf\":{\"@id\":\"https:\\\/\\\/taxne.com\\\/#website\"},\"datePublished\":\"2024-07-15T03:49:45+00:00\",\"dateModified\":\"2025-09-10T09:19:23+00:00\",\"description\":\"Review Taxne's Terms and Conditions outlining user rights, responsibilities, and policies for website use, purchases, and intellectual property. Stay informed about our legal guidelines.\",\"breadcrumb\":{\"@id\":\"https:\\\/\\\/taxne.com\\\/terms-and-conditions\\\/#breadcrumb\"},\"inLanguage\":\"it-IT\",\"potentialAction\":[{\"@type\":\"ReadAction\",\"target\":[\"https:\\\/\\\/taxne.com\\\/terms-and-conditions\\\/\"]}]},{\"@type\":\"BreadcrumbList\",\"@id\":\"https:\\\/\\\/taxne.com\\\/terms-and-conditions\\\/#breadcrumb\",\"itemListElement\":[{\"@type\":\"ListItem\",\"position\":1,\"name\":\"\u9996\u9875\",\"item\":\"https:\\\/\\\/taxne.com\\\/\"},{\"@type\":\"ListItem\",\"position\":2,\"name\":\"Terms and Conditions\"}]},{\"@type\":\"WebSite\",\"@id\":\"https:\\\/\\\/taxne.com\\\/#website\",\"url\":\"https:\\\/\\\/taxne.com\\\/\",\"name\":\"taxne.com\",\"description\":\"\",\"publisher\":{\"@id\":\"https:\\\/\\\/taxne.com\\\/#organization\"},\"potentialAction\":[{\"@type\":\"SearchAction\",\"target\":{\"@type\":\"EntryPoint\",\"urlTemplate\":\"https:\\\/\\\/taxne.com\\\/?s={search_term_string}\"},\"query-input\":{\"@type\":\"PropertyValueSpecification\",\"valueRequired\":true,\"valueName\":\"search_term_string\"}}],\"inLanguage\":\"it-IT\"},{\"@type\":\"Organization\",\"@id\":\"https:\\\/\\\/taxne.com\\\/#organization\",\"name\":\"taxne.com\",\"url\":\"https:\\\/\\\/taxne.com\\\/\",\"logo\":{\"@type\":\"ImageObject\",\"inLanguage\":\"it-IT\",\"@id\":\"https:\\\/\\\/taxne.com\\\/#\\\/schema\\\/logo\\\/image\\\/\",\"url\":\"https:\\\/\\\/taxne.com\\\/wp-content\\\/uploads\\\/2025\\\/09\\\/cropped-logo.png\",\"contentUrl\":\"https:\\\/\\\/taxne.com\\\/wp-content\\\/uploads\\\/2025\\\/09\\\/cropped-logo.png\",\"width\":1027,\"height\":270,\"caption\":\"taxne.com\"},\"image\":{\"@id\":\"https:\\\/\\\/taxne.com\\\/#\\\/schema\\\/logo\\\/image\\\/\"}}]}<\/script>\n<!-- \/ Yoast SEO plugin. -->","yoast_head_json":{"title":"Termini e condizioni | Utilizzo del sito web e dei servizi Taxne","description":"Consulta i Termini e Condizioni di Taxne, che delineano i diritti, le responsabilit\u00e0 e le politiche dell&#039;utente per l&#039;utilizzo del sito web, gli acquisti e la propriet\u00e0 intellettuale. Rimani informato sulle nostre linee guida legali.","robots":{"index":"index","follow":"follow","max-snippet":"max-snippet:-1","max-image-preview":"max-image-preview:large","max-video-preview":"max-video-preview:-1"},"canonical":"https:\/\/taxne.com\/it\/termini-e-condizioni\/","og_locale":"it_IT","og_type":"article","og_title":"Terms and Conditions | Governing Use of Taxne Website & Services","og_description":"Review Taxne's Terms and Conditions outlining user rights, responsibilities, and policies for website use, purchases, and intellectual property. Stay informed about our legal guidelines.","og_url":"https:\/\/taxne.com\/it\/termini-e-condizioni\/","article_modified_time":"2025-09-10T09:19:23+00:00","twitter_card":"summary_large_image","twitter_misc":{"Tempo di lettura stimato":"8 minuti"},"schema":{"@context":"https:\/\/schema.org","@graph":[{"@type":"WebPage","@id":"https:\/\/taxne.com\/terms-and-conditions\/","url":"https:\/\/taxne.com\/terms-and-conditions\/","name":"Termini e condizioni | Utilizzo del sito web e dei servizi Taxne","isPartOf":{"@id":"https:\/\/taxne.com\/#website"},"datePublished":"2024-07-15T03:49:45+00:00","dateModified":"2025-09-10T09:19:23+00:00","description":"Consulta i Termini e Condizioni di Taxne, che delineano i diritti, le responsabilit\u00e0 e le politiche dell&#039;utente per l&#039;utilizzo del sito web, gli acquisti e la propriet\u00e0 intellettuale. Rimani informato sulle nostre linee guida legali.","breadcrumb":{"@id":"https:\/\/taxne.com\/terms-and-conditions\/#breadcrumb"},"inLanguage":"it-IT","potentialAction":[{"@type":"ReadAction","target":["https:\/\/taxne.com\/terms-and-conditions\/"]}]},{"@type":"BreadcrumbList","@id":"https:\/\/taxne.com\/terms-and-conditions\/#breadcrumb","itemListElement":[{"@type":"ListItem","position":1,"name":"\u9996\u9875","item":"https:\/\/taxne.com\/"},{"@type":"ListItem","position":2,"name":"Terms and Conditions"}]},{"@type":"WebSite","@id":"https:\/\/taxne.com\/#website","url":"https:\/\/taxne.com\/","name":"taxne.com","description":"","publisher":{"@id":"https:\/\/taxne.com\/#organization"},"potentialAction":[{"@type":"SearchAction","target":{"@type":"EntryPoint","urlTemplate":"https:\/\/taxne.com\/?s={search_term_string}"},"query-input":{"@type":"PropertyValueSpecification","valueRequired":true,"valueName":"search_term_string"}}],"inLanguage":"it-IT"},{"@type":"Organization","@id":"https:\/\/taxne.com\/#organization","name":"taxne.com","url":"https:\/\/taxne.com\/","logo":{"@type":"ImageObject","inLanguage":"it-IT","@id":"https:\/\/taxne.com\/#\/schema\/logo\/image\/","url":"https:\/\/taxne.com\/wp-content\/uploads\/2025\/09\/cropped-logo.png","contentUrl":"https:\/\/taxne.com\/wp-content\/uploads\/2025\/09\/cropped-logo.png","width":1027,"height":270,"caption":"taxne.com"},"image":{"@id":"https:\/\/taxne.com\/#\/schema\/logo\/image\/"}}]}},"uagb_featured_image_src":{"full":false,"thumbnail":false,"medium":false,"medium_large":false,"large":false,"1536x1536":false,"2048x2048":false,"trp-custom-language-flag":false,"woocommerce_thumbnail":false,"woocommerce_single":false,"woocommerce_gallery_thumbnail":false},"uagb_author_info":{"display_name":"tianke1223@gmail.com","author_link":"https:\/\/taxne.com\/it\/author\/tianke1223gmail-com\/"},"uagb_comment_info":0,"uagb_excerpt":"Terms and Conditions Welcome to Taxne.com! These terms and conditions outline the rules and regulations for the use of Taxne&#8217;s Website, located at https:\/\/taxne.com. By accessing this website, we assume you accept these terms and conditions. Do not continue to use Taxne.com if you do not agree to take all of the terms and conditions&hellip;","jetpack_sharing_enabled":true,"_links":{"self":[{"href":"https:\/\/taxne.com\/it\/wp-json\/wp\/v2\/pages\/2120","targetHints":{"allow":["GET"]}}],"collection":[{"href":"https:\/\/taxne.com\/it\/wp-json\/wp\/v2\/pages"}],"about":[{"href":"https:\/\/taxne.com\/it\/wp-json\/wp\/v2\/types\/page"}],"author":[{"embeddable":true,"href":"https:\/\/taxne.com\/it\/wp-json\/wp\/v2\/users\/1"}],"replies":[{"embeddable":true,"href":"https:\/\/taxne.com\/it\/wp-json\/wp\/v2\/comments?post=2120"}],"version-history":[{"count":2,"href":"https:\/\/taxne.com\/it\/wp-json\/wp\/v2\/pages\/2120\/revisions"}],"predecessor-version":[{"id":2122,"href":"https:\/\/taxne.com\/it\/wp-json\/wp\/v2\/pages\/2120\/revisions\/2122"}],"wp:attachment":[{"href":"https:\/\/taxne.com\/it\/wp-json\/wp\/v2\/media?parent=2120"}],"curies":[{"name":"wp","href":"https:\/\/api.w.org\/{rel}","templated":true}]}}