{"id":2123,"date":"2024-07-15T03:51:33","date_gmt":"2024-07-15T03:51:33","guid":{"rendered":"https:\/\/taxne.com\/?page_id=2123"},"modified":"2025-09-10T09:07:15","modified_gmt":"2025-09-10T09:07:15","slug":"payment-policy","status":"publish","type":"page","link":"https:\/\/taxne.com\/it\/politica-di-pagamento\/","title":{"rendered":"Politica di pagamento"},"content":{"rendered":"<p>METODO DI PAGAMENTO<\/p>\n\n\n\n<p>Accettiamo carte Visa, MasterCard e American Express.<\/p>\n\n\n\n<p>Puoi anche scegliere di pagare con PayPal. Quando selezioni questa opzione al momento del pagamento, verrai indirizzato al sito PayPal per completare l&#039;acquisto prima di tornare al sito <a target=\"_blank\" href=\"https:\/\/taxne.com\/it\/\" rel=\"noreferrer noopener\">Taxne.com<\/a><a target=\"_blank\" href=\"http:\/\/diabeticbuy.com\/\" rel=\"noreferrer noopener\">.<\/a><\/p>\n\n\n\n<p><a target=\"_blank\" href=\"http:\/\/diabetesbuy.com\/\" rel=\"noreferrer noopener\">Se la carta effettua la transazione<\/a>in poi viene approvato, l&#039;importo sar\u00e0 riservato<a target=\"_blank\" href=\"https:\/\/taxne.com\/it\/\" rel=\"noreferrer noopener\">ed immediatamente Taxne.com<\/a> e riceverai una conferma d&#039;ordine alla tua email. Se la transazione con carta di credito non viene approvata, il tuo ordine verr\u00e0 annullato. Contatta la tua banca o<a target=\"_blank\" href=\"http:\/\/diabetesbuy.com\/\" rel=\"noreferrer noopener\"> fornitore della carta se<\/a> hai qualche domanda a riguardo<\/p>\n\n\n\n<p>SICUREZZA DEI PAGAMENTI<\/p>\n\n\n\n<p><a target=\"_blank\" href=\"https:\/\/taxne.com\/it\/\" rel=\"noreferrer noopener\">Taxne.com<\/a> utilizza la tecnologia Secure Socket Layer (SSL) per crittografare e proteggere i dati che ci invii su Internet. Se SSL \u00e8 abilitato, vedrai un lucchetto nella parte superiore del browser e potrai fare clic su di esso per scoprirlo <a target=\"_blank\" href=\"http:\/\/diabetesbuy.com\/\" rel=\"noreferrer noopener\">maggiori informazioni <\/a>abo<a target=\"_blank\" href=\"http:\/\/diabetesbuy.com\/\" rel=\"noreferrer noopener\">ut il digitale SSL<\/a> registrazione del certificato.<\/p>\n\n\n\n<p>Noterai inoltre che quando guardi l&#039;URL nella parte superiore del browser vedrai che inizia con &quot;https&quot; anzich\u00e9 &quot;http&quot;. Ci\u00f2 significa che sei in modalit\u00e0 sicura.<\/p>\n\n\n\n<p><a target=\"_blank\" href=\"https:\/\/taxne.com\/it\/\" rel=\"noreferrer noopener\">Taxne.com <\/a>\u00e8 registrato presso Cybertrust come sito autentico. <a target=\"_blank\" href=\"http:\/\/diabetesbuy.com\/\" rel=\"noreferrer noopener\">Questo lo garantisce <\/a>le tue informazioni sono mantenute private tra il tuo browser web e il nostro server web.<\/p>\n\n\n\n<p>Se l&#039;emittente della tua carta ha sede nell&#039;UE, ti potrebbe essere chiesto di verificare il pagamento d<a target=\"_blank\" href=\"http:\/\/diabetesbuy.com\/\" rel=\"noreferrer noopener\">a causa di un nuovo requi<\/a>rement ai sensi della seconda direttiva sui servizi di pagamento (PSD2). Verrai indirizzato ad una pagina dedicata per inserire ulteriori informazioni o chiederti l&#039;autorizzazione <a target=\"_blank\" href=\"http:\/\/diabetesbuy.com\/\" rel=\"noreferrer noopener\">il pagamento utilizzando <\/a>Il tuo telefonino. Una volta completato, tornerai a <a target=\"_blank\" href=\"https:\/\/taxne.com\/it\/\" rel=\"noreferrer noopener\">Taxne.com<\/a><a target=\"_blank\" href=\"http:\/\/diabeticbuy.com\/\" rel=\"noreferrer noopener\">.<\/a><\/p>","protected":false},"excerpt":{"rendered":"<p>PAYMENT METHOD We accept Visa, MasterCard and American Express cards. You can also choose to pay with PayPal. When selecting this option at checkout, you will be directed to the PayPal site to complete your purchase before returning to Taxne.com. If the card transaction is approved, the amount will be reserved immediately Taxne.com and you [&hellip;]<\/p>\n","protected":false},"author":1,"featured_media":0,"parent":0,"menu_order":0,"comment_status":"closed","ping_status":"closed","template":"","meta":{"_uag_custom_page_level_css":"","site-sidebar-layout":"default","site-content-layout":"","ast-site-content-layout":"default","site-content-style":"default","site-sidebar-style":"default","ast-global-header-display":"","ast-banner-title-visibility":"","ast-main-header-display":"","ast-hfb-above-header-display":"","ast-hfb-below-header-display":"","ast-hfb-mobile-header-display":"","site-post-title":"","ast-breadcrumbs-content":"","ast-featured-img":"","footer-sml-layout":"","ast-disable-related-posts":"","theme-transparent-header-meta":"","adv-header-id-meta":"","stick-header-meta":"","header-above-stick-meta":"","header-main-stick-meta":"","header-below-stick-meta":"","astra-migrate-meta-layouts":"set","ast-page-background-enabled":"default","ast-page-background-meta":{"desktop":{"background-color":"","background-image":"","background-repeat":"repeat","background-position":"center center","background-size":"auto","background-attachment":"scroll","background-type":"","background-media":"","overlay-type":"","overlay-color":"","overlay-opacity":"","overlay-gradient":""},"tablet":{"background-color":"","background-image":"","background-repeat":"repeat","background-position":"center center","background-size":"auto","background-attachment":"scroll","background-type":"","background-media":"","overlay-type":"","overlay-color":"","overlay-opacity":"","overlay-gradient":""},"mobile":{"background-color":"","background-image":"","background-repeat":"repeat","background-position":"center center","background-size":"auto","background-attachment":"scroll","background-type":"","background-media":"","overlay-type":"","overlay-color":"","overlay-opacity":"","overlay-gradient":""}},"ast-content-background-meta":{"desktop":{"background-color":"var(--ast-global-color-5)","background-image":"","background-repeat":"repeat","background-position":"center center","background-size":"auto","background-attachment":"scroll","background-type":"","background-media":"","overlay-type":"","overlay-color":"","overlay-opacity":"","overlay-gradient":""},"tablet":{"background-color":"var(--ast-global-color-5)","background-image":"","background-repeat":"repeat","background-position":"center center","background-size":"auto","background-attachment":"scroll","background-type":"","background-media":"","overlay-type":"","overlay-color":"","overlay-opacity":"","overlay-gradient":""},"mobile":{"background-color":"var(--ast-global-color-5)","background-image":"","background-repeat":"repeat","background-position":"center center","background-size":"auto","background-attachment":"scroll","background-type":"","background-media":"","overlay-type":"","overlay-color":"","overlay-opacity":"","overlay-gradient":""}},"footnotes":""},"class_list":["post-2123","page","type-page","status-publish","hentry"],"yoast_head":"<!-- This site is optimized with the Yoast SEO plugin v27.3 - https:\/\/yoast.com\/product\/yoast-seo-wordpress\/ -->\n<title>Secure Payment Options &amp; Policy | Accepted Methods &amp; Info | Taxne<\/title>\n<meta name=\"description\" content=\"View Taxne&#039;s secure payment policy. We accept all major credit cards, PayPal, and more. Your transactions are encrypted and protected. Questions about refunds or payment methods? Find answers here.\" \/>\n<meta name=\"robots\" content=\"index, follow, max-snippet:-1, max-image-preview:large, max-video-preview:-1\" \/>\n<link rel=\"canonical\" href=\"https:\/\/taxne.com\/it\/politica-di-pagamento\/\" \/>\n<meta property=\"og:locale\" content=\"it_IT\" \/>\n<meta property=\"og:type\" content=\"article\" \/>\n<meta property=\"og:title\" content=\"Secure Payment Options &amp; Policy | Accepted Methods &amp; Info | Taxne\" \/>\n<meta property=\"og:description\" content=\"View Taxne&#039;s secure payment policy. We accept all major credit cards, PayPal, and more. Your transactions are encrypted and protected. Questions about refunds or payment methods? Find answers here.\" \/>\n<meta property=\"og:url\" content=\"https:\/\/taxne.com\/it\/politica-di-pagamento\/\" \/>\n<meta property=\"article:modified_time\" content=\"2025-09-10T09:07:15+00:00\" \/>\n<meta name=\"twitter:card\" content=\"summary_large_image\" \/>\n<meta name=\"twitter:label1\" content=\"Tempo di lettura stimato\" \/>\n\t<meta name=\"twitter:data1\" content=\"2 minuti\" \/>\n<script type=\"application\/ld+json\" class=\"yoast-schema-graph\">{\"@context\":\"https:\\\/\\\/schema.org\",\"@graph\":[{\"@type\":\"WebPage\",\"@id\":\"https:\\\/\\\/taxne.com\\\/payment-policy\\\/\",\"url\":\"https:\\\/\\\/taxne.com\\\/payment-policy\\\/\",\"name\":\"Secure Payment Options & Policy | Accepted Methods & Info | Taxne\",\"isPartOf\":{\"@id\":\"https:\\\/\\\/taxne.com\\\/#website\"},\"datePublished\":\"2024-07-15T03:51:33+00:00\",\"dateModified\":\"2025-09-10T09:07:15+00:00\",\"description\":\"View Taxne's secure payment policy. We accept all major credit cards, PayPal, and more. Your transactions are encrypted and protected. Questions about refunds or payment methods? Find answers here.\",\"breadcrumb\":{\"@id\":\"https:\\\/\\\/taxne.com\\\/payment-policy\\\/#breadcrumb\"},\"inLanguage\":\"it-IT\",\"potentialAction\":[{\"@type\":\"ReadAction\",\"target\":[\"https:\\\/\\\/taxne.com\\\/payment-policy\\\/\"]}]},{\"@type\":\"BreadcrumbList\",\"@id\":\"https:\\\/\\\/taxne.com\\\/payment-policy\\\/#breadcrumb\",\"itemListElement\":[{\"@type\":\"ListItem\",\"position\":1,\"name\":\"\u9996\u9875\",\"item\":\"https:\\\/\\\/taxne.com\\\/\"},{\"@type\":\"ListItem\",\"position\":2,\"name\":\"Payment Policy\"}]},{\"@type\":\"WebSite\",\"@id\":\"https:\\\/\\\/taxne.com\\\/#website\",\"url\":\"https:\\\/\\\/taxne.com\\\/\",\"name\":\"taxne.com\",\"description\":\"\",\"publisher\":{\"@id\":\"https:\\\/\\\/taxne.com\\\/#organization\"},\"potentialAction\":[{\"@type\":\"SearchAction\",\"target\":{\"@type\":\"EntryPoint\",\"urlTemplate\":\"https:\\\/\\\/taxne.com\\\/?s={search_term_string}\"},\"query-input\":{\"@type\":\"PropertyValueSpecification\",\"valueRequired\":true,\"valueName\":\"search_term_string\"}}],\"inLanguage\":\"it-IT\"},{\"@type\":\"Organization\",\"@id\":\"https:\\\/\\\/taxne.com\\\/#organization\",\"name\":\"taxne.com\",\"url\":\"https:\\\/\\\/taxne.com\\\/\",\"logo\":{\"@type\":\"ImageObject\",\"inLanguage\":\"it-IT\",\"@id\":\"https:\\\/\\\/taxne.com\\\/#\\\/schema\\\/logo\\\/image\\\/\",\"url\":\"https:\\\/\\\/taxne.com\\\/wp-content\\\/uploads\\\/2025\\\/09\\\/cropped-logo.png\",\"contentUrl\":\"https:\\\/\\\/taxne.com\\\/wp-content\\\/uploads\\\/2025\\\/09\\\/cropped-logo.png\",\"width\":1027,\"height\":270,\"caption\":\"taxne.com\"},\"image\":{\"@id\":\"https:\\\/\\\/taxne.com\\\/#\\\/schema\\\/logo\\\/image\\\/\"}}]}<\/script>\n<!-- \/ Yoast SEO plugin. -->","yoast_head_json":{"title":"Opzioni e politica di pagamento sicuro | Metodi accettati e informazioni | Taxne","description":"Consulta la politica di pagamento sicuro di Taxne. Accettiamo tutte le principali carte di credito, PayPal e altro ancora. Le tue transazioni sono crittografate e protette. Domande su rimborsi o metodi di pagamento? Trova le risposte qui.","robots":{"index":"index","follow":"follow","max-snippet":"max-snippet:-1","max-image-preview":"max-image-preview:large","max-video-preview":"max-video-preview:-1"},"canonical":"https:\/\/taxne.com\/it\/politica-di-pagamento\/","og_locale":"it_IT","og_type":"article","og_title":"Secure Payment Options & Policy | Accepted Methods & Info | Taxne","og_description":"View Taxne's secure payment policy. We accept all major credit cards, PayPal, and more. Your transactions are encrypted and protected. Questions about refunds or payment methods? Find answers here.","og_url":"https:\/\/taxne.com\/it\/politica-di-pagamento\/","article_modified_time":"2025-09-10T09:07:15+00:00","twitter_card":"summary_large_image","twitter_misc":{"Tempo di lettura stimato":"2 minuti"},"schema":{"@context":"https:\/\/schema.org","@graph":[{"@type":"WebPage","@id":"https:\/\/taxne.com\/payment-policy\/","url":"https:\/\/taxne.com\/payment-policy\/","name":"Opzioni e politica di pagamento sicuro | Metodi accettati e informazioni | Taxne","isPartOf":{"@id":"https:\/\/taxne.com\/#website"},"datePublished":"2024-07-15T03:51:33+00:00","dateModified":"2025-09-10T09:07:15+00:00","description":"Consulta la politica di pagamento sicuro di Taxne. Accettiamo tutte le principali carte di credito, PayPal e altro ancora. Le tue transazioni sono crittografate e protette. Domande su rimborsi o metodi di pagamento? Trova le risposte qui.","breadcrumb":{"@id":"https:\/\/taxne.com\/payment-policy\/#breadcrumb"},"inLanguage":"it-IT","potentialAction":[{"@type":"ReadAction","target":["https:\/\/taxne.com\/payment-policy\/"]}]},{"@type":"BreadcrumbList","@id":"https:\/\/taxne.com\/payment-policy\/#breadcrumb","itemListElement":[{"@type":"ListItem","position":1,"name":"\u9996\u9875","item":"https:\/\/taxne.com\/"},{"@type":"ListItem","position":2,"name":"Payment Policy"}]},{"@type":"WebSite","@id":"https:\/\/taxne.com\/#website","url":"https:\/\/taxne.com\/","name":"taxne.com","description":"","publisher":{"@id":"https:\/\/taxne.com\/#organization"},"potentialAction":[{"@type":"SearchAction","target":{"@type":"EntryPoint","urlTemplate":"https:\/\/taxne.com\/?s={search_term_string}"},"query-input":{"@type":"PropertyValueSpecification","valueRequired":true,"valueName":"search_term_string"}}],"inLanguage":"it-IT"},{"@type":"Organization","@id":"https:\/\/taxne.com\/#organization","name":"taxne.com","url":"https:\/\/taxne.com\/","logo":{"@type":"ImageObject","inLanguage":"it-IT","@id":"https:\/\/taxne.com\/#\/schema\/logo\/image\/","url":"https:\/\/taxne.com\/wp-content\/uploads\/2025\/09\/cropped-logo.png","contentUrl":"https:\/\/taxne.com\/wp-content\/uploads\/2025\/09\/cropped-logo.png","width":1027,"height":270,"caption":"taxne.com"},"image":{"@id":"https:\/\/taxne.com\/#\/schema\/logo\/image\/"}}]}},"uagb_featured_image_src":{"full":false,"thumbnail":false,"medium":false,"medium_large":false,"large":false,"1536x1536":false,"2048x2048":false,"trp-custom-language-flag":false,"woocommerce_thumbnail":false,"woocommerce_single":false,"woocommerce_gallery_thumbnail":false},"uagb_author_info":{"display_name":"tianke1223@gmail.com","author_link":"https:\/\/taxne.com\/it\/author\/tianke1223gmail-com\/"},"uagb_comment_info":0,"uagb_excerpt":"PAYMENT METHOD We accept Visa, MasterCard and American Express cards. You can also choose to pay with PayPal. When selecting this option at checkout, you will be directed to the PayPal site to complete your purchase before returning to Taxne.com. If the card transaction is approved, the amount will be reserved immediately Taxne.com and you&hellip;","jetpack_sharing_enabled":true,"_links":{"self":[{"href":"https:\/\/taxne.com\/it\/wp-json\/wp\/v2\/pages\/2123","targetHints":{"allow":["GET"]}}],"collection":[{"href":"https:\/\/taxne.com\/it\/wp-json\/wp\/v2\/pages"}],"about":[{"href":"https:\/\/taxne.com\/it\/wp-json\/wp\/v2\/types\/page"}],"author":[{"embeddable":true,"href":"https:\/\/taxne.com\/it\/wp-json\/wp\/v2\/users\/1"}],"replies":[{"embeddable":true,"href":"https:\/\/taxne.com\/it\/wp-json\/wp\/v2\/comments?post=2123"}],"version-history":[{"count":2,"href":"https:\/\/taxne.com\/it\/wp-json\/wp\/v2\/pages\/2123\/revisions"}],"predecessor-version":[{"id":2125,"href":"https:\/\/taxne.com\/it\/wp-json\/wp\/v2\/pages\/2123\/revisions\/2125"}],"wp:attachment":[{"href":"https:\/\/taxne.com\/it\/wp-json\/wp\/v2\/media?parent=2123"}],"curies":[{"name":"wp","href":"https:\/\/api.w.org\/{rel}","templated":true}]}}