{"id":2126,"date":"2024-07-15T03:53:07","date_gmt":"2024-07-15T03:53:07","guid":{"rendered":"https:\/\/taxne.com\/?page_id=2126"},"modified":"2025-09-23T06:24:20","modified_gmt":"2025-09-23T06:24:20","slug":"shipping-policy","status":"publish","type":"page","link":"https:\/\/taxne.com\/it\/politica-di-spedizione\/","title":{"rendered":"Politica di spedizione"},"content":{"rendered":"<h1 class=\"wp-block-heading\">POLITICA DI SPEDIZIONE<\/h1>\n\n\n\n<p>A. Costi di spedizione<br><br><strong>Tempo di elaborazione: entro 48 ore<\/strong><\/p>\n\n\n\n<p><strong>Freight: $9.9<\/strong><\/p>\n\n\n\n<p><strong>Shipping fee: Free shipping on orders over $88.88<\/strong><br><br>B. Tempi limite per transito, movimentazione e ordini<br><br>Tutti gli ordini vengono elaborati entro 1-2 giorni lavorativi<br>Tutti i prezzi sono in USD<br>Si prega di notare che potrebbero esserci dei lievi Durante i periodi di saldi e festivi, la consegna potrebbe richiedere pi\u00f9 tempo rispetto ai tempi stimati sopra.<br>Una volta spedito, l&#039;ordine non pu\u00f2 essere annullato<br><strong>Tasse<\/strong> sar\u00e0 soggetto a dazi doganali in tutti i paesi durante il processo di spedizione, quindi i consumatori non saranno responsabili per costi in eccesso<br>Se non ricevi il pacco entro 40 giorni, desideriamo che tu ci contatti in tempo. Ti aiuteremo a tracciare il pacco o a decidere se rispedire il prodotto<br><br>C. Tempo di spedizione:<br><br>USA\/CA: 10-20 giorni lavorativi<br>Europa: 10-20 giorni lavorativi<br>Medio Oriente: 10-25 giorni lavorativi<br>Altri: 10-25 giorni lavorativi<br><br>RESI E CAMBI<br>Facile 30 giorni<br>Consulta le condizioni e la procedura nella nostra politica di restituzione e rimborso<br><br><br><br><strong>Prestiamo particolare attenzione nel verificare ogni ordine che riceviamo. Questo processo \u00e8 quello che ci sforziamo di realizzare entro il lasso di tempo necessario per la spedizione del tuo ordine o per l&#039;invio al produttore che spedir\u00e0 il tuo ordine. In determinate situazioni, il nostro processo di verifica dell&#039;ordine pu\u00f2 ritardare la spedizione dell&#039;ordine. Assicurati di includere informazioni accurate quando effettui l&#039;ordine in modo che, se necessario, possiamo contattarti alle informazioni elencate nel tentativo di evadere il tuo ordine lo stesso giorno (se disponibile nel nostro magazzino).<\/strong><br><br><strong>Si prega di verificare lo stato delle scorte prima di effettuare un ordine poich\u00e9 non possiamo stimare con precisione i tempi di transito per gli articoli esauriti.<\/strong><br><br><strong>Taxne non \u00e8 responsabile per i pacchi smarriti e rubati. Se ritieni che il tuo pacco sia stato consegnato erroneamente, puoi contattare il nostro team di assistenza clienti e possiamo coordinarci con il servizio di gestione del pacco per avviare un&#039;indagine sul pacco smarrito. Se il servizio di gestione del pacco non \u00e8 in grado di localizzare il pacco o fornisce la documentazione che il pacco \u00e8 stato consegnato all&#039;indirizzo corretto, la risoluzione \u00e8 a discrezione esclusiva di Taxne, non possiamo garantire una sostituzione o un rimborso a seconda dell&#039;esito dello smarrimento. indagine sul pacchetto.<\/strong><\/p>","protected":false},"excerpt":{"rendered":"<p>SHIPPING POLICY A. Shipping Costs Processing time: Within 48 hours Freight: $9.9 Shipping fee: Free shipping on orders over $88.88 B. Transit, Handling &amp; Oders Cut Off Time All orders are processed within 1-2 business daysAll prices are in USDPlease note there could be slight During sale and holiday periods, delivery may take longer than [&hellip;]<\/p>\n","protected":false},"author":1,"featured_media":0,"parent":0,"menu_order":0,"comment_status":"closed","ping_status":"closed","template":"","meta":{"_uag_custom_page_level_css":"","site-sidebar-layout":"default","site-content-layout":"","ast-site-content-layout":"default","site-content-style":"default","site-sidebar-style":"default","ast-global-header-display":"","ast-banner-title-visibility":"","ast-main-header-display":"","ast-hfb-above-header-display":"","ast-hfb-below-header-display":"","ast-hfb-mobile-header-display":"","site-post-title":"","ast-breadcrumbs-content":"","ast-featured-img":"","footer-sml-layout":"","ast-disable-related-posts":"","theme-transparent-header-meta":"","adv-header-id-meta":"","stick-header-meta":"","header-above-stick-meta":"","header-main-stick-meta":"","header-below-stick-meta":"","astra-migrate-meta-layouts":"set","ast-page-background-enabled":"default","ast-page-background-meta":{"desktop":{"background-color":"","background-image":"","background-repeat":"repeat","background-position":"center center","background-size":"auto","background-attachment":"scroll","background-type":"","background-media":"","overlay-type":"","overlay-color":"","overlay-opacity":"","overlay-gradient":""},"tablet":{"background-color":"","background-image":"","background-repeat":"repeat","background-position":"center center","background-size":"auto","background-attachment":"scroll","background-type":"","background-media":"","overlay-type":"","overlay-color":"","overlay-opacity":"","overlay-gradient":""},"mobile":{"background-color":"","background-image":"","background-repeat":"repeat","background-position":"center center","background-size":"auto","background-attachment":"scroll","background-type":"","background-media":"","overlay-type":"","overlay-color":"","overlay-opacity":"","overlay-gradient":""}},"ast-content-background-meta":{"desktop":{"background-color":"var(--ast-global-color-5)","background-image":"","background-repeat":"repeat","background-position":"center center","background-size":"auto","background-attachment":"scroll","background-type":"","background-media":"","overlay-type":"","overlay-color":"","overlay-opacity":"","overlay-gradient":""},"tablet":{"background-color":"var(--ast-global-color-5)","background-image":"","background-repeat":"repeat","background-position":"center center","background-size":"auto","background-attachment":"scroll","background-type":"","background-media":"","overlay-type":"","overlay-color":"","overlay-opacity":"","overlay-gradient":""},"mobile":{"background-color":"var(--ast-global-color-5)","background-image":"","background-repeat":"repeat","background-position":"center center","background-size":"auto","background-attachment":"scroll","background-type":"","background-media":"","overlay-type":"","overlay-color":"","overlay-opacity":"","overlay-gradient":""}},"footnotes":""},"class_list":["post-2126","page","type-page","status-publish","hentry"],"yoast_head":"<!-- This site is optimized with the Yoast SEO plugin v27.3 - https:\/\/yoast.com\/product\/yoast-seo-wordpress\/ -->\n<title>Shipping Policy | Delivery Times, Costs &amp; Tracking | Taxne<\/title>\n<meta name=\"description\" content=\"Explore Taxne\u2019s shipping policy: delivery timelines, free shipping thresholds, and tracking. We ship globally with care. Questions about your order? Find all details here.\" \/>\n<meta name=\"robots\" content=\"index, follow, max-snippet:-1, max-image-preview:large, max-video-preview:-1\" \/>\n<link rel=\"canonical\" href=\"https:\/\/taxne.com\/it\/politica-di-spedizione\/\" \/>\n<meta property=\"og:locale\" content=\"it_IT\" \/>\n<meta property=\"og:type\" content=\"article\" \/>\n<meta property=\"og:title\" content=\"Shipping Policy | Delivery Times, Costs &amp; Tracking | Taxne\" \/>\n<meta property=\"og:description\" content=\"Explore Taxne\u2019s shipping policy: delivery timelines, free shipping thresholds, and tracking. We ship globally with care. Questions about your order? Find all details here.\" \/>\n<meta property=\"og:url\" content=\"https:\/\/taxne.com\/it\/politica-di-spedizione\/\" \/>\n<meta property=\"article:modified_time\" content=\"2025-09-23T06:24:20+00:00\" \/>\n<meta name=\"twitter:card\" content=\"summary_large_image\" \/>\n<meta name=\"twitter:label1\" content=\"Tempo di lettura stimato\" \/>\n\t<meta name=\"twitter:data1\" content=\"2 minuti\" \/>\n<script type=\"application\/ld+json\" class=\"yoast-schema-graph\">{\"@context\":\"https:\\\/\\\/schema.org\",\"@graph\":[{\"@type\":\"WebPage\",\"@id\":\"https:\\\/\\\/taxne.com\\\/shipping-policy\\\/\",\"url\":\"https:\\\/\\\/taxne.com\\\/shipping-policy\\\/\",\"name\":\"Shipping Policy | Delivery Times, Costs & Tracking | Taxne\",\"isPartOf\":{\"@id\":\"https:\\\/\\\/taxne.com\\\/#website\"},\"datePublished\":\"2024-07-15T03:53:07+00:00\",\"dateModified\":\"2025-09-23T06:24:20+00:00\",\"description\":\"Explore Taxne\u2019s shipping policy: delivery timelines, free shipping thresholds, and tracking. We ship globally with care. Questions about your order? Find all details here.\",\"breadcrumb\":{\"@id\":\"https:\\\/\\\/taxne.com\\\/shipping-policy\\\/#breadcrumb\"},\"inLanguage\":\"it-IT\",\"potentialAction\":[{\"@type\":\"ReadAction\",\"target\":[\"https:\\\/\\\/taxne.com\\\/shipping-policy\\\/\"]}]},{\"@type\":\"BreadcrumbList\",\"@id\":\"https:\\\/\\\/taxne.com\\\/shipping-policy\\\/#breadcrumb\",\"itemListElement\":[{\"@type\":\"ListItem\",\"position\":1,\"name\":\"\u9996\u9875\",\"item\":\"https:\\\/\\\/taxne.com\\\/\"},{\"@type\":\"ListItem\",\"position\":2,\"name\":\"Shipping Policy\"}]},{\"@type\":\"WebSite\",\"@id\":\"https:\\\/\\\/taxne.com\\\/#website\",\"url\":\"https:\\\/\\\/taxne.com\\\/\",\"name\":\"taxne.com\",\"description\":\"\",\"publisher\":{\"@id\":\"https:\\\/\\\/taxne.com\\\/#organization\"},\"potentialAction\":[{\"@type\":\"SearchAction\",\"target\":{\"@type\":\"EntryPoint\",\"urlTemplate\":\"https:\\\/\\\/taxne.com\\\/?s={search_term_string}\"},\"query-input\":{\"@type\":\"PropertyValueSpecification\",\"valueRequired\":true,\"valueName\":\"search_term_string\"}}],\"inLanguage\":\"it-IT\"},{\"@type\":\"Organization\",\"@id\":\"https:\\\/\\\/taxne.com\\\/#organization\",\"name\":\"taxne.com\",\"url\":\"https:\\\/\\\/taxne.com\\\/\",\"logo\":{\"@type\":\"ImageObject\",\"inLanguage\":\"it-IT\",\"@id\":\"https:\\\/\\\/taxne.com\\\/#\\\/schema\\\/logo\\\/image\\\/\",\"url\":\"https:\\\/\\\/taxne.com\\\/wp-content\\\/uploads\\\/2025\\\/09\\\/cropped-logo.png\",\"contentUrl\":\"https:\\\/\\\/taxne.com\\\/wp-content\\\/uploads\\\/2025\\\/09\\\/cropped-logo.png\",\"width\":1027,\"height\":270,\"caption\":\"taxne.com\"},\"image\":{\"@id\":\"https:\\\/\\\/taxne.com\\\/#\\\/schema\\\/logo\\\/image\\\/\"}}]}<\/script>\n<!-- \/ Yoast SEO plugin. -->","yoast_head_json":{"title":"Politica di spedizione | Tempi di consegna, costi e tracciamento | Taxne","description":"Scopri la politica di spedizione di Taxne: tempi di consegna, soglie di spedizione gratuita e tracciamento. Spediamo in tutto il mondo con cura. Domande sul tuo ordine? Trova tutti i dettagli qui.","robots":{"index":"index","follow":"follow","max-snippet":"max-snippet:-1","max-image-preview":"max-image-preview:large","max-video-preview":"max-video-preview:-1"},"canonical":"https:\/\/taxne.com\/it\/politica-di-spedizione\/","og_locale":"it_IT","og_type":"article","og_title":"Shipping Policy | Delivery Times, Costs & Tracking | Taxne","og_description":"Explore Taxne\u2019s shipping policy: delivery timelines, free shipping thresholds, and tracking. We ship globally with care. Questions about your order? Find all details here.","og_url":"https:\/\/taxne.com\/it\/politica-di-spedizione\/","article_modified_time":"2025-09-23T06:24:20+00:00","twitter_card":"summary_large_image","twitter_misc":{"Tempo di lettura stimato":"2 minuti"},"schema":{"@context":"https:\/\/schema.org","@graph":[{"@type":"WebPage","@id":"https:\/\/taxne.com\/shipping-policy\/","url":"https:\/\/taxne.com\/shipping-policy\/","name":"Politica di spedizione | Tempi di consegna, costi e tracciamento | Taxne","isPartOf":{"@id":"https:\/\/taxne.com\/#website"},"datePublished":"2024-07-15T03:53:07+00:00","dateModified":"2025-09-23T06:24:20+00:00","description":"Scopri la politica di spedizione di Taxne: tempi di consegna, soglie di spedizione gratuita e tracciamento. Spediamo in tutto il mondo con cura. Domande sul tuo ordine? Trova tutti i dettagli qui.","breadcrumb":{"@id":"https:\/\/taxne.com\/shipping-policy\/#breadcrumb"},"inLanguage":"it-IT","potentialAction":[{"@type":"ReadAction","target":["https:\/\/taxne.com\/shipping-policy\/"]}]},{"@type":"BreadcrumbList","@id":"https:\/\/taxne.com\/shipping-policy\/#breadcrumb","itemListElement":[{"@type":"ListItem","position":1,"name":"\u9996\u9875","item":"https:\/\/taxne.com\/"},{"@type":"ListItem","position":2,"name":"Shipping Policy"}]},{"@type":"WebSite","@id":"https:\/\/taxne.com\/#website","url":"https:\/\/taxne.com\/","name":"taxne.com","description":"","publisher":{"@id":"https:\/\/taxne.com\/#organization"},"potentialAction":[{"@type":"SearchAction","target":{"@type":"EntryPoint","urlTemplate":"https:\/\/taxne.com\/?s={search_term_string}"},"query-input":{"@type":"PropertyValueSpecification","valueRequired":true,"valueName":"search_term_string"}}],"inLanguage":"it-IT"},{"@type":"Organization","@id":"https:\/\/taxne.com\/#organization","name":"taxne.com","url":"https:\/\/taxne.com\/","logo":{"@type":"ImageObject","inLanguage":"it-IT","@id":"https:\/\/taxne.com\/#\/schema\/logo\/image\/","url":"https:\/\/taxne.com\/wp-content\/uploads\/2025\/09\/cropped-logo.png","contentUrl":"https:\/\/taxne.com\/wp-content\/uploads\/2025\/09\/cropped-logo.png","width":1027,"height":270,"caption":"taxne.com"},"image":{"@id":"https:\/\/taxne.com\/#\/schema\/logo\/image\/"}}]}},"uagb_featured_image_src":{"full":false,"thumbnail":false,"medium":false,"medium_large":false,"large":false,"1536x1536":false,"2048x2048":false,"trp-custom-language-flag":false,"woocommerce_thumbnail":false,"woocommerce_single":false,"woocommerce_gallery_thumbnail":false},"uagb_author_info":{"display_name":"tianke1223@gmail.com","author_link":"https:\/\/taxne.com\/it\/author\/tianke1223gmail-com\/"},"uagb_comment_info":0,"uagb_excerpt":"SHIPPING POLICY A. Shipping Costs Processing time: Within 48 hours Freight: $9.9 Shipping fee: Free shipping on orders over $88.88 B. Transit, Handling &amp; Oders Cut Off Time All orders are processed within 1-2 business daysAll prices are in USDPlease note there could be slight During sale and holiday periods, delivery may take longer than&hellip;","jetpack_sharing_enabled":true,"_links":{"self":[{"href":"https:\/\/taxne.com\/it\/wp-json\/wp\/v2\/pages\/2126","targetHints":{"allow":["GET"]}}],"collection":[{"href":"https:\/\/taxne.com\/it\/wp-json\/wp\/v2\/pages"}],"about":[{"href":"https:\/\/taxne.com\/it\/wp-json\/wp\/v2\/types\/page"}],"author":[{"embeddable":true,"href":"https:\/\/taxne.com\/it\/wp-json\/wp\/v2\/users\/1"}],"replies":[{"embeddable":true,"href":"https:\/\/taxne.com\/it\/wp-json\/wp\/v2\/comments?post=2126"}],"version-history":[{"count":3,"href":"https:\/\/taxne.com\/it\/wp-json\/wp\/v2\/pages\/2126\/revisions"}],"predecessor-version":[{"id":8379,"href":"https:\/\/taxne.com\/it\/wp-json\/wp\/v2\/pages\/2126\/revisions\/8379"}],"wp:attachment":[{"href":"https:\/\/taxne.com\/it\/wp-json\/wp\/v2\/media?parent=2126"}],"curies":[{"name":"wp","href":"https:\/\/api.w.org\/{rel}","templated":true}]}}