{"id":2129,"date":"2024-07-15T03:55:40","date_gmt":"2024-07-15T03:55:40","guid":{"rendered":"https:\/\/taxne.com\/?page_id=2129"},"modified":"2025-09-10T09:05:04","modified_gmt":"2025-09-10T09:05:04","slug":"faqs","status":"publish","type":"page","link":"https:\/\/taxne.com\/it\/domande-frequenti\/","title":{"rendered":"Domande frequenti"},"content":{"rendered":"<h1 class=\"wp-block-heading\"><strong>SPEDIZIONE<\/strong><\/h1>\n\n\n\n<h3 class=\"wp-block-heading\"><strong>QUAL \u00c8 LO STATO DEL MIO ORDINE?<\/strong><\/h3>\n\n\n\n<p>Una volta effettuato l&#039;ordine, ti invieremo un&#039;e-mail di conferma per monitorare lo stato del tuo ordine. Una volta spedito il tuo ordine, ti invieremo un&#039;altra email insieme al collegamento per tracciare il tuo ordine. In alternativa, puoi monitorare lo stato del tuo ordine dalla sezione &quot;cronologia ordini&quot; nella pagina del tuo account sul sito web.<\/p>\n\n\n\n<h3 class=\"wp-block-heading\"><strong>EFFETTUATE LA SPEDIZIONE IN GIORNATA?<\/strong><\/h3>\n\n\n\n<p>Effettuiamo spedizioni in giornata a condizione che tu effettui l&#039;ordine entro le 12:00 di quel giorno.<\/p>\n\n\n\n<h3 class=\"wp-block-heading\"><strong>DOVE SPEDISTE?<\/strong><\/h3>\n\n\n\n<p>Attualmente spediamo negli Stati Uniti, Canada, Australia, Francia, Regno Unito e Germania. Per la spedizione al di fuori di questi paesi, contatta il nostro supporto clienti tramite il modulo di contatto.<\/p>\n\n\n\n<h3 class=\"wp-block-heading\"><strong>IL MIO ORDINE \u00c8 STATO RESTITUITO ALL&#039;ORIGINE (RTO). CHE COSA SIGNIFICA?<\/strong><\/h3>\n\n\n\n<p>Le spedizioni vengono considerate RTO (restituite all&#039;origine) nelle seguenti circostanze:<br>\u2013 La consegna \u00e8 stata tentata pi\u00f9 di una volta ma non \u00e8 stato possibile consegnarla a causa di un indirizzo errato o dell&#039;assenza di nessuno all&#039;indirizzo indicato<br>\u2013 Impossibile trovare l&#039;indirizzo perch\u00e9 incompleto oppure il codice PIN era errato<br>\u2013 Tu o qualcuno al tuo indirizzo di consegna avete rifiutato di accettare l&#039;ordine<br><br>In queste circostanze, il nostro team di assistenza clienti prover\u00e0 a contattarti al numero di telefono registrato. Se non c&#039;\u00e8 risposta a quel numero o non \u00e8 raggiungibile, il pacco viene restituito all&#039;origine.<\/p>\n\n\n\n<h3 class=\"wp-block-heading\"><strong>QUANTO TEMPO CI SERVER\u00c0 PER SPEDIRE IL MIO ORDINE?<\/strong><\/h3>\n\n\n\n<p>I tempi di consegna possono variare a seconda del luogo di consegna e del tipo di prodotto ordinato.<br>Normalmente, una volta effettuato l&#039;ordine, sono necessarie dalle 24 alle 36 ore per elaborarlo e contrassegnarlo come pronto per la consegna.<\/p>\n\n\n\n<h2 class=\"wp-block-heading\"><strong>ORDINE<\/strong><\/h2>\n\n\n\n<h3 class=\"wp-block-heading\"><strong>POSSO CAMBIARE IL MIO ORDINE?<\/strong><\/h3>\n\n\n\n<p>Possiamo modificare solo gli ordini che non sono stati ancora elaborati per la spedizione.<br><br>Per apportare modifiche al tuo ordine, contatta il supporto inviando la tua richiesta tramite il modulo &quot;contattaci&quot;.<\/p>\n\n\n\n<h3 class=\"wp-block-heading\"><strong>COME POSSO ANNULLARE IL MIO ORDINE?<\/strong><\/h3>\n\n\n\n<p>Se desideri annullare il tuo ordine, puoi inviare un&#039;e-mail o chiamare l&#039;assistenza clienti.<\/p>\n\n\n\n<h3 class=\"wp-block-heading\"><strong>COME POSSO AGGIUNGERE O RIMUOVERE I PRODOTTI DOPO AVER EFFETTUATO IL MIO ORDINE?<\/strong><\/h3>\n\n\n\n<p>Una volta effettuato l&#039;ordine non sar\u00e0 possibile apportare modifiche sul sito.<br>Contatta il nostro team di assistenza clienti tramite il modulo &quot;Contattaci&quot; per qualsiasi modifica dell&#039;ordine.<\/p>\n\n\n\n<h3 class=\"wp-block-heading\"><strong>COME POSSO MONITORARE LO STATO DI AVANZAMENTO DI UN ORDINE?<\/strong><\/h3>\n\n\n\n<p>Una volta che il tuo ordine \u00e8 stato spedito, riceverai un&#039;e-mail e una notifica di testo con i dettagli dell&#039;ordine. \u00c8 possibile monitorare la spedizione facendo clic sul collegamento fornito nell&#039;e-mail.<\/p>\n\n\n\n<p>Posso modificare il mio indirizzo di consegna dopo aver effettuato l&#039;ordine?<\/p>\n\n\n\n<p>Se il tuo ordine non \u00e8 stato ancora spedito, possiamo consegnarlo a un indirizzo diverso secondo la tua richiesta. Per saperne di pi\u00f9 puoi contattarci tramite il modulo &quot;contattaci&quot;.<\/p>\n\n\n\n<h2 class=\"wp-block-heading\"><strong>PAGAMENTO<\/strong><\/h2>\n\n\n\n<h3 class=\"wp-block-heading\">QUALI METODI DI PAGAMENTO ACCETTATE?<\/h3>\n\n\n\n<p>Puoi acquistare sul nostro sito web utilizzando una carta di debito, credito, net banking o UPI.<br><br>Inoltre, supportiamo Paypal, Amazon Pay, Apple Pay, Google Pay, Paytm e altri portafogli.<br><br>Puoi scegliere questi metodi di pagamento al momento del pagamento.<\/p>\n\n\n\n<h3 class=\"wp-block-heading\"><strong>COME POSSO PAGARE CON IL METODO CONTANTI ALLA CONSEGNA (COD)?<\/strong><\/h3>\n\n\n\n<p>Il pagamento con l&#039;opzione COD \u00e8 semplice. Basta seguire questi semplici passaggi:<br>Nel sito web, seleziona i prodotti che desideri acquistare, aggiungili al carrello, quindi nella pagina Pagamento e revisione ordini, seleziona Contrassegno (COD) come metodo di pagamento e fai clic sul pulsante &quot;COMPLETA ACQUISTO&quot;.<br>Una volta completata l&#039;approvazione, il tuo ordine verr\u00e0 spedito.<br>Una volta che il corriere avr\u00e0 consegnato l&#039;ordine, dovrai pagargli l&#039;intero importo dell&#039;ordine in contanti.<\/p>\n\n\n\n<h3 class=\"wp-block-heading\"><strong>\u00c8 SICURO UTILIZZARE LA MIA CARTA DI CREDITO\/DEBITO SU QUESTO SITO WEB?<\/strong><\/h3>\n\n\n\n<p>Utilizziamo servizi di elaborazione dei pagamenti di terze parti per elaborare tutte le transazioni di pagamento con carta di credito\/debito. Questi intermediari di pagamento sono conformi PCI, che \u00e8 il livello pi\u00f9 rigoroso di standard di certificazione che garantisce che i dati di tutti i titolari di carta vengano archiviati, elaborati e trasmessi in modo sicuro utilizzando la tecnologia di crittografia standard del settore.<\/p>\n\n\n\n<h3 class=\"wp-block-heading\"><strong>IN QUALE VALUTA SAR\u00d2 ADDEBITO?<\/strong><\/h3>\n\n\n\n<p>Al momento supportiamo solo le seguenti valute per l&#039;addebito ai nostri clienti nelle loro valute locali: USD, CAD ed EUR.<br>Se la tua carta di credito o debito utilizza un&#039;altra valuta, l&#039;addebito verr\u00e0 effettuato in USD, CAD o EUR, a seconda del sito web in cui ti trovi. La tua banca potrebbe applicare il tasso di conversione corrispondente della valuta scelta secondo la sua politica. Ti invitiamo a verificare con la tua banca gli addebiti esatti.<\/p>\n\n\n\n<h3 class=\"wp-block-heading\"><strong>CI SONO COSTI NASCOSTI?<\/strong><\/h3>\n\n\n\n<p>Non ci sono costi nascosti o spese di spedizione aggiuntive. Il prezzo totale indicato nella pagina del prodotto accanto alla fotografia \u00e8 il prezzo finale. Quello che vedi \u00e8 quello che paghi.<\/p>\n\n\n\n<h2 class=\"wp-block-heading\"><strong>RESI E CAMBI<\/strong><\/h2>\n\n\n\n<h3 class=\"wp-block-heading\"><strong>ACCETTATE RESI?<\/strong><\/h3>\n\n\n\n<p>S\u00ec, accettiamo resi soggetti al rispetto delle seguenti condizioni:<br><br>\u2013 L&#039;articolo deve essere stato venduto sul nostro negozio online<br>\u2013 L&#039;oggetto non avrebbe dovuto essere utilizzato in alcun modo<br>\u2013 L&#039;articolo deve avere la sua confezione originale con tutte le etichette, ecc.<br>\u2013 La richiesta di reso o cambio viene effettuata entro 7 giorni dalla consegna.<br><br>Per richiedere un reso, contatta l&#039;assistenza inviando la tua richiesta tramite il modulo &quot;contattaci&quot;. Un membro del nostro staff di supporto risponder\u00e0 il prima possibile.<\/p>\n\n\n\n<h3 class=\"wp-block-heading\"><strong>POSSO CAMBIARE UN ARTICOLO?<\/strong><\/h3>\n\n\n\n<p>Accettiamo cambi e seguono le stesse condizioni dei resi.<br><br>\u2013 L&#039;articolo deve essere stato venduto sul nostro negozio online<br>\u2013 L&#039;oggetto non avrebbe dovuto essere utilizzato in alcun modo<br>\u2013 L&#039;articolo deve essere nella sua confezione originale con tutte le etichette, ecc.<br>\u2013 La richiesta di reso o cambio viene effettuata entro 30 giorni dalla consegna<br><br>Per richiedere uno scambio, invia la tua richiesta tramite il modulo &quot;contattaci&quot;. Un membro del nostro staff di supporto risponder\u00e0 il prima possibile.<\/p>\n\n\n\n<h3 class=\"wp-block-heading\"><strong>COME POSSO EFFETTUARE UN RESO?<\/strong><\/h3>\n\n\n\n<p>Forniamo solo lo scambio di articoli secondo la nostra politica di scambio. Prima di effettuare l&#039;ordine ti consigliamo di leggere la nostra politica di spedizione e resi\/cambi.<\/p>\n\n\n\n<h3 class=\"wp-block-heading\"><strong>QUANDO RITIRETE IL MIO ORDINE DI RESO?<\/strong><\/h3>\n\n\n\n<p>Stiamo dando priorit\u00e0 ai nostri adempimenti e alle nostre operazioni per fornire i prodotti di cui i nostri clienti avrebbero bisogno mentre continuano a rimanere a casa. Ti avviseremo quando potremo programmare il ritiro della restituzione. Apprezziamo la tua pazienza a questo riguardo.<\/p>\n\n\n\n<h3 class=\"wp-block-heading\"><strong>I RESI SONO GRATUITI?<\/strong><\/h3>\n\n\n\n<p>S\u00ec, per maggiori dettagli leggi la nostra politica di restituzione e cambio. Oppure non esitate a contattare i nostri agenti di supporto tramite e-mail o tramite il modulo di contatto per maggiori dettagli.<\/p>\n\n\n\n<h2 class=\"wp-block-heading\">GENERALE<\/h2>\n\n\n\n<h3 class=\"wp-block-heading\"><strong>AVETE NEGOZI FISICI?<\/strong><\/h3>\n\n\n\n<p>Al momento non abbiamo negozi fisici con il nostro marchio. Tuttavia, abbiamo diversi distributori in Europa, Stati Uniti, Canada e India.<br>L&#039;elenco completo dei negozi che rivendono i nostri prodotti \u00e8 disponibile sulla nostra mappa di localizzazione dei negozi.<\/p>\n\n\n\n<h3 class=\"wp-block-heading\"><strong>OFFRETE UN PROGRAMMA DI REFERRAL? COME FUNZIONA?<\/strong><\/h3>\n\n\n\n<p>Abbiamo creato un programma di riferimento per ringraziare i nostri clienti per aver segnalato i loro amici e familiari.<br>Per ulteriori informazioni, consultare i termini e le condizioni del nostro programma di riferimento.<\/p>\n\n\n\n<h3 class=\"wp-block-heading\"><strong>ESISTE UNA GARANZIA?<\/strong><\/h3>\n\n\n\n<p>Garantiamo che qualsiasi prodotto realizzato da noi e venduto tramite il nostro negozio online sia privo di difetti.<\/p>\n\n\n\n<h3 class=\"wp-block-heading\"><strong>COME POSSO CONTATTARE IL SERVIZIO CLIENTI?<\/strong><\/h3>\n\n\n\n<p>Il nostro team di assistenza clienti \u00e8 disponibile tutta la settimana, tutti i sette giorni dalle 8:00 alle 18:00. Puoi contattarci via e-mail.<\/p>\n\n\n\n<h3 class=\"wp-block-heading\"><strong>POSSO UTILIZZARE PI\u00d9 COUPON SULLA STESSA TRANSAZIONE?<\/strong><\/h3>\n\n\n\n<p>\u00c8 possibile utilizzare un solo coupon per una singola transazione o per un carrello. Puoi tuttavia aggiungere pi\u00f9 articoli a un carrello per utilizzare un coupon e usufruire degli sconti.<\/p>","protected":false},"excerpt":{"rendered":"<p>SHIPPING WHAT IS THE STATUS OF MY ORDER? Once you have placed your order, we will send you a confirmation email to track the status of your order. Once your order is shipped we will send you another email along with the link to track your order. Or, you can track the status of your [&hellip;]<\/p>\n","protected":false},"author":1,"featured_media":0,"parent":0,"menu_order":0,"comment_status":"closed","ping_status":"closed","template":"","meta":{"_uag_custom_page_level_css":"","site-sidebar-layout":"default","site-content-layout":"","ast-site-content-layout":"default","site-content-style":"default","site-sidebar-style":"default","ast-global-header-display":"","ast-banner-title-visibility":"","ast-main-header-display":"","ast-hfb-above-header-display":"","ast-hfb-below-header-display":"","ast-hfb-mobile-header-display":"","site-post-title":"","ast-breadcrumbs-content":"","ast-featured-img":"","footer-sml-layout":"","ast-disable-related-posts":"","theme-transparent-header-meta":"","adv-header-id-meta":"","stick-header-meta":"","header-above-stick-meta":"","header-main-stick-meta":"","header-below-stick-meta":"","astra-migrate-meta-layouts":"set","ast-page-background-enabled":"default","ast-page-background-meta":{"desktop":{"background-color":"","background-image":"","background-repeat":"repeat","background-position":"center center","background-size":"auto","background-attachment":"scroll","background-type":"","background-media":"","overlay-type":"","overlay-color":"","overlay-opacity":"","overlay-gradient":""},"tablet":{"background-color":"","background-image":"","background-repeat":"repeat","background-position":"center center","background-size":"auto","background-attachment":"scroll","background-type":"","background-media":"","overlay-type":"","overlay-color":"","overlay-opacity":"","overlay-gradient":""},"mobile":{"background-color":"","background-image":"","background-repeat":"repeat","background-position":"center center","background-size":"auto","background-attachment":"scroll","background-type":"","background-media":"","overlay-type":"","overlay-color":"","overlay-opacity":"","overlay-gradient":""}},"ast-content-background-meta":{"desktop":{"background-color":"var(--ast-global-color-5)","background-image":"","background-repeat":"repeat","background-position":"center center","background-size":"auto","background-attachment":"scroll","background-type":"","background-media":"","overlay-type":"","overlay-color":"","overlay-opacity":"","overlay-gradient":""},"tablet":{"background-color":"var(--ast-global-color-5)","background-image":"","background-repeat":"repeat","background-position":"center center","background-size":"auto","background-attachment":"scroll","background-type":"","background-media":"","overlay-type":"","overlay-color":"","overlay-opacity":"","overlay-gradient":""},"mobile":{"background-color":"var(--ast-global-color-5)","background-image":"","background-repeat":"repeat","background-position":"center center","background-size":"auto","background-attachment":"scroll","background-type":"","background-media":"","overlay-type":"","overlay-color":"","overlay-opacity":"","overlay-gradient":""}},"footnotes":""},"class_list":["post-2129","page","type-page","status-publish","hentry"],"yoast_head":"<!-- This site is optimized with the Yoast SEO plugin v27.3 - https:\/\/yoast.com\/product\/yoast-seo-wordpress\/ -->\n<title>Herbal Soap FAQs | Shipping, Ingredients &amp; Usage Questions | Taxne<\/title>\n<meta name=\"description\" content=\"Find quick answers to your questions about Taxne herbal soaps. Learn about ingredients, shipping, returns, usage tips, and more. Can&#039;t find what you need? Our team is ready to help.\" \/>\n<meta name=\"robots\" content=\"index, follow, max-snippet:-1, max-image-preview:large, max-video-preview:-1\" \/>\n<link rel=\"canonical\" href=\"https:\/\/taxne.com\/it\/domande-frequenti\/\" \/>\n<meta property=\"og:locale\" content=\"it_IT\" \/>\n<meta property=\"og:type\" content=\"article\" \/>\n<meta property=\"og:title\" content=\"Herbal Soap FAQs | Shipping, Ingredients &amp; Usage Questions | Taxne\" \/>\n<meta property=\"og:description\" content=\"Find quick answers to your questions about Taxne herbal soaps. Learn about ingredients, shipping, returns, usage tips, and more. Can&#039;t find what you need? Our team is ready to help.\" \/>\n<meta property=\"og:url\" content=\"https:\/\/taxne.com\/it\/domande-frequenti\/\" \/>\n<meta property=\"article:modified_time\" content=\"2025-09-10T09:05:04+00:00\" \/>\n<meta name=\"twitter:card\" content=\"summary_large_image\" \/>\n<meta name=\"twitter:label1\" content=\"Tempo di lettura stimato\" \/>\n\t<meta name=\"twitter:data1\" content=\"7 minuti\" \/>\n<script type=\"application\/ld+json\" class=\"yoast-schema-graph\">{\"@context\":\"https:\\\/\\\/schema.org\",\"@graph\":[{\"@type\":\"WebPage\",\"@id\":\"https:\\\/\\\/taxne.com\\\/faqs\\\/\",\"url\":\"https:\\\/\\\/taxne.com\\\/faqs\\\/\",\"name\":\"Herbal Soap FAQs | Shipping, Ingredients & Usage Questions | Taxne\",\"isPartOf\":{\"@id\":\"https:\\\/\\\/taxne.com\\\/#website\"},\"datePublished\":\"2024-07-15T03:55:40+00:00\",\"dateModified\":\"2025-09-10T09:05:04+00:00\",\"description\":\"Find quick answers to your questions about Taxne herbal soaps. Learn about ingredients, shipping, returns, usage tips, and more. Can't find what you need? Our team is ready to help.\",\"breadcrumb\":{\"@id\":\"https:\\\/\\\/taxne.com\\\/faqs\\\/#breadcrumb\"},\"inLanguage\":\"it-IT\",\"potentialAction\":[{\"@type\":\"ReadAction\",\"target\":[\"https:\\\/\\\/taxne.com\\\/faqs\\\/\"]}]},{\"@type\":\"BreadcrumbList\",\"@id\":\"https:\\\/\\\/taxne.com\\\/faqs\\\/#breadcrumb\",\"itemListElement\":[{\"@type\":\"ListItem\",\"position\":1,\"name\":\"\u9996\u9875\",\"item\":\"https:\\\/\\\/taxne.com\\\/\"},{\"@type\":\"ListItem\",\"position\":2,\"name\":\"Faqs\"}]},{\"@type\":\"WebSite\",\"@id\":\"https:\\\/\\\/taxne.com\\\/#website\",\"url\":\"https:\\\/\\\/taxne.com\\\/\",\"name\":\"taxne.com\",\"description\":\"\",\"publisher\":{\"@id\":\"https:\\\/\\\/taxne.com\\\/#organization\"},\"potentialAction\":[{\"@type\":\"SearchAction\",\"target\":{\"@type\":\"EntryPoint\",\"urlTemplate\":\"https:\\\/\\\/taxne.com\\\/?s={search_term_string}\"},\"query-input\":{\"@type\":\"PropertyValueSpecification\",\"valueRequired\":true,\"valueName\":\"search_term_string\"}}],\"inLanguage\":\"it-IT\"},{\"@type\":\"Organization\",\"@id\":\"https:\\\/\\\/taxne.com\\\/#organization\",\"name\":\"taxne.com\",\"url\":\"https:\\\/\\\/taxne.com\\\/\",\"logo\":{\"@type\":\"ImageObject\",\"inLanguage\":\"it-IT\",\"@id\":\"https:\\\/\\\/taxne.com\\\/#\\\/schema\\\/logo\\\/image\\\/\",\"url\":\"https:\\\/\\\/taxne.com\\\/wp-content\\\/uploads\\\/2025\\\/09\\\/cropped-logo.png\",\"contentUrl\":\"https:\\\/\\\/taxne.com\\\/wp-content\\\/uploads\\\/2025\\\/09\\\/cropped-logo.png\",\"width\":1027,\"height\":270,\"caption\":\"taxne.com\"},\"image\":{\"@id\":\"https:\\\/\\\/taxne.com\\\/#\\\/schema\\\/logo\\\/image\\\/\"}}]}<\/script>\n<!-- \/ Yoast SEO plugin. -->","yoast_head_json":{"title":"Herbal Soap FAQs | Shipping, Ingredients & Usage Questions | Taxne","description":"Find quick answers to your questions about Taxne herbal soaps. Learn about ingredients, shipping, returns, usage tips, and more. Can't find what you need? Our team is ready to help.","robots":{"index":"index","follow":"follow","max-snippet":"max-snippet:-1","max-image-preview":"max-image-preview:large","max-video-preview":"max-video-preview:-1"},"canonical":"https:\/\/taxne.com\/it\/domande-frequenti\/","og_locale":"it_IT","og_type":"article","og_title":"Herbal Soap FAQs | Shipping, Ingredients & Usage Questions | Taxne","og_description":"Find quick answers to your questions about Taxne herbal soaps. Learn about ingredients, shipping, returns, usage tips, and more. Can't find what you need? Our team is ready to help.","og_url":"https:\/\/taxne.com\/it\/domande-frequenti\/","article_modified_time":"2025-09-10T09:05:04+00:00","twitter_card":"summary_large_image","twitter_misc":{"Tempo di lettura stimato":"7 minuti"},"schema":{"@context":"https:\/\/schema.org","@graph":[{"@type":"WebPage","@id":"https:\/\/taxne.com\/faqs\/","url":"https:\/\/taxne.com\/faqs\/","name":"Herbal Soap FAQs | Shipping, Ingredients & Usage Questions | Taxne","isPartOf":{"@id":"https:\/\/taxne.com\/#website"},"datePublished":"2024-07-15T03:55:40+00:00","dateModified":"2025-09-10T09:05:04+00:00","description":"Find quick answers to your questions about Taxne herbal soaps. Learn about ingredients, shipping, returns, usage tips, and more. Can't find what you need? Our team is ready to help.","breadcrumb":{"@id":"https:\/\/taxne.com\/faqs\/#breadcrumb"},"inLanguage":"it-IT","potentialAction":[{"@type":"ReadAction","target":["https:\/\/taxne.com\/faqs\/"]}]},{"@type":"BreadcrumbList","@id":"https:\/\/taxne.com\/faqs\/#breadcrumb","itemListElement":[{"@type":"ListItem","position":1,"name":"\u9996\u9875","item":"https:\/\/taxne.com\/"},{"@type":"ListItem","position":2,"name":"Faqs"}]},{"@type":"WebSite","@id":"https:\/\/taxne.com\/#website","url":"https:\/\/taxne.com\/","name":"taxne.com","description":"","publisher":{"@id":"https:\/\/taxne.com\/#organization"},"potentialAction":[{"@type":"SearchAction","target":{"@type":"EntryPoint","urlTemplate":"https:\/\/taxne.com\/?s={search_term_string}"},"query-input":{"@type":"PropertyValueSpecification","valueRequired":true,"valueName":"search_term_string"}}],"inLanguage":"it-IT"},{"@type":"Organization","@id":"https:\/\/taxne.com\/#organization","name":"taxne.com","url":"https:\/\/taxne.com\/","logo":{"@type":"ImageObject","inLanguage":"it-IT","@id":"https:\/\/taxne.com\/#\/schema\/logo\/image\/","url":"https:\/\/taxne.com\/wp-content\/uploads\/2025\/09\/cropped-logo.png","contentUrl":"https:\/\/taxne.com\/wp-content\/uploads\/2025\/09\/cropped-logo.png","width":1027,"height":270,"caption":"taxne.com"},"image":{"@id":"https:\/\/taxne.com\/#\/schema\/logo\/image\/"}}]}},"uagb_featured_image_src":{"full":false,"thumbnail":false,"medium":false,"medium_large":false,"large":false,"1536x1536":false,"2048x2048":false,"trp-custom-language-flag":false,"woocommerce_thumbnail":false,"woocommerce_single":false,"woocommerce_gallery_thumbnail":false},"uagb_author_info":{"display_name":"tianke1223@gmail.com","author_link":"https:\/\/taxne.com\/it\/author\/tianke1223gmail-com\/"},"uagb_comment_info":0,"uagb_excerpt":"SHIPPING WHAT IS THE STATUS OF MY ORDER? Once you have placed your order, we will send you a confirmation email to track the status of your order. Once your order is shipped we will send you another email along with the link to track your order. Or, you can track the status of your&hellip;","jetpack_sharing_enabled":true,"_links":{"self":[{"href":"https:\/\/taxne.com\/it\/wp-json\/wp\/v2\/pages\/2129","targetHints":{"allow":["GET"]}}],"collection":[{"href":"https:\/\/taxne.com\/it\/wp-json\/wp\/v2\/pages"}],"about":[{"href":"https:\/\/taxne.com\/it\/wp-json\/wp\/v2\/types\/page"}],"author":[{"embeddable":true,"href":"https:\/\/taxne.com\/it\/wp-json\/wp\/v2\/users\/1"}],"replies":[{"embeddable":true,"href":"https:\/\/taxne.com\/it\/wp-json\/wp\/v2\/comments?post=2129"}],"version-history":[{"count":2,"href":"https:\/\/taxne.com\/it\/wp-json\/wp\/v2\/pages\/2129\/revisions"}],"predecessor-version":[{"id":2131,"href":"https:\/\/taxne.com\/it\/wp-json\/wp\/v2\/pages\/2129\/revisions\/2131"}],"wp:attachment":[{"href":"https:\/\/taxne.com\/it\/wp-json\/wp\/v2\/media?parent=2129"}],"curies":[{"name":"wp","href":"https:\/\/api.w.org\/{rel}","templated":true}]}}