{"id":3,"date":"2024-07-11T14:22:53","date_gmt":"2024-07-11T14:22:53","guid":{"rendered":"https:\/\/taxne.com\/?page_id=3"},"modified":"2025-09-10T09:10:18","modified_gmt":"2025-09-10T09:10:18","slug":"privacy-policy","status":"publish","type":"page","link":"https:\/\/taxne.com\/it\/politica-sulla-riservatezza\/","title":{"rendered":"politica sulla riservatezza"},"content":{"rendered":"<h3 class=\"wp-block-heading\">politica sulla riservatezza<\/h3>\n\n\n\n<p>Il sito Taxne.com \u00e8 di propriet\u00e0 di Taxne, che \u00e8 titolare del trattamento dei tuoi dati personali.<\/p>\n\n\n\n<p>Abbiamo adottato la presente Informativa sulla privacy, che determina il modo in cui trattiamo le informazioni raccolte da Taxne.com, e che fornisce anche i motivi per cui dobbiamo raccogliere determinati dati personali su di te. Pertanto, \u00e8 necessario leggere la presente Informativa sulla privacy prima di utilizzare il sito Taxne.com.<\/p>\n\n\n\n<p>Ci prendiamo cura dei tuoi dati personali e ci impegniamo a garantirne la riservatezza e la sicurezza.<\/p>\n\n\n\n<h6 class=\"wp-block-heading\">Informazioni personali che raccogliamo:<\/h6>\n\n\n\n<p>Quando visiti Taxne.com, raccogliamo automaticamente alcune informazioni sul tuo dispositivo, comprese informazioni sul tuo browser web, indirizzo IP, fuso orario e alcuni dei cookie installati sul tuo dispositivo. Inoltre, mentre navighi nel Sito, raccogliamo informazioni sulle singole pagine web o sui prodotti che visualizzi, quali siti web o termini di ricerca ti hanno indirizzato al Sito e come interagisci con il Sito. Ci riferiamo a queste informazioni raccolte automaticamente come &quot;Informazioni sul dispositivo&quot;. Inoltre, potremmo raccogliere i dati personali che ci fornisci (inclusi ma non limitati a Nome, Cognome, Indirizzo, informazioni di pagamento, ecc.) durante la registrazione per poter adempiere al contratto.<\/p>\n\n\n\n<h6 class=\"wp-block-heading\">Perch\u00e9 trattiamo i tuoi dati?<\/h6>\n\n\n\n<p>La nostra massima priorit\u00e0 \u00e8 la sicurezza dei dati dei clienti e, come tale, possiamo elaborare solo i dati utente minimi, solo quanto \u00e8 assolutamente necessario per mantenere il sito web. Le informazioni raccolte automaticamente vengono utilizzate solo per identificare potenziali casi di abuso e stabilire informazioni statistiche sull&#039;utilizzo del sito web. Queste informazioni statistiche non vengono altrimenti aggregate in modo tale da identificare un particolare utente del sistema.<\/p>\n\n\n\n<p>Puoi visitare il sito web senza dirci chi sei o rivelare alcuna informazione con la quale qualcuno potrebbe identificarti come individuo specifico e identificabile. Se, tuttavia, desideri utilizzare alcune funzionalit\u00e0 del sito web, o desideri ricevere la nostra newsletter o fornire altri dettagli compilando un modulo, potresti fornirci dati personali, come la tua email, nome, cognome, citt\u00e0 di residenza, organizzazione, numero di telefono. Puoi scegliere di non fornirci i tuoi dati personali, ma in questo caso potresti non essere in grado di sfruttare alcune delle funzionalit\u00e0 del sito web. Ad esempio, non potrai ricevere la nostra Newsletter o contattarci direttamente dal sito. Gli utenti che non sono sicuri su quali informazioni siano obbligatorie sono invitati a contattarci tramite <a target=\"_blank\" href=\"mailto:tianke1223@gmail.com\" rel=\"noreferrer noopener\">tianke1223@gmail.com<\/a>.<\/p>\n\n\n\n<h6 class=\"wp-block-heading\">I tuoi diritti:<\/h6>\n\n\n\n<p>Se risiedi in Europa, hai i seguenti diritti relativi ai tuoi dati personali:<\/p>\n\n\n\n<ul class=\"wp-block-list\">\n<li>Il diritto ad essere informati.<\/li>\n\n\n\n<li>Il diritto di accesso.<\/li>\n\n\n\n<li>Il diritto di rettifica.<\/li>\n\n\n\n<li>Il diritto alla cancellazione.<\/li>\n\n\n\n<li>Il diritto di limitare il trattamento.<\/li>\n\n\n\n<li>Il diritto alla portabilit\u00e0 dei dati.<\/li>\n\n\n\n<li>Il diritto di opposizione.<\/li>\n\n\n\n<li>Diritti in relazione al processo decisionale automatizzato e alla profilazione.<\/li>\n<\/ul>\n\n\n\n<p>Se desideri esercitare questo diritto, ti preghiamo di contattarci tramite le informazioni di contatto riportate di seguito.<\/p>\n\n\n\n<p>Inoltre, se risiedi in Europa, notiamo che stiamo elaborando le tue informazioni al fine di adempiere ai contratti che potremmo avere con te (ad esempio, se effettui un ordine tramite il Sito) o altrimenti per perseguire i nostri legittimi interessi commerciali elencati Sopra. Inoltre, tieni presente che le tue informazioni potrebbero essere trasferite al di fuori dell&#039;Europa, inclusi Canada e Stati Uniti.<\/p>\n\n\n\n<h6 class=\"wp-block-heading\">Link ad altri siti web:<\/h6>\n\n\n\n<p>Il nostro sito Web pu\u00f2 contenere collegamenti ad altri siti Web che non sono di nostra propriet\u00e0 o controllati. Tieni presente che non siamo responsabili di tali altri siti Web o delle pratiche sulla privacy di terze parti. Ti invitiamo a essere consapevole quando lasci il nostro sito Web e a leggere le informative sulla privacy di ciascun sito Web che potrebbe raccogliere informazioni personali.<\/p>\n\n\n\n<h6 class=\"wp-block-heading\">Informazioni di sicurezza:<\/h6>\n\n\n\n<p>Proteggiamo le informazioni fornite sui server dei computer in un ambiente controllato e sicuro, protetto da accesso, utilizzo o divulgazione non autorizzati. Manteniamo ragionevoli garanzie amministrative, tecniche e fisiche per proteggere da accessi non autorizzati, utilizzo, modifica e divulgazione di dati personali sotto il suo controllo e custodia. Tuttavia non \u00e8 possibile garantire la trasmissione dei dati tramite Internet o rete wireless.<\/p>\n\n\n\n<h6 class=\"wp-block-heading\">Informativa legale:<\/h6>\n\n\n\n<p>Divulgheremo tutte le informazioni che raccogliamo, utilizziamo o riceviamo se richiesto o consentito dalla legge, ad esempio per ottemperare a un mandato di comparizione o a un processo legale simile e quando riteniamo in buona fede che la divulgazione sia necessaria per proteggere i nostri diritti, proteggere la vostra sicurezza o la sicurezza degli altri, indagare su frodi o rispondere a una richiesta del governo.<\/p>\n\n\n\n<h6 class=\"wp-block-heading\">Informazioni sui contatti:<\/h6>\n\n\n\n<p>Se desideri contattarci per saperne di pi\u00f9 su questa Politica o desideri contattarci per qualsiasi questione relativa ai diritti individuali e alle tue informazioni personali, puoi inviare un&#039;e-mail a <a target=\"_blank\" href=\"mailto:tianke1223@gmail.com\" rel=\"noreferrer noopener\">tianke1223@gmail.com<\/a>.<\/p>","protected":false},"excerpt":{"rendered":"<p>Privacy Policy Taxne.com website is owned by Taxne, which is a data controller of your personal data. We have adopted this Privacy Policy, which determines how we are processing the information collected by Taxne.com, which also provides the reasons why we must collect certain personal data about you. Therefore, you must read this Privacy Policy [&hellip;]<\/p>\n","protected":false},"author":1,"featured_media":0,"parent":0,"menu_order":0,"comment_status":"closed","ping_status":"closed","template":"","meta":{"_uag_custom_page_level_css":"","site-sidebar-layout":"default","site-content-layout":"","ast-site-content-layout":"default","site-content-style":"default","site-sidebar-style":"default","ast-global-header-display":"","ast-banner-title-visibility":"","ast-main-header-display":"","ast-hfb-above-header-display":"","ast-hfb-below-header-display":"","ast-hfb-mobile-header-display":"","site-post-title":"","ast-breadcrumbs-content":"","ast-featured-img":"","footer-sml-layout":"","ast-disable-related-posts":"","theme-transparent-header-meta":"","adv-header-id-meta":"","stick-header-meta":"","header-above-stick-meta":"","header-main-stick-meta":"","header-below-stick-meta":"","astra-migrate-meta-layouts":"set","ast-page-background-enabled":"default","ast-page-background-meta":{"desktop":{"background-color":"","background-image":"","background-repeat":"repeat","background-position":"center center","background-size":"auto","background-attachment":"scroll","background-type":"","background-media":"","overlay-type":"","overlay-color":"","overlay-opacity":"","overlay-gradient":""},"tablet":{"background-color":"","background-image":"","background-repeat":"repeat","background-position":"center center","background-size":"auto","background-attachment":"scroll","background-type":"","background-media":"","overlay-type":"","overlay-color":"","overlay-opacity":"","overlay-gradient":""},"mobile":{"background-color":"","background-image":"","background-repeat":"repeat","background-position":"center center","background-size":"auto","background-attachment":"scroll","background-type":"","background-media":"","overlay-type":"","overlay-color":"","overlay-opacity":"","overlay-gradient":""}},"ast-content-background-meta":{"desktop":{"background-color":"var(--ast-global-color-5)","background-image":"","background-repeat":"repeat","background-position":"center center","background-size":"auto","background-attachment":"scroll","background-type":"","background-media":"","overlay-type":"","overlay-color":"","overlay-opacity":"","overlay-gradient":""},"tablet":{"background-color":"var(--ast-global-color-5)","background-image":"","background-repeat":"repeat","background-position":"center center","background-size":"auto","background-attachment":"scroll","background-type":"","background-media":"","overlay-type":"","overlay-color":"","overlay-opacity":"","overlay-gradient":""},"mobile":{"background-color":"var(--ast-global-color-5)","background-image":"","background-repeat":"repeat","background-position":"center center","background-size":"auto","background-attachment":"scroll","background-type":"","background-media":"","overlay-type":"","overlay-color":"","overlay-opacity":"","overlay-gradient":""}},"footnotes":""},"class_list":["post-3","page","type-page","status-publish","hentry"],"yoast_head":"<!-- This site is optimized with the Yoast SEO plugin v27.3 - https:\/\/yoast.com\/product\/yoast-seo-wordpress\/ -->\n<title>Privacy Policy | Your Data Security &amp; Protection | Taxne<\/title>\n<meta name=\"description\" content=\"Read Taxne&#039;s Privacy Policy to understand how we collect, use, and protect your personal information. We are committed to transparency and GDPR compliance. Your privacy is our priority.\" \/>\n<meta name=\"robots\" content=\"index, follow, max-snippet:-1, max-image-preview:large, max-video-preview:-1\" \/>\n<link rel=\"canonical\" href=\"https:\/\/taxne.com\/it\/politica-sulla-riservatezza\/\" \/>\n<meta property=\"og:locale\" content=\"it_IT\" \/>\n<meta property=\"og:type\" content=\"article\" \/>\n<meta property=\"og:title\" content=\"Privacy Policy | Your Data Security &amp; Protection | Taxne\" \/>\n<meta property=\"og:description\" content=\"Read Taxne&#039;s Privacy Policy to understand how we collect, use, and protect your personal information. We are committed to transparency and GDPR compliance. Your privacy is our priority.\" \/>\n<meta property=\"og:url\" content=\"https:\/\/taxne.com\/it\/politica-sulla-riservatezza\/\" \/>\n<meta property=\"article:modified_time\" content=\"2025-09-10T09:10:18+00:00\" \/>\n<meta name=\"twitter:card\" content=\"summary_large_image\" \/>\n<meta name=\"twitter:label1\" content=\"Tempo di lettura stimato\" \/>\n\t<meta name=\"twitter:data1\" content=\"5 minuti\" \/>\n<script type=\"application\/ld+json\" class=\"yoast-schema-graph\">{\"@context\":\"https:\\\/\\\/schema.org\",\"@graph\":[{\"@type\":\"WebPage\",\"@id\":\"https:\\\/\\\/taxne.com\\\/privacy-policy\\\/\",\"url\":\"https:\\\/\\\/taxne.com\\\/privacy-policy\\\/\",\"name\":\"Privacy Policy | Your Data Security & Protection | Taxne\",\"isPartOf\":{\"@id\":\"https:\\\/\\\/taxne.com\\\/#website\"},\"datePublished\":\"2024-07-11T14:22:53+00:00\",\"dateModified\":\"2025-09-10T09:10:18+00:00\",\"description\":\"Read Taxne's Privacy Policy to understand how we collect, use, and protect your personal information. We are committed to transparency and GDPR compliance. Your privacy is our priority.\",\"breadcrumb\":{\"@id\":\"https:\\\/\\\/taxne.com\\\/privacy-policy\\\/#breadcrumb\"},\"inLanguage\":\"it-IT\",\"potentialAction\":[{\"@type\":\"ReadAction\",\"target\":[\"https:\\\/\\\/taxne.com\\\/privacy-policy\\\/\"]}]},{\"@type\":\"BreadcrumbList\",\"@id\":\"https:\\\/\\\/taxne.com\\\/privacy-policy\\\/#breadcrumb\",\"itemListElement\":[{\"@type\":\"ListItem\",\"position\":1,\"name\":\"\u9996\u9875\",\"item\":\"https:\\\/\\\/taxne.com\\\/\"},{\"@type\":\"ListItem\",\"position\":2,\"name\":\"Privacy Policy\"}]},{\"@type\":\"WebSite\",\"@id\":\"https:\\\/\\\/taxne.com\\\/#website\",\"url\":\"https:\\\/\\\/taxne.com\\\/\",\"name\":\"taxne.com\",\"description\":\"\",\"publisher\":{\"@id\":\"https:\\\/\\\/taxne.com\\\/#organization\"},\"potentialAction\":[{\"@type\":\"SearchAction\",\"target\":{\"@type\":\"EntryPoint\",\"urlTemplate\":\"https:\\\/\\\/taxne.com\\\/?s={search_term_string}\"},\"query-input\":{\"@type\":\"PropertyValueSpecification\",\"valueRequired\":true,\"valueName\":\"search_term_string\"}}],\"inLanguage\":\"it-IT\"},{\"@type\":\"Organization\",\"@id\":\"https:\\\/\\\/taxne.com\\\/#organization\",\"name\":\"taxne.com\",\"url\":\"https:\\\/\\\/taxne.com\\\/\",\"logo\":{\"@type\":\"ImageObject\",\"inLanguage\":\"it-IT\",\"@id\":\"https:\\\/\\\/taxne.com\\\/#\\\/schema\\\/logo\\\/image\\\/\",\"url\":\"https:\\\/\\\/taxne.com\\\/wp-content\\\/uploads\\\/2025\\\/09\\\/cropped-logo.png\",\"contentUrl\":\"https:\\\/\\\/taxne.com\\\/wp-content\\\/uploads\\\/2025\\\/09\\\/cropped-logo.png\",\"width\":1027,\"height\":270,\"caption\":\"taxne.com\"},\"image\":{\"@id\":\"https:\\\/\\\/taxne.com\\\/#\\\/schema\\\/logo\\\/image\\\/\"}}]}<\/script>\n<!-- \/ Yoast SEO plugin. -->","yoast_head_json":{"title":"Privacy Policy | Your Data Security & Protection | Taxne","description":"Read Taxne's Privacy Policy to understand how we collect, use, and protect your personal information. We are committed to transparency and GDPR compliance. Your privacy is our priority.","robots":{"index":"index","follow":"follow","max-snippet":"max-snippet:-1","max-image-preview":"max-image-preview:large","max-video-preview":"max-video-preview:-1"},"canonical":"https:\/\/taxne.com\/it\/politica-sulla-riservatezza\/","og_locale":"it_IT","og_type":"article","og_title":"Privacy Policy | Your Data Security & Protection | Taxne","og_description":"Read Taxne's Privacy Policy to understand how we collect, use, and protect your personal information. We are committed to transparency and GDPR compliance. Your privacy is our priority.","og_url":"https:\/\/taxne.com\/it\/politica-sulla-riservatezza\/","article_modified_time":"2025-09-10T09:10:18+00:00","twitter_card":"summary_large_image","twitter_misc":{"Tempo di lettura stimato":"5 minuti"},"schema":{"@context":"https:\/\/schema.org","@graph":[{"@type":"WebPage","@id":"https:\/\/taxne.com\/privacy-policy\/","url":"https:\/\/taxne.com\/privacy-policy\/","name":"Privacy Policy | Your Data Security & Protection | Taxne","isPartOf":{"@id":"https:\/\/taxne.com\/#website"},"datePublished":"2024-07-11T14:22:53+00:00","dateModified":"2025-09-10T09:10:18+00:00","description":"Read Taxne's Privacy Policy to understand how we collect, use, and protect your personal information. We are committed to transparency and GDPR compliance. Your privacy is our priority.","breadcrumb":{"@id":"https:\/\/taxne.com\/privacy-policy\/#breadcrumb"},"inLanguage":"it-IT","potentialAction":[{"@type":"ReadAction","target":["https:\/\/taxne.com\/privacy-policy\/"]}]},{"@type":"BreadcrumbList","@id":"https:\/\/taxne.com\/privacy-policy\/#breadcrumb","itemListElement":[{"@type":"ListItem","position":1,"name":"\u9996\u9875","item":"https:\/\/taxne.com\/"},{"@type":"ListItem","position":2,"name":"Privacy Policy"}]},{"@type":"WebSite","@id":"https:\/\/taxne.com\/#website","url":"https:\/\/taxne.com\/","name":"taxne.com","description":"","publisher":{"@id":"https:\/\/taxne.com\/#organization"},"potentialAction":[{"@type":"SearchAction","target":{"@type":"EntryPoint","urlTemplate":"https:\/\/taxne.com\/?s={search_term_string}"},"query-input":{"@type":"PropertyValueSpecification","valueRequired":true,"valueName":"search_term_string"}}],"inLanguage":"it-IT"},{"@type":"Organization","@id":"https:\/\/taxne.com\/#organization","name":"taxne.com","url":"https:\/\/taxne.com\/","logo":{"@type":"ImageObject","inLanguage":"it-IT","@id":"https:\/\/taxne.com\/#\/schema\/logo\/image\/","url":"https:\/\/taxne.com\/wp-content\/uploads\/2025\/09\/cropped-logo.png","contentUrl":"https:\/\/taxne.com\/wp-content\/uploads\/2025\/09\/cropped-logo.png","width":1027,"height":270,"caption":"taxne.com"},"image":{"@id":"https:\/\/taxne.com\/#\/schema\/logo\/image\/"}}]}},"uagb_featured_image_src":{"full":false,"thumbnail":false,"medium":false,"medium_large":false,"large":false,"1536x1536":false,"2048x2048":false,"trp-custom-language-flag":false,"woocommerce_thumbnail":false,"woocommerce_single":false,"woocommerce_gallery_thumbnail":false},"uagb_author_info":{"display_name":"tianke1223@gmail.com","author_link":"https:\/\/taxne.com\/it\/author\/tianke1223gmail-com\/"},"uagb_comment_info":0,"uagb_excerpt":"Privacy Policy Taxne.com website is owned by Taxne, which is a data controller of your personal data. We have adopted this Privacy Policy, which determines how we are processing the information collected by Taxne.com, which also provides the reasons why we must collect certain personal data about you. Therefore, you must read this Privacy Policy&hellip;","jetpack_sharing_enabled":true,"_links":{"self":[{"href":"https:\/\/taxne.com\/it\/wp-json\/wp\/v2\/pages\/3","targetHints":{"allow":["GET"]}}],"collection":[{"href":"https:\/\/taxne.com\/it\/wp-json\/wp\/v2\/pages"}],"about":[{"href":"https:\/\/taxne.com\/it\/wp-json\/wp\/v2\/types\/page"}],"author":[{"embeddable":true,"href":"https:\/\/taxne.com\/it\/wp-json\/wp\/v2\/users\/1"}],"replies":[{"embeddable":true,"href":"https:\/\/taxne.com\/it\/wp-json\/wp\/v2\/comments?post=3"}],"version-history":[{"count":1,"href":"https:\/\/taxne.com\/it\/wp-json\/wp\/v2\/pages\/3\/revisions"}],"predecessor-version":[{"id":2118,"href":"https:\/\/taxne.com\/it\/wp-json\/wp\/v2\/pages\/3\/revisions\/2118"}],"wp:attachment":[{"href":"https:\/\/taxne.com\/it\/wp-json\/wp\/v2\/media?parent=3"}],"curies":[{"name":"wp","href":"https:\/\/api.w.org\/{rel}","templated":true}]}}