{"id":7238,"date":"2024-10-15T07:12:07","date_gmt":"2024-10-15T07:12:07","guid":{"rendered":"https:\/\/taxne.com\/?post_type=product&#038;p=7238"},"modified":"2026-01-26T09:16:34","modified_gmt":"2026-01-26T09:16:34","slug":"999-cold-medicine-999-gan-mao-ling-chinese-cold-remedy-granules-10-boxes","status":"publish","type":"product","link":"https:\/\/taxne.com\/it\/prodotto\/999-medicina-per-il-raffreddore-999-gan-mao-ling-rimedio-cinese-per-il-raffreddore-granuli-10-scatole\/","title":{"rendered":"999 Medicina del raffreddore \u2013 999 Gan Mao Ling | Granuli di rimedio cinese per il raffreddore 10 scatole"},"content":{"rendered":"<p><a href=\"https:\/\/laxne.com\/goods?text=999%E6%84%9F%E5%86%92%E7%81%B5\">999 cold medicine<\/a> &#8211; <a href=\"https:\/\/laxne.com\/goods?text=999%E6%84%9F%E5%86%92%E7%81%B5\">999 gan mao ling<\/a>,999 cold remedy granular,999 Cold Remedy,999 chinese cold medicine,<a href=\"https:\/\/laxne.com\/goods?text=999%E6%84%9F%E5%86%92%E7%81%B5\">999 Gan Mao Ling Ke Li<\/a><br \/>\nEffetti<br \/>\nGan Mao Ling Ke Li ha effetti antipiretici e analgesici e pu\u00f2 essere utilizzato per mal di testa, febbre, congestione nasale, naso che cola, mal di gola, ecc. causati da raffreddore<br \/>\nPrecauzioni<br \/>\nDurante la terapia farmacologica si devono evitare tabacco, alcol, cibi piccanti, freddi e grassi.<br \/>\nChi non dovrebbe usare Gan Mao Ling Ke Li?<br \/>\n\u00b7Il prodotto \u00e8 vietato alle persone allergiche.<br \/>\n\u00b7\u00c8 vietato l&#039;ingresso alle persone con gravi disfunzioni epatiche e renali.<br \/>\nChi dovrebbe usare Gan Mao Ling Ke Li con cautela?<br \/>\n\u00b7Le persone con disfunzioni epatiche e renali devono usarlo con cautela.<br \/>\n\u00b7I soggetti affetti da ostruzione del collo vescicale, ipertiroidismo, glaucoma, ipertensione e ipertrofia della prostata devono utilizzarlo con cautela.<br \/>\nLe donne incinte e in allattamento devono usarlo con cautela.<br \/>\nLe persone con deficit di milza e stomaco, dolori addominali, preferenza per il calore e diarrea devono usarlo con cautela.<br \/>\nLe persone affette da diabete, ulcera peptica e ostruzione duodenale pilorica devono utilizzarlo con cautela.<br \/>\nLe persone con una costituzione allergica devono usarlo con cautela.<br \/>\nI gruppi speciali possono utilizzare i granuli Ganmaoling?<br \/>\nDonne incinte e in allattamento: Le donne incinte e in allattamento devono usare con cautela. Se sei incinta, stai pianificando una gravidanza o stai allattando, informa il tuo medico per tempo.<br \/>\nE consultatevi per scegliere il miglior piano di trattamento.<br \/>\n\u00b7Bambini: la somministrazione dei farmaci ai bambini deve essere effettuata sotto la supervisione di un medico e di un adulto.<br \/>\nCon quali farmaci interagisce Ganmaoling Granules?<br \/>\nSi sconsiglia di assumere contemporaneamente farmaci tonici cinesi.<br \/>\nSe questo prodotto viene utilizzato contemporaneamente ad altri farmaci, potrebbero verificarsi interazioni farmacologiche. Pertanto, se si stanno assumendo altri farmaci, consultare un medico prima di assumere il medicinale e informare il medico di tutte le malattie confermate e dei piani di trattamento che si stanno ricevendo.<br \/>\nUso e dosaggio<br \/>\nPer bambini, anziani e donne che allattano, consultare un medico per farmaci specifici. Non assumere farmaci a volont\u00e0.<br \/>\nQuali sono le forme di dosaggio o le specifiche dei granuli Ganmaoling?<br \/>\nGranuli di Ganmaoling: ogni bustina pesa 10 g (contiene 0,2 g di paracetamolo, 4 mg di clorfeniramina maleato e 4 mg di caffeina).<br \/>\nQual \u00e8 l&#039;uso specifico dei granuli Ganmaoling?<br \/>\nAssumerlo con acqua bollita, 1 bustina alla volta, 3 volte al giorno. Per i bambini, ridurre il dosaggio o seguire il consiglio del medico.<br \/>\nIstruzioni per l&#039;uso<br \/>\nQuesto prodotto \u00e8 vietato quando le sue propriet\u00e0 cambiano. Si prega di tenere questo prodotto fuori dalla portata dei bambini. Se i sintomi non migliorano dopo aver assunto il medicinale per 3 giorni, o addirittura peggiorano, o compaiono nuovi sintomi gravi (come costrizione toracica, palpitazioni cardiache, ecc.), il medicinale deve essere interrotto immediatamente e andare in ospedale per le cure.<br \/>\nCosa devo fare se dimentico di assumere Ganmao Ling Granules?<br \/>\nSe il tempo di assunzione della dose dimenticata \u00e8 breve, si prega di recuperarla il prima possibile, ma se \u00e8 quasi l&#039;ora della dose successiva (pi\u00f9 della met\u00e0 dell&#039;intervallo tra due dosi normali), si prega di saltare la dose dimenticata e di assumere il medicinale direttamente all&#039;orario della dose successiva.<br \/>\nRicordatevi di non assumere due dosi contemporaneamente per evitare reazioni tossiche.<br \/>\nIn caso di dubbi sul dosaggio, consultare un medico o un farmacista.<br \/>\nCosa devo fare se assumo una dose eccessiva di Ganmao Ling Granules?<br \/>\nSe il dosaggio supera di 1 volta il dosaggio specificato nelle istruzioni del farmaco, o supera il dosaggio prescritto dal medico, si tratta di un sovradosaggio di farmaco. Quando si assume un sovradosaggio del farmaco, se non si avverte alcun disagio, si raccomanda di continuare a osservare e interrompere l&#039;assunzione del medicinale la volta successiva; se si avverte disagio, non si attenua dopo l&#039;interruzione del farmaco e si dovrebbe andare in ospedale per le cure.<br \/>\nQuali sono le reazioni avverse dei granuli di Ganmao Ling?<br \/>\nOccasionalmente si possono osservare rash cutanei, orticaria, febbre da farmaco e granulocitopenia.<br \/>\nSi possono osservare sonnolenza, letargia, sete e debolezza;<br \/>\nL&#039;uso prolungato e su larga scala del farmaco pu\u00f2 portare a funzionalit\u00e0 epatica e renale anomale.<br \/>\nSe si avverte qualsiasi fastidio durante l&#039;assunzione del farmaco, consultare tempestivamente un medico.<br \/>\nIn quali circostanze \u00e8 opportuno interrompere immediatamente l&#039;uso di Ganmao Ling Granules?<br \/>\nDopo aver assunto il farmaco, se si verificano sintomi di danno Yin come secchezza delle fauci e della lingua, mani e piedi caldi o altri disagi fisici, interrompere l&#039;assunzione del farmaco e osservare. Inoltre, si possono verificare altri effetti collaterali. Se ci si sente a disagio dopo aver assunto il farmaco, informare tempestivamente il medico. Il medico valuter\u00e0 se interrompere l&#039;assunzione del farmaco o adottare le misure necessarie in base alla gravit\u00e0 della reazione avversa.<br \/>\nIn quali circostanze \u00e8 necessario recarsi in ospedale il prima possibile?<br \/>\nSe i sintomi non migliorano dopo aver assunto il farmaco per tre giorni, o se la condizione peggiora, dovresti recarti in ospedale per le cure. Inoltre, se si verificano altre reazioni avverse durante la somministrazione del farmaco, ti preghiamo di cercare assistenza medica in tempo.<\/p>","protected":false},"excerpt":{"rendered":"<p><a href=\"https:\/\/laxne.com\/goods?text=999%E6%84%9F%E5%86%92%E7%81%B5\">999 Ganmao Ling Ke Li<\/a><br \/>\nEffetti<br \/>\nGanmao Ling Ke Li ha effetti antipiretici e analgesici e pu\u00f2 essere utilizzato per mal di testa, febbre, congestione nasale, naso che cola, mal di gola, ecc. causati da raffreddore<br \/>\nPrecauzioni<br \/>\nDurante la terapia farmacologica si devono evitare tabacco, alcol, cibi piccanti, freddi e grassi.<br \/>\nChi non dovrebbe usare Ganmao Ling Ke Li?<br \/>\n\u00b7Il prodotto \u00e8 vietato alle persone allergiche.<br \/>\n\u00b7\u00c8 vietato l&#039;ingresso alle persone con gravi disfunzioni epatiche e renali.<br \/>\nChi dovrebbe usare Ganmao Ling Ke Li con cautela?<br \/>\n\u00b7Le persone con disfunzioni epatiche e renali devono usarlo con cautela.<br \/>\n\u00b7I soggetti affetti da ostruzione del collo vescicale, ipertiroidismo, glaucoma, ipertensione e ipertrofia della prostata devono utilizzarlo con cautela.<br \/>\nLe donne incinte e in allattamento devono usarlo con cautela.<br \/>\nLe persone con deficit di milza e stomaco, dolori addominali, preferenza per il calore e diarrea devono usarlo con cautela.<br \/>\nLe persone affette da diabete, ulcera peptica e ostruzione duodenale pilorica devono utilizzarlo con cautela.<br \/>\nLe persone con una costituzione allergica devono usarlo con cautela.<\/p>","protected":false},"featured_media":7242,"comment_status":"open","ping_status":"closed","template":"","meta":{"_uag_custom_page_level_css":"","site-sidebar-layout":"default","site-content-layout":"","ast-site-content-layout":"default","site-content-style":"default","site-sidebar-style":"default","ast-global-header-display":"","ast-banner-title-visibility":"","ast-main-header-display":"","ast-hfb-above-header-display":"","ast-hfb-below-header-display":"","ast-hfb-mobile-header-display":"","site-post-title":"","ast-breadcrumbs-content":"","ast-featured-img":"","footer-sml-layout":"","ast-disable-related-posts":"","theme-transparent-header-meta":"default","adv-header-id-meta":"","stick-header-meta":"","header-above-stick-meta":"","header-main-stick-meta":"","header-below-stick-meta":"","astra-migrate-meta-layouts":"set","ast-page-background-enabled":"default","ast-page-background-meta":{"desktop":{"background-color":"","background-image":"","background-repeat":"repeat","background-position":"center center","background-size":"auto","background-attachment":"scroll","background-type":"","background-media":"","overlay-type":"","overlay-color":"","overlay-opacity":"","overlay-gradient":""},"tablet":{"background-color":"","background-image":"","background-repeat":"repeat","background-position":"center center","background-size":"auto","background-attachment":"scroll","background-type":"","background-media":"","overlay-type":"","overlay-color":"","overlay-opacity":"","overlay-gradient":""},"mobile":{"background-color":"","background-image":"","background-repeat":"repeat","background-position":"center center","background-size":"auto","background-attachment":"scroll","background-type":"","background-media":"","overlay-type":"","overlay-color":"","overlay-opacity":"","overlay-gradient":""}},"ast-content-background-meta":{"desktop":{"background-color":"var(--ast-global-color-5)","background-image":"","background-repeat":"repeat","background-position":"center center","background-size":"auto","background-attachment":"scroll","background-type":"","background-media":"","overlay-type":"","overlay-color":"","overlay-opacity":"","overlay-gradient":""},"tablet":{"background-color":"var(--ast-global-color-5)","background-image":"","background-repeat":"repeat","background-position":"center center","background-size":"auto","background-attachment":"scroll","background-type":"","background-media":"","overlay-type":"","overlay-color":"","overlay-opacity":"","overlay-gradient":""},"mobile":{"background-color":"var(--ast-global-color-5)","background-image":"","background-repeat":"repeat","background-position":"center center","background-size":"auto","background-attachment":"scroll","background-type":"","background-media":"","overlay-type":"","overlay-color":"","overlay-opacity":"","overlay-gradient":""}}},"product_brand":[],"product_cat":[36],"product_tag":[],"class_list":{"0":"post-7238","1":"product","2":"type-product","3":"status-publish","4":"has-post-thumbnail","6":"product_cat-herbal","7":"desktop-align-left","8":"tablet-align-left","9":"mobile-align-left","11":"first","12":"instock","13":"shipping-taxable","14":"purchasable","15":"product-type-simple"},"yoast_head":"<!-- This site is optimized with the Yoast SEO plugin v27.3 - https:\/\/yoast.com\/product\/yoast-seo-wordpress\/ -->\n<title>999 Cold Medicine-Gan Mao Ling|Chinese Cold Remedy Granules -<\/title>\n<meta name=\"description\" content=\"Relieve cold symptoms with 999 Cold Medicine (999 Gan Mao Ling). Discover the trusted 999 cold remedy granules used in Chinese medicine for fast relief.\" \/>\n<meta name=\"robots\" content=\"index, follow, max-snippet:-1, max-image-preview:large, max-video-preview:-1\" \/>\n<link rel=\"canonical\" href=\"https:\/\/taxne.com\/it\/prodotto\/999-medicina-per-il-raffreddore-999-gan-mao-ling-rimedio-cinese-per-il-raffreddore-granuli-10-scatole\/\" \/>\n<meta property=\"og:locale\" content=\"it_IT\" \/>\n<meta property=\"og:type\" content=\"article\" \/>\n<meta property=\"og:title\" content=\"999 Cold Medicine-Gan Mao Ling|Chinese Cold Remedy Granules -\" \/>\n<meta property=\"og:description\" content=\"Relieve cold symptoms with 999 Cold Medicine (999 Gan Mao Ling). Discover the trusted 999 cold remedy granules used in Chinese medicine for fast relief.\" \/>\n<meta property=\"og:url\" content=\"https:\/\/taxne.com\/it\/prodotto\/999-medicina-per-il-raffreddore-999-gan-mao-ling-rimedio-cinese-per-il-raffreddore-granuli-10-scatole\/\" \/>\n<meta property=\"article:modified_time\" content=\"2026-01-26T09:16:34+00:00\" \/>\n<meta property=\"og:image\" content=\"https:\/\/taxne.com\/wp-content\/uploads\/2024\/10\/4c7ad753c9adffb2.jpg.png\" \/>\n\t<meta property=\"og:image:width\" content=\"800\" \/>\n\t<meta property=\"og:image:height\" content=\"800\" \/>\n\t<meta property=\"og:image:type\" content=\"image\/png\" \/>\n<meta name=\"twitter:card\" content=\"summary_large_image\" \/>\n<meta name=\"twitter:label1\" content=\"Tempo di lettura stimato\" \/>\n\t<meta name=\"twitter:data1\" content=\"5 minuti\" \/>\n<script type=\"application\/ld+json\" class=\"yoast-schema-graph\">{\"@context\":\"https:\\\/\\\/schema.org\",\"@graph\":[{\"@type\":\"WebPage\",\"@id\":\"https:\\\/\\\/taxne.com\\\/product\\\/999-cold-medicine-999-gan-mao-ling-chinese-cold-remedy-granules-10-boxes\\\/\",\"url\":\"https:\\\/\\\/taxne.com\\\/product\\\/999-cold-medicine-999-gan-mao-ling-chinese-cold-remedy-granules-10-boxes\\\/\",\"name\":\"999 Cold Medicine-Gan Mao Ling|Chinese Cold Remedy Granules -\",\"isPartOf\":{\"@id\":\"https:\\\/\\\/taxne.com\\\/#website\"},\"primaryImageOfPage\":{\"@id\":\"https:\\\/\\\/taxne.com\\\/product\\\/999-cold-medicine-999-gan-mao-ling-chinese-cold-remedy-granules-10-boxes\\\/#primaryimage\"},\"image\":{\"@id\":\"https:\\\/\\\/taxne.com\\\/product\\\/999-cold-medicine-999-gan-mao-ling-chinese-cold-remedy-granules-10-boxes\\\/#primaryimage\"},\"thumbnailUrl\":\"https:\\\/\\\/taxne.com\\\/wp-content\\\/uploads\\\/2024\\\/10\\\/4c7ad753c9adffb2.jpg.png\",\"datePublished\":\"2024-10-15T07:12:07+00:00\",\"dateModified\":\"2026-01-26T09:16:34+00:00\",\"description\":\"Relieve cold symptoms with 999 Cold Medicine (999 Gan Mao Ling). Discover the trusted 999 cold remedy granules used in Chinese medicine for fast relief.\",\"breadcrumb\":{\"@id\":\"https:\\\/\\\/taxne.com\\\/product\\\/999-cold-medicine-999-gan-mao-ling-chinese-cold-remedy-granules-10-boxes\\\/#breadcrumb\"},\"inLanguage\":\"it-IT\",\"potentialAction\":[{\"@type\":\"ReadAction\",\"target\":[\"https:\\\/\\\/taxne.com\\\/product\\\/999-cold-medicine-999-gan-mao-ling-chinese-cold-remedy-granules-10-boxes\\\/\"]}]},{\"@type\":\"ImageObject\",\"inLanguage\":\"it-IT\",\"@id\":\"https:\\\/\\\/taxne.com\\\/product\\\/999-cold-medicine-999-gan-mao-ling-chinese-cold-remedy-granules-10-boxes\\\/#primaryimage\",\"url\":\"https:\\\/\\\/taxne.com\\\/wp-content\\\/uploads\\\/2024\\\/10\\\/4c7ad753c9adffb2.jpg.png\",\"contentUrl\":\"https:\\\/\\\/taxne.com\\\/wp-content\\\/uploads\\\/2024\\\/10\\\/4c7ad753c9adffb2.jpg.png\",\"width\":800,\"height\":800,\"caption\":\"999 Cold Medicine - 999 Gan Mao Ling | Chinese Cold Remedy Granules\"},{\"@type\":\"BreadcrumbList\",\"@id\":\"https:\\\/\\\/taxne.com\\\/product\\\/999-cold-medicine-999-gan-mao-ling-chinese-cold-remedy-granules-10-boxes\\\/#breadcrumb\",\"itemListElement\":[{\"@type\":\"ListItem\",\"position\":1,\"name\":\"\u9996\u9875\",\"item\":\"https:\\\/\\\/taxne.com\\\/\"},{\"@type\":\"ListItem\",\"position\":2,\"name\":\"Shop\",\"item\":\"https:\\\/\\\/taxne.com\\\/shop-2\\\/\"},{\"@type\":\"ListItem\",\"position\":3,\"name\":\"999 Cold Medicine &#8211; 999 Gan Mao Ling | Chinese Cold Remedy Granules 10 boxes\"}]},{\"@type\":\"WebSite\",\"@id\":\"https:\\\/\\\/taxne.com\\\/#website\",\"url\":\"https:\\\/\\\/taxne.com\\\/\",\"name\":\"taxne.com\",\"description\":\"\",\"publisher\":{\"@id\":\"https:\\\/\\\/taxne.com\\\/#organization\"},\"potentialAction\":[{\"@type\":\"SearchAction\",\"target\":{\"@type\":\"EntryPoint\",\"urlTemplate\":\"https:\\\/\\\/taxne.com\\\/?s={search_term_string}\"},\"query-input\":{\"@type\":\"PropertyValueSpecification\",\"valueRequired\":true,\"valueName\":\"search_term_string\"}}],\"inLanguage\":\"it-IT\"},{\"@type\":\"Organization\",\"@id\":\"https:\\\/\\\/taxne.com\\\/#organization\",\"name\":\"taxne.com\",\"url\":\"https:\\\/\\\/taxne.com\\\/\",\"logo\":{\"@type\":\"ImageObject\",\"inLanguage\":\"it-IT\",\"@id\":\"https:\\\/\\\/taxne.com\\\/#\\\/schema\\\/logo\\\/image\\\/\",\"url\":\"https:\\\/\\\/taxne.com\\\/wp-content\\\/uploads\\\/2025\\\/09\\\/cropped-logo.png\",\"contentUrl\":\"https:\\\/\\\/taxne.com\\\/wp-content\\\/uploads\\\/2025\\\/09\\\/cropped-logo.png\",\"width\":1027,\"height\":270,\"caption\":\"taxne.com\"},\"image\":{\"@id\":\"https:\\\/\\\/taxne.com\\\/#\\\/schema\\\/logo\\\/image\\\/\"}}]}<\/script>\n<!-- \/ Yoast SEO plugin. -->","yoast_head_json":{"title":"999 Cold Medicine-Gan Mao Ling|Chinese Cold Remedy Granules -","description":"Allevia i sintomi del raffreddore con 999 Cold Medicine (999 Gan Mao Ling). Scopri i granuli di rimedio per il raffreddore 999 usati nella medicina cinese per un rapido sollievo.","robots":{"index":"index","follow":"follow","max-snippet":"max-snippet:-1","max-image-preview":"max-image-preview:large","max-video-preview":"max-video-preview:-1"},"canonical":"https:\/\/taxne.com\/it\/prodotto\/999-medicina-per-il-raffreddore-999-gan-mao-ling-rimedio-cinese-per-il-raffreddore-granuli-10-scatole\/","og_locale":"it_IT","og_type":"article","og_title":"999 Cold Medicine-Gan Mao Ling|Chinese Cold Remedy Granules -","og_description":"Relieve cold symptoms with 999 Cold Medicine (999 Gan Mao Ling). Discover the trusted 999 cold remedy granules used in Chinese medicine for fast relief.","og_url":"https:\/\/taxne.com\/it\/prodotto\/999-medicina-per-il-raffreddore-999-gan-mao-ling-rimedio-cinese-per-il-raffreddore-granuli-10-scatole\/","article_modified_time":"2026-01-26T09:16:34+00:00","og_image":[{"width":800,"height":800,"url":"https:\/\/taxne.com\/wp-content\/uploads\/2024\/10\/4c7ad753c9adffb2.jpg.png","type":"image\/png"}],"twitter_card":"summary_large_image","twitter_misc":{"Tempo di lettura stimato":"5 minuti"},"schema":{"@context":"https:\/\/schema.org","@graph":[{"@type":"WebPage","@id":"https:\/\/taxne.com\/product\/999-cold-medicine-999-gan-mao-ling-chinese-cold-remedy-granules-10-boxes\/","url":"https:\/\/taxne.com\/product\/999-cold-medicine-999-gan-mao-ling-chinese-cold-remedy-granules-10-boxes\/","name":"999 Cold Medicine-Gan Mao Ling|Chinese Cold Remedy Granules -","isPartOf":{"@id":"https:\/\/taxne.com\/#website"},"primaryImageOfPage":{"@id":"https:\/\/taxne.com\/product\/999-cold-medicine-999-gan-mao-ling-chinese-cold-remedy-granules-10-boxes\/#primaryimage"},"image":{"@id":"https:\/\/taxne.com\/product\/999-cold-medicine-999-gan-mao-ling-chinese-cold-remedy-granules-10-boxes\/#primaryimage"},"thumbnailUrl":"https:\/\/taxne.com\/wp-content\/uploads\/2024\/10\/4c7ad753c9adffb2.jpg.png","datePublished":"2024-10-15T07:12:07+00:00","dateModified":"2026-01-26T09:16:34+00:00","description":"Allevia i sintomi del raffreddore con 999 Cold Medicine (999 Gan Mao Ling). Scopri i granuli di rimedio per il raffreddore 999 usati nella medicina cinese per un rapido sollievo.","breadcrumb":{"@id":"https:\/\/taxne.com\/product\/999-cold-medicine-999-gan-mao-ling-chinese-cold-remedy-granules-10-boxes\/#breadcrumb"},"inLanguage":"it-IT","potentialAction":[{"@type":"ReadAction","target":["https:\/\/taxne.com\/product\/999-cold-medicine-999-gan-mao-ling-chinese-cold-remedy-granules-10-boxes\/"]}]},{"@type":"ImageObject","inLanguage":"it-IT","@id":"https:\/\/taxne.com\/product\/999-cold-medicine-999-gan-mao-ling-chinese-cold-remedy-granules-10-boxes\/#primaryimage","url":"https:\/\/taxne.com\/wp-content\/uploads\/2024\/10\/4c7ad753c9adffb2.jpg.png","contentUrl":"https:\/\/taxne.com\/wp-content\/uploads\/2024\/10\/4c7ad753c9adffb2.jpg.png","width":800,"height":800,"caption":"999 Cold Medicine - 999 Gan Mao Ling | Chinese Cold Remedy Granules"},{"@type":"BreadcrumbList","@id":"https:\/\/taxne.com\/product\/999-cold-medicine-999-gan-mao-ling-chinese-cold-remedy-granules-10-boxes\/#breadcrumb","itemListElement":[{"@type":"ListItem","position":1,"name":"\u9996\u9875","item":"https:\/\/taxne.com\/"},{"@type":"ListItem","position":2,"name":"Shop","item":"https:\/\/taxne.com\/shop-2\/"},{"@type":"ListItem","position":3,"name":"999 Cold Medicine &#8211; 999 Gan Mao Ling | Chinese Cold Remedy Granules 10 boxes"}]},{"@type":"WebSite","@id":"https:\/\/taxne.com\/#website","url":"https:\/\/taxne.com\/","name":"taxne.com","description":"","publisher":{"@id":"https:\/\/taxne.com\/#organization"},"potentialAction":[{"@type":"SearchAction","target":{"@type":"EntryPoint","urlTemplate":"https:\/\/taxne.com\/?s={search_term_string}"},"query-input":{"@type":"PropertyValueSpecification","valueRequired":true,"valueName":"search_term_string"}}],"inLanguage":"it-IT"},{"@type":"Organization","@id":"https:\/\/taxne.com\/#organization","name":"taxne.com","url":"https:\/\/taxne.com\/","logo":{"@type":"ImageObject","inLanguage":"it-IT","@id":"https:\/\/taxne.com\/#\/schema\/logo\/image\/","url":"https:\/\/taxne.com\/wp-content\/uploads\/2025\/09\/cropped-logo.png","contentUrl":"https:\/\/taxne.com\/wp-content\/uploads\/2025\/09\/cropped-logo.png","width":1027,"height":270,"caption":"taxne.com"},"image":{"@id":"https:\/\/taxne.com\/#\/schema\/logo\/image\/"}}]}},"uagb_featured_image_src":{"full":["https:\/\/taxne.com\/wp-content\/uploads\/2024\/10\/4c7ad753c9adffb2.jpg.png",800,800,false],"thumbnail":["https:\/\/taxne.com\/wp-content\/uploads\/2024\/10\/4c7ad753c9adffb2.jpg-150x150.png",150,150,true],"medium":["https:\/\/taxne.com\/wp-content\/uploads\/2024\/10\/4c7ad753c9adffb2.jpg-300x300.png",300,300,true],"medium_large":["https:\/\/taxne.com\/wp-content\/uploads\/2024\/10\/4c7ad753c9adffb2.jpg-768x768.png",768,768,true],"large":["https:\/\/taxne.com\/wp-content\/uploads\/2024\/10\/4c7ad753c9adffb2.jpg.png",800,800,false],"1536x1536":["https:\/\/taxne.com\/wp-content\/uploads\/2024\/10\/4c7ad753c9adffb2.jpg.png",800,800,false],"2048x2048":["https:\/\/taxne.com\/wp-content\/uploads\/2024\/10\/4c7ad753c9adffb2.jpg.png",800,800,false],"trp-custom-language-flag":["https:\/\/taxne.com\/wp-content\/uploads\/2024\/10\/4c7ad753c9adffb2.jpg-12x12.png",12,12,true],"woocommerce_thumbnail":["https:\/\/taxne.com\/wp-content\/uploads\/2024\/10\/4c7ad753c9adffb2.jpg-300x300.png",300,300,true],"woocommerce_single":["https:\/\/taxne.com\/wp-content\/uploads\/2024\/10\/4c7ad753c9adffb2.jpg-600x600.png",600,600,true],"woocommerce_gallery_thumbnail":["https:\/\/taxne.com\/wp-content\/uploads\/2024\/10\/4c7ad753c9adffb2.jpg-100x100.png",100,100,true]},"uagb_author_info":{"display_name":"tianke1223@gmail.com","author_link":"https:\/\/taxne.com\/it\/author\/"},"uagb_comment_info":0,"uagb_excerpt":"999 Ganmao Ling Ke Li Effects Ganmao Ling Ke Li has antipyretic and analgesic effects and can be used for headaches, fever, nasal congestion, runny nose, sore throat, etc. caused by colds Precautions During medication, tobacco, alcohol, spicy, cold, and greasy foods should be avoided. Who should not use Ganmao Ling Ke Li? \u00b7People who&hellip;","jetpack_sharing_enabled":true,"_links":{"self":[{"href":"https:\/\/taxne.com\/it\/wp-json\/wp\/v2\/product\/7238","targetHints":{"allow":["GET"]}}],"collection":[{"href":"https:\/\/taxne.com\/it\/wp-json\/wp\/v2\/product"}],"about":[{"href":"https:\/\/taxne.com\/it\/wp-json\/wp\/v2\/types\/product"}],"replies":[{"embeddable":true,"href":"https:\/\/taxne.com\/it\/wp-json\/wp\/v2\/comments?post=7238"}],"wp:featuredmedia":[{"embeddable":true,"href":"https:\/\/taxne.com\/it\/wp-json\/wp\/v2\/media\/7242"}],"wp:attachment":[{"href":"https:\/\/taxne.com\/it\/wp-json\/wp\/v2\/media?parent=7238"}],"wp:term":[{"taxonomy":"product_brand","embeddable":true,"href":"https:\/\/taxne.com\/it\/wp-json\/wp\/v2\/product_brand?post=7238"},{"taxonomy":"product_cat","embeddable":true,"href":"https:\/\/taxne.com\/it\/wp-json\/wp\/v2\/product_cat?post=7238"},{"taxonomy":"product_tag","embeddable":true,"href":"https:\/\/taxne.com\/it\/wp-json\/wp\/v2\/product_tag?post=7238"}],"curies":[{"name":"wp","href":"https:\/\/api.w.org\/{rel}","templated":true}]}}