{"id":7985,"date":"2025-09-03T09:34:45","date_gmt":"2025-09-03T09:34:45","guid":{"rendered":"https:\/\/taxne.com\/?post_type=product&#038;p=7985"},"modified":"2026-03-04T02:24:52","modified_gmt":"2026-03-04T02:24:52","slug":"soothing-artemisia-mint-bath-bar","status":"publish","type":"product","link":"https:\/\/taxne.com\/it\/prodotto\/saponetta-da-bagno-lenitiva-alla-menta-e-artemisia\/","title":{"rendered":"Saponetta da bagno lenitiva all&#039;artemisia e menta"},"content":{"rendered":"<p class=\"ds-markdown-paragraph\"><strong>La tua pelle \u00e8 stressata dopo una lunga giornata?<\/strong><\/p>\n<p class=\"ds-markdown-paragraph\">Nella frenesia della vita moderna, la pelle \u00e8 la prima a reagire allo stress, all&#039;inquinamento e agli agenti irritanti quotidiani. Non ha solo bisogno di essere detersa, ma\u00a0<em>calma<\/em>Abbiamo creato questo sapone da bagno lenitivo all&#039;artemisia e alla menta per essere il tuo rifugio quotidiano: un momento di puro sollievo di origine vegetale.<\/p>\n<p class=\"ds-markdown-paragraph\"><strong>Una sinfonia di sensazioni rilassanti<\/strong><\/p>\n<p class=\"ds-markdown-paragraph\">Non \u00e8 solo un sapone, \u00e8 un vero e proprio rituale di cura della pelle. Insaponare delicatamente sulla pelle umida per:<\/p>\n<ul>\n<li>\n<p class=\"ds-markdown-paragraph\"><strong>Lenisce irritazioni e rossori:<\/strong>\u00a0Il nostro ingrediente principale,\u00a0<strong>Artemisia (Artemisia)<\/strong>, \u00e8 un&#039;erba venerata, nota nella pratica tradizionale per le sue propriet\u00e0 delicate e calmanti. Aiuta a lenire la pelle sensibile e reattiva, riducendo la comparsa di rossori.<\/p>\n<\/li>\n<li>\n<p class=\"ds-markdown-paragraph\"><strong>Risveglia i tuoi sensi e purificati:<\/strong>\u00a0Una rinfrescante esplosione di\u00a0<strong>Olio essenziale di menta piperita<\/strong> Rinvigorisce i sensi e deterge delicatamente e delicatamente. Aiuta a purificare la pelle senza seccarla eccessivamente.<\/p>\n<\/li>\n<li>\n<p class=\"ds-markdown-paragraph\"><strong>Nutrire delicatamente:<\/strong>\u00a0Arricchito con\u00a0<strong>Olio d&#039;oliva e olio di cocco<\/strong>Crea una schiuma cremosa e idratante che deterge mantenendo la naturale barriera idratante della pelle. Nessuna sensazione di tensione, nessuna secchezza: solo una pelle perfettamente equilibrata e morbida.<\/p>\n<\/li>\n<li>\n<p class=\"ds-markdown-paragraph\"><strong>LA MISCELA PURIFICANTE<\/strong><\/p>\n<ul>\n<li>\n<p class=\"ds-markdown-paragraph\"><strong>Artemisia (artemisia) e radice di Sophora (\u82e6\u53c2):<\/strong>\u00a0Questo \u00e8 il cuore della nostra formula. Insieme, queste due erbe venerate sono note per la loro\u00a0<strong>lenitivo e chiarificante<\/strong>\u00a0propriet\u00e0. Aiutano a calmare la reattivit\u00e0, a ridurre la comparsa di rossori e a detergere in profondit\u00e0 e consapevolmente la pelle problematica.<br \/>\n<strong>Menta e Aloe Vera (\u82a6\u835f):<\/strong>\u00a0Incontra il team dei rinfreschi.\u00a0<strong>Menta<\/strong>\u00a0dona una sensazione di freschezza che risveglia i sensi e aiuta a purificare i pori.\u00a0<strong>Aloe Vera<\/strong> \u00e8 un classico lenitivo che dona immediatamente una carica di idratazione per dare sollievo alla pelle dopo la detersione.<\/p>\n<\/li>\n<\/ul>\n<p class=\"ds-markdown-paragraph\"><strong>LA BASE NUTRIENTE:<\/strong><\/p>\n<ul>\n<li>\n<p class=\"ds-markdown-paragraph\"><strong>Olio di cocco, olio di palma^, glicerina e saccarosio (\u8517\u7cd6):<\/strong>\u00a0Questo \u00e8 ci\u00f2 che ci distingue dai saponi convenzionali e secchi. Realizziamo la nostra saponetta con una miscela di oli e umettanti che amano la pelle. Creano un\u00a0<strong>schiuma ricca e cremosa<\/strong>\u00a0che purifica senza compromessi, mentre\u00a0<strong>glicerina<\/strong>\u00a0E\u00a0<strong>saccarosio<\/strong>\u00a0(un umettante naturale) agisce per attrarre l&#039;umidit\u00e0 sulla pelle, lasciandola morbida\u00a0<strong>equilibrati, morbidi e idratati, mai tirati o sfibrati.<\/strong><\/p>\n<\/li>\n<\/ul>\n<p class=\"ds-markdown-paragraph\"><em>Per proteggere le nostre foreste pluviali utilizziamo olio di palma sostenibile certificato RSPO.<\/em><\/p>\n<p class=\"ds-markdown-paragraph\"><strong>La lista ristretta e onesta:<\/strong><\/p>\n<p class=\"ds-markdown-paragraph\"><em>Sodio olivato^ (da olio d&#039;oliva), sodio cocoato (da olio di cocco), acqua, glicerina (da oli vegetali), sodio palmato^ (da olio di palma sostenibile), estratto di foglie di Mentha arvensis (menta), estratto di foglie di Aloe barbadensis (aloe vera), estratto di Artemisia vulgaris (artemisia), estratto di Sophora flavescens (radice di sophora), saccarosio.<\/em><\/p>\n<p class=\"ds-markdown-paragraph\"><em>Crediamo nella trasparenza. Qui non troverete prodotti sintetici nascosti o detergenti aggressivi.<\/em><\/p>\n<\/li>\n<\/ul>\n<p class=\"ds-markdown-paragraph\"><strong>Ispirato dall&#039;intelligenza della natura<\/strong><\/p>\n<p class=\"ds-markdown-paragraph\">Noi di Taxne ci ispiriamo alle soluzioni pi\u00f9 sofisticate della natura. Proprio come la scoperta del Paclitaxel, estratto dal tasso del Pacifico, ha rivoluzionato la medicina, esploriamo estratti botanici collaudati come l&#039;Artemisia per la cura della pelle moderna.<\/p>\n<p class=\"ds-markdown-paragraph\">Questo mobiletto da bagno \u00e8 la testimonianza della nostra filosofia:\u00a0<strong>Ispirato dalla scienza, radicato nella natura.<\/strong><\/p>\n<p class=\"ds-markdown-paragraph\"><strong>Il tuo rifugio serale, in un bar.<\/strong><\/p>\n<p class=\"ds-markdown-paragraph\">Immagina: entri nella vasca da bagno dopo una giornata impegnativa. L&#039;acqua calda ti avvolge. Il profumo sereno ed erbaceo dell&#039;artemisia e il fresco sussurro della menta riempiono l&#039;aria. Mentre massaggi la ricca schiuma sulla pelle, senti la tensione della giornata letteralmente svanire. Questa \u00e8 pi\u00f9 di una semplice pulizia: \u00e8 un reset.<\/p>\n<p class=\"ds-markdown-paragraph\"><strong>Ideale per:<\/strong><\/p>\n<ul>\n<li>\n<p class=\"ds-markdown-paragraph\">Routine serali di rilassamento<\/p>\n<\/li>\n<li>\n<p class=\"ds-markdown-paragraph\">Tipi di pelle sensibili e reattivi<\/p>\n<\/li>\n<li>\n<p class=\"ds-markdown-paragraph\">Chiunque cerchi una pulizia naturale e rinfrescante<\/p>\n<\/li>\n<\/ul>\n<p class=\"ds-markdown-paragraph\"><strong>Pulito, consapevole e realizzato con cura.<\/strong><\/p>\n<ul>\n<li>\n<p class=\"ds-markdown-paragraph\"><strong>Vegano e cruelty-free:<\/strong>\u00a0Mai testato sugli animali.<\/p>\n<\/li>\n<li>\n<p class=\"ds-markdown-paragraph\"><strong>Realizzato con ingredienti naturali:<\/strong>\u00a098% di derivazione naturale.<\/p>\n<\/li>\n<li>\n<p class=\"ds-markdown-paragraph\"><strong>Eco-consapevole:<\/strong>\u00a0Imballaggio minimo e riciclabile.<\/p>\n<\/li>\n<li>\n<p class=\"ds-markdown-paragraph\">** senza:** Parabeni, Solfati, Profumi Sintetici.<\/p>\n<\/li>\n<\/ul>\n<p class=\"ds-markdown-paragraph\"><strong>Pronti a trasformare il vostro bagno in una spa?<\/strong><br \/>\n<strong>Aggiungi al carrello e vivi la calma.<\/strong><\/p>","protected":false},"excerpt":{"rendered":"<p><strong>Nature&#039;s Reset Button: la saponetta purificante per pelli reattive e grasse 100 g<\/strong><\/p>\n<ol start=\"1\">\n<li>\n<p class=\"ds-markdown-paragraph\">Stanca di avere la pelle irritata dopo la doccia? Scopri il tuo nuovo rituale di calma.<\/p>\n<\/li>\n<li>\n<p class=\"ds-markdown-paragraph\"><strong>Vantaggi:<\/strong><\/p>\n<ul>\n<li>\n<p class=\"ds-markdown-paragraph\"><strong>Lenisce e calma:<\/strong>\u00a0L&#039;artemisia \u00e8 nota per le sue propriet\u00e0 lenitive sulla pelle sensibile e irritata.<\/p>\n<\/li>\n<li>\n<p class=\"ds-markdown-paragraph\"><strong>Purifica profondamente:<\/strong>\u00a0Aiuta a detergere delicatamente senza rimuovere gli oli naturali.<\/p>\n<\/li>\n<li>\n<p class=\"ds-markdown-paragraph\"><strong>Rinvigorisce i sensi:<\/strong>\u00a0L&#039;aroma di menta regala un&#039;esperienza sensoriale rinfrescante e stimolante.<\/p>\n<\/li>\n<\/ul>\n<\/li>\n<li>\n<p class=\"ds-markdown-paragraph\">Ideale per il bagno serale, per lavare via lo stress della giornata e prepararsi a un sonno ristoratore.<\/p>\n<\/li>\n<li>\n<p class=\"ds-markdown-paragraph\">Vegano, cruelty-free, realizzato con ingredienti naturali.<\/p>\n<\/li>\n<\/ol>","protected":false},"featured_media":7989,"comment_status":"open","ping_status":"closed","template":"","meta":{"_uag_custom_page_level_css":"","site-sidebar-layout":"default","site-content-layout":"","ast-site-content-layout":"default","site-content-style":"default","site-sidebar-style":"default","ast-global-header-display":"","ast-banner-title-visibility":"","ast-main-header-display":"","ast-hfb-above-header-display":"","ast-hfb-below-header-display":"","ast-hfb-mobile-header-display":"","site-post-title":"","ast-breadcrumbs-content":"","ast-featured-img":"","footer-sml-layout":"","ast-disable-related-posts":"","theme-transparent-header-meta":"default","adv-header-id-meta":"","stick-header-meta":"","header-above-stick-meta":"","header-main-stick-meta":"","header-below-stick-meta":"","astra-migrate-meta-layouts":"set","ast-page-background-enabled":"default","ast-page-background-meta":{"desktop":{"background-color":"","background-image":"","background-repeat":"repeat","background-position":"center center","background-size":"auto","background-attachment":"scroll","background-type":"","background-media":"","overlay-type":"","overlay-color":"","overlay-opacity":"","overlay-gradient":""},"tablet":{"background-color":"","background-image":"","background-repeat":"repeat","background-position":"center center","background-size":"auto","background-attachment":"scroll","background-type":"","background-media":"","overlay-type":"","overlay-color":"","overlay-opacity":"","overlay-gradient":""},"mobile":{"background-color":"","background-image":"","background-repeat":"repeat","background-position":"center center","background-size":"auto","background-attachment":"scroll","background-type":"","background-media":"","overlay-type":"","overlay-color":"","overlay-opacity":"","overlay-gradient":""}},"ast-content-background-meta":{"desktop":{"background-color":"var(--ast-global-color-5)","background-image":"","background-repeat":"repeat","background-position":"center center","background-size":"auto","background-attachment":"scroll","background-type":"","background-media":"","overlay-type":"","overlay-color":"","overlay-opacity":"","overlay-gradient":""},"tablet":{"background-color":"var(--ast-global-color-5)","background-image":"","background-repeat":"repeat","background-position":"center center","background-size":"auto","background-attachment":"scroll","background-type":"","background-media":"","overlay-type":"","overlay-color":"","overlay-opacity":"","overlay-gradient":""},"mobile":{"background-color":"var(--ast-global-color-5)","background-image":"","background-repeat":"repeat","background-position":"center center","background-size":"auto","background-attachment":"scroll","background-type":"","background-media":"","overlay-type":"","overlay-color":"","overlay-opacity":"","overlay-gradient":""}}},"product_brand":[],"product_cat":[15],"product_tag":[37,46,44,43,39,38,41,45,40,42],"class_list":{"0":"post-7985","1":"product","2":"type-product","3":"status-publish","4":"has-post-thumbnail","6":"product_cat-herbs-soap","7":"product_tag-artemisia-soap","8":"product_tag-eco-friendly-soap","9":"product_tag-gift-for-her","10":"product_tag-herbal-soap","11":"product_tag-mint-soap-bar","12":"product_tag-mugwort-soap","13":"product_tag-natural-soap-for-sensitive-skin","14":"product_tag-relaxing-bath","15":"product_tag-soothing-bath-soap","16":"product_tag-vegan-soap","17":"desktop-align-left","18":"tablet-align-left","19":"mobile-align-left","21":"first","22":"instock","23":"sale","24":"featured","25":"shipping-taxable","26":"purchasable","27":"product-type-simple"},"yoast_head":"<!-- This site is optimized with the Yoast SEO plugin v27.3 - https:\/\/yoast.com\/product\/yoast-seo-wordpress\/ -->\n<title>Soothing Artemisia &amp; Mint Bath Bar - Natural for Sensitive Skin | Taxne<\/title>\n<meta name=\"description\" content=\"Experience a calming cleanse with our natural artemisia &amp; mint soap bar. Made to soothe irritated skin, reduce redness, and provide a refreshing bath experience. Vegan &amp; Cruelty-Free.\" \/>\n<meta name=\"robots\" content=\"index, follow, max-snippet:-1, max-image-preview:large, max-video-preview:-1\" \/>\n<link rel=\"canonical\" href=\"https:\/\/taxne.com\/it\/prodotto\/saponetta-da-bagno-lenitiva-alla-menta-e-artemisia\/\" \/>\n<meta property=\"og:locale\" content=\"it_IT\" \/>\n<meta property=\"og:type\" content=\"article\" \/>\n<meta property=\"og:title\" content=\"Soothing Artemisia &amp; Mint Bath Bar - Natural for Sensitive Skin | Taxne\" \/>\n<meta property=\"og:description\" content=\"Experience a calming cleanse with our natural artemisia &amp; mint soap bar. Made to soothe irritated skin, reduce redness, and provide a refreshing bath experience. Vegan &amp; Cruelty-Free.\" \/>\n<meta property=\"og:url\" content=\"https:\/\/taxne.com\/it\/prodotto\/saponetta-da-bagno-lenitiva-alla-menta-e-artemisia\/\" \/>\n<meta property=\"article:modified_time\" content=\"2026-03-04T02:24:52+00:00\" \/>\n<meta property=\"og:image\" content=\"https:\/\/taxne.com\/wp-content\/uploads\/2025\/09\/O1CN01U4Dmoh1PVybwAbPR0_4611686018427381047-0-item_pic.png\" \/>\n\t<meta property=\"og:image:width\" content=\"800\" \/>\n\t<meta property=\"og:image:height\" content=\"800\" \/>\n\t<meta property=\"og:image:type\" content=\"image\/png\" \/>\n<meta name=\"twitter:card\" content=\"summary_large_image\" \/>\n<meta name=\"twitter:label1\" content=\"Tempo di lettura stimato\" \/>\n\t<meta name=\"twitter:data1\" content=\"4 minuti\" \/>\n<script type=\"application\/ld+json\" class=\"yoast-schema-graph\">{\"@context\":\"https:\\\/\\\/schema.org\",\"@graph\":[{\"@type\":\"WebPage\",\"@id\":\"https:\\\/\\\/taxne.com\\\/product\\\/soothing-artemisia-mint-bath-bar\\\/\",\"url\":\"https:\\\/\\\/taxne.com\\\/product\\\/soothing-artemisia-mint-bath-bar\\\/\",\"name\":\"Soothing Artemisia & Mint Bath Bar - Natural for Sensitive Skin | Taxne\",\"isPartOf\":{\"@id\":\"https:\\\/\\\/taxne.com\\\/#website\"},\"primaryImageOfPage\":{\"@id\":\"https:\\\/\\\/taxne.com\\\/product\\\/soothing-artemisia-mint-bath-bar\\\/#primaryimage\"},\"image\":{\"@id\":\"https:\\\/\\\/taxne.com\\\/product\\\/soothing-artemisia-mint-bath-bar\\\/#primaryimage\"},\"thumbnailUrl\":\"https:\\\/\\\/taxne.com\\\/wp-content\\\/uploads\\\/2025\\\/09\\\/O1CN01U4Dmoh1PVybwAbPR0_4611686018427381047-0-item_pic.png\",\"datePublished\":\"2025-09-03T09:34:45+00:00\",\"dateModified\":\"2026-03-04T02:24:52+00:00\",\"description\":\"Experience a calming cleanse with our natural artemisia & mint soap bar. Made to soothe irritated skin, reduce redness, and provide a refreshing bath experience. Vegan & Cruelty-Free.\",\"breadcrumb\":{\"@id\":\"https:\\\/\\\/taxne.com\\\/product\\\/soothing-artemisia-mint-bath-bar\\\/#breadcrumb\"},\"inLanguage\":\"it-IT\",\"potentialAction\":[{\"@type\":\"ReadAction\",\"target\":[\"https:\\\/\\\/taxne.com\\\/product\\\/soothing-artemisia-mint-bath-bar\\\/\"]}]},{\"@type\":\"ImageObject\",\"inLanguage\":\"it-IT\",\"@id\":\"https:\\\/\\\/taxne.com\\\/product\\\/soothing-artemisia-mint-bath-bar\\\/#primaryimage\",\"url\":\"https:\\\/\\\/taxne.com\\\/wp-content\\\/uploads\\\/2025\\\/09\\\/O1CN01U4Dmoh1PVybwAbPR0_4611686018427381047-0-item_pic.png\",\"contentUrl\":\"https:\\\/\\\/taxne.com\\\/wp-content\\\/uploads\\\/2025\\\/09\\\/O1CN01U4Dmoh1PVybwAbPR0_4611686018427381047-0-item_pic.png\",\"width\":800,\"height\":800,\"caption\":\"Soothing Artemisia & Mint Bath Bar\"},{\"@type\":\"BreadcrumbList\",\"@id\":\"https:\\\/\\\/taxne.com\\\/product\\\/soothing-artemisia-mint-bath-bar\\\/#breadcrumb\",\"itemListElement\":[{\"@type\":\"ListItem\",\"position\":1,\"name\":\"\u9996\u9875\",\"item\":\"https:\\\/\\\/taxne.com\\\/\"},{\"@type\":\"ListItem\",\"position\":2,\"name\":\"Shop\",\"item\":\"https:\\\/\\\/taxne.com\\\/shop-2\\\/\"},{\"@type\":\"ListItem\",\"position\":3,\"name\":\"Soothing Artemisia &#038; Mint Bath Bar\"}]},{\"@type\":\"WebSite\",\"@id\":\"https:\\\/\\\/taxne.com\\\/#website\",\"url\":\"https:\\\/\\\/taxne.com\\\/\",\"name\":\"taxne.com\",\"description\":\"\",\"publisher\":{\"@id\":\"https:\\\/\\\/taxne.com\\\/#organization\"},\"potentialAction\":[{\"@type\":\"SearchAction\",\"target\":{\"@type\":\"EntryPoint\",\"urlTemplate\":\"https:\\\/\\\/taxne.com\\\/?s={search_term_string}\"},\"query-input\":{\"@type\":\"PropertyValueSpecification\",\"valueRequired\":true,\"valueName\":\"search_term_string\"}}],\"inLanguage\":\"it-IT\"},{\"@type\":\"Organization\",\"@id\":\"https:\\\/\\\/taxne.com\\\/#organization\",\"name\":\"taxne.com\",\"url\":\"https:\\\/\\\/taxne.com\\\/\",\"logo\":{\"@type\":\"ImageObject\",\"inLanguage\":\"it-IT\",\"@id\":\"https:\\\/\\\/taxne.com\\\/#\\\/schema\\\/logo\\\/image\\\/\",\"url\":\"https:\\\/\\\/taxne.com\\\/wp-content\\\/uploads\\\/2025\\\/09\\\/cropped-logo.png\",\"contentUrl\":\"https:\\\/\\\/taxne.com\\\/wp-content\\\/uploads\\\/2025\\\/09\\\/cropped-logo.png\",\"width\":1027,\"height\":270,\"caption\":\"taxne.com\"},\"image\":{\"@id\":\"https:\\\/\\\/taxne.com\\\/#\\\/schema\\\/logo\\\/image\\\/\"}}]}<\/script>\n<!-- \/ Yoast SEO plugin. -->","yoast_head_json":{"title":"Saponetta da bagno lenitiva all&#039;artemisia e menta - Naturale per pelli sensibili | Taxne","description":"Prova una detersione lenitiva con la nostra saponetta naturale all&#039;artemisia e alla menta. Pensata per lenire la pelle irritata, ridurre i rossori e offrire un bagno rinfrescante. Vegana e cruelty-free.","robots":{"index":"index","follow":"follow","max-snippet":"max-snippet:-1","max-image-preview":"max-image-preview:large","max-video-preview":"max-video-preview:-1"},"canonical":"https:\/\/taxne.com\/it\/prodotto\/saponetta-da-bagno-lenitiva-alla-menta-e-artemisia\/","og_locale":"it_IT","og_type":"article","og_title":"Soothing Artemisia & Mint Bath Bar - Natural for Sensitive Skin | Taxne","og_description":"Experience a calming cleanse with our natural artemisia & mint soap bar. Made to soothe irritated skin, reduce redness, and provide a refreshing bath experience. Vegan & Cruelty-Free.","og_url":"https:\/\/taxne.com\/it\/prodotto\/saponetta-da-bagno-lenitiva-alla-menta-e-artemisia\/","article_modified_time":"2026-03-04T02:24:52+00:00","og_image":[{"width":800,"height":800,"url":"https:\/\/taxne.com\/wp-content\/uploads\/2025\/09\/O1CN01U4Dmoh1PVybwAbPR0_4611686018427381047-0-item_pic.png","type":"image\/png"}],"twitter_card":"summary_large_image","twitter_misc":{"Tempo di lettura stimato":"4 minuti"},"schema":{"@context":"https:\/\/schema.org","@graph":[{"@type":"WebPage","@id":"https:\/\/taxne.com\/product\/soothing-artemisia-mint-bath-bar\/","url":"https:\/\/taxne.com\/product\/soothing-artemisia-mint-bath-bar\/","name":"Saponetta da bagno lenitiva all&#039;artemisia e menta - Naturale per pelli sensibili | Taxne","isPartOf":{"@id":"https:\/\/taxne.com\/#website"},"primaryImageOfPage":{"@id":"https:\/\/taxne.com\/product\/soothing-artemisia-mint-bath-bar\/#primaryimage"},"image":{"@id":"https:\/\/taxne.com\/product\/soothing-artemisia-mint-bath-bar\/#primaryimage"},"thumbnailUrl":"https:\/\/taxne.com\/wp-content\/uploads\/2025\/09\/O1CN01U4Dmoh1PVybwAbPR0_4611686018427381047-0-item_pic.png","datePublished":"2025-09-03T09:34:45+00:00","dateModified":"2026-03-04T02:24:52+00:00","description":"Prova una detersione lenitiva con la nostra saponetta naturale all&#039;artemisia e alla menta. Pensata per lenire la pelle irritata, ridurre i rossori e offrire un bagno rinfrescante. Vegana e cruelty-free.","breadcrumb":{"@id":"https:\/\/taxne.com\/product\/soothing-artemisia-mint-bath-bar\/#breadcrumb"},"inLanguage":"it-IT","potentialAction":[{"@type":"ReadAction","target":["https:\/\/taxne.com\/product\/soothing-artemisia-mint-bath-bar\/"]}]},{"@type":"ImageObject","inLanguage":"it-IT","@id":"https:\/\/taxne.com\/product\/soothing-artemisia-mint-bath-bar\/#primaryimage","url":"https:\/\/taxne.com\/wp-content\/uploads\/2025\/09\/O1CN01U4Dmoh1PVybwAbPR0_4611686018427381047-0-item_pic.png","contentUrl":"https:\/\/taxne.com\/wp-content\/uploads\/2025\/09\/O1CN01U4Dmoh1PVybwAbPR0_4611686018427381047-0-item_pic.png","width":800,"height":800,"caption":"Soothing Artemisia & Mint Bath Bar"},{"@type":"BreadcrumbList","@id":"https:\/\/taxne.com\/product\/soothing-artemisia-mint-bath-bar\/#breadcrumb","itemListElement":[{"@type":"ListItem","position":1,"name":"\u9996\u9875","item":"https:\/\/taxne.com\/"},{"@type":"ListItem","position":2,"name":"Shop","item":"https:\/\/taxne.com\/shop-2\/"},{"@type":"ListItem","position":3,"name":"Soothing Artemisia &#038; Mint Bath Bar"}]},{"@type":"WebSite","@id":"https:\/\/taxne.com\/#website","url":"https:\/\/taxne.com\/","name":"taxne.com","description":"","publisher":{"@id":"https:\/\/taxne.com\/#organization"},"potentialAction":[{"@type":"SearchAction","target":{"@type":"EntryPoint","urlTemplate":"https:\/\/taxne.com\/?s={search_term_string}"},"query-input":{"@type":"PropertyValueSpecification","valueRequired":true,"valueName":"search_term_string"}}],"inLanguage":"it-IT"},{"@type":"Organization","@id":"https:\/\/taxne.com\/#organization","name":"taxne.com","url":"https:\/\/taxne.com\/","logo":{"@type":"ImageObject","inLanguage":"it-IT","@id":"https:\/\/taxne.com\/#\/schema\/logo\/image\/","url":"https:\/\/taxne.com\/wp-content\/uploads\/2025\/09\/cropped-logo.png","contentUrl":"https:\/\/taxne.com\/wp-content\/uploads\/2025\/09\/cropped-logo.png","width":1027,"height":270,"caption":"taxne.com"},"image":{"@id":"https:\/\/taxne.com\/#\/schema\/logo\/image\/"}}]}},"uagb_featured_image_src":{"full":["https:\/\/taxne.com\/wp-content\/uploads\/2025\/09\/O1CN01U4Dmoh1PVybwAbPR0_4611686018427381047-0-item_pic.png",800,800,false],"thumbnail":["https:\/\/taxne.com\/wp-content\/uploads\/2025\/09\/O1CN01U4Dmoh1PVybwAbPR0_4611686018427381047-0-item_pic-150x150.png",150,150,true],"medium":["https:\/\/taxne.com\/wp-content\/uploads\/2025\/09\/O1CN01U4Dmoh1PVybwAbPR0_4611686018427381047-0-item_pic-300x300.png",300,300,true],"medium_large":["https:\/\/taxne.com\/wp-content\/uploads\/2025\/09\/O1CN01U4Dmoh1PVybwAbPR0_4611686018427381047-0-item_pic-768x768.png",768,768,true],"large":["https:\/\/taxne.com\/wp-content\/uploads\/2025\/09\/O1CN01U4Dmoh1PVybwAbPR0_4611686018427381047-0-item_pic.png",800,800,false],"1536x1536":["https:\/\/taxne.com\/wp-content\/uploads\/2025\/09\/O1CN01U4Dmoh1PVybwAbPR0_4611686018427381047-0-item_pic.png",800,800,false],"2048x2048":["https:\/\/taxne.com\/wp-content\/uploads\/2025\/09\/O1CN01U4Dmoh1PVybwAbPR0_4611686018427381047-0-item_pic.png",800,800,false],"trp-custom-language-flag":["https:\/\/taxne.com\/wp-content\/uploads\/2025\/09\/O1CN01U4Dmoh1PVybwAbPR0_4611686018427381047-0-item_pic-12x12.png",12,12,true],"woocommerce_thumbnail":["https:\/\/taxne.com\/wp-content\/uploads\/2025\/09\/O1CN01U4Dmoh1PVybwAbPR0_4611686018427381047-0-item_pic-300x300.png",300,300,true],"woocommerce_single":["https:\/\/taxne.com\/wp-content\/uploads\/2025\/09\/O1CN01U4Dmoh1PVybwAbPR0_4611686018427381047-0-item_pic-600x600.png",600,600,true],"woocommerce_gallery_thumbnail":["https:\/\/taxne.com\/wp-content\/uploads\/2025\/09\/O1CN01U4Dmoh1PVybwAbPR0_4611686018427381047-0-item_pic-100x100.png",100,100,true]},"uagb_author_info":{"display_name":"tianke1223@gmail.com","author_link":"https:\/\/taxne.com\/it\/author\/"},"uagb_comment_info":0,"uagb_excerpt":"Nature's Reset Button: The Purifying Bar for Reactive &amp; Oily Skin 100g Tired of skin that feels irritated after a shower? Meet your new ritual for calm. Benefits: Soothes &amp; Calms:\u00a0Artemisia is known for its properties to soothe sensitive and irritated skin. Deeply Purifies:\u00a0Helps to gently cleanse without stripping natural oils. Invigorates Senses:\u00a0The minty aroma&hellip;","jetpack_sharing_enabled":true,"_links":{"self":[{"href":"https:\/\/taxne.com\/it\/wp-json\/wp\/v2\/product\/7985","targetHints":{"allow":["GET"]}}],"collection":[{"href":"https:\/\/taxne.com\/it\/wp-json\/wp\/v2\/product"}],"about":[{"href":"https:\/\/taxne.com\/it\/wp-json\/wp\/v2\/types\/product"}],"replies":[{"embeddable":true,"href":"https:\/\/taxne.com\/it\/wp-json\/wp\/v2\/comments?post=7985"}],"wp:featuredmedia":[{"embeddable":true,"href":"https:\/\/taxne.com\/it\/wp-json\/wp\/v2\/media\/7989"}],"wp:attachment":[{"href":"https:\/\/taxne.com\/it\/wp-json\/wp\/v2\/media?parent=7985"}],"wp:term":[{"taxonomy":"product_brand","embeddable":true,"href":"https:\/\/taxne.com\/it\/wp-json\/wp\/v2\/product_brand?post=7985"},{"taxonomy":"product_cat","embeddable":true,"href":"https:\/\/taxne.com\/it\/wp-json\/wp\/v2\/product_cat?post=7985"},{"taxonomy":"product_tag","embeddable":true,"href":"https:\/\/taxne.com\/it\/wp-json\/wp\/v2\/product_tag?post=7985"}],"curies":[{"name":"wp","href":"https:\/\/api.w.org\/{rel}","templated":true}]}}