{"id":2129,"date":"2024-07-15T03:55:40","date_gmt":"2024-07-15T03:55:40","guid":{"rendered":"https:\/\/taxne.com\/?page_id=2129"},"modified":"2025-09-10T09:05:04","modified_gmt":"2025-09-10T09:05:04","slug":"faqs","status":"publish","type":"page","link":"https:\/\/taxne.com\/nl\/veelgestelde-vragen\/","title":{"rendered":"Veelgestelde vragen"},"content":{"rendered":"<h1 class=\"wp-block-heading\"><strong>VERZENDEN<\/strong><\/h1>\n\n\n\n<h3 class=\"wp-block-heading\"><strong>WAT IS DE STATUS VAN MIJN BESTELLING?<\/strong><\/h3>\n\n\n\n<p>Zodra u uw bestelling heeft geplaatst, sturen wij u een bevestigingsmail waarmee u de status van uw bestelling kunt volgen. Zodra uw bestelling is verzonden, sturen wij u nog een e-mail met de link waarmee u uw bestelling kunt volgen. Of u kunt de status van uw bestelling volgen via het gedeelte &#039;Bestelgeschiedenis&#039; op uw accountpagina op de website.<\/p>\n\n\n\n<h3 class=\"wp-block-heading\"><strong>DOET U DEZELFDE DAG VERZENDING?<\/strong><\/h3>\n\n\n\n<p>Wij verzenden nog dezelfde dag, mits u uw bestelling die dag v\u00f3\u00f3r 12.00 uur plaatst.<\/p>\n\n\n\n<h3 class=\"wp-block-heading\"><strong>WAAR VERZENDEN JE?<\/strong><\/h3>\n\n\n\n<p>We verzenden momenteel in de Verenigde Staten, Canada, Australi\u00eb, Frankrijk, het Verenigd Koninkrijk en Duitsland. Voor verzending buiten deze landen kunt u contact opnemen met onze klantenservice via het contactformulier.<\/p>\n\n\n\n<h3 class=\"wp-block-heading\"><strong>MIJN BESTELLING IS TERUGGEZONDEN NAAR OORSPRONG (RTO). WAT BETEKENT DAT?<\/strong><\/h3>\n\n\n\n<p>Verzendingen worden weergegeven als RTO (returned to origin) onder de volgende omstandigheden:<br>\u2013 Er is meer dan \u00e9\u00e9n keer geprobeerd om de bestelling af te leveren, maar deze kon niet worden afgeleverd omdat er een verkeerd adres was of omdat er niemand aanwezig was op het opgegeven adres<br>\u2013 Het adres kon niet worden gevonden omdat het onvolledig was of omdat de pincode verkeerd was<br>\u2013 U of iemand op uw afleveradres heeft geweigerd de bestelling te accepteren<br><br>Onder deze omstandigheden zal ons klantenserviceteam proberen contact met u op te nemen op uw geregistreerde telefoonnummer. Mocht er op dat nummer geen reactie komen of is het niet bereikbaar, dan wordt het pakket teruggestuurd naar de herkomst.<\/p>\n\n\n\n<h3 class=\"wp-block-heading\"><strong>HOE LANG DUURT HET OM MIJN BESTELLING TE VERZENDEN?<\/strong><\/h3>\n\n\n\n<p>Levertijden kunnen vari\u00ebren afhankelijk van de bezorglocatie en het type product dat u bestelt.<br>Normaal gesproken duurt het na het plaatsen van uw bestelling meestal 24 tot 36 uur om deze te verwerken en gereed te maken voor verzending.<\/p>\n\n\n\n<h2 class=\"wp-block-heading\"><strong>VOLGORDE<\/strong><\/h2>\n\n\n\n<h3 class=\"wp-block-heading\"><strong>KAN IK MIJN BESTELLING WIJZIGEN?<\/strong><\/h3>\n\n\n\n<p>Wij kunnen alleen bestellingen wijzigen die nog niet zijn verwerkt voor verzending.<br><br>Als u uw bestelling wilt wijzigen, kunt u contact opnemen met de ondersteuning door uw verzoek in te dienen via het contactformulier.<\/p>\n\n\n\n<h3 class=\"wp-block-heading\"><strong>HOE ANNULER IK MIJN BESTELLING?<\/strong><\/h3>\n\n\n\n<p>Als u uw bestelling wilt annuleren, kunt u een e-mail sturen of de klantenservice bellen.<\/p>\n\n\n\n<h3 class=\"wp-block-heading\"><strong>HOE KAN IK PRODUCTEN TOEVOEGEN OF VERWIJDEREN NA HET PLAATSEN VAN MIJN BESTELLING?<\/strong><\/h3>\n\n\n\n<p>Nadat u uw bestelling heeft geplaatst, kunt u geen wijzigingen meer aanbrengen op de website.<br>Neem contact op met ons klantenserviceteam via het &#039;contactformulier&#039; voor elke wijziging van de bestelling.<\/p>\n\n\n\n<h3 class=\"wp-block-heading\"><strong>HOE VOLG IK DE VOORTGANG VAN EEN BESTELLING?<\/strong><\/h3>\n\n\n\n<p>Zodra uw bestelling is verzonden, ontvangt u een e-mail en een sms-bericht met de details van de bestelling. U kunt de zending volgen door op de link in de e-mail te klikken.<\/p>\n\n\n\n<p>Kan ik mijn afleveradres wijzigen nadat ik mijn bestelling heb geplaatst?<\/p>\n\n\n\n<p>Indien uw bestelling nog niet is verzonden, kunnen wij op uw verzoek op een ander adres bezorgen. Als u meer wilt weten, kunt u contact met ons opnemen via het &#039;contactformulier&#039;.<\/p>\n\n\n\n<h2 class=\"wp-block-heading\"><strong>BETALING<\/strong><\/h2>\n\n\n\n<h3 class=\"wp-block-heading\">WELKE BETAALMETHODEN ACCEPTEER JE?<\/h3>\n\n\n\n<p>U kunt op onze website aankopen doen met een bankpas, creditcard, internetbankieren of UPI.<br><br>Daarnaast ondersteunen we Paypal, Amazon Pay, Apple Pay, Google Pay, Paytm en andere portemonnees.<br><br>Deze betaalmethoden kun je kiezen bij het afrekenen.<\/p>\n\n\n\n<h3 class=\"wp-block-heading\"><strong>HOE BETAAL IK PER CASH BIJ LEVERING (COD)?<\/strong><\/h3>\n\n\n\n<p>Betalen onder rembours is eenvoudig. Volg gewoon deze eenvoudige stappen:<br>Selecteer op de website de producten die u wilt kopen, voeg ze toe aan uw winkelwagentje en selecteer vervolgens op de pagina Betalen en bestellen onder rembours als uw betaalmethode en klik op de knop &#039;AANKOOP VOLTOOIEN&#039;.<br>Zodra de goedkeuring is voltooid, wordt uw bestelling verzonden.<br>Zodra de koerier de bestelling aflevert, dient u hem het volledige orderbedrag contant te betalen.<\/p>\n\n\n\n<h3 class=\"wp-block-heading\"><strong>IS HET VEILIG OM MIJN CREDITCARD\/DEBITKAART OP DEZE WEBSITE TE GEBRUIKEN?<\/strong><\/h3>\n\n\n\n<p>We gebruiken betalingsverwerkingsdiensten van derden om alle creditcard-\/betaalpasbetalingstransacties te verwerken. Deze betalingsintermediairs zijn PCI-compatibel, wat het strengste niveau van certificeringsstandaard is dat ervoor zorgt dat alle kaarthoudergegevens veilig worden opgeslagen, verwerkt en verzonden met behulp van de industriestandaard encryptietechnologie.<\/p>\n\n\n\n<h3 class=\"wp-block-heading\"><strong>IN WELKE VALUTA WORD IK IN REKENING GEBRACHT?<\/strong><\/h3>\n\n\n\n<p>We ondersteunen momenteel alleen de volgende valuta&#039;s voor het in rekening brengen van onze klanten in hun lokale valuta: USD, CAD en EUR.<br>Als uw creditcard of betaalkaart een andere valuta gebruikt, worden de kosten in USD, CAD of EUR in rekening gebracht, afhankelijk van de website waarop u zich bevindt. Uw bank kan de overeenkomstige wisselkoers van de door u gekozen valuta toepassen volgens hun beleid. Voor de exacte kosten kunt u contact opnemen met uw bank.<\/p>\n\n\n\n<h3 class=\"wp-block-heading\"><strong>ZIJN ER VERBORGEN KOSTEN?<\/strong><\/h3>\n\n\n\n<p>Er zijn geen verborgen kosten of extra verzendkosten. De totaalprijs vermeld op de productpagina naast de foto is de eindprijs. Wat u ziet, is wat u betaalt.<\/p>\n\n\n\n<h2 class=\"wp-block-heading\"><strong>RETOURNEREN EN RUILEN<\/strong><\/h2>\n\n\n\n<h3 class=\"wp-block-heading\"><strong>ACCEPTEER JE RETOURNEREN?<\/strong><\/h3>\n\n\n\n<p>Ja, we accepteren retourzendingen onder voorbehoud van de volgende voorwaarden:<br><br>\u2013 Het artikel moet in onze online winkel zijn verkocht<br>\u2013 Het artikel mag op geen enkele manier gebruikt zijn<br>\u2013 Het artikel moet de originele verpakking hebben met alle labels enz.<br>\u2013 Het retour- of ruilverzoek wordt binnen 7 dagen na levering gedaan.<br><br>Als u een retourzending wilt aanvragen, kunt u contact opnemen met de ondersteuning door uw verzoek in te dienen via het formulier &#039;Contact met ons opnemen&#039;. Een lid van ons ondersteunend personeel zal zo snel mogelijk reageren.<\/p>\n\n\n\n<h3 class=\"wp-block-heading\"><strong>KAN IK EEN ARTIKEL RUILEN?<\/strong><\/h3>\n\n\n\n<p>We accepteren ruilingen en deze volgen dezelfde voorwaarden als retourzendingen.<br><br>\u2013 Het artikel moet in onze online winkel zijn verkocht<br>\u2013 Het artikel mag op geen enkele manier gebruikt zijn<br>\u2013 Het artikel moet in de originele verpakking zitten met alle labels etc.<br>\u2013 Het retour- of ruilverzoek wordt binnen 30 dagen na levering gedaan<br><br>Om een omruiling aan te vragen, dient u uw verzoek in via het formulier &#039;Contact met ons opnemen&#039;. Een lid van ons ondersteunend personeel zal zo snel mogelijk reageren.<\/p>\n\n\n\n<h3 class=\"wp-block-heading\"><strong>HOE MAAK IK EEN RETOUR?<\/strong><\/h3>\n\n\n\n<p>Wij bieden alleen uitwisseling van artikelen aan volgens ons ruilbeleid. Voordat u de bestelling plaatst, raden wij u aan ons verzend- en retour-\/ruilbeleid te lezen.<\/p>\n\n\n\n<h3 class=\"wp-block-heading\"><strong>WANNEER HALEN JULLIE MIJN RETOURBESTELLING OPHALEN?<\/strong><\/h3>\n\n\n\n<p>We geven prioriteit aan onze uitvoering en activiteiten om producten te leveren die onze klanten nodig hebben terwijl ze thuis blijven. We laten u weten wanneer we de retourafhaling kunnen plannen. Wij stellen uw geduld in dit opzicht op prijs.<\/p>\n\n\n\n<h3 class=\"wp-block-heading\"><strong>ZIJN RETOUREN GRATIS?<\/strong><\/h3>\n\n\n\n<p>Ja, lees voor meer informatie ons retour- en omruilbeleid. Of neem gerust contact op met onze ondersteuningsagenten via e-mail of contactformulier voor meer informatie.<\/p>\n\n\n\n<h2 class=\"wp-block-heading\">ALGEMEEN<\/h2>\n\n\n\n<h3 class=\"wp-block-heading\"><strong>HEBT U FYSIEKE WINKELS?<\/strong><\/h3>\n\n\n\n<p>Momenteel hebben wij geen fysieke winkels onder onze merknaam. We hebben echter verschillende distributeurs in Europa, de VS, Canada en India.<br>De volledige lijst met winkels die onze producten verkopen, vindt u op onze winkelzoekerkaart.<\/p>\n\n\n\n<h3 class=\"wp-block-heading\"><strong>BIEDT U EEN VERWIJZINGSPROGRAMMA AAN? HOE WERKT HET?<\/strong><\/h3>\n\n\n\n<p>We hebben een verwijzingsprogramma gemaakt om onze klanten te bedanken voor het verwijzen van hun vrienden en familie.<br>Voor meer informatie kunt u de algemene voorwaarden van ons verwijzingsprogramma raadplegen.<\/p>\n\n\n\n<h3 class=\"wp-block-heading\"><strong>IS ER EEN GARANTIE?<\/strong><\/h3>\n\n\n\n<p>Wij garanderen dat al onze producten die door ons zijn gemaakt en via onze online winkel worden verkocht, vrij zijn van defecten.<\/p>\n\n\n\n<h3 class=\"wp-block-heading\"><strong>HOE KAN IK CONTACT OPNEMEN MET DE KLANTENSERVICE?<\/strong><\/h3>\n\n\n\n<p>Ons klantenserviceteam is de hele week, alle zeven dagen, bereikbaar van 08.00 uur tot 18.00 uur. U kunt ons bereiken via e-mail.<\/p>\n\n\n\n<h3 class=\"wp-block-heading\"><strong>KAN IK MEERDERE COUPONS GEBRUIKEN VOOR DEZELFDE TRANSACTIE?<\/strong><\/h3>\n\n\n\n<p>Er kan slechts \u00e9\u00e9n coupon worden gebruikt voor een enkele transactie of een winkelwagentje. U kunt echter meerdere artikelen aan \u00e9\u00e9n winkelwagentje toevoegen om \u00e9\u00e9n kortingsbon te gebruiken en van kortingen te profiteren.<\/p>","protected":false},"excerpt":{"rendered":"<p>SHIPPING WHAT IS THE STATUS OF MY ORDER? Once you have placed your order, we will send you a confirmation email to track the status of your order. Once your order is shipped we will send you another email along with the link to track your order. Or, you can track the status of your [&hellip;]<\/p>\n","protected":false},"author":1,"featured_media":0,"parent":0,"menu_order":0,"comment_status":"closed","ping_status":"closed","template":"","meta":{"_uag_custom_page_level_css":"","site-sidebar-layout":"default","site-content-layout":"","ast-site-content-layout":"default","site-content-style":"default","site-sidebar-style":"default","ast-global-header-display":"","ast-banner-title-visibility":"","ast-main-header-display":"","ast-hfb-above-header-display":"","ast-hfb-below-header-display":"","ast-hfb-mobile-header-display":"","site-post-title":"","ast-breadcrumbs-content":"","ast-featured-img":"","footer-sml-layout":"","ast-disable-related-posts":"","theme-transparent-header-meta":"","adv-header-id-meta":"","stick-header-meta":"","header-above-stick-meta":"","header-main-stick-meta":"","header-below-stick-meta":"","astra-migrate-meta-layouts":"set","ast-page-background-enabled":"default","ast-page-background-meta":{"desktop":{"background-color":"","background-image":"","background-repeat":"repeat","background-position":"center center","background-size":"auto","background-attachment":"scroll","background-type":"","background-media":"","overlay-type":"","overlay-color":"","overlay-opacity":"","overlay-gradient":""},"tablet":{"background-color":"","background-image":"","background-repeat":"repeat","background-position":"center center","background-size":"auto","background-attachment":"scroll","background-type":"","background-media":"","overlay-type":"","overlay-color":"","overlay-opacity":"","overlay-gradient":""},"mobile":{"background-color":"","background-image":"","background-repeat":"repeat","background-position":"center center","background-size":"auto","background-attachment":"scroll","background-type":"","background-media":"","overlay-type":"","overlay-color":"","overlay-opacity":"","overlay-gradient":""}},"ast-content-background-meta":{"desktop":{"background-color":"var(--ast-global-color-5)","background-image":"","background-repeat":"repeat","background-position":"center center","background-size":"auto","background-attachment":"scroll","background-type":"","background-media":"","overlay-type":"","overlay-color":"","overlay-opacity":"","overlay-gradient":""},"tablet":{"background-color":"var(--ast-global-color-5)","background-image":"","background-repeat":"repeat","background-position":"center center","background-size":"auto","background-attachment":"scroll","background-type":"","background-media":"","overlay-type":"","overlay-color":"","overlay-opacity":"","overlay-gradient":""},"mobile":{"background-color":"var(--ast-global-color-5)","background-image":"","background-repeat":"repeat","background-position":"center center","background-size":"auto","background-attachment":"scroll","background-type":"","background-media":"","overlay-type":"","overlay-color":"","overlay-opacity":"","overlay-gradient":""}},"footnotes":""},"class_list":["post-2129","page","type-page","status-publish","hentry"],"yoast_head":"<!-- This site is optimized with the Yoast SEO plugin v27.4 - https:\/\/yoast.com\/product\/yoast-seo-wordpress\/ -->\n<title>Herbal Soap FAQs | Shipping, Ingredients &amp; Usage Questions | Taxne<\/title>\n<meta name=\"description\" content=\"Find quick answers to your questions about Taxne herbal soaps. Learn about ingredients, shipping, returns, usage tips, and more. Can&#039;t find what you need? Our team is ready to help.\" \/>\n<meta name=\"robots\" content=\"index, follow, max-snippet:-1, max-image-preview:large, max-video-preview:-1\" \/>\n<link rel=\"canonical\" href=\"https:\/\/taxne.com\/nl\/veelgestelde-vragen\/\" \/>\n<meta property=\"og:locale\" content=\"nl_NL\" \/>\n<meta property=\"og:type\" content=\"article\" \/>\n<meta property=\"og:title\" content=\"Herbal Soap FAQs | Shipping, Ingredients &amp; Usage Questions | Taxne\" \/>\n<meta property=\"og:description\" content=\"Find quick answers to your questions about Taxne herbal soaps. Learn about ingredients, shipping, returns, usage tips, and more. Can&#039;t find what you need? Our team is ready to help.\" \/>\n<meta property=\"og:url\" content=\"https:\/\/taxne.com\/nl\/veelgestelde-vragen\/\" \/>\n<meta property=\"article:modified_time\" content=\"2025-09-10T09:05:04+00:00\" \/>\n<meta name=\"twitter:card\" content=\"summary_large_image\" \/>\n<meta name=\"twitter:label1\" content=\"Verwachte leestijd\" \/>\n\t<meta name=\"twitter:data1\" content=\"7 minuten\" \/>\n<script type=\"application\/ld+json\" class=\"yoast-schema-graph\">{\"@context\":\"https:\\\/\\\/schema.org\",\"@graph\":[{\"@type\":\"WebPage\",\"@id\":\"https:\\\/\\\/taxne.com\\\/faqs\\\/\",\"url\":\"https:\\\/\\\/taxne.com\\\/faqs\\\/\",\"name\":\"Herbal Soap FAQs | Shipping, Ingredients & Usage Questions | Taxne\",\"isPartOf\":{\"@id\":\"https:\\\/\\\/taxne.com\\\/#website\"},\"datePublished\":\"2024-07-15T03:55:40+00:00\",\"dateModified\":\"2025-09-10T09:05:04+00:00\",\"description\":\"Find quick answers to your questions about Taxne herbal soaps. Learn about ingredients, shipping, returns, usage tips, and more. Can't find what you need? Our team is ready to help.\",\"breadcrumb\":{\"@id\":\"https:\\\/\\\/taxne.com\\\/faqs\\\/#breadcrumb\"},\"inLanguage\":\"nl-NL\",\"potentialAction\":[{\"@type\":\"ReadAction\",\"target\":[\"https:\\\/\\\/taxne.com\\\/faqs\\\/\"]}]},{\"@type\":\"BreadcrumbList\",\"@id\":\"https:\\\/\\\/taxne.com\\\/faqs\\\/#breadcrumb\",\"itemListElement\":[{\"@type\":\"ListItem\",\"position\":1,\"name\":\"\u9996\u9875\",\"item\":\"https:\\\/\\\/taxne.com\\\/\"},{\"@type\":\"ListItem\",\"position\":2,\"name\":\"Faqs\"}]},{\"@type\":\"WebSite\",\"@id\":\"https:\\\/\\\/taxne.com\\\/#website\",\"url\":\"https:\\\/\\\/taxne.com\\\/\",\"name\":\"taxne.com\",\"description\":\"\",\"publisher\":{\"@id\":\"https:\\\/\\\/taxne.com\\\/#organization\"},\"potentialAction\":[{\"@type\":\"SearchAction\",\"target\":{\"@type\":\"EntryPoint\",\"urlTemplate\":\"https:\\\/\\\/taxne.com\\\/?s={search_term_string}\"},\"query-input\":{\"@type\":\"PropertyValueSpecification\",\"valueRequired\":true,\"valueName\":\"search_term_string\"}}],\"inLanguage\":\"nl-NL\"},{\"@type\":\"Organization\",\"@id\":\"https:\\\/\\\/taxne.com\\\/#organization\",\"name\":\"taxne.com\",\"url\":\"https:\\\/\\\/taxne.com\\\/\",\"logo\":{\"@type\":\"ImageObject\",\"inLanguage\":\"nl-NL\",\"@id\":\"https:\\\/\\\/taxne.com\\\/#\\\/schema\\\/logo\\\/image\\\/\",\"url\":\"https:\\\/\\\/taxne.com\\\/wp-content\\\/uploads\\\/2025\\\/09\\\/cropped-logo.png\",\"contentUrl\":\"https:\\\/\\\/taxne.com\\\/wp-content\\\/uploads\\\/2025\\\/09\\\/cropped-logo.png\",\"width\":1027,\"height\":270,\"caption\":\"taxne.com\"},\"image\":{\"@id\":\"https:\\\/\\\/taxne.com\\\/#\\\/schema\\\/logo\\\/image\\\/\"}}]}<\/script>\n<!-- \/ Yoast SEO plugin. -->","yoast_head_json":{"title":"Herbal Soap FAQs | Shipping, Ingredients & Usage Questions | Taxne","description":"Find quick answers to your questions about Taxne herbal soaps. Learn about ingredients, shipping, returns, usage tips, and more. Can't find what you need? Our team is ready to help.","robots":{"index":"index","follow":"follow","max-snippet":"max-snippet:-1","max-image-preview":"max-image-preview:large","max-video-preview":"max-video-preview:-1"},"canonical":"https:\/\/taxne.com\/nl\/veelgestelde-vragen\/","og_locale":"nl_NL","og_type":"article","og_title":"Herbal Soap FAQs | Shipping, Ingredients & Usage Questions | Taxne","og_description":"Find quick answers to your questions about Taxne herbal soaps. Learn about ingredients, shipping, returns, usage tips, and more. Can't find what you need? Our team is ready to help.","og_url":"https:\/\/taxne.com\/nl\/veelgestelde-vragen\/","article_modified_time":"2025-09-10T09:05:04+00:00","twitter_card":"summary_large_image","twitter_misc":{"Verwachte leestijd":"7 minuten"},"schema":{"@context":"https:\/\/schema.org","@graph":[{"@type":"WebPage","@id":"https:\/\/taxne.com\/faqs\/","url":"https:\/\/taxne.com\/faqs\/","name":"Herbal Soap FAQs | Shipping, Ingredients & Usage Questions | Taxne","isPartOf":{"@id":"https:\/\/taxne.com\/#website"},"datePublished":"2024-07-15T03:55:40+00:00","dateModified":"2025-09-10T09:05:04+00:00","description":"Find quick answers to your questions about Taxne herbal soaps. Learn about ingredients, shipping, returns, usage tips, and more. Can't find what you need? Our team is ready to help.","breadcrumb":{"@id":"https:\/\/taxne.com\/faqs\/#breadcrumb"},"inLanguage":"nl-NL","potentialAction":[{"@type":"ReadAction","target":["https:\/\/taxne.com\/faqs\/"]}]},{"@type":"BreadcrumbList","@id":"https:\/\/taxne.com\/faqs\/#breadcrumb","itemListElement":[{"@type":"ListItem","position":1,"name":"\u9996\u9875","item":"https:\/\/taxne.com\/"},{"@type":"ListItem","position":2,"name":"Faqs"}]},{"@type":"WebSite","@id":"https:\/\/taxne.com\/#website","url":"https:\/\/taxne.com\/","name":"taxne.com","description":"","publisher":{"@id":"https:\/\/taxne.com\/#organization"},"potentialAction":[{"@type":"SearchAction","target":{"@type":"EntryPoint","urlTemplate":"https:\/\/taxne.com\/?s={search_term_string}"},"query-input":{"@type":"PropertyValueSpecification","valueRequired":true,"valueName":"search_term_string"}}],"inLanguage":"nl-NL"},{"@type":"Organization","@id":"https:\/\/taxne.com\/#organization","name":"taxne.com","url":"https:\/\/taxne.com\/","logo":{"@type":"ImageObject","inLanguage":"nl-NL","@id":"https:\/\/taxne.com\/#\/schema\/logo\/image\/","url":"https:\/\/taxne.com\/wp-content\/uploads\/2025\/09\/cropped-logo.png","contentUrl":"https:\/\/taxne.com\/wp-content\/uploads\/2025\/09\/cropped-logo.png","width":1027,"height":270,"caption":"taxne.com"},"image":{"@id":"https:\/\/taxne.com\/#\/schema\/logo\/image\/"}}]}},"uagb_featured_image_src":{"full":false,"thumbnail":false,"medium":false,"medium_large":false,"large":false,"1536x1536":false,"2048x2048":false,"trp-custom-language-flag":false,"woocommerce_thumbnail":false,"woocommerce_single":false,"woocommerce_gallery_thumbnail":false},"uagb_author_info":{"display_name":"tianke1223@gmail.com","author_link":"https:\/\/taxne.com\/nl\/author\/tianke1223gmail-com\/"},"uagb_comment_info":0,"uagb_excerpt":"SHIPPING WHAT IS THE STATUS OF MY ORDER? Once you have placed your order, we will send you a confirmation email to track the status of your order. Once your order is shipped we will send you another email along with the link to track your order. Or, you can track the status of your&hellip;","jetpack_sharing_enabled":true,"_links":{"self":[{"href":"https:\/\/taxne.com\/nl\/wp-json\/wp\/v2\/pages\/2129","targetHints":{"allow":["GET"]}}],"collection":[{"href":"https:\/\/taxne.com\/nl\/wp-json\/wp\/v2\/pages"}],"about":[{"href":"https:\/\/taxne.com\/nl\/wp-json\/wp\/v2\/types\/page"}],"author":[{"embeddable":true,"href":"https:\/\/taxne.com\/nl\/wp-json\/wp\/v2\/users\/1"}],"replies":[{"embeddable":true,"href":"https:\/\/taxne.com\/nl\/wp-json\/wp\/v2\/comments?post=2129"}],"version-history":[{"count":2,"href":"https:\/\/taxne.com\/nl\/wp-json\/wp\/v2\/pages\/2129\/revisions"}],"predecessor-version":[{"id":2131,"href":"https:\/\/taxne.com\/nl\/wp-json\/wp\/v2\/pages\/2129\/revisions\/2131"}],"wp:attachment":[{"href":"https:\/\/taxne.com\/nl\/wp-json\/wp\/v2\/media?parent=2129"}],"curies":[{"name":"wp","href":"https:\/\/api.w.org\/{rel}","templated":true}]}}