{"id":119,"date":"2025-09-09T13:37:46","date_gmt":"2025-09-09T13:37:46","guid":{"rendered":"https:\/\/taxne.com\/about-us\/"},"modified":"2025-09-10T04:37:41","modified_gmt":"2025-09-10T04:37:41","slug":"about-us","status":"publish","type":"page","link":"https:\/\/taxne.com\/pt\/sobre-nos\/","title":{"rendered":"Sobre n\u00f3s"},"content":{"rendered":"<div class=\"wp-block-uagb-container uagb-block-c83c7f3f alignfull uagb-is-root-container\"><div class=\"uagb-container-inner-blocks-wrap\">\n<div class=\"wp-block-uagb-advanced-heading uagb-block-7ce29fef\"><h1 class=\"uagb-heading-text\">Sobre n\u00f3s<\/h1><\/div>\n<\/div><\/div>\n\n\n\n<div class=\"wp-block-uagb-container uagb-layout-grid uagb-block-f9b6823f alignfull uagb-is-root-container\"><div class=\"uagb-container-inner-blocks-wrap\">\n<div class=\"wp-block-uagb-advanced-heading uagb-block-f14391ff\"><h3 class=\"uagb-heading-text\"><strong>Hist\u00f3ria da marca<\/strong> :                                    <strong>A inspira\u00e7\u00e3o por tr\u00e1s de Taxne: onde a ci\u00eancia encontra a sabedoria da natureza<\/strong><\/h3><\/div>\n\n\n\n<div class=\"wp-block-uagb-info-box uagb-block-56808190 uagb-infobox__content-wrap  uagb-infobox-icon-above-title uagb-infobox-image-valign-top wp-block-uagb-info-box--has-margin\"><div class=\"uagb-infobox-margin-wrapper\"><div class=\"uagb-ifb-content\"><div class=\"uagb-ifb-title-wrap\"><\/div><p class=\"uagb-ifb-desc\">Nossa hist\u00f3ria come\u00e7a com um dos milagres mais profundos da natureza:&nbsp;<strong>Paclitaxel (\u7d2b\u6749\u9187)<\/strong>Este composto inovador, derivado do ancestral teixo do Pac\u00edfico (Taxus), revolucionou a medicina moderna. \u00c9 um poderoso testemunho da ideia de que&nbsp;<strong>a natureza \u00e9 a chave para o nosso bem-estar<\/strong>.<br>A descoberta do Paclitaxel nos inspirou. Ela acendeu uma pergunta simples, por\u00e9m poderosa: se a natureza pode oferecer solu\u00e7\u00f5es t\u00e3o profundas para a sa\u00fade, que outros segredos atemporais ela guarda para a beleza e o cuidado?<br>Esta quest\u00e3o levou-nos ao cerne da quest\u00e3o&nbsp;<strong>Medicina Tradicional Chinesa (MTC)<\/strong>&nbsp;\u2013 um reposit\u00f3rio milenar de conhecimento sobre ervas.&nbsp;<strong>Taxne<\/strong>, nos vemos como exploradores modernos. Honramos o esp\u00edrito da descoberta cient\u00edfica que desvendou o Paclitaxel, aplicando o mesmo respeito rigoroso a essa sabedoria bot\u00e2nica ancestral.<br>Nosso nome,&nbsp;<strong>Taxne<\/strong>, \u00e9 uma homenagem a esta jornada. Ela ecoa o legado cient\u00edfico da \u00e1rvore Taxus ao mesmo tempo em que representa nossa miss\u00e3o: aproveitar&nbsp;<strong>Nova Energia Derivada de Plantas<\/strong>&nbsp;para cuidados capilares modernos.<br>Selecionamos meticulosamente ervas chinesas potentes, empregamos m\u00e9todos modernos de extra\u00e7\u00e3o para capturar suas ess\u00eancias ativas e as transformamos em barras de xampu luxuosas e eficazes. Cada barra Taxne \u00e9 uma fus\u00e3o da generosidade da natureza com a dedica\u00e7\u00e3o cient\u00edfica.<br>Taxne \u00e9 mais do que apenas cabelo limpo. \u00c9 um&nbsp;<strong>ritual cient\u00edfico para o bem-estar do couro cabeludo<\/strong>, inspirado na farm\u00e1cia mais sofisticada da natureza.<\/p><div class=\"uagb-ifb-button-wrapper wp-block-button\"><a href=\"https:\/\/taxne.com\/pt\/product-category\/herbs-soap\/\" class=\"uagb-infobox-cta-link wp-block-button__link\" target=\"_self\" rel=\"noopener noreferrer\" onclick=\"return true;\"><span class=\"uagb-inline-editing\">Ler mais<\/span><\/a><\/div><\/div><\/div><\/div>\n<\/div><\/div>\n\n\n\n<div class=\"wp-block-uagb-container uagb-block-9838c905 alignfull uagb-is-root-container\"><div class=\"uagb-container-inner-blocks-wrap\">\n<div class=\"wp-block-uagb-advanced-heading uagb-block-899619b6\"><h2 class=\"uagb-heading-text\"><strong>Taxne | Rituais capilares \u00e0 base de plantas<\/strong><\/h2><p class=\"uagb-desc-text\"><strong>Nossa Filosofia<\/strong><br>Na Taxne, acreditamos no poder inteligente das plantas. Nossa filosofia se baseia em tr\u00eas pilares:<br><strong>Inspirado pela ci\u00eancia, enraizado na natureza.<\/strong><br>Buscamos descobertas cient\u00edficas inovadoras, como o Paclitaxel, para nortear nosso respeito pelo potencial da natureza. N\u00e3o somos cientistas em um laborat\u00f3rio, mas sim curadores dedicados do que a natureza tem de melhor para o cuidado capilar.<br><strong>A Pureza da Efic\u00e1cia.<\/strong><br>Rejeitamos enchimentos desnecess\u00e1rios e produtos qu\u00edmicos agressivos. Cada ingrediente em nossos shampoos em barra tem uma fun\u00e7\u00e3o, atuando em harmonia para limpar, nutrir e restaurar o equil\u00edbrio do seu couro cabeludo e cabelo.<br><strong>Rituais modernos para sabedoria antiga.<\/strong><br>Traduzimos a profunda sabedoria da MTC em rituais de autocuidado simples, luxuosos e di\u00e1rios que se adaptam perfeitamente \u00e0 vida moderna.<br><strong>Nossa Promessa<\/strong><br>N\u00f3s prometemos entregar\u00a0<strong>honesto, transparente e potente<\/strong>\u00a0Cuidado capilar \u00e0 base de plantas. Estamos comprometidos com pr\u00e1ticas sustent\u00e1veis, desde a origem at\u00e9 a embalagem, porque o respeito \u00e0 natureza est\u00e1 no cerne de quem somos.<br><strong>Aviso importante:<\/strong><br>Os produtos Taxne n\u00e3o s\u00e3o afiliados nem cont\u00eam o composto farmac\u00eautico Paclitaxel. A hist\u00f3ria da nossa marca \u00e9 baseada na inspira\u00e7\u00e3o filos\u00f3fica extra\u00edda da descoberta cient\u00edfica do Paclitaxel e de suas origens na natureza. Nossos produtos s\u00e3o cosm\u00e9ticos e n\u00e3o se destinam a diagnosticar, tratar, curar ou prevenir qualquer doen\u00e7a.<\/p><\/div>\n\n\n\n<div class=\"wp-block-uagb-image aligncenter uagb-block-f49f13f1 wp-block-uagb-image--layout-default wp-block-uagb-image--effect-static wp-block-uagb-image--align-center\"><figure class=\"wp-block-uagb-image__figure\"><img decoding=\"async\" srcset=\"https:\/\/taxne.com\/wp-content\/uploads\/2025\/09\/1-1024x768.jpg ,https:\/\/taxne.com\/wp-content\/uploads\/2025\/09\/1-scaled.jpg 780w, https:\/\/taxne.com\/wp-content\/uploads\/2025\/09\/1-scaled.jpg 360w\" sizes=\"auto, (max-width: 480px) 150px\" src=\"https:\/\/taxne.com\/wp-content\/uploads\/2025\/09\/1-1024x768.jpg\" alt=\"1\" class=\"uag-image-8261\" width=\"1024\" height=\"768\" title=\"1\" loading=\"lazy\" role=\"img\"\/><\/figure><\/div>\n\n\n\n<div class=\"wp-block-uagb-container uagb-layout-grid uagb-block-719d324d\">\n<div class=\"wp-block-uagb-advanced-heading uagb-block-49080780\"><p class=\"uagb-heading-text\"><strong>Inspirado pela ci\u00eancia, enraizado na natureza.<\/strong><br>Buscamos descobertas cient\u00edficas inovadoras, como o Paclitaxel, para nortear nosso respeito pelo potencial da natureza. N\u00e3o somos cientistas em um laborat\u00f3rio, mas sim curadores dedicados do que a natureza tem de melhor para o cuidado capilar.<br><strong>A Pureza da Efic\u00e1cia.<\/strong><br>Rejeitamos enchimentos desnecess\u00e1rios e produtos qu\u00edmicos agressivos. Cada ingrediente em nossos shampoos em barra tem uma fun\u00e7\u00e3o, atuando em harmonia para limpar, nutrir e restaurar o equil\u00edbrio do seu couro cabeludo e cabelo.<br><strong>Rituais modernos para sabedoria antiga.<\/strong><br>Traduzimos a profunda sabedoria da MTC em rituais de autocuidado simples, luxuosos e di\u00e1rios que se adaptam perfeitamente \u00e0 vida moderna.<\/p><\/div>\n\n\n\n<div class=\"wp-block-uagb-advanced-heading uagb-block-67da4369\"><p class=\"uagb-heading-text\"><strong>Nossa Promessa<\/strong><br>N\u00f3s prometemos entregar\u00a0<strong>honesto, transparente e potente<\/strong>\u00a0Cuidado capilar \u00e0 base de plantas. Estamos comprometidos com pr\u00e1ticas sustent\u00e1veis, desde a origem at\u00e9 a embalagem, porque o respeito \u00e0 natureza est\u00e1 no cerne de quem somos.<br><strong>Aviso importante:<\/strong><br>Os produtos Taxne n\u00e3o s\u00e3o afiliados nem cont\u00eam o composto farmac\u00eautico Paclitaxel. A hist\u00f3ria da nossa marca \u00e9 baseada na inspira\u00e7\u00e3o filos\u00f3fica extra\u00edda da descoberta cient\u00edfica do Paclitaxel e de suas origens na natureza. Nossos produtos s\u00e3o cosm\u00e9ticos e n\u00e3o se destinam a diagnosticar, tratar, curar ou prevenir qualquer doen\u00e7a.<\/p><\/div>\n<\/div>\n<\/div><\/div>\n\n\n\n<div class=\"wp-block-uagb-container uagb-block-b6050628 alignfull uagb-is-root-container\"><div class=\"uagb-container-inner-blocks-wrap\">\n<div class=\"wp-block-uagb-info-box uagb-block-ea68267b uagb-infobox__content-wrap  uagb-infobox-icon-above-title uagb-infobox-image-valign-top\"><div class=\"uagb-ifb-content\"><div class=\"uagb-ifb-title-wrap\"><h2 class=\"uagb-ifb-title\">Cansado da queda de cabelo?&nbsp;<strong>Taxne | Rituais capilares \u00e0 base de plantas<\/strong>!<\/h2><\/div><p class=\"uagb-ifb-desc\">Taxne \u00e9 mais do que apenas cabelo limpo. \u00c9 um&nbsp;<strong>ritual cient\u00edfico para o bem-estar do couro cabeludo<\/strong>, inspirado na farm\u00e1cia mais sofisticada da natureza.<\/p><div class=\"uagb-ifb-button-wrapper wp-block-button\"><a href=\"https:\/\/taxne.com\/pt\/product-category\/herbs-soap\/\" class=\"uagb-infobox-cta-link wp-block-button__link\" target=\"_self\" rel=\"noopener noreferrer\" onclick=\"return true;\"><span class=\"uagb-inline-editing\">Ir \u00e0 loja<\/span><\/a><\/div><\/div><\/div>\n<\/div><\/div>","protected":false},"excerpt":{"rendered":"<p>About Us Brand Story : The Inspiration Behind Taxne: Where Science Meets Nature&#8217;s Wisdom Taxne | Plant-Powered Hair Rituals Our PhilosophyAt Taxne, we believe in the intelligent power of plants. Our philosophy is built on three pillars:Inspired by Science, Rooted in Nature.We look to groundbreaking scientific discoveries, like Paclitaxel, to guide our respect for nature&#8217;s [&hellip;]<\/p>\n","protected":false},"author":1,"featured_media":0,"parent":0,"menu_order":0,"comment_status":"closed","ping_status":"closed","template":"","meta":{"_uag_custom_page_level_css":"","site-sidebar-layout":"default","site-content-layout":"plain-container","ast-site-content-layout":"full-width-container","site-content-style":"unboxed","site-sidebar-style":"unboxed","ast-global-header-display":"","ast-banner-title-visibility":"","ast-main-header-display":"","ast-hfb-above-header-display":"","ast-hfb-below-header-display":"","ast-hfb-mobile-header-display":"","site-post-title":"disabled","ast-breadcrumbs-content":"","ast-featured-img":"disabled","footer-sml-layout":"","ast-disable-related-posts":"","theme-transparent-header-meta":"enabled","adv-header-id-meta":"","stick-header-meta":"","header-above-stick-meta":"","header-main-stick-meta":"","header-below-stick-meta":"","astra-migrate-meta-layouts":"set","ast-page-background-enabled":"default","ast-page-background-meta":{"desktop":{"background-color":"","background-image":"","background-repeat":"repeat","background-position":"center center","background-size":"auto","background-attachment":"scroll","background-type":"","background-media":"","overlay-type":"","overlay-color":"","overlay-opacity":"","overlay-gradient":""},"tablet":{"background-color":"","background-image":"","background-repeat":"repeat","background-position":"center center","background-size":"auto","background-attachment":"scroll","background-type":"","background-media":"","overlay-type":"","overlay-color":"","overlay-opacity":"","overlay-gradient":""},"mobile":{"background-color":"","background-image":"","background-repeat":"repeat","background-position":"center center","background-size":"auto","background-attachment":"scroll","background-type":"","background-media":"","overlay-type":"","overlay-color":"","overlay-opacity":"","overlay-gradient":""}},"ast-content-background-meta":{"desktop":{"background-color":"var(--ast-global-color-5)","background-image":"","background-repeat":"repeat","background-position":"center center","background-size":"auto","background-attachment":"scroll","background-type":"","background-media":"","overlay-type":"","overlay-color":"","overlay-opacity":"","overlay-gradient":""},"tablet":{"background-color":"var(--ast-global-color-5)","background-image":"","background-repeat":"repeat","background-position":"center center","background-size":"auto","background-attachment":"scroll","background-type":"","background-media":"","overlay-type":"","overlay-color":"","overlay-opacity":"","overlay-gradient":""},"mobile":{"background-color":"var(--ast-global-color-5)","background-image":"","background-repeat":"repeat","background-position":"center center","background-size":"auto","background-attachment":"scroll","background-type":"","background-media":"","overlay-type":"","overlay-color":"","overlay-opacity":"","overlay-gradient":""}},"footnotes":""},"class_list":["post-119","page","type-page","status-publish","hentry"],"yoast_head":"<!-- This site is optimized with the Yoast SEO plugin v27.4 - https:\/\/yoast.com\/product\/yoast-seo-wordpress\/ -->\n<title>Taxne | Plant-Powered Hair &amp; Skin Care Inspired by Nature&#039;s Intelligence<\/title>\n<meta name=\"description\" content=\"At Taxne, we blend ancient botanical wisdom with modern science to create effective, sustainable care for hair &amp; skin. Discover our story, our natural ingredients, and our eco-conscious mission.\" \/>\n<meta name=\"robots\" content=\"index, follow, max-snippet:-1, max-image-preview:large, max-video-preview:-1\" \/>\n<link rel=\"canonical\" href=\"https:\/\/taxne.com\/pt\/sobre-nos\/\" \/>\n<meta property=\"og:locale\" content=\"pt_PT\" \/>\n<meta property=\"og:type\" content=\"article\" \/>\n<meta property=\"og:title\" content=\"Taxne | Plant-Powered Hair &amp; Skin Care Inspired by Nature&#039;s Intelligence\" \/>\n<meta property=\"og:description\" content=\"At Taxne, we blend ancient botanical wisdom with modern science to create effective, sustainable care for hair &amp; skin. Discover our story, our natural ingredients, and our eco-conscious mission.\" \/>\n<meta property=\"og:url\" content=\"https:\/\/taxne.com\/pt\/sobre-nos\/\" \/>\n<meta property=\"article:modified_time\" content=\"2025-09-10T04:37:41+00:00\" \/>\n<meta property=\"og:image\" content=\"https:\/\/taxne.com\/wp-content\/uploads\/2025\/09\/1-1024x768.jpg\" \/>\n<meta name=\"twitter:card\" content=\"summary_large_image\" \/>\n<meta name=\"twitter:label1\" content=\"Tempo estimado de leitura\" \/>\n\t<meta name=\"twitter:data1\" content=\"4 minutos\" \/>\n<script type=\"application\/ld+json\" class=\"yoast-schema-graph\">{\"@context\":\"https:\\\/\\\/schema.org\",\"@graph\":[{\"@type\":\"WebPage\",\"@id\":\"https:\\\/\\\/taxne.com\\\/about-us\\\/\",\"url\":\"https:\\\/\\\/taxne.com\\\/about-us\\\/\",\"name\":\"Taxne | Plant-Powered Hair & Skin Care Inspired by Nature's Intelligence\",\"isPartOf\":{\"@id\":\"https:\\\/\\\/taxne.com\\\/#website\"},\"primaryImageOfPage\":{\"@id\":\"https:\\\/\\\/taxne.com\\\/about-us\\\/#primaryimage\"},\"image\":{\"@id\":\"https:\\\/\\\/taxne.com\\\/about-us\\\/#primaryimage\"},\"thumbnailUrl\":\"https:\\\/\\\/taxne.com\\\/wp-content\\\/uploads\\\/2025\\\/09\\\/1-1024x768.jpg\",\"datePublished\":\"2025-09-09T13:37:46+00:00\",\"dateModified\":\"2025-09-10T04:37:41+00:00\",\"description\":\"At Taxne, we blend ancient botanical wisdom with modern science to create effective, sustainable care for hair & skin. Discover our story, our natural ingredients, and our eco-conscious mission.\",\"breadcrumb\":{\"@id\":\"https:\\\/\\\/taxne.com\\\/about-us\\\/#breadcrumb\"},\"inLanguage\":\"pt-PT\",\"potentialAction\":[{\"@type\":\"ReadAction\",\"target\":[\"https:\\\/\\\/taxne.com\\\/about-us\\\/\"]}]},{\"@type\":\"ImageObject\",\"inLanguage\":\"pt-PT\",\"@id\":\"https:\\\/\\\/taxne.com\\\/about-us\\\/#primaryimage\",\"url\":\"https:\\\/\\\/taxne.com\\\/wp-content\\\/uploads\\\/2025\\\/09\\\/1-1024x768.jpg\",\"contentUrl\":\"https:\\\/\\\/taxne.com\\\/wp-content\\\/uploads\\\/2025\\\/09\\\/1-1024x768.jpg\"},{\"@type\":\"BreadcrumbList\",\"@id\":\"https:\\\/\\\/taxne.com\\\/about-us\\\/#breadcrumb\",\"itemListElement\":[{\"@type\":\"ListItem\",\"position\":1,\"name\":\"\u9996\u9875\",\"item\":\"https:\\\/\\\/taxne.com\\\/\"},{\"@type\":\"ListItem\",\"position\":2,\"name\":\"About Us\"}]},{\"@type\":\"WebSite\",\"@id\":\"https:\\\/\\\/taxne.com\\\/#website\",\"url\":\"https:\\\/\\\/taxne.com\\\/\",\"name\":\"taxne.com\",\"description\":\"\",\"publisher\":{\"@id\":\"https:\\\/\\\/taxne.com\\\/#organization\"},\"potentialAction\":[{\"@type\":\"SearchAction\",\"target\":{\"@type\":\"EntryPoint\",\"urlTemplate\":\"https:\\\/\\\/taxne.com\\\/?s={search_term_string}\"},\"query-input\":{\"@type\":\"PropertyValueSpecification\",\"valueRequired\":true,\"valueName\":\"search_term_string\"}}],\"inLanguage\":\"pt-PT\"},{\"@type\":\"Organization\",\"@id\":\"https:\\\/\\\/taxne.com\\\/#organization\",\"name\":\"taxne.com\",\"url\":\"https:\\\/\\\/taxne.com\\\/\",\"logo\":{\"@type\":\"ImageObject\",\"inLanguage\":\"pt-PT\",\"@id\":\"https:\\\/\\\/taxne.com\\\/#\\\/schema\\\/logo\\\/image\\\/\",\"url\":\"https:\\\/\\\/taxne.com\\\/wp-content\\\/uploads\\\/2025\\\/09\\\/cropped-logo.png\",\"contentUrl\":\"https:\\\/\\\/taxne.com\\\/wp-content\\\/uploads\\\/2025\\\/09\\\/cropped-logo.png\",\"width\":1027,\"height\":270,\"caption\":\"taxne.com\"},\"image\":{\"@id\":\"https:\\\/\\\/taxne.com\\\/#\\\/schema\\\/logo\\\/image\\\/\"}}]}<\/script>\n<!-- \/ Yoast SEO plugin. -->","yoast_head_json":{"title":"Taxne | Cuidados com a pele e cabelos \u00e0 base de plantas, inspirados na intelig\u00eancia da natureza","description":"Na Taxne, combinamos a sabedoria bot\u00e2nica ancestral com a ci\u00eancia moderna para criar cuidados eficazes e sustent\u00e1veis para cabelos e pele. Descubra nossa hist\u00f3ria, nossos ingredientes naturais e nossa miss\u00e3o ecoconsciente.","robots":{"index":"index","follow":"follow","max-snippet":"max-snippet:-1","max-image-preview":"max-image-preview:large","max-video-preview":"max-video-preview:-1"},"canonical":"https:\/\/taxne.com\/pt\/sobre-nos\/","og_locale":"pt_PT","og_type":"article","og_title":"Taxne | Plant-Powered Hair & Skin Care Inspired by Nature's Intelligence","og_description":"At Taxne, we blend ancient botanical wisdom with modern science to create effective, sustainable care for hair & skin. Discover our story, our natural ingredients, and our eco-conscious mission.","og_url":"https:\/\/taxne.com\/pt\/sobre-nos\/","article_modified_time":"2025-09-10T04:37:41+00:00","og_image":[{"url":"https:\/\/taxne.com\/wp-content\/uploads\/2025\/09\/1-1024x768.jpg","type":"","width":"","height":""}],"twitter_card":"summary_large_image","twitter_misc":{"Tempo estimado de leitura":"4 minutos"},"schema":{"@context":"https:\/\/schema.org","@graph":[{"@type":"WebPage","@id":"https:\/\/taxne.com\/about-us\/","url":"https:\/\/taxne.com\/about-us\/","name":"Taxne | Cuidados com a pele e cabelos \u00e0 base de plantas, inspirados na intelig\u00eancia da natureza","isPartOf":{"@id":"https:\/\/taxne.com\/#website"},"primaryImageOfPage":{"@id":"https:\/\/taxne.com\/about-us\/#primaryimage"},"image":{"@id":"https:\/\/taxne.com\/about-us\/#primaryimage"},"thumbnailUrl":"https:\/\/taxne.com\/wp-content\/uploads\/2025\/09\/1-1024x768.jpg","datePublished":"2025-09-09T13:37:46+00:00","dateModified":"2025-09-10T04:37:41+00:00","description":"Na Taxne, combinamos a sabedoria bot\u00e2nica ancestral com a ci\u00eancia moderna para criar cuidados eficazes e sustent\u00e1veis para cabelos e pele. Descubra nossa hist\u00f3ria, nossos ingredientes naturais e nossa miss\u00e3o ecoconsciente.","breadcrumb":{"@id":"https:\/\/taxne.com\/about-us\/#breadcrumb"},"inLanguage":"pt-PT","potentialAction":[{"@type":"ReadAction","target":["https:\/\/taxne.com\/about-us\/"]}]},{"@type":"ImageObject","inLanguage":"pt-PT","@id":"https:\/\/taxne.com\/about-us\/#primaryimage","url":"https:\/\/taxne.com\/wp-content\/uploads\/2025\/09\/1-1024x768.jpg","contentUrl":"https:\/\/taxne.com\/wp-content\/uploads\/2025\/09\/1-1024x768.jpg"},{"@type":"BreadcrumbList","@id":"https:\/\/taxne.com\/about-us\/#breadcrumb","itemListElement":[{"@type":"ListItem","position":1,"name":"\u9996\u9875","item":"https:\/\/taxne.com\/"},{"@type":"ListItem","position":2,"name":"About Us"}]},{"@type":"WebSite","@id":"https:\/\/taxne.com\/#website","url":"https:\/\/taxne.com\/","name":"taxne. com","description":"","publisher":{"@id":"https:\/\/taxne.com\/#organization"},"potentialAction":[{"@type":"SearchAction","target":{"@type":"EntryPoint","urlTemplate":"https:\/\/taxne.com\/?s={search_term_string}"},"query-input":{"@type":"PropertyValueSpecification","valueRequired":true,"valueName":"search_term_string"}}],"inLanguage":"pt-PT"},{"@type":"Organization","@id":"https:\/\/taxne.com\/#organization","name":"taxne. com","url":"https:\/\/taxne.com\/","logo":{"@type":"ImageObject","inLanguage":"pt-PT","@id":"https:\/\/taxne.com\/#\/schema\/logo\/image\/","url":"https:\/\/taxne.com\/wp-content\/uploads\/2025\/09\/cropped-logo.png","contentUrl":"https:\/\/taxne.com\/wp-content\/uploads\/2025\/09\/cropped-logo.png","width":1027,"height":270,"caption":"taxne.com"},"image":{"@id":"https:\/\/taxne.com\/#\/schema\/logo\/image\/"}}]}},"uagb_featured_image_src":{"full":false,"thumbnail":false,"medium":false,"medium_large":false,"large":false,"1536x1536":false,"2048x2048":false,"trp-custom-language-flag":false,"woocommerce_thumbnail":false,"woocommerce_single":false,"woocommerce_gallery_thumbnail":false},"uagb_author_info":{"display_name":"tianke1223@gmail.com","author_link":"https:\/\/taxne.com\/pt\/author\/tianke1223gmail-com\/"},"uagb_comment_info":0,"uagb_excerpt":"About Us Brand Story : The Inspiration Behind Taxne: Where Science Meets Nature&#8217;s Wisdom Taxne | Plant-Powered Hair Rituals Our PhilosophyAt Taxne, we believe in the intelligent power of plants. Our philosophy is built on three pillars:Inspired by Science, Rooted in Nature.We look to groundbreaking scientific discoveries, like Paclitaxel, to guide our respect for nature&#8217;s&hellip;","jetpack_sharing_enabled":true,"_links":{"self":[{"href":"https:\/\/taxne.com\/pt\/wp-json\/wp\/v2\/pages\/119","targetHints":{"allow":["GET"]}}],"collection":[{"href":"https:\/\/taxne.com\/pt\/wp-json\/wp\/v2\/pages"}],"about":[{"href":"https:\/\/taxne.com\/pt\/wp-json\/wp\/v2\/types\/page"}],"author":[{"embeddable":true,"href":"https:\/\/taxne.com\/pt\/wp-json\/wp\/v2\/users\/1"}],"replies":[{"embeddable":true,"href":"https:\/\/taxne.com\/pt\/wp-json\/wp\/v2\/comments?post=119"}],"version-history":[{"count":8,"href":"https:\/\/taxne.com\/pt\/wp-json\/wp\/v2\/pages\/119\/revisions"}],"predecessor-version":[{"id":8279,"href":"https:\/\/taxne.com\/pt\/wp-json\/wp\/v2\/pages\/119\/revisions\/8279"}],"wp:attachment":[{"href":"https:\/\/taxne.com\/pt\/wp-json\/wp\/v2\/media?parent=119"}],"curies":[{"name":"wp","href":"https:\/\/api.w.org\/{rel}","templated":true}]}}