{"id":2120,"date":"2024-07-15T03:49:45","date_gmt":"2024-07-15T03:49:45","guid":{"rendered":"https:\/\/taxne.com\/?page_id=2120"},"modified":"2025-09-10T09:19:23","modified_gmt":"2025-09-10T09:19:23","slug":"terms-and-conditions","status":"publish","type":"page","link":"https:\/\/taxne.com\/pt\/termos-e-condicoes\/","title":{"rendered":"Termos e Condi\u00e7\u00f5es"},"content":{"rendered":"<h3 class=\"wp-block-heading\">Termos e Condi\u00e7\u00f5es<\/h3>\n\n\n\n<p>Bem-vindo ao Taxne.com!<\/p>\n\n\n\n<p>Estes termos e condi\u00e7\u00f5es descrevem as regras e regulamentos para o uso do site da Taxne, localizado em <a target=\"_blank\" href=\"https:\/\/snow-horse-669139.builder-preview.com\/\" rel=\"noreferrer noopener\">https:\/\/taxne.com<\/a>.<\/p>\n\n\n\n<p>Ao acessar este site, presumimos que voc\u00ea aceita estes termos e condi\u00e7\u00f5es. N\u00e3o continue a utilizar o Taxne.com se n\u00e3o concordar com todos os termos e condi\u00e7\u00f5es estabelecidos nesta p\u00e1gina.<\/p>\n\n\n\n<h6 class=\"wp-block-heading\">Biscoitos:<\/h6>\n\n\n\n<p>O site utiliza cookies para ajudar a personalizar sua experi\u00eancia online. Ao acessar Taxne.com, voc\u00ea concorda com o uso dos cookies necess\u00e1rios.<\/p>\n\n\n\n<p>Um cookie \u00e9 um arquivo de texto que \u00e9 colocado no seu disco r\u00edgido por um servidor de p\u00e1ginas da web. Os cookies n\u00e3o podem ser usados para executar programas ou enviar v\u00edrus para o seu computador. Os cookies s\u00e3o atribu\u00eddos exclusivamente a voc\u00ea e s\u00f3 podem ser lidos por um servidor web no dom\u00ednio que emitiu o cookie para voc\u00ea.<\/p>\n\n\n\n<p>Podemos usar cookies para coletar, armazenar e rastrear informa\u00e7\u00f5es para fins estat\u00edsticos ou de marketing para operar nosso site. Voc\u00ea tem a op\u00e7\u00e3o de aceitar ou recusar Cookies opcionais. Existem alguns Cookies obrigat\u00f3rios que s\u00e3o essenciais para o funcionamento do nosso site. Esses cookies n\u00e3o exigem o seu consentimento, pois funcionam sempre. Lembre-se de que, ao aceitar os Cookies obrigat\u00f3rios, voc\u00ea tamb\u00e9m aceita Cookies de terceiros, que podem ser usados por meio de servi\u00e7os fornecidos por terceiros se voc\u00ea usar esses servi\u00e7os em nosso site, por exemplo, uma janela de exibi\u00e7\u00e3o de v\u00eddeo fornecida por terceiros e integrada ao nosso site.<\/p>\n\n\n\n<h6 class=\"wp-block-heading\">Licen\u00e7a:<\/h6>\n\n\n\n<p>Salvo indica\u00e7\u00e3o em contr\u00e1rio, a Taxne e\/ou seus licenciadores det\u00eam os direitos de propriedade intelectual de todo o material em Taxne.com. Todos os direitos de propriedade intelectual s\u00e3o reservados. Voc\u00ea pode acess\u00e1-los a partir do Taxne.com para seu uso pessoal, sujeito \u00e0s restri\u00e7\u00f5es estabelecidas nestes termos e condi\u00e7\u00f5es.<\/p>\n\n\n\n<p>Voc\u00ea n\u00e3o deve:<\/p>\n\n\n\n<ul class=\"wp-block-list\">\n<li>Copiar ou republicar material do Taxne.com<\/li>\n\n\n\n<li>Vender, alugar ou sublicenciar material do Taxne.com<\/li>\n\n\n\n<li>Reproduzir, duplicar ou copiar material do Taxne.com<\/li>\n\n\n\n<li>Redistribuir conte\u00fado do Taxne.com<\/li>\n<\/ul>\n\n\n\n<p>Este Contrato entrar\u00e1 em vigor na data aqui mencionada.<\/p>\n\n\n\n<p>Partes deste site oferecem aos usu\u00e1rios a oportunidade de publicar e trocar opini\u00f5es e informa\u00e7\u00f5es em determinadas \u00e1reas do site. A Taxne n\u00e3o filtra, edita, publica ou analisa Coment\u00e1rios antes de sua publica\u00e7\u00e3o no site. Os coment\u00e1rios n\u00e3o refletem as vis\u00f5es e opini\u00f5es da Taxne, seus agentes e\/ou afiliados. Os coment\u00e1rios refletem as vis\u00f5es e opini\u00f5es da pessoa que as publica. Na medida permitida pelas leis aplic\u00e1veis, a Taxne n\u00e3o ser\u00e1 respons\u00e1vel pelos Coment\u00e1rios ou por quaisquer responsabilidades, danos ou despesas causados e\/ou sofridos como resultado de qualquer uso e\/ou publica\u00e7\u00e3o e\/ou aparecimento dos Coment\u00e1rios neste site.<\/p>\n\n\n\n<p>A Taxne reserva-se o direito de monitorar todos os Coment\u00e1rios e remover quaisquer Coment\u00e1rios que possam ser considerados inapropriados, ofensivos ou que causem viola\u00e7\u00e3o destes Termos e Condi\u00e7\u00f5es.<\/p>\n\n\n\n<p>Voc\u00ea garante e declara que:<\/p>\n\n\n\n<ul class=\"wp-block-list\">\n<li>Voc\u00ea tem o direito de postar os Coment\u00e1rios em nosso site e tem todas as licen\u00e7as e consentimentos necess\u00e1rios para faz\u00ea-lo;<\/li>\n\n\n\n<li>Os Coment\u00e1rios n\u00e3o invadem nenhum direito de propriedade intelectual, incluindo, sem limita\u00e7\u00e3o, direitos autorais, patentes ou marcas registradas de terceiros;<\/li>\n\n\n\n<li>Os Coment\u00e1rios n\u00e3o cont\u00eam nenhum material difamat\u00f3rio, calunioso, ofensivo, indecente ou de qualquer outra forma ilegal, o que \u00e9 uma invas\u00e3o de privacidade.<\/li>\n\n\n\n<li>Os Coment\u00e1rios n\u00e3o ser\u00e3o usados para solicitar ou promover neg\u00f3cios, costumes ou apresentar atividades comerciais ou atividades ilegais.<\/li>\n<\/ul>\n\n\n\n<p>Voc\u00ea concede \u00e0 Taxne uma licen\u00e7a n\u00e3o exclusiva para usar, reproduzir, editar e autorizar terceiros a usar, reproduzir e editar quaisquer dos seus Coment\u00e1rios em todas as formas, formatos ou m\u00eddias.<\/p>\n\n\n\n<h6 class=\"wp-block-heading\">Hiperlink para nosso conte\u00fado:<\/h6>\n\n\n\n<p>As seguintes organiza\u00e7\u00f5es podem criar links para nosso site sem aprova\u00e7\u00e3o pr\u00e9via por escrito:<\/p>\n\n\n\n<ul class=\"wp-block-list\">\n<li>Ag\u00eancias governamentais;<\/li>\n\n\n\n<li>Motores de busca;<\/li>\n\n\n\n<li>Organiza\u00e7\u00f5es de not\u00edcias;<\/li>\n\n\n\n<li>Os distribuidores de diret\u00f3rios on-line podem criar links para o nosso site da mesma maneira que criam hiperlinks para os sites de outras empresas listadas; e<\/li>\n\n\n\n<li>Empresas credenciadas em todo o sistema, exceto organiza\u00e7\u00f5es sem fins lucrativos, shopping centers de caridade e grupos de arrecada\u00e7\u00e3o de fundos para caridade, que n\u00e3o podem incluir hiperlinks para nosso site.<\/li>\n<\/ul>\n\n\n\n<p>Essas organiza\u00e7\u00f5es podem criar links para nossa p\u00e1gina inicial, publica\u00e7\u00f5es ou outras informa\u00e7\u00f5es do site, desde que o link: (a) n\u00e3o seja enganoso de forma alguma; (b) n\u00e3o implique falsamente patroc\u00ednio, endosso ou aprova\u00e7\u00e3o da parte vinculante e de seus produtos e\/ou servi\u00e7os; e (c) se enquadre no contexto do site da parte vinculante.<\/p>\n\n\n\n<p>Podemos considerar e aprovar outras solicita\u00e7\u00f5es de links dos seguintes tipos de organiza\u00e7\u00f5es:<\/p>\n\n\n\n<ul class=\"wp-block-list\">\n<li>Fontes de informa\u00e7\u00f5es de consumidores e\/ou empresas comumente conhecidas;<\/li>\n\n\n\n<li><a href=\"http:\/\/dot.com\/\" target=\"_blank\" rel=\"noreferrer noopener\">Ponto.com<\/a> locais comunit\u00e1rios;<\/li>\n\n\n\n<li>Associa\u00e7\u00f5es ou outros grupos que representam institui\u00e7\u00f5es de caridade;<\/li>\n\n\n\n<li>Distribuidores de diret\u00f3rios on-line;<\/li>\n\n\n\n<li>Portais de internet;<\/li>\n\n\n\n<li>Escrit\u00f3rios de contabilidade, advocacia e consultoria; e<\/li>\n\n\n\n<li>Institui\u00e7\u00f5es educacionais e associa\u00e7\u00f5es comerciais.<\/li>\n<\/ul>\n\n\n\n<p>Aprovaremos solicita\u00e7\u00f5es de links dessas organiza\u00e7\u00f5es se decidirmos que: (a) o link n\u00e3o nos far\u00e1 parecer desfavor\u00e1veis para n\u00f3s mesmos ou para nossos neg\u00f3cios credenciados; (b) a organiza\u00e7\u00e3o n\u00e3o possui nenhum registro negativo conosco; (c) o benef\u00edcio para n\u00f3s da visibilidade do hiperlink compensa a aus\u00eancia da Taxne; e (d) o link est\u00e1 no contexto de informa\u00e7\u00f5es gerais de recursos.<\/p>\n\n\n\n<p>Essas organiza\u00e7\u00f5es podem criar um link para nossa p\u00e1gina inicial, desde que o link: (a) n\u00e3o seja enganoso de forma alguma; (b) n\u00e3o implique falsamente patroc\u00ednio, endosso ou aprova\u00e7\u00e3o da parte que faz o link e seus produtos ou servi\u00e7os; e (c) se enquadre no contexto do site da parte que faz o link.<\/p>\n\n\n\n<p>Se voc\u00ea \u00e9 uma das organiza\u00e7\u00f5es listadas no par\u00e1grafo 2 acima e tem interesse em criar um link para o nosso site, informe-nos enviando um e-mail para Taxne. Inclua seu nome, o nome da sua organiza\u00e7\u00e3o, informa\u00e7\u00f5es de contato, bem como o URL do seu site, uma lista de todos os URLs dos quais voc\u00ea pretende criar um link para o nosso site e uma lista dos URLs do nosso site para os quais voc\u00ea gostaria de criar um link. Aguarde de 2 a 3 semanas por uma resposta.<\/p>\n\n\n\n<p>As organiza\u00e7\u00f5es aprovadas podem criar hiperlinks para nosso site da seguinte forma:<\/p>\n\n\n\n<ul class=\"wp-block-list\">\n<li>Pelo uso do nosso nome corporativo; ou<\/li>\n\n\n\n<li>Pelo uso do localizador uniforme de recursos ao qual est\u00e1 vinculado; ou<\/li>\n\n\n\n<li>Usar qualquer outra descri\u00e7\u00e3o do nosso site que fa\u00e7a sentido dentro do contexto e formato do conte\u00fado no site da parte que est\u00e1 fazendo o link.<\/li>\n<\/ul>\n\n\n\n<p>N\u00e3o ser\u00e1 permitido o uso do logotipo ou de outras artes da Taxne para cria\u00e7\u00e3o de links sem um contrato de licen\u00e7a de marca registrada.<\/p>\n\n\n\n<h6 class=\"wp-block-heading\">Responsabilidade pelo conte\u00fado:<\/h6>\n\n\n\n<p>N\u00e3o seremos responsabilizados por qualquer conte\u00fado que apare\u00e7a em seu Site. Voc\u00ea concorda em nos proteger e defender contra todas as reivindica\u00e7\u00f5es levantadas em seu Site. Nenhum link dever\u00e1 aparecer em qualquer Site que possa ser interpretado como difamat\u00f3rio, obsceno ou criminoso, ou que infrinja, viole de outra forma ou promova a infra\u00e7\u00e3o ou outra viola\u00e7\u00e3o de quaisquer direitos de terceiros.<\/p>\n\n\n\n<h6 class=\"wp-block-heading\">Reserva de direitos:<\/h6>\n\n\n\n<p>Reservamo-nos o direito de solicitar a remo\u00e7\u00e3o de todos os links ou de qualquer link espec\u00edfico para o nosso Site. Voc\u00ea concorda em remover imediatamente todos os links para o nosso Site mediante solicita\u00e7\u00e3o. Tamb\u00e9m nos reservamos o direito de alterar estes termos e condi\u00e7\u00f5es e a pol\u00edtica de links a qualquer momento. Ao criar links continuamente para o nosso Site, voc\u00ea concorda em estar vinculado e seguir estes termos e condi\u00e7\u00f5es de links.<\/p>\n\n\n\n<h6 class=\"wp-block-heading\">Remo\u00e7\u00e3o de links do nosso site:<\/h6>\n\n\n\n<p>Se voc\u00ea encontrar algum link em nosso Site que seja ofensivo por qualquer motivo, sinta-se \u00e0 vontade para entrar em contato conosco e nos informar a qualquer momento. Consideraremos solicita\u00e7\u00f5es de remo\u00e7\u00e3o de links, mas n\u00e3o somos obrigados a faz\u00ea-lo nem a responder diretamente a voc\u00ea.<\/p>\n\n\n\n<p>N\u00e3o garantimos que as informa\u00e7\u00f5es contidas neste site estejam corretas. N\u00e3o garantimos sua integralidade ou precis\u00e3o, nem prometemos garantir que o site permane\u00e7a dispon\u00edvel ou que o material nele contido seja mantido atualizado.<\/p>\n\n\n\n<h6 class=\"wp-block-heading\">Isen\u00e7\u00e3o de responsabilidade:<\/h6>\n\n\n\n<p>Na extens\u00e3o m\u00e1xima permitida pela lei aplic\u00e1vel, exclu\u00edmos todas as representa\u00e7\u00f5es, garantias e condi\u00e7\u00f5es relacionadas ao nosso site e ao uso deste site. Nada nesta isen\u00e7\u00e3o de responsabilidade ir\u00e1:<\/p>\n\n\n\n<ul class=\"wp-block-list\">\n<li>Limitar ou excluir nossa ou sua responsabilidade por morte ou danos pessoais;<\/li>\n\n\n\n<li>Limitar ou excluir nossa ou sua responsabilidade por fraude ou deturpa\u00e7\u00e3o fraudulenta;<\/li>\n\n\n\n<li>Limitar qualquer uma de nossas ou suas responsabilidades de qualquer forma que n\u00e3o seja permitida pela lei aplic\u00e1vel; ou<\/li>\n\n\n\n<li>Exclua quaisquer responsabilidades nossas ou suas que n\u00e3o possam ser exclu\u00eddas pela legisla\u00e7\u00e3o aplic\u00e1vel.<\/li>\n<\/ul>\n\n\n\n<p>As limita\u00e7\u00f5es e proibi\u00e7\u00f5es de responsabilidade estabelecidas nesta Se\u00e7\u00e3o e em outras partes desta isen\u00e7\u00e3o de responsabilidade: (a) est\u00e3o sujeitas ao par\u00e1grafo anterior; e (b) regem todas as responsabilidades decorrentes da isen\u00e7\u00e3o de responsabilidade, incluindo responsabilidades decorrentes de contrato, ato il\u00edcito e viola\u00e7\u00e3o de dever legal.<\/p>\n\n\n\n<p>Desde que o site e as informa\u00e7\u00f5es e servi\u00e7os no site sejam fornecidos gratuitamente, n\u00e3o seremos respons\u00e1veis por qualquer perda ou dano de qualquer natureza.<\/p>","protected":false},"excerpt":{"rendered":"<p>Terms and Conditions Welcome to Taxne.com! These terms and conditions outline the rules and regulations for the use of Taxne&#8217;s Website, located at https:\/\/taxne.com. By accessing this website, we assume you accept these terms and conditions. Do not continue to use Taxne.com if you do not agree to take all of the terms and conditions [&hellip;]<\/p>\n","protected":false},"author":1,"featured_media":0,"parent":0,"menu_order":0,"comment_status":"closed","ping_status":"closed","template":"","meta":{"_uag_custom_page_level_css":"","site-sidebar-layout":"default","site-content-layout":"","ast-site-content-layout":"default","site-content-style":"default","site-sidebar-style":"default","ast-global-header-display":"","ast-banner-title-visibility":"","ast-main-header-display":"","ast-hfb-above-header-display":"","ast-hfb-below-header-display":"","ast-hfb-mobile-header-display":"","site-post-title":"","ast-breadcrumbs-content":"","ast-featured-img":"","footer-sml-layout":"","ast-disable-related-posts":"","theme-transparent-header-meta":"","adv-header-id-meta":"","stick-header-meta":"","header-above-stick-meta":"","header-main-stick-meta":"","header-below-stick-meta":"","astra-migrate-meta-layouts":"set","ast-page-background-enabled":"default","ast-page-background-meta":{"desktop":{"background-color":"","background-image":"","background-repeat":"repeat","background-position":"center center","background-size":"auto","background-attachment":"scroll","background-type":"","background-media":"","overlay-type":"","overlay-color":"","overlay-opacity":"","overlay-gradient":""},"tablet":{"background-color":"","background-image":"","background-repeat":"repeat","background-position":"center center","background-size":"auto","background-attachment":"scroll","background-type":"","background-media":"","overlay-type":"","overlay-color":"","overlay-opacity":"","overlay-gradient":""},"mobile":{"background-color":"","background-image":"","background-repeat":"repeat","background-position":"center center","background-size":"auto","background-attachment":"scroll","background-type":"","background-media":"","overlay-type":"","overlay-color":"","overlay-opacity":"","overlay-gradient":""}},"ast-content-background-meta":{"desktop":{"background-color":"var(--ast-global-color-5)","background-image":"","background-repeat":"repeat","background-position":"center center","background-size":"auto","background-attachment":"scroll","background-type":"","background-media":"","overlay-type":"","overlay-color":"","overlay-opacity":"","overlay-gradient":""},"tablet":{"background-color":"var(--ast-global-color-5)","background-image":"","background-repeat":"repeat","background-position":"center center","background-size":"auto","background-attachment":"scroll","background-type":"","background-media":"","overlay-type":"","overlay-color":"","overlay-opacity":"","overlay-gradient":""},"mobile":{"background-color":"var(--ast-global-color-5)","background-image":"","background-repeat":"repeat","background-position":"center center","background-size":"auto","background-attachment":"scroll","background-type":"","background-media":"","overlay-type":"","overlay-color":"","overlay-opacity":"","overlay-gradient":""}},"footnotes":""},"class_list":["post-2120","page","type-page","status-publish","hentry"],"yoast_head":"<!-- This site is optimized with the Yoast SEO plugin v27.3 - https:\/\/yoast.com\/product\/yoast-seo-wordpress\/ -->\n<title>Terms and Conditions | Governing Use of Taxne Website &amp; Services<\/title>\n<meta name=\"description\" content=\"Review Taxne&#039;s Terms and Conditions outlining user rights, responsibilities, and policies for website use, purchases, and intellectual property. Stay informed about our legal guidelines.\" \/>\n<meta name=\"robots\" content=\"index, follow, max-snippet:-1, max-image-preview:large, max-video-preview:-1\" \/>\n<link rel=\"canonical\" href=\"https:\/\/taxne.com\/pt\/termos-e-condicoes\/\" \/>\n<meta property=\"og:locale\" content=\"pt_PT\" \/>\n<meta property=\"og:type\" content=\"article\" \/>\n<meta property=\"og:title\" content=\"Terms and Conditions | Governing Use of Taxne Website &amp; Services\" \/>\n<meta property=\"og:description\" content=\"Review Taxne&#039;s Terms and Conditions outlining user rights, responsibilities, and policies for website use, purchases, and intellectual property. Stay informed about our legal guidelines.\" \/>\n<meta property=\"og:url\" content=\"https:\/\/taxne.com\/pt\/termos-e-condicoes\/\" \/>\n<meta property=\"article:modified_time\" content=\"2025-09-10T09:19:23+00:00\" \/>\n<meta name=\"twitter:card\" content=\"summary_large_image\" \/>\n<meta name=\"twitter:label1\" content=\"Tempo estimado de leitura\" \/>\n\t<meta name=\"twitter:data1\" content=\"8 minutos\" \/>\n<script type=\"application\/ld+json\" class=\"yoast-schema-graph\">{\"@context\":\"https:\\\/\\\/schema.org\",\"@graph\":[{\"@type\":\"WebPage\",\"@id\":\"https:\\\/\\\/taxne.com\\\/terms-and-conditions\\\/\",\"url\":\"https:\\\/\\\/taxne.com\\\/terms-and-conditions\\\/\",\"name\":\"Terms and Conditions | Governing Use of Taxne Website & Services\",\"isPartOf\":{\"@id\":\"https:\\\/\\\/taxne.com\\\/#website\"},\"datePublished\":\"2024-07-15T03:49:45+00:00\",\"dateModified\":\"2025-09-10T09:19:23+00:00\",\"description\":\"Review Taxne's Terms and Conditions outlining user rights, responsibilities, and policies for website use, purchases, and intellectual property. Stay informed about our legal guidelines.\",\"breadcrumb\":{\"@id\":\"https:\\\/\\\/taxne.com\\\/terms-and-conditions\\\/#breadcrumb\"},\"inLanguage\":\"pt-PT\",\"potentialAction\":[{\"@type\":\"ReadAction\",\"target\":[\"https:\\\/\\\/taxne.com\\\/terms-and-conditions\\\/\"]}]},{\"@type\":\"BreadcrumbList\",\"@id\":\"https:\\\/\\\/taxne.com\\\/terms-and-conditions\\\/#breadcrumb\",\"itemListElement\":[{\"@type\":\"ListItem\",\"position\":1,\"name\":\"\u9996\u9875\",\"item\":\"https:\\\/\\\/taxne.com\\\/\"},{\"@type\":\"ListItem\",\"position\":2,\"name\":\"Terms and Conditions\"}]},{\"@type\":\"WebSite\",\"@id\":\"https:\\\/\\\/taxne.com\\\/#website\",\"url\":\"https:\\\/\\\/taxne.com\\\/\",\"name\":\"taxne.com\",\"description\":\"\",\"publisher\":{\"@id\":\"https:\\\/\\\/taxne.com\\\/#organization\"},\"potentialAction\":[{\"@type\":\"SearchAction\",\"target\":{\"@type\":\"EntryPoint\",\"urlTemplate\":\"https:\\\/\\\/taxne.com\\\/?s={search_term_string}\"},\"query-input\":{\"@type\":\"PropertyValueSpecification\",\"valueRequired\":true,\"valueName\":\"search_term_string\"}}],\"inLanguage\":\"pt-PT\"},{\"@type\":\"Organization\",\"@id\":\"https:\\\/\\\/taxne.com\\\/#organization\",\"name\":\"taxne.com\",\"url\":\"https:\\\/\\\/taxne.com\\\/\",\"logo\":{\"@type\":\"ImageObject\",\"inLanguage\":\"pt-PT\",\"@id\":\"https:\\\/\\\/taxne.com\\\/#\\\/schema\\\/logo\\\/image\\\/\",\"url\":\"https:\\\/\\\/taxne.com\\\/wp-content\\\/uploads\\\/2025\\\/09\\\/cropped-logo.png\",\"contentUrl\":\"https:\\\/\\\/taxne.com\\\/wp-content\\\/uploads\\\/2025\\\/09\\\/cropped-logo.png\",\"width\":1027,\"height\":270,\"caption\":\"taxne.com\"},\"image\":{\"@id\":\"https:\\\/\\\/taxne.com\\\/#\\\/schema\\\/logo\\\/image\\\/\"}}]}<\/script>\n<!-- \/ Yoast SEO plugin. -->","yoast_head_json":{"title":"Termos e Condi\u00e7\u00f5es | Regulando o Uso do Site e Servi\u00e7os da Taxne","description":"Revise os Termos e Condi\u00e7\u00f5es da Taxne, que descrevem os direitos, responsabilidades e pol\u00edticas do usu\u00e1rio para uso do site, compras e propriedade intelectual. Mantenha-se informado sobre nossas diretrizes legais.","robots":{"index":"index","follow":"follow","max-snippet":"max-snippet:-1","max-image-preview":"max-image-preview:large","max-video-preview":"max-video-preview:-1"},"canonical":"https:\/\/taxne.com\/pt\/termos-e-condicoes\/","og_locale":"pt_PT","og_type":"article","og_title":"Terms and Conditions | Governing Use of Taxne Website & Services","og_description":"Review Taxne's Terms and Conditions outlining user rights, responsibilities, and policies for website use, purchases, and intellectual property. Stay informed about our legal guidelines.","og_url":"https:\/\/taxne.com\/pt\/termos-e-condicoes\/","article_modified_time":"2025-09-10T09:19:23+00:00","twitter_card":"summary_large_image","twitter_misc":{"Tempo estimado de leitura":"8 minutos"},"schema":{"@context":"https:\/\/schema.org","@graph":[{"@type":"WebPage","@id":"https:\/\/taxne.com\/terms-and-conditions\/","url":"https:\/\/taxne.com\/terms-and-conditions\/","name":"Termos e Condi\u00e7\u00f5es | Regulando o Uso do Site e Servi\u00e7os da Taxne","isPartOf":{"@id":"https:\/\/taxne.com\/#website"},"datePublished":"2024-07-15T03:49:45+00:00","dateModified":"2025-09-10T09:19:23+00:00","description":"Revise os Termos e Condi\u00e7\u00f5es da Taxne, que descrevem os direitos, responsabilidades e pol\u00edticas do usu\u00e1rio para uso do site, compras e propriedade intelectual. Mantenha-se informado sobre nossas diretrizes legais.","breadcrumb":{"@id":"https:\/\/taxne.com\/terms-and-conditions\/#breadcrumb"},"inLanguage":"pt-PT","potentialAction":[{"@type":"ReadAction","target":["https:\/\/taxne.com\/terms-and-conditions\/"]}]},{"@type":"BreadcrumbList","@id":"https:\/\/taxne.com\/terms-and-conditions\/#breadcrumb","itemListElement":[{"@type":"ListItem","position":1,"name":"\u9996\u9875","item":"https:\/\/taxne.com\/"},{"@type":"ListItem","position":2,"name":"Terms and Conditions"}]},{"@type":"WebSite","@id":"https:\/\/taxne.com\/#website","url":"https:\/\/taxne.com\/","name":"taxne. com","description":"","publisher":{"@id":"https:\/\/taxne.com\/#organization"},"potentialAction":[{"@type":"SearchAction","target":{"@type":"EntryPoint","urlTemplate":"https:\/\/taxne.com\/?s={search_term_string}"},"query-input":{"@type":"PropertyValueSpecification","valueRequired":true,"valueName":"search_term_string"}}],"inLanguage":"pt-PT"},{"@type":"Organization","@id":"https:\/\/taxne.com\/#organization","name":"taxne. com","url":"https:\/\/taxne.com\/","logo":{"@type":"ImageObject","inLanguage":"pt-PT","@id":"https:\/\/taxne.com\/#\/schema\/logo\/image\/","url":"https:\/\/taxne.com\/wp-content\/uploads\/2025\/09\/cropped-logo.png","contentUrl":"https:\/\/taxne.com\/wp-content\/uploads\/2025\/09\/cropped-logo.png","width":1027,"height":270,"caption":"taxne.com"},"image":{"@id":"https:\/\/taxne.com\/#\/schema\/logo\/image\/"}}]}},"uagb_featured_image_src":{"full":false,"thumbnail":false,"medium":false,"medium_large":false,"large":false,"1536x1536":false,"2048x2048":false,"trp-custom-language-flag":false,"woocommerce_thumbnail":false,"woocommerce_single":false,"woocommerce_gallery_thumbnail":false},"uagb_author_info":{"display_name":"tianke1223@gmail.com","author_link":"https:\/\/taxne.com\/pt\/author\/tianke1223gmail-com\/"},"uagb_comment_info":0,"uagb_excerpt":"Terms and Conditions Welcome to Taxne.com! These terms and conditions outline the rules and regulations for the use of Taxne&#8217;s Website, located at https:\/\/taxne.com. By accessing this website, we assume you accept these terms and conditions. Do not continue to use Taxne.com if you do not agree to take all of the terms and conditions&hellip;","jetpack_sharing_enabled":true,"_links":{"self":[{"href":"https:\/\/taxne.com\/pt\/wp-json\/wp\/v2\/pages\/2120","targetHints":{"allow":["GET"]}}],"collection":[{"href":"https:\/\/taxne.com\/pt\/wp-json\/wp\/v2\/pages"}],"about":[{"href":"https:\/\/taxne.com\/pt\/wp-json\/wp\/v2\/types\/page"}],"author":[{"embeddable":true,"href":"https:\/\/taxne.com\/pt\/wp-json\/wp\/v2\/users\/1"}],"replies":[{"embeddable":true,"href":"https:\/\/taxne.com\/pt\/wp-json\/wp\/v2\/comments?post=2120"}],"version-history":[{"count":2,"href":"https:\/\/taxne.com\/pt\/wp-json\/wp\/v2\/pages\/2120\/revisions"}],"predecessor-version":[{"id":2122,"href":"https:\/\/taxne.com\/pt\/wp-json\/wp\/v2\/pages\/2120\/revisions\/2122"}],"wp:attachment":[{"href":"https:\/\/taxne.com\/pt\/wp-json\/wp\/v2\/media?parent=2120"}],"curies":[{"name":"wp","href":"https:\/\/api.w.org\/{rel}","templated":true}]}}