{"id":2126,"date":"2024-07-15T03:53:07","date_gmt":"2024-07-15T03:53:07","guid":{"rendered":"https:\/\/taxne.com\/?page_id=2126"},"modified":"2025-09-23T06:24:20","modified_gmt":"2025-09-23T06:24:20","slug":"shipping-policy","status":"publish","type":"page","link":"https:\/\/taxne.com\/pt\/politica-de-envio\/","title":{"rendered":"Pol\u00edtica de Envio"},"content":{"rendered":"<h1 class=\"wp-block-heading\">POL\u00cdTICA DE ENVIO<\/h1>\n\n\n\n<p>A. Custos de envio<br><br><strong>Tempo de processamento: Dentro de 48 horas<\/strong><\/p>\n\n\n\n<p><strong>Freight: $9.9<\/strong><\/p>\n\n\n\n<p><strong>Shipping fee: Free shipping on orders over $88.88<\/strong><br><br>B. Tempo limite de tr\u00e2nsito, manuseio e pedidos<br><br>Todos os pedidos s\u00e3o processados dentro de 1 a 2 dias \u00fateis<br>Todos os pre\u00e7os est\u00e3o em USD<br>Observe que pode haver pequenas diferen\u00e7as. Durante os per\u00edodos de vendas e feriados, a entrega pode demorar mais do que os prazos estimados acima.<br>Uma vez enviado, o pedido n\u00e3o pode ser cancelado<br><strong>Taxne<\/strong> estar\u00e3o sujeitos a taxas alfandeg\u00e1rias em todos os pa\u00edses durante o processo de envio, portanto os consumidores n\u00e3o ser\u00e3o respons\u00e1veis por custos excessivos<br>Se voc\u00ea n\u00e3o receber o pacote dentro de 40 dias, desejamos que voc\u00ea entre em contato conosco a tempo. N\u00f3s o ajudaremos a rastrear o pacote ou decidir se deseja reenviar o produto<br><br>C. Tempo de envio:<br><br>EUA\/CA: 10-20 dias \u00fateis<br>Europa: 10-20 dias \u00fateis<br>M\u00e9dio Oriente: 10-25 dias \u00fateis<br>Outros: 10-25 dias \u00fateis<br><br>DEVOLU\u00c7\u00d5ES E TROCAS<br>F\u00e1cil 30 dias<br>Veja condi\u00e7\u00f5es e procedimentos em nossa pol\u00edtica de devolu\u00e7\u00e3o e reembolso<br><br><br><br><strong>Tomamos cuidado extra ao verificar cada pedido que recebemos. Este processo \u00e9 aquele que nos esfor\u00e7amos para realizar dentro do prazo para que seu pedido seja enviado ou enviado ao fabricante, que envia seu pedido. Em certas situa\u00e7\u00f5es, nosso processo de verifica\u00e7\u00e3o de pedido pode atrasar o envio do seu pedido. Certifique-se de incluir informa\u00e7\u00f5es precisas ao fazer seu pedido para que, se necess\u00e1rio, possamos contat\u00e1-lo pelas informa\u00e7\u00f5es listadas na tentativa de retirar seu pedido no mesmo dia (se estiver em estoque em nosso dep\u00f3sito).<\/strong><br><br><strong>Verifique o status do estoque antes de fazer um pedido, pois n\u00e3o podemos estimar com precis\u00e3o os tempos de tr\u00e2nsito para itens fora de estoque.<\/strong><br><br><strong>Taxne n\u00e3o \u00e9 respons\u00e1vel por pacotes roubados perdidos. Se voc\u00ea acha que seu pacote foi entregue incorretamente, voc\u00ea pode entrar em contato com nossa equipe de atendimento ao cliente e podemos coordenar com o servi\u00e7o de manuseio de pacotes para iniciar uma investiga\u00e7\u00e3o de pacote perdido. Se o servi\u00e7o de manuseio de pacotes n\u00e3o conseguir localizar o pacote ou fornecer documenta\u00e7\u00e3o de que o pacote foi entregue no endere\u00e7o correto, fica a crit\u00e9rio exclusivo da Taxne quanto \u00e0 resolu\u00e7\u00e3o, n\u00e3o podemos garantir uma substitui\u00e7\u00e3o ou reembolso dependendo do resultado da perda. investiga\u00e7\u00e3o de pacotes.<\/strong><\/p>","protected":false},"excerpt":{"rendered":"<p>SHIPPING POLICY A. Shipping Costs Processing time: Within 48 hours Freight: $9.9 Shipping fee: Free shipping on orders over $88.88 B. Transit, Handling &amp; Oders Cut Off Time All orders are processed within 1-2 business daysAll prices are in USDPlease note there could be slight During sale and holiday periods, delivery may take longer than [&hellip;]<\/p>\n","protected":false},"author":1,"featured_media":0,"parent":0,"menu_order":0,"comment_status":"closed","ping_status":"closed","template":"","meta":{"_uag_custom_page_level_css":"","site-sidebar-layout":"default","site-content-layout":"","ast-site-content-layout":"default","site-content-style":"default","site-sidebar-style":"default","ast-global-header-display":"","ast-banner-title-visibility":"","ast-main-header-display":"","ast-hfb-above-header-display":"","ast-hfb-below-header-display":"","ast-hfb-mobile-header-display":"","site-post-title":"","ast-breadcrumbs-content":"","ast-featured-img":"","footer-sml-layout":"","ast-disable-related-posts":"","theme-transparent-header-meta":"","adv-header-id-meta":"","stick-header-meta":"","header-above-stick-meta":"","header-main-stick-meta":"","header-below-stick-meta":"","astra-migrate-meta-layouts":"set","ast-page-background-enabled":"default","ast-page-background-meta":{"desktop":{"background-color":"","background-image":"","background-repeat":"repeat","background-position":"center center","background-size":"auto","background-attachment":"scroll","background-type":"","background-media":"","overlay-type":"","overlay-color":"","overlay-opacity":"","overlay-gradient":""},"tablet":{"background-color":"","background-image":"","background-repeat":"repeat","background-position":"center center","background-size":"auto","background-attachment":"scroll","background-type":"","background-media":"","overlay-type":"","overlay-color":"","overlay-opacity":"","overlay-gradient":""},"mobile":{"background-color":"","background-image":"","background-repeat":"repeat","background-position":"center center","background-size":"auto","background-attachment":"scroll","background-type":"","background-media":"","overlay-type":"","overlay-color":"","overlay-opacity":"","overlay-gradient":""}},"ast-content-background-meta":{"desktop":{"background-color":"var(--ast-global-color-5)","background-image":"","background-repeat":"repeat","background-position":"center center","background-size":"auto","background-attachment":"scroll","background-type":"","background-media":"","overlay-type":"","overlay-color":"","overlay-opacity":"","overlay-gradient":""},"tablet":{"background-color":"var(--ast-global-color-5)","background-image":"","background-repeat":"repeat","background-position":"center center","background-size":"auto","background-attachment":"scroll","background-type":"","background-media":"","overlay-type":"","overlay-color":"","overlay-opacity":"","overlay-gradient":""},"mobile":{"background-color":"var(--ast-global-color-5)","background-image":"","background-repeat":"repeat","background-position":"center center","background-size":"auto","background-attachment":"scroll","background-type":"","background-media":"","overlay-type":"","overlay-color":"","overlay-opacity":"","overlay-gradient":""}},"footnotes":""},"class_list":["post-2126","page","type-page","status-publish","hentry"],"yoast_head":"<!-- This site is optimized with the Yoast SEO plugin v27.3 - https:\/\/yoast.com\/product\/yoast-seo-wordpress\/ -->\n<title>Shipping Policy | Delivery Times, Costs &amp; Tracking | Taxne<\/title>\n<meta name=\"description\" content=\"Explore Taxne\u2019s shipping policy: delivery timelines, free shipping thresholds, and tracking. We ship globally with care. Questions about your order? Find all details here.\" \/>\n<meta name=\"robots\" content=\"index, follow, max-snippet:-1, max-image-preview:large, max-video-preview:-1\" \/>\n<link rel=\"canonical\" href=\"https:\/\/taxne.com\/pt\/politica-de-envio\/\" \/>\n<meta property=\"og:locale\" content=\"pt_PT\" \/>\n<meta property=\"og:type\" content=\"article\" \/>\n<meta property=\"og:title\" content=\"Shipping Policy | Delivery Times, Costs &amp; Tracking | Taxne\" \/>\n<meta property=\"og:description\" content=\"Explore Taxne\u2019s shipping policy: delivery timelines, free shipping thresholds, and tracking. We ship globally with care. Questions about your order? Find all details here.\" \/>\n<meta property=\"og:url\" content=\"https:\/\/taxne.com\/pt\/politica-de-envio\/\" \/>\n<meta property=\"article:modified_time\" content=\"2025-09-23T06:24:20+00:00\" \/>\n<meta name=\"twitter:card\" content=\"summary_large_image\" \/>\n<meta name=\"twitter:label1\" content=\"Tempo estimado de leitura\" \/>\n\t<meta name=\"twitter:data1\" content=\"2 minutos\" \/>\n<script type=\"application\/ld+json\" class=\"yoast-schema-graph\">{\"@context\":\"https:\\\/\\\/schema.org\",\"@graph\":[{\"@type\":\"WebPage\",\"@id\":\"https:\\\/\\\/taxne.com\\\/shipping-policy\\\/\",\"url\":\"https:\\\/\\\/taxne.com\\\/shipping-policy\\\/\",\"name\":\"Shipping Policy | Delivery Times, Costs & Tracking | Taxne\",\"isPartOf\":{\"@id\":\"https:\\\/\\\/taxne.com\\\/#website\"},\"datePublished\":\"2024-07-15T03:53:07+00:00\",\"dateModified\":\"2025-09-23T06:24:20+00:00\",\"description\":\"Explore Taxne\u2019s shipping policy: delivery timelines, free shipping thresholds, and tracking. We ship globally with care. Questions about your order? Find all details here.\",\"breadcrumb\":{\"@id\":\"https:\\\/\\\/taxne.com\\\/shipping-policy\\\/#breadcrumb\"},\"inLanguage\":\"pt-PT\",\"potentialAction\":[{\"@type\":\"ReadAction\",\"target\":[\"https:\\\/\\\/taxne.com\\\/shipping-policy\\\/\"]}]},{\"@type\":\"BreadcrumbList\",\"@id\":\"https:\\\/\\\/taxne.com\\\/shipping-policy\\\/#breadcrumb\",\"itemListElement\":[{\"@type\":\"ListItem\",\"position\":1,\"name\":\"\u9996\u9875\",\"item\":\"https:\\\/\\\/taxne.com\\\/\"},{\"@type\":\"ListItem\",\"position\":2,\"name\":\"Shipping Policy\"}]},{\"@type\":\"WebSite\",\"@id\":\"https:\\\/\\\/taxne.com\\\/#website\",\"url\":\"https:\\\/\\\/taxne.com\\\/\",\"name\":\"taxne.com\",\"description\":\"\",\"publisher\":{\"@id\":\"https:\\\/\\\/taxne.com\\\/#organization\"},\"potentialAction\":[{\"@type\":\"SearchAction\",\"target\":{\"@type\":\"EntryPoint\",\"urlTemplate\":\"https:\\\/\\\/taxne.com\\\/?s={search_term_string}\"},\"query-input\":{\"@type\":\"PropertyValueSpecification\",\"valueRequired\":true,\"valueName\":\"search_term_string\"}}],\"inLanguage\":\"pt-PT\"},{\"@type\":\"Organization\",\"@id\":\"https:\\\/\\\/taxne.com\\\/#organization\",\"name\":\"taxne.com\",\"url\":\"https:\\\/\\\/taxne.com\\\/\",\"logo\":{\"@type\":\"ImageObject\",\"inLanguage\":\"pt-PT\",\"@id\":\"https:\\\/\\\/taxne.com\\\/#\\\/schema\\\/logo\\\/image\\\/\",\"url\":\"https:\\\/\\\/taxne.com\\\/wp-content\\\/uploads\\\/2025\\\/09\\\/cropped-logo.png\",\"contentUrl\":\"https:\\\/\\\/taxne.com\\\/wp-content\\\/uploads\\\/2025\\\/09\\\/cropped-logo.png\",\"width\":1027,\"height\":270,\"caption\":\"taxne.com\"},\"image\":{\"@id\":\"https:\\\/\\\/taxne.com\\\/#\\\/schema\\\/logo\\\/image\\\/\"}}]}<\/script>\n<!-- \/ Yoast SEO plugin. -->","yoast_head_json":{"title":"Pol\u00edtica de Envio | Prazos de Entrega, Custos e Rastreamento | Taxne","description":"Explore a pol\u00edtica de envio da Taxne: prazos de entrega, limites de frete gr\u00e1tis e rastreamento. Enviamos para o mundo todo com cuidado. D\u00favidas sobre o seu pedido? Encontre todos os detalhes aqui.","robots":{"index":"index","follow":"follow","max-snippet":"max-snippet:-1","max-image-preview":"max-image-preview:large","max-video-preview":"max-video-preview:-1"},"canonical":"https:\/\/taxne.com\/pt\/politica-de-envio\/","og_locale":"pt_PT","og_type":"article","og_title":"Shipping Policy | Delivery Times, Costs & Tracking | Taxne","og_description":"Explore Taxne\u2019s shipping policy: delivery timelines, free shipping thresholds, and tracking. We ship globally with care. Questions about your order? Find all details here.","og_url":"https:\/\/taxne.com\/pt\/politica-de-envio\/","article_modified_time":"2025-09-23T06:24:20+00:00","twitter_card":"summary_large_image","twitter_misc":{"Tempo estimado de leitura":"2 minutos"},"schema":{"@context":"https:\/\/schema.org","@graph":[{"@type":"WebPage","@id":"https:\/\/taxne.com\/shipping-policy\/","url":"https:\/\/taxne.com\/shipping-policy\/","name":"Pol\u00edtica de Envio | Prazos de Entrega, Custos e Rastreamento | Taxne","isPartOf":{"@id":"https:\/\/taxne.com\/#website"},"datePublished":"2024-07-15T03:53:07+00:00","dateModified":"2025-09-23T06:24:20+00:00","description":"Explore a pol\u00edtica de envio da Taxne: prazos de entrega, limites de frete gr\u00e1tis e rastreamento. Enviamos para o mundo todo com cuidado. D\u00favidas sobre o seu pedido? Encontre todos os detalhes aqui.","breadcrumb":{"@id":"https:\/\/taxne.com\/shipping-policy\/#breadcrumb"},"inLanguage":"pt-PT","potentialAction":[{"@type":"ReadAction","target":["https:\/\/taxne.com\/shipping-policy\/"]}]},{"@type":"BreadcrumbList","@id":"https:\/\/taxne.com\/shipping-policy\/#breadcrumb","itemListElement":[{"@type":"ListItem","position":1,"name":"\u9996\u9875","item":"https:\/\/taxne.com\/"},{"@type":"ListItem","position":2,"name":"Shipping Policy"}]},{"@type":"WebSite","@id":"https:\/\/taxne.com\/#website","url":"https:\/\/taxne.com\/","name":"taxne. com","description":"","publisher":{"@id":"https:\/\/taxne.com\/#organization"},"potentialAction":[{"@type":"SearchAction","target":{"@type":"EntryPoint","urlTemplate":"https:\/\/taxne.com\/?s={search_term_string}"},"query-input":{"@type":"PropertyValueSpecification","valueRequired":true,"valueName":"search_term_string"}}],"inLanguage":"pt-PT"},{"@type":"Organization","@id":"https:\/\/taxne.com\/#organization","name":"taxne. com","url":"https:\/\/taxne.com\/","logo":{"@type":"ImageObject","inLanguage":"pt-PT","@id":"https:\/\/taxne.com\/#\/schema\/logo\/image\/","url":"https:\/\/taxne.com\/wp-content\/uploads\/2025\/09\/cropped-logo.png","contentUrl":"https:\/\/taxne.com\/wp-content\/uploads\/2025\/09\/cropped-logo.png","width":1027,"height":270,"caption":"taxne.com"},"image":{"@id":"https:\/\/taxne.com\/#\/schema\/logo\/image\/"}}]}},"uagb_featured_image_src":{"full":false,"thumbnail":false,"medium":false,"medium_large":false,"large":false,"1536x1536":false,"2048x2048":false,"trp-custom-language-flag":false,"woocommerce_thumbnail":false,"woocommerce_single":false,"woocommerce_gallery_thumbnail":false},"uagb_author_info":{"display_name":"tianke1223@gmail.com","author_link":"https:\/\/taxne.com\/pt\/author\/tianke1223gmail-com\/"},"uagb_comment_info":0,"uagb_excerpt":"SHIPPING POLICY A. Shipping Costs Processing time: Within 48 hours Freight: $9.9 Shipping fee: Free shipping on orders over $88.88 B. Transit, Handling &amp; Oders Cut Off Time All orders are processed within 1-2 business daysAll prices are in USDPlease note there could be slight During sale and holiday periods, delivery may take longer than&hellip;","jetpack_sharing_enabled":true,"_links":{"self":[{"href":"https:\/\/taxne.com\/pt\/wp-json\/wp\/v2\/pages\/2126","targetHints":{"allow":["GET"]}}],"collection":[{"href":"https:\/\/taxne.com\/pt\/wp-json\/wp\/v2\/pages"}],"about":[{"href":"https:\/\/taxne.com\/pt\/wp-json\/wp\/v2\/types\/page"}],"author":[{"embeddable":true,"href":"https:\/\/taxne.com\/pt\/wp-json\/wp\/v2\/users\/1"}],"replies":[{"embeddable":true,"href":"https:\/\/taxne.com\/pt\/wp-json\/wp\/v2\/comments?post=2126"}],"version-history":[{"count":3,"href":"https:\/\/taxne.com\/pt\/wp-json\/wp\/v2\/pages\/2126\/revisions"}],"predecessor-version":[{"id":8379,"href":"https:\/\/taxne.com\/pt\/wp-json\/wp\/v2\/pages\/2126\/revisions\/8379"}],"wp:attachment":[{"href":"https:\/\/taxne.com\/pt\/wp-json\/wp\/v2\/media?parent=2126"}],"curies":[{"name":"wp","href":"https:\/\/api.w.org\/{rel}","templated":true}]}}