{"id":2129,"date":"2024-07-15T03:55:40","date_gmt":"2024-07-15T03:55:40","guid":{"rendered":"https:\/\/taxne.com\/?page_id=2129"},"modified":"2025-09-10T09:05:04","modified_gmt":"2025-09-10T09:05:04","slug":"faqs","status":"publish","type":"page","link":"https:\/\/taxne.com\/pt\/perguntas-frequentes\/","title":{"rendered":"Perguntas frequentes"},"content":{"rendered":"<h1 class=\"wp-block-heading\"><strong>ENVIO<\/strong><\/h1>\n\n\n\n<h3 class=\"wp-block-heading\"><strong>QUAL \u00c9 A SITUA\u00c7\u00c3O DO MEU PEDIDO?<\/strong><\/h3>\n\n\n\n<p>Depois de fazer seu pedido, enviaremos um e-mail de confirma\u00e7\u00e3o para acompanhar o status do seu pedido. Assim que seu pedido for enviado, enviaremos outro e-mail junto com o link para rastrear seu pedido. Ou voc\u00ea pode acompanhar o status do seu pedido na se\u00e7\u00e3o \u201chist\u00f3rico de pedidos\u201d na p\u00e1gina da sua conta no site.<\/p>\n\n\n\n<h3 class=\"wp-block-heading\"><strong>VOC\u00ca FAZ ENVIO NO MESMO DIA?<\/strong><\/h3>\n\n\n\n<p>Fazemos envio no mesmo dia, desde que voc\u00ea fa\u00e7a seu pedido antes das 12h desse dia.<\/p>\n\n\n\n<h3 class=\"wp-block-heading\"><strong>PARA ONDE VOC\u00ca ENVIA?<\/strong><\/h3>\n\n\n\n<p>Atualmente enviamos para os Estados Unidos, Canad\u00e1, Austr\u00e1lia, Fran\u00e7a, Reino Unido e Alemanha. Para remessas fora desses pa\u00edses, entre em contato com nosso suporte ao cliente atrav\u00e9s do formul\u00e1rio de contato.<\/p>\n\n\n\n<h3 class=\"wp-block-heading\"><strong>MEU PEDIDO FOI DEVOLVIDO \u00c0 ORIGEM (RTO). O QUE ISSO SIGNIFICA?<\/strong><\/h3>\n\n\n\n<p>As remessas s\u00e3o refletidas como RTO (devolvidas \u00e0 origem) nas seguintes circunst\u00e2ncias:<br>\u2013 A entrega foi tentada mais de uma vez, mas n\u00e3o p\u00f4de ser entregue devido ao endere\u00e7o errado ou n\u00e3o haver ningu\u00e9m presente no endere\u00e7o fornecido<br>\u2013 O endere\u00e7o n\u00e3o foi encontrado porque estava incompleto ou o c\u00f3digo PIN estava errado<br>\u2013 Voc\u00ea ou algu\u00e9m no seu endere\u00e7o de entrega se recusou a aceitar o pedido<br><br>Nestas circunst\u00e2ncias, a nossa equipa de apoio ao cliente tentar\u00e1 contact\u00e1-lo atrav\u00e9s do seu n\u00famero de telefone registado. Se n\u00e3o houver resposta nesse n\u00famero ou ele n\u00e3o estiver acess\u00edvel, o pacote ser\u00e1 devolvido \u00e0 origem.<\/p>\n\n\n\n<h3 class=\"wp-block-heading\"><strong>QUANTO TEMPO DEMORA PARA ENVIAR MEU PEDIDO?<\/strong><\/h3>\n\n\n\n<p>Os prazos de entrega podem variar dependendo do local de entrega e do tipo de produto solicitado.<br>Normalmente, depois de fazer seu pedido, leva de 24 a 36 horas para process\u00e1-lo e marc\u00e1-lo como pronto para entrega.<\/p>\n\n\n\n<h2 class=\"wp-block-heading\"><strong>ORDEM<\/strong><\/h2>\n\n\n\n<h3 class=\"wp-block-heading\"><strong>POSSO ALTERAR MEU PEDIDO?<\/strong><\/h3>\n\n\n\n<p>S\u00f3 podemos alterar pedidos que ainda n\u00e3o foram processados para envio.<br><br>Para fazer altera\u00e7\u00f5es em seu pedido, entre em contato com o suporte enviando sua solicita\u00e7\u00e3o por meio do formul\u00e1rio \u201cfale conosco\u201d.<\/p>\n\n\n\n<h3 class=\"wp-block-heading\"><strong>COMO POSSO CANCELAR MEU PEDIDO?<\/strong><\/h3>\n\n\n\n<p>Se desejar cancelar seu pedido, voc\u00ea pode enviar um e-mail ou ligar para o suporte ao cliente.<\/p>\n\n\n\n<h3 class=\"wp-block-heading\"><strong>COMO ADICIONO OU REMOVO PRODUTOS AP\u00d3S EFETUAR MEU PEDIDO?<\/strong><\/h3>\n\n\n\n<p>Depois de fazer seu pedido, voc\u00ea n\u00e3o poder\u00e1 fazer modifica\u00e7\u00f5es no site.<br>Por favor contacte a nossa equipa de apoio ao cliente atrav\u00e9s do formul\u00e1rio &#039;contacte-nos&#039; para qualquer modifica\u00e7\u00e3o da encomenda.<\/p>\n\n\n\n<h3 class=\"wp-block-heading\"><strong>COMO POSSO ACOMPANHAR O ANDAMENTO DE UM PEDIDO?<\/strong><\/h3>\n\n\n\n<p>Assim que seu pedido for enviado, voc\u00ea receber\u00e1 um e-mail e uma notifica\u00e7\u00e3o de texto com os detalhes do pedido. Voc\u00ea pode rastrear a remessa clicando no link fornecido no e-mail.<\/p>\n\n\n\n<p>Posso alterar meu endere\u00e7o de entrega depois de fazer meu pedido?<\/p>\n\n\n\n<p>Se o seu pedido ainda n\u00e3o foi enviado, podemos entregar em um endere\u00e7o diferente conforme sua solicita\u00e7\u00e3o. Para saber mais, voc\u00ea pode entrar em contato conosco atrav\u00e9s do formul\u00e1rio &#039;fale conosco&#039;.<\/p>\n\n\n\n<h2 class=\"wp-block-heading\"><strong>PAGAMENTO<\/strong><\/h2>\n\n\n\n<h3 class=\"wp-block-heading\">QUE TIPOS DE PAGAMENTOS VOC\u00ca ACEITA?<\/h3>\n\n\n\n<p>Voc\u00ea pode comprar em nosso site usando cart\u00e3o de d\u00e9bito, cr\u00e9dito, net banking ou UPI.<br><br>Al\u00e9m disso, oferecemos suporte a Paypal, Amazon Pay, Apple Pay, Google Pay, Paytm e outras carteiras.<br><br>Voc\u00ea pode escolher esses m\u00e9todos de pagamento na finaliza\u00e7\u00e3o da compra.<\/p>\n\n\n\n<h3 class=\"wp-block-heading\"><strong>COMO PAGAR PELO M\u00c9TODO DINHEIRO NA ENTREGA (COD)?<\/strong><\/h3>\n\n\n\n<p>O pagamento pela op\u00e7\u00e3o COD \u00e9 f\u00e1cil. Apenas siga estes simples passos:<br>No site, selecione os produtos que deseja adquirir, adicione-os ao carrinho e a seguir na p\u00e1gina Pagamento e Revis\u00e3o do Pedido, selecione Pagamento na Entrega (COD) como forma de pagamento e clique no bot\u00e3o &#039;CONCLUIR COMPRA&#039;.<br>Ap\u00f3s a aprova\u00e7\u00e3o, seu pedido ser\u00e1 despachado.<br>Assim que o agente de entrega entregar o pedido, voc\u00ea ter\u00e1 que pagar a ele o valor total do pedido em dinheiro.<\/p>\n\n\n\n<h3 class=\"wp-block-heading\"><strong>\u00c9 SEGURO USAR MEU CART\u00c3O DE CR\u00c9DITO\/D\u00c9BITO NESTE SITE?<\/strong><\/h3>\n\n\n\n<p>Usamos servi\u00e7os de processamento de pagamentos de terceiros para processar todas as transa\u00e7\u00f5es de pagamento com cart\u00e3o de cr\u00e9dito\/d\u00e9bito. Esses intermedi\u00e1rios de pagamento s\u00e3o compat\u00edveis com PCI, que \u00e9 o n\u00edvel mais rigoroso de padr\u00e3o de certifica\u00e7\u00e3o que garante que todos os dados dos titulares de cart\u00e3o sejam armazenados, processados e transmitidos com seguran\u00e7a usando a tecnologia de criptografia padr\u00e3o do setor.<\/p>\n\n\n\n<h3 class=\"wp-block-heading\"><strong>EM QUE MOEDA SEREI COBRADA?<\/strong><\/h3>\n\n\n\n<p>Atualmente, oferecemos suporte apenas \u00e0s seguintes moedas para cobran\u00e7a de nossos clientes em suas moedas locais: USD, CAD e EUR.<br>Se o seu cart\u00e3o de cr\u00e9dito ou d\u00e9bito usar outra moeda, a cobran\u00e7a ser\u00e1 feita em d\u00f3lares americanos, CAD ou euros, dependendo do site em que voc\u00ea estiver. Seu banco pode aplicar a taxa de convers\u00e3o correspondente \u00e0 moeda que voc\u00ea escolher de acordo com sua pol\u00edtica. Por favor, verifique com seu banco as cobran\u00e7as exatas.<\/p>\n\n\n\n<h3 class=\"wp-block-heading\"><strong>EXISTEM CUSTOS OCULTOS?<\/strong><\/h3>\n\n\n\n<p>N\u00e3o h\u00e1 custos ocultos ou despesas adicionais de envio. O pre\u00e7o total mencionado na p\u00e1gina do produto ao lado da fotografia \u00e9 o pre\u00e7o final. O que voc\u00ea v\u00ea \u00e9 o que voc\u00ea paga.<\/p>\n\n\n\n<h2 class=\"wp-block-heading\"><strong>DEVOLU\u00c7\u00d5ES E TROCAS<\/strong><\/h2>\n\n\n\n<h3 class=\"wp-block-heading\"><strong>ACEITA DEVOLU\u00c7\u00d5ES?<\/strong><\/h3>\n\n\n\n<p>Sim, aceitamos devolu\u00e7\u00f5es sujeitas ao cumprimento das seguintes condi\u00e7\u00f5es:<br><br>\u2013 O artigo deve ter sido vendido na nossa loja online<br>\u2013 O item n\u00e3o deveria ter sido usado de forma alguma<br>\u2013 O item dever\u00e1 estar na embalagem original com todas as etiquetas etc.<br>\u2013 O pedido de devolu\u00e7\u00e3o ou troca \u00e9 feito no prazo de 7 dias ap\u00f3s a entrega.<br><br>Para solicitar uma devolu\u00e7\u00e3o, entre em contato com o suporte enviando sua solicita\u00e7\u00e3o por meio do formul\u00e1rio \u201cfale conosco\u201d. Um membro da nossa equipe de suporte responder\u00e1 o mais r\u00e1pido poss\u00edvel.<\/p>\n\n\n\n<h3 class=\"wp-block-heading\"><strong>POSSO TROCAR UM ITEM?<\/strong><\/h3>\n\n\n\n<p>Aceitamos trocas e seguem as mesmas condi\u00e7\u00f5es das devolu\u00e7\u00f5es.<br><br>\u2013 O artigo deve ter sido vendido na nossa loja online<br>\u2013 O item n\u00e3o deveria ter sido usado de forma alguma<br>\u2013 O item dever\u00e1 estar em sua embalagem original com todas as etiquetas etc.<br>\u2013 O pedido de devolu\u00e7\u00e3o ou troca \u00e9 feito no prazo de 30 dias ap\u00f3s a entrega<br><br>Para solicitar uma troca, envie sua solicita\u00e7\u00e3o atrav\u00e9s do formul\u00e1rio \u201cfale conosco\u201d. Um membro da nossa equipe de suporte responder\u00e1 o mais r\u00e1pido poss\u00edvel.<\/p>\n\n\n\n<h3 class=\"wp-block-heading\"><strong>COMO FA\u00c7O A DEVOLU\u00c7\u00c3O?<\/strong><\/h3>\n\n\n\n<p>Fornecemos apenas troca de itens de acordo com nossa pol\u00edtica de troca. Antes de efetuar a encomenda sugerimos que leia a nossa pol\u00edtica de envios e devolu\u00e7\u00f5es\/trocas.<\/p>\n\n\n\n<h3 class=\"wp-block-heading\"><strong>QUANDO VOC\u00ca RETIRAR\u00c1 MEU PEDIDO DE DEVOLU\u00c7\u00c3O?<\/strong><\/h3>\n\n\n\n<p>Estamos priorizando nosso atendimento e opera\u00e7\u00f5es para entregar produtos que nossos clientes precisariam enquanto continuassem em casa. Iremos notific\u00e1-lo quando pudermos agendar a coleta de devolu\u00e7\u00e3o. Agradecemos sua paci\u00eancia a esse respeito.<\/p>\n\n\n\n<h3 class=\"wp-block-heading\"><strong>AS DEVOLU\u00c7\u00d5ES S\u00c3O GRATUITAS?<\/strong><\/h3>\n\n\n\n<p>Sim, para mais detalhes leia nossa pol\u00edtica de devolu\u00e7\u00f5es e trocas. Ou sinta-se \u00e0 vontade para entrar em contato com nossos agentes de suporte por e-mail ou pelo formul\u00e1rio de contato para obter mais detalhes.<\/p>\n\n\n\n<h2 class=\"wp-block-heading\">EM GERAL<\/h2>\n\n\n\n<h3 class=\"wp-block-heading\"><strong>VOC\u00ca TEM LOJAS F\u00cdSICAS?<\/strong><\/h3>\n\n\n\n<p>Atualmente n\u00e3o temos lojas f\u00edsicas com nossa marca. No entanto, temos v\u00e1rios distribuidores na Europa, EUA, Canad\u00e1 e \u00cdndia.<br>A lista completa de lojas que revendem nossos produtos pode ser encontrada em nosso mapa localizador de lojas.<\/p>\n\n\n\n<h3 class=\"wp-block-heading\"><strong>VOC\u00ca OFERECE UM PROGRAMA DE REFER\u00caNCIA? COMO FUNCIONA?<\/strong><\/h3>\n\n\n\n<p>Criamos um programa de indica\u00e7\u00e3o para agradecer aos nossos clientes por indicarem seus amigos e familiares.<br>Para obter mais informa\u00e7\u00f5es, consulte os termos e condi\u00e7\u00f5es do nosso programa de indica\u00e7\u00f5es.<\/p>\n\n\n\n<h3 class=\"wp-block-heading\"><strong>EXISTE GARANTIA?<\/strong><\/h3>\n\n\n\n<p>Garantimos que qualquer um dos nossos produtos fabricados por n\u00f3s e vendidos atrav\u00e9s da nossa loja online est\u00e1 isento de defeitos.<\/p>\n\n\n\n<h3 class=\"wp-block-heading\"><strong>COMO POSSO CONTACTAR O ATENDIMENTO AO CLIENTE?<\/strong><\/h3>\n\n\n\n<p>Nossa equipe de atendimento ao cliente est\u00e1 dispon\u00edvel durante toda a semana, todos os sete dias, das 8h \u00e0s 18h. Voc\u00ea pode entrar em contato conosco por e-mail.<\/p>\n\n\n\n<h3 class=\"wp-block-heading\"><strong>POSSO USAR V\u00c1RIOS CUPONS NA MESMA TRANSA\u00c7\u00c3O?<\/strong><\/h3>\n\n\n\n<p>Apenas um cupom pode ser usado em uma \u00fanica transa\u00e7\u00e3o ou carrinho. No entanto, voc\u00ea pode adicionar v\u00e1rios itens a um carrinho para usar um cupom e aproveitar descontos.<\/p>","protected":false},"excerpt":{"rendered":"<p>SHIPPING WHAT IS THE STATUS OF MY ORDER? Once you have placed your order, we will send you a confirmation email to track the status of your order. Once your order is shipped we will send you another email along with the link to track your order. Or, you can track the status of your [&hellip;]<\/p>\n","protected":false},"author":1,"featured_media":0,"parent":0,"menu_order":0,"comment_status":"closed","ping_status":"closed","template":"","meta":{"_uag_custom_page_level_css":"","site-sidebar-layout":"default","site-content-layout":"","ast-site-content-layout":"default","site-content-style":"default","site-sidebar-style":"default","ast-global-header-display":"","ast-banner-title-visibility":"","ast-main-header-display":"","ast-hfb-above-header-display":"","ast-hfb-below-header-display":"","ast-hfb-mobile-header-display":"","site-post-title":"","ast-breadcrumbs-content":"","ast-featured-img":"","footer-sml-layout":"","ast-disable-related-posts":"","theme-transparent-header-meta":"","adv-header-id-meta":"","stick-header-meta":"","header-above-stick-meta":"","header-main-stick-meta":"","header-below-stick-meta":"","astra-migrate-meta-layouts":"set","ast-page-background-enabled":"default","ast-page-background-meta":{"desktop":{"background-color":"","background-image":"","background-repeat":"repeat","background-position":"center center","background-size":"auto","background-attachment":"scroll","background-type":"","background-media":"","overlay-type":"","overlay-color":"","overlay-opacity":"","overlay-gradient":""},"tablet":{"background-color":"","background-image":"","background-repeat":"repeat","background-position":"center center","background-size":"auto","background-attachment":"scroll","background-type":"","background-media":"","overlay-type":"","overlay-color":"","overlay-opacity":"","overlay-gradient":""},"mobile":{"background-color":"","background-image":"","background-repeat":"repeat","background-position":"center center","background-size":"auto","background-attachment":"scroll","background-type":"","background-media":"","overlay-type":"","overlay-color":"","overlay-opacity":"","overlay-gradient":""}},"ast-content-background-meta":{"desktop":{"background-color":"var(--ast-global-color-5)","background-image":"","background-repeat":"repeat","background-position":"center center","background-size":"auto","background-attachment":"scroll","background-type":"","background-media":"","overlay-type":"","overlay-color":"","overlay-opacity":"","overlay-gradient":""},"tablet":{"background-color":"var(--ast-global-color-5)","background-image":"","background-repeat":"repeat","background-position":"center center","background-size":"auto","background-attachment":"scroll","background-type":"","background-media":"","overlay-type":"","overlay-color":"","overlay-opacity":"","overlay-gradient":""},"mobile":{"background-color":"var(--ast-global-color-5)","background-image":"","background-repeat":"repeat","background-position":"center center","background-size":"auto","background-attachment":"scroll","background-type":"","background-media":"","overlay-type":"","overlay-color":"","overlay-opacity":"","overlay-gradient":""}},"footnotes":""},"class_list":["post-2129","page","type-page","status-publish","hentry"],"yoast_head":"<!-- This site is optimized with the Yoast SEO plugin v27.3 - https:\/\/yoast.com\/product\/yoast-seo-wordpress\/ -->\n<title>Herbal Soap FAQs | Shipping, Ingredients &amp; Usage Questions | Taxne<\/title>\n<meta name=\"description\" content=\"Find quick answers to your questions about Taxne herbal soaps. Learn about ingredients, shipping, returns, usage tips, and more. Can&#039;t find what you need? Our team is ready to help.\" \/>\n<meta name=\"robots\" content=\"index, follow, max-snippet:-1, max-image-preview:large, max-video-preview:-1\" \/>\n<link rel=\"canonical\" href=\"https:\/\/taxne.com\/pt\/perguntas-frequentes\/\" \/>\n<meta property=\"og:locale\" content=\"pt_PT\" \/>\n<meta property=\"og:type\" content=\"article\" \/>\n<meta property=\"og:title\" content=\"Herbal Soap FAQs | Shipping, Ingredients &amp; Usage Questions | Taxne\" \/>\n<meta property=\"og:description\" content=\"Find quick answers to your questions about Taxne herbal soaps. Learn about ingredients, shipping, returns, usage tips, and more. Can&#039;t find what you need? Our team is ready to help.\" \/>\n<meta property=\"og:url\" content=\"https:\/\/taxne.com\/pt\/perguntas-frequentes\/\" \/>\n<meta property=\"article:modified_time\" content=\"2025-09-10T09:05:04+00:00\" \/>\n<meta name=\"twitter:card\" content=\"summary_large_image\" \/>\n<meta name=\"twitter:label1\" content=\"Tempo estimado de leitura\" \/>\n\t<meta name=\"twitter:data1\" content=\"7 minutos\" \/>\n<script type=\"application\/ld+json\" class=\"yoast-schema-graph\">{\"@context\":\"https:\\\/\\\/schema.org\",\"@graph\":[{\"@type\":\"WebPage\",\"@id\":\"https:\\\/\\\/taxne.com\\\/faqs\\\/\",\"url\":\"https:\\\/\\\/taxne.com\\\/faqs\\\/\",\"name\":\"Herbal Soap FAQs | Shipping, Ingredients & Usage Questions | Taxne\",\"isPartOf\":{\"@id\":\"https:\\\/\\\/taxne.com\\\/#website\"},\"datePublished\":\"2024-07-15T03:55:40+00:00\",\"dateModified\":\"2025-09-10T09:05:04+00:00\",\"description\":\"Find quick answers to your questions about Taxne herbal soaps. Learn about ingredients, shipping, returns, usage tips, and more. Can't find what you need? Our team is ready to help.\",\"breadcrumb\":{\"@id\":\"https:\\\/\\\/taxne.com\\\/faqs\\\/#breadcrumb\"},\"inLanguage\":\"pt-PT\",\"potentialAction\":[{\"@type\":\"ReadAction\",\"target\":[\"https:\\\/\\\/taxne.com\\\/faqs\\\/\"]}]},{\"@type\":\"BreadcrumbList\",\"@id\":\"https:\\\/\\\/taxne.com\\\/faqs\\\/#breadcrumb\",\"itemListElement\":[{\"@type\":\"ListItem\",\"position\":1,\"name\":\"\u9996\u9875\",\"item\":\"https:\\\/\\\/taxne.com\\\/\"},{\"@type\":\"ListItem\",\"position\":2,\"name\":\"Faqs\"}]},{\"@type\":\"WebSite\",\"@id\":\"https:\\\/\\\/taxne.com\\\/#website\",\"url\":\"https:\\\/\\\/taxne.com\\\/\",\"name\":\"taxne.com\",\"description\":\"\",\"publisher\":{\"@id\":\"https:\\\/\\\/taxne.com\\\/#organization\"},\"potentialAction\":[{\"@type\":\"SearchAction\",\"target\":{\"@type\":\"EntryPoint\",\"urlTemplate\":\"https:\\\/\\\/taxne.com\\\/?s={search_term_string}\"},\"query-input\":{\"@type\":\"PropertyValueSpecification\",\"valueRequired\":true,\"valueName\":\"search_term_string\"}}],\"inLanguage\":\"pt-PT\"},{\"@type\":\"Organization\",\"@id\":\"https:\\\/\\\/taxne.com\\\/#organization\",\"name\":\"taxne.com\",\"url\":\"https:\\\/\\\/taxne.com\\\/\",\"logo\":{\"@type\":\"ImageObject\",\"inLanguage\":\"pt-PT\",\"@id\":\"https:\\\/\\\/taxne.com\\\/#\\\/schema\\\/logo\\\/image\\\/\",\"url\":\"https:\\\/\\\/taxne.com\\\/wp-content\\\/uploads\\\/2025\\\/09\\\/cropped-logo.png\",\"contentUrl\":\"https:\\\/\\\/taxne.com\\\/wp-content\\\/uploads\\\/2025\\\/09\\\/cropped-logo.png\",\"width\":1027,\"height\":270,\"caption\":\"taxne.com\"},\"image\":{\"@id\":\"https:\\\/\\\/taxne.com\\\/#\\\/schema\\\/logo\\\/image\\\/\"}}]}<\/script>\n<!-- \/ Yoast SEO plugin. -->","yoast_head_json":{"title":"Herbal Soap FAQs | Shipping, Ingredients & Usage Questions | Taxne","description":"Find quick answers to your questions about Taxne herbal soaps. Learn about ingredients, shipping, returns, usage tips, and more. Can't find what you need? Our team is ready to help.","robots":{"index":"index","follow":"follow","max-snippet":"max-snippet:-1","max-image-preview":"max-image-preview:large","max-video-preview":"max-video-preview:-1"},"canonical":"https:\/\/taxne.com\/pt\/perguntas-frequentes\/","og_locale":"pt_PT","og_type":"article","og_title":"Herbal Soap FAQs | Shipping, Ingredients & Usage Questions | Taxne","og_description":"Find quick answers to your questions about Taxne herbal soaps. Learn about ingredients, shipping, returns, usage tips, and more. Can't find what you need? Our team is ready to help.","og_url":"https:\/\/taxne.com\/pt\/perguntas-frequentes\/","article_modified_time":"2025-09-10T09:05:04+00:00","twitter_card":"summary_large_image","twitter_misc":{"Tempo estimado de leitura":"7 minutos"},"schema":{"@context":"https:\/\/schema.org","@graph":[{"@type":"WebPage","@id":"https:\/\/taxne.com\/faqs\/","url":"https:\/\/taxne.com\/faqs\/","name":"Herbal Soap FAQs | Shipping, Ingredients & Usage Questions | Taxne","isPartOf":{"@id":"https:\/\/taxne.com\/#website"},"datePublished":"2024-07-15T03:55:40+00:00","dateModified":"2025-09-10T09:05:04+00:00","description":"Find quick answers to your questions about Taxne herbal soaps. Learn about ingredients, shipping, returns, usage tips, and more. Can't find what you need? Our team is ready to help.","breadcrumb":{"@id":"https:\/\/taxne.com\/faqs\/#breadcrumb"},"inLanguage":"pt-PT","potentialAction":[{"@type":"ReadAction","target":["https:\/\/taxne.com\/faqs\/"]}]},{"@type":"BreadcrumbList","@id":"https:\/\/taxne.com\/faqs\/#breadcrumb","itemListElement":[{"@type":"ListItem","position":1,"name":"\u9996\u9875","item":"https:\/\/taxne.com\/"},{"@type":"ListItem","position":2,"name":"Faqs"}]},{"@type":"WebSite","@id":"https:\/\/taxne.com\/#website","url":"https:\/\/taxne.com\/","name":"taxne. com","description":"","publisher":{"@id":"https:\/\/taxne.com\/#organization"},"potentialAction":[{"@type":"SearchAction","target":{"@type":"EntryPoint","urlTemplate":"https:\/\/taxne.com\/?s={search_term_string}"},"query-input":{"@type":"PropertyValueSpecification","valueRequired":true,"valueName":"search_term_string"}}],"inLanguage":"pt-PT"},{"@type":"Organization","@id":"https:\/\/taxne.com\/#organization","name":"taxne. com","url":"https:\/\/taxne.com\/","logo":{"@type":"ImageObject","inLanguage":"pt-PT","@id":"https:\/\/taxne.com\/#\/schema\/logo\/image\/","url":"https:\/\/taxne.com\/wp-content\/uploads\/2025\/09\/cropped-logo.png","contentUrl":"https:\/\/taxne.com\/wp-content\/uploads\/2025\/09\/cropped-logo.png","width":1027,"height":270,"caption":"taxne.com"},"image":{"@id":"https:\/\/taxne.com\/#\/schema\/logo\/image\/"}}]}},"uagb_featured_image_src":{"full":false,"thumbnail":false,"medium":false,"medium_large":false,"large":false,"1536x1536":false,"2048x2048":false,"trp-custom-language-flag":false,"woocommerce_thumbnail":false,"woocommerce_single":false,"woocommerce_gallery_thumbnail":false},"uagb_author_info":{"display_name":"tianke1223@gmail.com","author_link":"https:\/\/taxne.com\/pt\/author\/tianke1223gmail-com\/"},"uagb_comment_info":0,"uagb_excerpt":"SHIPPING WHAT IS THE STATUS OF MY ORDER? Once you have placed your order, we will send you a confirmation email to track the status of your order. Once your order is shipped we will send you another email along with the link to track your order. Or, you can track the status of your&hellip;","jetpack_sharing_enabled":true,"_links":{"self":[{"href":"https:\/\/taxne.com\/pt\/wp-json\/wp\/v2\/pages\/2129","targetHints":{"allow":["GET"]}}],"collection":[{"href":"https:\/\/taxne.com\/pt\/wp-json\/wp\/v2\/pages"}],"about":[{"href":"https:\/\/taxne.com\/pt\/wp-json\/wp\/v2\/types\/page"}],"author":[{"embeddable":true,"href":"https:\/\/taxne.com\/pt\/wp-json\/wp\/v2\/users\/1"}],"replies":[{"embeddable":true,"href":"https:\/\/taxne.com\/pt\/wp-json\/wp\/v2\/comments?post=2129"}],"version-history":[{"count":2,"href":"https:\/\/taxne.com\/pt\/wp-json\/wp\/v2\/pages\/2129\/revisions"}],"predecessor-version":[{"id":2131,"href":"https:\/\/taxne.com\/pt\/wp-json\/wp\/v2\/pages\/2129\/revisions\/2131"}],"wp:attachment":[{"href":"https:\/\/taxne.com\/pt\/wp-json\/wp\/v2\/media?parent=2129"}],"curies":[{"name":"wp","href":"https:\/\/api.w.org\/{rel}","templated":true}]}}