{"id":3,"date":"2024-07-11T14:22:53","date_gmt":"2024-07-11T14:22:53","guid":{"rendered":"https:\/\/taxne.com\/?page_id=3"},"modified":"2025-09-10T09:10:18","modified_gmt":"2025-09-10T09:10:18","slug":"privacy-policy","status":"publish","type":"page","link":"https:\/\/taxne.com\/pt\/politica-de-privacidade\/","title":{"rendered":"pol\u00edtica de Privacidade"},"content":{"rendered":"<h3 class=\"wp-block-heading\">pol\u00edtica de Privacidade<\/h3>\n\n\n\n<p>O site Taxne.com \u00e9 propriedade da Taxne, que \u00e9 a controladora dos seus dados pessoais.<\/p>\n\n\n\n<p>Adotamos esta Pol\u00edtica de Privacidade, que determina como processamos as informa\u00e7\u00f5es coletadas por Taxne.com, que tamb\u00e9m fornece as raz\u00f5es pelas quais devemos coletar determinados dados pessoais sobre voc\u00ea. Portanto, voc\u00ea deve ler esta Pol\u00edtica de Privacidade antes de usar o site Taxne.com.<\/p>\n\n\n\n<p>Cuidamos dos seus dados pessoais e comprometemo-nos a garantir a sua confidencialidade e seguran\u00e7a.<\/p>\n\n\n\n<h6 class=\"wp-block-heading\">Informa\u00e7\u00f5es pessoais que coletamos:<\/h6>\n\n\n\n<p>Quando voc\u00ea visita Taxne.com, coletamos automaticamente certas informa\u00e7\u00f5es sobre o seu dispositivo, incluindo informa\u00e7\u00f5es sobre seu navegador, endere\u00e7o IP, fuso hor\u00e1rio e alguns dos cookies instalados no seu dispositivo. Al\u00e9m disso, \u00e0 medida que voc\u00ea navega no Site, coletamos informa\u00e7\u00f5es sobre as p\u00e1ginas da web ou produtos individuais que voc\u00ea visualiza, quais sites ou termos de pesquisa o encaminharam para o Site e como voc\u00ea interage com o Site. Referimo-nos a essas informa\u00e7\u00f5es coletadas automaticamente como \u201cInforma\u00e7\u00f5es do dispositivo\u201d. Al\u00e9m disso, poderemos coletar os dados pessoais que voc\u00ea nos fornece (incluindo, entre outros, nome, sobrenome, endere\u00e7o, informa\u00e7\u00f5es de pagamento, etc.) durante o registro para podermos cumprir o contrato.<\/p>\n\n\n\n<h6 class=\"wp-block-heading\">Por que processamos os seus dados?<\/h6>\n\n\n\n<p>A nossa principal prioridade \u00e9 a seguran\u00e7a dos dados do cliente e, como tal, podemos processar apenas dados m\u00ednimos do utilizador, apenas o que for absolutamente necess\u00e1rio para manter o website. As informa\u00e7\u00f5es coletadas automaticamente s\u00e3o utilizadas apenas para identificar poss\u00edveis casos de abuso e estabelecer informa\u00e7\u00f5es estat\u00edsticas sobre o uso do site. Esta informa\u00e7\u00e3o estat\u00edstica n\u00e3o \u00e9 agregada de outra forma de forma a identificar qualquer utilizador espec\u00edfico do sistema.<\/p>\n\n\n\n<p>Voc\u00ea pode visitar o site sem nos informar quem voc\u00ea \u00e9 ou revelar qualquer informa\u00e7\u00e3o, pela qual algu\u00e9m possa identific\u00e1-lo como um indiv\u00edduo espec\u00edfico e identific\u00e1vel. Se, no entanto, desejar utilizar algumas funcionalidades do site, ou desejar receber a nossa newsletter ou fornecer outros dados atrav\u00e9s do preenchimento de um formul\u00e1rio, poder\u00e1 fornecer-nos dados pessoais, como o seu email, nome, apelido, cidade de resid\u00eancia, organiza\u00e7\u00e3o, n\u00famero de telefone. Voc\u00ea pode optar por n\u00e3o nos fornecer seus dados pessoais, mas ent\u00e3o poder\u00e1 n\u00e3o conseguir aproveitar algumas funcionalidades do site. Por exemplo, voc\u00ea n\u00e3o poder\u00e1 receber nossa Newsletter ou entrar em contato conosco diretamente do site. Os usu\u00e1rios que n\u00e3o t\u00eam certeza sobre quais informa\u00e7\u00f5es s\u00e3o obrigat\u00f3rias podem entrar em contato conosco via <a target=\"_blank\" href=\"mailto:tianke1223@gmail.com\" rel=\"noreferrer noopener\">tianke1223@gmail.com<\/a>.<\/p>\n\n\n\n<h6 class=\"wp-block-heading\">Seus direitos:<\/h6>\n\n\n\n<p>Se for residente europeu, tem os seguintes direitos relacionados com os seus dados pessoais:<\/p>\n\n\n\n<ul class=\"wp-block-list\">\n<li>O direito de ser informado.<\/li>\n\n\n\n<li>O direito de acesso.<\/li>\n\n\n\n<li>O direito \u00e0 retifica\u00e7\u00e3o.<\/li>\n\n\n\n<li>O direito ao apagamento.<\/li>\n\n\n\n<li>O direito de restringir o processamento.<\/li>\n\n\n\n<li>O direito \u00e0 portabilidade dos dados.<\/li>\n\n\n\n<li>O direito de objetar.<\/li>\n\n\n\n<li>Direitos em rela\u00e7\u00e3o \u00e0 tomada de decis\u00e3o automatizada e \u00e0 defini\u00e7\u00e3o de perfis.<\/li>\n<\/ul>\n\n\n\n<p>Se desejar exercer este direito, entre em contato conosco atrav\u00e9s dos dados de contato abaixo.<\/p>\n\n\n\n<p>Al\u00e9m disso, se voc\u00ea for residente na Europa, observamos que estamos processando suas informa\u00e7\u00f5es para cumprir contratos que possamos ter com voc\u00ea (por exemplo, se voc\u00ea fizer um pedido atrav\u00e9s do Site) ou de outra forma para perseguir nossos interesses comerciais leg\u00edtimos listados acima. Al\u00e9m disso, observe que suas informa\u00e7\u00f5es poder\u00e3o ser transferidas para fora da Europa, incluindo Canad\u00e1 e Estados Unidos.<\/p>\n\n\n\n<h6 class=\"wp-block-heading\">Links para outros sites:<\/h6>\n\n\n\n<p>Nosso site pode conter links para outros sites que n\u00e3o s\u00e3o de nossa propriedade ou controlados por n\u00f3s. Esteja ciente de que n\u00e3o somos respons\u00e1veis por outros sites ou pelas pr\u00e1ticas de privacidade de terceiros. Encorajamos voc\u00ea a estar atento ao sair do nosso site e a ler as declara\u00e7\u00f5es de privacidade de cada site que possa coletar informa\u00e7\u00f5es pessoais.<\/p>\n\n\n\n<h6 class=\"wp-block-heading\">Seguran\u00e7a da informa\u00e7\u00e3o:<\/h6>\n\n\n\n<p>Protegemos as informa\u00e7\u00f5es que voc\u00ea fornece em servidores de computador em um ambiente controlado e seguro, protegido contra acesso, uso ou divulga\u00e7\u00e3o n\u00e3o autorizado. Mantemos salvaguardas administrativas, t\u00e9cnicas e f\u00edsicas razo\u00e1veis para proteger contra acesso n\u00e3o autorizado, uso, modifica\u00e7\u00e3o e divulga\u00e7\u00e3o de dados pessoais sob seu controle e cust\u00f3dia. No entanto, nenhuma transmiss\u00e3o de dados pela Internet ou rede sem fio pode ser garantida.<\/p>\n\n\n\n<h6 class=\"wp-block-heading\">Divulga\u00e7\u00e3o legal:<\/h6>\n\n\n\n<p>Divulgaremos qualquer informa\u00e7\u00e3o que coletarmos, usarmos ou recebermos se exigido ou permitido por lei, como para cumprir uma intima\u00e7\u00e3o ou processo legal semelhante, e quando acreditarmos de boa f\u00e9 que a divulga\u00e7\u00e3o \u00e9 necess\u00e1ria para proteger nossos direitos, proteger sua seguran\u00e7a ou a seguran\u00e7a de terceiros, investigar fraudes ou responder a uma solicita\u00e7\u00e3o governamental.<\/p>\n\n\n\n<h6 class=\"wp-block-heading\">Informa\u00e7\u00f5es de contato:<\/h6>\n\n\n\n<p>Se desejar entrar em contato conosco para entender mais sobre esta Pol\u00edtica ou desejar entrar em contato conosco sobre qualquer assunto relacionado aos direitos individuais e suas Informa\u00e7\u00f5es Pessoais, voc\u00ea pode enviar um e-mail para <a target=\"_blank\" href=\"mailto:tianke1223@gmail.com\" rel=\"noreferrer noopener\">tianke1223@gmail.com<\/a>.<\/p>","protected":false},"excerpt":{"rendered":"<p>Privacy Policy Taxne.com website is owned by Taxne, which is a data controller of your personal data. We have adopted this Privacy Policy, which determines how we are processing the information collected by Taxne.com, which also provides the reasons why we must collect certain personal data about you. Therefore, you must read this Privacy Policy [&hellip;]<\/p>\n","protected":false},"author":1,"featured_media":0,"parent":0,"menu_order":0,"comment_status":"closed","ping_status":"closed","template":"","meta":{"_uag_custom_page_level_css":"","site-sidebar-layout":"default","site-content-layout":"","ast-site-content-layout":"default","site-content-style":"default","site-sidebar-style":"default","ast-global-header-display":"","ast-banner-title-visibility":"","ast-main-header-display":"","ast-hfb-above-header-display":"","ast-hfb-below-header-display":"","ast-hfb-mobile-header-display":"","site-post-title":"","ast-breadcrumbs-content":"","ast-featured-img":"","footer-sml-layout":"","ast-disable-related-posts":"","theme-transparent-header-meta":"","adv-header-id-meta":"","stick-header-meta":"","header-above-stick-meta":"","header-main-stick-meta":"","header-below-stick-meta":"","astra-migrate-meta-layouts":"set","ast-page-background-enabled":"default","ast-page-background-meta":{"desktop":{"background-color":"","background-image":"","background-repeat":"repeat","background-position":"center center","background-size":"auto","background-attachment":"scroll","background-type":"","background-media":"","overlay-type":"","overlay-color":"","overlay-opacity":"","overlay-gradient":""},"tablet":{"background-color":"","background-image":"","background-repeat":"repeat","background-position":"center center","background-size":"auto","background-attachment":"scroll","background-type":"","background-media":"","overlay-type":"","overlay-color":"","overlay-opacity":"","overlay-gradient":""},"mobile":{"background-color":"","background-image":"","background-repeat":"repeat","background-position":"center center","background-size":"auto","background-attachment":"scroll","background-type":"","background-media":"","overlay-type":"","overlay-color":"","overlay-opacity":"","overlay-gradient":""}},"ast-content-background-meta":{"desktop":{"background-color":"var(--ast-global-color-5)","background-image":"","background-repeat":"repeat","background-position":"center center","background-size":"auto","background-attachment":"scroll","background-type":"","background-media":"","overlay-type":"","overlay-color":"","overlay-opacity":"","overlay-gradient":""},"tablet":{"background-color":"var(--ast-global-color-5)","background-image":"","background-repeat":"repeat","background-position":"center center","background-size":"auto","background-attachment":"scroll","background-type":"","background-media":"","overlay-type":"","overlay-color":"","overlay-opacity":"","overlay-gradient":""},"mobile":{"background-color":"var(--ast-global-color-5)","background-image":"","background-repeat":"repeat","background-position":"center center","background-size":"auto","background-attachment":"scroll","background-type":"","background-media":"","overlay-type":"","overlay-color":"","overlay-opacity":"","overlay-gradient":""}},"footnotes":""},"class_list":["post-3","page","type-page","status-publish","hentry"],"yoast_head":"<!-- This site is optimized with the Yoast SEO plugin v27.3 - https:\/\/yoast.com\/product\/yoast-seo-wordpress\/ -->\n<title>Privacy Policy | Your Data Security &amp; Protection | Taxne<\/title>\n<meta name=\"description\" content=\"Read Taxne&#039;s Privacy Policy to understand how we collect, use, and protect your personal information. We are committed to transparency and GDPR compliance. Your privacy is our priority.\" \/>\n<meta name=\"robots\" content=\"index, follow, max-snippet:-1, max-image-preview:large, max-video-preview:-1\" \/>\n<link rel=\"canonical\" href=\"https:\/\/taxne.com\/pt\/politica-de-privacidade\/\" \/>\n<meta property=\"og:locale\" content=\"pt_PT\" \/>\n<meta property=\"og:type\" content=\"article\" \/>\n<meta property=\"og:title\" content=\"Privacy Policy | Your Data Security &amp; Protection | Taxne\" \/>\n<meta property=\"og:description\" content=\"Read Taxne&#039;s Privacy Policy to understand how we collect, use, and protect your personal information. We are committed to transparency and GDPR compliance. Your privacy is our priority.\" \/>\n<meta property=\"og:url\" content=\"https:\/\/taxne.com\/pt\/politica-de-privacidade\/\" \/>\n<meta property=\"article:modified_time\" content=\"2025-09-10T09:10:18+00:00\" \/>\n<meta name=\"twitter:card\" content=\"summary_large_image\" \/>\n<meta name=\"twitter:label1\" content=\"Tempo estimado de leitura\" \/>\n\t<meta name=\"twitter:data1\" content=\"5 minutos\" \/>\n<script type=\"application\/ld+json\" class=\"yoast-schema-graph\">{\"@context\":\"https:\\\/\\\/schema.org\",\"@graph\":[{\"@type\":\"WebPage\",\"@id\":\"https:\\\/\\\/taxne.com\\\/privacy-policy\\\/\",\"url\":\"https:\\\/\\\/taxne.com\\\/privacy-policy\\\/\",\"name\":\"Privacy Policy | Your Data Security & Protection | Taxne\",\"isPartOf\":{\"@id\":\"https:\\\/\\\/taxne.com\\\/#website\"},\"datePublished\":\"2024-07-11T14:22:53+00:00\",\"dateModified\":\"2025-09-10T09:10:18+00:00\",\"description\":\"Read Taxne's Privacy Policy to understand how we collect, use, and protect your personal information. We are committed to transparency and GDPR compliance. Your privacy is our priority.\",\"breadcrumb\":{\"@id\":\"https:\\\/\\\/taxne.com\\\/privacy-policy\\\/#breadcrumb\"},\"inLanguage\":\"pt-PT\",\"potentialAction\":[{\"@type\":\"ReadAction\",\"target\":[\"https:\\\/\\\/taxne.com\\\/privacy-policy\\\/\"]}]},{\"@type\":\"BreadcrumbList\",\"@id\":\"https:\\\/\\\/taxne.com\\\/privacy-policy\\\/#breadcrumb\",\"itemListElement\":[{\"@type\":\"ListItem\",\"position\":1,\"name\":\"\u9996\u9875\",\"item\":\"https:\\\/\\\/taxne.com\\\/\"},{\"@type\":\"ListItem\",\"position\":2,\"name\":\"Privacy Policy\"}]},{\"@type\":\"WebSite\",\"@id\":\"https:\\\/\\\/taxne.com\\\/#website\",\"url\":\"https:\\\/\\\/taxne.com\\\/\",\"name\":\"taxne.com\",\"description\":\"\",\"publisher\":{\"@id\":\"https:\\\/\\\/taxne.com\\\/#organization\"},\"potentialAction\":[{\"@type\":\"SearchAction\",\"target\":{\"@type\":\"EntryPoint\",\"urlTemplate\":\"https:\\\/\\\/taxne.com\\\/?s={search_term_string}\"},\"query-input\":{\"@type\":\"PropertyValueSpecification\",\"valueRequired\":true,\"valueName\":\"search_term_string\"}}],\"inLanguage\":\"pt-PT\"},{\"@type\":\"Organization\",\"@id\":\"https:\\\/\\\/taxne.com\\\/#organization\",\"name\":\"taxne.com\",\"url\":\"https:\\\/\\\/taxne.com\\\/\",\"logo\":{\"@type\":\"ImageObject\",\"inLanguage\":\"pt-PT\",\"@id\":\"https:\\\/\\\/taxne.com\\\/#\\\/schema\\\/logo\\\/image\\\/\",\"url\":\"https:\\\/\\\/taxne.com\\\/wp-content\\\/uploads\\\/2025\\\/09\\\/cropped-logo.png\",\"contentUrl\":\"https:\\\/\\\/taxne.com\\\/wp-content\\\/uploads\\\/2025\\\/09\\\/cropped-logo.png\",\"width\":1027,\"height\":270,\"caption\":\"taxne.com\"},\"image\":{\"@id\":\"https:\\\/\\\/taxne.com\\\/#\\\/schema\\\/logo\\\/image\\\/\"}}]}<\/script>\n<!-- \/ Yoast SEO plugin. -->","yoast_head_json":{"title":"Privacy Policy | Your Data Security & Protection | Taxne","description":"Read Taxne's Privacy Policy to understand how we collect, use, and protect your personal information. We are committed to transparency and GDPR compliance. Your privacy is our priority.","robots":{"index":"index","follow":"follow","max-snippet":"max-snippet:-1","max-image-preview":"max-image-preview:large","max-video-preview":"max-video-preview:-1"},"canonical":"https:\/\/taxne.com\/pt\/politica-de-privacidade\/","og_locale":"pt_PT","og_type":"article","og_title":"Privacy Policy | Your Data Security & Protection | Taxne","og_description":"Read Taxne's Privacy Policy to understand how we collect, use, and protect your personal information. We are committed to transparency and GDPR compliance. Your privacy is our priority.","og_url":"https:\/\/taxne.com\/pt\/politica-de-privacidade\/","article_modified_time":"2025-09-10T09:10:18+00:00","twitter_card":"summary_large_image","twitter_misc":{"Tempo estimado de leitura":"5 minutos"},"schema":{"@context":"https:\/\/schema.org","@graph":[{"@type":"WebPage","@id":"https:\/\/taxne.com\/privacy-policy\/","url":"https:\/\/taxne.com\/privacy-policy\/","name":"Privacy Policy | Your Data Security & Protection | Taxne","isPartOf":{"@id":"https:\/\/taxne.com\/#website"},"datePublished":"2024-07-11T14:22:53+00:00","dateModified":"2025-09-10T09:10:18+00:00","description":"Read Taxne's Privacy Policy to understand how we collect, use, and protect your personal information. We are committed to transparency and GDPR compliance. Your privacy is our priority.","breadcrumb":{"@id":"https:\/\/taxne.com\/privacy-policy\/#breadcrumb"},"inLanguage":"pt-PT","potentialAction":[{"@type":"ReadAction","target":["https:\/\/taxne.com\/privacy-policy\/"]}]},{"@type":"BreadcrumbList","@id":"https:\/\/taxne.com\/privacy-policy\/#breadcrumb","itemListElement":[{"@type":"ListItem","position":1,"name":"\u9996\u9875","item":"https:\/\/taxne.com\/"},{"@type":"ListItem","position":2,"name":"Privacy Policy"}]},{"@type":"WebSite","@id":"https:\/\/taxne.com\/#website","url":"https:\/\/taxne.com\/","name":"taxne. com","description":"","publisher":{"@id":"https:\/\/taxne.com\/#organization"},"potentialAction":[{"@type":"SearchAction","target":{"@type":"EntryPoint","urlTemplate":"https:\/\/taxne.com\/?s={search_term_string}"},"query-input":{"@type":"PropertyValueSpecification","valueRequired":true,"valueName":"search_term_string"}}],"inLanguage":"pt-PT"},{"@type":"Organization","@id":"https:\/\/taxne.com\/#organization","name":"taxne. com","url":"https:\/\/taxne.com\/","logo":{"@type":"ImageObject","inLanguage":"pt-PT","@id":"https:\/\/taxne.com\/#\/schema\/logo\/image\/","url":"https:\/\/taxne.com\/wp-content\/uploads\/2025\/09\/cropped-logo.png","contentUrl":"https:\/\/taxne.com\/wp-content\/uploads\/2025\/09\/cropped-logo.png","width":1027,"height":270,"caption":"taxne.com"},"image":{"@id":"https:\/\/taxne.com\/#\/schema\/logo\/image\/"}}]}},"uagb_featured_image_src":{"full":false,"thumbnail":false,"medium":false,"medium_large":false,"large":false,"1536x1536":false,"2048x2048":false,"trp-custom-language-flag":false,"woocommerce_thumbnail":false,"woocommerce_single":false,"woocommerce_gallery_thumbnail":false},"uagb_author_info":{"display_name":"tianke1223@gmail.com","author_link":"https:\/\/taxne.com\/pt\/author\/tianke1223gmail-com\/"},"uagb_comment_info":0,"uagb_excerpt":"Privacy Policy Taxne.com website is owned by Taxne, which is a data controller of your personal data. We have adopted this Privacy Policy, which determines how we are processing the information collected by Taxne.com, which also provides the reasons why we must collect certain personal data about you. Therefore, you must read this Privacy Policy&hellip;","jetpack_sharing_enabled":true,"_links":{"self":[{"href":"https:\/\/taxne.com\/pt\/wp-json\/wp\/v2\/pages\/3","targetHints":{"allow":["GET"]}}],"collection":[{"href":"https:\/\/taxne.com\/pt\/wp-json\/wp\/v2\/pages"}],"about":[{"href":"https:\/\/taxne.com\/pt\/wp-json\/wp\/v2\/types\/page"}],"author":[{"embeddable":true,"href":"https:\/\/taxne.com\/pt\/wp-json\/wp\/v2\/users\/1"}],"replies":[{"embeddable":true,"href":"https:\/\/taxne.com\/pt\/wp-json\/wp\/v2\/comments?post=3"}],"version-history":[{"count":1,"href":"https:\/\/taxne.com\/pt\/wp-json\/wp\/v2\/pages\/3\/revisions"}],"predecessor-version":[{"id":2118,"href":"https:\/\/taxne.com\/pt\/wp-json\/wp\/v2\/pages\/3\/revisions\/2118"}],"wp:attachment":[{"href":"https:\/\/taxne.com\/pt\/wp-json\/wp\/v2\/media?parent=3"}],"curies":[{"name":"wp","href":"https:\/\/api.w.org\/{rel}","templated":true}]}}