{"id":7238,"date":"2024-10-15T07:12:07","date_gmt":"2024-10-15T07:12:07","guid":{"rendered":"https:\/\/taxne.com\/?post_type=product&#038;p=7238"},"modified":"2026-01-26T09:16:34","modified_gmt":"2026-01-26T09:16:34","slug":"999-cold-medicine-999-gan-mao-ling-chinese-cold-remedy-granules-10-boxes","status":"publish","type":"product","link":"https:\/\/taxne.com\/pt\/produto\/999-remedio-para-resfriado-999-gan-mao-ling-remedio-chines-para-resfriado-granulos-10-caixas\/","title":{"rendered":"999 Rem\u00e9dio para Resfriado \u2013 999 Gan Mao Ling | Gr\u00e2nulos de Rem\u00e9dio Chin\u00eas para Resfriado 10 caixas"},"content":{"rendered":"<p><a href=\"https:\/\/laxne.com\/goods?text=999%E6%84%9F%E5%86%92%E7%81%B5\">999 cold medicine<\/a> &#8211; <a href=\"https:\/\/laxne.com\/goods?text=999%E6%84%9F%E5%86%92%E7%81%B5\">999 gan mao ling<\/a>,999 cold remedy granular,999 Cold Remedy,999 chinese cold medicine,<a href=\"https:\/\/laxne.com\/goods?text=999%E6%84%9F%E5%86%92%E7%81%B5\">999 Gan Mao Ling Ke Li<\/a><br \/>\nEfeitos<br \/>\nGan Mao Ling Ke Li tem efeitos antipir\u00e9ticos e analg\u00e9sicos e pode ser usado para dores de cabe\u00e7a, febre, congest\u00e3o nasal, coriza, dor de garganta, etc. causados por resfriados<br \/>\nPrecau\u00e7\u00f5es<br \/>\nDurante a medica\u00e7\u00e3o, deve-se evitar tabaco, \u00e1lcool, alimentos picantes, frios e gordurosos.<br \/>\nQuem n\u00e3o deve usar Gan Mao Ling Ke Li?<br \/>\n\u00b7Pessoas al\u00e9rgicas a este produto s\u00e3o proibidas.<br \/>\n\u00b7Pessoas com disfun\u00e7\u00e3o hep\u00e1tica e renal grave s\u00e3o proibidas.<br \/>\nQuem deve usar Gan Mao Ling Ke Li com cautela?<br \/>\n\u00b7Pessoas com disfun\u00e7\u00e3o hep\u00e1tica e renal devem us\u00e1-lo com cautela.<br \/>\n\u00b7Pessoas com obstru\u00e7\u00e3o do colo da bexiga, hipertireoidismo, glaucoma, hipertens\u00e3o e hipertrofia da pr\u00f3stata devem us\u00e1-lo com cautela.<br \/>\nMulheres gr\u00e1vidas e lactantes devem us\u00e1-lo com cautela.<br \/>\nPessoas com defici\u00eancia de ba\u00e7o e est\u00f4mago, dor abdominal, prefer\u00eancia por calor e diarreia devem us\u00e1-lo com cautela.<br \/>\nPessoas com diabetes, \u00falceras p\u00e9pticas e obstru\u00e7\u00e3o duodenal pil\u00f3rica devem us\u00e1-lo com cautela.<br \/>\nPessoas com constitui\u00e7\u00e3o al\u00e9rgica devem us\u00e1-lo com cautela.<br \/>\nGrupos especiais podem usar Ganmaoling Granules?<br \/>\nMulheres gr\u00e1vidas e lactantes: Mulheres gr\u00e1vidas e lactantes devem usar com cautela. Se estiver gr\u00e1vida, planejando engravidar ou amamentando, informe seu m\u00e9dico a tempo.<br \/>\nE consulte para escolher o melhor plano de tratamento.<br \/>\n\u00b7Crian\u00e7as: A medica\u00e7\u00e3o infantil deve ser realizada sob orienta\u00e7\u00e3o m\u00e9dica e supervis\u00e3o de um adulto.<br \/>\nCom quais medicamentos o Ganmaoling Granules interage?<br \/>\nN\u00e3o \u00e9 aconselh\u00e1vel tomar t\u00f4nicos da medicina chinesa ao mesmo tempo que a medica\u00e7\u00e3o.<br \/>\nSe este produto for usado com outros medicamentos ao mesmo tempo, podem ocorrer intera\u00e7\u00f5es medicamentosas. Portanto, se voc\u00ea estiver usando outros medicamentos, consulte um m\u00e9dico antes de tomar o medicamento e informe o m\u00e9dico sobre todas as suas doen\u00e7as confirmadas e planos de tratamento que voc\u00ea est\u00e1 recebendo.<br \/>\nUso e dosagem<br \/>\nPara crian\u00e7as, idosos e mulheres lactantes, consulte um m\u00e9dico para medicamentos espec\u00edficos. N\u00e3o tome medicamentos \u00e0 vontade.<br \/>\nQuais s\u00e3o as formas farmac\u00eauticas ou especifica\u00e7\u00f5es dos Gr\u00e2nulos Ganmaoling?<br \/>\nGr\u00e2nulos de Ganmaoling: Cada saco pesa 10 g (contendo 0,2 g de paracetamol, 4 mg de maleato de clorfeniramina e 4 mg de cafe\u00edna).<br \/>\nQual \u00e9 o uso espec\u00edfico dos Gr\u00e2nulos Ganmaoling?<br \/>\nTome com \u00e1gua fervida, 1 sach\u00ea por vez, 3 vezes ao dia. Para crian\u00e7as, reduza a dosagem ou siga o conselho do m\u00e9dico.<br \/>\nInstru\u00e7\u00f5es de uso<br \/>\nEste produto \u00e9 proibido de usar quando suas propriedades mudarem. Por favor, mantenha este produto fora do alcance de crian\u00e7as. Se os sintomas n\u00e3o melhorarem ap\u00f3s tomar o medicamento por 3 dias, ou at\u00e9 piorarem, ou novos sintomas s\u00e9rios (como aperto no peito, palpita\u00e7\u00f5es card\u00edacas, etc.) aparecerem, o medicamento deve ser interrompido imediatamente e ir ao hospital para tratamento.<br \/>\nO que devo fazer se eu esquecer de tomar Ganmao Ling Granules?<br \/>\nSe o hor\u00e1rio da medica\u00e7\u00e3o esquecida for curto, compense o mais r\u00e1pido poss\u00edvel, mas se estiver quase na hora da pr\u00f3xima medica\u00e7\u00e3o (mais da metade do intervalo entre duas medica\u00e7\u00f5es normais), pule a dose esquecida e tome o medicamento diretamente no pr\u00f3ximo hor\u00e1rio da medica\u00e7\u00e3o.<br \/>\nLembre-se de n\u00e3o tomar duas doses de cada vez para evitar rea\u00e7\u00f5es t\u00f3xicas.<br \/>\nCaso n\u00e3o tenha certeza da dosagem, consulte um m\u00e9dico ou farmac\u00eautico.<br \/>\nO que devo fazer se tomar uma overdose de Ganmao Ling Granules?<br \/>\nSe a dosagem exceder 1 vez a dosagem especificada nas instru\u00e7\u00f5es do medicamento, ou exceder a dosagem prescrita pelo m\u00e9dico, \u00e9 uma overdose de medicamento. Ao tomar uma overdose do medicamento, se n\u00e3o houver desconforto, \u00e9 recomendado continuar a observar e parar de tomar o medicamento uma vez na pr\u00f3xima vez; se houver desconforto, ele ainda n\u00e3o for aliviado ap\u00f3s parar a medica\u00e7\u00e3o, e voc\u00ea deve ir ao hospital para tratamento.<br \/>\nQuais s\u00e3o as rea\u00e7\u00f5es adversas do Ganmao Ling Granules?<br \/>\nOcasionalmente, s\u00e3o observadas erup\u00e7\u00f5es cut\u00e2neas, urtic\u00e1ria, febre medicamentosa e granulocitopenia.<br \/>\nPodem ser observados sonol\u00eancia, letargia, sede e fraqueza;<br \/>\nO uso prolongado e em larga escala do medicamento pode levar a fun\u00e7\u00f5es hep\u00e1ticas e renais anormais.<br \/>\nCaso sinta algum desconforto durante a medica\u00e7\u00e3o, consulte um m\u00e9dico a tempo.<br \/>\nEm que circunst\u00e2ncias voc\u00ea deve parar de usar Ganmao Ling Granules imediatamente?<br \/>\nAp\u00f3s tomar o medicamento, se voc\u00ea sentir sintomas de les\u00e3o Yin, como boca e l\u00edngua secas, m\u00e3os e p\u00e9s quentes ou outro desconforto f\u00edsico, pare de tomar o medicamento e observe. Al\u00e9m disso, voc\u00ea pode ter outros efeitos colaterais. Se voc\u00ea se sentir desconfort\u00e1vel ap\u00f3s tomar o medicamento, informe o m\u00e9dico a tempo. O m\u00e9dico julgar\u00e1 se deve parar o medicamento ou tomar as medidas necess\u00e1rias de acordo com a gravidade da rea\u00e7\u00e3o adversa.<br \/>\nEm que circunst\u00e2ncias voc\u00ea precisa ir ao hospital o mais r\u00e1pido poss\u00edvel?<br \/>\nSe os sintomas n\u00e3o melhorarem ap\u00f3s tomar o medicamento por tr\u00eas dias, ou se a condi\u00e7\u00e3o piorar, voc\u00ea deve ir ao hospital para tratamento. Al\u00e9m disso, se outras rea\u00e7\u00f5es adversas ocorrerem durante a medica\u00e7\u00e3o, procure tamb\u00e9m atendimento m\u00e9dico a tempo.<\/p>","protected":false},"excerpt":{"rendered":"<p><a href=\"https:\/\/laxne.com\/goods?text=999%E6%84%9F%E5%86%92%E7%81%B5\">999 Ganmao Ling Ke Li<\/a><br \/>\nEfeitos<br \/>\nGanmao Ling Ke Li tem efeitos antipir\u00e9ticos e analg\u00e9sicos e pode ser usado para dores de cabe\u00e7a, febre, congest\u00e3o nasal, coriza, dor de garganta, etc. causados por resfriados<br \/>\nPrecau\u00e7\u00f5es<br \/>\nDurante a medica\u00e7\u00e3o, deve-se evitar tabaco, \u00e1lcool, alimentos picantes, frios e gordurosos.<br \/>\nQuem n\u00e3o deve usar Ganmao Ling Ke Li?<br \/>\n\u00b7Pessoas al\u00e9rgicas a este produto s\u00e3o proibidas.<br \/>\n\u00b7Pessoas com disfun\u00e7\u00e3o hep\u00e1tica e renal grave s\u00e3o proibidas.<br \/>\nQuem deve usar Ganmao Ling Ke Li com cautela?<br \/>\n\u00b7Pessoas com disfun\u00e7\u00e3o hep\u00e1tica e renal devem us\u00e1-lo com cautela.<br \/>\n\u00b7Pessoas com obstru\u00e7\u00e3o do colo da bexiga, hipertireoidismo, glaucoma, hipertens\u00e3o e hipertrofia da pr\u00f3stata devem us\u00e1-lo com cautela.<br \/>\nMulheres gr\u00e1vidas e lactantes devem us\u00e1-lo com cautela.<br \/>\nPessoas com defici\u00eancia de ba\u00e7o e est\u00f4mago, dor abdominal, prefer\u00eancia por calor e diarreia devem us\u00e1-lo com cautela.<br \/>\nPessoas com diabetes, \u00falceras p\u00e9pticas e obstru\u00e7\u00e3o duodenal pil\u00f3rica devem us\u00e1-lo com cautela.<br \/>\nPessoas com constitui\u00e7\u00e3o al\u00e9rgica devem us\u00e1-lo com cautela.<\/p>","protected":false},"featured_media":7242,"comment_status":"open","ping_status":"closed","template":"","meta":{"_uag_custom_page_level_css":"","site-sidebar-layout":"default","site-content-layout":"","ast-site-content-layout":"default","site-content-style":"default","site-sidebar-style":"default","ast-global-header-display":"","ast-banner-title-visibility":"","ast-main-header-display":"","ast-hfb-above-header-display":"","ast-hfb-below-header-display":"","ast-hfb-mobile-header-display":"","site-post-title":"","ast-breadcrumbs-content":"","ast-featured-img":"","footer-sml-layout":"","ast-disable-related-posts":"","theme-transparent-header-meta":"default","adv-header-id-meta":"","stick-header-meta":"","header-above-stick-meta":"","header-main-stick-meta":"","header-below-stick-meta":"","astra-migrate-meta-layouts":"set","ast-page-background-enabled":"default","ast-page-background-meta":{"desktop":{"background-color":"","background-image":"","background-repeat":"repeat","background-position":"center center","background-size":"auto","background-attachment":"scroll","background-type":"","background-media":"","overlay-type":"","overlay-color":"","overlay-opacity":"","overlay-gradient":""},"tablet":{"background-color":"","background-image":"","background-repeat":"repeat","background-position":"center center","background-size":"auto","background-attachment":"scroll","background-type":"","background-media":"","overlay-type":"","overlay-color":"","overlay-opacity":"","overlay-gradient":""},"mobile":{"background-color":"","background-image":"","background-repeat":"repeat","background-position":"center center","background-size":"auto","background-attachment":"scroll","background-type":"","background-media":"","overlay-type":"","overlay-color":"","overlay-opacity":"","overlay-gradient":""}},"ast-content-background-meta":{"desktop":{"background-color":"var(--ast-global-color-5)","background-image":"","background-repeat":"repeat","background-position":"center center","background-size":"auto","background-attachment":"scroll","background-type":"","background-media":"","overlay-type":"","overlay-color":"","overlay-opacity":"","overlay-gradient":""},"tablet":{"background-color":"var(--ast-global-color-5)","background-image":"","background-repeat":"repeat","background-position":"center center","background-size":"auto","background-attachment":"scroll","background-type":"","background-media":"","overlay-type":"","overlay-color":"","overlay-opacity":"","overlay-gradient":""},"mobile":{"background-color":"var(--ast-global-color-5)","background-image":"","background-repeat":"repeat","background-position":"center center","background-size":"auto","background-attachment":"scroll","background-type":"","background-media":"","overlay-type":"","overlay-color":"","overlay-opacity":"","overlay-gradient":""}}},"product_brand":[],"product_cat":[36],"product_tag":[],"class_list":{"0":"post-7238","1":"product","2":"type-product","3":"status-publish","4":"has-post-thumbnail","6":"product_cat-herbal","7":"desktop-align-left","8":"tablet-align-left","9":"mobile-align-left","11":"first","12":"instock","13":"shipping-taxable","14":"purchasable","15":"product-type-simple"},"yoast_head":"<!-- This site is optimized with the Yoast SEO plugin v27.3 - https:\/\/yoast.com\/product\/yoast-seo-wordpress\/ -->\n<title>999 Cold Medicine-Gan Mao Ling|Chinese Cold Remedy Granules -<\/title>\n<meta name=\"description\" content=\"Relieve cold symptoms with 999 Cold Medicine (999 Gan Mao Ling). Discover the trusted 999 cold remedy granules used in Chinese medicine for fast relief.\" \/>\n<meta name=\"robots\" content=\"index, follow, max-snippet:-1, max-image-preview:large, max-video-preview:-1\" \/>\n<link rel=\"canonical\" href=\"https:\/\/taxne.com\/pt\/produto\/999-remedio-para-resfriado-999-gan-mao-ling-remedio-chines-para-resfriado-granulos-10-caixas\/\" \/>\n<meta property=\"og:locale\" content=\"pt_PT\" \/>\n<meta property=\"og:type\" content=\"article\" \/>\n<meta property=\"og:title\" content=\"999 Cold Medicine-Gan Mao Ling|Chinese Cold Remedy Granules -\" \/>\n<meta property=\"og:description\" content=\"Relieve cold symptoms with 999 Cold Medicine (999 Gan Mao Ling). Discover the trusted 999 cold remedy granules used in Chinese medicine for fast relief.\" \/>\n<meta property=\"og:url\" content=\"https:\/\/taxne.com\/pt\/produto\/999-remedio-para-resfriado-999-gan-mao-ling-remedio-chines-para-resfriado-granulos-10-caixas\/\" \/>\n<meta property=\"article:modified_time\" content=\"2026-01-26T09:16:34+00:00\" \/>\n<meta property=\"og:image\" content=\"https:\/\/taxne.com\/wp-content\/uploads\/2024\/10\/4c7ad753c9adffb2.jpg.png\" \/>\n\t<meta property=\"og:image:width\" content=\"800\" \/>\n\t<meta property=\"og:image:height\" content=\"800\" \/>\n\t<meta property=\"og:image:type\" content=\"image\/png\" \/>\n<meta name=\"twitter:card\" content=\"summary_large_image\" \/>\n<meta name=\"twitter:label1\" content=\"Tempo estimado de leitura\" \/>\n\t<meta name=\"twitter:data1\" content=\"5 minutos\" \/>\n<script type=\"application\/ld+json\" class=\"yoast-schema-graph\">{\"@context\":\"https:\\\/\\\/schema.org\",\"@graph\":[{\"@type\":\"WebPage\",\"@id\":\"https:\\\/\\\/taxne.com\\\/product\\\/999-cold-medicine-999-gan-mao-ling-chinese-cold-remedy-granules-10-boxes\\\/\",\"url\":\"https:\\\/\\\/taxne.com\\\/product\\\/999-cold-medicine-999-gan-mao-ling-chinese-cold-remedy-granules-10-boxes\\\/\",\"name\":\"999 Cold Medicine-Gan Mao Ling|Chinese Cold Remedy Granules -\",\"isPartOf\":{\"@id\":\"https:\\\/\\\/taxne.com\\\/#website\"},\"primaryImageOfPage\":{\"@id\":\"https:\\\/\\\/taxne.com\\\/product\\\/999-cold-medicine-999-gan-mao-ling-chinese-cold-remedy-granules-10-boxes\\\/#primaryimage\"},\"image\":{\"@id\":\"https:\\\/\\\/taxne.com\\\/product\\\/999-cold-medicine-999-gan-mao-ling-chinese-cold-remedy-granules-10-boxes\\\/#primaryimage\"},\"thumbnailUrl\":\"https:\\\/\\\/taxne.com\\\/wp-content\\\/uploads\\\/2024\\\/10\\\/4c7ad753c9adffb2.jpg.png\",\"datePublished\":\"2024-10-15T07:12:07+00:00\",\"dateModified\":\"2026-01-26T09:16:34+00:00\",\"description\":\"Relieve cold symptoms with 999 Cold Medicine (999 Gan Mao Ling). Discover the trusted 999 cold remedy granules used in Chinese medicine for fast relief.\",\"breadcrumb\":{\"@id\":\"https:\\\/\\\/taxne.com\\\/product\\\/999-cold-medicine-999-gan-mao-ling-chinese-cold-remedy-granules-10-boxes\\\/#breadcrumb\"},\"inLanguage\":\"pt-PT\",\"potentialAction\":[{\"@type\":\"ReadAction\",\"target\":[\"https:\\\/\\\/taxne.com\\\/product\\\/999-cold-medicine-999-gan-mao-ling-chinese-cold-remedy-granules-10-boxes\\\/\"]}]},{\"@type\":\"ImageObject\",\"inLanguage\":\"pt-PT\",\"@id\":\"https:\\\/\\\/taxne.com\\\/product\\\/999-cold-medicine-999-gan-mao-ling-chinese-cold-remedy-granules-10-boxes\\\/#primaryimage\",\"url\":\"https:\\\/\\\/taxne.com\\\/wp-content\\\/uploads\\\/2024\\\/10\\\/4c7ad753c9adffb2.jpg.png\",\"contentUrl\":\"https:\\\/\\\/taxne.com\\\/wp-content\\\/uploads\\\/2024\\\/10\\\/4c7ad753c9adffb2.jpg.png\",\"width\":800,\"height\":800,\"caption\":\"999 Cold Medicine - 999 Gan Mao Ling | Chinese Cold Remedy Granules\"},{\"@type\":\"BreadcrumbList\",\"@id\":\"https:\\\/\\\/taxne.com\\\/product\\\/999-cold-medicine-999-gan-mao-ling-chinese-cold-remedy-granules-10-boxes\\\/#breadcrumb\",\"itemListElement\":[{\"@type\":\"ListItem\",\"position\":1,\"name\":\"\u9996\u9875\",\"item\":\"https:\\\/\\\/taxne.com\\\/\"},{\"@type\":\"ListItem\",\"position\":2,\"name\":\"Shop\",\"item\":\"https:\\\/\\\/taxne.com\\\/shop-2\\\/\"},{\"@type\":\"ListItem\",\"position\":3,\"name\":\"999 Cold Medicine &#8211; 999 Gan Mao Ling | Chinese Cold Remedy Granules 10 boxes\"}]},{\"@type\":\"WebSite\",\"@id\":\"https:\\\/\\\/taxne.com\\\/#website\",\"url\":\"https:\\\/\\\/taxne.com\\\/\",\"name\":\"taxne.com\",\"description\":\"\",\"publisher\":{\"@id\":\"https:\\\/\\\/taxne.com\\\/#organization\"},\"potentialAction\":[{\"@type\":\"SearchAction\",\"target\":{\"@type\":\"EntryPoint\",\"urlTemplate\":\"https:\\\/\\\/taxne.com\\\/?s={search_term_string}\"},\"query-input\":{\"@type\":\"PropertyValueSpecification\",\"valueRequired\":true,\"valueName\":\"search_term_string\"}}],\"inLanguage\":\"pt-PT\"},{\"@type\":\"Organization\",\"@id\":\"https:\\\/\\\/taxne.com\\\/#organization\",\"name\":\"taxne.com\",\"url\":\"https:\\\/\\\/taxne.com\\\/\",\"logo\":{\"@type\":\"ImageObject\",\"inLanguage\":\"pt-PT\",\"@id\":\"https:\\\/\\\/taxne.com\\\/#\\\/schema\\\/logo\\\/image\\\/\",\"url\":\"https:\\\/\\\/taxne.com\\\/wp-content\\\/uploads\\\/2025\\\/09\\\/cropped-logo.png\",\"contentUrl\":\"https:\\\/\\\/taxne.com\\\/wp-content\\\/uploads\\\/2025\\\/09\\\/cropped-logo.png\",\"width\":1027,\"height\":270,\"caption\":\"taxne.com\"},\"image\":{\"@id\":\"https:\\\/\\\/taxne.com\\\/#\\\/schema\\\/logo\\\/image\\\/\"}}]}<\/script>\n<!-- \/ Yoast SEO plugin. -->","yoast_head_json":{"title":"999 Cold Medicine-Gan Mao Ling|Chinese Cold Remedy Granules -","description":"Alivie os sintomas do resfriado com 999 Cold Medicine (999 Gan Mao Ling). Descubra os gr\u00e2nulos confi\u00e1veis do rem\u00e9dio para resfriado 999 usados na medicina chinesa para al\u00edvio r\u00e1pido.","robots":{"index":"index","follow":"follow","max-snippet":"max-snippet:-1","max-image-preview":"max-image-preview:large","max-video-preview":"max-video-preview:-1"},"canonical":"https:\/\/taxne.com\/pt\/produto\/999-remedio-para-resfriado-999-gan-mao-ling-remedio-chines-para-resfriado-granulos-10-caixas\/","og_locale":"pt_PT","og_type":"article","og_title":"999 Cold Medicine-Gan Mao Ling|Chinese Cold Remedy Granules -","og_description":"Relieve cold symptoms with 999 Cold Medicine (999 Gan Mao Ling). Discover the trusted 999 cold remedy granules used in Chinese medicine for fast relief.","og_url":"https:\/\/taxne.com\/pt\/produto\/999-remedio-para-resfriado-999-gan-mao-ling-remedio-chines-para-resfriado-granulos-10-caixas\/","article_modified_time":"2026-01-26T09:16:34+00:00","og_image":[{"width":800,"height":800,"url":"https:\/\/taxne.com\/wp-content\/uploads\/2024\/10\/4c7ad753c9adffb2.jpg.png","type":"image\/png"}],"twitter_card":"summary_large_image","twitter_misc":{"Tempo estimado de leitura":"5 minutos"},"schema":{"@context":"https:\/\/schema.org","@graph":[{"@type":"WebPage","@id":"https:\/\/taxne.com\/product\/999-cold-medicine-999-gan-mao-ling-chinese-cold-remedy-granules-10-boxes\/","url":"https:\/\/taxne.com\/product\/999-cold-medicine-999-gan-mao-ling-chinese-cold-remedy-granules-10-boxes\/","name":"999 Cold Medicine-Gan Mao Ling|Chinese Cold Remedy Granules -","isPartOf":{"@id":"https:\/\/taxne.com\/#website"},"primaryImageOfPage":{"@id":"https:\/\/taxne.com\/product\/999-cold-medicine-999-gan-mao-ling-chinese-cold-remedy-granules-10-boxes\/#primaryimage"},"image":{"@id":"https:\/\/taxne.com\/product\/999-cold-medicine-999-gan-mao-ling-chinese-cold-remedy-granules-10-boxes\/#primaryimage"},"thumbnailUrl":"https:\/\/taxne.com\/wp-content\/uploads\/2024\/10\/4c7ad753c9adffb2.jpg.png","datePublished":"2024-10-15T07:12:07+00:00","dateModified":"2026-01-26T09:16:34+00:00","description":"Alivie os sintomas do resfriado com 999 Cold Medicine (999 Gan Mao Ling). Descubra os gr\u00e2nulos confi\u00e1veis do rem\u00e9dio para resfriado 999 usados na medicina chinesa para al\u00edvio r\u00e1pido.","breadcrumb":{"@id":"https:\/\/taxne.com\/product\/999-cold-medicine-999-gan-mao-ling-chinese-cold-remedy-granules-10-boxes\/#breadcrumb"},"inLanguage":"pt-PT","potentialAction":[{"@type":"ReadAction","target":["https:\/\/taxne.com\/product\/999-cold-medicine-999-gan-mao-ling-chinese-cold-remedy-granules-10-boxes\/"]}]},{"@type":"ImageObject","inLanguage":"pt-PT","@id":"https:\/\/taxne.com\/product\/999-cold-medicine-999-gan-mao-ling-chinese-cold-remedy-granules-10-boxes\/#primaryimage","url":"https:\/\/taxne.com\/wp-content\/uploads\/2024\/10\/4c7ad753c9adffb2.jpg.png","contentUrl":"https:\/\/taxne.com\/wp-content\/uploads\/2024\/10\/4c7ad753c9adffb2.jpg.png","width":800,"height":800,"caption":"999 Cold Medicine - 999 Gan Mao Ling | Chinese Cold Remedy Granules"},{"@type":"BreadcrumbList","@id":"https:\/\/taxne.com\/product\/999-cold-medicine-999-gan-mao-ling-chinese-cold-remedy-granules-10-boxes\/#breadcrumb","itemListElement":[{"@type":"ListItem","position":1,"name":"\u9996\u9875","item":"https:\/\/taxne.com\/"},{"@type":"ListItem","position":2,"name":"Shop","item":"https:\/\/taxne.com\/shop-2\/"},{"@type":"ListItem","position":3,"name":"999 Cold Medicine &#8211; 999 Gan Mao Ling | Chinese Cold Remedy Granules 10 boxes"}]},{"@type":"WebSite","@id":"https:\/\/taxne.com\/#website","url":"https:\/\/taxne.com\/","name":"taxne. com","description":"","publisher":{"@id":"https:\/\/taxne.com\/#organization"},"potentialAction":[{"@type":"SearchAction","target":{"@type":"EntryPoint","urlTemplate":"https:\/\/taxne.com\/?s={search_term_string}"},"query-input":{"@type":"PropertyValueSpecification","valueRequired":true,"valueName":"search_term_string"}}],"inLanguage":"pt-PT"},{"@type":"Organization","@id":"https:\/\/taxne.com\/#organization","name":"taxne. com","url":"https:\/\/taxne.com\/","logo":{"@type":"ImageObject","inLanguage":"pt-PT","@id":"https:\/\/taxne.com\/#\/schema\/logo\/image\/","url":"https:\/\/taxne.com\/wp-content\/uploads\/2025\/09\/cropped-logo.png","contentUrl":"https:\/\/taxne.com\/wp-content\/uploads\/2025\/09\/cropped-logo.png","width":1027,"height":270,"caption":"taxne.com"},"image":{"@id":"https:\/\/taxne.com\/#\/schema\/logo\/image\/"}}]}},"uagb_featured_image_src":{"full":["https:\/\/taxne.com\/wp-content\/uploads\/2024\/10\/4c7ad753c9adffb2.jpg.png",800,800,false],"thumbnail":["https:\/\/taxne.com\/wp-content\/uploads\/2024\/10\/4c7ad753c9adffb2.jpg-150x150.png",150,150,true],"medium":["https:\/\/taxne.com\/wp-content\/uploads\/2024\/10\/4c7ad753c9adffb2.jpg-300x300.png",300,300,true],"medium_large":["https:\/\/taxne.com\/wp-content\/uploads\/2024\/10\/4c7ad753c9adffb2.jpg-768x768.png",768,768,true],"large":["https:\/\/taxne.com\/wp-content\/uploads\/2024\/10\/4c7ad753c9adffb2.jpg.png",800,800,false],"1536x1536":["https:\/\/taxne.com\/wp-content\/uploads\/2024\/10\/4c7ad753c9adffb2.jpg.png",800,800,false],"2048x2048":["https:\/\/taxne.com\/wp-content\/uploads\/2024\/10\/4c7ad753c9adffb2.jpg.png",800,800,false],"trp-custom-language-flag":["https:\/\/taxne.com\/wp-content\/uploads\/2024\/10\/4c7ad753c9adffb2.jpg-12x12.png",12,12,true],"woocommerce_thumbnail":["https:\/\/taxne.com\/wp-content\/uploads\/2024\/10\/4c7ad753c9adffb2.jpg-300x300.png",300,300,true],"woocommerce_single":["https:\/\/taxne.com\/wp-content\/uploads\/2024\/10\/4c7ad753c9adffb2.jpg-600x600.png",600,600,true],"woocommerce_gallery_thumbnail":["https:\/\/taxne.com\/wp-content\/uploads\/2024\/10\/4c7ad753c9adffb2.jpg-100x100.png",100,100,true]},"uagb_author_info":{"display_name":"tianke1223@gmail.com","author_link":"https:\/\/taxne.com\/pt\/author\/"},"uagb_comment_info":0,"uagb_excerpt":"999 Ganmao Ling Ke Li Effects Ganmao Ling Ke Li has antipyretic and analgesic effects and can be used for headaches, fever, nasal congestion, runny nose, sore throat, etc. caused by colds Precautions During medication, tobacco, alcohol, spicy, cold, and greasy foods should be avoided. Who should not use Ganmao Ling Ke Li? \u00b7People who&hellip;","jetpack_sharing_enabled":true,"_links":{"self":[{"href":"https:\/\/taxne.com\/pt\/wp-json\/wp\/v2\/product\/7238","targetHints":{"allow":["GET"]}}],"collection":[{"href":"https:\/\/taxne.com\/pt\/wp-json\/wp\/v2\/product"}],"about":[{"href":"https:\/\/taxne.com\/pt\/wp-json\/wp\/v2\/types\/product"}],"replies":[{"embeddable":true,"href":"https:\/\/taxne.com\/pt\/wp-json\/wp\/v2\/comments?post=7238"}],"wp:featuredmedia":[{"embeddable":true,"href":"https:\/\/taxne.com\/pt\/wp-json\/wp\/v2\/media\/7242"}],"wp:attachment":[{"href":"https:\/\/taxne.com\/pt\/wp-json\/wp\/v2\/media?parent=7238"}],"wp:term":[{"taxonomy":"product_brand","embeddable":true,"href":"https:\/\/taxne.com\/pt\/wp-json\/wp\/v2\/product_brand?post=7238"},{"taxonomy":"product_cat","embeddable":true,"href":"https:\/\/taxne.com\/pt\/wp-json\/wp\/v2\/product_cat?post=7238"},{"taxonomy":"product_tag","embeddable":true,"href":"https:\/\/taxne.com\/pt\/wp-json\/wp\/v2\/product_tag?post=7238"}],"curies":[{"name":"wp","href":"https:\/\/api.w.org\/{rel}","templated":true}]}}