{"id":7985,"date":"2025-09-03T09:34:45","date_gmt":"2025-09-03T09:34:45","guid":{"rendered":"https:\/\/taxne.com\/?post_type=product&#038;p=7985"},"modified":"2026-03-04T02:24:52","modified_gmt":"2026-03-04T02:24:52","slug":"soothing-artemisia-mint-bath-bar","status":"publish","type":"product","link":"https:\/\/taxne.com\/pt\/produto\/sabonete-liquido-calmante-de-menta-artemisia\/","title":{"rendered":"Barra de banho calmante de artem\u00edsia e menta"},"content":{"rendered":"<p class=\"ds-markdown-paragraph\"><strong>Sua pele fica estressada depois de um longo dia?<\/strong><\/p>\n<p class=\"ds-markdown-paragraph\">Na correria da vida moderna, sua pele \u00e9 a primeira a reagir ao estresse, \u00e0 polui\u00e7\u00e3o e aos irritantes di\u00e1rios. Ela anseia n\u00e3o apenas por limpeza, mas tamb\u00e9m por...\u00a0<em>calma<\/em>. Criamos esta barra de banho calmante de artem\u00edsia e hortel\u00e3 para ser seu santu\u00e1rio di\u00e1rio \u2014 um momento de al\u00edvio puro derivado de plantas.<\/p>\n<p class=\"ds-markdown-paragraph\"><strong>Uma sinfonia de sensa\u00e7\u00f5es calmantes<\/strong><\/p>\n<p class=\"ds-markdown-paragraph\">N\u00e3o \u00e9 apenas um sabonete; \u00e9 um ritual de cuidados com a pele. Aplique delicadamente na pele \u00famida para:<\/p>\n<ul>\n<li>\n<p class=\"ds-markdown-paragraph\"><strong>Alivia irrita\u00e7\u00e3o e vermelhid\u00e3o:<\/strong>\u00a0Nosso ingrediente estrela,\u00a0<strong>Artem\u00edsia (Artem\u00edsia)<\/strong>, \u00e9 uma erva reverenciada, conhecida em pr\u00e1ticas tradicionais por suas propriedades suaves e calmantes. Ajuda a confortar peles sens\u00edveis e reativas, reduzindo o aparecimento de vermelhid\u00e3o.<\/p>\n<\/li>\n<li>\n<p class=\"ds-markdown-paragraph\"><strong>Desperte seus sentidos e purifique-se:<\/strong>\u00a0Uma explos\u00e3o refrescante de\u00a0<strong>\u00d3leo Essencial de Hortel\u00e3-Pimenta<\/strong> Revigora os sentidos enquanto proporciona uma limpeza leve e estimulante. Ajuda a purificar a pele sem ressec\u00e1-la.<\/p>\n<\/li>\n<li>\n<p class=\"ds-markdown-paragraph\"><strong>Nutrir suavemente:<\/strong>\u00a0Enriquecido com\u00a0<strong>Azeite de oliva e \u00f3leo de coco<\/strong>, cria uma espuma cremosa e hidratante que limpa, mantendo a barreira natural de hidrata\u00e7\u00e3o da pele. Sem repuxar, sem ressecar \u2014 apenas uma pele perfeitamente equilibrada e macia.<\/p>\n<\/li>\n<li>\n<p class=\"ds-markdown-paragraph\"><strong>A MISTURA PURIFICANTE<\/strong><\/p>\n<ul>\n<li>\n<p class=\"ds-markdown-paragraph\"><strong>Artem\u00edsia (artem\u00edsia) e raiz de Sophora (\u82e6\u53c2):<\/strong>\u00a0Este \u00e9 o cora\u00e7\u00e3o da nossa f\u00f3rmula. Juntas, essas duas ervas reverenciadas s\u00e3o conhecidas por seus\u00a0<strong>calmante e esclarecedor<\/strong>\u00a0Propriedades. Ajudam a acalmar a reatividade, reduzem a apar\u00eancia de vermelhid\u00e3o e proporcionam uma limpeza profunda e consciente para peles problem\u00e1ticas.<br \/>\n<strong>Hortel\u00e3 e Aloe Vera (\u82a6\u835f):<\/strong>\u00a0Conhe\u00e7a a equipe de refrescos.\u00a0<strong>Hortel\u00e3<\/strong>\u00a0proporciona uma sensa\u00e7\u00e3o refrescante que desperta os sentidos e ajuda a purificar os poros.\u00a0<strong>Aloe Vera<\/strong> \u00e9 um calmante cl\u00e1ssico, que proporciona instantaneamente uma onda de hidrata\u00e7\u00e3o para confortar a pele ap\u00f3s a limpeza.<\/p>\n<\/li>\n<\/ul>\n<p class=\"ds-markdown-paragraph\"><strong>A BASE NUTRITIVA:<\/strong><\/p>\n<ul>\n<li>\n<p class=\"ds-markdown-paragraph\"><strong>\u00d3leo de Coco, \u00d3leo de Palma^, Glicerina e Sacarose (\u8517\u7cd6):<\/strong>\u00a0\u00c9 isso que nos diferencia dos sabonetes convencionais e ressecantes. Criamos nossa barra com uma mistura de \u00f3leos e umectantes que cuidam da pele. Eles criam uma\u00a0<strong>espuma rica e cremosa<\/strong>\u00a0que limpa sem comprometer, ao mesmo tempo\u00a0<strong>glicerina<\/strong>\u00a0e\u00a0<strong>sacarose<\/strong>\u00a0(um umectante natural) atua atraindo umidade para a pele, deixando-a com uma sensa\u00e7\u00e3o\u00a0<strong>equilibrado, macio e hidratado \u2014 nunca esticado ou ressecado.<\/strong><\/p>\n<\/li>\n<\/ul>\n<p class=\"ds-markdown-paragraph\"><em>Usamos \u00f3leo de palma sustent\u00e1vel certificado pela RSPO para proteger nossas florestas tropicais.<\/em><\/p>\n<p class=\"ds-markdown-paragraph\"><strong>A lista honesta:<\/strong><\/p>\n<p class=\"ds-markdown-paragraph\"><em>Olivato de s\u00f3dio^ (de azeite de oliva), cocoato de s\u00f3dio (de \u00f3leo de coco), \u00e1gua, glicerina (de \u00f3leos vegetais), palmato de s\u00f3dio^ (de \u00f3leo de palma sustent\u00e1vel), extrato de folha de Mentha Arvensis (hortel\u00e3), extrato de folha de Aloe Barbadensis (babosa), extrato de Artemisia vulgaris (artem\u00edsia), extrato de Sophora Flavescens (raiz de Sophora), sacarose.<\/em><\/p>\n<p class=\"ds-markdown-paragraph\"><em>Acreditamos na transpar\u00eancia. Voc\u00ea n\u00e3o encontrar\u00e1 sint\u00e9ticos ocultos nem detergentes agressivos aqui.<\/em><\/p>\n<\/li>\n<\/ul>\n<p class=\"ds-markdown-paragraph\"><strong>Inspirado pela intelig\u00eancia da natureza<\/strong><\/p>\n<p class=\"ds-markdown-paragraph\">Na Taxne, buscamos inspira\u00e7\u00e3o nas solu\u00e7\u00f5es mais sofisticadas da natureza. Assim como a descoberta do Paclitaxel, extra\u00eddo do teixo do Pac\u00edfico, revolucionou a medicina, exploramos bot\u00e2nicos consagrados como a Artem\u00edsia para os cuidados modernos com a pele.<\/p>\n<p class=\"ds-markdown-paragraph\">Este bar de banho \u00e9 uma prova da nossa filosofia:\u00a0<strong>Inspirado pela ci\u00eancia, enraizado na natureza.<\/strong><\/p>\n<p class=\"ds-markdown-paragraph\"><strong>Seu santu\u00e1rio noturno em um bar.<\/strong><\/p>\n<p class=\"ds-markdown-paragraph\">Imagine: voc\u00ea entra na banheira ap\u00f3s um dia cansativo. A \u00e1gua morna te envolve. O aroma sereno e herbal da Artem\u00edsia e o sussurro refrescante da Menta preenchem o ar. Ao massagear a espuma rica na pele, voc\u00ea sente a tens\u00e3o do dia literalmente se dissipar. Isso \u00e9 mais do que uma limpeza; \u00e9 uma reinicializa\u00e7\u00e3o.<\/p>\n<p class=\"ds-markdown-paragraph\"><strong>Ideal para:<\/strong><\/p>\n<ul>\n<li>\n<p class=\"ds-markdown-paragraph\">Rotinas de relaxamento noturno<\/p>\n<\/li>\n<li>\n<p class=\"ds-markdown-paragraph\">Tipos de pele sens\u00edveis e reativas<\/p>\n<\/li>\n<li>\n<p class=\"ds-markdown-paragraph\">Qualquer pessoa que procure uma limpeza natural e refrescante<\/p>\n<\/li>\n<\/ul>\n<p class=\"ds-markdown-paragraph\"><strong>Limpo, consciente e criado com cuidado.<\/strong><\/p>\n<ul>\n<li>\n<p class=\"ds-markdown-paragraph\"><strong>Vegano e livre de crueldade:<\/strong>\u00a0Nunca testado em animais.<\/p>\n<\/li>\n<li>\n<p class=\"ds-markdown-paragraph\"><strong>Feito com ingredientes naturais:<\/strong>\u00a098% derivado naturalmente.<\/p>\n<\/li>\n<li>\n<p class=\"ds-markdown-paragraph\"><strong>Ecoconsciente:<\/strong>\u00a0Embalagem m\u00ednima e recicl\u00e1vel.<\/p>\n<\/li>\n<li>\n<p class=\"ds-markdown-paragraph\">** livre de:** Parabenos, sulfatos, fragr\u00e2ncias sint\u00e9ticas.<\/p>\n<\/li>\n<\/ul>\n<p class=\"ds-markdown-paragraph\"><strong>Pronto para transformar seu banheiro em um spa?<\/strong><br \/>\n<strong>Adicione ao carrinho e sinta a calma.<\/strong><\/p>","protected":false},"excerpt":{"rendered":"<p><strong>Bot\u00e3o de reinicializa\u00e7\u00e3o da natureza: a barra purificadora para pele reativa e oleosa 100g<\/strong><\/p>\n<ol start=\"1\">\n<li>\n<p class=\"ds-markdown-paragraph\">Cansado da pele irritada depois do banho? Conhe\u00e7a seu novo ritual para a calma.<\/p>\n<\/li>\n<li>\n<p class=\"ds-markdown-paragraph\"><strong>Benef\u00edcios:<\/strong><\/p>\n<ul>\n<li>\n<p class=\"ds-markdown-paragraph\"><strong>Suaviza e acalma:<\/strong>\u00a0A artem\u00edsia \u00e9 conhecida por suas propriedades calmantes para peles sens\u00edveis e irritadas.<\/p>\n<\/li>\n<li>\n<p class=\"ds-markdown-paragraph\"><strong>Purifica profundamente:<\/strong>\u00a0Ajuda a limpar suavemente sem remover os \u00f3leos naturais.<\/p>\n<\/li>\n<li>\n<p class=\"ds-markdown-paragraph\"><strong>Revigora os sentidos:<\/strong>\u00a0O aroma mentolado proporciona uma experi\u00eancia sensorial refrescante e revigorante.<\/p>\n<\/li>\n<\/ul>\n<\/li>\n<li>\n<p class=\"ds-markdown-paragraph\">Ideal para o seu banho noturno para eliminar o estresse do dia e se preparar para um sono tranquilo.<\/p>\n<\/li>\n<li>\n<p class=\"ds-markdown-paragraph\">Vegano, livre de crueldade, feito com ingredientes naturais.<\/p>\n<\/li>\n<\/ol>","protected":false},"featured_media":7989,"comment_status":"open","ping_status":"closed","template":"","meta":{"_uag_custom_page_level_css":"","site-sidebar-layout":"default","site-content-layout":"","ast-site-content-layout":"default","site-content-style":"default","site-sidebar-style":"default","ast-global-header-display":"","ast-banner-title-visibility":"","ast-main-header-display":"","ast-hfb-above-header-display":"","ast-hfb-below-header-display":"","ast-hfb-mobile-header-display":"","site-post-title":"","ast-breadcrumbs-content":"","ast-featured-img":"","footer-sml-layout":"","ast-disable-related-posts":"","theme-transparent-header-meta":"default","adv-header-id-meta":"","stick-header-meta":"","header-above-stick-meta":"","header-main-stick-meta":"","header-below-stick-meta":"","astra-migrate-meta-layouts":"set","ast-page-background-enabled":"default","ast-page-background-meta":{"desktop":{"background-color":"","background-image":"","background-repeat":"repeat","background-position":"center center","background-size":"auto","background-attachment":"scroll","background-type":"","background-media":"","overlay-type":"","overlay-color":"","overlay-opacity":"","overlay-gradient":""},"tablet":{"background-color":"","background-image":"","background-repeat":"repeat","background-position":"center center","background-size":"auto","background-attachment":"scroll","background-type":"","background-media":"","overlay-type":"","overlay-color":"","overlay-opacity":"","overlay-gradient":""},"mobile":{"background-color":"","background-image":"","background-repeat":"repeat","background-position":"center center","background-size":"auto","background-attachment":"scroll","background-type":"","background-media":"","overlay-type":"","overlay-color":"","overlay-opacity":"","overlay-gradient":""}},"ast-content-background-meta":{"desktop":{"background-color":"var(--ast-global-color-5)","background-image":"","background-repeat":"repeat","background-position":"center center","background-size":"auto","background-attachment":"scroll","background-type":"","background-media":"","overlay-type":"","overlay-color":"","overlay-opacity":"","overlay-gradient":""},"tablet":{"background-color":"var(--ast-global-color-5)","background-image":"","background-repeat":"repeat","background-position":"center center","background-size":"auto","background-attachment":"scroll","background-type":"","background-media":"","overlay-type":"","overlay-color":"","overlay-opacity":"","overlay-gradient":""},"mobile":{"background-color":"var(--ast-global-color-5)","background-image":"","background-repeat":"repeat","background-position":"center center","background-size":"auto","background-attachment":"scroll","background-type":"","background-media":"","overlay-type":"","overlay-color":"","overlay-opacity":"","overlay-gradient":""}}},"product_brand":[],"product_cat":[15],"product_tag":[37,46,44,43,39,38,41,45,40,42],"class_list":{"0":"post-7985","1":"product","2":"type-product","3":"status-publish","4":"has-post-thumbnail","6":"product_cat-herbs-soap","7":"product_tag-artemisia-soap","8":"product_tag-eco-friendly-soap","9":"product_tag-gift-for-her","10":"product_tag-herbal-soap","11":"product_tag-mint-soap-bar","12":"product_tag-mugwort-soap","13":"product_tag-natural-soap-for-sensitive-skin","14":"product_tag-relaxing-bath","15":"product_tag-soothing-bath-soap","16":"product_tag-vegan-soap","17":"desktop-align-left","18":"tablet-align-left","19":"mobile-align-left","21":"first","22":"instock","23":"sale","24":"featured","25":"shipping-taxable","26":"purchasable","27":"product-type-simple"},"yoast_head":"<!-- This site is optimized with the Yoast SEO plugin v27.3 - https:\/\/yoast.com\/product\/yoast-seo-wordpress\/ -->\n<title>Soothing Artemisia &amp; Mint Bath Bar - Natural for Sensitive Skin | Taxne<\/title>\n<meta name=\"description\" content=\"Experience a calming cleanse with our natural artemisia &amp; mint soap bar. Made to soothe irritated skin, reduce redness, and provide a refreshing bath experience. Vegan &amp; Cruelty-Free.\" \/>\n<meta name=\"robots\" content=\"index, follow, max-snippet:-1, max-image-preview:large, max-video-preview:-1\" \/>\n<link rel=\"canonical\" href=\"https:\/\/taxne.com\/pt\/produto\/sabonete-liquido-calmante-de-menta-artemisia\/\" \/>\n<meta property=\"og:locale\" content=\"pt_PT\" \/>\n<meta property=\"og:type\" content=\"article\" \/>\n<meta property=\"og:title\" content=\"Soothing Artemisia &amp; Mint Bath Bar - Natural for Sensitive Skin | Taxne\" \/>\n<meta property=\"og:description\" content=\"Experience a calming cleanse with our natural artemisia &amp; mint soap bar. Made to soothe irritated skin, reduce redness, and provide a refreshing bath experience. Vegan &amp; Cruelty-Free.\" \/>\n<meta property=\"og:url\" content=\"https:\/\/taxne.com\/pt\/produto\/sabonete-liquido-calmante-de-menta-artemisia\/\" \/>\n<meta property=\"article:modified_time\" content=\"2026-03-04T02:24:52+00:00\" \/>\n<meta property=\"og:image\" content=\"https:\/\/taxne.com\/wp-content\/uploads\/2025\/09\/O1CN01U4Dmoh1PVybwAbPR0_4611686018427381047-0-item_pic.png\" \/>\n\t<meta property=\"og:image:width\" content=\"800\" \/>\n\t<meta property=\"og:image:height\" content=\"800\" \/>\n\t<meta property=\"og:image:type\" content=\"image\/png\" \/>\n<meta name=\"twitter:card\" content=\"summary_large_image\" \/>\n<meta name=\"twitter:label1\" content=\"Tempo estimado de leitura\" \/>\n\t<meta name=\"twitter:data1\" content=\"4 minutos\" \/>\n<script type=\"application\/ld+json\" class=\"yoast-schema-graph\">{\"@context\":\"https:\\\/\\\/schema.org\",\"@graph\":[{\"@type\":\"WebPage\",\"@id\":\"https:\\\/\\\/taxne.com\\\/product\\\/soothing-artemisia-mint-bath-bar\\\/\",\"url\":\"https:\\\/\\\/taxne.com\\\/product\\\/soothing-artemisia-mint-bath-bar\\\/\",\"name\":\"Soothing Artemisia & Mint Bath Bar - Natural for Sensitive Skin | Taxne\",\"isPartOf\":{\"@id\":\"https:\\\/\\\/taxne.com\\\/#website\"},\"primaryImageOfPage\":{\"@id\":\"https:\\\/\\\/taxne.com\\\/product\\\/soothing-artemisia-mint-bath-bar\\\/#primaryimage\"},\"image\":{\"@id\":\"https:\\\/\\\/taxne.com\\\/product\\\/soothing-artemisia-mint-bath-bar\\\/#primaryimage\"},\"thumbnailUrl\":\"https:\\\/\\\/taxne.com\\\/wp-content\\\/uploads\\\/2025\\\/09\\\/O1CN01U4Dmoh1PVybwAbPR0_4611686018427381047-0-item_pic.png\",\"datePublished\":\"2025-09-03T09:34:45+00:00\",\"dateModified\":\"2026-03-04T02:24:52+00:00\",\"description\":\"Experience a calming cleanse with our natural artemisia & mint soap bar. Made to soothe irritated skin, reduce redness, and provide a refreshing bath experience. Vegan & Cruelty-Free.\",\"breadcrumb\":{\"@id\":\"https:\\\/\\\/taxne.com\\\/product\\\/soothing-artemisia-mint-bath-bar\\\/#breadcrumb\"},\"inLanguage\":\"pt-PT\",\"potentialAction\":[{\"@type\":\"ReadAction\",\"target\":[\"https:\\\/\\\/taxne.com\\\/product\\\/soothing-artemisia-mint-bath-bar\\\/\"]}]},{\"@type\":\"ImageObject\",\"inLanguage\":\"pt-PT\",\"@id\":\"https:\\\/\\\/taxne.com\\\/product\\\/soothing-artemisia-mint-bath-bar\\\/#primaryimage\",\"url\":\"https:\\\/\\\/taxne.com\\\/wp-content\\\/uploads\\\/2025\\\/09\\\/O1CN01U4Dmoh1PVybwAbPR0_4611686018427381047-0-item_pic.png\",\"contentUrl\":\"https:\\\/\\\/taxne.com\\\/wp-content\\\/uploads\\\/2025\\\/09\\\/O1CN01U4Dmoh1PVybwAbPR0_4611686018427381047-0-item_pic.png\",\"width\":800,\"height\":800,\"caption\":\"Soothing Artemisia & Mint Bath Bar\"},{\"@type\":\"BreadcrumbList\",\"@id\":\"https:\\\/\\\/taxne.com\\\/product\\\/soothing-artemisia-mint-bath-bar\\\/#breadcrumb\",\"itemListElement\":[{\"@type\":\"ListItem\",\"position\":1,\"name\":\"\u9996\u9875\",\"item\":\"https:\\\/\\\/taxne.com\\\/\"},{\"@type\":\"ListItem\",\"position\":2,\"name\":\"Shop\",\"item\":\"https:\\\/\\\/taxne.com\\\/shop-2\\\/\"},{\"@type\":\"ListItem\",\"position\":3,\"name\":\"Soothing Artemisia &#038; Mint Bath Bar\"}]},{\"@type\":\"WebSite\",\"@id\":\"https:\\\/\\\/taxne.com\\\/#website\",\"url\":\"https:\\\/\\\/taxne.com\\\/\",\"name\":\"taxne.com\",\"description\":\"\",\"publisher\":{\"@id\":\"https:\\\/\\\/taxne.com\\\/#organization\"},\"potentialAction\":[{\"@type\":\"SearchAction\",\"target\":{\"@type\":\"EntryPoint\",\"urlTemplate\":\"https:\\\/\\\/taxne.com\\\/?s={search_term_string}\"},\"query-input\":{\"@type\":\"PropertyValueSpecification\",\"valueRequired\":true,\"valueName\":\"search_term_string\"}}],\"inLanguage\":\"pt-PT\"},{\"@type\":\"Organization\",\"@id\":\"https:\\\/\\\/taxne.com\\\/#organization\",\"name\":\"taxne.com\",\"url\":\"https:\\\/\\\/taxne.com\\\/\",\"logo\":{\"@type\":\"ImageObject\",\"inLanguage\":\"pt-PT\",\"@id\":\"https:\\\/\\\/taxne.com\\\/#\\\/schema\\\/logo\\\/image\\\/\",\"url\":\"https:\\\/\\\/taxne.com\\\/wp-content\\\/uploads\\\/2025\\\/09\\\/cropped-logo.png\",\"contentUrl\":\"https:\\\/\\\/taxne.com\\\/wp-content\\\/uploads\\\/2025\\\/09\\\/cropped-logo.png\",\"width\":1027,\"height\":270,\"caption\":\"taxne.com\"},\"image\":{\"@id\":\"https:\\\/\\\/taxne.com\\\/#\\\/schema\\\/logo\\\/image\\\/\"}}]}<\/script>\n<!-- \/ Yoast SEO plugin. -->","yoast_head_json":{"title":"Sabonete L\u00edquido Suavizante de Artem\u00edsia e Hortel\u00e3 - Natural para Pele Sens\u00edvel | Taxne","description":"Experimente uma limpeza relaxante com nosso sabonete natural de artem\u00edsia e menta. Feito para acalmar a pele irritada, reduzir a vermelhid\u00e3o e proporcionar um banho refrescante. Vegano e livre de crueldade.","robots":{"index":"index","follow":"follow","max-snippet":"max-snippet:-1","max-image-preview":"max-image-preview:large","max-video-preview":"max-video-preview:-1"},"canonical":"https:\/\/taxne.com\/pt\/produto\/sabonete-liquido-calmante-de-menta-artemisia\/","og_locale":"pt_PT","og_type":"article","og_title":"Soothing Artemisia & Mint Bath Bar - Natural for Sensitive Skin | Taxne","og_description":"Experience a calming cleanse with our natural artemisia & mint soap bar. Made to soothe irritated skin, reduce redness, and provide a refreshing bath experience. Vegan & Cruelty-Free.","og_url":"https:\/\/taxne.com\/pt\/produto\/sabonete-liquido-calmante-de-menta-artemisia\/","article_modified_time":"2026-03-04T02:24:52+00:00","og_image":[{"width":800,"height":800,"url":"https:\/\/taxne.com\/wp-content\/uploads\/2025\/09\/O1CN01U4Dmoh1PVybwAbPR0_4611686018427381047-0-item_pic.png","type":"image\/png"}],"twitter_card":"summary_large_image","twitter_misc":{"Tempo estimado de leitura":"4 minutos"},"schema":{"@context":"https:\/\/schema.org","@graph":[{"@type":"WebPage","@id":"https:\/\/taxne.com\/product\/soothing-artemisia-mint-bath-bar\/","url":"https:\/\/taxne.com\/product\/soothing-artemisia-mint-bath-bar\/","name":"Sabonete L\u00edquido Suavizante de Artem\u00edsia e Hortel\u00e3 - Natural para Pele Sens\u00edvel | Taxne","isPartOf":{"@id":"https:\/\/taxne.com\/#website"},"primaryImageOfPage":{"@id":"https:\/\/taxne.com\/product\/soothing-artemisia-mint-bath-bar\/#primaryimage"},"image":{"@id":"https:\/\/taxne.com\/product\/soothing-artemisia-mint-bath-bar\/#primaryimage"},"thumbnailUrl":"https:\/\/taxne.com\/wp-content\/uploads\/2025\/09\/O1CN01U4Dmoh1PVybwAbPR0_4611686018427381047-0-item_pic.png","datePublished":"2025-09-03T09:34:45+00:00","dateModified":"2026-03-04T02:24:52+00:00","description":"Experimente uma limpeza relaxante com nosso sabonete natural de artem\u00edsia e menta. Feito para acalmar a pele irritada, reduzir a vermelhid\u00e3o e proporcionar um banho refrescante. Vegano e livre de crueldade.","breadcrumb":{"@id":"https:\/\/taxne.com\/product\/soothing-artemisia-mint-bath-bar\/#breadcrumb"},"inLanguage":"pt-PT","potentialAction":[{"@type":"ReadAction","target":["https:\/\/taxne.com\/product\/soothing-artemisia-mint-bath-bar\/"]}]},{"@type":"ImageObject","inLanguage":"pt-PT","@id":"https:\/\/taxne.com\/product\/soothing-artemisia-mint-bath-bar\/#primaryimage","url":"https:\/\/taxne.com\/wp-content\/uploads\/2025\/09\/O1CN01U4Dmoh1PVybwAbPR0_4611686018427381047-0-item_pic.png","contentUrl":"https:\/\/taxne.com\/wp-content\/uploads\/2025\/09\/O1CN01U4Dmoh1PVybwAbPR0_4611686018427381047-0-item_pic.png","width":800,"height":800,"caption":"Soothing Artemisia & Mint Bath Bar"},{"@type":"BreadcrumbList","@id":"https:\/\/taxne.com\/product\/soothing-artemisia-mint-bath-bar\/#breadcrumb","itemListElement":[{"@type":"ListItem","position":1,"name":"\u9996\u9875","item":"https:\/\/taxne.com\/"},{"@type":"ListItem","position":2,"name":"Shop","item":"https:\/\/taxne.com\/shop-2\/"},{"@type":"ListItem","position":3,"name":"Soothing Artemisia &#038; Mint Bath Bar"}]},{"@type":"WebSite","@id":"https:\/\/taxne.com\/#website","url":"https:\/\/taxne.com\/","name":"taxne. com","description":"","publisher":{"@id":"https:\/\/taxne.com\/#organization"},"potentialAction":[{"@type":"SearchAction","target":{"@type":"EntryPoint","urlTemplate":"https:\/\/taxne.com\/?s={search_term_string}"},"query-input":{"@type":"PropertyValueSpecification","valueRequired":true,"valueName":"search_term_string"}}],"inLanguage":"pt-PT"},{"@type":"Organization","@id":"https:\/\/taxne.com\/#organization","name":"taxne. com","url":"https:\/\/taxne.com\/","logo":{"@type":"ImageObject","inLanguage":"pt-PT","@id":"https:\/\/taxne.com\/#\/schema\/logo\/image\/","url":"https:\/\/taxne.com\/wp-content\/uploads\/2025\/09\/cropped-logo.png","contentUrl":"https:\/\/taxne.com\/wp-content\/uploads\/2025\/09\/cropped-logo.png","width":1027,"height":270,"caption":"taxne.com"},"image":{"@id":"https:\/\/taxne.com\/#\/schema\/logo\/image\/"}}]}},"uagb_featured_image_src":{"full":["https:\/\/taxne.com\/wp-content\/uploads\/2025\/09\/O1CN01U4Dmoh1PVybwAbPR0_4611686018427381047-0-item_pic.png",800,800,false],"thumbnail":["https:\/\/taxne.com\/wp-content\/uploads\/2025\/09\/O1CN01U4Dmoh1PVybwAbPR0_4611686018427381047-0-item_pic-150x150.png",150,150,true],"medium":["https:\/\/taxne.com\/wp-content\/uploads\/2025\/09\/O1CN01U4Dmoh1PVybwAbPR0_4611686018427381047-0-item_pic-300x300.png",300,300,true],"medium_large":["https:\/\/taxne.com\/wp-content\/uploads\/2025\/09\/O1CN01U4Dmoh1PVybwAbPR0_4611686018427381047-0-item_pic-768x768.png",768,768,true],"large":["https:\/\/taxne.com\/wp-content\/uploads\/2025\/09\/O1CN01U4Dmoh1PVybwAbPR0_4611686018427381047-0-item_pic.png",800,800,false],"1536x1536":["https:\/\/taxne.com\/wp-content\/uploads\/2025\/09\/O1CN01U4Dmoh1PVybwAbPR0_4611686018427381047-0-item_pic.png",800,800,false],"2048x2048":["https:\/\/taxne.com\/wp-content\/uploads\/2025\/09\/O1CN01U4Dmoh1PVybwAbPR0_4611686018427381047-0-item_pic.png",800,800,false],"trp-custom-language-flag":["https:\/\/taxne.com\/wp-content\/uploads\/2025\/09\/O1CN01U4Dmoh1PVybwAbPR0_4611686018427381047-0-item_pic-12x12.png",12,12,true],"woocommerce_thumbnail":["https:\/\/taxne.com\/wp-content\/uploads\/2025\/09\/O1CN01U4Dmoh1PVybwAbPR0_4611686018427381047-0-item_pic-300x300.png",300,300,true],"woocommerce_single":["https:\/\/taxne.com\/wp-content\/uploads\/2025\/09\/O1CN01U4Dmoh1PVybwAbPR0_4611686018427381047-0-item_pic-600x600.png",600,600,true],"woocommerce_gallery_thumbnail":["https:\/\/taxne.com\/wp-content\/uploads\/2025\/09\/O1CN01U4Dmoh1PVybwAbPR0_4611686018427381047-0-item_pic-100x100.png",100,100,true]},"uagb_author_info":{"display_name":"tianke1223@gmail.com","author_link":"https:\/\/taxne.com\/pt\/author\/"},"uagb_comment_info":0,"uagb_excerpt":"Nature's Reset Button: The Purifying Bar for Reactive &amp; Oily Skin 100g Tired of skin that feels irritated after a shower? Meet your new ritual for calm. Benefits: Soothes &amp; Calms:\u00a0Artemisia is known for its properties to soothe sensitive and irritated skin. Deeply Purifies:\u00a0Helps to gently cleanse without stripping natural oils. Invigorates Senses:\u00a0The minty aroma&hellip;","jetpack_sharing_enabled":true,"_links":{"self":[{"href":"https:\/\/taxne.com\/pt\/wp-json\/wp\/v2\/product\/7985","targetHints":{"allow":["GET"]}}],"collection":[{"href":"https:\/\/taxne.com\/pt\/wp-json\/wp\/v2\/product"}],"about":[{"href":"https:\/\/taxne.com\/pt\/wp-json\/wp\/v2\/types\/product"}],"replies":[{"embeddable":true,"href":"https:\/\/taxne.com\/pt\/wp-json\/wp\/v2\/comments?post=7985"}],"wp:featuredmedia":[{"embeddable":true,"href":"https:\/\/taxne.com\/pt\/wp-json\/wp\/v2\/media\/7989"}],"wp:attachment":[{"href":"https:\/\/taxne.com\/pt\/wp-json\/wp\/v2\/media?parent=7985"}],"wp:term":[{"taxonomy":"product_brand","embeddable":true,"href":"https:\/\/taxne.com\/pt\/wp-json\/wp\/v2\/product_brand?post=7985"},{"taxonomy":"product_cat","embeddable":true,"href":"https:\/\/taxne.com\/pt\/wp-json\/wp\/v2\/product_cat?post=7985"},{"taxonomy":"product_tag","embeddable":true,"href":"https:\/\/taxne.com\/pt\/wp-json\/wp\/v2\/product_tag?post=7985"}],"curies":[{"name":"wp","href":"https:\/\/api.w.org\/{rel}","templated":true}]}}