{"id":8014,"date":"2025-09-09T07:05:40","date_gmt":"2025-09-09T07:05:40","guid":{"rendered":"https:\/\/taxne.com\/?post_type=product&#038;p=8014"},"modified":"2026-03-17T02:37:55","modified_gmt":"2026-03-17T02:37:55","slug":"scalp-revival-thuja-shampoo-bar-triangle","status":"publish","type":"product","link":"https:\/\/taxne.com\/pt\/produto\/shampoo-em-barra-triangular-para-revitalizacao-do-couro-cabeludo-thuja\/","title":{"rendered":"Barra de Shampoo Purificante Thuja e Sabonete para Couro Cabeludo Oleoso Triangle 100g"},"content":{"rendered":"<p class=\"ds-markdown-paragraph\"><strong>Barra de Shampoo Bot\u00e2nico Scalp Revival com Thuja Oriental 100g<\/strong><br \/>\n<strong>O fim do couro cabeludo oleoso. O come\u00e7o de um cabelo equilibrado e saud\u00e1vel.<\/strong><\/p>\n<p class=\"ds-markdown-paragraph\"><strong>Na Taxne, buscamos inspira\u00e7\u00e3o nas solu\u00e7\u00f5es mais sofisticadas da natureza.<\/strong>\u00a0A descoberta do Paclitaxel (Taxol) no teixo-do-pac\u00edfico \u00e9 um poderoso testemunho da incr\u00edvel intelig\u00eancia da natureza. Mostrou-nos que as solu\u00e7\u00f5es para os nossos desafios mais complexos podem ser encontradas no mundo bot\u00e2nico.<\/p>\n<p class=\"ds-markdown-paragraph\">Aplicamos esse mesmo princ\u00edpio ao cuidado do couro cabeludo. Durante s\u00e9culos,\u00a0<strong>Thuja Oriental (Biotina Orientalis)<\/strong>\u00a0tem sido reverenciado em pr\u00e1ticas tradicionais por suas propriedades purificantes e revigorantes. Combinamos este poderoso bot\u00e2nico com outras ervas testadas pelo tempo para criar um xampu em barra que n\u00e3o apenas limpa, mas tamb\u00e9m\u00a0<strong>restaura o equil\u00edbrio<\/strong>.<\/p>\n<p class=\"ds-markdown-paragraph\"><strong>Cansado do couro cabeludo oleoso ao meio-dia?<\/strong><\/p>\n<p class=\"ds-markdown-paragraph\">Um couro cabeludo oleoso n\u00e3o se trata apenas de apar\u00eancia; pode parecer pesado, desconfort\u00e1vel e causar congest\u00e3o. Seu cabelo precisa de um\u00a0<strong>reiniciar<\/strong>, sem uma remo\u00e7\u00e3o agressiva. Nossa Barra Revitalizante para o Couro Cabeludo \u00e9 uma mistura concentrada de saponinas naturais e extratos bot\u00e2nicos que atuam em harmonia para:<\/p>\n<ul>\n<li>\n<p class=\"ds-markdown-paragraph\"><strong>Purifica profundamente e remove o excesso de oleosidade:<\/strong>\u00a0<strong>Soapberry (\u65e0\u60a3\u5b50)<\/strong>\u00a0e\u00a0<strong>Saboneteira (\u7682\u89d2)<\/strong>\u00a0s\u00e3o limpadores naturais poderosos e suaves. Eles criam uma espuma rica que remove eficazmente sujeira, sebo e res\u00edduos de produtos.\u00a0<strong>sem secar demais<\/strong>.<\/p>\n<\/li>\n<li>\n<p class=\"ds-markdown-paragraph\"><strong>Equilibra a produ\u00e7\u00e3o de sebo e acalma:<\/strong>\u00a0O ingrediente estrela,\u00a0<strong>Thuja Oriental (\u4fa7\u67cf\u53f6)<\/strong>, \u00e9 conhecido por suas propriedades adstringentes e calmantes. Ajuda a tonificar o couro cabeludo e a criar um ambiente equilibrado e saud\u00e1vel.<\/p>\n<\/li>\n<li>\n<p class=\"ds-markdown-paragraph\"><strong>Nutre os fol\u00edculos capilares e fortalece o cabelo:<\/strong>\u00a0<strong>Fo-Ti (\u4f55\u9996\u4e4c)<\/strong>\u00a0e\u00a0<strong>Folha de Amoreira (\u6851\u53f6)<\/strong> fornece nutrientes essenciais ao couro cabeludo e \u00e0 raiz do cabelo, ajudando a fortalecer os fios de dentro para fora e reduzindo a quebra.<\/p>\n<\/li>\n<\/ul>\n<p class=\"ds-markdown-paragraph\"><strong>Uma experi\u00eancia refrescante, tipo spa, em um bar.<\/strong><\/p>\n<p class=\"ds-markdown-paragraph\">Sinta o\u00a0<strong>espuma r\u00e1pida e luxuosa<\/strong>\u00a0Limpe seu couro cabeludo com um aroma refrescante de ervas. Ao contr\u00e1rio dos sulfatos agressivos que podem desencadear uma maior produ\u00e7\u00e3o de \u00f3leo, nossa f\u00f3rmula bot\u00e2nica deixa seu couro cabeludo com uma sensa\u00e7\u00e3o\u00a0<strong>incrivelmente limpo, leve e respir\u00e1vel<\/strong>\u2014nem apertado nem desfiado. Seu cabelo fica\u00a0<strong>suave, gerenci\u00e1vel e cheio de vitalidade<\/strong>.<\/p>\n<p class=\"ds-markdown-paragraph\"><strong>A Promessa Taxne: Pura, Potente e Consciente.<\/strong><\/p>\n<ul>\n<li>\n<p class=\"ds-markdown-paragraph\"><strong>Feito \u00e0 m\u00e3o com bot\u00e2nicos naturais<\/strong><\/p>\n<\/li>\n<li>\n<p class=\"ds-markdown-paragraph\"><strong>Vegano e livre de crueldade<\/strong><\/p>\n<\/li>\n<li>\n<p class=\"ds-markdown-paragraph\"><strong>Ingredientes de origem sustent\u00e1vel<\/strong><\/p>\n<\/li>\n<li>\n<p class=\"ds-markdown-paragraph\">** livre de:** Sulfatos, Silicones, Parabenos, Fragr\u00e2ncias Sint\u00e9ticas<\/p>\n<\/li>\n<\/ul>\n<p class=\"ds-markdown-paragraph\"><strong>Pronto para ter um couro cabeludo equilibrado e saud\u00e1vel?<\/strong><br \/>\n<strong>Adicione ao carrinho e experimente o ritual Taxne hoje mesmo.<\/strong><\/p>\n<hr \/>\n<p class=\"ds-markdown-paragraph\"><strong>Aviso importante:<\/strong><\/p>\n<ul>\n<li>\n<p class=\"ds-markdown-paragraph\"><em>Os resultados individuais podem variar. Este produto \u00e9 um cosm\u00e9tico e n\u00e3o se destina a diagnosticar, tratar, curar ou prevenir qualquer doen\u00e7a. Para condi\u00e7\u00f5es graves do couro cabeludo, consulte um dermatologista.<\/em><\/p>\n<\/li>\n<\/ul>","protected":false},"excerpt":{"rendered":"<p class=\"ds-markdown-paragraph\"><strong>Barra de Shampoo Bot\u00e2nico Scalp Revival com Thuja Oriental 100g<\/strong><br \/>\n<strong>O fim do couro cabeludo oleoso. O come\u00e7o de um cabelo equilibrado e saud\u00e1vel.<\/strong><\/p>\n<p class=\"ds-markdown-paragraph\"><strong>Na Taxne, buscamos inspira\u00e7\u00e3o nas solu\u00e7\u00f5es mais sofisticadas da natureza.<\/strong>\u00a0A descoberta do Paclitaxel (Taxol) no teixo-do-pac\u00edfico \u00e9 um poderoso testemunho da incr\u00edvel intelig\u00eancia da natureza. Mostrou-nos que as solu\u00e7\u00f5es para os nossos desafios mais complexos podem ser encontradas no mundo bot\u00e2nico.<\/p>\n<p class=\"ds-markdown-paragraph\"><strong>A Promessa Taxne: Pura, Potente e Consciente.<\/strong><\/p>\n<ul>\n<li>\n<p class=\"ds-markdown-paragraph\"><strong>Feito \u00e0 m\u00e3o com bot\u00e2nicos naturais<\/strong><\/p>\n<\/li>\n<li>\n<p class=\"ds-markdown-paragraph\"><strong>Vegano e livre de crueldade<\/strong><\/p>\n<\/li>\n<li>\n<p class=\"ds-markdown-paragraph\"><strong>Ingredientes de origem sustent\u00e1vel<\/strong><\/p>\n<\/li>\n<li>\n<p class=\"ds-markdown-paragraph\">** livre de:** Sulfatos, Silicones, Parabenos, Fragr\u00e2ncias Sint\u00e9ticas<\/p>\n<\/li>\n<\/ul>","protected":false},"featured_media":8021,"comment_status":"open","ping_status":"closed","template":"","meta":{"_uag_custom_page_level_css":"","site-sidebar-layout":"default","site-content-layout":"","ast-site-content-layout":"default","site-content-style":"default","site-sidebar-style":"default","ast-global-header-display":"","ast-banner-title-visibility":"","ast-main-header-display":"","ast-hfb-above-header-display":"","ast-hfb-below-header-display":"","ast-hfb-mobile-header-display":"","site-post-title":"","ast-breadcrumbs-content":"","ast-featured-img":"","footer-sml-layout":"","ast-disable-related-posts":"","theme-transparent-header-meta":"default","adv-header-id-meta":"","stick-header-meta":"","header-above-stick-meta":"","header-main-stick-meta":"","header-below-stick-meta":"","astra-migrate-meta-layouts":"set","ast-page-background-enabled":"default","ast-page-background-meta":{"desktop":{"background-color":"","background-image":"","background-repeat":"repeat","background-position":"center center","background-size":"auto","background-attachment":"scroll","background-type":"","background-media":"","overlay-type":"","overlay-color":"","overlay-opacity":"","overlay-gradient":""},"tablet":{"background-color":"","background-image":"","background-repeat":"repeat","background-position":"center center","background-size":"auto","background-attachment":"scroll","background-type":"","background-media":"","overlay-type":"","overlay-color":"","overlay-opacity":"","overlay-gradient":""},"mobile":{"background-color":"","background-image":"","background-repeat":"repeat","background-position":"center center","background-size":"auto","background-attachment":"scroll","background-type":"","background-media":"","overlay-type":"","overlay-color":"","overlay-opacity":"","overlay-gradient":""}},"ast-content-background-meta":{"desktop":{"background-color":"var(--ast-global-color-5)","background-image":"","background-repeat":"repeat","background-position":"center center","background-size":"auto","background-attachment":"scroll","background-type":"","background-media":"","overlay-type":"","overlay-color":"","overlay-opacity":"","overlay-gradient":""},"tablet":{"background-color":"var(--ast-global-color-5)","background-image":"","background-repeat":"repeat","background-position":"center center","background-size":"auto","background-attachment":"scroll","background-type":"","background-media":"","overlay-type":"","overlay-color":"","overlay-opacity":"","overlay-gradient":""},"mobile":{"background-color":"var(--ast-global-color-5)","background-image":"","background-repeat":"repeat","background-position":"center center","background-size":"auto","background-attachment":"scroll","background-type":"","background-media":"","overlay-type":"","overlay-color":"","overlay-opacity":"","overlay-gradient":""}}},"product_brand":[],"product_cat":[15],"product_tag":[64,68,66,63,67,60,62,61,65,51],"class_list":{"0":"post-8014","1":"product","2":"type-product","3":"status-publish","4":"has-post-thumbnail","6":"product_cat-herbs-soap","7":"product_tag-botanical-scalp-care","8":"product_tag-chinese-herbal-shampoo","9":"product_tag-hair-growth-shampoo","10":"product_tag-natural-dandruff-treatment","11":"product_tag-purifying-shampoo","12":"product_tag-shampoo-bar-for-oily-scalp","13":"product_tag-soapberry-shampoo","14":"product_tag-thuja-shampoo-bar","15":"product_tag-vegan-shampoo-bar","16":"product_tag-zero-waste-shampoo","17":"desktop-align-left","18":"tablet-align-left","19":"mobile-align-left","21":"first","22":"instock","23":"sale","24":"featured","25":"shipping-taxable","26":"purchasable","27":"product-type-simple"},"yoast_head":"<!-- This site is optimized with the Yoast SEO plugin v27.4 - https:\/\/yoast.com\/product\/yoast-seo-wordpress\/ -->\n<title>Scalp Revival Shampoo Bar with Thuja - For Oily Scalp &amp; Hair Growth | Taxne<\/title>\n<meta name=\"description\" content=\"Struggling with oily scalp? Taxne&#039;s botanical bar features Oriental Thuja &amp; Soapberry to deeply purify, balance oil production, and create an ideal environment for healthier hair. Vegan.\" \/>\n<meta name=\"robots\" content=\"index, follow, max-snippet:-1, max-image-preview:large, max-video-preview:-1\" \/>\n<link rel=\"canonical\" href=\"https:\/\/taxne.com\/pt\/produto\/shampoo-em-barra-triangular-para-revitalizacao-do-couro-cabeludo-thuja\/\" \/>\n<meta property=\"og:locale\" content=\"pt_PT\" \/>\n<meta property=\"og:type\" content=\"article\" \/>\n<meta property=\"og:title\" content=\"Scalp Revival Shampoo Bar with Thuja - For Oily Scalp &amp; Hair Growth | Taxne\" \/>\n<meta property=\"og:description\" content=\"Struggling with oily scalp? Taxne&#039;s botanical bar features Oriental Thuja &amp; Soapberry to deeply purify, balance oil production, and create an ideal environment for healthier hair. Vegan.\" \/>\n<meta property=\"og:url\" content=\"https:\/\/taxne.com\/pt\/produto\/shampoo-em-barra-triangular-para-revitalizacao-do-couro-cabeludo-thuja\/\" \/>\n<meta property=\"article:modified_time\" content=\"2026-03-17T02:37:55+00:00\" \/>\n<meta property=\"og:image\" content=\"https:\/\/taxne.com\/wp-content\/uploads\/2025\/09\/\u767d\u5e95-\u76d2.jpg\" \/>\n\t<meta property=\"og:image:width\" content=\"800\" \/>\n\t<meta property=\"og:image:height\" content=\"800\" \/>\n\t<meta property=\"og:image:type\" content=\"image\/jpeg\" \/>\n<meta name=\"twitter:card\" content=\"summary_large_image\" \/>\n<meta name=\"twitter:label1\" content=\"Tempo estimado de leitura\" \/>\n\t<meta name=\"twitter:data1\" content=\"3 minutos\" \/>\n<script type=\"application\/ld+json\" class=\"yoast-schema-graph\">{\"@context\":\"https:\\\/\\\/schema.org\",\"@graph\":[{\"@type\":\"WebPage\",\"@id\":\"https:\\\/\\\/taxne.com\\\/product\\\/scalp-revival-thuja-shampoo-bar-triangle\\\/\",\"url\":\"https:\\\/\\\/taxne.com\\\/product\\\/scalp-revival-thuja-shampoo-bar-triangle\\\/\",\"name\":\"Scalp Revival Shampoo Bar with Thuja - For Oily Scalp & Hair Growth | Taxne\",\"isPartOf\":{\"@id\":\"https:\\\/\\\/taxne.com\\\/#website\"},\"primaryImageOfPage\":{\"@id\":\"https:\\\/\\\/taxne.com\\\/product\\\/scalp-revival-thuja-shampoo-bar-triangle\\\/#primaryimage\"},\"image\":{\"@id\":\"https:\\\/\\\/taxne.com\\\/product\\\/scalp-revival-thuja-shampoo-bar-triangle\\\/#primaryimage\"},\"thumbnailUrl\":\"https:\\\/\\\/taxne.com\\\/wp-content\\\/uploads\\\/2025\\\/09\\\/\u767d\u5e95-\u76d2.jpg\",\"datePublished\":\"2025-09-09T07:05:40+00:00\",\"dateModified\":\"2026-03-17T02:37:55+00:00\",\"description\":\"Struggling with oily scalp? Taxne's botanical bar features Oriental Thuja & Soapberry to deeply purify, balance oil production, and create an ideal environment for healthier hair. Vegan.\",\"breadcrumb\":{\"@id\":\"https:\\\/\\\/taxne.com\\\/product\\\/scalp-revival-thuja-shampoo-bar-triangle\\\/#breadcrumb\"},\"inLanguage\":\"pt-PT\",\"potentialAction\":[{\"@type\":\"ReadAction\",\"target\":[\"https:\\\/\\\/taxne.com\\\/product\\\/scalp-revival-thuja-shampoo-bar-triangle\\\/\"]}]},{\"@type\":\"ImageObject\",\"inLanguage\":\"pt-PT\",\"@id\":\"https:\\\/\\\/taxne.com\\\/product\\\/scalp-revival-thuja-shampoo-bar-triangle\\\/#primaryimage\",\"url\":\"https:\\\/\\\/taxne.com\\\/wp-content\\\/uploads\\\/2025\\\/09\\\/\u767d\u5e95-\u76d2.jpg\",\"contentUrl\":\"https:\\\/\\\/taxne.com\\\/wp-content\\\/uploads\\\/2025\\\/09\\\/\u767d\u5e95-\u76d2.jpg\",\"width\":800,\"height\":800,\"caption\":\"Purifying Thuja & Soapberry Shampoo Bar for Oily Scalp Triangle\"},{\"@type\":\"BreadcrumbList\",\"@id\":\"https:\\\/\\\/taxne.com\\\/product\\\/scalp-revival-thuja-shampoo-bar-triangle\\\/#breadcrumb\",\"itemListElement\":[{\"@type\":\"ListItem\",\"position\":1,\"name\":\"\u9996\u9875\",\"item\":\"https:\\\/\\\/taxne.com\\\/\"},{\"@type\":\"ListItem\",\"position\":2,\"name\":\"Shop\",\"item\":\"https:\\\/\\\/taxne.com\\\/shop-2\\\/\"},{\"@type\":\"ListItem\",\"position\":3,\"name\":\"Purifying Thuja &#038; Soapberry Shampoo Bar for Oily Scalp Triangle 100g\"}]},{\"@type\":\"WebSite\",\"@id\":\"https:\\\/\\\/taxne.com\\\/#website\",\"url\":\"https:\\\/\\\/taxne.com\\\/\",\"name\":\"taxne.com\",\"description\":\"\",\"publisher\":{\"@id\":\"https:\\\/\\\/taxne.com\\\/#organization\"},\"potentialAction\":[{\"@type\":\"SearchAction\",\"target\":{\"@type\":\"EntryPoint\",\"urlTemplate\":\"https:\\\/\\\/taxne.com\\\/?s={search_term_string}\"},\"query-input\":{\"@type\":\"PropertyValueSpecification\",\"valueRequired\":true,\"valueName\":\"search_term_string\"}}],\"inLanguage\":\"pt-PT\"},{\"@type\":\"Organization\",\"@id\":\"https:\\\/\\\/taxne.com\\\/#organization\",\"name\":\"taxne.com\",\"url\":\"https:\\\/\\\/taxne.com\\\/\",\"logo\":{\"@type\":\"ImageObject\",\"inLanguage\":\"pt-PT\",\"@id\":\"https:\\\/\\\/taxne.com\\\/#\\\/schema\\\/logo\\\/image\\\/\",\"url\":\"https:\\\/\\\/taxne.com\\\/wp-content\\\/uploads\\\/2025\\\/09\\\/cropped-logo.png\",\"contentUrl\":\"https:\\\/\\\/taxne.com\\\/wp-content\\\/uploads\\\/2025\\\/09\\\/cropped-logo.png\",\"width\":1027,\"height\":270,\"caption\":\"taxne.com\"},\"image\":{\"@id\":\"https:\\\/\\\/taxne.com\\\/#\\\/schema\\\/logo\\\/image\\\/\"}}]}<\/script>\n<!-- \/ Yoast SEO plugin. -->","yoast_head_json":{"title":"Shampoo em Barra para Revitaliza\u00e7\u00e3o do Couro Cabeludo com Thuja - Para Couro Cabeludo Oleoso e Crescimento Capilar | Taxne","description":"Sofrendo com couro cabeludo oleoso? O sabonete bot\u00e2nico da Taxne cont\u00e9m Thuja Oriental e Saboneteira para purificar profundamente, equilibrar a produ\u00e7\u00e3o de oleosidade e criar o ambiente ideal para cabelos mais saud\u00e1veis. Vegano.","robots":{"index":"index","follow":"follow","max-snippet":"max-snippet:-1","max-image-preview":"max-image-preview:large","max-video-preview":"max-video-preview:-1"},"canonical":"https:\/\/taxne.com\/pt\/produto\/shampoo-em-barra-triangular-para-revitalizacao-do-couro-cabeludo-thuja\/","og_locale":"pt_PT","og_type":"article","og_title":"Scalp Revival Shampoo Bar with Thuja - For Oily Scalp & Hair Growth | Taxne","og_description":"Struggling with oily scalp? Taxne's botanical bar features Oriental Thuja & Soapberry to deeply purify, balance oil production, and create an ideal environment for healthier hair. Vegan.","og_url":"https:\/\/taxne.com\/pt\/produto\/shampoo-em-barra-triangular-para-revitalizacao-do-couro-cabeludo-thuja\/","article_modified_time":"2026-03-17T02:37:55+00:00","og_image":[{"width":800,"height":800,"url":"https:\/\/taxne.com\/wp-content\/uploads\/2025\/09\/\u767d\u5e95-\u76d2.jpg","type":"image\/jpeg"}],"twitter_card":"summary_large_image","twitter_misc":{"Tempo estimado de leitura":"3 minutos"},"schema":{"@context":"https:\/\/schema.org","@graph":[{"@type":"WebPage","@id":"https:\/\/taxne.com\/product\/scalp-revival-thuja-shampoo-bar-triangle\/","url":"https:\/\/taxne.com\/product\/scalp-revival-thuja-shampoo-bar-triangle\/","name":"Shampoo em Barra para Revitaliza\u00e7\u00e3o do Couro Cabeludo com Thuja - Para Couro Cabeludo Oleoso e Crescimento Capilar | Taxne","isPartOf":{"@id":"https:\/\/taxne.com\/#website"},"primaryImageOfPage":{"@id":"https:\/\/taxne.com\/product\/scalp-revival-thuja-shampoo-bar-triangle\/#primaryimage"},"image":{"@id":"https:\/\/taxne.com\/product\/scalp-revival-thuja-shampoo-bar-triangle\/#primaryimage"},"thumbnailUrl":"https:\/\/taxne.com\/wp-content\/uploads\/2025\/09\/\u767d\u5e95-\u76d2.jpg","datePublished":"2025-09-09T07:05:40+00:00","dateModified":"2026-03-17T02:37:55+00:00","description":"Sofrendo com couro cabeludo oleoso? O sabonete bot\u00e2nico da Taxne cont\u00e9m Thuja Oriental e Saboneteira para purificar profundamente, equilibrar a produ\u00e7\u00e3o de oleosidade e criar o ambiente ideal para cabelos mais saud\u00e1veis. Vegano.","breadcrumb":{"@id":"https:\/\/taxne.com\/product\/scalp-revival-thuja-shampoo-bar-triangle\/#breadcrumb"},"inLanguage":"pt-PT","potentialAction":[{"@type":"ReadAction","target":["https:\/\/taxne.com\/product\/scalp-revival-thuja-shampoo-bar-triangle\/"]}]},{"@type":"ImageObject","inLanguage":"pt-PT","@id":"https:\/\/taxne.com\/product\/scalp-revival-thuja-shampoo-bar-triangle\/#primaryimage","url":"https:\/\/taxne.com\/wp-content\/uploads\/2025\/09\/\u767d\u5e95-\u76d2.jpg","contentUrl":"https:\/\/taxne.com\/wp-content\/uploads\/2025\/09\/\u767d\u5e95-\u76d2.jpg","width":800,"height":800,"caption":"Purifying Thuja & Soapberry Shampoo Bar for Oily Scalp Triangle"},{"@type":"BreadcrumbList","@id":"https:\/\/taxne.com\/product\/scalp-revival-thuja-shampoo-bar-triangle\/#breadcrumb","itemListElement":[{"@type":"ListItem","position":1,"name":"\u9996\u9875","item":"https:\/\/taxne.com\/"},{"@type":"ListItem","position":2,"name":"Shop","item":"https:\/\/taxne.com\/shop-2\/"},{"@type":"ListItem","position":3,"name":"Purifying Thuja &#038; Soapberry Shampoo Bar for Oily Scalp Triangle 100g"}]},{"@type":"WebSite","@id":"https:\/\/taxne.com\/#website","url":"https:\/\/taxne.com\/","name":"taxne. com","description":"","publisher":{"@id":"https:\/\/taxne.com\/#organization"},"potentialAction":[{"@type":"SearchAction","target":{"@type":"EntryPoint","urlTemplate":"https:\/\/taxne.com\/?s={search_term_string}"},"query-input":{"@type":"PropertyValueSpecification","valueRequired":true,"valueName":"search_term_string"}}],"inLanguage":"pt-PT"},{"@type":"Organization","@id":"https:\/\/taxne.com\/#organization","name":"taxne. com","url":"https:\/\/taxne.com\/","logo":{"@type":"ImageObject","inLanguage":"pt-PT","@id":"https:\/\/taxne.com\/#\/schema\/logo\/image\/","url":"https:\/\/taxne.com\/wp-content\/uploads\/2025\/09\/cropped-logo.png","contentUrl":"https:\/\/taxne.com\/wp-content\/uploads\/2025\/09\/cropped-logo.png","width":1027,"height":270,"caption":"taxne.com"},"image":{"@id":"https:\/\/taxne.com\/#\/schema\/logo\/image\/"}}]}},"uagb_featured_image_src":{"full":["https:\/\/taxne.com\/wp-content\/uploads\/2025\/09\/\u767d\u5e95-\u76d2.jpg",800,800,false],"thumbnail":["https:\/\/taxne.com\/wp-content\/uploads\/2025\/09\/\u767d\u5e95-\u76d2-150x150.jpg",150,150,true],"medium":["https:\/\/taxne.com\/wp-content\/uploads\/2025\/09\/\u767d\u5e95-\u76d2-300x300.jpg",300,300,true],"medium_large":["https:\/\/taxne.com\/wp-content\/uploads\/2025\/09\/\u767d\u5e95-\u76d2-768x768.jpg",768,768,true],"large":["https:\/\/taxne.com\/wp-content\/uploads\/2025\/09\/\u767d\u5e95-\u76d2.jpg",800,800,false],"1536x1536":["https:\/\/taxne.com\/wp-content\/uploads\/2025\/09\/\u767d\u5e95-\u76d2.jpg",800,800,false],"2048x2048":["https:\/\/taxne.com\/wp-content\/uploads\/2025\/09\/\u767d\u5e95-\u76d2.jpg",800,800,false],"trp-custom-language-flag":["https:\/\/taxne.com\/wp-content\/uploads\/2025\/09\/\u767d\u5e95-\u76d2-12x12.jpg",12,12,true],"woocommerce_thumbnail":["https:\/\/taxne.com\/wp-content\/uploads\/2025\/09\/\u767d\u5e95-\u76d2-300x300.jpg",300,300,true],"woocommerce_single":["https:\/\/taxne.com\/wp-content\/uploads\/2025\/09\/\u767d\u5e95-\u76d2-600x600.jpg",600,600,true],"woocommerce_gallery_thumbnail":["https:\/\/taxne.com\/wp-content\/uploads\/2025\/09\/\u767d\u5e95-\u76d2-100x100.jpg",100,100,true]},"uagb_author_info":{"display_name":"tianke1223@gmail.com","author_link":"https:\/\/taxne.com\/pt\/author\/"},"uagb_comment_info":0,"uagb_excerpt":"Scalp Revival Botanical Shampoo Bar with Oriental Thuja 100g The End of Oily Scalp. The Beginning of Balanced, Healthy Hair. At Taxne, we look to nature's most sophisticated solutions for inspiration.\u00a0The discovery of Paclitaxel (Taxol) from the Pacific Yew tree stands as a powerful testament to nature's incredible intelligence. It showed us that the solutions&hellip;","jetpack_sharing_enabled":true,"_links":{"self":[{"href":"https:\/\/taxne.com\/pt\/wp-json\/wp\/v2\/product\/8014","targetHints":{"allow":["GET"]}}],"collection":[{"href":"https:\/\/taxne.com\/pt\/wp-json\/wp\/v2\/product"}],"about":[{"href":"https:\/\/taxne.com\/pt\/wp-json\/wp\/v2\/types\/product"}],"replies":[{"embeddable":true,"href":"https:\/\/taxne.com\/pt\/wp-json\/wp\/v2\/comments?post=8014"}],"wp:featuredmedia":[{"embeddable":true,"href":"https:\/\/taxne.com\/pt\/wp-json\/wp\/v2\/media\/8021"}],"wp:attachment":[{"href":"https:\/\/taxne.com\/pt\/wp-json\/wp\/v2\/media?parent=8014"}],"wp:term":[{"taxonomy":"product_brand","embeddable":true,"href":"https:\/\/taxne.com\/pt\/wp-json\/wp\/v2\/product_brand?post=8014"},{"taxonomy":"product_cat","embeddable":true,"href":"https:\/\/taxne.com\/pt\/wp-json\/wp\/v2\/product_cat?post=8014"},{"taxonomy":"product_tag","embeddable":true,"href":"https:\/\/taxne.com\/pt\/wp-json\/wp\/v2\/product_tag?post=8014"}],"curies":[{"name":"wp","href":"https:\/\/api.w.org\/{rel}","templated":true}]}}