{"id":8022,"date":"2025-09-09T07:12:56","date_gmt":"2025-09-09T07:12:56","guid":{"rendered":"https:\/\/taxne.com\/?post_type=product&#038;p=8022"},"modified":"2026-03-04T02:24:52","modified_gmt":"2026-03-04T02:24:52","slug":"pure-biota-scalp-renewal-shampoo-bar","status":"publish","type":"product","link":"https:\/\/taxne.com\/pt\/produto\/barra-de-xampu-renovador-de-couro-cabeludo-pure-biota\/","title":{"rendered":"Barra de Shampoo Renovador do Couro Cabeludo Pure Biota 100g"},"content":{"rendered":"<p class=\"ds-markdown-paragraph\"><strong>Na Taxne, descobrimos as solu\u00e7\u00f5es inteligentes da natureza<\/strong>\u00a0\u2013 assim como o teixo do Pac\u00edfico revelou seus dons, n\u00f3s aproveitamos o poder purificador da Biota Oriental, uma \u00e1rvore reverenciada h\u00e1 s\u00e9culos em pr\u00e1ticas tradicionais de bem-estar.<\/p>\n<hr \/>\n<p class=\"ds-markdown-paragraph\"><strong>Seu couro cabeludo est\u00e1 pesado e desequilibrado?<\/strong><br \/>\nQuando o excesso de oleosidade e o ac\u00famulo de produtos pesam no seu cabelo, ele precisa de mais do que uma limpeza superficial \u2013 precisa de um reequil\u00edbrio bot\u00e2nico. Nossos artes\u00e3os criaram este shampoo em barra para tratar a causa raiz da oleosidade usando os agentes de limpeza naturais.<\/p>\n<p class=\"ds-markdown-paragraph\"><strong>A ci\u00eancia da limpeza natural:<\/strong><br \/>\n\u2022\u00a0<strong>Extrato de Biota Oriental<\/strong>\u00a0\u2013 adstringente natural que ajuda a regular a produ\u00e7\u00e3o de sebo<br \/>\n\u2022\u00a0<strong>Saboneteira e c\u00e1psula de sab\u00e3o<\/strong>\u00a0\u2013 cria uma espuma rica e suave sem remover os \u00f3leos naturais<br \/>\n\u2022\u00a0<strong>Fo-Ti e Amoreira<\/strong>\u00a0\u2013 nutre os fol\u00edculos capilares com prote\u00e7\u00e3o antioxidante<br \/>\n\u2022\u00a0<strong>\u00d3leo de semente de ch\u00e1 e \u00f3leo de r\u00edcino<\/strong>\u00a0\u2013 manter o equil\u00edbrio da hidrata\u00e7\u00e3o do couro cabeludo durante a limpeza<\/p>\n<p class=\"ds-markdown-paragraph\"><strong>Uma experi\u00eancia capilar transformadora:<\/strong><br \/>\nSinta a diferen\u00e7a imediata, pois nossa barra gera uma espuma cremosa que:<\/p>\n<ul>\n<li>\n<p class=\"ds-markdown-paragraph\">Dissolve o excesso de \u00f3leo e impurezas em segundos<\/p>\n<\/li>\n<li>\n<p class=\"ds-markdown-paragraph\">Deixa o couro cabeludo com uma sensa\u00e7\u00e3o de limpeza respir\u00e1vel, sem repuxar<\/p>\n<\/li>\n<li>\n<p class=\"ds-markdown-paragraph\">Proporciona deslizamento para desembara\u00e7ar facilmente e quebra m\u00ednima<\/p>\n<\/li>\n<li>\n<p class=\"ds-markdown-paragraph\">Proporciona brilho natural sem revestimentos sint\u00e9ticos<\/p>\n<\/li>\n<\/ul>\n<p class=\"ds-markdown-paragraph\"><strong>Criado para a beleza consciente:<\/strong><br \/>\nCada barra \u00e9 feita \u00e0 m\u00e3o e curada por 6 semanas, utilizando m\u00e9todos tradicionais que preservam a integridade bot\u00e2nica. Nunca utilizamos:<\/p>\n<ul>\n<li>\n<p class=\"ds-markdown-paragraph\">Sulfatos ou detergentes sint\u00e9ticos<\/p>\n<\/li>\n<li>\n<p class=\"ds-markdown-paragraph\">Revestimentos de silicone ou cera<\/p>\n<\/li>\n<li>\n<p class=\"ds-markdown-paragraph\">Fragr\u00e2ncias ou corantes artificiais<\/p>\n<\/li>\n<li>\n<p class=\"ds-markdown-paragraph\">Ingredientes de origem animal<\/p>\n<\/li>\n<\/ul>\n<p class=\"ds-markdown-paragraph\"><strong>Instru\u00e7\u00f5es de uso:<\/strong><\/p>\n<ol start=\"1\">\n<li>\n<p class=\"ds-markdown-paragraph\">Aplique diretamente no cabelo molhado ou fa\u00e7a espuma entre as palmas das m\u00e3os<\/p>\n<\/li>\n<li>\n<p class=\"ds-markdown-paragraph\">Massageie o couro cabeludo por 2 a 3 minutos para estimular a circula\u00e7\u00e3o<\/p>\n<\/li>\n<li>\n<p class=\"ds-markdown-paragraph\">Enx\u00e1gue bem com \u00e1gua fria para maior brilho<\/p>\n<\/li>\n<li>\n<p class=\"ds-markdown-paragraph\">Guarde no suporte para sab\u00e3o de drenagem entre os usos<\/p>\n<\/li>\n<\/ol>\n<p class=\"ds-markdown-paragraph\"><strong>Nota importante:<\/strong>\u00a0Embora a sabedoria popular celebre os benef\u00edcios do Biota, as experi\u00eancias individuais podem variar. Pessoas com problemas espec\u00edficos no couro cabeludo devem consultar profissionais de sa\u00fade.<\/p>\n<hr \/>\n<p class=\"ds-markdown-paragraph\"><strong>Por que esta barra deve fazer parte da sua rotina:<\/strong><br \/>\n\u00bb F\u00f3rmula sem pl\u00e1stico (economiza 3 frascos de xampu)<br \/>\n\u00bb A f\u00f3rmula concentrada dura de 2 a 3 meses com uso regular<br \/>\n\u00bb pH balanceado (5,5-6,5) para respeitar o ambiente natural do couro cabeludo<br \/>\n\u00bb Adequado para todos os tipos de cabelo que buscam controle de oleosidade<\/p>\n<p class=\"ds-markdown-paragraph\"><strong>A Promessa Taxne:<\/strong><br \/>\nCombinamos conhecimento bot\u00e2nico antigo com pr\u00e1ticas sustent\u00e1veis modernas para criar produtos eficazes e honestos que honram a natureza e o seu bem-estar.<\/p>\n<p class=\"ds-markdown-paragraph\"><strong>Descubra o equil\u00edbrio natural do seu couro cabeludo \u2192 Adicionar ao carrinho<\/strong><\/p>","protected":false},"excerpt":{"rendered":"<p class=\"ds-markdown-paragraph\"><strong>Barra de Shampoo Bot\u00e2nico Scalp Revival com Thuja Oriental<\/strong><\/p>\n<p class=\"ds-markdown-paragraph\"><strong>O fim do couro cabeludo oleoso. O come\u00e7o de um cabelo equilibrado e saud\u00e1vel.<\/strong><\/p>\n<p class=\"ds-markdown-paragraph\"><strong>Na Taxne, buscamos inspira\u00e7\u00e3o nas solu\u00e7\u00f5es mais sofisticadas da natureza.<\/strong>\u00a0A descoberta do Paclitaxel (Taxol) no teixo-do-pac\u00edfico \u00e9 um poderoso testemunho da incr\u00edvel intelig\u00eancia da natureza. Mostrou-nos que as solu\u00e7\u00f5es para os nossos desafios mais complexos podem ser encontradas no mundo bot\u00e2nico.<\/p>\n<p class=\"ds-markdown-paragraph\"><strong>A Promessa Taxne: Pura, Potente e Consciente.<\/strong><\/p>\n<ul>\n<li>\n<p class=\"ds-markdown-paragraph\"><strong>Feito \u00e0 m\u00e3o com bot\u00e2nicos naturais<\/strong><\/p>\n<\/li>\n<li>\n<p class=\"ds-markdown-paragraph\"><strong>Vegano e livre de crueldade<\/strong><\/p>\n<\/li>\n<li>\n<p class=\"ds-markdown-paragraph\"><strong>Ingredientes de origem sustent\u00e1vel<\/strong><\/p>\n<\/li>\n<li>\n<p class=\"ds-markdown-paragraph\">** livre de:** Sulfatos, Silicones, Parabenos, Fragr\u00e2ncias Sint\u00e9ticas<\/p>\n<\/li>\n<\/ul>\n<p>&nbsp;<\/p>","protected":false},"featured_media":8032,"comment_status":"open","ping_status":"closed","template":"","meta":{"_uag_custom_page_level_css":"","site-sidebar-layout":"default","site-content-layout":"","ast-site-content-layout":"default","site-content-style":"default","site-sidebar-style":"default","ast-global-header-display":"","ast-banner-title-visibility":"","ast-main-header-display":"","ast-hfb-above-header-display":"","ast-hfb-below-header-display":"","ast-hfb-mobile-header-display":"","site-post-title":"","ast-breadcrumbs-content":"","ast-featured-img":"","footer-sml-layout":"","ast-disable-related-posts":"","theme-transparent-header-meta":"default","adv-header-id-meta":"","stick-header-meta":"","header-above-stick-meta":"","header-main-stick-meta":"","header-below-stick-meta":"","astra-migrate-meta-layouts":"set","ast-page-background-enabled":"default","ast-page-background-meta":{"desktop":{"background-color":"","background-image":"","background-repeat":"repeat","background-position":"center center","background-size":"auto","background-attachment":"scroll","background-type":"","background-media":"","overlay-type":"","overlay-color":"","overlay-opacity":"","overlay-gradient":""},"tablet":{"background-color":"","background-image":"","background-repeat":"repeat","background-position":"center center","background-size":"auto","background-attachment":"scroll","background-type":"","background-media":"","overlay-type":"","overlay-color":"","overlay-opacity":"","overlay-gradient":""},"mobile":{"background-color":"","background-image":"","background-repeat":"repeat","background-position":"center center","background-size":"auto","background-attachment":"scroll","background-type":"","background-media":"","overlay-type":"","overlay-color":"","overlay-opacity":"","overlay-gradient":""}},"ast-content-background-meta":{"desktop":{"background-color":"var(--ast-global-color-5)","background-image":"","background-repeat":"repeat","background-position":"center center","background-size":"auto","background-attachment":"scroll","background-type":"","background-media":"","overlay-type":"","overlay-color":"","overlay-opacity":"","overlay-gradient":""},"tablet":{"background-color":"var(--ast-global-color-5)","background-image":"","background-repeat":"repeat","background-position":"center center","background-size":"auto","background-attachment":"scroll","background-type":"","background-media":"","overlay-type":"","overlay-color":"","overlay-opacity":"","overlay-gradient":""},"mobile":{"background-color":"var(--ast-global-color-5)","background-image":"","background-repeat":"repeat","background-position":"center center","background-size":"auto","background-attachment":"scroll","background-type":"","background-media":"","overlay-type":"","overlay-color":"","overlay-opacity":"","overlay-gradient":""}}},"product_brand":[],"product_cat":[15],"product_tag":[69,74,68,77,75,71,70,76,73,72],"class_list":{"0":"post-8022","1":"product","2":"type-product","3":"status-publish","4":"has-post-thumbnail","6":"product_cat-herbs-soap","7":"product_tag-biota-shampoo-bar","8":"product_tag-botanical-scalp-scrub","9":"product_tag-chinese-herbal-shampoo","10":"product_tag-hair-follicle-cleanse","11":"product_tag-handmade-shampoo-bar","12":"product_tag-natural-dandruff-control","13":"product_tag-oily-scalp-treatment","14":"product_tag-scalp-detox","15":"product_tag-sulfate-free-hair-care","16":"product_tag-vegan-shampoo","17":"desktop-align-left","18":"tablet-align-left","19":"mobile-align-left","21":"first","22":"instock","23":"sale","24":"featured","25":"shipping-taxable","26":"purchasable","27":"product-type-simple"},"yoast_head":"<!-- This site is optimized with the Yoast SEO plugin v27.3 - https:\/\/yoast.com\/product\/yoast-seo-wordpress\/ -->\n<title>Pure Biota Scalp Renewal Shampoo Bar - For Oily Scalp &amp; Hair Vitality | Taxne<\/title>\n<meta name=\"description\" content=\"Experience the deep cleansing power of Oriental Biota with our artisan shampoo bar. Formulated with 10+ botanical extracts to balance scalp oil production, reduce greasiness, and promote healthier-looking hair. Vegan, sulfate-free, and handcrafted.\" \/>\n<meta name=\"robots\" content=\"index, follow, max-snippet:-1, max-image-preview:large, max-video-preview:-1\" \/>\n<link rel=\"canonical\" href=\"https:\/\/taxne.com\/pt\/produto\/barra-de-xampu-renovador-de-couro-cabeludo-pure-biota\/\" \/>\n<meta property=\"og:locale\" content=\"pt_PT\" \/>\n<meta property=\"og:type\" content=\"article\" \/>\n<meta property=\"og:title\" content=\"Pure Biota Scalp Renewal Shampoo Bar - For Oily Scalp &amp; Hair Vitality | Taxne\" \/>\n<meta property=\"og:description\" content=\"Experience the deep cleansing power of Oriental Biota with our artisan shampoo bar. Formulated with 10+ botanical extracts to balance scalp oil production, reduce greasiness, and promote healthier-looking hair. Vegan, sulfate-free, and handcrafted.\" \/>\n<meta property=\"og:url\" content=\"https:\/\/taxne.com\/pt\/produto\/barra-de-xampu-renovador-de-couro-cabeludo-pure-biota\/\" \/>\n<meta property=\"article:modified_time\" content=\"2026-03-04T02:24:52+00:00\" \/>\n<meta property=\"og:image\" content=\"https:\/\/taxne.com\/wp-content\/uploads\/2025\/09\/ef51ca26-c8c2-4a19-8aaa-079386c46749.png\" \/>\n\t<meta property=\"og:image:width\" content=\"609\" \/>\n\t<meta property=\"og:image:height\" content=\"558\" \/>\n\t<meta property=\"og:image:type\" content=\"image\/png\" \/>\n<meta name=\"twitter:card\" content=\"summary_large_image\" \/>\n<meta name=\"twitter:label1\" content=\"Tempo estimado de leitura\" \/>\n\t<meta name=\"twitter:data1\" content=\"3 minutos\" \/>\n<script type=\"application\/ld+json\" class=\"yoast-schema-graph\">{\"@context\":\"https:\\\/\\\/schema.org\",\"@graph\":[{\"@type\":\"WebPage\",\"@id\":\"https:\\\/\\\/taxne.com\\\/product\\\/pure-biota-scalp-renewal-shampoo-bar\\\/\",\"url\":\"https:\\\/\\\/taxne.com\\\/product\\\/pure-biota-scalp-renewal-shampoo-bar\\\/\",\"name\":\"Pure Biota Scalp Renewal Shampoo Bar - For Oily Scalp & Hair Vitality | Taxne\",\"isPartOf\":{\"@id\":\"https:\\\/\\\/taxne.com\\\/#website\"},\"primaryImageOfPage\":{\"@id\":\"https:\\\/\\\/taxne.com\\\/product\\\/pure-biota-scalp-renewal-shampoo-bar\\\/#primaryimage\"},\"image\":{\"@id\":\"https:\\\/\\\/taxne.com\\\/product\\\/pure-biota-scalp-renewal-shampoo-bar\\\/#primaryimage\"},\"thumbnailUrl\":\"https:\\\/\\\/taxne.com\\\/wp-content\\\/uploads\\\/2025\\\/09\\\/ef51ca26-c8c2-4a19-8aaa-079386c46749.png\",\"datePublished\":\"2025-09-09T07:12:56+00:00\",\"dateModified\":\"2026-03-04T02:24:52+00:00\",\"description\":\"Experience the deep cleansing power of Oriental Biota with our artisan shampoo bar. Formulated with 10+ botanical extracts to balance scalp oil production, reduce greasiness, and promote healthier-looking hair. Vegan, sulfate-free, and handcrafted.\",\"breadcrumb\":{\"@id\":\"https:\\\/\\\/taxne.com\\\/product\\\/pure-biota-scalp-renewal-shampoo-bar\\\/#breadcrumb\"},\"inLanguage\":\"pt-PT\",\"potentialAction\":[{\"@type\":\"ReadAction\",\"target\":[\"https:\\\/\\\/taxne.com\\\/product\\\/pure-biota-scalp-renewal-shampoo-bar\\\/\"]}]},{\"@type\":\"ImageObject\",\"inLanguage\":\"pt-PT\",\"@id\":\"https:\\\/\\\/taxne.com\\\/product\\\/pure-biota-scalp-renewal-shampoo-bar\\\/#primaryimage\",\"url\":\"https:\\\/\\\/taxne.com\\\/wp-content\\\/uploads\\\/2025\\\/09\\\/ef51ca26-c8c2-4a19-8aaa-079386c46749.png\",\"contentUrl\":\"https:\\\/\\\/taxne.com\\\/wp-content\\\/uploads\\\/2025\\\/09\\\/ef51ca26-c8c2-4a19-8aaa-079386c46749.png\",\"width\":609,\"height\":558,\"caption\":\"Pure Biota Scalp Renewal Shampoo Bar 100g\"},{\"@type\":\"BreadcrumbList\",\"@id\":\"https:\\\/\\\/taxne.com\\\/product\\\/pure-biota-scalp-renewal-shampoo-bar\\\/#breadcrumb\",\"itemListElement\":[{\"@type\":\"ListItem\",\"position\":1,\"name\":\"\u9996\u9875\",\"item\":\"https:\\\/\\\/taxne.com\\\/\"},{\"@type\":\"ListItem\",\"position\":2,\"name\":\"Shop\",\"item\":\"https:\\\/\\\/taxne.com\\\/shop-2\\\/\"},{\"@type\":\"ListItem\",\"position\":3,\"name\":\"Pure Biota Scalp Renewal Shampoo Bar 100g\"}]},{\"@type\":\"WebSite\",\"@id\":\"https:\\\/\\\/taxne.com\\\/#website\",\"url\":\"https:\\\/\\\/taxne.com\\\/\",\"name\":\"taxne.com\",\"description\":\"\",\"publisher\":{\"@id\":\"https:\\\/\\\/taxne.com\\\/#organization\"},\"potentialAction\":[{\"@type\":\"SearchAction\",\"target\":{\"@type\":\"EntryPoint\",\"urlTemplate\":\"https:\\\/\\\/taxne.com\\\/?s={search_term_string}\"},\"query-input\":{\"@type\":\"PropertyValueSpecification\",\"valueRequired\":true,\"valueName\":\"search_term_string\"}}],\"inLanguage\":\"pt-PT\"},{\"@type\":\"Organization\",\"@id\":\"https:\\\/\\\/taxne.com\\\/#organization\",\"name\":\"taxne.com\",\"url\":\"https:\\\/\\\/taxne.com\\\/\",\"logo\":{\"@type\":\"ImageObject\",\"inLanguage\":\"pt-PT\",\"@id\":\"https:\\\/\\\/taxne.com\\\/#\\\/schema\\\/logo\\\/image\\\/\",\"url\":\"https:\\\/\\\/taxne.com\\\/wp-content\\\/uploads\\\/2025\\\/09\\\/cropped-logo.png\",\"contentUrl\":\"https:\\\/\\\/taxne.com\\\/wp-content\\\/uploads\\\/2025\\\/09\\\/cropped-logo.png\",\"width\":1027,\"height\":270,\"caption\":\"taxne.com\"},\"image\":{\"@id\":\"https:\\\/\\\/taxne.com\\\/#\\\/schema\\\/logo\\\/image\\\/\"}}]}<\/script>\n<!-- \/ Yoast SEO plugin. -->","yoast_head_json":{"title":"Shampoo em Barra Pure Biota Scalp Renewal - Para Couro Cabeludo Oleoso e Vitalidade Capilar | Taxne","description":"Experimente o poder de limpeza profunda do Oriental Biota com nosso shampoo em barra artesanal. Formulado com mais de 10 extratos bot\u00e2nicos para equilibrar a produ\u00e7\u00e3o de \u00f3leo do couro cabeludo, reduzir a oleosidade e promover cabelos com apar\u00eancia mais saud\u00e1vel. Vegano, sem sulfato e feito \u00e0 m\u00e3o.","robots":{"index":"index","follow":"follow","max-snippet":"max-snippet:-1","max-image-preview":"max-image-preview:large","max-video-preview":"max-video-preview:-1"},"canonical":"https:\/\/taxne.com\/pt\/produto\/barra-de-xampu-renovador-de-couro-cabeludo-pure-biota\/","og_locale":"pt_PT","og_type":"article","og_title":"Pure Biota Scalp Renewal Shampoo Bar - For Oily Scalp & Hair Vitality | Taxne","og_description":"Experience the deep cleansing power of Oriental Biota with our artisan shampoo bar. Formulated with 10+ botanical extracts to balance scalp oil production, reduce greasiness, and promote healthier-looking hair. Vegan, sulfate-free, and handcrafted.","og_url":"https:\/\/taxne.com\/pt\/produto\/barra-de-xampu-renovador-de-couro-cabeludo-pure-biota\/","article_modified_time":"2026-03-04T02:24:52+00:00","og_image":[{"width":609,"height":558,"url":"https:\/\/taxne.com\/wp-content\/uploads\/2025\/09\/ef51ca26-c8c2-4a19-8aaa-079386c46749.png","type":"image\/png"}],"twitter_card":"summary_large_image","twitter_misc":{"Tempo estimado de leitura":"3 minutos"},"schema":{"@context":"https:\/\/schema.org","@graph":[{"@type":"WebPage","@id":"https:\/\/taxne.com\/product\/pure-biota-scalp-renewal-shampoo-bar\/","url":"https:\/\/taxne.com\/product\/pure-biota-scalp-renewal-shampoo-bar\/","name":"Shampoo em Barra Pure Biota Scalp Renewal - Para Couro Cabeludo Oleoso e Vitalidade Capilar | Taxne","isPartOf":{"@id":"https:\/\/taxne.com\/#website"},"primaryImageOfPage":{"@id":"https:\/\/taxne.com\/product\/pure-biota-scalp-renewal-shampoo-bar\/#primaryimage"},"image":{"@id":"https:\/\/taxne.com\/product\/pure-biota-scalp-renewal-shampoo-bar\/#primaryimage"},"thumbnailUrl":"https:\/\/taxne.com\/wp-content\/uploads\/2025\/09\/ef51ca26-c8c2-4a19-8aaa-079386c46749.png","datePublished":"2025-09-09T07:12:56+00:00","dateModified":"2026-03-04T02:24:52+00:00","description":"Experimente o poder de limpeza profunda do Oriental Biota com nosso shampoo em barra artesanal. Formulado com mais de 10 extratos bot\u00e2nicos para equilibrar a produ\u00e7\u00e3o de \u00f3leo do couro cabeludo, reduzir a oleosidade e promover cabelos com apar\u00eancia mais saud\u00e1vel. Vegano, sem sulfato e feito \u00e0 m\u00e3o.","breadcrumb":{"@id":"https:\/\/taxne.com\/product\/pure-biota-scalp-renewal-shampoo-bar\/#breadcrumb"},"inLanguage":"pt-PT","potentialAction":[{"@type":"ReadAction","target":["https:\/\/taxne.com\/product\/pure-biota-scalp-renewal-shampoo-bar\/"]}]},{"@type":"ImageObject","inLanguage":"pt-PT","@id":"https:\/\/taxne.com\/product\/pure-biota-scalp-renewal-shampoo-bar\/#primaryimage","url":"https:\/\/taxne.com\/wp-content\/uploads\/2025\/09\/ef51ca26-c8c2-4a19-8aaa-079386c46749.png","contentUrl":"https:\/\/taxne.com\/wp-content\/uploads\/2025\/09\/ef51ca26-c8c2-4a19-8aaa-079386c46749.png","width":609,"height":558,"caption":"Pure Biota Scalp Renewal Shampoo Bar 100g"},{"@type":"BreadcrumbList","@id":"https:\/\/taxne.com\/product\/pure-biota-scalp-renewal-shampoo-bar\/#breadcrumb","itemListElement":[{"@type":"ListItem","position":1,"name":"\u9996\u9875","item":"https:\/\/taxne.com\/"},{"@type":"ListItem","position":2,"name":"Shop","item":"https:\/\/taxne.com\/shop-2\/"},{"@type":"ListItem","position":3,"name":"Pure Biota Scalp Renewal Shampoo Bar 100g"}]},{"@type":"WebSite","@id":"https:\/\/taxne.com\/#website","url":"https:\/\/taxne.com\/","name":"taxne. com","description":"","publisher":{"@id":"https:\/\/taxne.com\/#organization"},"potentialAction":[{"@type":"SearchAction","target":{"@type":"EntryPoint","urlTemplate":"https:\/\/taxne.com\/?s={search_term_string}"},"query-input":{"@type":"PropertyValueSpecification","valueRequired":true,"valueName":"search_term_string"}}],"inLanguage":"pt-PT"},{"@type":"Organization","@id":"https:\/\/taxne.com\/#organization","name":"taxne. com","url":"https:\/\/taxne.com\/","logo":{"@type":"ImageObject","inLanguage":"pt-PT","@id":"https:\/\/taxne.com\/#\/schema\/logo\/image\/","url":"https:\/\/taxne.com\/wp-content\/uploads\/2025\/09\/cropped-logo.png","contentUrl":"https:\/\/taxne.com\/wp-content\/uploads\/2025\/09\/cropped-logo.png","width":1027,"height":270,"caption":"taxne.com"},"image":{"@id":"https:\/\/taxne.com\/#\/schema\/logo\/image\/"}}]}},"uagb_featured_image_src":{"full":["https:\/\/taxne.com\/wp-content\/uploads\/2025\/09\/ef51ca26-c8c2-4a19-8aaa-079386c46749.png",609,558,false],"thumbnail":["https:\/\/taxne.com\/wp-content\/uploads\/2025\/09\/ef51ca26-c8c2-4a19-8aaa-079386c46749-150x150.png",150,150,true],"medium":["https:\/\/taxne.com\/wp-content\/uploads\/2025\/09\/ef51ca26-c8c2-4a19-8aaa-079386c46749-300x275.png",300,275,true],"medium_large":["https:\/\/taxne.com\/wp-content\/uploads\/2025\/09\/ef51ca26-c8c2-4a19-8aaa-079386c46749.png",609,558,false],"large":["https:\/\/taxne.com\/wp-content\/uploads\/2025\/09\/ef51ca26-c8c2-4a19-8aaa-079386c46749.png",609,558,false],"1536x1536":["https:\/\/taxne.com\/wp-content\/uploads\/2025\/09\/ef51ca26-c8c2-4a19-8aaa-079386c46749.png",609,558,false],"2048x2048":["https:\/\/taxne.com\/wp-content\/uploads\/2025\/09\/ef51ca26-c8c2-4a19-8aaa-079386c46749.png",609,558,false],"trp-custom-language-flag":["https:\/\/taxne.com\/wp-content\/uploads\/2025\/09\/ef51ca26-c8c2-4a19-8aaa-079386c46749-13x12.png",13,12,true],"woocommerce_thumbnail":["https:\/\/taxne.com\/wp-content\/uploads\/2025\/09\/ef51ca26-c8c2-4a19-8aaa-079386c46749-300x300.png",300,300,true],"woocommerce_single":["https:\/\/taxne.com\/wp-content\/uploads\/2025\/09\/ef51ca26-c8c2-4a19-8aaa-079386c46749-600x550.png",600,550,true],"woocommerce_gallery_thumbnail":["https:\/\/taxne.com\/wp-content\/uploads\/2025\/09\/ef51ca26-c8c2-4a19-8aaa-079386c46749-100x100.png",100,100,true]},"uagb_author_info":{"display_name":"tianke1223@gmail.com","author_link":"https:\/\/taxne.com\/pt\/author\/"},"uagb_comment_info":0,"uagb_excerpt":"Scalp Revival Botanical Shampoo Bar with Oriental Thuja The End of Oily Scalp. The Beginning of Balanced, Healthy Hair. At Taxne, we look to nature's most sophisticated solutions for inspiration.\u00a0The discovery of Paclitaxel (Taxol) from the Pacific Yew tree stands as a powerful testament to nature's incredible intelligence. It showed us that the solutions to&hellip;","jetpack_sharing_enabled":true,"_links":{"self":[{"href":"https:\/\/taxne.com\/pt\/wp-json\/wp\/v2\/product\/8022","targetHints":{"allow":["GET"]}}],"collection":[{"href":"https:\/\/taxne.com\/pt\/wp-json\/wp\/v2\/product"}],"about":[{"href":"https:\/\/taxne.com\/pt\/wp-json\/wp\/v2\/types\/product"}],"replies":[{"embeddable":true,"href":"https:\/\/taxne.com\/pt\/wp-json\/wp\/v2\/comments?post=8022"}],"wp:featuredmedia":[{"embeddable":true,"href":"https:\/\/taxne.com\/pt\/wp-json\/wp\/v2\/media\/8032"}],"wp:attachment":[{"href":"https:\/\/taxne.com\/pt\/wp-json\/wp\/v2\/media?parent=8022"}],"wp:term":[{"taxonomy":"product_brand","embeddable":true,"href":"https:\/\/taxne.com\/pt\/wp-json\/wp\/v2\/product_brand?post=8022"},{"taxonomy":"product_cat","embeddable":true,"href":"https:\/\/taxne.com\/pt\/wp-json\/wp\/v2\/product_cat?post=8022"},{"taxonomy":"product_tag","embeddable":true,"href":"https:\/\/taxne.com\/pt\/wp-json\/wp\/v2\/product_tag?post=8022"}],"curies":[{"name":"wp","href":"https:\/\/api.w.org\/{rel}","templated":true}]}}