{"id":8081,"date":"2025-09-09T08:35:41","date_gmt":"2025-09-09T08:35:41","guid":{"rendered":"https:\/\/taxne.com\/?post_type=product&#038;p=8081"},"modified":"2026-03-04T02:24:52","modified_gmt":"2026-03-04T02:24:52","slug":"dendrobium-elite-shampoo-bar","status":"publish","type":"product","link":"https:\/\/taxne.com\/pt\/produto\/barra-de-xampu-dendrobium-elite\/","title":{"rendered":"Shampoo em barra fortalecedor capilar Dendrobium Elite 100g"},"content":{"rendered":"<p class=\"ds-markdown-paragraph\"><strong>Onde bot\u00e2nicos raros encontram a ci\u00eancia moderna do cabelo<\/strong><br \/>\nNa Taxne, buscamos os ingredientes mais preciosos da natureza para solucionar os problemas capilares modernos. Nossa Barra Dendrobium Elite combina uma das plantas medicinais mais reverenciadas da \u00c1sia com tecnologia de ponta em amino\u00e1cidos para um cabelo com for\u00e7a sem precedentes.<\/p>\n<p class=\"ds-markdown-paragraph\">resultados de henking.<\/p>\n<hr \/>\n<p class=\"ds-markdown-paragraph\"><strong>A quebra e o afinamento do cabelo roubam sua confian\u00e7a?<\/strong><br \/>\nQuando cada pincelada deixa fios quebrados e as \u00e1reas afinadas ficam mais vis\u00edveis, \u00e9 hora de encontrar uma solu\u00e7\u00e3o que aborde a causa raiz. Nossa f\u00f3rmula com dendrobium n\u00e3o apenas limpa, como tamb\u00e9m fortalece e revitaliza ativamente da raiz \u00e0s pontas.<\/p>\n<p class=\"ds-markdown-paragraph\"><strong>O poder dos bot\u00e2nicos raros:<\/strong><br \/>\n\u2022\u00a0<strong>Dendrobium Officinale (\u94c1\u76ae\u77f3\u659b)<\/strong>: Conhecida como a \u201cerva da imortalidade\u201d, rica em polissacar\u00eddeos e antioxidantes que ajudam a fortalecer a estrutura do cabelo<br \/>\n\u2022\u00a0<strong>Raiz de Ginseng Asi\u00e1tico<\/strong>: Fornece nutrientes vitais aos fol\u00edculos capilares e melhora a circula\u00e7\u00e3o do couro cabeludo<br \/>\n\u2022\u00a0<strong>Raiz Fo-Ti (\u4f55\u9996\u4e4c)<\/strong>: Tradicionalmente usado para aumentar a resili\u00eancia e a espessura do cabelo<br \/>\n\u2022\u00a0<strong>Rhodiola Rosea (\u7ea2\u666f\u5929)<\/strong>: Ajuda a proteger o cabelo dos estressores ambientais<br \/>\n\u2022\u00a0<strong>Extrato de Alecrim<\/strong>: Promove um ambiente saud\u00e1vel para o couro cabeludo e o crescimento do cabelo<strong style=\"font-size: 16px;\">Por que esta f\u00f3rmula de elite oferece resultados:<\/strong><\/p>\n<p class=\"ds-markdown-paragraph\">\u2192\u00a0<strong>Reduz a quebra em 78%<\/strong>*: Fortalece a integridade da haste capilar de dentro para fora<br \/>\n\u2192\u00a0<strong>Adiciona densidade vis\u00edvel<\/strong>: Mistura bot\u00e2nica promove cabelos com apar\u00eancia mais cheia<br \/>\n\u2192\u00a0<strong>Melhora a elasticidade<\/strong>: O cabelo fica mais resistente aos danos causados pelo penteado<br \/>\n\u2192\u00a0<strong>Equilibra o ambiente do couro cabeludo<\/strong>: Cria condi\u00e7\u00f5es \u00f3timas para um crescimento saud\u00e1vel<br \/>\n\u2192\u00a0<strong>Experi\u00eancia de Luxo<\/strong>:Espuma rica e cremosa com aroma sofisticado de ervas<\/p>\n<p class=\"ds-markdown-paragraph\">*Com base em um estudo de 8 semanas com consumidores medindo a redu\u00e7\u00e3o na quebra durante o pentear<\/p>\n<p class=\"ds-markdown-paragraph\"><strong>Sua jornada para cabelos mais fortes:<\/strong><br \/>\n<strong>Semana 1<\/strong>: Observe significativamente menos pelos na escova ap\u00f3s a modelagem<br \/>\n<strong>Semana 2-3<\/strong>: Veja volume melhorado e quebra reduzida durante a lavagem<br \/>\n<strong>Semana 4-8<\/strong>: Desfrute de cabelos visivelmente mais fortes e que mant\u00eam melhor o estilo<br \/>\n<strong>Em andamento<\/strong>: Mantenha o cabelo resiliente e com apar\u00eancia encorpada com uso regular<\/p>\n<p class=\"ds-markdown-paragraph\"><strong>Guia de aplica\u00e7\u00e3o especializada:<\/strong><\/p>\n<ol start=\"1\">\n<li>\n<p class=\"ds-markdown-paragraph\"><strong>Prepara\u00e7\u00e3o<\/strong>: Desembarace o cabelo antes de lav\u00e1-lo para minimizar a quebra<\/p>\n<\/li>\n<li>\n<p class=\"ds-markdown-paragraph\"><strong>Ensaboando<\/strong>: Use \u00e1gua morna e crie uma espuma rica com a escova de xampu<\/p>\n<\/li>\n<li>\n<p class=\"ds-markdown-paragraph\"><strong>Tratamento<\/strong>: Massageie no couro cabeludo por 3-4 minutos para estimular a circula\u00e7\u00e3o<\/p>\n<\/li>\n<li>\n<p class=\"ds-markdown-paragraph\"><strong>Lavagem<\/strong>: Passe mais tempo garantindo um enx\u00e1gue completo da raiz \u00e0s pontas<\/p>\n<\/li>\n<li>\n<p class=\"ds-markdown-paragraph\"><strong>Freq\u00fc\u00eancia<\/strong>:<\/p>\n<ul>\n<li>\n<p class=\"ds-markdown-paragraph\">Para melhores resultados: use 3 a 4 vezes por semana<\/p>\n<\/li>\n<li>\n<p class=\"ds-markdown-paragraph\">Manuten\u00e7\u00e3o: 2 a 3 vezes por semana ap\u00f3s as 8 semanas iniciais<\/p>\n<\/li>\n<\/ul>\n<\/li>\n<\/ol>\n<p class=\"ds-markdown-paragraph\"><strong>Notas importantes de uso:<\/strong><br \/>\n\u2022\u00a0<strong>Sempre realize o teste de remendo<\/strong>\u00a0antes do primeiro uso devido ao potente conte\u00fado bot\u00e2nico<br \/>\n\u2022 Aguarde de 4 a 6 semanas para obter resultados de fortalecimento percept\u00edveis<br \/>\n\u2022 Complemente com escova\u00e7\u00e3o suave e modelagem com calor m\u00ednimo<br \/>\n\u2022 Armazene em saboneteira seca e bem ventilada entre os usos<\/p>\n<p class=\"ds-markdown-paragraph\"><strong>Nossa promessa de formula\u00e7\u00e3o premium:<\/strong><br \/>\nNunca comprometemos:<\/p>\n<ul>\n<li>\n<p class=\"ds-markdown-paragraph\">Sulfatos ou detergentes agressivos<\/p>\n<\/li>\n<li>\n<p class=\"ds-markdown-paragraph\">Silicones e revestimentos sint\u00e9ticos<\/p>\n<\/li>\n<li>\n<p class=\"ds-markdown-paragraph\">Fragr\u00e2ncias artificiais<\/p>\n<\/li>\n<li>\n<p class=\"ds-markdown-paragraph\">Ingredientes de origem animal<\/p>\n<\/li>\n<li>\n<p class=\"ds-markdown-paragraph\">Embalagem pl\u00e1stica<\/p>\n<\/li>\n<\/ul>\n<p class=\"ds-markdown-paragraph\"><strong>Ideal para quem procura:<\/strong><br \/>\n\u221a Solu\u00e7\u00e3o para quebra e afinamento capilar<br \/>\n\u221a Tratamento capilar bot\u00e2nico premium<br \/>\n\u221a Cuidado capilar natural com resultados comprovados<br \/>\n\u221a Experi\u00eancia de luxo sustent\u00e1vel<br \/>\n\u221a Efic\u00e1cia cl\u00ednica com ingredientes naturais<\/p>\n<p class=\"ds-markdown-paragraph\"><strong>Compromisso de Sustentabilidade:<\/strong><br \/>\nCada barra cont\u00e9m dendrobium colhido na natureza de fontes sustent\u00e1veis e \u00e9 embalada em materiais 100% livres de pl\u00e1stico e compost\u00e1veis em casa.<\/p>\n<p class=\"ds-markdown-paragraph\"><strong>Experimente a diferen\u00e7a do Dendrobium \u2192 Adicionar ao carrinho<\/strong><\/p>\n<hr \/>\n<p class=\"ds-markdown-paragraph\"><strong>Observa\u00e7\u00e3o:<\/strong>\u00a0Embora o uso tradicional contribua para as propriedades fortalecedoras do dendrobium, os resultados individuais podem variar. Este produto destina-se apenas ao uso cosm\u00e9tico. Para preocupa\u00e7\u00f5es capilares espec\u00edficas, consulte um dermatologista. Sempre fa\u00e7a um teste em uma pequena \u00e1rea antes da aplica\u00e7\u00e3o completa. Resultados baseados em um estudo de 8 semanas com 50 participantes.<\/p>","protected":false},"excerpt":{"rendered":"<p class=\"ds-markdown-paragraph\"><strong>Onde bot\u00e2nicos raros encontram a ci\u00eancia moderna do cabelo<\/strong><br \/>\nNa Taxne, buscamos os ingredientes mais preciosos da natureza para solucionar os problemas capilares modernos. Nossa Barra Dendrobium Elite combina uma das plantas medicinais mais reverenciadas da \u00c1sia com tecnologia de ponta em amino\u00e1cidos para resultados de fortalecimento capilar sem precedentes.<\/p>\n<p class=\"ds-markdown-paragraph\"><strong>O poder dos bot\u00e2nicos raros:<\/strong><br \/>\n\u2022\u00a0<strong>Dendrobium Officinale (\u94c1\u76ae\u77f3\u659b)<\/strong>: Conhecida como a \u201cerva da imortalidade\u201d, rica em polissacar\u00eddeos e antioxidantes que ajudam a fortalecer a estrutura do cabelo<br \/>\n\u2022\u00a0<strong>Raiz de Ginseng Asi\u00e1tico<\/strong>: Fornece nutrientes vitais aos fol\u00edculos capilares e melhora a circula\u00e7\u00e3o do couro cabeludo<br \/>\n\u2022\u00a0<strong>Raiz Fo-Ti (\u4f55\u9996\u4e4c)<\/strong>: Tradicionalmente usado para aumentar a resili\u00eancia e a espessura do cabelo<br \/>\n\u2022\u00a0<strong>Rhodiola Rosea (\u7ea2\u666f\u5929)<\/strong>: Ajuda a proteger o cabelo dos estressores ambientais<br \/>\n\u2022\u00a0<strong>Extrato de Alecrim<\/strong>: Promove um ambiente saud\u00e1vel para o couro cabeludo e o crescimento do cabelo<\/p>","protected":false},"featured_media":8092,"comment_status":"open","ping_status":"closed","template":"","meta":{"_uag_custom_page_level_css":"","site-sidebar-layout":"default","site-content-layout":"","ast-site-content-layout":"default","site-content-style":"default","site-sidebar-style":"default","ast-global-header-display":"","ast-banner-title-visibility":"","ast-main-header-display":"","ast-hfb-above-header-display":"","ast-hfb-below-header-display":"","ast-hfb-mobile-header-display":"","site-post-title":"","ast-breadcrumbs-content":"","ast-featured-img":"","footer-sml-layout":"","ast-disable-related-posts":"","theme-transparent-header-meta":"default","adv-header-id-meta":"","stick-header-meta":"","header-above-stick-meta":"","header-main-stick-meta":"","header-below-stick-meta":"","astra-migrate-meta-layouts":"set","ast-page-background-enabled":"default","ast-page-background-meta":{"desktop":{"background-color":"","background-image":"","background-repeat":"repeat","background-position":"center center","background-size":"auto","background-attachment":"scroll","background-type":"","background-media":"","overlay-type":"","overlay-color":"","overlay-opacity":"","overlay-gradient":""},"tablet":{"background-color":"","background-image":"","background-repeat":"repeat","background-position":"center center","background-size":"auto","background-attachment":"scroll","background-type":"","background-media":"","overlay-type":"","overlay-color":"","overlay-opacity":"","overlay-gradient":""},"mobile":{"background-color":"","background-image":"","background-repeat":"repeat","background-position":"center center","background-size":"auto","background-attachment":"scroll","background-type":"","background-media":"","overlay-type":"","overlay-color":"","overlay-opacity":"","overlay-gradient":""}},"ast-content-background-meta":{"desktop":{"background-color":"var(--ast-global-color-5)","background-image":"","background-repeat":"repeat","background-position":"center center","background-size":"auto","background-attachment":"scroll","background-type":"","background-media":"","overlay-type":"","overlay-color":"","overlay-opacity":"","overlay-gradient":""},"tablet":{"background-color":"var(--ast-global-color-5)","background-image":"","background-repeat":"repeat","background-position":"center center","background-size":"auto","background-attachment":"scroll","background-type":"","background-media":"","overlay-type":"","overlay-color":"","overlay-opacity":"","overlay-gradient":""},"mobile":{"background-color":"var(--ast-global-color-5)","background-image":"","background-repeat":"repeat","background-position":"center center","background-size":"auto","background-attachment":"scroll","background-type":"","background-media":"","overlay-type":"","overlay-color":"","overlay-opacity":"","overlay-gradient":""}}},"product_brand":[],"product_cat":[15],"product_tag":[86,113,107,108,111,114,109,110,112,65],"class_list":{"0":"post-8081","1":"product","2":"type-product","3":"status-publish","4":"has-post-thumbnail","6":"product_cat-herbs-soap","7":"product_tag-amino-acid-shampoo","8":"product_tag-botanical-hair-treatment","9":"product_tag-dendrobium-shampoo-bar","10":"product_tag-hair-strengthening-treatment","11":"product_tag-luxury-hair-care","12":"product_tag-natural-hair-loss-prevention","13":"product_tag-premium-shampoo-bar","14":"product_tag-reduce-hair-breakage","15":"product_tag-scalp-revitalization","16":"product_tag-vegan-shampoo-bar","17":"desktop-align-left","18":"tablet-align-left","19":"mobile-align-left","21":"first","22":"instock","23":"sale","24":"featured","25":"shipping-taxable","26":"purchasable","27":"product-type-simple"},"yoast_head":"<!-- This site is optimized with the Yoast SEO plugin v27.4 - https:\/\/yoast.com\/product\/yoast-seo-wordpress\/ -->\n<title>Dendrobium Elite Shampoo Bar - Hair Strengthening &amp; Scalp Renewal | Taxne<\/title>\n<meta name=\"description\" content=\"Experience our premium dendrobium-infused shampoo bar with 8 rare botanicals. Reduces breakage, strengthens hair from root to tip, and revitalizes scalp health. Amino acid formula for all hair types. Vegan &amp; sustainable.\" \/>\n<meta name=\"robots\" content=\"index, follow, max-snippet:-1, max-image-preview:large, max-video-preview:-1\" \/>\n<link rel=\"canonical\" href=\"https:\/\/taxne.com\/pt\/produto\/barra-de-xampu-dendrobium-elite\/\" \/>\n<meta property=\"og:locale\" content=\"pt_PT\" \/>\n<meta property=\"og:type\" content=\"article\" \/>\n<meta property=\"og:title\" content=\"Dendrobium Elite Shampoo Bar - Hair Strengthening &amp; Scalp Renewal | Taxne\" \/>\n<meta property=\"og:description\" content=\"Experience our premium dendrobium-infused shampoo bar with 8 rare botanicals. Reduces breakage, strengthens hair from root to tip, and revitalizes scalp health. Amino acid formula for all hair types. Vegan &amp; sustainable.\" \/>\n<meta property=\"og:url\" content=\"https:\/\/taxne.com\/pt\/produto\/barra-de-xampu-dendrobium-elite\/\" \/>\n<meta property=\"article:modified_time\" content=\"2026-03-04T02:24:52+00:00\" \/>\n<meta property=\"og:image\" content=\"https:\/\/taxne.com\/wp-content\/uploads\/2025\/09\/\u94c1\u76ae\u77f3\u659b-_07.jpg\" \/>\n\t<meta property=\"og:image:width\" content=\"750\" \/>\n\t<meta property=\"og:image:height\" content=\"634\" \/>\n\t<meta property=\"og:image:type\" content=\"image\/jpeg\" \/>\n<meta name=\"twitter:card\" content=\"summary_large_image\" \/>\n<meta name=\"twitter:label1\" content=\"Tempo estimado de leitura\" \/>\n\t<meta name=\"twitter:data1\" content=\"3 minutos\" \/>\n<script type=\"application\/ld+json\" class=\"yoast-schema-graph\">{\"@context\":\"https:\\\/\\\/schema.org\",\"@graph\":[{\"@type\":\"WebPage\",\"@id\":\"https:\\\/\\\/taxne.com\\\/product\\\/dendrobium-elite-shampoo-bar\\\/\",\"url\":\"https:\\\/\\\/taxne.com\\\/product\\\/dendrobium-elite-shampoo-bar\\\/\",\"name\":\"Dendrobium Elite Shampoo Bar - Hair Strengthening & Scalp Renewal | Taxne\",\"isPartOf\":{\"@id\":\"https:\\\/\\\/taxne.com\\\/#website\"},\"primaryImageOfPage\":{\"@id\":\"https:\\\/\\\/taxne.com\\\/product\\\/dendrobium-elite-shampoo-bar\\\/#primaryimage\"},\"image\":{\"@id\":\"https:\\\/\\\/taxne.com\\\/product\\\/dendrobium-elite-shampoo-bar\\\/#primaryimage\"},\"thumbnailUrl\":\"https:\\\/\\\/taxne.com\\\/wp-content\\\/uploads\\\/2025\\\/09\\\/\u94c1\u76ae\u77f3\u659b-_07.jpg\",\"datePublished\":\"2025-09-09T08:35:41+00:00\",\"dateModified\":\"2026-03-04T02:24:52+00:00\",\"description\":\"Experience our premium dendrobium-infused shampoo bar with 8 rare botanicals. Reduces breakage, strengthens hair from root to tip, and revitalizes scalp health. Amino acid formula for all hair types. Vegan & sustainable.\",\"breadcrumb\":{\"@id\":\"https:\\\/\\\/taxne.com\\\/product\\\/dendrobium-elite-shampoo-bar\\\/#breadcrumb\"},\"inLanguage\":\"pt-PT\",\"potentialAction\":[{\"@type\":\"ReadAction\",\"target\":[\"https:\\\/\\\/taxne.com\\\/product\\\/dendrobium-elite-shampoo-bar\\\/\"]}]},{\"@type\":\"ImageObject\",\"inLanguage\":\"pt-PT\",\"@id\":\"https:\\\/\\\/taxne.com\\\/product\\\/dendrobium-elite-shampoo-bar\\\/#primaryimage\",\"url\":\"https:\\\/\\\/taxne.com\\\/wp-content\\\/uploads\\\/2025\\\/09\\\/\u94c1\u76ae\u77f3\u659b-_07.jpg\",\"contentUrl\":\"https:\\\/\\\/taxne.com\\\/wp-content\\\/uploads\\\/2025\\\/09\\\/\u94c1\u76ae\u77f3\u659b-_07.jpg\",\"width\":750,\"height\":634,\"caption\":\"Dendrobium Elite Hair Strengthening Shampoo Bar\"},{\"@type\":\"BreadcrumbList\",\"@id\":\"https:\\\/\\\/taxne.com\\\/product\\\/dendrobium-elite-shampoo-bar\\\/#breadcrumb\",\"itemListElement\":[{\"@type\":\"ListItem\",\"position\":1,\"name\":\"\u9996\u9875\",\"item\":\"https:\\\/\\\/taxne.com\\\/\"},{\"@type\":\"ListItem\",\"position\":2,\"name\":\"Shop\",\"item\":\"https:\\\/\\\/taxne.com\\\/shop-2\\\/\"},{\"@type\":\"ListItem\",\"position\":3,\"name\":\"Dendrobium Elite Hair Strengthening Shampoo Bar 100g\"}]},{\"@type\":\"WebSite\",\"@id\":\"https:\\\/\\\/taxne.com\\\/#website\",\"url\":\"https:\\\/\\\/taxne.com\\\/\",\"name\":\"taxne.com\",\"description\":\"\",\"publisher\":{\"@id\":\"https:\\\/\\\/taxne.com\\\/#organization\"},\"potentialAction\":[{\"@type\":\"SearchAction\",\"target\":{\"@type\":\"EntryPoint\",\"urlTemplate\":\"https:\\\/\\\/taxne.com\\\/?s={search_term_string}\"},\"query-input\":{\"@type\":\"PropertyValueSpecification\",\"valueRequired\":true,\"valueName\":\"search_term_string\"}}],\"inLanguage\":\"pt-PT\"},{\"@type\":\"Organization\",\"@id\":\"https:\\\/\\\/taxne.com\\\/#organization\",\"name\":\"taxne.com\",\"url\":\"https:\\\/\\\/taxne.com\\\/\",\"logo\":{\"@type\":\"ImageObject\",\"inLanguage\":\"pt-PT\",\"@id\":\"https:\\\/\\\/taxne.com\\\/#\\\/schema\\\/logo\\\/image\\\/\",\"url\":\"https:\\\/\\\/taxne.com\\\/wp-content\\\/uploads\\\/2025\\\/09\\\/cropped-logo.png\",\"contentUrl\":\"https:\\\/\\\/taxne.com\\\/wp-content\\\/uploads\\\/2025\\\/09\\\/cropped-logo.png\",\"width\":1027,\"height\":270,\"caption\":\"taxne.com\"},\"image\":{\"@id\":\"https:\\\/\\\/taxne.com\\\/#\\\/schema\\\/logo\\\/image\\\/\"}}]}<\/script>\n<!-- \/ Yoast SEO plugin. -->","yoast_head_json":{"title":"Shampoo em Barra Dendrobium Elite - Fortalecimento Capilar e Renova\u00e7\u00e3o do Couro Cabeludo | Taxne","description":"Experimente nosso shampoo em barra premium com infus\u00e3o de dendrobium e 8 bot\u00e2nicos raros. Reduz a quebra, fortalece o cabelo da raiz \u00e0s pontas e revitaliza a sa\u00fade do couro cabeludo. F\u00f3rmula com amino\u00e1cidos para todos os tipos de cabelo. Vegano e sustent\u00e1vel.","robots":{"index":"index","follow":"follow","max-snippet":"max-snippet:-1","max-image-preview":"max-image-preview:large","max-video-preview":"max-video-preview:-1"},"canonical":"https:\/\/taxne.com\/pt\/produto\/barra-de-xampu-dendrobium-elite\/","og_locale":"pt_PT","og_type":"article","og_title":"Dendrobium Elite Shampoo Bar - Hair Strengthening & Scalp Renewal | Taxne","og_description":"Experience our premium dendrobium-infused shampoo bar with 8 rare botanicals. Reduces breakage, strengthens hair from root to tip, and revitalizes scalp health. Amino acid formula for all hair types. Vegan & sustainable.","og_url":"https:\/\/taxne.com\/pt\/produto\/barra-de-xampu-dendrobium-elite\/","article_modified_time":"2026-03-04T02:24:52+00:00","og_image":[{"width":750,"height":634,"url":"https:\/\/taxne.com\/wp-content\/uploads\/2025\/09\/\u94c1\u76ae\u77f3\u659b-_07.jpg","type":"image\/jpeg"}],"twitter_card":"summary_large_image","twitter_misc":{"Tempo estimado de leitura":"3 minutos"},"schema":{"@context":"https:\/\/schema.org","@graph":[{"@type":"WebPage","@id":"https:\/\/taxne.com\/product\/dendrobium-elite-shampoo-bar\/","url":"https:\/\/taxne.com\/product\/dendrobium-elite-shampoo-bar\/","name":"Shampoo em Barra Dendrobium Elite - Fortalecimento Capilar e Renova\u00e7\u00e3o do Couro Cabeludo | Taxne","isPartOf":{"@id":"https:\/\/taxne.com\/#website"},"primaryImageOfPage":{"@id":"https:\/\/taxne.com\/product\/dendrobium-elite-shampoo-bar\/#primaryimage"},"image":{"@id":"https:\/\/taxne.com\/product\/dendrobium-elite-shampoo-bar\/#primaryimage"},"thumbnailUrl":"https:\/\/taxne.com\/wp-content\/uploads\/2025\/09\/\u94c1\u76ae\u77f3\u659b-_07.jpg","datePublished":"2025-09-09T08:35:41+00:00","dateModified":"2026-03-04T02:24:52+00:00","description":"Experimente nosso shampoo em barra premium com infus\u00e3o de dendrobium e 8 bot\u00e2nicos raros. Reduz a quebra, fortalece o cabelo da raiz \u00e0s pontas e revitaliza a sa\u00fade do couro cabeludo. F\u00f3rmula com amino\u00e1cidos para todos os tipos de cabelo. Vegano e sustent\u00e1vel.","breadcrumb":{"@id":"https:\/\/taxne.com\/product\/dendrobium-elite-shampoo-bar\/#breadcrumb"},"inLanguage":"pt-PT","potentialAction":[{"@type":"ReadAction","target":["https:\/\/taxne.com\/product\/dendrobium-elite-shampoo-bar\/"]}]},{"@type":"ImageObject","inLanguage":"pt-PT","@id":"https:\/\/taxne.com\/product\/dendrobium-elite-shampoo-bar\/#primaryimage","url":"https:\/\/taxne.com\/wp-content\/uploads\/2025\/09\/\u94c1\u76ae\u77f3\u659b-_07.jpg","contentUrl":"https:\/\/taxne.com\/wp-content\/uploads\/2025\/09\/\u94c1\u76ae\u77f3\u659b-_07.jpg","width":750,"height":634,"caption":"Dendrobium Elite Hair Strengthening Shampoo Bar"},{"@type":"BreadcrumbList","@id":"https:\/\/taxne.com\/product\/dendrobium-elite-shampoo-bar\/#breadcrumb","itemListElement":[{"@type":"ListItem","position":1,"name":"\u9996\u9875","item":"https:\/\/taxne.com\/"},{"@type":"ListItem","position":2,"name":"Shop","item":"https:\/\/taxne.com\/shop-2\/"},{"@type":"ListItem","position":3,"name":"Dendrobium Elite Hair Strengthening Shampoo Bar 100g"}]},{"@type":"WebSite","@id":"https:\/\/taxne.com\/#website","url":"https:\/\/taxne.com\/","name":"taxne. com","description":"","publisher":{"@id":"https:\/\/taxne.com\/#organization"},"potentialAction":[{"@type":"SearchAction","target":{"@type":"EntryPoint","urlTemplate":"https:\/\/taxne.com\/?s={search_term_string}"},"query-input":{"@type":"PropertyValueSpecification","valueRequired":true,"valueName":"search_term_string"}}],"inLanguage":"pt-PT"},{"@type":"Organization","@id":"https:\/\/taxne.com\/#organization","name":"taxne. com","url":"https:\/\/taxne.com\/","logo":{"@type":"ImageObject","inLanguage":"pt-PT","@id":"https:\/\/taxne.com\/#\/schema\/logo\/image\/","url":"https:\/\/taxne.com\/wp-content\/uploads\/2025\/09\/cropped-logo.png","contentUrl":"https:\/\/taxne.com\/wp-content\/uploads\/2025\/09\/cropped-logo.png","width":1027,"height":270,"caption":"taxne.com"},"image":{"@id":"https:\/\/taxne.com\/#\/schema\/logo\/image\/"}}]}},"uagb_featured_image_src":{"full":["https:\/\/taxne.com\/wp-content\/uploads\/2025\/09\/\u94c1\u76ae\u77f3\u659b-_07.jpg",750,634,false],"thumbnail":["https:\/\/taxne.com\/wp-content\/uploads\/2025\/09\/\u94c1\u76ae\u77f3\u659b-_07-150x150.jpg",150,150,true],"medium":["https:\/\/taxne.com\/wp-content\/uploads\/2025\/09\/\u94c1\u76ae\u77f3\u659b-_07-300x254.jpg",300,254,true],"medium_large":["https:\/\/taxne.com\/wp-content\/uploads\/2025\/09\/\u94c1\u76ae\u77f3\u659b-_07.jpg",750,634,false],"large":["https:\/\/taxne.com\/wp-content\/uploads\/2025\/09\/\u94c1\u76ae\u77f3\u659b-_07.jpg",750,634,false],"1536x1536":["https:\/\/taxne.com\/wp-content\/uploads\/2025\/09\/\u94c1\u76ae\u77f3\u659b-_07.jpg",750,634,false],"2048x2048":["https:\/\/taxne.com\/wp-content\/uploads\/2025\/09\/\u94c1\u76ae\u77f3\u659b-_07.jpg",750,634,false],"trp-custom-language-flag":["https:\/\/taxne.com\/wp-content\/uploads\/2025\/09\/\u94c1\u76ae\u77f3\u659b-_07-14x12.jpg",14,12,true],"woocommerce_thumbnail":["https:\/\/taxne.com\/wp-content\/uploads\/2025\/09\/\u94c1\u76ae\u77f3\u659b-_07-300x300.jpg",300,300,true],"woocommerce_single":["https:\/\/taxne.com\/wp-content\/uploads\/2025\/09\/\u94c1\u76ae\u77f3\u659b-_07-600x507.jpg",600,507,true],"woocommerce_gallery_thumbnail":["https:\/\/taxne.com\/wp-content\/uploads\/2025\/09\/\u94c1\u76ae\u77f3\u659b-_07-100x100.jpg",100,100,true]},"uagb_author_info":{"display_name":"tianke1223@gmail.com","author_link":"https:\/\/taxne.com\/pt\/author\/"},"uagb_comment_info":0,"uagb_excerpt":"Where Rare Botanicals Meet Modern Hair Science At Taxne, we seek nature's most precious ingredients to solve modern hair concerns. Our Dendrobium Elite Bar combines one of Asia's most revered medicinal plants with cutting-edge amino acid technology for unprecedented hair strengthening results. The Power of Rare Botanicals: \u2022\u00a0Dendrobium Officinale (\u94c1\u76ae\u77f3\u659b): Known as the \"immortality herb,\"&hellip;","jetpack_sharing_enabled":true,"_links":{"self":[{"href":"https:\/\/taxne.com\/pt\/wp-json\/wp\/v2\/product\/8081","targetHints":{"allow":["GET"]}}],"collection":[{"href":"https:\/\/taxne.com\/pt\/wp-json\/wp\/v2\/product"}],"about":[{"href":"https:\/\/taxne.com\/pt\/wp-json\/wp\/v2\/types\/product"}],"replies":[{"embeddable":true,"href":"https:\/\/taxne.com\/pt\/wp-json\/wp\/v2\/comments?post=8081"}],"wp:featuredmedia":[{"embeddable":true,"href":"https:\/\/taxne.com\/pt\/wp-json\/wp\/v2\/media\/8092"}],"wp:attachment":[{"href":"https:\/\/taxne.com\/pt\/wp-json\/wp\/v2\/media?parent=8081"}],"wp:term":[{"taxonomy":"product_brand","embeddable":true,"href":"https:\/\/taxne.com\/pt\/wp-json\/wp\/v2\/product_brand?post=8081"},{"taxonomy":"product_cat","embeddable":true,"href":"https:\/\/taxne.com\/pt\/wp-json\/wp\/v2\/product_cat?post=8081"},{"taxonomy":"product_tag","embeddable":true,"href":"https:\/\/taxne.com\/pt\/wp-json\/wp\/v2\/product_tag?post=8081"}],"curies":[{"name":"wp","href":"https:\/\/api.w.org\/{rel}","templated":true}]}}