{"id":2123,"date":"2024-07-15T03:51:33","date_gmt":"2024-07-15T03:51:33","guid":{"rendered":"https:\/\/taxne.com\/?page_id=2123"},"modified":"2025-09-10T09:07:15","modified_gmt":"2025-09-10T09:07:15","slug":"payment-policy","status":"publish","type":"page","link":"https:\/\/taxne.com\/tr\/odeme-politikasi\/","title":{"rendered":"\u00d6deme Politikas\u0131"},"content":{"rendered":"<p>\u00d6DEME Y\u00d6NTEM\u0130<\/p>\n\n\n\n<p>Visa, MasterCard ve American Express kartlar\u0131n\u0131 kabul ediyoruz.<\/p>\n\n\n\n<p>PayPal ile \u00f6deme yapmay\u0131 da se\u00e7ebilirsiniz. \u00d6deme s\u0131ras\u0131nda bu se\u00e7ene\u011fi se\u00e7ti\u011finizde, PayPal sitesine d\u00f6nmeden \u00f6nce sat\u0131n alma i\u015fleminizi tamamlaman\u0131z i\u00e7in PayPal sitesine y\u00f6nlendirileceksiniz. <a target=\"_blank\" href=\"https:\/\/taxne.com\/tr\/\" rel=\"noreferrer noopener\">Taxne.com<\/a><a target=\"_blank\" href=\"http:\/\/diabeticbuy.com\/\" rel=\"noreferrer noopener\">.<\/a><\/p>\n\n\n\n<p><a target=\"_blank\" href=\"http:\/\/diabetesbuy.com\/\" rel=\"noreferrer noopener\">Kart i\u015flemi yap\u0131l\u0131yorsa<\/a>onaylan\u0131rsa tutar rezerve edilecek<a target=\"_blank\" href=\"https:\/\/taxne.com\/tr\/\" rel=\"noreferrer noopener\">hemen g\u00f6nderildi Taxne.com<\/a> ve e-postan\u0131za bir sipari\u015f onay\u0131 alacaks\u0131n\u0131z. Kredi kart\u0131 i\u015fleminizin onaylanmamas\u0131 durumunda sipari\u015finiz iptal edilecektir. L\u00fctfen bankan\u0131zla ileti\u015fime ge\u00e7in veya<a target=\"_blank\" href=\"http:\/\/diabetesbuy.com\/\" rel=\"noreferrer noopener\"> kart sa\u011flay\u0131c\u0131s\u0131<\/a> bununla ilgili herhangi bir sorunuz var.<\/p>\n\n\n\n<p>\u00d6DEME G\u00dcVENL\u0130\u011e\u0130<\/p>\n\n\n\n<p><a target=\"_blank\" href=\"https:\/\/taxne.com\/tr\/\" rel=\"noreferrer noopener\">Taxne.com<\/a> \u0130nternet \u00fczerinden bize g\u00f6nderdi\u011finiz verileri \u015fifrelemek ve korumak i\u00e7in G\u00fcvenli Soket Katman\u0131 (SSL) teknolojisini kullan\u0131r. SSL etkinse taray\u0131c\u0131n\u0131z\u0131n \u00fcst k\u0131sm\u0131nda bir asma kilit g\u00f6receksiniz ve \u00f6\u011frenmek i\u00e7in buna t\u0131klayabilirsiniz. <a target=\"_blank\" href=\"http:\/\/diabetesbuy.com\/\" rel=\"noreferrer noopener\">daha fazla bilgi <\/a>abo<a target=\"_blank\" href=\"http:\/\/diabetesbuy.com\/\" rel=\"noreferrer noopener\">SSL dijitalini kullan\u0131n<\/a> sertifika kayd\u0131.<\/p>\n\n\n\n<p>Ayr\u0131ca taray\u0131c\u0131n\u0131n \u00fcst k\u0131sm\u0131ndaki URL&#039;ye bakt\u0131\u011f\u0131n\u0131zda &#039;http&#039; yerine &#039;https&#039; ile ba\u015flad\u0131\u011f\u0131n\u0131 g\u00f6receksiniz. Bu, g\u00fcvenli modda oldu\u011funuz anlam\u0131na gelir.<\/p>\n\n\n\n<p><a target=\"_blank\" href=\"https:\/\/taxne.com\/tr\/\" rel=\"noreferrer noopener\">Taxne.com <\/a>Orijinal bir site olarak Cybertrust&#039;a kay\u0131tl\u0131d\u0131r. <a target=\"_blank\" href=\"http:\/\/diabetesbuy.com\/\" rel=\"noreferrer noopener\">Bu \u015funlar\u0131 sa\u011flar: <\/a>Bilgileriniz web taray\u0131c\u0131n\u0131z ile web sunucumuz aras\u0131nda gizli tutulur.<\/p>\n\n\n\n<p>Kart\u0131n\u0131z\u0131 veren kurulu\u015f AB&#039;de bulunuyorsa \u00f6demenizi do\u011frulaman\u0131z istenebilir.<a target=\"_blank\" href=\"http:\/\/diabetesbuy.com\/\" rel=\"noreferrer noopener\">yeni bir gereksinim nedeniyle<\/a>\u0130kinci \u00d6deme Hizmetleri Direktifi (PSD2) kapsam\u0131ndaki h\u00fck\u00fcmler. Daha fazla bilgi girmek i\u00e7in \u00f6zel bir sayfaya y\u00f6nlendirileceksiniz veya yetki vermeniz istenecek <a target=\"_blank\" href=\"http:\/\/diabetesbuy.com\/\" rel=\"noreferrer noopener\">kullanarak \u00f6deme <\/a>cep telefonun. Tamamland\u0131\u011f\u0131nda \u015furaya geri d\u00f6neceksiniz: <a target=\"_blank\" href=\"https:\/\/taxne.com\/tr\/\" rel=\"noreferrer noopener\">Taxne.com<\/a><a target=\"_blank\" href=\"http:\/\/diabeticbuy.com\/\" rel=\"noreferrer noopener\">.<\/a><\/p>","protected":false},"excerpt":{"rendered":"<p>PAYMENT METHOD We accept Visa, MasterCard and American Express cards. You can also choose to pay with PayPal. When selecting this option at checkout, you will be directed to the PayPal site to complete your purchase before returning to Taxne.com. If the card transaction is approved, the amount will be reserved immediately Taxne.com and you [&hellip;]<\/p>\n","protected":false},"author":1,"featured_media":0,"parent":0,"menu_order":0,"comment_status":"closed","ping_status":"closed","template":"","meta":{"_uag_custom_page_level_css":"","site-sidebar-layout":"default","site-content-layout":"","ast-site-content-layout":"default","site-content-style":"default","site-sidebar-style":"default","ast-global-header-display":"","ast-banner-title-visibility":"","ast-main-header-display":"","ast-hfb-above-header-display":"","ast-hfb-below-header-display":"","ast-hfb-mobile-header-display":"","site-post-title":"","ast-breadcrumbs-content":"","ast-featured-img":"","footer-sml-layout":"","ast-disable-related-posts":"","theme-transparent-header-meta":"","adv-header-id-meta":"","stick-header-meta":"","header-above-stick-meta":"","header-main-stick-meta":"","header-below-stick-meta":"","astra-migrate-meta-layouts":"set","ast-page-background-enabled":"default","ast-page-background-meta":{"desktop":{"background-color":"","background-image":"","background-repeat":"repeat","background-position":"center center","background-size":"auto","background-attachment":"scroll","background-type":"","background-media":"","overlay-type":"","overlay-color":"","overlay-opacity":"","overlay-gradient":""},"tablet":{"background-color":"","background-image":"","background-repeat":"repeat","background-position":"center center","background-size":"auto","background-attachment":"scroll","background-type":"","background-media":"","overlay-type":"","overlay-color":"","overlay-opacity":"","overlay-gradient":""},"mobile":{"background-color":"","background-image":"","background-repeat":"repeat","background-position":"center center","background-size":"auto","background-attachment":"scroll","background-type":"","background-media":"","overlay-type":"","overlay-color":"","overlay-opacity":"","overlay-gradient":""}},"ast-content-background-meta":{"desktop":{"background-color":"var(--ast-global-color-5)","background-image":"","background-repeat":"repeat","background-position":"center center","background-size":"auto","background-attachment":"scroll","background-type":"","background-media":"","overlay-type":"","overlay-color":"","overlay-opacity":"","overlay-gradient":""},"tablet":{"background-color":"var(--ast-global-color-5)","background-image":"","background-repeat":"repeat","background-position":"center center","background-size":"auto","background-attachment":"scroll","background-type":"","background-media":"","overlay-type":"","overlay-color":"","overlay-opacity":"","overlay-gradient":""},"mobile":{"background-color":"var(--ast-global-color-5)","background-image":"","background-repeat":"repeat","background-position":"center center","background-size":"auto","background-attachment":"scroll","background-type":"","background-media":"","overlay-type":"","overlay-color":"","overlay-opacity":"","overlay-gradient":""}},"footnotes":""},"class_list":["post-2123","page","type-page","status-publish","hentry"],"yoast_head":"<!-- This site is optimized with the Yoast SEO plugin v27.3 - https:\/\/yoast.com\/product\/yoast-seo-wordpress\/ -->\n<title>Secure Payment Options &amp; Policy | Accepted Methods &amp; Info | Taxne<\/title>\n<meta name=\"description\" content=\"View Taxne&#039;s secure payment policy. We accept all major credit cards, PayPal, and more. Your transactions are encrypted and protected. Questions about refunds or payment methods? Find answers here.\" \/>\n<meta name=\"robots\" content=\"index, follow, max-snippet:-1, max-image-preview:large, max-video-preview:-1\" \/>\n<link rel=\"canonical\" href=\"https:\/\/taxne.com\/tr\/odeme-politikasi\/\" \/>\n<meta property=\"og:locale\" content=\"tr_TR\" \/>\n<meta property=\"og:type\" content=\"article\" \/>\n<meta property=\"og:title\" content=\"Secure Payment Options &amp; Policy | Accepted Methods &amp; Info | Taxne\" \/>\n<meta property=\"og:description\" content=\"View Taxne&#039;s secure payment policy. We accept all major credit cards, PayPal, and more. Your transactions are encrypted and protected. Questions about refunds or payment methods? Find answers here.\" \/>\n<meta property=\"og:url\" content=\"https:\/\/taxne.com\/tr\/odeme-politikasi\/\" \/>\n<meta property=\"article:modified_time\" content=\"2025-09-10T09:07:15+00:00\" \/>\n<meta name=\"twitter:card\" content=\"summary_large_image\" \/>\n<meta name=\"twitter:label1\" content=\"Tahmini okuma s\u00fcresi\" \/>\n\t<meta name=\"twitter:data1\" content=\"2 dakika\" \/>\n<script type=\"application\/ld+json\" class=\"yoast-schema-graph\">{\"@context\":\"https:\\\/\\\/schema.org\",\"@graph\":[{\"@type\":\"WebPage\",\"@id\":\"https:\\\/\\\/taxne.com\\\/payment-policy\\\/\",\"url\":\"https:\\\/\\\/taxne.com\\\/payment-policy\\\/\",\"name\":\"Secure Payment Options & Policy | Accepted Methods & Info | Taxne\",\"isPartOf\":{\"@id\":\"https:\\\/\\\/taxne.com\\\/#website\"},\"datePublished\":\"2024-07-15T03:51:33+00:00\",\"dateModified\":\"2025-09-10T09:07:15+00:00\",\"description\":\"View Taxne's secure payment policy. We accept all major credit cards, PayPal, and more. Your transactions are encrypted and protected. Questions about refunds or payment methods? Find answers here.\",\"breadcrumb\":{\"@id\":\"https:\\\/\\\/taxne.com\\\/payment-policy\\\/#breadcrumb\"},\"inLanguage\":\"tr\",\"potentialAction\":[{\"@type\":\"ReadAction\",\"target\":[\"https:\\\/\\\/taxne.com\\\/payment-policy\\\/\"]}]},{\"@type\":\"BreadcrumbList\",\"@id\":\"https:\\\/\\\/taxne.com\\\/payment-policy\\\/#breadcrumb\",\"itemListElement\":[{\"@type\":\"ListItem\",\"position\":1,\"name\":\"\u9996\u9875\",\"item\":\"https:\\\/\\\/taxne.com\\\/\"},{\"@type\":\"ListItem\",\"position\":2,\"name\":\"Payment Policy\"}]},{\"@type\":\"WebSite\",\"@id\":\"https:\\\/\\\/taxne.com\\\/#website\",\"url\":\"https:\\\/\\\/taxne.com\\\/\",\"name\":\"taxne.com\",\"description\":\"\",\"publisher\":{\"@id\":\"https:\\\/\\\/taxne.com\\\/#organization\"},\"potentialAction\":[{\"@type\":\"SearchAction\",\"target\":{\"@type\":\"EntryPoint\",\"urlTemplate\":\"https:\\\/\\\/taxne.com\\\/?s={search_term_string}\"},\"query-input\":{\"@type\":\"PropertyValueSpecification\",\"valueRequired\":true,\"valueName\":\"search_term_string\"}}],\"inLanguage\":\"tr\"},{\"@type\":\"Organization\",\"@id\":\"https:\\\/\\\/taxne.com\\\/#organization\",\"name\":\"taxne.com\",\"url\":\"https:\\\/\\\/taxne.com\\\/\",\"logo\":{\"@type\":\"ImageObject\",\"inLanguage\":\"tr\",\"@id\":\"https:\\\/\\\/taxne.com\\\/#\\\/schema\\\/logo\\\/image\\\/\",\"url\":\"https:\\\/\\\/taxne.com\\\/wp-content\\\/uploads\\\/2025\\\/09\\\/cropped-logo.png\",\"contentUrl\":\"https:\\\/\\\/taxne.com\\\/wp-content\\\/uploads\\\/2025\\\/09\\\/cropped-logo.png\",\"width\":1027,\"height\":270,\"caption\":\"taxne.com\"},\"image\":{\"@id\":\"https:\\\/\\\/taxne.com\\\/#\\\/schema\\\/logo\\\/image\\\/\"}}]}<\/script>\n<!-- \/ Yoast SEO plugin. -->","yoast_head_json":{"title":"Secure Payment Options & Policy | Accepted Methods & Info | Taxne","description":"View Taxne's secure payment policy. We accept all major credit cards, PayPal, and more. Your transactions are encrypted and protected. Questions about refunds or payment methods? Find answers here.","robots":{"index":"index","follow":"follow","max-snippet":"max-snippet:-1","max-image-preview":"max-image-preview:large","max-video-preview":"max-video-preview:-1"},"canonical":"https:\/\/taxne.com\/tr\/odeme-politikasi\/","og_locale":"tr_TR","og_type":"article","og_title":"Secure Payment Options & Policy | Accepted Methods & Info | Taxne","og_description":"View Taxne's secure payment policy. We accept all major credit cards, PayPal, and more. Your transactions are encrypted and protected. Questions about refunds or payment methods? Find answers here.","og_url":"https:\/\/taxne.com\/tr\/odeme-politikasi\/","article_modified_time":"2025-09-10T09:07:15+00:00","twitter_card":"summary_large_image","twitter_misc":{"Tahmini okuma s\u00fcresi":"2 dakika"},"schema":{"@context":"https:\/\/schema.org","@graph":[{"@type":"WebPage","@id":"https:\/\/taxne.com\/payment-policy\/","url":"https:\/\/taxne.com\/payment-policy\/","name":"Secure Payment Options & Policy | Accepted Methods & Info | Taxne","isPartOf":{"@id":"https:\/\/taxne.com\/#website"},"datePublished":"2024-07-15T03:51:33+00:00","dateModified":"2025-09-10T09:07:15+00:00","description":"View Taxne's secure payment policy. We accept all major credit cards, PayPal, and more. Your transactions are encrypted and protected. Questions about refunds or payment methods? Find answers here.","breadcrumb":{"@id":"https:\/\/taxne.com\/payment-policy\/#breadcrumb"},"inLanguage":"tr","potentialAction":[{"@type":"ReadAction","target":["https:\/\/taxne.com\/payment-policy\/"]}]},{"@type":"BreadcrumbList","@id":"https:\/\/taxne.com\/payment-policy\/#breadcrumb","itemListElement":[{"@type":"ListItem","position":1,"name":"\u9996\u9875","item":"https:\/\/taxne.com\/"},{"@type":"ListItem","position":2,"name":"Payment Policy"}]},{"@type":"WebSite","@id":"https:\/\/taxne.com\/#website","url":"https:\/\/taxne.com\/","name":"Taxne.com","description":"","publisher":{"@id":"https:\/\/taxne.com\/#organization"},"potentialAction":[{"@type":"SearchAction","target":{"@type":"EntryPoint","urlTemplate":"https:\/\/taxne.com\/?s={search_term_string}"},"query-input":{"@type":"PropertyValueSpecification","valueRequired":true,"valueName":"search_term_string"}}],"inLanguage":"tr"},{"@type":"Organization","@id":"https:\/\/taxne.com\/#organization","name":"Taxne.com","url":"https:\/\/taxne.com\/","logo":{"@type":"ImageObject","inLanguage":"tr","@id":"https:\/\/taxne.com\/#\/schema\/logo\/image\/","url":"https:\/\/taxne.com\/wp-content\/uploads\/2025\/09\/cropped-logo.png","contentUrl":"https:\/\/taxne.com\/wp-content\/uploads\/2025\/09\/cropped-logo.png","width":1027,"height":270,"caption":"taxne.com"},"image":{"@id":"https:\/\/taxne.com\/#\/schema\/logo\/image\/"}}]}},"uagb_featured_image_src":{"full":false,"thumbnail":false,"medium":false,"medium_large":false,"large":false,"1536x1536":false,"2048x2048":false,"trp-custom-language-flag":false,"woocommerce_thumbnail":false,"woocommerce_single":false,"woocommerce_gallery_thumbnail":false},"uagb_author_info":{"display_name":"tianke1223@gmail.com","author_link":"https:\/\/taxne.com\/tr\/author\/tianke1223gmail-com\/"},"uagb_comment_info":0,"uagb_excerpt":"PAYMENT METHOD We accept Visa, MasterCard and American Express cards. You can also choose to pay with PayPal. When selecting this option at checkout, you will be directed to the PayPal site to complete your purchase before returning to Taxne.com. If the card transaction is approved, the amount will be reserved immediately Taxne.com and you&hellip;","jetpack_sharing_enabled":true,"_links":{"self":[{"href":"https:\/\/taxne.com\/tr\/wp-json\/wp\/v2\/pages\/2123","targetHints":{"allow":["GET"]}}],"collection":[{"href":"https:\/\/taxne.com\/tr\/wp-json\/wp\/v2\/pages"}],"about":[{"href":"https:\/\/taxne.com\/tr\/wp-json\/wp\/v2\/types\/page"}],"author":[{"embeddable":true,"href":"https:\/\/taxne.com\/tr\/wp-json\/wp\/v2\/users\/1"}],"replies":[{"embeddable":true,"href":"https:\/\/taxne.com\/tr\/wp-json\/wp\/v2\/comments?post=2123"}],"version-history":[{"count":2,"href":"https:\/\/taxne.com\/tr\/wp-json\/wp\/v2\/pages\/2123\/revisions"}],"predecessor-version":[{"id":2125,"href":"https:\/\/taxne.com\/tr\/wp-json\/wp\/v2\/pages\/2123\/revisions\/2125"}],"wp:attachment":[{"href":"https:\/\/taxne.com\/tr\/wp-json\/wp\/v2\/media?parent=2123"}],"curies":[{"name":"wp","href":"https:\/\/api.w.org\/{rel}","templated":true}]}}