{"id":2129,"date":"2024-07-15T03:55:40","date_gmt":"2024-07-15T03:55:40","guid":{"rendered":"https:\/\/taxne.com\/?page_id=2129"},"modified":"2025-09-10T09:05:04","modified_gmt":"2025-09-10T09:05:04","slug":"faqs","status":"publish","type":"page","link":"https:\/\/taxne.com\/tr\/sss\/","title":{"rendered":"SSS"},"content":{"rendered":"<h1 class=\"wp-block-heading\"><strong>NAKL\u0130YE<\/strong><\/h1>\n\n\n\n<h3 class=\"wp-block-heading\"><strong>S\u0130PAR\u0130\u015e\u0130M\u0130N DURUMU NED\u0130R?<\/strong><\/h3>\n\n\n\n<p>Sipari\u015finizi verdikten sonra, sipari\u015finizin durumunu takip etmek i\u00e7in size bir onay e-postas\u0131 g\u00f6nderece\u011fiz. Sipari\u015finiz kargoya verildi\u011finde, sipari\u015finizi takip edebilece\u011finiz ba\u011flant\u0131n\u0131n yan\u0131 s\u0131ra size ba\u015fka bir e-posta g\u00f6nderece\u011fiz. Veya sipari\u015finizin durumunu web sitesindeki hesap sayfan\u0131zdaki \u201csipari\u015f ge\u00e7mi\u015fi\u201d b\u00f6l\u00fcm\u00fcnden takip edebilirsiniz.<\/p>\n\n\n\n<h3 class=\"wp-block-heading\"><strong>AYNI G\u00dcN KARGO YAPIYOR MUSUNUZ?<\/strong><\/h3>\n\n\n\n<p>Sipari\u015finizi ayn\u0131 g\u00fcn \u00f6\u011flen 12&#039;den \u00f6nce vermeniz durumunda ayn\u0131 g\u00fcn kargoya veriyoruz.<\/p>\n\n\n\n<h3 class=\"wp-block-heading\"><strong>NEREYE G\u00d6NDER\u0130YORSUNUZ?<\/strong><\/h3>\n\n\n\n<p>\u015eu anda Amerika Birle\u015fik Devletleri, Kanada, Avustralya, Fransa, \u0130ngiltere ve Almanya&#039;ya g\u00f6nderim yap\u0131yoruz. Bu \u00fclkelerin d\u0131\u015f\u0131na g\u00f6nderim i\u00e7in l\u00fctfen bizimle ileti\u015fime ge\u00e7in formunu kullanarak m\u00fc\u015fteri deste\u011fimize ula\u015f\u0131n.<\/p>\n\n\n\n<h3 class=\"wp-block-heading\"><strong>S\u0130PAR\u0130\u015e\u0130M MEN\u015eEYE (RTO) \u0130ADE ED\u0130LD\u0130. BU NE ANLAMA GEL\u0130R?<\/strong><\/h3>\n\n\n\n<p>G\u00f6nderiler a\u015fa\u011f\u0131daki durumlarda RTO (men\u015feye iade) olarak yans\u0131t\u0131l\u0131r:<br>\u2013 Birden fazla teslimat giri\u015fiminde bulunuldu ancak yanl\u0131\u015f adresten veya belirtilen adreste kimsenin bulunmamas\u0131ndan dolay\u0131 teslim edilemedi.<br>\u2013 Adres ya eksik oldu\u011fundan ya da pin kodu yanl\u0131\u015f oldu\u011fundan bulunamad\u0131<br>\u2013 Siz veya teslimat adresinizdeki bir ki\u015fi sipari\u015fi kabul etmeyi reddetti<br><br>Bu ko\u015fullar alt\u0131nda m\u00fc\u015fteri destek ekibimiz sizinle kay\u0131tl\u0131 telefon numaran\u0131zdan ileti\u015fime ge\u00e7meye \u00e7al\u0131\u015facakt\u0131r. Bu numaraya yan\u0131t gelmezse veya ula\u015f\u0131lam\u0131yorsa paket \u00e7\u0131k\u0131\u015f noktas\u0131na iade edilir.<\/p>\n\n\n\n<h3 class=\"wp-block-heading\"><strong>S\u0130PAR\u0130\u015e\u0130M\u0130N KARGOLANMASI NE KADAR S\u00dcRER?<\/strong><\/h3>\n\n\n\n<p>Teslimat s\u00fcreleri teslimat lokasyonuna ve sipari\u015f etti\u011finiz \u00fcr\u00fcn\u00fcn t\u00fcr\u00fcne g\u00f6re de\u011fi\u015fiklik g\u00f6sterebilir.<br>Normalde, sipari\u015finizi verdikten sonra, sipari\u015finizin i\u015fleme koyulmas\u0131 ve teslimata haz\u0131r olarak i\u015faretlenmesi genellikle 24 ila 36 saat s\u00fcrer.<\/p>\n\n\n\n<h2 class=\"wp-block-heading\"><strong>EM\u0130R<\/strong><\/h2>\n\n\n\n<h3 class=\"wp-block-heading\"><strong>S\u0130PAR\u0130\u015e\u0130M\u0130 DE\u011e\u0130\u015eT\u0130REB\u0130L\u0130R M\u0130Y\u0130M?<\/strong><\/h3>\n\n\n\n<p>Yaln\u0131zca hen\u00fcz kargoya verilmemi\u015f sipari\u015fleri de\u011fi\u015ftirebiliriz.<br><br>Sipari\u015finizde de\u011fi\u015fiklik yapmak i\u00e7in l\u00fctfen &quot;bize ula\u015f\u0131n&quot; formunu kullanarak talebinizi ileterek destek ekibine ula\u015f\u0131n.<\/p>\n\n\n\n<h3 class=\"wp-block-heading\"><strong>S\u0130PAR\u0130\u015e\u0130M\u0130 NASIL \u0130PTAL EDEB\u0130L\u0130R\u0130M?<\/strong><\/h3>\n\n\n\n<p>Sipari\u015finizi iptal etmek isterseniz e-posta g\u00f6nderebilir veya m\u00fc\u015fteri deste\u011fini arayabilirsiniz.<\/p>\n\n\n\n<h3 class=\"wp-block-heading\"><strong>S\u0130PAR\u0130\u015e\u0130M\u0130 VERD\u0130KTEN SONRA \u00dcR\u00dcNLER\u0130 NASIL EKLEYECE\u011e\u0130M VEYA KALDIRACA\u011eIM?<\/strong><\/h3>\n\n\n\n<p>Sipari\u015finizi verdikten sonra web sitesinde de\u011fi\u015fiklik yapamazs\u0131n\u0131z.<br>Sipari\u015fte herhangi bir de\u011fi\u015fiklik olmas\u0131 durumunda l\u00fctfen &#039;bize ula\u015f\u0131n&#039; formunu kullanarak m\u00fc\u015fteri destek ekibimizle ileti\u015fime ge\u00e7in.<\/p>\n\n\n\n<h3 class=\"wp-block-heading\"><strong>B\u0130R S\u0130PAR\u0130\u015e\u0130N \u0130LERLEMES\u0130 NASIL TAK\u0130P ED\u0130L\u0130R?<\/strong><\/h3>\n\n\n\n<p>Sipari\u015finiz kargoya verildi\u011finde, sipari\u015finizin ayr\u0131nt\u0131lar\u0131n\u0131 i\u00e7eren bir e-posta ve SMS bildirimi alacaks\u0131n\u0131z. E-postada verilen ba\u011flant\u0131ya t\u0131klayarak g\u00f6nderiyi takip edebilirsiniz.<\/p>\n\n\n\n<p>Sipari\u015fimi verdikten sonra teslimat adresimi de\u011fi\u015ftirebilir miyim?<\/p>\n\n\n\n<p>Sipari\u015finiz hen\u00fcz kargoya verilmediyse talebiniz do\u011frultusunda farkl\u0131 bir adrese teslimat yapabiliriz. Daha fazla bilgi edinmek i\u00e7in &#039;bize ula\u015f\u0131n&#039; formunu kullanarak bizimle ileti\u015fime ge\u00e7ebilirsiniz.<\/p>\n\n\n\n<h2 class=\"wp-block-heading\"><strong>\u00d6DEME<\/strong><\/h2>\n\n\n\n<h3 class=\"wp-block-heading\">HANG\u0130 \u00d6DEME Y\u00d6NTEMLER\u0130N\u0130 KABUL ED\u0130YORSUNUZ?<\/h3>\n\n\n\n<p>Web sitemizden banka kart\u0131, kredi kart\u0131, net bankac\u0131l\u0131k veya UPI kullanarak sat\u0131n alabilirsiniz.<br><br>Ayr\u0131ca Paypal, Amazon Pay, Apple Pay, Google Pay, Paytm ve di\u011fer c\u00fczdanlar\u0131 da destekliyoruz.<br><br>\u00d6deme s\u0131ras\u0131nda bu \u00f6deme y\u00f6ntemlerini se\u00e7ebilirsiniz.<\/p>\n\n\n\n<h3 class=\"wp-block-heading\"><strong>KAPIDA NAK\u0130T (KOD) Y\u00d6NTEM\u0130YLE \u00d6DEME NASIL YAPILIR?<\/strong><\/h3>\n\n\n\n<p>COD se\u00e7ene\u011fiyle \u00f6deme yapmak kolayd\u0131r. \u015eu basit ad\u0131mlar\u0131 uygulaman\u0131z yeterli:<br>Web sitesinde sat\u0131n alman\u0131z gereken \u00fcr\u00fcnleri se\u00e7in, sepetinize ekleyin ve ard\u0131ndan \u00d6deme ve Sipari\u015f \u0130nceleme sayfas\u0131nda \u00f6deme y\u00f6nteminiz olarak Teslimatta Nakit \u00d6deme (COD) se\u00e7ene\u011fini se\u00e7in ve &#039;SATIN ALIMI TAMAMLAYIN&#039; d\u00fc\u011fmesine t\u0131klay\u0131n.<br>Onay al\u0131nd\u0131ktan sonra sipari\u015finiz kargoya verilecektir.<br>Kargo g\u00f6revlisi sipari\u015fi teslim etti\u011finde, sipari\u015f tutar\u0131n\u0131n tamam\u0131n\u0131 kendisine nakit olarak \u00f6demeniz gerekecektir.<\/p>\n\n\n\n<h3 class=\"wp-block-heading\"><strong>KRED\u0130\/BANKA KARTIMI BU WEB S\u0130TES\u0130NDE KULLANMAK G\u00dcVENL\u0130 M\u0130?<\/strong><\/h3>\n\n\n\n<p>T\u00fcm kredi\/banka kart\u0131 \u00f6deme i\u015flemlerini ger\u00e7ekle\u015ftirmek i\u00e7in \u00fc\u00e7\u00fcnc\u00fc taraf \u00f6deme i\u015fleme hizmetlerini kullan\u0131yoruz. Bu \u00f6deme arac\u0131lar\u0131, t\u00fcm kart sahiplerinin verilerinin end\u00fcstri standard\u0131 \u015fifreleme teknolojisi kullan\u0131larak g\u00fcvenli bir \u015fekilde saklanmas\u0131n\u0131, i\u015flenmesini ve iletilmesini sa\u011flayan en s\u0131k\u0131 sertifikasyon standard\u0131 seviyesi olan PCI uyumludur.<\/p>\n\n\n\n<h3 class=\"wp-block-heading\"><strong>HANG\u0130 PARA B\u0130R\u0130M\u0130NDE \u00dcCRETLEND\u0130R\u0130LECEK?<\/strong><\/h3>\n\n\n\n<p>\u015eu anda m\u00fc\u015fterilerimizden kendi yerel para birimlerinde \u00f6deme almak i\u00e7in yaln\u0131zca a\u015fa\u011f\u0131daki para birimlerini destekliyoruz: USD, CAD ve EUR.<br>Kredi veya banka kart\u0131n\u0131z ba\u015fka bir para birimi kullan\u0131yorsa, bulundu\u011funuz web sitesine ba\u011fl\u0131 olarak USD, CAD veya EUR cinsinden \u00fccretlendirileceksiniz. Bankan\u0131z politikas\u0131 gere\u011fi se\u00e7ti\u011finiz para biriminin ilgili d\u00f6n\u00fc\u015f\u00fcm oran\u0131n\u0131 uygulayabilir. Kesin \u00fccretler i\u00e7in l\u00fctfen bankan\u0131za dan\u0131\u015f\u0131n.<\/p>\n\n\n\n<h3 class=\"wp-block-heading\"><strong>HERHANG\u0130 B\u0130R G\u0130ZL\u0130 MAL\u0130YET\u0130 VAR MIDIR?<\/strong><\/h3>\n\n\n\n<p>Hi\u00e7bir gizli maliyet veya ek nakliye \u00fccreti yoktur. \u00dcr\u00fcn sayfas\u0131nda foto\u011fraf\u0131n yan\u0131nda belirtilen toplam fiyat son fiyatt\u0131r. Ne g\u00f6r\u00fcyorsan\u0131z onu \u00f6dersiniz.<\/p>\n\n\n\n<h2 class=\"wp-block-heading\"><strong>\u0130ADE &amp; DE\u011e\u0130\u015e\u0130M<\/strong><\/h2>\n\n\n\n<h3 class=\"wp-block-heading\"><strong>\u0130ADE KABUL ED\u0130YOR MUSUNUZ?<\/strong><\/h3>\n\n\n\n<p>Evet, a\u015fa\u011f\u0131daki ko\u015fullar\u0131n yerine getirilmesi ko\u015fuluyla iadeleri kabul ediyoruz:<br><br>\u2013 \u00dcr\u00fcn \u00e7evrimi\u00e7i ma\u011fazam\u0131zda sat\u0131lm\u0131\u015f olmal\u0131<br>\u2013 \u00d6\u011fe hi\u00e7bir \u015fekilde kullan\u0131lmam\u0131\u015f olmal\u0131d\u0131r<br>\u2013 \u00dcr\u00fcn, t\u00fcm etiketler vb. ile birlikte orijinal ambalaj\u0131na sahip olmal\u0131d\u0131r.<br>\u2013 \u0130ade veya de\u011fi\u015fim talebi teslimattan itibaren 7 g\u00fcn i\u00e7erisinde yap\u0131l\u0131r.<br><br>\u0130ade talebinde bulunmak i\u00e7in l\u00fctfen &quot;bize ula\u015f\u0131n&quot; formunu kullanarak talebinizi ileterek destek ekibine ula\u015f\u0131n. Destek personelimizin bir \u00fcyesi m\u00fcmk\u00fcn olan en k\u0131sa s\u00fcrede yan\u0131t verecektir.<\/p>\n\n\n\n<h3 class=\"wp-block-heading\"><strong>B\u0130R \u00dcR\u00dcN\u00dc DE\u011e\u0130\u015eT\u0130REB\u0130L\u0130R M\u0130Y\u0130M?<\/strong><\/h3>\n\n\n\n<p>De\u011fi\u015fimleri kabul ediyoruz ve bunlar iadelerle ayn\u0131 ko\u015fullar\u0131 izliyor.<br><br>\u2013 \u00dcr\u00fcn \u00e7evrimi\u00e7i ma\u011fazam\u0131zda sat\u0131lm\u0131\u015f olmal\u0131<br>\u2013 \u00d6\u011fe hi\u00e7bir \u015fekilde kullan\u0131lmam\u0131\u015f olmal\u0131d\u0131r<br>\u2013 \u00dcr\u00fcn, t\u00fcm etiketler vb. ile birlikte orijinal ambalaj\u0131nda olmal\u0131d\u0131r.<br>\u2013 \u0130ade veya de\u011fi\u015fim talebi teslimattan itibaren 30 g\u00fcn i\u00e7erisinde yap\u0131l\u0131r.<br><br>De\u011fi\u015fim talebinde bulunmak i\u00e7in l\u00fctfen \u201cbize ula\u015f\u0131n\u201d formunu kullanarak talebinizi iletin. Destek personelimizin bir \u00fcyesi m\u00fcmk\u00fcn olan en k\u0131sa s\u00fcrede yan\u0131t verecektir.<\/p>\n\n\n\n<h3 class=\"wp-block-heading\"><strong>NASIL \u0130ADE YAPARIM?<\/strong><\/h3>\n\n\n\n<p>De\u011fi\u015fim Politikam\u0131za g\u00f6re yaln\u0131zca \u00fcr\u00fcn de\u011fi\u015fimi sa\u011fl\u0131yoruz. Sipari\u015finizi vermeden \u00f6nce kargo ve iade\/de\u011fi\u015fim politikam\u0131z\u0131 okuman\u0131z\u0131 \u00f6neririz.<\/p>\n\n\n\n<h3 class=\"wp-block-heading\"><strong>\u0130ADE S\u0130PAR\u0130\u015e\u0130M\u0130 NE ZAMAN EL\u0130N\u0130ZE ALACAKSINIZ?<\/strong><\/h3>\n\n\n\n<p>M\u00fc\u015fterilerimizin evde kalmaya devam ederken ihtiya\u00e7 duyacaklar\u0131 \u00fcr\u00fcnleri ula\u015ft\u0131rmak i\u00e7in sipari\u015f kar\u015f\u0131lama ve operasyonlar\u0131m\u0131za \u00f6ncelik veriyoruz. \u0130ade se\u00e7imini ne zaman planlayabilece\u011fimizi size bildirece\u011fiz. Bu ba\u011flamda sabr\u0131n\u0131z i\u00e7in te\u015fekk\u00fcr ederiz.<\/p>\n\n\n\n<h3 class=\"wp-block-heading\"><strong>\u0130ADE \u00dcCRETS\u0130Z M\u0130?<\/strong><\/h3>\n\n\n\n<p>Evet, daha fazla ayr\u0131nt\u0131 i\u00e7in l\u00fctfen iade ve de\u011fi\u015fim politikam\u0131z\u0131 okuyun. Veya Daha fazla ayr\u0131nt\u0131 i\u00e7in destek temsilcilerimizle e-posta yoluyla veya bizimle ileti\u015fim formundan ileti\u015fime ge\u00e7mekten \u00e7ekinmeyin.<\/p>\n\n\n\n<h2 class=\"wp-block-heading\">GENEL<\/h2>\n\n\n\n<h3 class=\"wp-block-heading\"><strong>F\u0130Z\u0130KSEL MA\u011eAZALARINIZ VAR MI?<\/strong><\/h3>\n\n\n\n<p>\u015eu anda markam\u0131z alt\u0131nda fiziksel bir ma\u011fazam\u0131z bulunmamaktad\u0131r. Ancak Avrupa, ABD, Kanada ve Hindistan&#039;da \u00e7ok say\u0131da distrib\u00fct\u00f6r\u00fcm\u00fcz var.<br>\u00dcr\u00fcnlerimizi satan ma\u011fazalar\u0131n tam listesini ma\u011faza bulma haritam\u0131zda bulabilirsiniz.<\/p>\n\n\n\n<h3 class=\"wp-block-heading\"><strong>BA\u015eVURU PROGRAMI SUNUYOR MUSUNUZ? O NASIL \u00c7ALI\u015eIR?<\/strong><\/h3>\n\n\n\n<p>M\u00fc\u015fterilerimize, arkada\u015flar\u0131n\u0131 ve ailelerini tavsiye ettikleri i\u00e7in te\u015fekk\u00fcr etmek amac\u0131yla bir tavsiye program\u0131 olu\u015fturduk.<br>Daha fazla bilgi i\u00e7in l\u00fctfen y\u00f6nlendirme program\u0131 h\u00fck\u00fcm ve ko\u015fullar\u0131m\u0131za bak\u0131n.<\/p>\n\n\n\n<h3 class=\"wp-block-heading\"><strong>GARANT\u0130 VAR MI?<\/strong><\/h3>\n\n\n\n<p>Taraf\u0131m\u0131zca \u00fcretilen ve \u00e7evrimi\u00e7i ma\u011fazam\u0131z arac\u0131l\u0131\u011f\u0131yla sat\u0131lan t\u00fcm \u00fcr\u00fcnlerimizin kusursuz oldu\u011funu garanti ederiz.<\/p>\n\n\n\n<h3 class=\"wp-block-heading\"><strong>M\u00dc\u015eTER\u0130 H\u0130ZMETLER\u0130YLE NASIL \u0130LET\u0130\u015e\u0130ME GE\u00c7EB\u0130L\u0130R\u0130M?<\/strong><\/h3>\n\n\n\n<p>M\u00fc\u015fteri hizmetleri ekibimiz hafta boyunca, yedi g\u00fcn boyunca sabah 8&#039;den ak\u015fam 6&#039;ya kadar hizmetinizdedir. Bize e-posta yoluyla ula\u015fabilirsiniz.<\/p>\n\n\n\n<h3 class=\"wp-block-heading\"><strong>AYNI \u0130\u015eLEMDE B\u0130RDEN FAZLA KUPON KULLANAB\u0130L\u0130R M\u0130Y\u0130M?<\/strong><\/h3>\n\n\n\n<p>Tek bir i\u015flemde veya sepette yaln\u0131zca bir kupon kullan\u0131labilir. Bununla birlikte, bir kuponu kullanmak ve indirimlerden yararlanmak i\u00e7in bir sepete birden fazla \u00fcr\u00fcn ekleyebilirsiniz.<\/p>","protected":false},"excerpt":{"rendered":"<p>SHIPPING WHAT IS THE STATUS OF MY ORDER? Once you have placed your order, we will send you a confirmation email to track the status of your order. Once your order is shipped we will send you another email along with the link to track your order. Or, you can track the status of your [&hellip;]<\/p>\n","protected":false},"author":1,"featured_media":0,"parent":0,"menu_order":0,"comment_status":"closed","ping_status":"closed","template":"","meta":{"_uag_custom_page_level_css":"","site-sidebar-layout":"default","site-content-layout":"","ast-site-content-layout":"default","site-content-style":"default","site-sidebar-style":"default","ast-global-header-display":"","ast-banner-title-visibility":"","ast-main-header-display":"","ast-hfb-above-header-display":"","ast-hfb-below-header-display":"","ast-hfb-mobile-header-display":"","site-post-title":"","ast-breadcrumbs-content":"","ast-featured-img":"","footer-sml-layout":"","ast-disable-related-posts":"","theme-transparent-header-meta":"","adv-header-id-meta":"","stick-header-meta":"","header-above-stick-meta":"","header-main-stick-meta":"","header-below-stick-meta":"","astra-migrate-meta-layouts":"set","ast-page-background-enabled":"default","ast-page-background-meta":{"desktop":{"background-color":"","background-image":"","background-repeat":"repeat","background-position":"center center","background-size":"auto","background-attachment":"scroll","background-type":"","background-media":"","overlay-type":"","overlay-color":"","overlay-opacity":"","overlay-gradient":""},"tablet":{"background-color":"","background-image":"","background-repeat":"repeat","background-position":"center center","background-size":"auto","background-attachment":"scroll","background-type":"","background-media":"","overlay-type":"","overlay-color":"","overlay-opacity":"","overlay-gradient":""},"mobile":{"background-color":"","background-image":"","background-repeat":"repeat","background-position":"center center","background-size":"auto","background-attachment":"scroll","background-type":"","background-media":"","overlay-type":"","overlay-color":"","overlay-opacity":"","overlay-gradient":""}},"ast-content-background-meta":{"desktop":{"background-color":"var(--ast-global-color-5)","background-image":"","background-repeat":"repeat","background-position":"center center","background-size":"auto","background-attachment":"scroll","background-type":"","background-media":"","overlay-type":"","overlay-color":"","overlay-opacity":"","overlay-gradient":""},"tablet":{"background-color":"var(--ast-global-color-5)","background-image":"","background-repeat":"repeat","background-position":"center center","background-size":"auto","background-attachment":"scroll","background-type":"","background-media":"","overlay-type":"","overlay-color":"","overlay-opacity":"","overlay-gradient":""},"mobile":{"background-color":"var(--ast-global-color-5)","background-image":"","background-repeat":"repeat","background-position":"center center","background-size":"auto","background-attachment":"scroll","background-type":"","background-media":"","overlay-type":"","overlay-color":"","overlay-opacity":"","overlay-gradient":""}},"footnotes":""},"class_list":["post-2129","page","type-page","status-publish","hentry"],"yoast_head":"<!-- This site is optimized with the Yoast SEO plugin v27.4 - https:\/\/yoast.com\/product\/yoast-seo-wordpress\/ -->\n<title>Herbal Soap FAQs | Shipping, Ingredients &amp; Usage Questions | Taxne<\/title>\n<meta name=\"description\" content=\"Find quick answers to your questions about Taxne herbal soaps. Learn about ingredients, shipping, returns, usage tips, and more. Can&#039;t find what you need? Our team is ready to help.\" \/>\n<meta name=\"robots\" content=\"index, follow, max-snippet:-1, max-image-preview:large, max-video-preview:-1\" \/>\n<link rel=\"canonical\" href=\"https:\/\/taxne.com\/tr\/sss\/\" \/>\n<meta property=\"og:locale\" content=\"tr_TR\" \/>\n<meta property=\"og:type\" content=\"article\" \/>\n<meta property=\"og:title\" content=\"Herbal Soap FAQs | Shipping, Ingredients &amp; Usage Questions | Taxne\" \/>\n<meta property=\"og:description\" content=\"Find quick answers to your questions about Taxne herbal soaps. Learn about ingredients, shipping, returns, usage tips, and more. Can&#039;t find what you need? Our team is ready to help.\" \/>\n<meta property=\"og:url\" content=\"https:\/\/taxne.com\/tr\/sss\/\" \/>\n<meta property=\"article:modified_time\" content=\"2025-09-10T09:05:04+00:00\" \/>\n<meta name=\"twitter:card\" content=\"summary_large_image\" \/>\n<meta name=\"twitter:label1\" content=\"Tahmini okuma s\u00fcresi\" \/>\n\t<meta name=\"twitter:data1\" content=\"7 dakika\" \/>\n<script type=\"application\/ld+json\" class=\"yoast-schema-graph\">{\"@context\":\"https:\\\/\\\/schema.org\",\"@graph\":[{\"@type\":\"WebPage\",\"@id\":\"https:\\\/\\\/taxne.com\\\/faqs\\\/\",\"url\":\"https:\\\/\\\/taxne.com\\\/faqs\\\/\",\"name\":\"Herbal Soap FAQs | Shipping, Ingredients & Usage Questions | Taxne\",\"isPartOf\":{\"@id\":\"https:\\\/\\\/taxne.com\\\/#website\"},\"datePublished\":\"2024-07-15T03:55:40+00:00\",\"dateModified\":\"2025-09-10T09:05:04+00:00\",\"description\":\"Find quick answers to your questions about Taxne herbal soaps. Learn about ingredients, shipping, returns, usage tips, and more. Can't find what you need? Our team is ready to help.\",\"breadcrumb\":{\"@id\":\"https:\\\/\\\/taxne.com\\\/faqs\\\/#breadcrumb\"},\"inLanguage\":\"tr\",\"potentialAction\":[{\"@type\":\"ReadAction\",\"target\":[\"https:\\\/\\\/taxne.com\\\/faqs\\\/\"]}]},{\"@type\":\"BreadcrumbList\",\"@id\":\"https:\\\/\\\/taxne.com\\\/faqs\\\/#breadcrumb\",\"itemListElement\":[{\"@type\":\"ListItem\",\"position\":1,\"name\":\"\u9996\u9875\",\"item\":\"https:\\\/\\\/taxne.com\\\/\"},{\"@type\":\"ListItem\",\"position\":2,\"name\":\"Faqs\"}]},{\"@type\":\"WebSite\",\"@id\":\"https:\\\/\\\/taxne.com\\\/#website\",\"url\":\"https:\\\/\\\/taxne.com\\\/\",\"name\":\"taxne.com\",\"description\":\"\",\"publisher\":{\"@id\":\"https:\\\/\\\/taxne.com\\\/#organization\"},\"potentialAction\":[{\"@type\":\"SearchAction\",\"target\":{\"@type\":\"EntryPoint\",\"urlTemplate\":\"https:\\\/\\\/taxne.com\\\/?s={search_term_string}\"},\"query-input\":{\"@type\":\"PropertyValueSpecification\",\"valueRequired\":true,\"valueName\":\"search_term_string\"}}],\"inLanguage\":\"tr\"},{\"@type\":\"Organization\",\"@id\":\"https:\\\/\\\/taxne.com\\\/#organization\",\"name\":\"taxne.com\",\"url\":\"https:\\\/\\\/taxne.com\\\/\",\"logo\":{\"@type\":\"ImageObject\",\"inLanguage\":\"tr\",\"@id\":\"https:\\\/\\\/taxne.com\\\/#\\\/schema\\\/logo\\\/image\\\/\",\"url\":\"https:\\\/\\\/taxne.com\\\/wp-content\\\/uploads\\\/2025\\\/09\\\/cropped-logo.png\",\"contentUrl\":\"https:\\\/\\\/taxne.com\\\/wp-content\\\/uploads\\\/2025\\\/09\\\/cropped-logo.png\",\"width\":1027,\"height\":270,\"caption\":\"taxne.com\"},\"image\":{\"@id\":\"https:\\\/\\\/taxne.com\\\/#\\\/schema\\\/logo\\\/image\\\/\"}}]}<\/script>\n<!-- \/ Yoast SEO plugin. -->","yoast_head_json":{"title":"Herbal Soap FAQs | Shipping, Ingredients & Usage Questions | Taxne","description":"Find quick answers to your questions about Taxne herbal soaps. Learn about ingredients, shipping, returns, usage tips, and more. Can't find what you need? Our team is ready to help.","robots":{"index":"index","follow":"follow","max-snippet":"max-snippet:-1","max-image-preview":"max-image-preview:large","max-video-preview":"max-video-preview:-1"},"canonical":"https:\/\/taxne.com\/tr\/sss\/","og_locale":"tr_TR","og_type":"article","og_title":"Herbal Soap FAQs | Shipping, Ingredients & Usage Questions | Taxne","og_description":"Find quick answers to your questions about Taxne herbal soaps. Learn about ingredients, shipping, returns, usage tips, and more. Can't find what you need? Our team is ready to help.","og_url":"https:\/\/taxne.com\/tr\/sss\/","article_modified_time":"2025-09-10T09:05:04+00:00","twitter_card":"summary_large_image","twitter_misc":{"Tahmini okuma s\u00fcresi":"7 dakika"},"schema":{"@context":"https:\/\/schema.org","@graph":[{"@type":"WebPage","@id":"https:\/\/taxne.com\/faqs\/","url":"https:\/\/taxne.com\/faqs\/","name":"Herbal Soap FAQs | Shipping, Ingredients & Usage Questions | Taxne","isPartOf":{"@id":"https:\/\/taxne.com\/#website"},"datePublished":"2024-07-15T03:55:40+00:00","dateModified":"2025-09-10T09:05:04+00:00","description":"Find quick answers to your questions about Taxne herbal soaps. Learn about ingredients, shipping, returns, usage tips, and more. Can't find what you need? Our team is ready to help.","breadcrumb":{"@id":"https:\/\/taxne.com\/faqs\/#breadcrumb"},"inLanguage":"tr","potentialAction":[{"@type":"ReadAction","target":["https:\/\/taxne.com\/faqs\/"]}]},{"@type":"BreadcrumbList","@id":"https:\/\/taxne.com\/faqs\/#breadcrumb","itemListElement":[{"@type":"ListItem","position":1,"name":"\u9996\u9875","item":"https:\/\/taxne.com\/"},{"@type":"ListItem","position":2,"name":"Faqs"}]},{"@type":"WebSite","@id":"https:\/\/taxne.com\/#website","url":"https:\/\/taxne.com\/","name":"Taxne.com","description":"","publisher":{"@id":"https:\/\/taxne.com\/#organization"},"potentialAction":[{"@type":"SearchAction","target":{"@type":"EntryPoint","urlTemplate":"https:\/\/taxne.com\/?s={search_term_string}"},"query-input":{"@type":"PropertyValueSpecification","valueRequired":true,"valueName":"search_term_string"}}],"inLanguage":"tr"},{"@type":"Organization","@id":"https:\/\/taxne.com\/#organization","name":"Taxne.com","url":"https:\/\/taxne.com\/","logo":{"@type":"ImageObject","inLanguage":"tr","@id":"https:\/\/taxne.com\/#\/schema\/logo\/image\/","url":"https:\/\/taxne.com\/wp-content\/uploads\/2025\/09\/cropped-logo.png","contentUrl":"https:\/\/taxne.com\/wp-content\/uploads\/2025\/09\/cropped-logo.png","width":1027,"height":270,"caption":"taxne.com"},"image":{"@id":"https:\/\/taxne.com\/#\/schema\/logo\/image\/"}}]}},"uagb_featured_image_src":{"full":false,"thumbnail":false,"medium":false,"medium_large":false,"large":false,"1536x1536":false,"2048x2048":false,"trp-custom-language-flag":false,"woocommerce_thumbnail":false,"woocommerce_single":false,"woocommerce_gallery_thumbnail":false},"uagb_author_info":{"display_name":"tianke1223@gmail.com","author_link":"https:\/\/taxne.com\/tr\/author\/tianke1223gmail-com\/"},"uagb_comment_info":0,"uagb_excerpt":"SHIPPING WHAT IS THE STATUS OF MY ORDER? Once you have placed your order, we will send you a confirmation email to track the status of your order. Once your order is shipped we will send you another email along with the link to track your order. Or, you can track the status of your&hellip;","jetpack_sharing_enabled":true,"_links":{"self":[{"href":"https:\/\/taxne.com\/tr\/wp-json\/wp\/v2\/pages\/2129","targetHints":{"allow":["GET"]}}],"collection":[{"href":"https:\/\/taxne.com\/tr\/wp-json\/wp\/v2\/pages"}],"about":[{"href":"https:\/\/taxne.com\/tr\/wp-json\/wp\/v2\/types\/page"}],"author":[{"embeddable":true,"href":"https:\/\/taxne.com\/tr\/wp-json\/wp\/v2\/users\/1"}],"replies":[{"embeddable":true,"href":"https:\/\/taxne.com\/tr\/wp-json\/wp\/v2\/comments?post=2129"}],"version-history":[{"count":2,"href":"https:\/\/taxne.com\/tr\/wp-json\/wp\/v2\/pages\/2129\/revisions"}],"predecessor-version":[{"id":2131,"href":"https:\/\/taxne.com\/tr\/wp-json\/wp\/v2\/pages\/2129\/revisions\/2131"}],"wp:attachment":[{"href":"https:\/\/taxne.com\/tr\/wp-json\/wp\/v2\/media?parent=2129"}],"curies":[{"name":"wp","href":"https:\/\/api.w.org\/{rel}","templated":true}]}}