{"id":3,"date":"2024-07-11T14:22:53","date_gmt":"2024-07-11T14:22:53","guid":{"rendered":"https:\/\/taxne.com\/?page_id=3"},"modified":"2025-09-10T09:10:18","modified_gmt":"2025-09-10T09:10:18","slug":"privacy-policy","status":"publish","type":"page","link":"https:\/\/taxne.com\/tr\/gizlilik-politikasi\/","title":{"rendered":"Gizlilik Politikas\u0131"},"content":{"rendered":"<h3 class=\"wp-block-heading\">Gizlilik Politikas\u0131<\/h3>\n\n\n\n<p>Taxne.com web sitesi, ki\u015fisel verilerinizin veri sorumlusu olan Taxne&#039;ye aittir.<\/p>\n\n\n\n<p>Taxne.com taraf\u0131ndan toplanan bilgileri nas\u0131l i\u015fledi\u011fimizi belirleyen ve ayn\u0131 zamanda sizin hakk\u0131n\u0131zda belirli ki\u015fisel verileri neden toplamam\u0131z gerekti\u011finin nedenlerini de a\u00e7\u0131klayan bu Gizlilik Politikas\u0131n\u0131 benimsedik. Bu nedenle Taxne.com web sitesini kullanmadan \u00f6nce bu Gizlilik Politikas\u0131n\u0131 okumal\u0131s\u0131n\u0131z.<\/p>\n\n\n\n<p>Ki\u015fisel verilerinizi \u00f6nemsiyoruz ve gizlili\u011fini ve g\u00fcvenli\u011fini garanti etmeyi taahh\u00fct ediyoruz.<\/p>\n\n\n\n<h6 class=\"wp-block-heading\">Toplad\u0131\u011f\u0131m\u0131z ki\u015fisel bilgiler:<\/h6>\n\n\n\n<p>Taxne.com&#039;u ziyaret etti\u011finizde, web taray\u0131c\u0131n\u0131z, IP adresiniz, saat diliminiz ve cihaz\u0131n\u0131za y\u00fcklenen baz\u0131 \u00e7erezler hakk\u0131ndaki bilgiler de dahil olmak \u00fczere cihaz\u0131n\u0131z hakk\u0131ndaki belirli bilgileri otomatik olarak toplar\u0131z. Ayr\u0131ca, Siteye g\u00f6z att\u0131\u011f\u0131n\u0131zda, g\u00f6r\u00fcnt\u00fcledi\u011finiz bireysel web sayfalar\u0131 veya \u00fcr\u00fcnler, sizi Siteye y\u00f6nlendiren web siteleri veya arama terimleri ve Siteyle nas\u0131l etkile\u015fimde bulundu\u011funuz hakk\u0131nda bilgi toplar\u0131z. Otomatik olarak toplanan bu bilgilere \u201cCihaz Bilgileri\u201d ad\u0131n\u0131 veriyoruz. Ayr\u0131ca s\u00f6zle\u015fmenin gereklerini yerine getirebilmek i\u00e7in kay\u0131t s\u0131ras\u0131nda bize sa\u011flad\u0131\u011f\u0131n\u0131z ki\u015fisel verileri (Ad, Soyad, Adres, \u00f6deme bilgileri vb. dahil ancak bunlarla s\u0131n\u0131rl\u0131 olmamak \u00fczere) toplayabiliriz.<\/p>\n\n\n\n<h6 class=\"wp-block-heading\">Verilerinizi neden i\u015fliyoruz?<\/h6>\n\n\n\n<p>En b\u00fcy\u00fck \u00f6nceli\u011fimiz m\u00fc\u015fteri verilerinin g\u00fcvenli\u011fidir ve bu nedenle, yaln\u0131zca minimum d\u00fczeyde kullan\u0131c\u0131 verilerini, yaln\u0131zca web sitesini s\u00fcrd\u00fcrmek i\u00e7in kesinlikle gerekli oldu\u011fu kadar i\u015fleyebiliriz. Otomatik olarak toplanan bilgiler yaln\u0131zca olas\u0131 k\u00f6t\u00fcye kullan\u0131m durumlar\u0131n\u0131 belirlemek ve web sitesi kullan\u0131m\u0131na ili\u015fkin istatistiksel bilgiler olu\u015fturmak i\u00e7in kullan\u0131l\u0131r. Bu istatistiksel bilgiler, sistemin herhangi bir belirli kullan\u0131c\u0131s\u0131n\u0131 tan\u0131mlayacak \u015fekilde toplanmaz.<\/p>\n\n\n\n<p>Kim oldu\u011funuzu bize s\u00f6ylemeden veya birisinin sizi belirli, tan\u0131mlanabilir bir birey olarak tan\u0131mlayabilece\u011fi herhangi bir bilgiyi a\u00e7\u0131klamadan web sitesini ziyaret edebilirsiniz. Bununla birlikte, web sitesinin baz\u0131 \u00f6zelliklerini kullanmak istiyorsan\u0131z veya haber b\u00fcltenimizi almak istiyorsan\u0131z veya bir formu doldurarak ba\u015fka ayr\u0131nt\u0131lar vermek istiyorsan\u0131z, bize e-posta adresiniz, ad\u0131n\u0131z, soyad\u0131n\u0131z, \u015fehriniz gibi ki\u015fisel verileri sa\u011flayabilirsiniz. ikamet yeri, organizasyon, telefon numaras\u0131. Bize ki\u015fisel verilerinizi vermemeyi se\u00e7ebilirsiniz ancak bu durumda web sitesinin baz\u0131 \u00f6zelliklerinden yararlanamayabilirsiniz. \u00d6rne\u011fin, B\u00fcltenimizi alamayacaks\u0131n\u0131z veya bizimle do\u011frudan web sitesinden ileti\u015fime ge\u00e7emeyeceksiniz. Hangi bilgilerin zorunlu oldu\u011fu konusunda karars\u0131z olan kullan\u0131c\u0131lar bizimle ileti\u015fime ge\u00e7ebilirler. <a target=\"_blank\" href=\"mailto:tianke1223@gmail.com\" rel=\"noreferrer noopener\">tianke1223@gmail.com<\/a>.<\/p>\n\n\n\n<h6 class=\"wp-block-heading\">Haklar\u0131n\u0131z:<\/h6>\n\n\n\n<p>Avrupa&#039;da ikamet ediyorsan\u0131z ki\u015fisel verilerinizle ilgili a\u015fa\u011f\u0131daki haklara sahipsiniz:<\/p>\n\n\n\n<ul class=\"wp-block-list\">\n<li>Bilgilendirilme hakk\u0131.<\/li>\n\n\n\n<li>Eri\u015fim hakk\u0131.<\/li>\n\n\n\n<li>D\u00fczeltme hakk\u0131.<\/li>\n\n\n\n<li>Silme hakk\u0131.<\/li>\n\n\n\n<li>\u0130\u015flemeyi k\u0131s\u0131tlama hakk\u0131.<\/li>\n\n\n\n<li>Veri ta\u015f\u0131nabilirli\u011fi hakk\u0131.<\/li>\n\n\n\n<li>\u0130tiraz hakk\u0131.<\/li>\n\n\n\n<li>Otomatik karar verme ve profil olu\u015fturmayla ilgili haklar.<\/li>\n<\/ul>\n\n\n\n<p>Bu hakk\u0131n\u0131z\u0131 kullanmak istiyorsan\u0131z l\u00fctfen a\u015fa\u011f\u0131daki ileti\u015fim bilgilerinden bizimle ileti\u015fime ge\u00e7in.<\/p>\n\n\n\n<p>Ayr\u0131ca, Avrupa&#039;da ikamet ediyorsan\u0131z, bilgilerinizi sizinle yapabilece\u011fimiz s\u00f6zle\u015fmeleri yerine getirmek (\u00f6rne\u011fin, Site arac\u0131l\u0131\u011f\u0131yla sipari\u015f vermeniz durumunda) veya ba\u015fka bir \u015fekilde listelenen me\u015fru ticari \u00e7\u0131karlar\u0131m\u0131z\u0131 takip etmek amac\u0131yla i\u015fledi\u011fimizi belirtiyoruz. \u00fcst\u00fcnde. Ayr\u0131ca bilgilerinizin Kanada ve Amerika Birle\u015fik Devletleri dahil olmak \u00fczere Avrupa d\u0131\u015f\u0131na aktar\u0131labilece\u011fini l\u00fctfen unutmay\u0131n.<\/p>\n\n\n\n<h6 class=\"wp-block-heading\">Di\u011fer web sitelerine ba\u011flant\u0131lar:<\/h6>\n\n\n\n<p>Web sitemiz, taraf\u0131m\u0131za ait olmayan veya bizim kontrol\u00fcm\u00fcz alt\u0131nda olmayan di\u011fer web sitelerine ba\u011flant\u0131lar i\u00e7erebilir. Bu t\u00fcr di\u011fer web sitelerinden veya \u00fc\u00e7\u00fcnc\u00fc taraflar\u0131n gizlilik uygulamalar\u0131ndan sorumlu olmad\u0131\u011f\u0131m\u0131z\u0131 l\u00fctfen unutmay\u0131n. Web sitemizden ayr\u0131l\u0131rken dikkatli olman\u0131z\u0131 ve ki\u015fisel bilgi toplayabilen her web sitesinin gizlilik bildirimlerini okuman\u0131z\u0131 \u00f6neririz.<\/p>\n\n\n\n<h6 class=\"wp-block-heading\">Bilgi G\u00fcvenli\u011fi:<\/h6>\n\n\n\n<p>Bilgisayar sunucular\u0131nda sa\u011flad\u0131\u011f\u0131n\u0131z bilgileri, yetkisiz eri\u015fime, kullan\u0131ma veya if\u015fa edilmeye kar\u015f\u0131 korunan kontroll\u00fc, g\u00fcvenli bir ortamda g\u00fcvence alt\u0131na al\u0131yoruz. Yetkisiz eri\u015fime, kullan\u0131ma, de\u011fi\u015fikli\u011fe ve ki\u015fisel verilerin if\u015fa edilmesine kar\u015f\u0131 koruma sa\u011flamak i\u00e7in makul idari, teknik ve fiziksel \u00f6nlemleri kendi kontrol\u00fcm\u00fcz alt\u0131nda tutuyoruz. Ancak internet veya kablosuz a\u011f \u00fczerinden hi\u00e7bir veri aktar\u0131m\u0131 garanti edilemez.<\/p>\n\n\n\n<h6 class=\"wp-block-heading\">Yasal a\u00e7\u0131klama:<\/h6>\n\n\n\n<p>Toplad\u0131\u011f\u0131m\u0131z, kulland\u0131\u011f\u0131m\u0131z veya ald\u0131\u011f\u0131m\u0131z her t\u00fcrl\u00fc bilgiyi, \u00f6rne\u011fin bir mahkeme celbi veya benzeri yasal s\u00fcrece uymak i\u00e7in yasalar\u0131n gerektirmesi veya izin vermesi halinde ve haklar\u0131m\u0131z\u0131 korumak, g\u00fcvenli\u011finizi korumak veya if\u015fa etmenin gerekli oldu\u011funa iyi niyetle inand\u0131\u011f\u0131m\u0131zda if\u015fa edece\u011fiz. ba\u015fkalar\u0131n\u0131n g\u00fcvenli\u011fini sa\u011flamak, doland\u0131r\u0131c\u0131l\u0131\u011f\u0131 ara\u015ft\u0131rmak veya resmi makamlar\u0131n talebine yan\u0131t vermek.<\/p>\n\n\n\n<h6 class=\"wp-block-heading\">\u0130leti\u015fim bilgileri:<\/h6>\n\n\n\n<p>Bu Politika hakk\u0131nda daha fazla bilgi edinmek i\u00e7in bizimle ileti\u015fime ge\u00e7mek isterseniz veya bireysel haklar\u0131n\u0131z ve Ki\u015fisel Bilgilerinizle ilgili herhangi bir konuda bizimle ileti\u015fime ge\u00e7mek isterseniz, adresine e-posta g\u00f6nderebilirsiniz. <a target=\"_blank\" href=\"mailto:tianke1223@gmail.com\" rel=\"noreferrer noopener\">tianke1223@gmail.com<\/a>.<\/p>","protected":false},"excerpt":{"rendered":"<p>Privacy Policy Taxne.com website is owned by Taxne, which is a data controller of your personal data. We have adopted this Privacy Policy, which determines how we are processing the information collected by Taxne.com, which also provides the reasons why we must collect certain personal data about you. Therefore, you must read this Privacy Policy [&hellip;]<\/p>\n","protected":false},"author":1,"featured_media":0,"parent":0,"menu_order":0,"comment_status":"closed","ping_status":"closed","template":"","meta":{"_uag_custom_page_level_css":"","site-sidebar-layout":"default","site-content-layout":"","ast-site-content-layout":"default","site-content-style":"default","site-sidebar-style":"default","ast-global-header-display":"","ast-banner-title-visibility":"","ast-main-header-display":"","ast-hfb-above-header-display":"","ast-hfb-below-header-display":"","ast-hfb-mobile-header-display":"","site-post-title":"","ast-breadcrumbs-content":"","ast-featured-img":"","footer-sml-layout":"","ast-disable-related-posts":"","theme-transparent-header-meta":"","adv-header-id-meta":"","stick-header-meta":"","header-above-stick-meta":"","header-main-stick-meta":"","header-below-stick-meta":"","astra-migrate-meta-layouts":"set","ast-page-background-enabled":"default","ast-page-background-meta":{"desktop":{"background-color":"","background-image":"","background-repeat":"repeat","background-position":"center center","background-size":"auto","background-attachment":"scroll","background-type":"","background-media":"","overlay-type":"","overlay-color":"","overlay-opacity":"","overlay-gradient":""},"tablet":{"background-color":"","background-image":"","background-repeat":"repeat","background-position":"center center","background-size":"auto","background-attachment":"scroll","background-type":"","background-media":"","overlay-type":"","overlay-color":"","overlay-opacity":"","overlay-gradient":""},"mobile":{"background-color":"","background-image":"","background-repeat":"repeat","background-position":"center center","background-size":"auto","background-attachment":"scroll","background-type":"","background-media":"","overlay-type":"","overlay-color":"","overlay-opacity":"","overlay-gradient":""}},"ast-content-background-meta":{"desktop":{"background-color":"var(--ast-global-color-5)","background-image":"","background-repeat":"repeat","background-position":"center center","background-size":"auto","background-attachment":"scroll","background-type":"","background-media":"","overlay-type":"","overlay-color":"","overlay-opacity":"","overlay-gradient":""},"tablet":{"background-color":"var(--ast-global-color-5)","background-image":"","background-repeat":"repeat","background-position":"center center","background-size":"auto","background-attachment":"scroll","background-type":"","background-media":"","overlay-type":"","overlay-color":"","overlay-opacity":"","overlay-gradient":""},"mobile":{"background-color":"var(--ast-global-color-5)","background-image":"","background-repeat":"repeat","background-position":"center center","background-size":"auto","background-attachment":"scroll","background-type":"","background-media":"","overlay-type":"","overlay-color":"","overlay-opacity":"","overlay-gradient":""}},"footnotes":""},"class_list":["post-3","page","type-page","status-publish","hentry"],"yoast_head":"<!-- This site is optimized with the Yoast SEO plugin v27.3 - https:\/\/yoast.com\/product\/yoast-seo-wordpress\/ -->\n<title>Privacy Policy | Your Data Security &amp; Protection | Taxne<\/title>\n<meta name=\"description\" content=\"Read Taxne&#039;s Privacy Policy to understand how we collect, use, and protect your personal information. We are committed to transparency and GDPR compliance. Your privacy is our priority.\" \/>\n<meta name=\"robots\" content=\"index, follow, max-snippet:-1, max-image-preview:large, max-video-preview:-1\" \/>\n<link rel=\"canonical\" href=\"https:\/\/taxne.com\/tr\/gizlilik-politikasi\/\" \/>\n<meta property=\"og:locale\" content=\"tr_TR\" \/>\n<meta property=\"og:type\" content=\"article\" \/>\n<meta property=\"og:title\" content=\"Privacy Policy | Your Data Security &amp; Protection | Taxne\" \/>\n<meta property=\"og:description\" content=\"Read Taxne&#039;s Privacy Policy to understand how we collect, use, and protect your personal information. We are committed to transparency and GDPR compliance. Your privacy is our priority.\" \/>\n<meta property=\"og:url\" content=\"https:\/\/taxne.com\/tr\/gizlilik-politikasi\/\" \/>\n<meta property=\"article:modified_time\" content=\"2025-09-10T09:10:18+00:00\" \/>\n<meta name=\"twitter:card\" content=\"summary_large_image\" \/>\n<meta name=\"twitter:label1\" content=\"Tahmini okuma s\u00fcresi\" \/>\n\t<meta name=\"twitter:data1\" content=\"5 dakika\" \/>\n<script type=\"application\/ld+json\" class=\"yoast-schema-graph\">{\"@context\":\"https:\\\/\\\/schema.org\",\"@graph\":[{\"@type\":\"WebPage\",\"@id\":\"https:\\\/\\\/taxne.com\\\/privacy-policy\\\/\",\"url\":\"https:\\\/\\\/taxne.com\\\/privacy-policy\\\/\",\"name\":\"Privacy Policy | Your Data Security & Protection | Taxne\",\"isPartOf\":{\"@id\":\"https:\\\/\\\/taxne.com\\\/#website\"},\"datePublished\":\"2024-07-11T14:22:53+00:00\",\"dateModified\":\"2025-09-10T09:10:18+00:00\",\"description\":\"Read Taxne's Privacy Policy to understand how we collect, use, and protect your personal information. We are committed to transparency and GDPR compliance. Your privacy is our priority.\",\"breadcrumb\":{\"@id\":\"https:\\\/\\\/taxne.com\\\/privacy-policy\\\/#breadcrumb\"},\"inLanguage\":\"tr\",\"potentialAction\":[{\"@type\":\"ReadAction\",\"target\":[\"https:\\\/\\\/taxne.com\\\/privacy-policy\\\/\"]}]},{\"@type\":\"BreadcrumbList\",\"@id\":\"https:\\\/\\\/taxne.com\\\/privacy-policy\\\/#breadcrumb\",\"itemListElement\":[{\"@type\":\"ListItem\",\"position\":1,\"name\":\"\u9996\u9875\",\"item\":\"https:\\\/\\\/taxne.com\\\/\"},{\"@type\":\"ListItem\",\"position\":2,\"name\":\"Privacy Policy\"}]},{\"@type\":\"WebSite\",\"@id\":\"https:\\\/\\\/taxne.com\\\/#website\",\"url\":\"https:\\\/\\\/taxne.com\\\/\",\"name\":\"taxne.com\",\"description\":\"\",\"publisher\":{\"@id\":\"https:\\\/\\\/taxne.com\\\/#organization\"},\"potentialAction\":[{\"@type\":\"SearchAction\",\"target\":{\"@type\":\"EntryPoint\",\"urlTemplate\":\"https:\\\/\\\/taxne.com\\\/?s={search_term_string}\"},\"query-input\":{\"@type\":\"PropertyValueSpecification\",\"valueRequired\":true,\"valueName\":\"search_term_string\"}}],\"inLanguage\":\"tr\"},{\"@type\":\"Organization\",\"@id\":\"https:\\\/\\\/taxne.com\\\/#organization\",\"name\":\"taxne.com\",\"url\":\"https:\\\/\\\/taxne.com\\\/\",\"logo\":{\"@type\":\"ImageObject\",\"inLanguage\":\"tr\",\"@id\":\"https:\\\/\\\/taxne.com\\\/#\\\/schema\\\/logo\\\/image\\\/\",\"url\":\"https:\\\/\\\/taxne.com\\\/wp-content\\\/uploads\\\/2025\\\/09\\\/cropped-logo.png\",\"contentUrl\":\"https:\\\/\\\/taxne.com\\\/wp-content\\\/uploads\\\/2025\\\/09\\\/cropped-logo.png\",\"width\":1027,\"height\":270,\"caption\":\"taxne.com\"},\"image\":{\"@id\":\"https:\\\/\\\/taxne.com\\\/#\\\/schema\\\/logo\\\/image\\\/\"}}]}<\/script>\n<!-- \/ Yoast SEO plugin. -->","yoast_head_json":{"title":"Privacy Policy | Your Data Security & Protection | Taxne","description":"Read Taxne's Privacy Policy to understand how we collect, use, and protect your personal information. We are committed to transparency and GDPR compliance. Your privacy is our priority.","robots":{"index":"index","follow":"follow","max-snippet":"max-snippet:-1","max-image-preview":"max-image-preview:large","max-video-preview":"max-video-preview:-1"},"canonical":"https:\/\/taxne.com\/tr\/gizlilik-politikasi\/","og_locale":"tr_TR","og_type":"article","og_title":"Privacy Policy | Your Data Security & Protection | Taxne","og_description":"Read Taxne's Privacy Policy to understand how we collect, use, and protect your personal information. We are committed to transparency and GDPR compliance. Your privacy is our priority.","og_url":"https:\/\/taxne.com\/tr\/gizlilik-politikasi\/","article_modified_time":"2025-09-10T09:10:18+00:00","twitter_card":"summary_large_image","twitter_misc":{"Tahmini okuma s\u00fcresi":"5 dakika"},"schema":{"@context":"https:\/\/schema.org","@graph":[{"@type":"WebPage","@id":"https:\/\/taxne.com\/privacy-policy\/","url":"https:\/\/taxne.com\/privacy-policy\/","name":"Privacy Policy | Your Data Security & Protection | Taxne","isPartOf":{"@id":"https:\/\/taxne.com\/#website"},"datePublished":"2024-07-11T14:22:53+00:00","dateModified":"2025-09-10T09:10:18+00:00","description":"Read Taxne's Privacy Policy to understand how we collect, use, and protect your personal information. We are committed to transparency and GDPR compliance. Your privacy is our priority.","breadcrumb":{"@id":"https:\/\/taxne.com\/privacy-policy\/#breadcrumb"},"inLanguage":"tr","potentialAction":[{"@type":"ReadAction","target":["https:\/\/taxne.com\/privacy-policy\/"]}]},{"@type":"BreadcrumbList","@id":"https:\/\/taxne.com\/privacy-policy\/#breadcrumb","itemListElement":[{"@type":"ListItem","position":1,"name":"\u9996\u9875","item":"https:\/\/taxne.com\/"},{"@type":"ListItem","position":2,"name":"Privacy Policy"}]},{"@type":"WebSite","@id":"https:\/\/taxne.com\/#website","url":"https:\/\/taxne.com\/","name":"Taxne.com","description":"","publisher":{"@id":"https:\/\/taxne.com\/#organization"},"potentialAction":[{"@type":"SearchAction","target":{"@type":"EntryPoint","urlTemplate":"https:\/\/taxne.com\/?s={search_term_string}"},"query-input":{"@type":"PropertyValueSpecification","valueRequired":true,"valueName":"search_term_string"}}],"inLanguage":"tr"},{"@type":"Organization","@id":"https:\/\/taxne.com\/#organization","name":"Taxne.com","url":"https:\/\/taxne.com\/","logo":{"@type":"ImageObject","inLanguage":"tr","@id":"https:\/\/taxne.com\/#\/schema\/logo\/image\/","url":"https:\/\/taxne.com\/wp-content\/uploads\/2025\/09\/cropped-logo.png","contentUrl":"https:\/\/taxne.com\/wp-content\/uploads\/2025\/09\/cropped-logo.png","width":1027,"height":270,"caption":"taxne.com"},"image":{"@id":"https:\/\/taxne.com\/#\/schema\/logo\/image\/"}}]}},"uagb_featured_image_src":{"full":false,"thumbnail":false,"medium":false,"medium_large":false,"large":false,"1536x1536":false,"2048x2048":false,"trp-custom-language-flag":false,"woocommerce_thumbnail":false,"woocommerce_single":false,"woocommerce_gallery_thumbnail":false},"uagb_author_info":{"display_name":"tianke1223@gmail.com","author_link":"https:\/\/taxne.com\/tr\/author\/tianke1223gmail-com\/"},"uagb_comment_info":0,"uagb_excerpt":"Privacy Policy Taxne.com website is owned by Taxne, which is a data controller of your personal data. We have adopted this Privacy Policy, which determines how we are processing the information collected by Taxne.com, which also provides the reasons why we must collect certain personal data about you. Therefore, you must read this Privacy Policy&hellip;","jetpack_sharing_enabled":true,"_links":{"self":[{"href":"https:\/\/taxne.com\/tr\/wp-json\/wp\/v2\/pages\/3","targetHints":{"allow":["GET"]}}],"collection":[{"href":"https:\/\/taxne.com\/tr\/wp-json\/wp\/v2\/pages"}],"about":[{"href":"https:\/\/taxne.com\/tr\/wp-json\/wp\/v2\/types\/page"}],"author":[{"embeddable":true,"href":"https:\/\/taxne.com\/tr\/wp-json\/wp\/v2\/users\/1"}],"replies":[{"embeddable":true,"href":"https:\/\/taxne.com\/tr\/wp-json\/wp\/v2\/comments?post=3"}],"version-history":[{"count":1,"href":"https:\/\/taxne.com\/tr\/wp-json\/wp\/v2\/pages\/3\/revisions"}],"predecessor-version":[{"id":2118,"href":"https:\/\/taxne.com\/tr\/wp-json\/wp\/v2\/pages\/3\/revisions\/2118"}],"wp:attachment":[{"href":"https:\/\/taxne.com\/tr\/wp-json\/wp\/v2\/media?parent=3"}],"curies":[{"name":"wp","href":"https:\/\/api.w.org\/{rel}","templated":true}]}}