{"id":7238,"date":"2024-10-15T07:12:07","date_gmt":"2024-10-15T07:12:07","guid":{"rendered":"https:\/\/taxne.com\/?post_type=product&#038;p=7238"},"modified":"2026-01-26T09:16:34","modified_gmt":"2026-01-26T09:16:34","slug":"999-cold-medicine-999-gan-mao-ling-chinese-cold-remedy-granules-10-boxes","status":"publish","type":"product","link":"https:\/\/taxne.com\/tr\/urun\/999-soguk-alginligi-ilaci-999-gan-mao-ling-cin-soguk-alginligi-ilaci-granulleri-10-kutu\/","title":{"rendered":"999 So\u011fuk Alg\u0131nl\u0131\u011f\u0131 \u0130lac\u0131 \u2013 999 Gan Mao Ling | \u00c7in So\u011fuk Alg\u0131nl\u0131\u011f\u0131 \u0130lac\u0131 Gran\u00fclleri 10 kutu"},"content":{"rendered":"<p><a href=\"https:\/\/laxne.com\/goods?text=999%E6%84%9F%E5%86%92%E7%81%B5\">999 cold medicine<\/a> &#8211; <a href=\"https:\/\/laxne.com\/goods?text=999%E6%84%9F%E5%86%92%E7%81%B5\">999 gan mao ling<\/a>,999 cold remedy granular,999 Cold Remedy,999 chinese cold medicine,<a href=\"https:\/\/laxne.com\/goods?text=999%E6%84%9F%E5%86%92%E7%81%B5\">999 Gan Mao Ling Ke Li<\/a><br \/>\nEtkileri<br \/>\nGan Mao Ling Ke Li ate\u015f d\u00fc\u015f\u00fcr\u00fcc\u00fc ve a\u011fr\u0131 kesici etkiye sahiptir ve so\u011fuk alg\u0131nl\u0131\u011f\u0131n\u0131n neden oldu\u011fu ba\u015f a\u011fr\u0131s\u0131, ate\u015f, burun t\u0131kan\u0131kl\u0131\u011f\u0131, burun ak\u0131nt\u0131s\u0131, bo\u011faz a\u011fr\u0131s\u0131 vb. i\u00e7in kullan\u0131labilir.<br \/>\n\u00d6nlemler<br \/>\n\u0130la\u00e7 kullan\u0131m\u0131 s\u0131ras\u0131nda t\u00fct\u00fcn, alkol, baharatl\u0131, so\u011fuk ve ya\u011fl\u0131 yiyeceklerden uzak durulmal\u0131d\u0131r.<br \/>\nGan Mao Ling Ke Li\u2019yi kimler kullanmamal\u0131d\u0131r?<br \/>\n\u00b7Bu \u00fcr\u00fcne alerjisi olan ki\u015filerin kullanmas\u0131 yasakt\u0131r.<br \/>\n\u00b7\u015eiddetli karaci\u011fer ve b\u00f6brek yetmezli\u011fi olan ki\u015filere yasakt\u0131r.<br \/>\nGan Mao Ling Ke Li&#039;yi kimler dikkatli kullanmal\u0131d\u0131r?<br \/>\n\u00b7Karaci\u011fer ve b\u00f6brek yetmezli\u011fi olan ki\u015filer dikkatli kullanmal\u0131d\u0131r.<br \/>\n\u00b7Mesane boynu t\u0131kan\u0131kl\u0131\u011f\u0131, hipertiroidi, glokom, hipertansiyon ve prostat hipertrofisi olan ki\u015filerde dikkatli kullan\u0131lmal\u0131d\u0131r.<br \/>\nHamile ve emziren kad\u0131nlar\u0131n dikkatli kullanmas\u0131 gerekir.<br \/>\nDalak ve mide yetersizli\u011fi, kar\u0131n a\u011fr\u0131s\u0131, s\u0131ca\u011f\u0131 tercih etme ve ishal gibi \u015fikayetleri olanlar\u0131n dikkatli kullanmas\u0131 gerekir.<br \/>\nDiyabet, peptik \u00fclser ve pilor duodenum t\u0131kan\u0131kl\u0131\u011f\u0131 olan ki\u015filerde dikkatli kullan\u0131lmal\u0131d\u0131r.<br \/>\nAlerjik b\u00fcnyeli ki\u015filerin dikkatli kullanmas\u0131 gerekir.<br \/>\n\u00d6zel gruplar Ganmaoling Gran\u00fcllerini kullanabilir mi?<br \/>\nHamile ve emziren kad\u0131nlar: Hamile ve emziren kad\u0131nlar dikkatli kullanmal\u0131d\u0131r. Hamileyseniz, hamile kalmay\u0131 planl\u0131yorsan\u0131z veya emziriyorsan\u0131z l\u00fctfen doktorunuzu zaman\u0131nda bilgilendirin.<br \/>\nVe en iyi tedavi plan\u0131n\u0131 se\u00e7mek i\u00e7in dan\u0131\u015f\u0131n.<br \/>\n\u00b7\u00c7ocuklar: \u00c7ocuklar\u0131n ila\u00e7 kullan\u0131m\u0131 mutlaka doktor kontrol\u00fcnde ve yeti\u015fkin g\u00f6zetiminde yap\u0131lmal\u0131d\u0131r.<br \/>\nGanmaoling Gran\u00fcl hangi ila\u00e7larla etkile\u015fime girer?<br \/>\n\u0130la\u00e7 kullan\u0131m\u0131 s\u0131ras\u0131nda tonik \u00c7in ilac\u0131 kullan\u0131lmas\u0131 tavsiye edilmez.<br \/>\nBu \u00fcr\u00fcn ayn\u0131 anda ba\u015fka ila\u00e7larla birlikte kullan\u0131l\u0131rsa ila\u00e7 etkile\u015fimleri meydana gelebilir. Bu nedenle, ba\u015fka ila\u00e7lar kullan\u0131yorsan\u0131z l\u00fctfen ilac\u0131 almadan \u00f6nce bir doktora dan\u0131\u015f\u0131n ve doktorunuzu t\u00fcm do\u011frulanm\u0131\u015f hastal\u0131klar\u0131n\u0131z ve ald\u0131\u011f\u0131n\u0131z tedavi planlar\u0131 hakk\u0131nda bilgilendirin.<br \/>\nKullan\u0131m ve Dozaj<br \/>\n\u00c7ocuklar, ya\u015fl\u0131lar ve emziren kad\u0131nlar i\u00e7in l\u00fctfen \u00f6zel ila\u00e7lar i\u00e7in bir doktora dan\u0131\u015f\u0131n. \u0130la\u00e7lar\u0131 keyfi olarak almay\u0131n.<br \/>\nGanmaoling Gran\u00fcllerinin dozaj formlar\u0131 veya \u00f6zellikleri nelerdir?<br \/>\nGanmaoling Gran\u00fclleri: Her torba 10 gr a\u011f\u0131rl\u0131\u011f\u0131ndad\u0131r (0,2 gr parasetamol, 4 mg klorfeniramin maleat ve 4 mg kafein i\u00e7erir).<br \/>\nGanmaoling Gran\u00fcllerinin \u00f6zel kullan\u0131m\u0131 nedir?<br \/>\nKaynam\u0131\u015f su ile g\u00fcnde 3 defa 1 po\u015fet halinde al\u0131n\u0131r. \u00c7ocuklarda dozu azalt\u0131n veya doktorun tavsiyesine uyun.<br \/>\nKullan\u0131m talimatlar\u0131<br \/>\nBu \u00fcr\u00fcn\u00fcn \u00f6zellikleri de\u011fi\u015fti\u011finde kullan\u0131m\u0131 yasakt\u0131r. L\u00fctfen bu \u00fcr\u00fcn\u00fc \u00e7ocuklar\u0131n eri\u015femeyece\u011fi yerde saklay\u0131n. \u0130lac\u0131 3 g\u00fcn kulland\u0131ktan sonra semptomlar d\u00fczelmezse veya daha da k\u00f6t\u00fcle\u015firse veya yeni ciddi semptomlar (g\u00f6\u011f\u00fcs s\u0131k\u0131\u015fmas\u0131, kalp \u00e7arp\u0131nt\u0131s\u0131 vb.) ortaya \u00e7\u0131karsa, ila\u00e7 derhal kesilmeli ve tedavi i\u00e7in hastaneye gidilmelidir.<br \/>\nGanmao Ling Gran\u00fcl&#039;\u00fc almay\u0131 unutursam ne yapmal\u0131y\u0131m?<br \/>\nE\u011fer unutulan ila\u00e7 s\u00fcresi k\u0131sa ise l\u00fctfen m\u00fcmk\u00fcn olan en k\u0131sa s\u00fcrede telafi edin, ancak bir sonraki ilac\u0131n zaman\u0131 yakla\u015fm\u0131\u015fsa (iki normal ila\u00e7 aras\u0131ndaki s\u00fcrenin yar\u0131s\u0131ndan fazlas\u0131) l\u00fctfen unutulan dozu atlay\u0131n ve ilac\u0131 do\u011frudan bir sonraki ila\u00e7 zaman\u0131nda al\u0131n.<br \/>\nToksik reaksiyonlardan ka\u00e7\u0131nmak i\u00e7in ayn\u0131 anda iki doz almamaya dikkat edin.<br \/>\nDozaj konusunda emin de\u011filseniz l\u00fctfen doktorunuza veya eczac\u0131n\u0131za dan\u0131\u015f\u0131n\u0131z.<br \/>\nGanmao Ling Gran\u00fcl&#039;den a\u015f\u0131r\u0131 doz al\u0131rsam ne yapmal\u0131y\u0131m?<br \/>\nDozaj, ila\u00e7 talimatlar\u0131nda belirtilen dozun 1 kat\u0131n\u0131 a\u015farsa veya doktorun re\u00e7ete etti\u011fi dozu a\u015farsa, bu bir ila\u00e7 a\u015f\u0131r\u0131 dozudur. \u0130lac\u0131n a\u015f\u0131r\u0131 dozunu al\u0131rken, herhangi bir rahats\u0131zl\u0131k yoksa, g\u00f6zlemlemeye devam etmeniz ve bir dahaki sefere ilac\u0131 almay\u0131 b\u0131rakman\u0131z \u00f6nerilir; rahats\u0131zl\u0131k varsa, ilac\u0131 b\u0131rakt\u0131ktan sonra hala rahatlamam\u0131\u015fsa ve tedavi i\u00e7in hastaneye gitmeniz gerekir.<br \/>\nGanmao Ling Gran\u00fcl&#039;\u00fcn yan etkileri nelerdir?<br \/>\nNadiren deri d\u00f6k\u00fcnt\u00fcs\u00fc, \u00fcrtiker, ila\u00e7 ate\u015fi ve gran\u00fclositopeni g\u00f6r\u00fclebilir.<br \/>\nUyu\u015fukluk, uyu\u015fukluk, susama ve halsizlik g\u00f6r\u00fclebilir;<br \/>\n\u0130lac\u0131n uzun s\u00fcreli ve b\u00fcy\u00fck \u00e7apl\u0131 kullan\u0131m\u0131 karaci\u011fer ve b\u00f6brek fonksiyonlar\u0131nda anormalli\u011fe yol a\u00e7abiliyor.<br \/>\n\u0130la\u00e7 kullan\u0131m\u0131 s\u0131ras\u0131nda herhangi bir rahats\u0131zl\u0131k hissederseniz l\u00fctfen zaman\u0131nda doktorunuza dan\u0131\u015f\u0131n.<br \/>\nHangi durumlarda Ganmao Ling Gran\u00fcl kullan\u0131m\u0131n\u0131 hemen b\u0131rakmal\u0131s\u0131n\u0131z?<br \/>\n\u0130lac\u0131 ald\u0131ktan sonra, a\u011f\u0131z ve dil kurulu\u011fu, el ve ayaklar\u0131n \u0131s\u0131nmas\u0131 veya di\u011fer fiziksel rahats\u0131zl\u0131klar gibi Yin yaralanmas\u0131 belirtileri ya\u015farsan\u0131z, ilac\u0131 b\u0131rak\u0131n ve g\u00f6zlemleyin. Ayr\u0131ca, ba\u015fka yan etkiler de ya\u015fayabilirsiniz. \u0130lac\u0131 ald\u0131ktan sonra rahats\u0131zl\u0131k hissederseniz, l\u00fctfen doktorunuzu zaman\u0131nda bilgilendirin. Doktor, yan etkinin \u015fiddetine g\u00f6re ilac\u0131 b\u0131rak\u0131p b\u0131rakmamaya veya gerekli \u00f6nlemleri almaya karar verecektir.<br \/>\nHangi durumlarda en k\u0131sa s\u00fcrede hastaneye gitmeniz gerekir?<br \/>\n\u0130lac\u0131 \u00fc\u00e7 g\u00fcn boyunca ald\u0131ktan sonra semptomlar d\u00fczelmezse veya durum k\u00f6t\u00fcle\u015firse, tedavi i\u00e7in hastaneye gitmelisiniz. Ayr\u0131ca, ila\u00e7 s\u0131ras\u0131nda ba\u015fka olumsuz reaksiyonlar ortaya \u00e7\u0131karsa, l\u00fctfen zaman\u0131nda t\u0131bbi yard\u0131m al\u0131n.<\/p>","protected":false},"excerpt":{"rendered":"<p><a href=\"https:\/\/laxne.com\/goods?text=999%E6%84%9F%E5%86%92%E7%81%B5\">999 Ganmao Ling Ke Li<\/a><br \/>\nEtkileri<br \/>\nGanmao Ling Ke Li, ate\u015f d\u00fc\u015f\u00fcr\u00fcc\u00fc ve a\u011fr\u0131 kesici etkiye sahiptir ve so\u011fuk alg\u0131nl\u0131\u011f\u0131n\u0131n neden oldu\u011fu ba\u015f a\u011fr\u0131s\u0131, ate\u015f, burun t\u0131kan\u0131kl\u0131\u011f\u0131, burun ak\u0131nt\u0131s\u0131, bo\u011faz a\u011fr\u0131s\u0131 vb. i\u00e7in kullan\u0131labilir.<br \/>\n\u00d6nlemler<br \/>\n\u0130la\u00e7 kullan\u0131m\u0131 s\u0131ras\u0131nda t\u00fct\u00fcn, alkol, baharatl\u0131, so\u011fuk ve ya\u011fl\u0131 yiyeceklerden uzak durulmal\u0131d\u0131r.<br \/>\nGanmao Ling Ke Li&#039;yi kimler kullanmamal\u0131d\u0131r?<br \/>\n\u00b7Bu \u00fcr\u00fcne alerjisi olan ki\u015filerin kullanmas\u0131 yasakt\u0131r.<br \/>\n\u00b7\u015eiddetli karaci\u011fer ve b\u00f6brek yetmezli\u011fi olan ki\u015filere yasakt\u0131r.<br \/>\nGanmao Ling Ke Li&#039;yi kimler dikkatli kullanmal\u0131d\u0131r?<br \/>\n\u00b7Karaci\u011fer ve b\u00f6brek yetmezli\u011fi olan ki\u015filer dikkatli kullanmal\u0131d\u0131r.<br \/>\n\u00b7Mesane boynu t\u0131kan\u0131kl\u0131\u011f\u0131, hipertiroidi, glokom, hipertansiyon ve prostat hipertrofisi olan ki\u015filerde dikkatli kullan\u0131lmal\u0131d\u0131r.<br \/>\nHamile ve emziren kad\u0131nlar\u0131n dikkatli kullanmas\u0131 gerekir.<br \/>\nDalak ve mide yetersizli\u011fi, kar\u0131n a\u011fr\u0131s\u0131, s\u0131ca\u011f\u0131 tercih etme ve ishal gibi \u015fikayetleri olanlar\u0131n dikkatli kullanmas\u0131 gerekir.<br \/>\nDiyabet, peptik \u00fclser ve pilor duodenum t\u0131kan\u0131kl\u0131\u011f\u0131 olan ki\u015filerde dikkatli kullan\u0131lmal\u0131d\u0131r.<br \/>\nAlerjik b\u00fcnyeli ki\u015filerin dikkatli kullanmas\u0131 gerekir.<\/p>","protected":false},"featured_media":7242,"comment_status":"open","ping_status":"closed","template":"","meta":{"_uag_custom_page_level_css":"","site-sidebar-layout":"default","site-content-layout":"","ast-site-content-layout":"default","site-content-style":"default","site-sidebar-style":"default","ast-global-header-display":"","ast-banner-title-visibility":"","ast-main-header-display":"","ast-hfb-above-header-display":"","ast-hfb-below-header-display":"","ast-hfb-mobile-header-display":"","site-post-title":"","ast-breadcrumbs-content":"","ast-featured-img":"","footer-sml-layout":"","ast-disable-related-posts":"","theme-transparent-header-meta":"default","adv-header-id-meta":"","stick-header-meta":"","header-above-stick-meta":"","header-main-stick-meta":"","header-below-stick-meta":"","astra-migrate-meta-layouts":"set","ast-page-background-enabled":"default","ast-page-background-meta":{"desktop":{"background-color":"","background-image":"","background-repeat":"repeat","background-position":"center center","background-size":"auto","background-attachment":"scroll","background-type":"","background-media":"","overlay-type":"","overlay-color":"","overlay-opacity":"","overlay-gradient":""},"tablet":{"background-color":"","background-image":"","background-repeat":"repeat","background-position":"center center","background-size":"auto","background-attachment":"scroll","background-type":"","background-media":"","overlay-type":"","overlay-color":"","overlay-opacity":"","overlay-gradient":""},"mobile":{"background-color":"","background-image":"","background-repeat":"repeat","background-position":"center center","background-size":"auto","background-attachment":"scroll","background-type":"","background-media":"","overlay-type":"","overlay-color":"","overlay-opacity":"","overlay-gradient":""}},"ast-content-background-meta":{"desktop":{"background-color":"var(--ast-global-color-5)","background-image":"","background-repeat":"repeat","background-position":"center center","background-size":"auto","background-attachment":"scroll","background-type":"","background-media":"","overlay-type":"","overlay-color":"","overlay-opacity":"","overlay-gradient":""},"tablet":{"background-color":"var(--ast-global-color-5)","background-image":"","background-repeat":"repeat","background-position":"center center","background-size":"auto","background-attachment":"scroll","background-type":"","background-media":"","overlay-type":"","overlay-color":"","overlay-opacity":"","overlay-gradient":""},"mobile":{"background-color":"var(--ast-global-color-5)","background-image":"","background-repeat":"repeat","background-position":"center center","background-size":"auto","background-attachment":"scroll","background-type":"","background-media":"","overlay-type":"","overlay-color":"","overlay-opacity":"","overlay-gradient":""}}},"product_brand":[],"product_cat":[36],"product_tag":[],"class_list":{"0":"post-7238","1":"product","2":"type-product","3":"status-publish","4":"has-post-thumbnail","6":"product_cat-herbal","7":"desktop-align-left","8":"tablet-align-left","9":"mobile-align-left","11":"first","12":"instock","13":"shipping-taxable","14":"purchasable","15":"product-type-simple"},"yoast_head":"<!-- This site is optimized with the Yoast SEO plugin v27.3 - https:\/\/yoast.com\/product\/yoast-seo-wordpress\/ -->\n<title>999 Cold Medicine-Gan Mao Ling|Chinese Cold Remedy Granules -<\/title>\n<meta name=\"description\" content=\"Relieve cold symptoms with 999 Cold Medicine (999 Gan Mao Ling). Discover the trusted 999 cold remedy granules used in Chinese medicine for fast relief.\" \/>\n<meta name=\"robots\" content=\"index, follow, max-snippet:-1, max-image-preview:large, max-video-preview:-1\" \/>\n<link rel=\"canonical\" href=\"https:\/\/taxne.com\/tr\/urun\/999-soguk-alginligi-ilaci-999-gan-mao-ling-cin-soguk-alginligi-ilaci-granulleri-10-kutu\/\" \/>\n<meta property=\"og:locale\" content=\"tr_TR\" \/>\n<meta property=\"og:type\" content=\"article\" \/>\n<meta property=\"og:title\" content=\"999 Cold Medicine-Gan Mao Ling|Chinese Cold Remedy Granules -\" \/>\n<meta property=\"og:description\" content=\"Relieve cold symptoms with 999 Cold Medicine (999 Gan Mao Ling). Discover the trusted 999 cold remedy granules used in Chinese medicine for fast relief.\" \/>\n<meta property=\"og:url\" content=\"https:\/\/taxne.com\/tr\/urun\/999-soguk-alginligi-ilaci-999-gan-mao-ling-cin-soguk-alginligi-ilaci-granulleri-10-kutu\/\" \/>\n<meta property=\"article:modified_time\" content=\"2026-01-26T09:16:34+00:00\" \/>\n<meta property=\"og:image\" content=\"https:\/\/taxne.com\/wp-content\/uploads\/2024\/10\/4c7ad753c9adffb2.jpg.png\" \/>\n\t<meta property=\"og:image:width\" content=\"800\" \/>\n\t<meta property=\"og:image:height\" content=\"800\" \/>\n\t<meta property=\"og:image:type\" content=\"image\/png\" \/>\n<meta name=\"twitter:card\" content=\"summary_large_image\" \/>\n<meta name=\"twitter:label1\" content=\"Tahmini okuma s\u00fcresi\" \/>\n\t<meta name=\"twitter:data1\" content=\"5 dakika\" \/>\n<script type=\"application\/ld+json\" class=\"yoast-schema-graph\">{\"@context\":\"https:\\\/\\\/schema.org\",\"@graph\":[{\"@type\":\"WebPage\",\"@id\":\"https:\\\/\\\/taxne.com\\\/product\\\/999-cold-medicine-999-gan-mao-ling-chinese-cold-remedy-granules-10-boxes\\\/\",\"url\":\"https:\\\/\\\/taxne.com\\\/product\\\/999-cold-medicine-999-gan-mao-ling-chinese-cold-remedy-granules-10-boxes\\\/\",\"name\":\"999 Cold Medicine-Gan Mao Ling|Chinese Cold Remedy Granules -\",\"isPartOf\":{\"@id\":\"https:\\\/\\\/taxne.com\\\/#website\"},\"primaryImageOfPage\":{\"@id\":\"https:\\\/\\\/taxne.com\\\/product\\\/999-cold-medicine-999-gan-mao-ling-chinese-cold-remedy-granules-10-boxes\\\/#primaryimage\"},\"image\":{\"@id\":\"https:\\\/\\\/taxne.com\\\/product\\\/999-cold-medicine-999-gan-mao-ling-chinese-cold-remedy-granules-10-boxes\\\/#primaryimage\"},\"thumbnailUrl\":\"https:\\\/\\\/taxne.com\\\/wp-content\\\/uploads\\\/2024\\\/10\\\/4c7ad753c9adffb2.jpg.png\",\"datePublished\":\"2024-10-15T07:12:07+00:00\",\"dateModified\":\"2026-01-26T09:16:34+00:00\",\"description\":\"Relieve cold symptoms with 999 Cold Medicine (999 Gan Mao Ling). Discover the trusted 999 cold remedy granules used in Chinese medicine for fast relief.\",\"breadcrumb\":{\"@id\":\"https:\\\/\\\/taxne.com\\\/product\\\/999-cold-medicine-999-gan-mao-ling-chinese-cold-remedy-granules-10-boxes\\\/#breadcrumb\"},\"inLanguage\":\"tr\",\"potentialAction\":[{\"@type\":\"ReadAction\",\"target\":[\"https:\\\/\\\/taxne.com\\\/product\\\/999-cold-medicine-999-gan-mao-ling-chinese-cold-remedy-granules-10-boxes\\\/\"]}]},{\"@type\":\"ImageObject\",\"inLanguage\":\"tr\",\"@id\":\"https:\\\/\\\/taxne.com\\\/product\\\/999-cold-medicine-999-gan-mao-ling-chinese-cold-remedy-granules-10-boxes\\\/#primaryimage\",\"url\":\"https:\\\/\\\/taxne.com\\\/wp-content\\\/uploads\\\/2024\\\/10\\\/4c7ad753c9adffb2.jpg.png\",\"contentUrl\":\"https:\\\/\\\/taxne.com\\\/wp-content\\\/uploads\\\/2024\\\/10\\\/4c7ad753c9adffb2.jpg.png\",\"width\":800,\"height\":800,\"caption\":\"999 Cold Medicine - 999 Gan Mao Ling | Chinese Cold Remedy Granules\"},{\"@type\":\"BreadcrumbList\",\"@id\":\"https:\\\/\\\/taxne.com\\\/product\\\/999-cold-medicine-999-gan-mao-ling-chinese-cold-remedy-granules-10-boxes\\\/#breadcrumb\",\"itemListElement\":[{\"@type\":\"ListItem\",\"position\":1,\"name\":\"\u9996\u9875\",\"item\":\"https:\\\/\\\/taxne.com\\\/\"},{\"@type\":\"ListItem\",\"position\":2,\"name\":\"Shop\",\"item\":\"https:\\\/\\\/taxne.com\\\/shop-2\\\/\"},{\"@type\":\"ListItem\",\"position\":3,\"name\":\"999 Cold Medicine &#8211; 999 Gan Mao Ling | Chinese Cold Remedy Granules 10 boxes\"}]},{\"@type\":\"WebSite\",\"@id\":\"https:\\\/\\\/taxne.com\\\/#website\",\"url\":\"https:\\\/\\\/taxne.com\\\/\",\"name\":\"taxne.com\",\"description\":\"\",\"publisher\":{\"@id\":\"https:\\\/\\\/taxne.com\\\/#organization\"},\"potentialAction\":[{\"@type\":\"SearchAction\",\"target\":{\"@type\":\"EntryPoint\",\"urlTemplate\":\"https:\\\/\\\/taxne.com\\\/?s={search_term_string}\"},\"query-input\":{\"@type\":\"PropertyValueSpecification\",\"valueRequired\":true,\"valueName\":\"search_term_string\"}}],\"inLanguage\":\"tr\"},{\"@type\":\"Organization\",\"@id\":\"https:\\\/\\\/taxne.com\\\/#organization\",\"name\":\"taxne.com\",\"url\":\"https:\\\/\\\/taxne.com\\\/\",\"logo\":{\"@type\":\"ImageObject\",\"inLanguage\":\"tr\",\"@id\":\"https:\\\/\\\/taxne.com\\\/#\\\/schema\\\/logo\\\/image\\\/\",\"url\":\"https:\\\/\\\/taxne.com\\\/wp-content\\\/uploads\\\/2025\\\/09\\\/cropped-logo.png\",\"contentUrl\":\"https:\\\/\\\/taxne.com\\\/wp-content\\\/uploads\\\/2025\\\/09\\\/cropped-logo.png\",\"width\":1027,\"height\":270,\"caption\":\"taxne.com\"},\"image\":{\"@id\":\"https:\\\/\\\/taxne.com\\\/#\\\/schema\\\/logo\\\/image\\\/\"}}]}<\/script>\n<!-- \/ Yoast SEO plugin. -->","yoast_head_json":{"title":"999 Cold Medicine-Gan Mao Ling|Chinese Cold Remedy Granules -","description":"999 So\u011fuk Alg\u0131nl\u0131\u011f\u0131 \u0130lac\u0131 (999 Gan Mao Ling) ile so\u011fuk alg\u0131nl\u0131\u011f\u0131 semptomlar\u0131n\u0131 hafifletin. \u00c7in t\u0131bb\u0131nda h\u0131zl\u0131 rahatlama i\u00e7in kullan\u0131lan g\u00fcvenilir 999 so\u011fuk alg\u0131nl\u0131\u011f\u0131 ilac\u0131 gran\u00fcllerini ke\u015ffedin.","robots":{"index":"index","follow":"follow","max-snippet":"max-snippet:-1","max-image-preview":"max-image-preview:large","max-video-preview":"max-video-preview:-1"},"canonical":"https:\/\/taxne.com\/tr\/urun\/999-soguk-alginligi-ilaci-999-gan-mao-ling-cin-soguk-alginligi-ilaci-granulleri-10-kutu\/","og_locale":"tr_TR","og_type":"article","og_title":"999 Cold Medicine-Gan Mao Ling|Chinese Cold Remedy Granules -","og_description":"Relieve cold symptoms with 999 Cold Medicine (999 Gan Mao Ling). Discover the trusted 999 cold remedy granules used in Chinese medicine for fast relief.","og_url":"https:\/\/taxne.com\/tr\/urun\/999-soguk-alginligi-ilaci-999-gan-mao-ling-cin-soguk-alginligi-ilaci-granulleri-10-kutu\/","article_modified_time":"2026-01-26T09:16:34+00:00","og_image":[{"width":800,"height":800,"url":"https:\/\/taxne.com\/wp-content\/uploads\/2024\/10\/4c7ad753c9adffb2.jpg.png","type":"image\/png"}],"twitter_card":"summary_large_image","twitter_misc":{"Tahmini okuma s\u00fcresi":"5 dakika"},"schema":{"@context":"https:\/\/schema.org","@graph":[{"@type":"WebPage","@id":"https:\/\/taxne.com\/product\/999-cold-medicine-999-gan-mao-ling-chinese-cold-remedy-granules-10-boxes\/","url":"https:\/\/taxne.com\/product\/999-cold-medicine-999-gan-mao-ling-chinese-cold-remedy-granules-10-boxes\/","name":"999 Cold Medicine-Gan Mao Ling|Chinese Cold Remedy Granules -","isPartOf":{"@id":"https:\/\/taxne.com\/#website"},"primaryImageOfPage":{"@id":"https:\/\/taxne.com\/product\/999-cold-medicine-999-gan-mao-ling-chinese-cold-remedy-granules-10-boxes\/#primaryimage"},"image":{"@id":"https:\/\/taxne.com\/product\/999-cold-medicine-999-gan-mao-ling-chinese-cold-remedy-granules-10-boxes\/#primaryimage"},"thumbnailUrl":"https:\/\/taxne.com\/wp-content\/uploads\/2024\/10\/4c7ad753c9adffb2.jpg.png","datePublished":"2024-10-15T07:12:07+00:00","dateModified":"2026-01-26T09:16:34+00:00","description":"999 So\u011fuk Alg\u0131nl\u0131\u011f\u0131 \u0130lac\u0131 (999 Gan Mao Ling) ile so\u011fuk alg\u0131nl\u0131\u011f\u0131 semptomlar\u0131n\u0131 hafifletin. \u00c7in t\u0131bb\u0131nda h\u0131zl\u0131 rahatlama i\u00e7in kullan\u0131lan g\u00fcvenilir 999 so\u011fuk alg\u0131nl\u0131\u011f\u0131 ilac\u0131 gran\u00fcllerini ke\u015ffedin.","breadcrumb":{"@id":"https:\/\/taxne.com\/product\/999-cold-medicine-999-gan-mao-ling-chinese-cold-remedy-granules-10-boxes\/#breadcrumb"},"inLanguage":"tr","potentialAction":[{"@type":"ReadAction","target":["https:\/\/taxne.com\/product\/999-cold-medicine-999-gan-mao-ling-chinese-cold-remedy-granules-10-boxes\/"]}]},{"@type":"ImageObject","inLanguage":"tr","@id":"https:\/\/taxne.com\/product\/999-cold-medicine-999-gan-mao-ling-chinese-cold-remedy-granules-10-boxes\/#primaryimage","url":"https:\/\/taxne.com\/wp-content\/uploads\/2024\/10\/4c7ad753c9adffb2.jpg.png","contentUrl":"https:\/\/taxne.com\/wp-content\/uploads\/2024\/10\/4c7ad753c9adffb2.jpg.png","width":800,"height":800,"caption":"999 Cold Medicine - 999 Gan Mao Ling | Chinese Cold Remedy Granules"},{"@type":"BreadcrumbList","@id":"https:\/\/taxne.com\/product\/999-cold-medicine-999-gan-mao-ling-chinese-cold-remedy-granules-10-boxes\/#breadcrumb","itemListElement":[{"@type":"ListItem","position":1,"name":"\u9996\u9875","item":"https:\/\/taxne.com\/"},{"@type":"ListItem","position":2,"name":"Shop","item":"https:\/\/taxne.com\/shop-2\/"},{"@type":"ListItem","position":3,"name":"999 Cold Medicine &#8211; 999 Gan Mao Ling | Chinese Cold Remedy Granules 10 boxes"}]},{"@type":"WebSite","@id":"https:\/\/taxne.com\/#website","url":"https:\/\/taxne.com\/","name":"Taxne.com","description":"","publisher":{"@id":"https:\/\/taxne.com\/#organization"},"potentialAction":[{"@type":"SearchAction","target":{"@type":"EntryPoint","urlTemplate":"https:\/\/taxne.com\/?s={search_term_string}"},"query-input":{"@type":"PropertyValueSpecification","valueRequired":true,"valueName":"search_term_string"}}],"inLanguage":"tr"},{"@type":"Organization","@id":"https:\/\/taxne.com\/#organization","name":"Taxne.com","url":"https:\/\/taxne.com\/","logo":{"@type":"ImageObject","inLanguage":"tr","@id":"https:\/\/taxne.com\/#\/schema\/logo\/image\/","url":"https:\/\/taxne.com\/wp-content\/uploads\/2025\/09\/cropped-logo.png","contentUrl":"https:\/\/taxne.com\/wp-content\/uploads\/2025\/09\/cropped-logo.png","width":1027,"height":270,"caption":"taxne.com"},"image":{"@id":"https:\/\/taxne.com\/#\/schema\/logo\/image\/"}}]}},"uagb_featured_image_src":{"full":["https:\/\/taxne.com\/wp-content\/uploads\/2024\/10\/4c7ad753c9adffb2.jpg.png",800,800,false],"thumbnail":["https:\/\/taxne.com\/wp-content\/uploads\/2024\/10\/4c7ad753c9adffb2.jpg-150x150.png",150,150,true],"medium":["https:\/\/taxne.com\/wp-content\/uploads\/2024\/10\/4c7ad753c9adffb2.jpg-300x300.png",300,300,true],"medium_large":["https:\/\/taxne.com\/wp-content\/uploads\/2024\/10\/4c7ad753c9adffb2.jpg-768x768.png",768,768,true],"large":["https:\/\/taxne.com\/wp-content\/uploads\/2024\/10\/4c7ad753c9adffb2.jpg.png",800,800,false],"1536x1536":["https:\/\/taxne.com\/wp-content\/uploads\/2024\/10\/4c7ad753c9adffb2.jpg.png",800,800,false],"2048x2048":["https:\/\/taxne.com\/wp-content\/uploads\/2024\/10\/4c7ad753c9adffb2.jpg.png",800,800,false],"trp-custom-language-flag":["https:\/\/taxne.com\/wp-content\/uploads\/2024\/10\/4c7ad753c9adffb2.jpg-12x12.png",12,12,true],"woocommerce_thumbnail":["https:\/\/taxne.com\/wp-content\/uploads\/2024\/10\/4c7ad753c9adffb2.jpg-300x300.png",300,300,true],"woocommerce_single":["https:\/\/taxne.com\/wp-content\/uploads\/2024\/10\/4c7ad753c9adffb2.jpg-600x600.png",600,600,true],"woocommerce_gallery_thumbnail":["https:\/\/taxne.com\/wp-content\/uploads\/2024\/10\/4c7ad753c9adffb2.jpg-100x100.png",100,100,true]},"uagb_author_info":{"display_name":"tianke1223@gmail.com","author_link":"https:\/\/taxne.com\/tr\/author\/"},"uagb_comment_info":0,"uagb_excerpt":"999 Ganmao Ling Ke Li Effects Ganmao Ling Ke Li has antipyretic and analgesic effects and can be used for headaches, fever, nasal congestion, runny nose, sore throat, etc. caused by colds Precautions During medication, tobacco, alcohol, spicy, cold, and greasy foods should be avoided. Who should not use Ganmao Ling Ke Li? \u00b7People who&hellip;","jetpack_sharing_enabled":true,"_links":{"self":[{"href":"https:\/\/taxne.com\/tr\/wp-json\/wp\/v2\/product\/7238","targetHints":{"allow":["GET"]}}],"collection":[{"href":"https:\/\/taxne.com\/tr\/wp-json\/wp\/v2\/product"}],"about":[{"href":"https:\/\/taxne.com\/tr\/wp-json\/wp\/v2\/types\/product"}],"replies":[{"embeddable":true,"href":"https:\/\/taxne.com\/tr\/wp-json\/wp\/v2\/comments?post=7238"}],"wp:featuredmedia":[{"embeddable":true,"href":"https:\/\/taxne.com\/tr\/wp-json\/wp\/v2\/media\/7242"}],"wp:attachment":[{"href":"https:\/\/taxne.com\/tr\/wp-json\/wp\/v2\/media?parent=7238"}],"wp:term":[{"taxonomy":"product_brand","embeddable":true,"href":"https:\/\/taxne.com\/tr\/wp-json\/wp\/v2\/product_brand?post=7238"},{"taxonomy":"product_cat","embeddable":true,"href":"https:\/\/taxne.com\/tr\/wp-json\/wp\/v2\/product_cat?post=7238"},{"taxonomy":"product_tag","embeddable":true,"href":"https:\/\/taxne.com\/tr\/wp-json\/wp\/v2\/product_tag?post=7238"}],"curies":[{"name":"wp","href":"https:\/\/api.w.org\/{rel}","templated":true}]}}