{"id":2123,"date":"2024-07-15T03:51:33","date_gmt":"2024-07-15T03:51:33","guid":{"rendered":"https:\/\/taxne.com\/?page_id=2123"},"modified":"2025-09-10T09:07:15","modified_gmt":"2025-09-10T09:07:15","slug":"payment-policy","status":"publish","type":"page","link":"https:\/\/taxne.com\/vi\/chinh-sach-thanh-toan\/","title":{"rendered":"Ch\u00ednh s\u00e1ch thanh to\u00e1n"},"content":{"rendered":"<p>PH\u01af\u01a0NG TH\u1ee8C THANH TO\u00c1N<\/p>\n\n\n\n<p>Ch\u00fang t\u00f4i ch\u1ea5p nh\u1eadn th\u1ebb Visa, MasterCard v\u00e0 American Express.<\/p>\n\n\n\n<p>B\u1ea1n c\u0169ng c\u00f3 th\u1ec3 ch\u1ecdn thanh to\u00e1n b\u1eb1ng PayPal. Khi ch\u1ecdn t\u00f9y ch\u1ecdn n\u00e0y khi thanh to\u00e1n, b\u1ea1n s\u1ebd \u0111\u01b0\u1ee3c chuy\u1ec3n \u0111\u1ebfn trang PayPal \u0111\u1ec3 ho\u00e0n t\u1ea5t giao d\u1ecbch mua c\u1ee7a m\u00ecnh tr\u01b0\u1edbc khi quay l\u1ea1i <a target=\"_blank\" href=\"https:\/\/taxne.com\/vi\/\" rel=\"noreferrer noopener\">Taxne.com<\/a><a target=\"_blank\" href=\"http:\/\/diabeticbuy.com\/\" rel=\"noreferrer noopener\">.<\/a><\/p>\n\n\n\n<p><a target=\"_blank\" href=\"http:\/\/diabetesbuy.com\/\" rel=\"noreferrer noopener\">N\u1ebfu th\u1ebb giao d\u1ecbch<\/a>v\u00e0o \u0111\u01b0\u1ee3c ph\u00ea duy\u1ec7t, s\u1ed1 ti\u1ec1n s\u1ebd \u0111\u01b0\u1ee3c d\u1ef1 tr\u1eef<a target=\"_blank\" href=\"https:\/\/taxne.com\/vi\/\" rel=\"noreferrer noopener\">ed ngay l\u1eadp t\u1ee9c Taxne.com<\/a> v\u00e0 b\u1ea1n s\u1ebd nh\u1eadn \u0111\u01b0\u1ee3c x\u00e1c nh\u1eadn \u0111\u01a1n h\u00e0ng v\u00e0o email c\u1ee7a m\u00ecnh. N\u1ebfu giao d\u1ecbch th\u1ebb t\u00edn d\u1ee5ng kh\u00f4ng \u0111\u01b0\u1ee3c ch\u1ea5p thu\u1eadn, \u0111\u01a1n h\u00e0ng c\u1ee7a b\u1ea1n s\u1ebd b\u1ecb h\u1ee7y. Vui l\u00f2ng li\u00ean h\u1ec7 v\u1edbi ng\u00e2n h\u00e0ng c\u1ee7a b\u1ea1n ho\u1eb7c<a target=\"_blank\" href=\"http:\/\/diabetesbuy.com\/\" rel=\"noreferrer noopener\"> nh\u00e0 cung c\u1ea5p th\u1ebb n\u1ebfu<\/a> b\u1ea1n c\u00f3 b\u1ea5t k\u1ef3 c\u00e2u h\u1ecfi n\u00e0o v\u1ec1 \u0111i\u1ec1u n\u00e0y<\/p>\n\n\n\n<p>B\u1ea2O M\u1eacT THANH TO\u00c1N<\/p>\n\n\n\n<p><a target=\"_blank\" href=\"https:\/\/taxne.com\/vi\/\" rel=\"noreferrer noopener\">Taxne.com<\/a> s\u1eed d\u1ee5ng c\u00f4ng ngh\u1ec7 L\u1edbp c\u1ed5ng b\u1ea3o m\u1eadt (SSL) \u0111\u1ec3 m\u00e3 h\u00f3a v\u00e0 b\u1ea3o v\u1ec7 d\u1eef li\u1ec7u b\u1ea1n g\u1eedi cho ch\u00fang t\u00f4i qua internet. N\u1ebfu SSL \u0111\u01b0\u1ee3c b\u1eadt, b\u1ea1n s\u1ebd th\u1ea5y \u1ed5 kh\u00f3a \u1edf \u0111\u1ea7u tr\u00ecnh duy\u1ec7t c\u1ee7a m\u00ecnh v\u00e0 b\u1ea1n c\u00f3 th\u1ec3 nh\u1ea5p v\u00e0o \u0111\u00e2y \u0111\u1ec3 t\u00ecm hi\u1ec3u <a target=\"_blank\" href=\"http:\/\/diabetesbuy.com\/\" rel=\"noreferrer noopener\">th\u00eam th\u00f4ng tin <\/a>\u1edf tr\u00ean<a target=\"_blank\" href=\"http:\/\/diabetesbuy.com\/\" rel=\"noreferrer noopener\">t\u1eeb SSL k\u1ef9 thu\u1eadt s\u1ed1<\/a> \u0111\u0103ng k\u00fd ch\u1ee9ng ch\u1ec9.<\/p>\n\n\n\n<p>B\u1ea1n c\u0169ng s\u1ebd nh\u1eadn th\u1ea5y r\u1eb1ng khi nh\u00ecn v\u00e0o URL \u1edf \u0111\u1ea7u tr\u00ecnh duy\u1ec7t, b\u1ea1n s\u1ebd th\u1ea5y n\u00f3 b\u1eaft \u0111\u1ea7u b\u1eb1ng &#039;https&#039; thay v\u00ec &#039;http&#039;. \u0110i\u1ec1u n\u00e0y c\u00f3 ngh\u0129a l\u00e0 b\u1ea1n \u0111ang \u1edf ch\u1ebf \u0111\u1ed9 an to\u00e0n.<\/p>\n\n\n\n<p><a target=\"_blank\" href=\"https:\/\/taxne.com\/vi\/\" rel=\"noreferrer noopener\">Taxne.com <\/a>\u0111\u01b0\u1ee3c \u0111\u0103ng k\u00fd v\u1edbi Cybertrust nh\u01b0 m\u1ed9t trang web x\u00e1c th\u1ef1c. <a target=\"_blank\" href=\"http:\/\/diabetesbuy.com\/\" rel=\"noreferrer noopener\">\u0110i\u1ec1u n\u00e0y \u0111\u1ea3m b\u1ea3o r\u1eb1ng <\/a>th\u00f4ng tin c\u1ee7a b\u1ea1n \u0111\u01b0\u1ee3c gi\u1eef k\u00edn gi\u1eefa tr\u00ecnh duy\u1ec7t web c\u1ee7a b\u1ea1n v\u00e0 m\u00e1y ch\u1ee7 web c\u1ee7a ch\u00fang t\u00f4i.<\/p>\n\n\n\n<p>N\u1ebfu t\u1ed5 ch\u1ee9c ph\u00e1t h\u00e0nh th\u1ebb c\u1ee7a b\u1ea1n c\u00f3 tr\u1ee5 s\u1edf t\u1ea1i EU, b\u1ea1n c\u00f3 th\u1ec3 \u0111\u01b0\u1ee3c y\u00eau c\u1ea7u x\u00e1c minh kho\u1ea3n thanh to\u00e1n c\u1ee7a m\u00ecnh.<a target=\"_blank\" href=\"http:\/\/diabetesbuy.com\/\" rel=\"noreferrer noopener\">ue c\u00f3 m\u1ed9t y\u00eau c\u1ea7u m\u1edbi<\/a>\u0111\u01b0\u1ee3c \u0111i\u1ec1u ch\u1ec9nh theo Ch\u1ec9 th\u1ecb D\u1ecbch v\u1ee5 Thanh to\u00e1n th\u1ee9 hai (PSD2). B\u1ea1n s\u1ebd \u0111\u01b0\u1ee3c chuy\u1ec3n \u0111\u1ebfn m\u1ed9t trang chuy\u00ean d\u1ee5ng \u0111\u1ec3 nh\u1eadp th\u00eam th\u00f4ng tin ho\u1eb7c \u0111\u01b0\u1ee3c y\u00eau c\u1ea7u \u1ee7y quy\u1ec1n <a target=\"_blank\" href=\"http:\/\/diabetesbuy.com\/\" rel=\"noreferrer noopener\">thanh to\u00e1n b\u1eb1ng c\u00e1ch s\u1eed d\u1ee5ng <\/a>\u0111i\u1ec7n tho\u1ea1i di \u0111\u1ed9ng c\u1ee7a b\u1ea1n. Sau khi ho\u00e0n t\u1ea5t, b\u1ea1n s\u1ebd quay l\u1ea1i <a target=\"_blank\" href=\"https:\/\/taxne.com\/vi\/\" rel=\"noreferrer noopener\">Taxne.com<\/a><a target=\"_blank\" href=\"http:\/\/diabeticbuy.com\/\" rel=\"noreferrer noopener\">.<\/a><\/p>","protected":false},"excerpt":{"rendered":"<p>PAYMENT METHOD We accept Visa, MasterCard and American Express cards. You can also choose to pay with PayPal. When selecting this option at checkout, you will be directed to the PayPal site to complete your purchase before returning to Taxne.com. If the card transaction is approved, the amount will be reserved immediately Taxne.com and you [&hellip;]<\/p>\n","protected":false},"author":1,"featured_media":0,"parent":0,"menu_order":0,"comment_status":"closed","ping_status":"closed","template":"","meta":{"_uag_custom_page_level_css":"","site-sidebar-layout":"default","site-content-layout":"","ast-site-content-layout":"default","site-content-style":"default","site-sidebar-style":"default","ast-global-header-display":"","ast-banner-title-visibility":"","ast-main-header-display":"","ast-hfb-above-header-display":"","ast-hfb-below-header-display":"","ast-hfb-mobile-header-display":"","site-post-title":"","ast-breadcrumbs-content":"","ast-featured-img":"","footer-sml-layout":"","ast-disable-related-posts":"","theme-transparent-header-meta":"","adv-header-id-meta":"","stick-header-meta":"","header-above-stick-meta":"","header-main-stick-meta":"","header-below-stick-meta":"","astra-migrate-meta-layouts":"set","ast-page-background-enabled":"default","ast-page-background-meta":{"desktop":{"background-color":"","background-image":"","background-repeat":"repeat","background-position":"center center","background-size":"auto","background-attachment":"scroll","background-type":"","background-media":"","overlay-type":"","overlay-color":"","overlay-opacity":"","overlay-gradient":""},"tablet":{"background-color":"","background-image":"","background-repeat":"repeat","background-position":"center center","background-size":"auto","background-attachment":"scroll","background-type":"","background-media":"","overlay-type":"","overlay-color":"","overlay-opacity":"","overlay-gradient":""},"mobile":{"background-color":"","background-image":"","background-repeat":"repeat","background-position":"center center","background-size":"auto","background-attachment":"scroll","background-type":"","background-media":"","overlay-type":"","overlay-color":"","overlay-opacity":"","overlay-gradient":""}},"ast-content-background-meta":{"desktop":{"background-color":"var(--ast-global-color-5)","background-image":"","background-repeat":"repeat","background-position":"center center","background-size":"auto","background-attachment":"scroll","background-type":"","background-media":"","overlay-type":"","overlay-color":"","overlay-opacity":"","overlay-gradient":""},"tablet":{"background-color":"var(--ast-global-color-5)","background-image":"","background-repeat":"repeat","background-position":"center center","background-size":"auto","background-attachment":"scroll","background-type":"","background-media":"","overlay-type":"","overlay-color":"","overlay-opacity":"","overlay-gradient":""},"mobile":{"background-color":"var(--ast-global-color-5)","background-image":"","background-repeat":"repeat","background-position":"center center","background-size":"auto","background-attachment":"scroll","background-type":"","background-media":"","overlay-type":"","overlay-color":"","overlay-opacity":"","overlay-gradient":""}},"footnotes":""},"class_list":["post-2123","page","type-page","status-publish","hentry"],"yoast_head":"<!-- This site is optimized with the Yoast SEO plugin v27.3 - https:\/\/yoast.com\/product\/yoast-seo-wordpress\/ -->\n<title>Secure Payment Options &amp; Policy | Accepted Methods &amp; Info | Taxne<\/title>\n<meta name=\"description\" content=\"View Taxne&#039;s secure payment policy. We accept all major credit cards, PayPal, and more. Your transactions are encrypted and protected. Questions about refunds or payment methods? Find answers here.\" \/>\n<meta name=\"robots\" content=\"index, follow, max-snippet:-1, max-image-preview:large, max-video-preview:-1\" \/>\n<link rel=\"canonical\" href=\"https:\/\/taxne.com\/vi\/chinh-sach-thanh-toan\/\" \/>\n<meta property=\"og:locale\" content=\"vi_VN\" \/>\n<meta property=\"og:type\" content=\"article\" \/>\n<meta property=\"og:title\" content=\"Secure Payment Options &amp; Policy | Accepted Methods &amp; Info | Taxne\" \/>\n<meta property=\"og:description\" content=\"View Taxne&#039;s secure payment policy. We accept all major credit cards, PayPal, and more. Your transactions are encrypted and protected. Questions about refunds or payment methods? Find answers here.\" \/>\n<meta property=\"og:url\" content=\"https:\/\/taxne.com\/vi\/chinh-sach-thanh-toan\/\" \/>\n<meta property=\"article:modified_time\" content=\"2025-09-10T09:07:15+00:00\" \/>\n<meta name=\"twitter:card\" content=\"summary_large_image\" \/>\n<meta name=\"twitter:label1\" content=\"\u01af\u1edbc t\u00ednh th\u1eddi gian \u0111\u1ecdc\" \/>\n\t<meta name=\"twitter:data1\" content=\"2 ph\u00fat\" \/>\n<script type=\"application\/ld+json\" class=\"yoast-schema-graph\">{\"@context\":\"https:\\\/\\\/schema.org\",\"@graph\":[{\"@type\":\"WebPage\",\"@id\":\"https:\\\/\\\/taxne.com\\\/payment-policy\\\/\",\"url\":\"https:\\\/\\\/taxne.com\\\/payment-policy\\\/\",\"name\":\"Secure Payment Options & Policy | Accepted Methods & Info | Taxne\",\"isPartOf\":{\"@id\":\"https:\\\/\\\/taxne.com\\\/#website\"},\"datePublished\":\"2024-07-15T03:51:33+00:00\",\"dateModified\":\"2025-09-10T09:07:15+00:00\",\"description\":\"View Taxne's secure payment policy. We accept all major credit cards, PayPal, and more. Your transactions are encrypted and protected. Questions about refunds or payment methods? Find answers here.\",\"breadcrumb\":{\"@id\":\"https:\\\/\\\/taxne.com\\\/payment-policy\\\/#breadcrumb\"},\"inLanguage\":\"vi\",\"potentialAction\":[{\"@type\":\"ReadAction\",\"target\":[\"https:\\\/\\\/taxne.com\\\/payment-policy\\\/\"]}]},{\"@type\":\"BreadcrumbList\",\"@id\":\"https:\\\/\\\/taxne.com\\\/payment-policy\\\/#breadcrumb\",\"itemListElement\":[{\"@type\":\"ListItem\",\"position\":1,\"name\":\"\u9996\u9875\",\"item\":\"https:\\\/\\\/taxne.com\\\/\"},{\"@type\":\"ListItem\",\"position\":2,\"name\":\"Payment Policy\"}]},{\"@type\":\"WebSite\",\"@id\":\"https:\\\/\\\/taxne.com\\\/#website\",\"url\":\"https:\\\/\\\/taxne.com\\\/\",\"name\":\"taxne.com\",\"description\":\"\",\"publisher\":{\"@id\":\"https:\\\/\\\/taxne.com\\\/#organization\"},\"potentialAction\":[{\"@type\":\"SearchAction\",\"target\":{\"@type\":\"EntryPoint\",\"urlTemplate\":\"https:\\\/\\\/taxne.com\\\/?s={search_term_string}\"},\"query-input\":{\"@type\":\"PropertyValueSpecification\",\"valueRequired\":true,\"valueName\":\"search_term_string\"}}],\"inLanguage\":\"vi\"},{\"@type\":\"Organization\",\"@id\":\"https:\\\/\\\/taxne.com\\\/#organization\",\"name\":\"taxne.com\",\"url\":\"https:\\\/\\\/taxne.com\\\/\",\"logo\":{\"@type\":\"ImageObject\",\"inLanguage\":\"vi\",\"@id\":\"https:\\\/\\\/taxne.com\\\/#\\\/schema\\\/logo\\\/image\\\/\",\"url\":\"https:\\\/\\\/taxne.com\\\/wp-content\\\/uploads\\\/2025\\\/09\\\/cropped-logo.png\",\"contentUrl\":\"https:\\\/\\\/taxne.com\\\/wp-content\\\/uploads\\\/2025\\\/09\\\/cropped-logo.png\",\"width\":1027,\"height\":270,\"caption\":\"taxne.com\"},\"image\":{\"@id\":\"https:\\\/\\\/taxne.com\\\/#\\\/schema\\\/logo\\\/image\\\/\"}}]}<\/script>\n<!-- \/ Yoast SEO plugin. -->","yoast_head_json":{"title":"Secure Payment Options & Policy | Accepted Methods & Info | Taxne","description":"View Taxne's secure payment policy. We accept all major credit cards, PayPal, and more. Your transactions are encrypted and protected. Questions about refunds or payment methods? Find answers here.","robots":{"index":"index","follow":"follow","max-snippet":"max-snippet:-1","max-image-preview":"max-image-preview:large","max-video-preview":"max-video-preview:-1"},"canonical":"https:\/\/taxne.com\/vi\/chinh-sach-thanh-toan\/","og_locale":"vi_VN","og_type":"article","og_title":"Secure Payment Options & Policy | Accepted Methods & Info | Taxne","og_description":"View Taxne's secure payment policy. We accept all major credit cards, PayPal, and more. Your transactions are encrypted and protected. Questions about refunds or payment methods? Find answers here.","og_url":"https:\/\/taxne.com\/vi\/chinh-sach-thanh-toan\/","article_modified_time":"2025-09-10T09:07:15+00:00","twitter_card":"summary_large_image","twitter_misc":{"\u01af\u1edbc t\u00ednh th\u1eddi gian \u0111\u1ecdc":"2 ph\u00fat"},"schema":{"@context":"https:\/\/schema.org","@graph":[{"@type":"WebPage","@id":"https:\/\/taxne.com\/payment-policy\/","url":"https:\/\/taxne.com\/payment-policy\/","name":"Secure Payment Options & Policy | Accepted Methods & Info | Taxne","isPartOf":{"@id":"https:\/\/taxne.com\/#website"},"datePublished":"2024-07-15T03:51:33+00:00","dateModified":"2025-09-10T09:07:15+00:00","description":"View Taxne's secure payment policy. We accept all major credit cards, PayPal, and more. Your transactions are encrypted and protected. Questions about refunds or payment methods? Find answers here.","breadcrumb":{"@id":"https:\/\/taxne.com\/payment-policy\/#breadcrumb"},"inLanguage":"vi","potentialAction":[{"@type":"ReadAction","target":["https:\/\/taxne.com\/payment-policy\/"]}]},{"@type":"BreadcrumbList","@id":"https:\/\/taxne.com\/payment-policy\/#breadcrumb","itemListElement":[{"@type":"ListItem","position":1,"name":"\u9996\u9875","item":"https:\/\/taxne.com\/"},{"@type":"ListItem","position":2,"name":"Payment Policy"}]},{"@type":"WebSite","@id":"https:\/\/taxne.com\/#website","url":"https:\/\/taxne.com\/","name":"taxne.com","description":"","publisher":{"@id":"https:\/\/taxne.com\/#organization"},"potentialAction":[{"@type":"SearchAction","target":{"@type":"EntryPoint","urlTemplate":"https:\/\/taxne.com\/?s={search_term_string}"},"query-input":{"@type":"PropertyValueSpecification","valueRequired":true,"valueName":"search_term_string"}}],"inLanguage":"vi"},{"@type":"Organization","@id":"https:\/\/taxne.com\/#organization","name":"taxne.com","url":"https:\/\/taxne.com\/","logo":{"@type":"ImageObject","inLanguage":"vi","@id":"https:\/\/taxne.com\/#\/schema\/logo\/image\/","url":"https:\/\/taxne.com\/wp-content\/uploads\/2025\/09\/cropped-logo.png","contentUrl":"https:\/\/taxne.com\/wp-content\/uploads\/2025\/09\/cropped-logo.png","width":1027,"height":270,"caption":"taxne.com"},"image":{"@id":"https:\/\/taxne.com\/#\/schema\/logo\/image\/"}}]}},"uagb_featured_image_src":{"full":false,"thumbnail":false,"medium":false,"medium_large":false,"large":false,"1536x1536":false,"2048x2048":false,"trp-custom-language-flag":false,"woocommerce_thumbnail":false,"woocommerce_single":false,"woocommerce_gallery_thumbnail":false},"uagb_author_info":{"display_name":"tianke1223@gmail.com","author_link":"https:\/\/taxne.com\/vi\/author\/tianke1223gmail-com\/"},"uagb_comment_info":0,"uagb_excerpt":"PAYMENT METHOD We accept Visa, MasterCard and American Express cards. You can also choose to pay with PayPal. When selecting this option at checkout, you will be directed to the PayPal site to complete your purchase before returning to Taxne.com. If the card transaction is approved, the amount will be reserved immediately Taxne.com and you&hellip;","jetpack_sharing_enabled":true,"_links":{"self":[{"href":"https:\/\/taxne.com\/vi\/wp-json\/wp\/v2\/pages\/2123","targetHints":{"allow":["GET"]}}],"collection":[{"href":"https:\/\/taxne.com\/vi\/wp-json\/wp\/v2\/pages"}],"about":[{"href":"https:\/\/taxne.com\/vi\/wp-json\/wp\/v2\/types\/page"}],"author":[{"embeddable":true,"href":"https:\/\/taxne.com\/vi\/wp-json\/wp\/v2\/users\/1"}],"replies":[{"embeddable":true,"href":"https:\/\/taxne.com\/vi\/wp-json\/wp\/v2\/comments?post=2123"}],"version-history":[{"count":2,"href":"https:\/\/taxne.com\/vi\/wp-json\/wp\/v2\/pages\/2123\/revisions"}],"predecessor-version":[{"id":2125,"href":"https:\/\/taxne.com\/vi\/wp-json\/wp\/v2\/pages\/2123\/revisions\/2125"}],"wp:attachment":[{"href":"https:\/\/taxne.com\/vi\/wp-json\/wp\/v2\/media?parent=2123"}],"curies":[{"name":"wp","href":"https:\/\/api.w.org\/{rel}","templated":true}]}}